{"id":22426,"date":"2024-11-18T07:32:15","date_gmt":"2024-11-18T07:32:15","guid":{"rendered":"http:\/\/vevorshop.edigo.lv\/Prece\/vevor-pet-grooming-table-arm-with-clamp-808-x-460-mm-dog-grooming-station-foldable-pets-grooming-stand-for-medium-and-small-dogs-free-no-sit-haunch-holder-with-grooming-loop-bearing-99-8kg\/"},"modified":"2026-04-29T22:17:58","modified_gmt":"2026-04-29T19:17:58","slug":"vevor-pet-grooming-table-arm-with-clamp-808-x-460-mm-dog-grooming-station-foldable-pets-grooming-stand-for-medium-and-small-dogs-free-no-sit-haunch-holder-with-grooming-loop-bearing-99-8kg","status":"publish","type":"product","link":"https:\/\/vevorshop.lv\/et\/Prece\/vevor-lemmiklooma-hoolduslaua-kasi-klambriga-808-x-460-mm-koerte-hooldusjaam-kokkupandavad-lemmikloomade-hooldusalus-keskmistele-ja-vaikestele-koertele-tasuta-istumisvaba-hoidik-hooldusaasaga-mis-kan\/","title":{"rendered":"VEVOR Kokkupandav Lemmikloomade Hoolduslaud Reguleeritava K\u00e4ega, 808\u00d7460 mm, Keskmistele ja V\u00e4ikestele Koertele, 45,3 kg Koormus, Libisemiskindel Pind"},"content":{"rendered":"<div style=\"color: #fff!important; font-size: 16px; height: 24px; line-height: 24px; margin-top: -24px; \" class=\"product_original_name\">VEVOR Pet Grooming Laud Arm koos klambriga, 808 x 460 mm koerte hooldusjaam, kokkupandavad lemmikloomade hooldusalus keskmistele ja v\u00e4ikestele koertele, tasuta istumisvaba kummihoidja koos hooldusaasaga, kandev\u00f5imega 99,8 kg<\/div>\n<div style=\"color: #fff!important; font-size: 16px; height: 24px; line-height: 24px; margin-top: -24px; \" class=\"product_sku\">M4I4KPXG<\/div>\n<div style=\"color: #fff!important; font-size: 16px; height: 24px; line-height: 24px; margin-top: -24px; \" class=\"product_mpn\">ZDMRZ32INCH0M0K0IV0<\/div><div id=\"js-DM_at-goodDescRich\"><html><head><style>  body {    font-family: Arial;    line-height: 1.5;    color: #1c1c1c;    overflow-x: hidden;    margin: 0;    padding: 0;  }  .MsoNormal b {    font-weight: bolder;  }<\/style><style>  .container.small {    width: 970px;    margin: 0 auto;  }  .logo {    margin: 0 auto 0;  }  .logo img {    display: block;    margin: 0 auto;    max-width: 100%;  }  .logo .pc-banner {    display: block;    width: 1200px;    height: 247.4px;    margin: 0 auto;  }  .logo .pc-banner.small {    width: 970px;  }  .logo .pc-banner.small img {    height: auto!important;  }  .logo .m-banner {    display: none;  }  .ytvideo {    position: relative;    height: 546px;    width: 100%;    margin: 0 auto;  }  .ytvideo img {    width: 100%;    margin: 0 auto;  }  .ytvideo .play-btn {    width: 60px;    height: 42px;    position: absolute;    top: 50%;    left: 50%;    transform: translate(-50%, -50%);    background: url(\"data:image\/png;base64,iVBORw0KGgoAAAANSUhEUgAAAGQAAABGCAMAAAANWMFbAAAC+lBMVEUAAADBGB3kLCfBGB3kLCfcJC7BFx3KKSbiKybkLCbWJCPSIiLSIiLPICHAFx3kLCfgKSXNHiDZJiTIGx\/p4eHcjo7LHSDbJyTkLCbjKyfOHyHPIiL28fHJHB\/GGh7EGR7eKCXDGB3RISHlLSbBGB3AFxzGHB7DGB7BGB3hKybkKybAFx3lLCfAFxzDGR3hKibDGB7cJyTmz8\/elJTlwcHjurrUIyLlLSflLSfAFx3DGR7lLSfCFx3hKibhKibhKybjKybkLCblLSfbJSX49vbx7e3NNzjNMTLMJyjVIyLZf3\/ZQ0LaeHjx0tLgoqLkLCfCGB3HGx\/BGB3BFx3PICHCGB7WJCLOHyC\/Fxy\/Fx3lLCfQISHkLSe\/FxzbJiTBFx3FGx\/AGB7BFx3EGR7AGB3HHSDfKiXAFh3TISHYNzbhKibbJyTTIiL57e325+f039\/v2NjUV1fOHiHiqanfmprch4feKSXVIyPOICHmLibFGh\/mLSe\/Fx7XJCPeKSXXJSPNHyHaJyTGGh7lLCbmLCflLSjSIiLkLCbdKSXLHiC\/GB3KHh++Fh3lKyfoLiXcKCPkx8fYb2\/XaGfVXl3aU1LLHiDksbHgKibPICHbJyTfKSXbJyTCGB3KHSDiKybFGh7TIiL\/\/\/\/VIyPRISHIHB\/GGx\/HHB\/DGR7gKibdKCXLHiDZJiTMHiDNHyHYJSTOICHPICHWJCPcKCXXJSPjLCblLCf+\/f3NGR\/uLijzLynPGR\/IGB7WISHaIyLLGh7UAADxLynNAADRLzDbICLQAADIAAD3MCrUHSHXMTDpKSbLAADp5OTij4\/ejo\/VLy\/1LyngJSTcJCPQHx\/OHB7+\/PzaMS\/OLS\/vLijrLSjSAADaNTPwLyjkKSbNJCbYISHPHB\/KGB7WAAD7+vrn3d3aKynTKCjoLCfsKifRGh\/YAADq5+fhjo7QNDXXKCfmJyXt5+fTLzDLLi\/QKivYHRvMGBrQJCXLISPMExXLDxLaEAvkkI\/bOTfaFQ\/SCgpvLcnHAAAAmnRSTlMA+vv7+gT9Bvf9+8z8\/NSv\/Pr5+P7++vnQIBMP\/v38\/Pn348XDiCYf9OjbzcqxXVcx\/fz8+\/rj1r2poo1+fXFqX0orGP7+\/v7+\/fz8+\/r68uzn4trIxsG\/vri3p6GcmZSNbWVYUUZEPQv+\/f39+\/v7+\/v7+vr64tvV1NTTz87FtbSurqeblJKFg4B3bUY+NjL7+\/v7+\/v67t1cDo8JLQAABkRJREFUWMO0kz9rwkAYh0OIeJkum6YugUAhISCdKoj\/P4C7SMdS+gEKIhSKil10LSg4mzXkILdlEpxCpwTiWOLX6BujvQaEQuGeHLnL+\/64J+SIcKGYTYWnntpdLjrVdqvZmNdn0+EE40GtpuuWVS6Xx6N7YDSGpWXpeq02wHgynM7q80az1a52HpddtVcpsi1zFARBrdaxbhp9iUReTGmwA4KAAr7vx3EYejnCMI6hQYEgy0LQi4jUN0wL19vqFcUC9\/1dAKmEEFkWRYkh5oBejnxQJiSJPJ\/uKBp0Thszx9Mw8hMRIQjKsptCfuES9zr5WJY6vSFCIvE9fCMUmEM1A1kSXcYGxgVYsvI1IPKTZciSTI0us\/SMGG04gDzELDoFBwdcFJrF88dqgYMTiL6DILWYyfOWE8\/kIz38olCNlC03FK95+imxp6y4oUSvAnBjHHhKNtotSDqJzVFiK8c2SBqhZtsrTtgrLXwAyduxZHNE26eHUt5rtuM4WSmds3G+sUdWYo1L+XyxButoh5eKUHk5lByO3G1LqqCWVnfrv\/lyPtf\/4ps1cndNGIri8J1TJ0lx6dR\/oPjq1nbRwdp2dCk4CtIOLW3pVKRL6WZfS5vF2KkIQhpwSsjiYIgNCs1gEMGqiIq24NQX9NwoXFy8Ufrl3twTcg4fv8T9\/JBEySduj6Mjm4bMzYV7EEOxKjjoNDud7yY3Dy71Hq2oLmqfbNR723edH9PgMrNL2utoQ3VmaIDkiw\/4w51P06hlZsTZvkRrbVuSIs\/zwSOsycgzStQouoAkWQqioRT5XI7n2Z1wfVhoZmcAJLsoqjqpjbWCgpOAJXBwHK8PzWbNvoUZJND5wCnSkLAkZ1legx6vqQzjoiTahKlGUGLAiIIoABOHaNVw4sexZBym6\/HWlH5h3IC7yRbxtipcWxdTOkORKiNQAEkFf66x5S2oeRbroOlLgg0sSYkR0hRGEqJZ0jTPiQKatESdBckpWigxaapEH0lImHdWu9pUFF2XqMNM2Z4kped7IwEJw2qabwtrQqnpw6HyKkgcadKWsmpywwesDyIhYRpdzXddqegtGIJlXbAIUMOLkGxJUjRIkokwjUaX9d\/kK62ps\/tYUqZLIMkLTyBhsMZ3C5Z\/kDxOSCb\/DOs\/\/J0qcWSX\/2ipe56EgTCA4\/cB7NAYOsni4mZM1MUPAISoEwkDi4lhVBQ1cWQyIcwalw4EpqZN68JUSK7XC0kTlkLYii5uXSC8jT5ncCAS7mjCv0uHp\/3lueHEEAeQ\/\/VgmdN71\/2uCSA1Xr6DO6uI6sW56zqT2tp2PhgiRUAajV8CY2fkcz6WGNKMgLAt7tJAhD4YHMTeRxlALE6+43WqjSWi8ITxyJl8WrwWSNESQZZOqhDDntO3hJLsd5RtSpbJqdv3YrDJH3F7jL1R2O2aQkn2MyCyKYz0GPGIvSAMgBCrCEiJyKbBaYGwLW4uPRr0A0M4Ux5kUI7IBh+hMdiCEWNqhMZGyYMsOgNE58UQuEQeUnSWCMYwL54hkxK6IoqucQZbQ3pc3XtL0lky1dL0zZJJDpWJovFqpWj6JEHnyam2eQp5QRVAVHjWparTOaVwUOx99YS2MvgxIGV0bb+qIg2HX2qkFFJB+XZcbLiuRkuxD9GRroKyveLxdh4d7Orx+hb7qc3uVRuEogCOnyIxm4ubUoPgF4jianDrC+SDQDKEfJb0GUKmjCGPYHGJvVC6X4hw1\/sAfQAdfYyephIaspXe36RwOP+Ljvfx9B6B3i+Nk0DGq+oCbLn6JpBa9nWAveAIHwFAwtVcIJXPMPL8kRu5OAYPMaL1WScTxjiZDqB9LTJSWphow\/pTYKRTLjCBhvi9iBidvKcDasGSm0QQkycYuLBqj6QCELPctqChDWpTRMWkngNNpQ1Pfp1KkiT\/Y0DGffXAweUNfLAfaJFKDwhb6I+bkYRbkERoEeu3Fyjg2opMz2daZCS9jt6Q7txNfB+OZEVF6Zl5web2xunnLQrtrjXseXKaFYziYINeMFZVxS9VxRhOoesYwxPKXm+gWLG9cuFeq93UNNeJNsf1KlwuDok9n02n3TgIJpOxNfL9naIoQwXtfH9kjceTIIi709ncTg6LZbg+biLH1V6u\/7rxBem06VXKn9raAAAAAElFTkSuQmCC\")      no-repeat center center \/ contain;  }  @media screen and (max-width: 960px) and (orientation: portrait) {    .logo {      width: 100%;    }    .logo .pc-banner {      display: none;    }    .logo .m-banner {      display: block;      width: 100%;    }    .logo .m-banner img {      height: auto!important;    }    .ytvideo {      height: 200px;      width: 100%;    }  }<\/style><style>  .video-section {    width: 100%;    margin: 0 auto;  }  .video-section > img {    width: 100%;  }  .video-section iframe,  .video-section video {    width: 100%;    height: 100%;      }  .video-section-img-m,  .video-section-img-pc > img {    width: 100%;    height: auto;  }  .video-section-img-pc.small > img {    width: 970px;  }  .video-desc {    line-height: 1.5;    font-size: 20px;    font-weight: 400;    margin: 20px 0;    text-align: center;    color: #0f1111;    word-break: break-word;  }  @media screen and (max-width: 960px) and (orientation: portrait) {    .video-section {      width: 100%;    }    .video-section-pc,    .video-section-img-pc {      display: none;    }    .video-section-m,    .video-section-img-m {      display: block;    }    .video-desc {      font-size: 15px;    }  }  @media screen and (min-width: 960px) {    .video-section {      width: 100%;      margin: 0 auto;    }    .video-section-pc,    .video-section-img-pc {      display: block;    }    .video-section-m,    .video-section-img-m {      display: none;    }    .video-desc {      font-size: 20px;    }  }<\/style><style>  .section + .section {    margin-top: 35px;  }  .section-title {    text-align: center;    font-weight: bold;    color: #0d1111;    font-family: \"Arial\";    font-size: 32px;    margin: 15px 0;  }  .section-title:empty {    display: none;  }  .section-desc {    text-align: center;    font-weight: normal;    color: #0d1111;    margin-top: 20px;  }  .section-desc:empty {    display: none;  }  .section-img {    width: 1200px;    height: 492px;    margin: 0 auto;    display: block;  }  .section-img.small {    width: 970px;    height: auto;  }  .section-img.small > img {    height: auto;  }  .section-img > img {    width: 100%;    height: 100%;  }  .section-mobile-img {    display: none;    max-width: 100vw;    max-height: 75vw;    height: 450px;    margin: 0 auto;  }  .section-mobile-img > img {    width: 100%;    height: 100%;  }  @media screen and (max-width: 960px) and (orientation: portrait) {    .container {      width: 100%;    }    .container.small {      width: 100%;    }    .section-mobile-img {      display: block;    }    .section-img {      display: none;    }    .section-title {      font-size: 22px;      margin: 10px 0;    }    .section-desc {      margin-top: 10px;    }    .section + .section {      margin-top: 20px;    }  }<\/style><\/head><body><div class=\"container\"><div class=\"logo\"><div class=\"pc-banner\"><div><img decoding=\"async\" src=\"\/vevor\/vevor\/boutique-banner\/pc\/en-pc@1x.jpg\" style=\"width: 100%;\" \/><\/div><\/div><div class=\"m-banner\"><div><img decoding=\"async\" src=\"\/vevor\/vevor\/boutique-banner\/mobile\/en-m@1x.jpg\" style=\"width: 100%;\" \/><\/div><\/div><\/div><div class=\"section-title\">VEVOR Pet Hooldustooted Tabel - Kohtumine Erinevate Pet Hooldustooted Vajadustele<\/div><div class=\"video-section\"><div class=\"video-section-img-pc\"><img decoding=\"async\" src=\"\/vevor\/product\/ZDMRZ32INCH0M0K0I\/pet-grooming-table-a100-1.4.jpg\" alt=\"VEVOR pet hooldustooted tabel kaasaegne vannituba, kus on happy dog, k\u00f5rgus adjustability, ja 220lbs kandev\u00f5ime.\" \/><\/div><div class=\"video-section-img-m\"><img decoding=\"async\" src=\"\/vevor\/product\/ZDMRZ32INCH0M0K0I\/pet-grooming-table-a100-1.4-m.jpg\" alt=\"VEVOR pet hooldustooted tabel kaasaegne vannituba, kus on happy dog, k\u00f5rgus adjustability, ja 220lbs kandev\u00f5ime.\" \/><\/div><div class=\"section-desc\">Meisterdatud t\u00e4ielikult roostevabast terasest, mis tagab k\u00f5rgendatud vastupidavuse ja tugevuse. Lauaplaadi peale on kaetud veekindel, ei libise, soojuse-vastupidavad kiht, stabiilse platvormi pet hooldustooted ja hooldus. Ideaalne keskmise suurusega lemmikloomad.<\/div><\/div><div class=\"section\"><div class=\"section-title\"><\/div><div class=\"section-img\"><img decoding=\"async\" src=\"\/vevor\/product\/ZDMRZ32INCH0M0K0I\/pet-grooming-table-a100-2.2.jpg\" alt=\"klamber reguleeritav ilu k\u00e4e kohta VEVOR pet hooldustooted tabel kaasaegse tuba koos koeraga roheline padi.\" \/><\/div><div class=\"section-mobile-img\"><img decoding=\"async\" src=\"\/vevor\/product\/ZDMRZ32INCH0M0K0I\/pet-grooming-table-a100-2.2-m.jpg\" alt=\"klamber reguleeritav ilu k\u00e4e kohta VEVOR pet hooldustooted tabel kaasaegse tuba koos koeraga roheline padi.\" \/><\/div><div class=\"section-desc\">See pet hooldustooted tabel on valmistatud t\u00e4ielikult roostevabast terasest, mis tagab stabiilsuse ja j\u00f5uline kaal-kandev\u00f5ime. Lisaks, alumiinium raam parandab tabel tugevus, ning tugevdatud metallist plaat j\u00e4\u00e4b deformatsioon-tasuta ja turvaliselt kinnitatud.<\/div><\/div><div class=\"section\"><div class=\"section-title\"><\/div><div class=\"section-img\"><img decoding=\"async\" src=\"\/vevor\/product\/ZDMRZ32INCH0M0K0I\/pet-grooming-table-a100-2.3.jpg\" alt=\"VEVOR pet hooldustooted tabel funktsioonid reguleeritav rihm, t\u00f5stis jalad, libisemiskindlad jalad, ja anti-painutamine sulg.\" \/><\/div><div class=\"section-mobile-img\"><img decoding=\"async\" src=\"\/vevor\/product\/ZDMRZ32INCH0M0K0I\/pet-grooming-table-a100-2.3-m.jpg\" alt=\"VEVOR pet hooldustooted tabel funktsioonid reguleeritav rihm, t\u00f5stis jalad, libisemiskindlad jalad, ja anti-painutamine sulg.\" \/><\/div><div class=\"section-desc\">Lemmiklooma hooldustooted tabel funktsioone klamber-reguleeritav hooldustooted arm disain, mis v\u00f5imaldab \u00fcldist k\u00f5rguse ja v\u00e4hendada vajadust painutamine. Reguleeritav H-kujuline arm veelgi parandab stabiilsust.<\/div><\/div><div class=\"section\"><div class=\"section-title\"><\/div><div class=\"section-img\"><img decoding=\"async\" src=\"\/vevor\/product\/ZDMRZ32INCH0M0K0I\/pet-grooming-table-a100-2.4.jpg\" alt=\"lihtne ja kiire paigaldus sammud VEVOR pet hooldustooted tabel, laieneb, et l\u00f5plik h\u00e4\u00e4lestus.\" \/><\/div><div class=\"section-mobile-img\"><img decoding=\"async\" src=\"\/vevor\/product\/ZDMRZ32INCH0M0K0I\/pet-grooming-table-a100-2.4-m.jpg\" alt=\"lihtne ja kiire paigaldus sammud VEVOR pet hooldustooted tabel, laieneb, et l\u00f5plik h\u00e4\u00e4lestus.\" \/><\/div><div class=\"section-desc\">Meie pet hooldustooted tabel boasts mitmeid l\u00e4bim\u00f5eldud disaini \u00fcksikasjad, sealhulgas kokkupandav anti-kurv tugiraam, mis j\u00e4\u00e4b vastupidav, dual koer rihma otsas disain turvaline pet vaoshoitust ja mitte-libisemine, kuumuskindlast kummist suu padjad, et v\u00e4ltida libisemist, tagades mugava ja ohutu kogemusi oma lemmiklooma.<\/div><\/div><div class=\"section\"><div class=\"section-title\"><\/div><div class=\"section-img\"><img decoding=\"async\" src=\"\/vevor\/product\/ZDMRZ32INCH0M0K0I\/pet-grooming-table-a100-2.5.jpg\" alt=\"VEVOR pet hooldustooted tabel vann, sisekujundus, kuiv, grooming; ideaalne kasutamiseks kodus ja professionaalne lemmiklooma kauplustes.\" \/><\/div><div class=\"section-mobile-img\"><img decoding=\"async\" src=\"\/vevor\/product\/ZDMRZ32INCH0M0K0I\/pet-grooming-table-a100-2.5-m.jpg\" alt=\"VEVOR pet hooldustooted tabel vann, sisekujundus, kuiv, grooming; ideaalne kasutamiseks kodus ja professionaalne lemmiklooma kauplustes.\" \/><\/div><div class=\"section-desc\">Paigaldamine on lihtne ja kiire, ei ole vaja erialased teadmised. Isegi mitte-professionaalne lemmikloomade groomers v\u00f5i algajad saavad h\u00f5lpsasti paigalduse iseseisvalt, ilma vaja t\u00f6\u00f6riistu.<\/div><\/div><div class=\"section\"><div class=\"section-img\"><img decoding=\"async\" src=\"\/vevor\/product\/ZDMRZ32INCH0M0K0I\/pet-grooming-table-a100-1.11.jpg\" alt=\"VEVOR pet hooldustooted tabel, 31.8&#034;x18.1&#034;, must, q235a terasest, 220 lbs v\u00f5imsus, koos siduvad k\u00f6ied.\" \/><\/div><div class=\"section-mobile-img\"><img decoding=\"async\" src=\"\/vevor\/product\/ZDMRZ32INCH0M0K0I\/pet-grooming-table-a100-1.11-m.jpg\" alt=\"VEVOR pet hooldustooted tabel, 31.8&#034;x18.1&#034;, must, q235a terasest, 220 lbs v\u00f5imsus, koos siduvad k\u00f6ied.\" \/><\/div><\/div><\/div><\/body><\/html><\/div>\n<div class=\"DM_at-title\" id=\"js-DM_at-title\"> <div>Toote spetsifikatsioon<\/div> <i class=\"icon-arrowup_line\"><\/i> <\/div><div class=\"DM_at-goodsDescAttr\" id=\"js-DM_at-goodsDescAttr\"> <div class=\"DM_at-goodsDescAttrInner\"> <dl class=\"goodsDesc_item goodsDesc_item_even\"> <dt>Mudel<\/dt> <dd> GT-202<\/dd> <\/dl> <dl class=\"goodsDesc_item\"> <dt>T\u00f6\u00f6laua Suurus<\/dt> <dd> 31.8&#034;x18.1&#034; \/ 807.7 x 459.7 mm<\/dd> <\/dl> <dl class=\"goodsDesc_item goodsDesc_item_even\"> <dt>T\u00f6\u00f6laua K\u00f5rgus<\/dt> <dd> 30&#034; \/ 762 mm<\/dd> <\/dl> <dl class=\"goodsDesc_item\"> <dt>Staatiline Kandev\u00f5ime<\/dt> <dd> 220 lbs \/ 99.8 kg<\/dd> <\/dl> <dl class=\"goodsDesc_item goodsDesc_item_even\"> <dt>Arm K\u00f5rgus<\/dt> <dd> 29.9&#034; \/ 759.5 mm<\/dd> <\/dl> <dl class=\"goodsDesc_item\"> <dt>Desktop V\u00e4rv<\/dt> <dd> Must<\/dd> <\/dl> <dl class=\"goodsDesc_item goodsDesc_item_even\"> <dt>Esmane Materjal<\/dt> <dd> Q235A Teras<\/dd> <\/dl> <dl class=\"goodsDesc_item\"> <dt>Toote Kaal<\/dt> <dd> 22.05 lbs \/ 10 kg<\/dd> <\/dl> <dl class=\"goodsDesc_item goodsDesc_item_even\"> <dt>Toote M\u00f5\u00f5tmed<\/dt> <dd> 34.45x18.0x60.35 tolli \/ 875x472x1533 mm<\/dd> <\/dl> <\/div> <\/div>","protected":false},"excerpt":{"rendered":"<ul>\n<li> Tugev ja suur kaaluv\u00f5ime: sellel lemmikloomade hoolduslaual on staatiline kaaluv\u00f5ime 330 naela, mis on ehitatud t\u00e4ielikult roostevabast terasest erakordse stabiilsuse ja vastupidavuse tagamiseks. Alumiiniumisulamist \u00e4\u00e4rised suurendavad laua tugevust, samas kui tugevdatud metallist kandik j\u00e4\u00e4b deformatsioonivabaks ja turvaliseks. <\/li>\n<li> U-Reguleeritav Design: Featuring roostevabast terasest klambrid, et kindlalt tagada tabel, mis takistab wobbling ja v\u00f5imaliku purunemise. Reguleeritav H-kujuline k\u00e4ed t\u00f5sta stabiilsust ja saab kergesti kohandada, et k\u00f5ige mugavam nurk, kasutades nupud, v\u00e4hendades survet teie seljale. <\/li>\n<li> Mugav ja L\u00e4bim\u00f5eldud Detailid: anti-kurv tugiraam on kokkupandav ja vastupidav. Dual koer jalutusrihmad tagada, et teie eraelu puutumatust soodustavate tehnoloogiate viibimise kindlalt kinnitatud. Kui 31.5&#034; k\u00f5rgendatud jalad v\u00e4hendada painutamine, ja ei libise, kuumuskindlast kummist suu padjad tagada stabiilsus isegi siledad p\u00f5randad. <\/li>\n<li> Lihtne Paigaldus: See pet hooldustooted tabel on uskumatult lihtne paigaldada, vaid neli lihtsat sammu: Samm 1 \u2013 paljastama hooldustooted tabel ja see koht tasandil; 2. Samm \u2013 u-kaks rauast inventar kindlalt peale tabeli; 3. Etapp \u2013 kinnitage H-kujuline topelt relva; 4. Samm \u2013 l\u00f5puks, paigaldada ladustamise riiul. <\/li>\n<li> Mitmek\u00fclgne Rakendus: \u00fcldiselt m\u00f5\u00f5tmed 34.45&#034;x18.0&#034;x60.35&#034;, ja laua m\u00f5\u00f5te 31.8\u00d718.1 tolli, see pet hooldustooted tabel omadused veekindel, ei libise, heat-resistant coating, mist\u00f5ttu on ideaalne stabiilne pet hooldustooted ja hooldus. See on ideaalne keskmise ja v\u00e4ikese suurusega lemmikloomad ja sobib nii kodu-kui ka professionaalne lemmikloomade peibutamise poed, toitlustus erinevaid lemmiklooma hooldustooted vajadustele. <\/li>\n<\/ul>","protected":false},"featured_media":277286,"comment_status":"closed","ping_status":"open","template":"","meta":{"om_disable_all_campaigns":false,"_uf_show_specific_survey":0,"_uf_disable_surveys":false},"location":[1935,1934],"product_brand":[21],"product_cat":[2365,3520,3624,2366],"product_tag":[],"class_list":{"0":"post-22426","1":"product","2":"type-product","3":"status-publish","4":"has-post-thumbnail","6":"location-supplier_stock_location","7":"location-local_stock_location","8":"product_brand-vevor","9":"product_cat-outdoors","10":"product_cat-pet-grooming-supplies","11":"product_cat-pet-grooming-table","12":"product_cat-pet-supplies-wildlife","14":"first","15":"instock","16":"taxable","17":"shipping-taxable","18":"purchasable","19":"product-type-simple"},"aioseo_notices":[],"locations":[{"id":1935,"name":"Pieg\u0101d\u0101t\u0101ja noliktav\u0101 (5-7dd)","slug":"supplier_stock_location","quantity":"2"},{"id":1934,"name":"R\u012bgas veikal\u0101 (0-2d.d.)","slug":"local_stock_location","quantity":"0"}],"_links":{"self":[{"href":"https:\/\/vevorshop.lv\/et\/wp-json\/wp\/v2\/product\/22426","targetHints":{"allow":["GET"]}}],"collection":[{"href":"https:\/\/vevorshop.lv\/et\/wp-json\/wp\/v2\/product"}],"about":[{"href":"https:\/\/vevorshop.lv\/et\/wp-json\/wp\/v2\/types\/product"}],"replies":[{"embeddable":true,"href":"https:\/\/vevorshop.lv\/et\/wp-json\/wp\/v2\/comments?post=22426"}],"wp:featuredmedia":[{"embeddable":true,"href":"https:\/\/vevorshop.lv\/et\/wp-json\/wp\/v2\/media\/277286"}],"wp:attachment":[{"href":"https:\/\/vevorshop.lv\/et\/wp-json\/wp\/v2\/media?parent=22426"}],"wp:term":[{"taxonomy":"location","embeddable":true,"href":"https:\/\/vevorshop.lv\/et\/wp-json\/wp\/v2\/location?post=22426"},{"taxonomy":"product_brand","embeddable":true,"href":"https:\/\/vevorshop.lv\/et\/wp-json\/wp\/v2\/product_brand?post=22426"},{"taxonomy":"product_cat","embeddable":true,"href":"https:\/\/vevorshop.lv\/et\/wp-json\/wp\/v2\/product_cat?post=22426"},{"taxonomy":"product_tag","embeddable":true,"href":"https:\/\/vevorshop.lv\/et\/wp-json\/wp\/v2\/product_tag?post=22426"}],"curies":[{"name":"wp","href":"https:\/\/api.w.org\/{rel}","templated":true}]}}