{"id":227379,"date":"2026-01-07T00:42:55","date_gmt":"2026-01-06T22:42:55","guid":{"rendered":"https:\/\/vevorshop.lv\/en_us\/Prece\/vevor-freestanding-baseball-softball-batting-cage-12200x3700x3050mm-4-ply-polyester-net-portable-indoor-outdoor-training-cage\/"},"modified":"2026-05-04T19:56:20","modified_gmt":"2026-05-04T16:56:20","slug":"vevor-freestanding-baseball-softball-batting-cage-12200x3700x3050mm-4-ply-polyester-net-portable-indoor-outdoor-training-cage","status":"publish","type":"product","link":"https:\/\/vevorshop.lv\/et\/Prece\/vevor-eraldiseisev-pesapalli-softballi-loogipuur-12200x3700x3050-mm-4-kihiline-poluestervork-kaasaskantav-siseruumides-valistingimustes-treenitav-puur\/","title":{"rendered":"VEVOR vabaltseisev pesapalli ja pehmepalli treeningupuur 12200x3700x3050mm, 4-kihiline pol\u00fcesterv\u00f5rk, kaasaskantav sise- ja v\u00e4listingimustesse"},"content":{"rendered":"<div style=\"color: #fff!important; font-size: 16px; height: 24px; line-height: 24px; margin-top: -24px; \" class=\"product_original_name\">VEVOR pesapalli l\u00f6\u00f6gipuur, 12200 x 3700 x 3050 mm eraldiseisev kaasaskantav l\u00f6\u00f6gipuur, 4-kihilise s\u00f5lmedeta pol\u00fcestri ja pigistusmasina avamisega l\u00f6\u00f6gipuurid, l\u00f6\u00f6gipuurid siseruumides v\u00e4ljas<\/div>\n<div style=\"color: #fff!important; font-size: 16px; height: 24px; line-height: 24px; margin-top: -24px; \" class=\"product_sku\">MK2M4K82<\/div>\n<div style=\"color: #fff!important; font-size: 16px; height: 24px; line-height: 24px; margin-top: -24px; \" class=\"product_mpn\">BYBLXWKWBX404ORVC001V0<\/div><div id=\"js-DM_at-goodDescRich\"><html><head><style>  body {    font-family: Arial;    line-height: 1.5;    color: #1c1c1c;    overflow-x: hidden;    margin: 0;    padding: 0;  }  .MsoNormal b {    font-weight: bolder;  }<\/style><style>  .container.small {    width: 970px;    margin: 0 auto;  }  .logo {    margin: 0 auto 0;  }  .logo img {    display: block;    margin: 0 auto;    max-width: 100%;  }  .logo .pc-banner {    display: block;    width: 1200px;    height: 247.4px;    margin: 0 auto;  }  .logo .pc-banner.small {    width: 970px;  }  .logo .pc-banner.small img {    height: auto!important;  }  .logo .m-banner {    display: none;  }  .ytvideo {    position: relative;    height: 546px;    width: 100%;    margin: 0 auto;  }  .ytvideo img {    width: 100%;    margin: 0 auto;  }  .ytvideo .play-btn {    width: 60px;    height: 42px;    position: absolute;    top: 50%;    left: 50%;    transform: translate(-50%, -50%);    background: url(\"data:image\/png;base64,iVBORw0KGgoAAAANSUhEUgAAAGQAAABGCAMAAAANWMFbAAAC+lBMVEUAAADBGB3kLCfBGB3kLCfcJC7BFx3KKSbiKybkLCbWJCPSIiLSIiLPICHAFx3kLCfgKSXNHiDZJiTIGx\/p4eHcjo7LHSDbJyTkLCbjKyfOHyHPIiL28fHJHB\/GGh7EGR7eKCXDGB3RISHlLSbBGB3AFxzGHB7DGB7BGB3hKybkKybAFx3lLCfAFxzDGR3hKibDGB7cJyTmz8\/elJTlwcHjurrUIyLlLSflLSfAFx3DGR7lLSfCFx3hKibhKibhKybjKybkLCblLSfbJSX49vbx7e3NNzjNMTLMJyjVIyLZf3\/ZQ0LaeHjx0tLgoqLkLCfCGB3HGx\/BGB3BFx3PICHCGB7WJCLOHyC\/Fxy\/Fx3lLCfQISHkLSe\/FxzbJiTBFx3FGx\/AGB7BFx3EGR7AGB3HHSDfKiXAFh3TISHYNzbhKibbJyTTIiL57e325+f039\/v2NjUV1fOHiHiqanfmprch4feKSXVIyPOICHmLibFGh\/mLSe\/Fx7XJCPeKSXXJSPNHyHaJyTGGh7lLCbmLCflLSjSIiLkLCbdKSXLHiC\/GB3KHh++Fh3lKyfoLiXcKCPkx8fYb2\/XaGfVXl3aU1LLHiDksbHgKibPICHbJyTfKSXbJyTCGB3KHSDiKybFGh7TIiL\/\/\/\/VIyPRISHIHB\/GGx\/HHB\/DGR7gKibdKCXLHiDZJiTMHiDNHyHYJSTOICHPICHWJCPcKCXXJSPjLCblLCf+\/f3NGR\/uLijzLynPGR\/IGB7WISHaIyLLGh7UAADxLynNAADRLzDbICLQAADIAAD3MCrUHSHXMTDpKSbLAADp5OTij4\/ejo\/VLy\/1LyngJSTcJCPQHx\/OHB7+\/PzaMS\/OLS\/vLijrLSjSAADaNTPwLyjkKSbNJCbYISHPHB\/KGB7WAAD7+vrn3d3aKynTKCjoLCfsKifRGh\/YAADq5+fhjo7QNDXXKCfmJyXt5+fTLzDLLi\/QKivYHRvMGBrQJCXLISPMExXLDxLaEAvkkI\/bOTfaFQ\/SCgpvLcnHAAAAmnRSTlMA+vv7+gT9Bvf9+8z8\/NSv\/Pr5+P7++vnQIBMP\/v38\/Pn348XDiCYf9OjbzcqxXVcx\/fz8+\/rj1r2poo1+fXFqX0orGP7+\/v7+\/fz8+\/r68uzn4trIxsG\/vri3p6GcmZSNbWVYUUZEPQv+\/f39+\/v7+\/v7+vr64tvV1NTTz87FtbSurqeblJKFg4B3bUY+NjL7+\/v7+\/v67t1cDo8JLQAABkRJREFUWMO0kz9rwkAYh0OIeJkum6YugUAhISCdKoj\/P4C7SMdS+gEKIhSKil10LSg4mzXkILdlEpxCpwTiWOLX6BujvQaEQuGeHLnL+\/64J+SIcKGYTYWnntpdLjrVdqvZmNdn0+EE40GtpuuWVS6Xx6N7YDSGpWXpeq02wHgynM7q80az1a52HpddtVcpsi1zFARBrdaxbhp9iUReTGmwA4KAAr7vx3EYejnCMI6hQYEgy0LQi4jUN0wL19vqFcUC9\/1dAKmEEFkWRYkh5oBejnxQJiSJPJ\/uKBp0Thszx9Mw8hMRIQjKsptCfuES9zr5WJY6vSFCIvE9fCMUmEM1A1kSXcYGxgVYsvI1IPKTZciSTI0us\/SMGG04gDzELDoFBwdcFJrF88dqgYMTiL6DILWYyfOWE8\/kIz38olCNlC03FK95+imxp6y4oUSvAnBjHHhKNtotSDqJzVFiK8c2SBqhZtsrTtgrLXwAyduxZHNE26eHUt5rtuM4WSmds3G+sUdWYo1L+XyxButoh5eKUHk5lByO3G1LqqCWVnfrv\/lyPtf\/4ps1cndNGIri8J1TJ0lx6dR\/oPjq1nbRwdp2dCk4CtIOLW3pVKRL6WZfS5vF2KkIQhpwSsjiYIgNCs1gEMGqiIq24NQX9NwoXFy8Ufrl3twTcg4fv8T9\/JBEySduj6Mjm4bMzYV7EEOxKjjoNDud7yY3Dy71Hq2oLmqfbNR723edH9PgMrNL2utoQ3VmaIDkiw\/4w51P06hlZsTZvkRrbVuSIs\/zwSOsycgzStQouoAkWQqioRT5XI7n2Z1wfVhoZmcAJLsoqjqpjbWCgpOAJXBwHK8PzWbNvoUZJND5wCnSkLAkZ1legx6vqQzjoiTahKlGUGLAiIIoABOHaNVw4sexZBym6\/HWlH5h3IC7yRbxtipcWxdTOkORKiNQAEkFf66x5S2oeRbroOlLgg0sSYkR0hRGEqJZ0jTPiQKatESdBckpWigxaapEH0lImHdWu9pUFF2XqMNM2Z4kped7IwEJw2qabwtrQqnpw6HyKkgcadKWsmpywwesDyIhYRpdzXddqegtGIJlXbAIUMOLkGxJUjRIkokwjUaX9d\/kK62ps\/tYUqZLIMkLTyBhsMZ3C5Z\/kDxOSCb\/DOs\/\/J0qcWSX\/2ipe56EgTCA4\/cB7NAYOsni4mZM1MUPAISoEwkDi4lhVBQ1cWQyIcwalw4EpqZN68JUSK7XC0kTlkLYii5uXSC8jT5ncCAS7mjCv0uHp\/3lueHEEAeQ\/\/VgmdN71\/2uCSA1Xr6DO6uI6sW56zqT2tp2PhgiRUAajV8CY2fkcz6WGNKMgLAt7tJAhD4YHMTeRxlALE6+43WqjSWi8ITxyJl8WrwWSNESQZZOqhDDntO3hJLsd5RtSpbJqdv3YrDJH3F7jL1R2O2aQkn2MyCyKYz0GPGIvSAMgBCrCEiJyKbBaYGwLW4uPRr0A0M4Ux5kUI7IBh+hMdiCEWNqhMZGyYMsOgNE58UQuEQeUnSWCMYwL54hkxK6IoqucQZbQ3pc3XtL0lky1dL0zZJJDpWJovFqpWj6JEHnyam2eQp5QRVAVHjWparTOaVwUOx99YS2MvgxIGV0bb+qIg2HX2qkFFJB+XZcbLiuRkuxD9GRroKyveLxdh4d7Orx+hb7qc3uVRuEogCOnyIxm4ubUoPgF4jianDrC+SDQDKEfJb0GUKmjCGPYHGJvVC6X4hw1\/sAfQAdfYyephIaspXe36RwOP+Ljvfx9B6B3i+Nk0DGq+oCbLn6JpBa9nWAveAIHwFAwtVcIJXPMPL8kRu5OAYPMaL1WScTxjiZDqB9LTJSWphow\/pTYKRTLjCBhvi9iBidvKcDasGSm0QQkycYuLBqj6QCELPctqChDWpTRMWkngNNpQ1Pfp1KkiT\/Y0DGffXAweUNfLAfaJFKDwhb6I+bkYRbkERoEeu3Fyjg2opMz2daZCS9jt6Q7txNfB+OZEVF6Zl5web2xunnLQrtrjXseXKaFYziYINeMFZVxS9VxRhOoesYwxPKXm+gWLG9cuFeq93UNNeJNsf1KlwuDok9n02n3TgIJpOxNfL9naIoQwXtfH9kjceTIIi709ncTg6LZbg+biLH1V6u\/7rxBem06VXKn9raAAAAAElFTkSuQmCC\")      no-repeat center center \/ contain;  }  @media screen and (max-width: 960px) and (orientation: portrait) {    .logo {      width: 100%;    }    .logo .pc-banner {      display: none;    }    .logo .m-banner {      display: block;      width: 100%;    }    .logo .m-banner img {      height: auto!important;    }    .ytvideo {      height: 200px;      width: 100%;    }  }<\/style><style>  .video-section {    width: 100%;    margin: 0 auto;  }  .video-section > img {    width: 100%;  }  .video-section iframe,  .video-section video {    width: 100%;    height: 100%;      }  .video-section-img-m,  .video-section-img-pc > img {    width: 100%;    height: auto;  }  .video-section-img-pc.small > img {    width: 970px;  }  .video-desc {    line-height: 1.5;    font-size: 20px;    font-weight: 400;    margin: 20px 0;    text-align: center;    color: #0f1111;    word-break: break-word;  }  @media screen and (max-width: 960px) and (orientation: portrait) {    .video-section {      width: 100%;    }    .video-section-pc,    .video-section-img-pc {      display: none;    }    .video-section-m,    .video-section-img-m {      display: block;    }    .video-desc {      font-size: 15px;    }  }  @media screen and (min-width: 960px) {    .video-section {      width: 100%;      margin: 0 auto;    }    .video-section-pc,    .video-section-img-pc {      display: block;    }    .video-section-m,    .video-section-img-m {      display: none;    }    .video-desc {      font-size: 20px;    }  }<\/style><style>  .section + .section {    margin-top: 35px;  }  .section-title {    text-align: center;    font-weight: bold;    color: #0d1111;    font-family: \"Arial\";    font-size: 32px;    margin: 15px 0;  }  .section-title:empty {    display: none;  }  .section-desc {    text-align: center;    font-weight: normal;    color: #0d1111;    margin-top: 20px;  }  .section-desc:empty {    display: none;  }  .section-img {    width: 1200px;    height: 492px;    margin: 0 auto;    display: block;  }  .section-img.small {    width: 970px;    height: auto;  }  .section-img.small > img {    height: auto;  }  .section-img > img {    width: 100%;    height: 100%;  }  .section-mobile-img {    display: none;    max-width: 100vw;    max-height: 75vw;    height: 450px;    margin: 0 auto;  }  .section-mobile-img > img {    width: 100%;    height: 100%;  }  @media screen and (max-width: 960px) and (orientation: portrait) {    .container {      width: 100%;    }    .container.small {      width: 100%;    }    .section-mobile-img {      display: block;    }    .section-img {      display: none;    }    .section-title {      font-size: 22px;      margin: 10px 0;    }    .section-desc {      margin-top: 10px;    }    .section + .section {      margin-top: 20px;    }  }<\/style><\/head><body><div class=\"container\"><div class=\"logo\"><div class=\"pc-banner\"><div><img decoding=\"async\" src=\"\/vevor\/vevor\/boutique-banner\/pc\/en-pc@1x.jpg\" style=\"width: 100%;\" \/><\/div><\/div><div class=\"m-banner\"><div><img decoding=\"async\" src=\"\/vevor\/vevor\/boutique-banner\/mobile\/en-m@1x.jpg\" style=\"width: 100%;\" \/><\/div><\/div><\/div><div class=\"section-title\">Pesapalli l\u00f6\u00f6mispuur stup Up Your Swing Anytime, Anywhere!<\/div><div class=\"video-section\"><div class=\"video-section-img-pc\"><img decoding=\"async\" src=\"\/vevor\/product\/BYBLXWKWBX404ORVC001\/baseball-batting-cage-a100-1.4.jpg\" \/><\/div><div class=\"video-section-img-m\"><img decoding=\"async\" src=\"\/vevor\/product\/BYBLXWKWBX404ORVC001\/baseball-batting-cage-a100-1.4-m.jpg\" \/><\/div><div class=\"section-desc\">Olenemata sellest, kas see on algaja v\u00f5i kogenud, t\u00e4iustab see kvaliteetne pesapalli l\u00f6\u00f6gipuur kiigetehnikat, reflekse ja keskendumist. Igap\u00e4evaseks intensiivseks kasutamiseks loodud see toob teie tagahoovi, kooli v\u00f5i sisej\u00f5usaali tasemel treeninguid. Vastupidav ja rebenemiskindel, p\u00fcsib see stabiilsena kiirete v\u00e4ljakute ja v\u00f5imsate tabamuste all.<\/div><\/div><div class=\"section\"><div class=\"section-title\"><\/div><div class=\"section-img\"><img decoding=\"async\" src=\"\/vevor\/product\/BYBLXWKWBX404ORVC001\/baseball-batting-cage-a100-2.2.jpg\" \/><\/div><div class=\"section-mobile-img\"><img decoding=\"async\" src=\"\/vevor\/product\/BYBLXWKWBX404ORVC001\/baseball-batting-cage-a100-2.2-m.jpg\" \/><\/div><div class=\"section-desc\">Meie eraldiseisev kaasaskantav l\u00f6\u00f6gipuur, mis on loodud sobima m\u00e4ngijate treeningrutiinidega, sobib igas vanuses sportlastele. See aitab parandada kiige t\u00e4psust ja l\u00f6\u00f6gij\u00f5udu, h\u00f5lbustades m\u00e4rkimisv\u00e4\u00e4rseid edusamme viske- v\u00f5i l\u00f6\u00f6gioskustes, pakkudes samal ajal j\u00e4rjepidevaid treeninguid.<\/div><\/div><div class=\"section\"><div class=\"section-title\"><\/div><div class=\"section-img\"><img decoding=\"async\" src=\"\/vevor\/product\/BYBLXWKWBX404ORVC001\/baseball-batting-cage-a100-2.3.jpg\" \/><\/div><div class=\"section-mobile-img\"><img decoding=\"async\" src=\"\/vevor\/product\/BYBLXWKWBX404ORVC001\/baseball-batting-cage-a100-2.3-m.jpg\" \/><\/div><div class=\"section-desc\">See kaasaskantav l\u00f6\u00f6gipuur on valmistatud esmaklassiliste klaaskiust postidega, mis on tugevuse tagamiseks kuumk\u00f5vendatud. Tugevdatud \u00fchendused hoiavad vardad puutumatuna, minimeerides tuulistes tingimustes v\u00f5i intensiivsel kasutamisel kokkuvarisemise ohtu. Selle vastupidav struktuur tagab stabiilse ja katkematu treeningu k\u00f5igile m\u00e4ngijatele.<\/div><\/div><div class=\"section\"><div class=\"section-title\"><\/div><div class=\"section-img\"><img decoding=\"async\" src=\"\/vevor\/product\/BYBLXWKWBX404ORVC001\/baseball-batting-cage-a100-2.4.jpg\" \/><\/div><div class=\"section-mobile-img\"><img decoding=\"async\" src=\"\/vevor\/product\/BYBLXWKWBX404ORVC001\/baseball-batting-cage-a100-2.4-m.jpg\" \/><\/div><div class=\"section-desc\">See softballi l\u00f6\u00f6gipuur, mis on loodud kiireks harjutamiseks, k\u00e4sitleb v\u00e4ljakuid kuni 90 miili tunnis viskemasinast. See on varustatud mitme maapealse panusega, mis tagavad t\u00e4iendava stabiilsuse, tagab usaldusv\u00e4\u00e4rse struktuuri korduvate kiikude ja kiirete treeningute jaoks.<\/div><\/div><div class=\"section\"><div class=\"section-title\"><\/div><div class=\"section-img\"><img decoding=\"async\" src=\"\/vevor\/product\/BYBLXWKWBX404ORVC001\/baseball-batting-cage-a100-2.5.jpg\" \/><\/div><div class=\"section-mobile-img\"><img decoding=\"async\" src=\"\/vevor\/product\/BYBLXWKWBX404ORVC001\/baseball-batting-cage-a100-2.5-m.jpg\" \/><\/div><div class=\"section-desc\">Lihtsa struktuuri ja selgete juhistega on seda pesapalli l\u00f6\u00f6gipuuri v\u00f5rku lihtne kokku panna. K\u00f5ik vajalikud tarvikud on kaasas, v\u00f5imaldades kasutajatel selle m\u00f5ne minutiga seadistada. Kaasasolev hoiukott muudab selle kaasaskantavaks sise- v\u00f5i v\u00e4liv\u00e4ljakutele, tagades harjutamise igal ajal.<\/div><\/div><div class=\"section\"><div class=\"section-img\"><img decoding=\"async\" src=\"\/vevor\/product\/BYBLXWKWBX404ORVC001\/baseball-batting-cage-a100-1.11.jpg\" \/><\/div><div class=\"section-mobile-img\"><img decoding=\"async\" src=\"\/vevor\/product\/BYBLXWKWBX404ORVC001\/baseball-batting-cage-a100-1.11-m.jpg\" \/><\/div><\/div><\/div><\/body><\/html><\/div>\n<div class=\"DM_at-title\" id=\"js-DM_at-title\"> <div>Toote spetsifikatsioon<\/div> <i class=\"icon-arrowup_line\"><\/i> <\/div><div class=\"DM_at-goodsDescAttr\" id=\"js-DM_at-goodsDescAttr\"> <div class=\"DM_at-goodsDescAttrInner\"> <dl class=\"goodsDesc_item goodsDesc_item_even\"> <dt>Punkt Mudeli Number<\/dt> <dd> BL40121004S<\/dd> <\/dl> <dl class=\"goodsDesc_item\"> <dt>Kaared krahv<\/dt> <dd> 5<\/dd> <\/dl> <dl class=\"goodsDesc_item goodsDesc_item_even\"> <dt>Neto Kaal<\/dt> <dd> 56,9 naela\/25,8 kg<\/dd> <\/dl> <dl class=\"goodsDesc_item\"> <dt>Toote M\u00f5\u00f5tmed<\/dt> <dd> 40,0 x 12,1 x 10,0 jalga\/12200 x 3700 x 3050 mm<\/dd> <\/dl> <\/div> <\/div>","protected":false},"excerpt":{"rendered":"<ul>\n<li> Avar treeningtsoon: meie l\u00f6\u00f6gipuuriv\u00f5rk, mille m\u00f5\u00f5tmed on 40,0 x 12,1 x 10,0 jalga\/12200 x 3700 x 3050 mm, pakub sportlastele, treeneritele ja treeneritele piisavalt ruumi t\u00f5husaks harjutamiseks. T\u00e4ielikult suletud disain hoiab pallid kinni, mis sobib ideaalselt nii sise- kui ka v\u00e4listingimustes treenimiseks pesapalli v\u00f5i softballi seanssidel <\/li>\n<li> Tugevdatud v\u00f5rk: Valmistatud pol\u00fcesterv\u00f5rgu ja 4-kihilise tugevdatud v\u00f5rguga, talub see l\u00f6\u00f6gipuur korduvaid l\u00f6\u00f6ke. Tugevdatud nurkadega paks 600D nailonist servakangas hoiab v\u00f5rgu puutumatuna, v\u00f5imaldades sportlastel harjutada l\u00f6\u00f6mist ja pitchimist, parandades samal ajal tehnikat t\u00f5husalt <\/li>\n<li> Vastupidavad klaaskiust poolused: k\u00f5rge kuumusega k\u00f5venenud klaaskiust varraste ja tugevdatud liigenditega l\u00f6\u00f6gipuur s\u00e4ilitab stabiilsuse tugeva tuule v\u00f5i intensiivse harjutamise ajal. Eluea pikendamiseks v\u00e4ltige selle pikka aega \u00f5ues j\u00e4tmist ja hoidke seda hoolikalt p\u00e4rast iga seanssi <\/li>\n<li> Kasutajas\u00f5bralik disain: sellel VEVORi softballi pesapallipuuril on eemaldatav puuri uks ja pitching-masina ava mugavaks treeninguks. \u00dchel otsal on suur lukuga sissep\u00e4\u00e4s, samas kui teine v\u00f5imaldab v\u00e4ljakuid v\u00e4ljastpoolt puuri, aidates igas vanuses sportlastel parandada kiige t\u00e4psust ja t\u00f5husalt l\u00f6\u00f6gij\u00f5udu <\/li>\n<li> Kiire seadistamine: vaid kahe inimesega saab selle pesapalli ja softballi l\u00f6\u00f6gi puuriv\u00f5rgu h\u00f5lpsasti kokku panna. Selle lihtne disain ja t\u00e4ielikud tarvikud v\u00f5imaldavad \u00fcheastmelist seadistamist ning kaasasolev hoiukott tagab lihtsa transpordi sise- v\u00f5i v\u00e4liharjutuste asukohtadesse <\/li>\n<\/ul>","protected":false},"featured_media":445121,"comment_status":"open","ping_status":"open","template":"","meta":{"om_disable_all_campaigns":false,"_uf_show_specific_survey":0,"_uf_disable_surveys":false},"location":[1935,1934],"product_brand":[],"product_cat":[994,475,460],"product_tag":[],"class_list":{"0":"post-227379","1":"product","2":"type-product","3":"status-publish","4":"has-post-thumbnail","6":"location-supplier_stock_location","7":"location-local_stock_location","8":"product_cat-baseball-equipment","9":"product_cat-outdoor-sports","10":"product_cat-sports-recreation","12":"first","13":"instock","14":"taxable","15":"shipping-taxable","16":"purchasable","17":"product-type-simple"},"aioseo_notices":[],"locations":[{"id":1935,"name":"Pieg\u0101d\u0101t\u0101ja noliktav\u0101 (5-7dd)","slug":"supplier_stock_location","quantity":"1"},{"id":1934,"name":"R\u012bgas veikal\u0101 (0-2d.d.)","slug":"local_stock_location","quantity":"0"}],"_links":{"self":[{"href":"https:\/\/vevorshop.lv\/et\/wp-json\/wp\/v2\/product\/227379","targetHints":{"allow":["GET"]}}],"collection":[{"href":"https:\/\/vevorshop.lv\/et\/wp-json\/wp\/v2\/product"}],"about":[{"href":"https:\/\/vevorshop.lv\/et\/wp-json\/wp\/v2\/types\/product"}],"replies":[{"embeddable":true,"href":"https:\/\/vevorshop.lv\/et\/wp-json\/wp\/v2\/comments?post=227379"}],"wp:featuredmedia":[{"embeddable":true,"href":"https:\/\/vevorshop.lv\/et\/wp-json\/wp\/v2\/media\/445121"}],"wp:attachment":[{"href":"https:\/\/vevorshop.lv\/et\/wp-json\/wp\/v2\/media?parent=227379"}],"wp:term":[{"taxonomy":"location","embeddable":true,"href":"https:\/\/vevorshop.lv\/et\/wp-json\/wp\/v2\/location?post=227379"},{"taxonomy":"product_brand","embeddable":true,"href":"https:\/\/vevorshop.lv\/et\/wp-json\/wp\/v2\/product_brand?post=227379"},{"taxonomy":"product_cat","embeddable":true,"href":"https:\/\/vevorshop.lv\/et\/wp-json\/wp\/v2\/product_cat?post=227379"},{"taxonomy":"product_tag","embeddable":true,"href":"https:\/\/vevorshop.lv\/et\/wp-json\/wp\/v2\/product_tag?post=227379"}],"curies":[{"name":"wp","href":"https:\/\/api.w.org\/{rel}","templated":true}]}}