{"id":230167,"date":"2026-01-24T00:54:39","date_gmt":"2026-01-23T22:54:39","guid":{"rendered":"https:\/\/vevorshop.lv\/en_us\/Prece\/vevor-2-13m-carbon-fiber-spinning-rod-reel-combo-71-bearings-eva-handle-ceramic-guides-bass-fishing-pole\/"},"modified":"2026-05-14T08:00:12","modified_gmt":"2026-05-14T05:00:12","slug":"vevor-2-13m-carbon-fiber-spinning-rod-reel-combo-71-bearings-eva-handle-ceramic-guides-bass-fishing-pole","status":"publish","type":"product","link":"https:\/\/vevorshop.lv\/et\/Prece\/vevor-2-13-m-susinikkiust-ketrusvarda-rull-combo-71-laagrid-eva-kaepide-keraamilised-juhikud-bass-kalastusvarras\/","title":{"rendered":"VEVOR 2,13 m s\u00fcsinikkiust spinningukomplekt rulliga, 7+1 laagrit, EVA k\u00e4epide, keraamilised r\u00f5ngad \u2013 ahvenap\u00fc\u00fck"},"content":{"rendered":"<div style=\"color: #fff!important; font-size: 16px; height: 24px; line-height: 24px; margin-top: -24px; \" class=\"product_original_name\">VEVORi varda ja kalastusrulli kombinatsioon, IM7 s\u00fcsinikkiust ketrusvarda ja rulliku kombinatsioon, bassip\u00fc\u00fcgipoolus 2,13 m kaheosaliste varrastega, 7+1 kuullaagrit, EVA k\u00e4epide, roostevabast terasest juhendid keraamiliste r\u00f5ngastega<\/div>\n<div style=\"color: #fff!important; font-size: 16px; height: 24px; line-height: 24px; margin-top: -24px; \" class=\"product_sku\">MKQZ350E<\/div>\n<div style=\"color: #fff!important; font-size: 16px; height: 24px; line-height: 24px; margin-top: -24px; \" class=\"product_mpn\">GLZHFCLZX7YCUMJC3001V0<\/div><div id=\"js-DM_at-goodDescRich\"><html><head><style>  body {    font-family: Arial;    line-height: 1.5;    color: #1c1c1c;    overflow-x: hidden;    margin: 0;    padding: 0;  }  .MsoNormal b {    font-weight: bolder;  }<\/style><style>  .container.small {    width: 970px;    margin: 0 auto;  }  .logo {    margin: 0 auto 0;  }  .logo img {    display: block;    margin: 0 auto;    max-width: 100%;  }  .logo .pc-banner {    display: block;    width: 1200px;    height: 247.4px;    margin: 0 auto;  }  .logo .pc-banner.small {    width: 970px;  }  .logo .pc-banner.small img {    height: auto!important;  }  .logo .m-banner {    display: none;  }  .ytvideo {    position: relative;    height: 546px;    width: 100%;    margin: 0 auto;  }  .ytvideo img {    width: 100%;    margin: 0 auto;  }  .ytvideo .play-btn {    width: 60px;    height: 42px;    position: absolute;    top: 50%;    left: 50%;    transform: translate(-50%, -50%);    background: url(\"data:image\/png;base64,iVBORw0KGgoAAAANSUhEUgAAAGQAAABGCAMAAAANWMFbAAAC+lBMVEUAAADBGB3kLCfBGB3kLCfcJC7BFx3KKSbiKybkLCbWJCPSIiLSIiLPICHAFx3kLCfgKSXNHiDZJiTIGx\/p4eHcjo7LHSDbJyTkLCbjKyfOHyHPIiL28fHJHB\/GGh7EGR7eKCXDGB3RISHlLSbBGB3AFxzGHB7DGB7BGB3hKybkKybAFx3lLCfAFxzDGR3hKibDGB7cJyTmz8\/elJTlwcHjurrUIyLlLSflLSfAFx3DGR7lLSfCFx3hKibhKibhKybjKybkLCblLSfbJSX49vbx7e3NNzjNMTLMJyjVIyLZf3\/ZQ0LaeHjx0tLgoqLkLCfCGB3HGx\/BGB3BFx3PICHCGB7WJCLOHyC\/Fxy\/Fx3lLCfQISHkLSe\/FxzbJiTBFx3FGx\/AGB7BFx3EGR7AGB3HHSDfKiXAFh3TISHYNzbhKibbJyTTIiL57e325+f039\/v2NjUV1fOHiHiqanfmprch4feKSXVIyPOICHmLibFGh\/mLSe\/Fx7XJCPeKSXXJSPNHyHaJyTGGh7lLCbmLCflLSjSIiLkLCbdKSXLHiC\/GB3KHh++Fh3lKyfoLiXcKCPkx8fYb2\/XaGfVXl3aU1LLHiDksbHgKibPICHbJyTfKSXbJyTCGB3KHSDiKybFGh7TIiL\/\/\/\/VIyPRISHIHB\/GGx\/HHB\/DGR7gKibdKCXLHiDZJiTMHiDNHyHYJSTOICHPICHWJCPcKCXXJSPjLCblLCf+\/f3NGR\/uLijzLynPGR\/IGB7WISHaIyLLGh7UAADxLynNAADRLzDbICLQAADIAAD3MCrUHSHXMTDpKSbLAADp5OTij4\/ejo\/VLy\/1LyngJSTcJCPQHx\/OHB7+\/PzaMS\/OLS\/vLijrLSjSAADaNTPwLyjkKSbNJCbYISHPHB\/KGB7WAAD7+vrn3d3aKynTKCjoLCfsKifRGh\/YAADq5+fhjo7QNDXXKCfmJyXt5+fTLzDLLi\/QKivYHRvMGBrQJCXLISPMExXLDxLaEAvkkI\/bOTfaFQ\/SCgpvLcnHAAAAmnRSTlMA+vv7+gT9Bvf9+8z8\/NSv\/Pr5+P7++vnQIBMP\/v38\/Pn348XDiCYf9OjbzcqxXVcx\/fz8+\/rj1r2poo1+fXFqX0orGP7+\/v7+\/fz8+\/r68uzn4trIxsG\/vri3p6GcmZSNbWVYUUZEPQv+\/f39+\/v7+\/v7+vr64tvV1NTTz87FtbSurqeblJKFg4B3bUY+NjL7+\/v7+\/v67t1cDo8JLQAABkRJREFUWMO0kz9rwkAYh0OIeJkum6YugUAhISCdKoj\/P4C7SMdS+gEKIhSKil10LSg4mzXkILdlEpxCpwTiWOLX6BujvQaEQuGeHLnL+\/64J+SIcKGYTYWnntpdLjrVdqvZmNdn0+EE40GtpuuWVS6Xx6N7YDSGpWXpeq02wHgynM7q80az1a52HpddtVcpsi1zFARBrdaxbhp9iUReTGmwA4KAAr7vx3EYejnCMI6hQYEgy0LQi4jUN0wL19vqFcUC9\/1dAKmEEFkWRYkh5oBejnxQJiSJPJ\/uKBp0Thszx9Mw8hMRIQjKsptCfuES9zr5WJY6vSFCIvE9fCMUmEM1A1kSXcYGxgVYsvI1IPKTZciSTI0us\/SMGG04gDzELDoFBwdcFJrF88dqgYMTiL6DILWYyfOWE8\/kIz38olCNlC03FK95+imxp6y4oUSvAnBjHHhKNtotSDqJzVFiK8c2SBqhZtsrTtgrLXwAyduxZHNE26eHUt5rtuM4WSmds3G+sUdWYo1L+XyxButoh5eKUHk5lByO3G1LqqCWVnfrv\/lyPtf\/4ps1cndNGIri8J1TJ0lx6dR\/oPjq1nbRwdp2dCk4CtIOLW3pVKRL6WZfS5vF2KkIQhpwSsjiYIgNCs1gEMGqiIq24NQX9NwoXFy8Ufrl3twTcg4fv8T9\/JBEySduj6Mjm4bMzYV7EEOxKjjoNDud7yY3Dy71Hq2oLmqfbNR723edH9PgMrNL2utoQ3VmaIDkiw\/4w51P06hlZsTZvkRrbVuSIs\/zwSOsycgzStQouoAkWQqioRT5XI7n2Z1wfVhoZmcAJLsoqjqpjbWCgpOAJXBwHK8PzWbNvoUZJND5wCnSkLAkZ1legx6vqQzjoiTahKlGUGLAiIIoABOHaNVw4sexZBym6\/HWlH5h3IC7yRbxtipcWxdTOkORKiNQAEkFf66x5S2oeRbroOlLgg0sSYkR0hRGEqJZ0jTPiQKatESdBckpWigxaapEH0lImHdWu9pUFF2XqMNM2Z4kped7IwEJw2qabwtrQqnpw6HyKkgcadKWsmpywwesDyIhYRpdzXddqegtGIJlXbAIUMOLkGxJUjRIkokwjUaX9d\/kK62ps\/tYUqZLIMkLTyBhsMZ3C5Z\/kDxOSCb\/DOs\/\/J0qcWSX\/2ipe56EgTCA4\/cB7NAYOsni4mZM1MUPAISoEwkDi4lhVBQ1cWQyIcwalw4EpqZN68JUSK7XC0kTlkLYii5uXSC8jT5ncCAS7mjCv0uHp\/3lueHEEAeQ\/\/VgmdN71\/2uCSA1Xr6DO6uI6sW56zqT2tp2PhgiRUAajV8CY2fkcz6WGNKMgLAt7tJAhD4YHMTeRxlALE6+43WqjSWi8ITxyJl8WrwWSNESQZZOqhDDntO3hJLsd5RtSpbJqdv3YrDJH3F7jL1R2O2aQkn2MyCyKYz0GPGIvSAMgBCrCEiJyKbBaYGwLW4uPRr0A0M4Ux5kUI7IBh+hMdiCEWNqhMZGyYMsOgNE58UQuEQeUnSWCMYwL54hkxK6IoqucQZbQ3pc3XtL0lky1dL0zZJJDpWJovFqpWj6JEHnyam2eQp5QRVAVHjWparTOaVwUOx99YS2MvgxIGV0bb+qIg2HX2qkFFJB+XZcbLiuRkuxD9GRroKyveLxdh4d7Orx+hb7qc3uVRuEogCOnyIxm4ubUoPgF4jianDrC+SDQDKEfJb0GUKmjCGPYHGJvVC6X4hw1\/sAfQAdfYyephIaspXe36RwOP+Ljvfx9B6B3i+Nk0DGq+oCbLn6JpBa9nWAveAIHwFAwtVcIJXPMPL8kRu5OAYPMaL1WScTxjiZDqB9LTJSWphow\/pTYKRTLjCBhvi9iBidvKcDasGSm0QQkycYuLBqj6QCELPctqChDWpTRMWkngNNpQ1Pfp1KkiT\/Y0DGffXAweUNfLAfaJFKDwhb6I+bkYRbkERoEeu3Fyjg2opMz2daZCS9jt6Q7txNfB+OZEVF6Zl5web2xunnLQrtrjXseXKaFYziYINeMFZVxS9VxRhOoesYwxPKXm+gWLG9cuFeq93UNNeJNsf1KlwuDok9n02n3TgIJpOxNfL9naIoQwXtfH9kjceTIIi709ncTg6LZbg+biLH1V6u\/7rxBem06VXKn9raAAAAAElFTkSuQmCC\")      no-repeat center center \/ contain;  }  @media screen and (max-width: 960px) and (orientation: portrait) {    .logo {      width: 100%;    }    .logo .pc-banner {      display: none;    }    .logo .m-banner {      display: block;      width: 100%;    }    .logo .m-banner img {      height: auto!important;    }    .ytvideo {      height: 200px;      width: 100%;    }  }<\/style><style>  .video-section {    width: 100%;    margin: 0 auto;  }  .video-section > img {    width: 100%;  }  .video-section iframe,  .video-section video {    width: 100%;    height: 100%;      }  .video-section-img-m,  .video-section-img-pc > img {    width: 100%;    height: auto;  }  .video-section-img-pc.small > img {    width: 970px;  }  .video-desc {    line-height: 1.5;    font-size: 20px;    font-weight: 400;    margin: 20px 0;    text-align: center;    color: #0f1111;    word-break: break-word;  }  @media screen and (max-width: 960px) and (orientation: portrait) {    .video-section {      width: 100%;    }    .video-section-pc,    .video-section-img-pc {      display: none;    }    .video-section-m,    .video-section-img-m {      display: block;    }    .video-desc {      font-size: 15px;    }  }  @media screen and (min-width: 960px) {    .video-section {      width: 100%;      margin: 0 auto;    }    .video-section-pc,    .video-section-img-pc {      display: block;    }    .video-section-m,    .video-section-img-m {      display: none;    }    .video-desc {      font-size: 20px;    }  }<\/style><style>  .section + .section {    margin-top: 35px;  }  .section-title {    text-align: center;    font-weight: bold;    color: #0d1111;    font-family: \"Arial\";    font-size: 32px;    margin: 15px 0;  }  .section-title:empty {    display: none;  }  .section-desc {    text-align: center;    font-weight: normal;    color: #0d1111;    margin-top: 20px;  }  .section-desc:empty {    display: none;  }  .section-img {    width: 1200px;    height: 492px;    margin: 0 auto;    display: block;  }  .section-img.small {    width: 970px;    height: auto;  }  .section-img.small > img {    height: auto;  }  .section-img > img {    width: 100%;    height: 100%;  }  .section-mobile-img {    display: none;    max-width: 100vw;    max-height: 75vw;    height: 450px;    margin: 0 auto;  }  .section-mobile-img > img {    width: 100%;    height: 100%;  }  @media screen and (max-width: 960px) and (orientation: portrait) {    .container {      width: 100%;    }    .container.small {      width: 100%;    }    .section-mobile-img {      display: block;    }    .section-img {      display: none;    }    .section-title {      font-size: 22px;      margin: 10px 0;    }    .section-desc {      margin-top: 10px;    }    .section + .section {      margin-top: 20px;    }  }<\/style><\/head><body><div class=\"container\"><div class=\"logo\"><div class=\"pc-banner\"><div><img decoding=\"async\" src=\"\/vevor\/vevor\/boutique-banner\/pc\/en-pc@1x.jpg\" style=\"width: 100%;\" \/><\/div><\/div><div class=\"m-banner\"><div><img decoding=\"async\" src=\"\/vevor\/vevor\/boutique-banner\/mobile\/en-m@1x.jpg\" style=\"width: 100%;\" \/><\/div><\/div><\/div><div class=\"section-title\">2-osaline \u00f5ngeritva ja rulliku kombinatsioon algajatele<\/div><div class=\"video-section\"><div class=\"video-section-img-pc\"><img decoding=\"async\" src=\"\/vevor\/product\/GLZHFCLZX7YCUMJC3001\/reel-and-fishing-rod-combo-a100-1.4.jpg\" \/><\/div><div class=\"video-section-img-m\"><img decoding=\"async\" src=\"\/vevor\/product\/GLZHFCLZX7YCUMJC3001\/reel-and-fishing-rod-combo-a100-1.4-m.jpg\" \/><\/div><div class=\"section-desc\">7 jalga\/2,13 m, 2-osaline varda ja rulli kombinatsioon sisaldab M\/MH kahe otsaga disaini, mis tagab paindliku j\u00f5udluse erinevates p\u00fc\u00fcgikeskkondades. Eelpoolitud 3000 rull ei vaja t\u00e4iendavat liini ettevalmistamist ning IM7 s\u00fcsinikkiust varras on kerge, vastupidav ja reageerib erinevatele tingimustele.<\/div><\/div><div class=\"section\"><div class=\"section-title\"><\/div><div class=\"section-img\"><img decoding=\"async\" src=\"\/vevor\/product\/GLZHFCLZX7YCUMJC3001\/reel-and-fishing-rod-combo-a100-2.2.jpg\" \/><\/div><div class=\"section-mobile-img\"><img decoding=\"async\" src=\"\/vevor\/product\/GLZHFCLZX7YCUMJC3001\/reel-and-fishing-rod-combo-a100-2.2-m.jpg\" \/><\/div><div class=\"section-desc\">See varras \u00fchendab endas vastupidava s\u00fcsinikkiu ja kahe otsaga disaini, mis tagab suurep\u00e4rase paindekindluse ja vastupidavuse. Kerge disainiga kogete v\u00e4hem v\u00e4simust isegi p\u00e4rast tundidepikkust kasutamist, k\u00e4sitledes h\u00f5lpsasti erinevate kalade tugevaid t\u00f5mbeid, et saada nauditavam p\u00fc\u00fcgikogemus.<\/div><\/div><div class=\"section\"><div class=\"section-title\"><\/div><div class=\"section-img\"><img decoding=\"async\" src=\"\/vevor\/product\/GLZHFCLZX7YCUMJC3001\/reel-and-fishing-rod-combo-a100-2.3.jpg\" \/><\/div><div class=\"section-mobile-img\"><img decoding=\"async\" src=\"\/vevor\/product\/GLZHFCLZX7YCUMJC3001\/reel-and-fishing-rod-combo-a100-2.3-m.jpg\" \/><\/div><div class=\"section-desc\">Selle \u00f5ngeritva ja rulli kombinatsiooni rullikul on 7 + 1 kuullaagrit ja \u00fclekandearv 5,2:1, mis tagab sujuva liini v\u00e4ljav\u00f5tmise ilma luksumiseta. 13,2 naela\/6 kg sujuva t\u00f5mbej\u00f5uga saate pinget h\u00f5lpsalt kontrollida, k\u00e4sitledes k\u00f5ike alates tugevatest kalav\u00f5itlustest kuni sujuvate tagasiv\u00f5tmisteni.<\/div><\/div><div class=\"section\"><div class=\"section-title\"><\/div><div class=\"section-img\"><img decoding=\"async\" src=\"\/vevor\/product\/GLZHFCLZX7YCUMJC3001\/reel-and-fishing-rod-combo-a100-2.4.jpg\" \/><\/div><div class=\"section-mobile-img\"><img decoding=\"async\" src=\"\/vevor\/product\/GLZHFCLZX7YCUMJC3001\/reel-and-fishing-rod-combo-a100-2.4-m.jpg\" \/><\/div><div class=\"section-desc\">Meie \u00f5ngeritva ja rulli rull on eelnevalt poolitatud nailonn\u00f6\u00f6riga, nii et saate kohe kala p\u00fc\u00fcdma hakata. EVA vahtk\u00e4epide tagab kindla ja mugava hoidmise, v\u00e4hendades v\u00e4simust. Keraamiliste siset\u00fckkidega roostevabast terasest juhikud v\u00e4hendavad h\u00f5\u00f5rdumist ja kulumist sujuvamaks valamiseks ja v\u00e4ljav\u00f5tmiseks.<\/div><\/div><div class=\"section\"><div class=\"section-title\"><\/div><div class=\"section-img\"><img decoding=\"async\" src=\"\/vevor\/product\/GLZHFCLZX7YCUMJC3001\/reel-and-fishing-rod-combo-a100-2.5.jpg\" \/><\/div><div class=\"section-mobile-img\"><img decoding=\"async\" src=\"\/vevor\/product\/GLZHFCLZX7YCUMJC3001\/reel-and-fishing-rod-combo-a100-2.5-m.jpg\" \/><\/div><div class=\"section-desc\">Oma mitmek\u00fclgse disainiga on see VEVORi p\u00f6\u00f6rleva rulliga kalastusvarras ideaalne igas olukorras. See on piisavalt kompaktne, et teha l\u00fchikesi reise, sobib teie reisikohvrisse pikaks puhkuseks ja seda saab hoida teie autos erakorraliste kalap\u00fc\u00fcgiretkede jaoks. Suurep\u00e4rane valik kalap\u00fc\u00fcgikire jagamiseks.<\/div><\/div><div class=\"section\"><div class=\"section-img\"><img decoding=\"async\" src=\"\/vevor\/product\/GLZHFCLZX7YCUMJC3001\/reel-and-fishing-rod-combo-a100-1.11.jpg\" \/><\/div><div class=\"section-mobile-img\"><img decoding=\"async\" src=\"\/vevor\/product\/GLZHFCLZX7YCUMJC3001\/reel-and-fishing-rod-combo-a100-1.11-m.jpg\" \/><\/div><\/div><\/div><\/body><\/html><\/div>\n<div class=\"DM_at-title\" id=\"js-DM_at-title\"> <div>Toote spetsifikatsioon<\/div> <i class=\"icon-arrowup_line\"><\/i> <\/div><div class=\"DM_at-goodsDescAttr\" id=\"js-DM_at-goodsDescAttr\"> <div class=\"DM_at-goodsDescAttrInner\"> <dl class=\"goodsDesc_item goodsDesc_item_even\"> <dt>Punkt Mudeli Number<\/dt> <dd> V1-702S-MHF<\/dd> <\/dl> <dl class=\"goodsDesc_item\"> <dt>Rull T\u00fc\u00fcp<\/dt> <dd> Keerutamine 3000<\/dd> <\/dl> <dl class=\"goodsDesc_item goodsDesc_item_even\"> <dt>\u00dclekandearv<\/dt> <dd> 5.2<\/dd> <\/dl> <dl class=\"goodsDesc_item\"> <dt>Varda v\u00f5imsus<\/dt> <dd> Keskmise raskusega (MH)<\/dd> <\/dl> <dl class=\"goodsDesc_item goodsDesc_item_even\"> <dt>Joone kaal<\/dt> <dd> 10-30 NAELA<\/dd> <\/dl> <dl class=\"goodsDesc_item\"> <dt>Landi kaal<\/dt> <dd> 10-28g (3\/8-1 untsi)<\/dd> <\/dl> <dl class=\"goodsDesc_item goodsDesc_item_even\"> <dt>Laagrite arv<\/dt> <dd> 7+1<\/dd> <\/dl> <dl class=\"goodsDesc_item\"> <dt>Varda Pikkus<\/dt> <dd> 7 jalga\/2,13m<\/dd> <\/dl> <dl class=\"goodsDesc_item goodsDesc_item_even\"> <dt>Neto Kaal<\/dt> <dd> 0,86 naela\/0,39 kg<\/dd> <\/dl> <dl class=\"goodsDesc_item\"> <dt>Toote M\u00f5\u00f5tmed<\/dt> <dd> 83,27 x 14,96 x 5,51 tolli\/2115 x 380 x 140<\/dd> <\/dl> <\/div> <\/div>","protected":false},"excerpt":{"rendered":"<ul>\n<li> Lihtne kaasas kanda: 7 jalga\/2,13 m ja 2-osaline varras on see kalap\u00fc\u00fcgikombinatsioon kerge ja ideaalne reisimiseks. 3000-seeria rull v\u00f5imaldab sujuvat t\u00f6\u00f6d, mis sobib ideaalselt nii algajatele kui ka kogenud \u00f5ngitsejatele. N\u00f6\u00f6riga eelnevalt poolitatud, on see kohe kasutusvalmis, muutes teie kalap\u00fc\u00fcgikogemuse lihtsaks ja nauditavaks <\/li>\n<li> Vastupidavad materjalid: IM7 s\u00fcsinikkiust valmistatud kalastusvarda kombinatsioon on nii kerge kui ka tugev, tagades, et saate tunde ilma ebamugavusteta kala p\u00fc\u00fcda. M\/MH kahe otsaga disainiga saate h\u00f5lpsasti vahetada erinevate p\u00fc\u00fcgitehnikate vahel, muutes selle ideaalseks mitmesugustes p\u00fc\u00fcgikeskkondades <\/li>\n<li> Keraamilised r\u00f5ngajuhikud: keraamiliste siset\u00fckkidega roostevabast terasest juhikutega meie bassip\u00fc\u00fcgivarras on ehitatud vastupidavuse ja korrosioonikindluse tagamiseks, pakkudes usaldusv\u00e4\u00e4rset j\u00f5udlust igas keskkonnas. Siledad keraamilised r\u00f5ngad v\u00e4hendavad h\u00f5\u00f5rdumist ja minimeerivad joone sassi ajamist, muutes selle \u00fchilduvaks nii nailonist kui ka PE-liinidega, et saavutada sujuv p\u00fc\u00fcgikogemus <\/li>\n<li> Sujuv t\u00f6\u00f6: see mageveep\u00fc\u00fcgivarras, mis on varustatud 7 + 1 \u00fclit\u00e4pse kuullaagriga ja \u00fclekandearvuga 5,2:1, tagab sujuva ja sujuva joone v\u00e4ljav\u00f5tmise. Olenemata sellest, kas v\u00f5itlete tugeva kalaga v\u00f5i taastate t\u00fchja konksu, t\u00f6\u00f6tab see k\u00f5hklemata, suurendades teie p\u00fc\u00fcgit\u00f5husust ja \u00fcldist kogemust <\/li>\n<li> Mugav k\u00e4epide: ergonoomiline k\u00e4epide on valmistatud kvaliteetsest EVA-vahust, mis sobib k\u00e4e loomulike k\u00f5veratega, et tagada mugav libisemiskindel k\u00e4epide. See v\u00e4hendab t\u00f5husalt v\u00e4simust pikema kasutamise ajal ja tagab t\u00e4pse ja stabiilse t\u00f6\u00f6 tagamiseks kindla hoidmise isegi m\u00e4rgades tingimustes <\/li>\n<\/ul>","protected":false},"featured_media":447533,"comment_status":"open","ping_status":"open","template":"","meta":{"om_disable_all_campaigns":false,"_uf_show_specific_survey":0,"_uf_disable_surveys":false},"location":[1935,1934],"product_brand":[],"product_cat":[1965,2360,460],"product_tag":[],"class_list":{"0":"post-230167","1":"product","2":"type-product","3":"status-publish","4":"has-post-thumbnail","6":"location-supplier_stock_location","7":"location-local_stock_location","8":"product_cat-fishing-equipment","9":"product_cat-rod-reel-combos","10":"product_cat-sports-recreation","12":"first","13":"instock","14":"taxable","15":"shipping-taxable","16":"purchasable","17":"product-type-simple"},"aioseo_notices":[],"locations":[{"id":1935,"name":"Pieg\u0101d\u0101t\u0101ja noliktav\u0101 (5-7dd)","slug":"supplier_stock_location","quantity":"56"},{"id":1934,"name":"R\u012bgas veikal\u0101 (0-2d.d.)","slug":"local_stock_location","quantity":"0"}],"_links":{"self":[{"href":"https:\/\/vevorshop.lv\/et\/wp-json\/wp\/v2\/product\/230167","targetHints":{"allow":["GET"]}}],"collection":[{"href":"https:\/\/vevorshop.lv\/et\/wp-json\/wp\/v2\/product"}],"about":[{"href":"https:\/\/vevorshop.lv\/et\/wp-json\/wp\/v2\/types\/product"}],"replies":[{"embeddable":true,"href":"https:\/\/vevorshop.lv\/et\/wp-json\/wp\/v2\/comments?post=230167"}],"wp:featuredmedia":[{"embeddable":true,"href":"https:\/\/vevorshop.lv\/et\/wp-json\/wp\/v2\/media\/447533"}],"wp:attachment":[{"href":"https:\/\/vevorshop.lv\/et\/wp-json\/wp\/v2\/media?parent=230167"}],"wp:term":[{"taxonomy":"location","embeddable":true,"href":"https:\/\/vevorshop.lv\/et\/wp-json\/wp\/v2\/location?post=230167"},{"taxonomy":"product_brand","embeddable":true,"href":"https:\/\/vevorshop.lv\/et\/wp-json\/wp\/v2\/product_brand?post=230167"},{"taxonomy":"product_cat","embeddable":true,"href":"https:\/\/vevorshop.lv\/et\/wp-json\/wp\/v2\/product_cat?post=230167"},{"taxonomy":"product_tag","embeddable":true,"href":"https:\/\/vevorshop.lv\/et\/wp-json\/wp\/v2\/product_tag?post=230167"}],"curies":[{"name":"wp","href":"https:\/\/api.w.org\/{rel}","templated":true}]}}