{"id":232984,"date":"2026-02-08T00:56:03","date_gmt":"2026-02-07T22:56:03","guid":{"rendered":"https:\/\/vevorshop.lv\/en_us\/Prece\/vevor-2-in-1-laser-engraver-20w-blue-2w-ir-10000-mm-s-160x140-mm-portable-diy-cutter-for-wood-metal-acrylic\/"},"modified":"2026-04-23T09:57:33","modified_gmt":"2026-04-23T06:57:33","slug":"vevor-2-in-1-laser-engraver-20w-blue-2w-ir-10000-mm-s-160x140-mm-portable-diy-cutter-for-wood-metal-acrylic","status":"publish","type":"product","link":"https:\/\/vevorshop.lv\/et\/Prece\/vevor-2-in-1-lasergraveerija-20-w-sinine-2-w-ir-10000-mm-s-160x140-mm-kaasaskantav-diy-loikur-puitmetallist-akruuli-jaoks\/","title":{"rendered":"VEVOR 2-in-1 lasergraveerija 20 W sinine &amp; 2 W IR, 10 000 mm\/s, 160\u00d7140 mm, kaasaskantav isetegemise l\u00f5ikur puidule, metallile, akr\u00fc\u00fclile"},"content":{"rendered":"<div style=\"color: #fff!important; font-size: 16px; height: 24px; line-height: 24px; margin-top: -24px; \" class=\"product_original_name\">VEVOR 2-in-1 kahe lasergraveerija, 10 000 mm\/s kiire, kaasaskantav 20 W sinine ja 2 W IR lasergraveerimismasin, 160 x 140 mm graveerimisala, k\u00e4sitsi ja automaatne teravustamine, isetegemise graveerimist\u00f6\u00f6riist, puiduakr\u00fc\u00fcli jaoks<\/div>\n<div style=\"color: #fff!important; font-size: 16px; height: 24px; line-height: 24px; margin-top: -24px; \" class=\"product_sku\">MLAICMSW<\/div>\n<div style=\"color: #fff!important; font-size: 16px; height: 24px; line-height: 24px; margin-top: -24px; \" class=\"product_mpn\">BXSZJJGDKJSG9KWT7001V2<\/div><div id=\"js-DM_at-goodDescRich\"><html><head><style>  body {    font-family: Arial;    line-height: 1.5;    color: #1c1c1c;    overflow-x: hidden;    margin: 0;    padding: 0;  }  .MsoNormal b {    font-weight: bolder;  }<\/style><style>  .container.small {    width: 970px;    margin: 0 auto;  }  .logo {    margin: 0 auto 0;  }  .logo img {    display: block;    margin: 0 auto;    max-width: 100%;  }  .logo .pc-banner {    display: block;    width: 1200px;    height: 247.4px;    margin: 0 auto;  }  .logo .pc-banner.small {    width: 970px;  }  .logo .pc-banner.small img {    height: auto!important;  }  .logo .m-banner {    display: none;  }  .ytvideo {    position: relative;    height: 546px;    width: 100%;    margin: 0 auto;  }  .ytvideo img {    width: 100%;    margin: 0 auto;  }  .ytvideo .play-btn {    width: 60px;    height: 42px;    position: absolute;    top: 50%;    left: 50%;    transform: translate(-50%, -50%);    background: url(\"data:image\/png;base64,iVBORw0KGgoAAAANSUhEUgAAAGQAAABGCAMAAAANWMFbAAAC+lBMVEUAAADBGB3kLCfBGB3kLCfcJC7BFx3KKSbiKybkLCbWJCPSIiLSIiLPICHAFx3kLCfgKSXNHiDZJiTIGx\/p4eHcjo7LHSDbJyTkLCbjKyfOHyHPIiL28fHJHB\/GGh7EGR7eKCXDGB3RISHlLSbBGB3AFxzGHB7DGB7BGB3hKybkKybAFx3lLCfAFxzDGR3hKibDGB7cJyTmz8\/elJTlwcHjurrUIyLlLSflLSfAFx3DGR7lLSfCFx3hKibhKibhKybjKybkLCblLSfbJSX49vbx7e3NNzjNMTLMJyjVIyLZf3\/ZQ0LaeHjx0tLgoqLkLCfCGB3HGx\/BGB3BFx3PICHCGB7WJCLOHyC\/Fxy\/Fx3lLCfQISHkLSe\/FxzbJiTBFx3FGx\/AGB7BFx3EGR7AGB3HHSDfKiXAFh3TISHYNzbhKibbJyTTIiL57e325+f039\/v2NjUV1fOHiHiqanfmprch4feKSXVIyPOICHmLibFGh\/mLSe\/Fx7XJCPeKSXXJSPNHyHaJyTGGh7lLCbmLCflLSjSIiLkLCbdKSXLHiC\/GB3KHh++Fh3lKyfoLiXcKCPkx8fYb2\/XaGfVXl3aU1LLHiDksbHgKibPICHbJyTfKSXbJyTCGB3KHSDiKybFGh7TIiL\/\/\/\/VIyPRISHIHB\/GGx\/HHB\/DGR7gKibdKCXLHiDZJiTMHiDNHyHYJSTOICHPICHWJCPcKCXXJSPjLCblLCf+\/f3NGR\/uLijzLynPGR\/IGB7WISHaIyLLGh7UAADxLynNAADRLzDbICLQAADIAAD3MCrUHSHXMTDpKSbLAADp5OTij4\/ejo\/VLy\/1LyngJSTcJCPQHx\/OHB7+\/PzaMS\/OLS\/vLijrLSjSAADaNTPwLyjkKSbNJCbYISHPHB\/KGB7WAAD7+vrn3d3aKynTKCjoLCfsKifRGh\/YAADq5+fhjo7QNDXXKCfmJyXt5+fTLzDLLi\/QKivYHRvMGBrQJCXLISPMExXLDxLaEAvkkI\/bOTfaFQ\/SCgpvLcnHAAAAmnRSTlMA+vv7+gT9Bvf9+8z8\/NSv\/Pr5+P7++vnQIBMP\/v38\/Pn348XDiCYf9OjbzcqxXVcx\/fz8+\/rj1r2poo1+fXFqX0orGP7+\/v7+\/fz8+\/r68uzn4trIxsG\/vri3p6GcmZSNbWVYUUZEPQv+\/f39+\/v7+\/v7+vr64tvV1NTTz87FtbSurqeblJKFg4B3bUY+NjL7+\/v7+\/v67t1cDo8JLQAABkRJREFUWMO0kz9rwkAYh0OIeJkum6YugUAhISCdKoj\/P4C7SMdS+gEKIhSKil10LSg4mzXkILdlEpxCpwTiWOLX6BujvQaEQuGeHLnL+\/64J+SIcKGYTYWnntpdLjrVdqvZmNdn0+EE40GtpuuWVS6Xx6N7YDSGpWXpeq02wHgynM7q80az1a52HpddtVcpsi1zFARBrdaxbhp9iUReTGmwA4KAAr7vx3EYejnCMI6hQYEgy0LQi4jUN0wL19vqFcUC9\/1dAKmEEFkWRYkh5oBejnxQJiSJPJ\/uKBp0Thszx9Mw8hMRIQjKsptCfuES9zr5WJY6vSFCIvE9fCMUmEM1A1kSXcYGxgVYsvI1IPKTZciSTI0us\/SMGG04gDzELDoFBwdcFJrF88dqgYMTiL6DILWYyfOWE8\/kIz38olCNlC03FK95+imxp6y4oUSvAnBjHHhKNtotSDqJzVFiK8c2SBqhZtsrTtgrLXwAyduxZHNE26eHUt5rtuM4WSmds3G+sUdWYo1L+XyxButoh5eKUHk5lByO3G1LqqCWVnfrv\/lyPtf\/4ps1cndNGIri8J1TJ0lx6dR\/oPjq1nbRwdp2dCk4CtIOLW3pVKRL6WZfS5vF2KkIQhpwSsjiYIgNCs1gEMGqiIq24NQX9NwoXFy8Ufrl3twTcg4fv8T9\/JBEySduj6Mjm4bMzYV7EEOxKjjoNDud7yY3Dy71Hq2oLmqfbNR723edH9PgMrNL2utoQ3VmaIDkiw\/4w51P06hlZsTZvkRrbVuSIs\/zwSOsycgzStQouoAkWQqioRT5XI7n2Z1wfVhoZmcAJLsoqjqpjbWCgpOAJXBwHK8PzWbNvoUZJND5wCnSkLAkZ1legx6vqQzjoiTahKlGUGLAiIIoABOHaNVw4sexZBym6\/HWlH5h3IC7yRbxtipcWxdTOkORKiNQAEkFf66x5S2oeRbroOlLgg0sSYkR0hRGEqJZ0jTPiQKatESdBckpWigxaapEH0lImHdWu9pUFF2XqMNM2Z4kped7IwEJw2qabwtrQqnpw6HyKkgcadKWsmpywwesDyIhYRpdzXddqegtGIJlXbAIUMOLkGxJUjRIkokwjUaX9d\/kK62ps\/tYUqZLIMkLTyBhsMZ3C5Z\/kDxOSCb\/DOs\/\/J0qcWSX\/2ipe56EgTCA4\/cB7NAYOsni4mZM1MUPAISoEwkDi4lhVBQ1cWQyIcwalw4EpqZN68JUSK7XC0kTlkLYii5uXSC8jT5ncCAS7mjCv0uHp\/3lueHEEAeQ\/\/VgmdN71\/2uCSA1Xr6DO6uI6sW56zqT2tp2PhgiRUAajV8CY2fkcz6WGNKMgLAt7tJAhD4YHMTeRxlALE6+43WqjSWi8ITxyJl8WrwWSNESQZZOqhDDntO3hJLsd5RtSpbJqdv3YrDJH3F7jL1R2O2aQkn2MyCyKYz0GPGIvSAMgBCrCEiJyKbBaYGwLW4uPRr0A0M4Ux5kUI7IBh+hMdiCEWNqhMZGyYMsOgNE58UQuEQeUnSWCMYwL54hkxK6IoqucQZbQ3pc3XtL0lky1dL0zZJJDpWJovFqpWj6JEHnyam2eQp5QRVAVHjWparTOaVwUOx99YS2MvgxIGV0bb+qIg2HX2qkFFJB+XZcbLiuRkuxD9GRroKyveLxdh4d7Orx+hb7qc3uVRuEogCOnyIxm4ubUoPgF4jianDrC+SDQDKEfJb0GUKmjCGPYHGJvVC6X4hw1\/sAfQAdfYyephIaspXe36RwOP+Ljvfx9B6B3i+Nk0DGq+oCbLn6JpBa9nWAveAIHwFAwtVcIJXPMPL8kRu5OAYPMaL1WScTxjiZDqB9LTJSWphow\/pTYKRTLjCBhvi9iBidvKcDasGSm0QQkycYuLBqj6QCELPctqChDWpTRMWkngNNpQ1Pfp1KkiT\/Y0DGffXAweUNfLAfaJFKDwhb6I+bkYRbkERoEeu3Fyjg2opMz2daZCS9jt6Q7txNfB+OZEVF6Zl5web2xunnLQrtrjXseXKaFYziYINeMFZVxS9VxRhOoesYwxPKXm+gWLG9cuFeq93UNNeJNsf1KlwuDok9n02n3TgIJpOxNfL9naIoQwXtfH9kjceTIIi709ncTg6LZbg+biLH1V6u\/7rxBem06VXKn9raAAAAAElFTkSuQmCC\")      no-repeat center center \/ contain;  }  @media screen and (max-width: 960px) and (orientation: portrait) {    .logo {      width: 100%;    }    .logo .pc-banner {      display: none;    }    .logo .m-banner {      display: block;      width: 100%;    }    .logo .m-banner img {      height: auto!important;    }    .ytvideo {      height: 200px;      width: 100%;    }  }<\/style><style>  .video-section {    width: 100%;    margin: 0 auto;  }  .video-section > img {    width: 100%;  }  .video-section iframe,  .video-section video {    width: 100%;    height: 100%;      }  .video-section-img-m,  .video-section-img-pc > img {    width: 100%;    height: auto;  }  .video-section-img-pc.small > img {    width: 970px;  }  .video-desc {    line-height: 1.5;    font-size: 20px;    font-weight: 400;    margin: 20px 0;    text-align: center;    color: #0f1111;    word-break: break-word;  }  @media screen and (max-width: 960px) and (orientation: portrait) {    .video-section {      width: 100%;    }    .video-section-pc,    .video-section-img-pc {      display: none;    }    .video-section-m,    .video-section-img-m {      display: block;    }    .video-desc {      font-size: 15px;    }  }  @media screen and (min-width: 960px) {    .video-section {      width: 100%;      margin: 0 auto;    }    .video-section-pc,    .video-section-img-pc {      display: block;    }    .video-section-m,    .video-section-img-m {      display: none;    }    .video-desc {      font-size: 20px;    }  }<\/style><style>  .section + .section {    margin-top: 35px;  }  .section-title {    text-align: center;    font-weight: bold;    color: #0d1111;    font-family: \"Arial\";    font-size: 32px;    margin: 15px 0;  }  .section-title:empty {    display: none;  }  .section-desc {    text-align: center;    font-weight: normal;    color: #0d1111;    margin-top: 20px;  }  .section-desc:empty {    display: none;  }  .section-img {    width: 1200px;    height: 492px;    margin: 0 auto;    display: block;  }  .section-img.small {    width: 970px;    height: auto;  }  .section-img.small > img {    height: auto;  }  .section-img > img {    width: 100%;    height: 100%;  }  .section-mobile-img {    display: none;    max-width: 100vw;    max-height: 75vw;    height: 450px;    margin: 0 auto;  }  .section-mobile-img > img {    width: 100%;    height: 100%;  }  @media screen and (max-width: 960px) and (orientation: portrait) {    .container {      width: 100%;    }    .container.small {      width: 100%;    }    .section-mobile-img {      display: block;    }    .section-img {      display: none;    }    .section-title {      font-size: 22px;      margin: 10px 0;    }    .section-desc {      margin-top: 10px;    }    .section + .section {      margin-top: 20px;    }  }<\/style><\/head><body><div class=\"container\"><div class=\"logo\"><div class=\"pc-banner\"><div><img decoding=\"async\" src=\"\/vevor\/vevor\/boutique-banner\/pc\/en-pc@1x.jpg\" style=\"width: 100%;\" \/><\/div><\/div><div class=\"m-banner\"><div><img decoding=\"async\" src=\"\/vevor\/vevor\/boutique-banner\/mobile\/en-m@1x.jpg\" style=\"width: 100%;\" \/><\/div><\/div><\/div><div class=\"section-title\">Kahe laseriga kaasaskantav lasergraveerija, lihtne kasutada<\/div><div class=\"video-section\"><div class=\"video-section-img-pc\"><img decoding=\"async\" src=\"\/vevor\/product\/BXSZJJGDKJSG9KWT7001\/laser-engraver-a100-1.4.jpg\" \/><\/div><div class=\"video-section-img-m\"><img decoding=\"async\" src=\"\/vevor\/product\/BXSZJJGDKJSG9KWT7001\/laser-engraver-a100-1.4-m.jpg\" \/><\/div><div class=\"section-desc\">Graveerimiskiirusega kuni 10 000 mm\/s, 20 W sinise laseriga, 2 W infrapuna laseriga ja automaatse teravustamise funktsiooniga on seda kaasaskantavat lasergraveerijat lihtne kasutada. M\u00e4rkus: l\u00e4bipaistvad v\u00f5i peegeldavad materjalid vajavad enne graveerimist musta kattekihti.<\/div><\/div><div class=\"section\"><div class=\"section-title\"><\/div><div class=\"section-img\"><img decoding=\"async\" src=\"\/vevor\/product\/BXSZJJGDKJSG9KWT7001\/laser-engraver-a100-2.2.jpg\" \/><\/div><div class=\"section-mobile-img\"><img decoding=\"async\" src=\"\/vevor\/product\/BXSZJJGDKJSG9KWT7001\/laser-engraver-a100-2.2-m.jpg\" \/><\/div><div class=\"section-desc\">Tarkvara automaatne teravustamine tegeleb \u00fcksikasjalike \u00fclesannetega, samas kui k\u00e4sitsi teravustamine kohandub spetsiaalsete materjalidega. See k\u00e4eshoitav lasergraveerija tagab paindlikuma graveerimise juhtimise.<\/div><\/div><div class=\"section\"><div class=\"section-title\"><\/div><div class=\"section-img\"><img decoding=\"async\" src=\"\/vevor\/product\/BXSZJJGDKJSG9KWT7001\/laser-engraver-a100-2.3.jpg\" \/><\/div><div class=\"section-mobile-img\"><img decoding=\"async\" src=\"\/vevor\/product\/BXSZJJGDKJSG9KWT7001\/laser-engraver-a100-2.3-m.jpg\" \/><\/div><div class=\"section-desc\">See kaasaskantav graveerimismasin, millel on 0,08 x 0,06 mm sinine laserpunkt ja 0,03 x 0,03 mm infrapuna laserpunkt, tagab m\u00e4rkimisv\u00e4\u00e4rselt t\u00e4pse graveerimise jaoks detailse eraldusv\u00f5ime.<\/div><\/div><div class=\"section\"><div class=\"section-title\"><\/div><div class=\"section-img\"><img decoding=\"async\" src=\"\/vevor\/product\/BXSZJJGDKJSG9KWT7001\/laser-engraver-a100-2.4.jpg\" \/><\/div><div class=\"section-mobile-img\"><img decoding=\"async\" src=\"\/vevor\/product\/BXSZJJGDKJSG9KWT7001\/laser-engraver-a100-2.4-m.jpg\" \/><\/div><div class=\"section-desc\">Kaasaskantav k\u00e4sitsetav lasergraveerija suudab \u00fche k\u00e4iguga l\u00e4bi l\u00f5igata 0,39 tolli\/10 mm bassipuitu, tagades t\u00f5husa l\u00f5ikamise puhaste joontega ja v\u00e4hendades \u00fcmbert\u00f6\u00f6tlemist.<\/div><\/div><div class=\"section\"><div class=\"section-title\"><\/div><div class=\"section-img\"><img decoding=\"async\" src=\"\/vevor\/product\/BXSZJJGDKJSG9KWT7001\/laser-engraver-a100-2.5.jpg\" \/><\/div><div class=\"section-mobile-img\"><img decoding=\"async\" src=\"\/vevor\/product\/BXSZJJGDKJSG9KWT7001\/laser-engraver-a100-2.5-m.jpg\" \/><\/div><div class=\"section-desc\">Alates kodukaunistusest ja lemmikloomatarvetest kuni isetegemisprojektideni - meie t\u00f6\u00f6laua pihugraveerija muudab teie isetegemise ideed praktilisemaks v\u00f5imaluseks.<\/div><\/div><div class=\"section\"><div class=\"section-img\"><img decoding=\"async\" src=\"\/vevor\/product\/BXSZJJGDKJSG9KWT7001\/laser-engraver-a100-1.11.jpg\" \/><\/div><div class=\"section-mobile-img\"><img decoding=\"async\" src=\"\/vevor\/product\/BXSZJJGDKJSG9KWT7001\/laser-engraver-a100-1.11-m.jpg\" \/><\/div><\/div><\/div><\/body><\/html><\/div>\n<div class=\"DM_at-title\" id=\"js-DM_at-title\"> <div>Toote spetsifikatsioon<\/div> <i class=\"icon-arrowup_line\"><\/i> <\/div><div class=\"DM_at-goodsDescAttr\" id=\"js-DM_at-goodsDescAttr\"> <div class=\"DM_at-goodsDescAttrInner\"> <dl class=\"goodsDesc_item goodsDesc_item_even\"> <dt>Punkt Mudeli Number<\/dt> <dd> Nano Duo<\/dd> <\/dl> <dl class=\"goodsDesc_item\"> <dt>Laseri V\u00f5imsus<\/dt> <dd> 20 W sinine laser + 2 W infrapuna laser<\/dd> <\/dl> <dl class=\"goodsDesc_item goodsDesc_item_even\"> <dt>Laser Lainepikkus<\/dt> <dd> 455 nm (sinine laser), 1064 nm (infrapunalaser)<\/dd> <\/dl> <dl class=\"goodsDesc_item\"> <dt>Efektiivne T\u00f6\u00f6ala<\/dt> <dd> 6,3 x 5,5 tolli\/160 x 140 mm<\/dd> <\/dl> <dl class=\"goodsDesc_item goodsDesc_item_even\"> <dt>Graveerimine Kiirus<\/dt> <dd> 10 000 mm\/s<\/dd> <\/dl> <dl class=\"goodsDesc_item\"> <dt>Laser Spot Suurus<\/dt> <dd> 0,08 x 0,06 mm (sinine laser), 0,03 x 0,03 mm (infrapunalaser)<\/dd> <\/dl> <dl class=\"goodsDesc_item goodsDesc_item_even\"> <dt>Keskendumismeetod<\/dt> <dd> K\u00e4sitsi teravustamine ja automaatne teravustamine<\/dd> <\/dl> <dl class=\"goodsDesc_item\"> <dt>Laserklass<\/dt> <dd> 4. klass<\/dd> <\/dl> <\/div> <\/div>","protected":false},"excerpt":{"rendered":"<ul>\n<li> Suur graveerimiskiirus: galvanomeetri tehnoloogia abil t\u00f6\u00f6tav kaasaskantav lasergraveerija suudab saavutada graveerimiskiirust kuni 10 000 mm\/s ja eelvaatekiirust kuni 32 000 mm\/s. Selle t\u00e4iustatud lasertehnoloogia tagab suurep\u00e4rase l\u00f5ikamisv\u00f5ime  <\/li>\n<li> Kahe laseriga t\u00e4ppisgraveerimine: 20 W sinine laser annab 0,01 x 0,01 mm koha peente joonte ja siledate servade jaoks, samas kui 2 W infrapuna laser lisab rohkem materjali mitmek\u00fclgsust. Automaatse v\u00f5i k\u00e4sitsi teravustamise abil tegeleb see k\u00e4eshoitav lasergraveerija \u00fcksikasjalike kujundustega <\/li>\n<li> 3D graveerimine ja s\u00fcgav nikerdamine: infrapunalaser v\u00f5imaldab keerukat mitmekihilist 3D graveerimist ja s\u00fcgavat nikerdamist metallile, puidule ja kivile. See kaasaskantav graveerimismasin toob erksaid v\u00e4rve \u00fcle 121 v\u00e4rvivaliku ja \u00fclit\u00e4pse lasertehnoloogiaga <\/li>\n<li> Kasutajas\u00f5bralik t\u00f6\u00f6: meie kaasaskantaval k\u00e4sitsetaval lasergraveerijal on reguleeritava nurgaga disain, mis toetab pihu- v\u00f5i t\u00f6\u00f6lauakasutust. \u00dchildub LaserGRBL-i (Windows), LightBurni (Windows &amp; macOS) ja WiFi-\u00fchendusega mobiilirakendusega (Android) <\/li>\n<li> Lai materjalide \u00fchilduvus: meie t\u00f6\u00f6laua k\u00e4eshoitava graveerija infrapunalaser v\u00f5ib graveerida igat t\u00fc\u00fcpi metalle, sealhulgas kulda, h\u00f5bedat, vaske, roostevaba terast, messingit ja titaani. Sinine laser t\u00f6\u00f6tab puidu, akr\u00fc\u00fcli, naha, klaasi, kummi, kanga ja muuga. M\u00e4rkus: l\u00e4bipaistvad v\u00f5i peegeldavad materjalid vajavad enne graveerimist musta kattekihti <\/li>\n<\/ul>","protected":false},"featured_media":449865,"comment_status":"open","ping_status":"open","template":"","meta":{"om_disable_all_campaigns":false,"_uf_show_specific_survey":0,"_uf_disable_surveys":false},"location":[1935,1934],"product_brand":[],"product_cat":[2445,2446,2447,2518,2519],"product_tag":[],"class_list":{"0":"post-232984","1":"product","2":"type-product","3":"status-publish","4":"has-post-thumbnail","6":"location-supplier_stock_location","7":"location-local_stock_location","8":"product_cat-appliances","9":"product_cat-crafts-sewing","10":"product_cat-engraving-cutting","11":"product_cat-laser-engraving-machine-engraving-cutting","12":"product_cat-portable-galvanometer-laser-engraver","14":"first","15":"instock","16":"taxable","17":"shipping-taxable","18":"purchasable","19":"product-type-simple"},"aioseo_notices":[],"locations":[{"id":1935,"name":"Pieg\u0101d\u0101t\u0101ja noliktav\u0101 (5-7dd)","slug":"supplier_stock_location","quantity":"15"},{"id":1934,"name":"R\u012bgas veikal\u0101 (0-2d.d.)","slug":"local_stock_location","quantity":"0"}],"_links":{"self":[{"href":"https:\/\/vevorshop.lv\/et\/wp-json\/wp\/v2\/product\/232984","targetHints":{"allow":["GET"]}}],"collection":[{"href":"https:\/\/vevorshop.lv\/et\/wp-json\/wp\/v2\/product"}],"about":[{"href":"https:\/\/vevorshop.lv\/et\/wp-json\/wp\/v2\/types\/product"}],"replies":[{"embeddable":true,"href":"https:\/\/vevorshop.lv\/et\/wp-json\/wp\/v2\/comments?post=232984"}],"wp:featuredmedia":[{"embeddable":true,"href":"https:\/\/vevorshop.lv\/et\/wp-json\/wp\/v2\/media\/449865"}],"wp:attachment":[{"href":"https:\/\/vevorshop.lv\/et\/wp-json\/wp\/v2\/media?parent=232984"}],"wp:term":[{"taxonomy":"location","embeddable":true,"href":"https:\/\/vevorshop.lv\/et\/wp-json\/wp\/v2\/location?post=232984"},{"taxonomy":"product_brand","embeddable":true,"href":"https:\/\/vevorshop.lv\/et\/wp-json\/wp\/v2\/product_brand?post=232984"},{"taxonomy":"product_cat","embeddable":true,"href":"https:\/\/vevorshop.lv\/et\/wp-json\/wp\/v2\/product_cat?post=232984"},{"taxonomy":"product_tag","embeddable":true,"href":"https:\/\/vevorshop.lv\/et\/wp-json\/wp\/v2\/product_tag?post=232984"}],"curies":[{"name":"wp","href":"https:\/\/api.w.org\/{rel}","templated":true}]}}