{"id":234813,"date":"2026-02-25T15:11:27","date_gmt":"2026-02-25T13:11:27","guid":{"rendered":"https:\/\/vevorshop.lv\/en_us\/Prece\/vevor-inflatable-bounce-house-4-55-x-3-9-x-2-38-m-with-water-slide-splash-pool-market-booth-for-3-4-kids-ages-3-8-160-kg-max\/"},"modified":"2026-04-29T15:11:54","modified_gmt":"2026-04-29T12:11:54","slug":"vevor-inflatable-bounce-house-4-55-x-3-9-x-2-38-m-with-water-slide-splash-pool-market-booth-for-3-4-kids-ages-3-8-160-kg-max","status":"publish","type":"product","link":"https:\/\/vevorshop.lv\/et\/Prece\/vevor-taispuhutav-porge-maja-4-55-x-3-9-x-2-38-m-koos-veeliumaega-pritsmebasseini-turuputka-3-4-lapsele-vanuses-3-8-160-kg-max\/","title":{"rendered":"VEVOR t\u00e4ispuhutav batuudiloss 4,55 x 3,9 x 2,38 m veeliu, basseini ja turuletiga, 3\u20134 lapsele 3\u20138 a., kuni 160 kg"},"content":{"rendered":"<div style=\"color: #fff!important; font-size: 16px; height: 24px; line-height: 24px; margin-top: -24px; \" class=\"product_original_name\">VEVOR t\u00e4ispuhutav p\u00f5rkemaja, 14,9 x 12,8 x 7,8 jalga t\u00e4ispuhutav p\u00f5rkemaja veelium\u00e4gi, p\u00f5ngerjaloss koos lossip\u00f5rgetega, pikk lium\u00e4gi, pritsmebassein ja teesklemisturu kabiin, 3-4 lapsele vanuses 3-8 aastat<\/div>\n<div style=\"color: #fff!important; font-size: 16px; height: 24px; line-height: 24px; margin-top: -24px; \" class=\"product_sku\">MM206AS4<\/div>\n<div style=\"color: #fff!important; font-size: 16px; height: 24px; line-height: 24px; margin-top: -24px; \" class=\"product_mpn\">CQCBKWSLXSCGBR7TC001V2<\/div><div id=\"js-DM_at-goodDescRich\"><html><head><style>  body {    font-family: Arial;    line-height: 1.5;    color: #1c1c1c;    overflow-x: hidden;    margin: 0;    padding: 0;  }  .MsoNormal b {    font-weight: bolder;  }<\/style><style>  .container.small {    width: 970px;    margin: 0 auto;  }  .logo {    margin: 0 auto 0;  }  .logo img {    display: block;    margin: 0 auto;    max-width: 100%;  }  .logo .pc-banner {    display: block;    width: 1200px;    height: 247.4px;    margin: 0 auto;  }  .logo .pc-banner.small {    width: 970px;  }  .logo .pc-banner.small img {    height: auto!important;  }  .logo .m-banner {    display: none;  }  .ytvideo {    position: relative;    height: 546px;    width: 100%;    margin: 0 auto;  }  .ytvideo img {    width: 100%;    margin: 0 auto;  }  .ytvideo .play-btn {    width: 60px;    height: 42px;    position: absolute;    top: 50%;    left: 50%;    transform: translate(-50%, -50%);    background: url(\"data:image\/png;base64,iVBORw0KGgoAAAANSUhEUgAAAGQAAABGCAMAAAANWMFbAAAC+lBMVEUAAADBGB3kLCfBGB3kLCfcJC7BFx3KKSbiKybkLCbWJCPSIiLSIiLPICHAFx3kLCfgKSXNHiDZJiTIGx\/p4eHcjo7LHSDbJyTkLCbjKyfOHyHPIiL28fHJHB\/GGh7EGR7eKCXDGB3RISHlLSbBGB3AFxzGHB7DGB7BGB3hKybkKybAFx3lLCfAFxzDGR3hKibDGB7cJyTmz8\/elJTlwcHjurrUIyLlLSflLSfAFx3DGR7lLSfCFx3hKibhKibhKybjKybkLCblLSfbJSX49vbx7e3NNzjNMTLMJyjVIyLZf3\/ZQ0LaeHjx0tLgoqLkLCfCGB3HGx\/BGB3BFx3PICHCGB7WJCLOHyC\/Fxy\/Fx3lLCfQISHkLSe\/FxzbJiTBFx3FGx\/AGB7BFx3EGR7AGB3HHSDfKiXAFh3TISHYNzbhKibbJyTTIiL57e325+f039\/v2NjUV1fOHiHiqanfmprch4feKSXVIyPOICHmLibFGh\/mLSe\/Fx7XJCPeKSXXJSPNHyHaJyTGGh7lLCbmLCflLSjSIiLkLCbdKSXLHiC\/GB3KHh++Fh3lKyfoLiXcKCPkx8fYb2\/XaGfVXl3aU1LLHiDksbHgKibPICHbJyTfKSXbJyTCGB3KHSDiKybFGh7TIiL\/\/\/\/VIyPRISHIHB\/GGx\/HHB\/DGR7gKibdKCXLHiDZJiTMHiDNHyHYJSTOICHPICHWJCPcKCXXJSPjLCblLCf+\/f3NGR\/uLijzLynPGR\/IGB7WISHaIyLLGh7UAADxLynNAADRLzDbICLQAADIAAD3MCrUHSHXMTDpKSbLAADp5OTij4\/ejo\/VLy\/1LyngJSTcJCPQHx\/OHB7+\/PzaMS\/OLS\/vLijrLSjSAADaNTPwLyjkKSbNJCbYISHPHB\/KGB7WAAD7+vrn3d3aKynTKCjoLCfsKifRGh\/YAADq5+fhjo7QNDXXKCfmJyXt5+fTLzDLLi\/QKivYHRvMGBrQJCXLISPMExXLDxLaEAvkkI\/bOTfaFQ\/SCgpvLcnHAAAAmnRSTlMA+vv7+gT9Bvf9+8z8\/NSv\/Pr5+P7++vnQIBMP\/v38\/Pn348XDiCYf9OjbzcqxXVcx\/fz8+\/rj1r2poo1+fXFqX0orGP7+\/v7+\/fz8+\/r68uzn4trIxsG\/vri3p6GcmZSNbWVYUUZEPQv+\/f39+\/v7+\/v7+vr64tvV1NTTz87FtbSurqeblJKFg4B3bUY+NjL7+\/v7+\/v67t1cDo8JLQAABkRJREFUWMO0kz9rwkAYh0OIeJkum6YugUAhISCdKoj\/P4C7SMdS+gEKIhSKil10LSg4mzXkILdlEpxCpwTiWOLX6BujvQaEQuGeHLnL+\/64J+SIcKGYTYWnntpdLjrVdqvZmNdn0+EE40GtpuuWVS6Xx6N7YDSGpWXpeq02wHgynM7q80az1a52HpddtVcpsi1zFARBrdaxbhp9iUReTGmwA4KAAr7vx3EYejnCMI6hQYEgy0LQi4jUN0wL19vqFcUC9\/1dAKmEEFkWRYkh5oBejnxQJiSJPJ\/uKBp0Thszx9Mw8hMRIQjKsptCfuES9zr5WJY6vSFCIvE9fCMUmEM1A1kSXcYGxgVYsvI1IPKTZciSTI0us\/SMGG04gDzELDoFBwdcFJrF88dqgYMTiL6DILWYyfOWE8\/kIz38olCNlC03FK95+imxp6y4oUSvAnBjHHhKNtotSDqJzVFiK8c2SBqhZtsrTtgrLXwAyduxZHNE26eHUt5rtuM4WSmds3G+sUdWYo1L+XyxButoh5eKUHk5lByO3G1LqqCWVnfrv\/lyPtf\/4ps1cndNGIri8J1TJ0lx6dR\/oPjq1nbRwdp2dCk4CtIOLW3pVKRL6WZfS5vF2KkIQhpwSsjiYIgNCs1gEMGqiIq24NQX9NwoXFy8Ufrl3twTcg4fv8T9\/JBEySduj6Mjm4bMzYV7EEOxKjjoNDud7yY3Dy71Hq2oLmqfbNR723edH9PgMrNL2utoQ3VmaIDkiw\/4w51P06hlZsTZvkRrbVuSIs\/zwSOsycgzStQouoAkWQqioRT5XI7n2Z1wfVhoZmcAJLsoqjqpjbWCgpOAJXBwHK8PzWbNvoUZJND5wCnSkLAkZ1legx6vqQzjoiTahKlGUGLAiIIoABOHaNVw4sexZBym6\/HWlH5h3IC7yRbxtipcWxdTOkORKiNQAEkFf66x5S2oeRbroOlLgg0sSYkR0hRGEqJZ0jTPiQKatESdBckpWigxaapEH0lImHdWu9pUFF2XqMNM2Z4kped7IwEJw2qabwtrQqnpw6HyKkgcadKWsmpywwesDyIhYRpdzXddqegtGIJlXbAIUMOLkGxJUjRIkokwjUaX9d\/kK62ps\/tYUqZLIMkLTyBhsMZ3C5Z\/kDxOSCb\/DOs\/\/J0qcWSX\/2ipe56EgTCA4\/cB7NAYOsni4mZM1MUPAISoEwkDi4lhVBQ1cWQyIcwalw4EpqZN68JUSK7XC0kTlkLYii5uXSC8jT5ncCAS7mjCv0uHp\/3lueHEEAeQ\/\/VgmdN71\/2uCSA1Xr6DO6uI6sW56zqT2tp2PhgiRUAajV8CY2fkcz6WGNKMgLAt7tJAhD4YHMTeRxlALE6+43WqjSWi8ITxyJl8WrwWSNESQZZOqhDDntO3hJLsd5RtSpbJqdv3YrDJH3F7jL1R2O2aQkn2MyCyKYz0GPGIvSAMgBCrCEiJyKbBaYGwLW4uPRr0A0M4Ux5kUI7IBh+hMdiCEWNqhMZGyYMsOgNE58UQuEQeUnSWCMYwL54hkxK6IoqucQZbQ3pc3XtL0lky1dL0zZJJDpWJovFqpWj6JEHnyam2eQp5QRVAVHjWparTOaVwUOx99YS2MvgxIGV0bb+qIg2HX2qkFFJB+XZcbLiuRkuxD9GRroKyveLxdh4d7Orx+hb7qc3uVRuEogCOnyIxm4ubUoPgF4jianDrC+SDQDKEfJb0GUKmjCGPYHGJvVC6X4hw1\/sAfQAdfYyephIaspXe36RwOP+Ljvfx9B6B3i+Nk0DGq+oCbLn6JpBa9nWAveAIHwFAwtVcIJXPMPL8kRu5OAYPMaL1WScTxjiZDqB9LTJSWphow\/pTYKRTLjCBhvi9iBidvKcDasGSm0QQkycYuLBqj6QCELPctqChDWpTRMWkngNNpQ1Pfp1KkiT\/Y0DGffXAweUNfLAfaJFKDwhb6I+bkYRbkERoEeu3Fyjg2opMz2daZCS9jt6Q7txNfB+OZEVF6Zl5web2xunnLQrtrjXseXKaFYziYINeMFZVxS9VxRhOoesYwxPKXm+gWLG9cuFeq93UNNeJNsf1KlwuDok9n02n3TgIJpOxNfL9naIoQwXtfH9kjceTIIi709ncTg6LZbg+biLH1V6u\/7rxBem06VXKn9raAAAAAElFTkSuQmCC\")      no-repeat center center \/ contain;  }  @media screen and (max-width: 960px) and (orientation: portrait) {    .logo {      width: 100%;    }    .logo .pc-banner {      display: none;    }    .logo .m-banner {      display: block;      width: 100%;    }    .logo .m-banner img {      height: auto!important;    }    .ytvideo {      height: 200px;      width: 100%;    }  }<\/style><style>  .video-section {    width: 100%;    margin: 0 auto;  }  .video-section > img {    width: 100%;  }  .video-section iframe,  .video-section video {    width: 100%;    height: 100%;      }  .video-section-img-m,  .video-section-img-pc > img {    width: 100%;    height: auto;  }  .video-section-img-pc.small > img {    width: 970px;  }  .video-desc {    line-height: 1.5;    font-size: 20px;    font-weight: 400;    margin: 20px 0;    text-align: center;    color: #0f1111;    word-break: break-word;  }  @media screen and (max-width: 960px) and (orientation: portrait) {    .video-section {      width: 100%;    }    .video-section-pc,    .video-section-img-pc {      display: none;    }    .video-section-m,    .video-section-img-m {      display: block;    }    .video-desc {      font-size: 15px;    }  }  @media screen and (min-width: 960px) {    .video-section {      width: 100%;      margin: 0 auto;    }    .video-section-pc,    .video-section-img-pc {      display: block;    }    .video-section-m,    .video-section-img-m {      display: none;    }    .video-desc {      font-size: 20px;    }  }<\/style><style>  .section + .section {    margin-top: 35px;  }  .section-title {    text-align: center;    font-weight: bold;    color: #0d1111;    font-family: \"Arial\";    font-size: 32px;    margin: 15px 0;  }  .section-title:empty {    display: none;  }  .section-desc {    text-align: center;    font-weight: normal;    color: #0d1111;    margin-top: 20px;  }  .section-desc:empty {    display: none;  }  .section-img {    width: 1200px;    height: 492px;    margin: 0 auto;    display: block;  }  .section-img.small {    width: 970px;    height: auto;  }  .section-img.small > img {    height: auto;  }  .section-img > img {    width: 100%;    height: 100%;  }  .section-mobile-img {    display: none;    max-width: 100vw;    max-height: 75vw;    height: 450px;    margin: 0 auto;  }  .section-mobile-img > img {    width: 100%;    height: 100%;  }  @media screen and (max-width: 960px) and (orientation: portrait) {    .container {      width: 100%;    }    .container.small {      width: 100%;    }    .section-mobile-img {      display: block;    }    .section-img {      display: none;    }    .section-title {      font-size: 22px;      margin: 10px 0;    }    .section-desc {      margin-top: 10px;    }    .section + .section {      margin-top: 20px;    }  }<\/style><\/head><body><div class=\"container\"><div class=\"logo\"><div class=\"pc-banner\"><div><img decoding=\"async\" src=\"\/vevor\/vevor\/boutique-banner\/pc\/en-pc@1x.jpg\" style=\"width: 100%;\" \/><\/div><\/div><div class=\"m-banner\"><div><img decoding=\"async\" src=\"\/vevor\/vevor\/boutique-banner\/mobile\/en-m@1x.jpg\" style=\"width: 100%;\" \/><\/div><\/div><\/div><div class=\"section-title\">T\u00e4ispuhutav Bounce House on l\u00f5busalt t\u00e4idetud tagaaia komplekt aktiivseks m\u00e4ngimiseks<\/div><div class=\"video-section\"><div class=\"video-section-img-pc\"><img decoding=\"async\" src=\"\/vevor\/product\/CQCBKWSLXSCGBR7TC001\/inflatable-bounce-house-a100-1.4.jpg\" \/><\/div><div class=\"video-section-img-m\"><img decoding=\"async\" src=\"\/vevor\/product\/CQCBKWSLXSCGBR7TC001\/inflatable-bounce-house-a100-1.4-m.jpg\" \/><\/div><div class=\"section-desc\">Meie kuiv ja m\u00e4rg kasutamine t\u00e4ispuhutav p\u00f5rge maja sobib ideaalselt s\u00fcnnip\u00e4evadeks, suvisteks koosviibimisteks ja igap\u00e4evaseks tagahoovis l\u00f5butsemiseks. Sellel on h\u00fcppeala, pritsmebassein ja palju muud. Valmistatud paksust 840D+420D Oxfordi kangast ja tugevdatud topelt\u00f5mblustest, sisaldab see t\u00e4ielikku ruumilist v\u00f5rku, mis pakub selget n\u00e4htavust.<\/div><\/div><div class=\"section\"><div class=\"section-title\"><\/div><div class=\"section-img\"><img decoding=\"async\" src=\"\/vevor\/product\/CQCBKWSLXSCGBR7TC001\/inflatable-bounce-house-a100-2.2.jpg\" \/><\/div><div class=\"section-mobile-img\"><img decoding=\"async\" src=\"\/vevor\/product\/CQCBKWSLXSCGBR7TC001\/inflatable-bounce-house-a100-2.2-m.jpg\" \/><\/div><div class=\"section-desc\">See veev\u00e4ljaviskajate loss, millel on suur h\u00fcppeala ja sile lium\u00e4gi, pakub lastele ja peredele mitmeid v\u00f5imalusi \u00fchise m\u00e4nguaja nautimiseks. Uuenduslik teesklev turuboks lisab interaktiivset l\u00f5bu, lastes lastel \u00f5ues m\u00e4ngimise ajal nautida m\u00e4ngulisi hetki ja grupitegevusi s\u00f5pradega.<\/div><\/div><div class=\"section\"><div class=\"section-title\"><\/div><div class=\"section-img\"><img decoding=\"async\" src=\"\/vevor\/product\/CQCBKWSLXSCGBR7TC001\/inflatable-bounce-house-a100-2.3.jpg\" \/><\/div><div class=\"section-mobile-img\"><img decoding=\"async\" src=\"\/vevor\/product\/CQCBKWSLXSCGBR7TC001\/inflatable-bounce-house-a100-2.3-m.jpg\" \/><\/div><div class=\"section-desc\">Ainulaadse disainiga meie t\u00e4ispuhutav p\u00f5rgatav maja veelium\u00e4gi sobib s\u00fcnnip\u00e4evapidudeks, perekondlikeks koosviibimisteks ja suvisteks kodu\u00f5ue\u00fcritusteks. See pakub pidevat p\u00f5rgatamist, libisemist ja fantaasiarikast m\u00e4ngu, pakkudes lastele palju aktiivset l\u00f5bu, luues samal ajal s\u00f5prade ja perega nauditavaid hetki.<\/div><\/div><div class=\"section\"><div class=\"section-title\"><\/div><div class=\"section-img\"><img decoding=\"async\" src=\"\/vevor\/product\/CQCBKWSLXSCGBR7TC001\/inflatable-bounce-house-a100-2.4.jpg\" \/><\/div><div class=\"section-mobile-img\"><img decoding=\"async\" src=\"\/vevor\/product\/CQCBKWSLXSCGBR7TC001\/inflatable-bounce-house-a100-2.4-m.jpg\" \/><\/div><div class=\"section-desc\">See VEVOR laste p\u00f5rgatamise maja veepark \u00fchendab 190T vooderduse vastupidava 840D p\u00f5rketsooniga, et toetada kindlat \u00fcldist kuju. Peamised stressipiirkonnad kasutavad \u00f5mbluse tugevuse parandamiseks topelt\u00f5mblustehnoloogiat, aidates v\u00e4hendada avasid ja v\u00e4hendada ohtu, et lapsed h\u00fcppamise ajal k\u00fclgedelt kukuvad.<\/div><\/div><div class=\"section\"><div class=\"section-title\"><\/div><div class=\"section-img\"><img decoding=\"async\" src=\"\/vevor\/product\/CQCBKWSLXSCGBR7TC001\/inflatable-bounce-house-a100-2.5.jpg\" \/><\/div><div class=\"section-mobile-img\"><img decoding=\"async\" src=\"\/vevor\/product\/CQCBKWSLXSCGBR7TC001\/inflatable-bounce-house-a100-2.5-m.jpg\" \/><\/div><div class=\"section-desc\">Meie veep\u00f5rgeti lossi on lihtne paigaldada ja eemaldada ning t\u00e4itmine viiakse l\u00f5pule kahe minuti jooksul. Enne kasutamist tuleb maapinda kontrollida teravate esemete suhtes. Ladustamiseks l\u00fclitage puhur v\u00e4lja, rullige see \u00fcles ja asetage see k\u00e4sitsi kantavasse kotti. \u00d5mblusteta liimiparandusplaastrid v\u00f5imaldavad lihtsaid parandusi.<\/div><\/div><div class=\"section\"><div class=\"section-img\"><img decoding=\"async\" src=\"\/vevor\/product\/CQCBKWSLXSCGBR7TC001\/inflatable-bounce-house-a100-1.11.jpg\" \/><\/div><div class=\"section-mobile-img\"><img decoding=\"async\" src=\"\/vevor\/product\/CQCBKWSLXSCGBR7TC001\/inflatable-bounce-house-a100-1.11-m.jpg\" \/><\/div><\/div><\/div><\/body><\/html><\/div>\n<div class=\"DM_at-title\" id=\"js-DM_at-title\"> <div>Toote spetsifikatsioon<\/div> <i class=\"icon-arrowup_line\"><\/i> <\/div><div class=\"DM_at-goodsDescAttr\" id=\"js-DM_at-goodsDescAttr\"> <div class=\"DM_at-goodsDescAttrInner\"> <dl class=\"goodsDesc_item goodsDesc_item_even\"> <dt>Punkt Mudeli Number<\/dt> <dd> 82003<\/dd> <\/dl> <dl class=\"goodsDesc_item\"> <dt>Kaal V\u00f5imsus<\/dt> <dd> 353 naela\/160 kg<\/dd> <\/dl> <dl class=\"goodsDesc_item goodsDesc_item_even\"> <dt>Mahutavus (lapsed)<\/dt> <dd> 3 kuni4 (vanuses 3 kuni 8)<\/dd> <\/dl> <dl class=\"goodsDesc_item\"> <dt>Materjal<\/dt> <dd> Oxfordi riie PVC-kihiga<\/dd> <\/dl> <dl class=\"goodsDesc_item goodsDesc_item_even\"> <dt>Neto Kaal<\/dt> <dd> 49,16 naela\/22,3 kg<\/dd> <\/dl> <dl class=\"goodsDesc_item\"> <dt>Toote M\u00f5\u00f5tmed<\/dt> <dd> 14,9 x 12,8 x 7,8 jalga\/4550 x 3900 x 2380 mm<\/dd> <\/dl> <\/div> <\/div>","protected":false},"excerpt":{"rendered":"<ul>\n<li> Eriti suur l\u00f5bu: kui see on t\u00e4ielikult t\u00e4is pumbatud, on meie t\u00e4ispuhutav m\u00e4nguv\u00e4ljak m\u00f5\u00f5tmetega 14,9 x 12,8 x 7,8 jalga\/4550 x 3900 x 2380 mm ja katab umbes 17m2. M\u00e4nguala mahutab korraga mugavalt 3 nudi4 last vanuses 3 nudi8, toetab kuni 353 naela\/160 kg ja pakub kaasahaaravat meelelahutust v\u00e4litingimustes kogu hooaja v\u00e4ltel <\/li>\n<li> Rohkem m\u00e4nguviise: see m\u00e4rja kuiva vee p\u00f5rge, mis on kujundatud laia p\u00f5rgatustsooni, teeskleva m\u00e4nguturu stendi ja pritsmebasseiniga, pakub lastele ja peredele mitmek\u00fclgset l\u00f5bu. Veep\u00fcstol annab \u00fchtlase pihusti jahedat vett, hoides slaidi ja basseini m\u00e4nguvalmis ning luues kaasahaarava t\u00e4ispuhutava veepargi kogemuse <\/li>\n<li> Solid Structure Design: See VEVOR t\u00e4ispuhutav veelium\u00e4gi park \u00fchendab 190T vooder paksu 840D+420D Oxfordi lapiga, et toetada tugevat vormi. Tugevdatud topelt\u00f5mblus parandab \u00f5mbluse j\u00f5udlust, samas kui igak\u00fclgne v\u00f5rgukonstruktsioon v\u00f5imaldab tugevat ventilatsiooni ja k\u00fclje isolatsiooni. CPC sertifikaat kaasas <\/li>\n<li> L\u00e4bim\u00f5eldud disain: v\u00e4rviline v\u00e4liskujundus on loodud selleks, et see vastaks paremini laste eelistustele ja m\u00e4ngukogemustele. See veelium\u00e4ega p\u00f5rkemaja sisaldab \u00f5mblusteta liimiparandusplaastreid kiireks parandamiseks ilma visuaalse m\u00f5juta. Korduvaks kasutamiseks ehitatud see pakub peredele pikaajalist m\u00e4nguv\u00e4\u00e4rtust <\/li>\n<li> Lihtne teisaldada: selle kopsaka majaga on kaasas kandmisk\u00e4epideme kott mugavaks transportimiseks. Paigaldamine ja eemaldamine on lihtsad, t\u00e4ielik t\u00e4itmine v\u00e4hem kui kahe minutiga. Kaasas pandlate kinnitamine, mis hoiavad \u00f5hu v\u00e4ljalaskeava paigal. Enne selle v\u00e4ljapanekut kontrollige maapinda teravate esemete suhtes <\/li>\n<\/ul>","protected":false},"featured_media":451305,"comment_status":"open","ping_status":"open","template":"","meta":{"om_disable_all_campaigns":false,"_uf_show_specific_survey":0,"_uf_disable_surveys":false},"location":[1935,1934],"product_brand":[],"product_cat":[2587,2378,2586],"product_tag":[],"class_list":{"0":"post-234813","1":"product","2":"type-product","3":"status-publish","4":"has-post-thumbnail","6":"location-supplier_stock_location","7":"location-local_stock_location","8":"product_cat-inflatable-bounce","9":"product_cat-sports-outdoors","10":"product_cat-water-recreation-equipment","12":"first","13":"instock","14":"taxable","15":"shipping-taxable","16":"purchasable","17":"product-type-simple"},"aioseo_notices":[],"locations":[{"id":1935,"name":"Pieg\u0101d\u0101t\u0101ja noliktav\u0101 (5-7dd)","slug":"supplier_stock_location","quantity":"15"},{"id":1934,"name":"R\u012bgas veikal\u0101 (0-2d.d.)","slug":"local_stock_location","quantity":"0"}],"_links":{"self":[{"href":"https:\/\/vevorshop.lv\/et\/wp-json\/wp\/v2\/product\/234813","targetHints":{"allow":["GET"]}}],"collection":[{"href":"https:\/\/vevorshop.lv\/et\/wp-json\/wp\/v2\/product"}],"about":[{"href":"https:\/\/vevorshop.lv\/et\/wp-json\/wp\/v2\/types\/product"}],"replies":[{"embeddable":true,"href":"https:\/\/vevorshop.lv\/et\/wp-json\/wp\/v2\/comments?post=234813"}],"wp:featuredmedia":[{"embeddable":true,"href":"https:\/\/vevorshop.lv\/et\/wp-json\/wp\/v2\/media\/451305"}],"wp:attachment":[{"href":"https:\/\/vevorshop.lv\/et\/wp-json\/wp\/v2\/media?parent=234813"}],"wp:term":[{"taxonomy":"location","embeddable":true,"href":"https:\/\/vevorshop.lv\/et\/wp-json\/wp\/v2\/location?post=234813"},{"taxonomy":"product_brand","embeddable":true,"href":"https:\/\/vevorshop.lv\/et\/wp-json\/wp\/v2\/product_brand?post=234813"},{"taxonomy":"product_cat","embeddable":true,"href":"https:\/\/vevorshop.lv\/et\/wp-json\/wp\/v2\/product_cat?post=234813"},{"taxonomy":"product_tag","embeddable":true,"href":"https:\/\/vevorshop.lv\/et\/wp-json\/wp\/v2\/product_tag?post=234813"}],"curies":[{"name":"wp","href":"https:\/\/api.w.org\/{rel}","templated":true}]}}