{"id":234878,"date":"2026-02-25T15:11:27","date_gmt":"2026-02-25T13:11:27","guid":{"rendered":"https:\/\/vevorshop.lv\/en_us\/Prece\/vevor-kids-pull-along-wagon-101-cm-steel-cart-with-foldable-wooden-panels-250-kg-load-25-cm-all-terrain-wheels-for-garden-beach\/"},"modified":"2026-04-17T12:02:38","modified_gmt":"2026-04-17T09:02:38","slug":"vevor-kids-pull-along-wagon-101-cm-steel-cart-with-foldable-wooden-panels-250-kg-load-25-cm-all-terrain-wheels-for-garden-beach","status":"publish","type":"product","link":"https:\/\/vevorshop.lv\/et\/Prece\/vevor-kids-veavad-mooda-vagunit-101-cm-terasest-karu-kokkupandavate-puitpaneelidega-250-kg-koormat-25-cm-maastikurattaid-aiarannale\/","title":{"rendered":"VEVOR laste j\u00e4relveetav 101 cm k\u00e4ru, terasraamiga ja kokkupandavate puit\u00e4\u00e4rtega, 250 kg kandev\u00f5ime, 25 cm maastikurattad aeda ja randa"},"content":{"rendered":"<div style=\"color: #fff!important; font-size: 16px; height: 24px; line-height: 24px; margin-top: -24px; \" class=\"product_original_name\">VEVORi pika t\u00f5mbevagun lastele, 101 cm kokkupandava puitpaneeli ja k\u00e4epidemega v\u00e4ikelastevagunid, toed kuni 250 kg, 25,4 cm maastikurehvid, kasuliku vaguni k\u00e4ru s\u00fcnnip\u00e4evakingitus lastele Aiandusrand<\/div>\n<div style=\"color: #fff!important; font-size: 16px; height: 24px; line-height: 24px; margin-top: -24px; \" class=\"product_sku\">MM2072AY<\/div>\n<div style=\"color: #fff!important; font-size: 16px; height: 24px; line-height: 24px; margin-top: -24px; \" class=\"product_mpn\">JSMZKETTLC19Y61IC001V0<\/div><div id=\"js-DM_at-goodDescRich\"><html><head><style>  body {    font-family: Arial;    line-height: 1.5;    color: #1c1c1c;    overflow-x: hidden;    margin: 0;    padding: 0;  }  .MsoNormal b {    font-weight: bolder;  }<\/style><style>  .container.small {    width: 970px;    margin: 0 auto;  }  .logo {    margin: 0 auto 0;  }  .logo img {    display: block;    margin: 0 auto;    max-width: 100%;  }  .logo .pc-banner {    display: block;    width: 1200px;    height: 247.4px;    margin: 0 auto;  }  .logo .pc-banner.small {    width: 970px;  }  .logo .pc-banner.small img {    height: auto!important;  }  .logo .m-banner {    display: none;  }  .ytvideo {    position: relative;    height: 546px;    width: 100%;    margin: 0 auto;  }  .ytvideo img {    width: 100%;    margin: 0 auto;  }  .ytvideo .play-btn {    width: 60px;    height: 42px;    position: absolute;    top: 50%;    left: 50%;    transform: translate(-50%, -50%);    background: url(\"data:image\/png;base64,iVBORw0KGgoAAAANSUhEUgAAAGQAAABGCAMAAAANWMFbAAAC+lBMVEUAAADBGB3kLCfBGB3kLCfcJC7BFx3KKSbiKybkLCbWJCPSIiLSIiLPICHAFx3kLCfgKSXNHiDZJiTIGx\/p4eHcjo7LHSDbJyTkLCbjKyfOHyHPIiL28fHJHB\/GGh7EGR7eKCXDGB3RISHlLSbBGB3AFxzGHB7DGB7BGB3hKybkKybAFx3lLCfAFxzDGR3hKibDGB7cJyTmz8\/elJTlwcHjurrUIyLlLSflLSfAFx3DGR7lLSfCFx3hKibhKibhKybjKybkLCblLSfbJSX49vbx7e3NNzjNMTLMJyjVIyLZf3\/ZQ0LaeHjx0tLgoqLkLCfCGB3HGx\/BGB3BFx3PICHCGB7WJCLOHyC\/Fxy\/Fx3lLCfQISHkLSe\/FxzbJiTBFx3FGx\/AGB7BFx3EGR7AGB3HHSDfKiXAFh3TISHYNzbhKibbJyTTIiL57e325+f039\/v2NjUV1fOHiHiqanfmprch4feKSXVIyPOICHmLibFGh\/mLSe\/Fx7XJCPeKSXXJSPNHyHaJyTGGh7lLCbmLCflLSjSIiLkLCbdKSXLHiC\/GB3KHh++Fh3lKyfoLiXcKCPkx8fYb2\/XaGfVXl3aU1LLHiDksbHgKibPICHbJyTfKSXbJyTCGB3KHSDiKybFGh7TIiL\/\/\/\/VIyPRISHIHB\/GGx\/HHB\/DGR7gKibdKCXLHiDZJiTMHiDNHyHYJSTOICHPICHWJCPcKCXXJSPjLCblLCf+\/f3NGR\/uLijzLynPGR\/IGB7WISHaIyLLGh7UAADxLynNAADRLzDbICLQAADIAAD3MCrUHSHXMTDpKSbLAADp5OTij4\/ejo\/VLy\/1LyngJSTcJCPQHx\/OHB7+\/PzaMS\/OLS\/vLijrLSjSAADaNTPwLyjkKSbNJCbYISHPHB\/KGB7WAAD7+vrn3d3aKynTKCjoLCfsKifRGh\/YAADq5+fhjo7QNDXXKCfmJyXt5+fTLzDLLi\/QKivYHRvMGBrQJCXLISPMExXLDxLaEAvkkI\/bOTfaFQ\/SCgpvLcnHAAAAmnRSTlMA+vv7+gT9Bvf9+8z8\/NSv\/Pr5+P7++vnQIBMP\/v38\/Pn348XDiCYf9OjbzcqxXVcx\/fz8+\/rj1r2poo1+fXFqX0orGP7+\/v7+\/fz8+\/r68uzn4trIxsG\/vri3p6GcmZSNbWVYUUZEPQv+\/f39+\/v7+\/v7+vr64tvV1NTTz87FtbSurqeblJKFg4B3bUY+NjL7+\/v7+\/v67t1cDo8JLQAABkRJREFUWMO0kz9rwkAYh0OIeJkum6YugUAhISCdKoj\/P4C7SMdS+gEKIhSKil10LSg4mzXkILdlEpxCpwTiWOLX6BujvQaEQuGeHLnL+\/64J+SIcKGYTYWnntpdLjrVdqvZmNdn0+EE40GtpuuWVS6Xx6N7YDSGpWXpeq02wHgynM7q80az1a52HpddtVcpsi1zFARBrdaxbhp9iUReTGmwA4KAAr7vx3EYejnCMI6hQYEgy0LQi4jUN0wL19vqFcUC9\/1dAKmEEFkWRYkh5oBejnxQJiSJPJ\/uKBp0Thszx9Mw8hMRIQjKsptCfuES9zr5WJY6vSFCIvE9fCMUmEM1A1kSXcYGxgVYsvI1IPKTZciSTI0us\/SMGG04gDzELDoFBwdcFJrF88dqgYMTiL6DILWYyfOWE8\/kIz38olCNlC03FK95+imxp6y4oUSvAnBjHHhKNtotSDqJzVFiK8c2SBqhZtsrTtgrLXwAyduxZHNE26eHUt5rtuM4WSmds3G+sUdWYo1L+XyxButoh5eKUHk5lByO3G1LqqCWVnfrv\/lyPtf\/4ps1cndNGIri8J1TJ0lx6dR\/oPjq1nbRwdp2dCk4CtIOLW3pVKRL6WZfS5vF2KkIQhpwSsjiYIgNCs1gEMGqiIq24NQX9NwoXFy8Ufrl3twTcg4fv8T9\/JBEySduj6Mjm4bMzYV7EEOxKjjoNDud7yY3Dy71Hq2oLmqfbNR723edH9PgMrNL2utoQ3VmaIDkiw\/4w51P06hlZsTZvkRrbVuSIs\/zwSOsycgzStQouoAkWQqioRT5XI7n2Z1wfVhoZmcAJLsoqjqpjbWCgpOAJXBwHK8PzWbNvoUZJND5wCnSkLAkZ1legx6vqQzjoiTahKlGUGLAiIIoABOHaNVw4sexZBym6\/HWlH5h3IC7yRbxtipcWxdTOkORKiNQAEkFf66x5S2oeRbroOlLgg0sSYkR0hRGEqJZ0jTPiQKatESdBckpWigxaapEH0lImHdWu9pUFF2XqMNM2Z4kped7IwEJw2qabwtrQqnpw6HyKkgcadKWsmpywwesDyIhYRpdzXddqegtGIJlXbAIUMOLkGxJUjRIkokwjUaX9d\/kK62ps\/tYUqZLIMkLTyBhsMZ3C5Z\/kDxOSCb\/DOs\/\/J0qcWSX\/2ipe56EgTCA4\/cB7NAYOsni4mZM1MUPAISoEwkDi4lhVBQ1cWQyIcwalw4EpqZN68JUSK7XC0kTlkLYii5uXSC8jT5ncCAS7mjCv0uHp\/3lueHEEAeQ\/\/VgmdN71\/2uCSA1Xr6DO6uI6sW56zqT2tp2PhgiRUAajV8CY2fkcz6WGNKMgLAt7tJAhD4YHMTeRxlALE6+43WqjSWi8ITxyJl8WrwWSNESQZZOqhDDntO3hJLsd5RtSpbJqdv3YrDJH3F7jL1R2O2aQkn2MyCyKYz0GPGIvSAMgBCrCEiJyKbBaYGwLW4uPRr0A0M4Ux5kUI7IBh+hMdiCEWNqhMZGyYMsOgNE58UQuEQeUnSWCMYwL54hkxK6IoqucQZbQ3pc3XtL0lky1dL0zZJJDpWJovFqpWj6JEHnyam2eQp5QRVAVHjWparTOaVwUOx99YS2MvgxIGV0bb+qIg2HX2qkFFJB+XZcbLiuRkuxD9GRroKyveLxdh4d7Orx+hb7qc3uVRuEogCOnyIxm4ubUoPgF4jianDrC+SDQDKEfJb0GUKmjCGPYHGJvVC6X4hw1\/sAfQAdfYyephIaspXe36RwOP+Ljvfx9B6B3i+Nk0DGq+oCbLn6JpBa9nWAveAIHwFAwtVcIJXPMPL8kRu5OAYPMaL1WScTxjiZDqB9LTJSWphow\/pTYKRTLjCBhvi9iBidvKcDasGSm0QQkycYuLBqj6QCELPctqChDWpTRMWkngNNpQ1Pfp1KkiT\/Y0DGffXAweUNfLAfaJFKDwhb6I+bkYRbkERoEeu3Fyjg2opMz2daZCS9jt6Q7txNfB+OZEVF6Zl5web2xunnLQrtrjXseXKaFYziYINeMFZVxS9VxRhOoesYwxPKXm+gWLG9cuFeq93UNNeJNsf1KlwuDok9n02n3TgIJpOxNfL9naIoQwXtfH9kjceTIIi709ncTg6LZbg+biLH1V6u\/7rxBem06VXKn9raAAAAAElFTkSuQmCC\")      no-repeat center center \/ contain;  }  @media screen and (max-width: 960px) and (orientation: portrait) {    .logo {      width: 100%;    }    .logo .pc-banner {      display: none;    }    .logo .m-banner {      display: block;      width: 100%;    }    .logo .m-banner img {      height: auto!important;    }    .ytvideo {      height: 200px;      width: 100%;    }  }<\/style><style>  .video-section {    width: 100%;    margin: 0 auto;  }  .video-section > img {    width: 100%;  }  .video-section iframe,  .video-section video {    width: 100%;    height: 100%;      }  .video-section-img-m,  .video-section-img-pc > img {    width: 100%;    height: auto;  }  .video-section-img-pc.small > img {    width: 970px;  }  .video-desc {    line-height: 1.5;    font-size: 20px;    font-weight: 400;    margin: 20px 0;    text-align: center;    color: #0f1111;    word-break: break-word;  }  @media screen and (max-width: 960px) and (orientation: portrait) {    .video-section {      width: 100%;    }    .video-section-pc,    .video-section-img-pc {      display: none;    }    .video-section-m,    .video-section-img-m {      display: block;    }    .video-desc {      font-size: 15px;    }  }  @media screen and (min-width: 960px) {    .video-section {      width: 100%;      margin: 0 auto;    }    .video-section-pc,    .video-section-img-pc {      display: block;    }    .video-section-m,    .video-section-img-m {      display: none;    }    .video-desc {      font-size: 20px;    }  }<\/style><style>  .section + .section {    margin-top: 35px;  }  .section-title {    text-align: center;    font-weight: bold;    color: #0d1111;    font-family: \"Arial\";    font-size: 32px;    margin: 15px 0;  }  .section-title:empty {    display: none;  }  .section-desc {    text-align: center;    font-weight: normal;    color: #0d1111;    margin-top: 20px;  }  .section-desc:empty {    display: none;  }  .section-img {    width: 1200px;    height: 492px;    margin: 0 auto;    display: block;  }  .section-img.small {    width: 970px;    height: auto;  }  .section-img.small > img {    height: auto;  }  .section-img > img {    width: 100%;    height: 100%;  }  .section-mobile-img {    display: none;    max-width: 100vw;    max-height: 75vw;    height: 450px;    margin: 0 auto;  }  .section-mobile-img > img {    width: 100%;    height: 100%;  }  @media screen and (max-width: 960px) and (orientation: portrait) {    .container {      width: 100%;    }    .container.small {      width: 100%;    }    .section-mobile-img {      display: block;    }    .section-img {      display: none;    }    .section-title {      font-size: 22px;      margin: 10px 0;    }    .section-desc {      margin-top: 10px;    }    .section + .section {      margin-top: 20px;    }  }<\/style><\/head><body><div class=\"container\"><div class=\"logo\"><div class=\"pc-banner\"><div><img decoding=\"async\" src=\"\/vevor\/vevor\/boutique-banner\/pc\/en-pc@1x.jpg\" style=\"width: 100%;\" \/><\/div><\/div><div class=\"m-banner\"><div><img decoding=\"async\" src=\"\/vevor\/vevor\/boutique-banner\/mobile\/en-m@1x.jpg\" style=\"width: 100%;\" \/><\/div><\/div><\/div><div class=\"section-title\">Praktiline kaasat\u00f5mmatav vagun lastele<\/div><div class=\"video-section\"><div class=\"video-section-img-pc\"><img decoding=\"async\" src=\"\/vevor\/product\/JSMZKETTLC19Y61IC001\/kids-wagon-a100-1.4.jpg\" \/><\/div><div class=\"video-section-img-m\"><img decoding=\"async\" src=\"\/vevor\/product\/JSMZKETTLC19Y61IC001\/kids-wagon-a100-1.4-m.jpg\" \/><\/div><div class=\"section-desc\">Sellel lastevagunil on turvaline ja stabiilne struktuur, mis sobib ideaalselt matkavarustuse v\u00f5i v\u00e4lispordivarustuse kandmiseks. Kvaliteetsest s\u00fcsinikterasest ja lehtpuust ehitatud see on ehitatud kestma ja v\u00f5ib teie lapsega kaasas k\u00e4ia l\u00e4bi paljude seikluste, pakkudes aastatepikkust usaldusv\u00e4\u00e4rset kasutamist.<\/div><\/div><div class=\"section\"><div class=\"section-title\"><\/div><div class=\"section-img\"><img decoding=\"async\" src=\"\/vevor\/product\/JSMZKETTLC19Y61IC001\/kids-wagon-a100-2.2.jpg\" \/><\/div><div class=\"section-mobile-img\"><img decoding=\"async\" src=\"\/vevor\/product\/JSMZKETTLC19Y61IC001\/kids-wagon-a100-2.2-m.jpg\" \/><\/div><div class=\"section-desc\">Valmistatud esmaklassilisest s\u00fcsinikterasest ja lehtpuidust, pind on kaetud ja t\u00f6\u00f6deldud kaitse\u00f5liga, pakkudes suurep\u00e4rast vastupidavust v\u00e4listingimustes esinevatele ilmastikutingimustele. See talub vihma, p\u00e4ikese k\u00e4es viibimist ja karmi keskkonda, taludes v\u00e4hem hooldust rooste, vee ja mustuse eest<\/div><\/div><div class=\"section\"><div class=\"section-title\"><\/div><div class=\"section-img\"><img decoding=\"async\" src=\"\/vevor\/product\/JSMZKETTLC19Y61IC001\/kids-wagon-a100-2.3.jpg\" \/><\/div><div class=\"section-mobile-img\"><img decoding=\"async\" src=\"\/vevor\/product\/JSMZKETTLC19Y61IC001\/kids-wagon-a100-2.3-m.jpg\" \/><\/div><div class=\"section-desc\">M\u00f5\u00f5tmetega 40,16\" L \u00d7 20,87\" W \u00d7 20,47\" H pakub see v\u00e4ikelapse vagun piisavalt ruumi suure hulga puuviljade, k\u00f6\u00f6giviljade v\u00f5i tarvikute transportimiseks. Ei ole vaja mitut reisi - aidates teil kiiresti ja t\u00f5husalt oma saaki tagasi ladustamiseks transportida.<\/div><\/div><div class=\"section\"><div class=\"section-title\"><\/div><div class=\"section-img\"><img decoding=\"async\" src=\"\/vevor\/product\/JSMZKETTLC19Y61IC001\/kids-wagon-a100-2.4.jpg\" \/><\/div><div class=\"section-mobile-img\"><img decoding=\"async\" src=\"\/vevor\/product\/JSMZKETTLC19Y61IC001\/kids-wagon-a100-2.4-m.jpg\" \/><\/div><div class=\"section-desc\">Plastikust k\u00e4epide on loodud mugavuse ja mugavuse tagamiseks. Erinevalt metallist k\u00e4epidemetest ei tunne see madalatel temperatuuridel k\u00fclma, tagades mugava haarde isegi talvel. See l\u00e4bim\u00f5eldud disain aitab teil keskenduda oma \u00fclesannetele, olenemata ilmastikutingimustest.<\/div><\/div><div class=\"section\"><div class=\"section-title\"><\/div><div class=\"section-img\"><img decoding=\"async\" src=\"\/vevor\/product\/JSMZKETTLC19Y61IC001\/kids-wagon-a100-2.5.jpg\" \/><\/div><div class=\"section-mobile-img\"><img decoding=\"async\" src=\"\/vevor\/product\/JSMZKETTLC19Y61IC001\/kids-wagon-a100-2.5-m.jpg\" \/><\/div><div class=\"section-desc\">See lastevagun, mis on loodud sujuvaks liikumiseks mitmel pinnal, saab h\u00f5lpsasti navigeerida sisep\u00f5randatel, tagaaia murul, kruusateedel ja isegi liivarandadel. Olenemata sellest, kas see on m\u00f5eldud m\u00e4nguajaks v\u00f5i praktiliseks kasutamiseks, on see ehitatud nii, et see k\u00e4sitleks h\u00f5lpsalt laia valikut v\u00e4liskeskkondi.<\/div><\/div><div class=\"section\"><div class=\"section-img\"><img decoding=\"async\" src=\"\/vevor\/product\/JSMZKETTLC19Y61IC001\/kids-wagon-a100-1.11.jpg\" \/><\/div><div class=\"section-mobile-img\"><img decoding=\"async\" src=\"\/vevor\/product\/JSMZKETTLC19Y61IC001\/kids-wagon-a100-1.11-m.jpg\" \/><\/div><\/div><\/div><\/body><\/html><\/div>\n<div class=\"DM_at-title\" id=\"js-DM_at-title\"> <div>Toote spetsifikatsioon<\/div> <i class=\"icon-arrowup_line\"><\/i> <\/div><div class=\"DM_at-goodsDescAttr\" id=\"js-DM_at-goodsDescAttr\"> <div class=\"DM_at-goodsDescAttrInner\"> <dl class=\"goodsDesc_item goodsDesc_item_even\"> <dt>Punkt Mudeli Number<\/dt> <dd> TC4211A<\/dd> <\/dl> <dl class=\"goodsDesc_item\"> <dt>Toote T\u00fc\u00fcp<\/dt> <dd> Metall + puidust vagun<\/dd> <\/dl> <dl class=\"goodsDesc_item goodsDesc_item_even\"> <dt>Sisemine struktuur<\/dt> <dd> Vaguni kere + rattad + t\u00f5mbek\u00e4epide<\/dd> <\/dl> <dl class=\"goodsDesc_item\"> <dt>Vaguni voodi m\u00f5\u00f5tmed (sisemine)<\/dt> <dd> 38,58 \u00d7 18,9 \u00d7 10,63 tolli\/980 \u00d7 480 \u00d7 270 mm<\/dd> <\/dl> <dl class=\"goodsDesc_item goodsDesc_item_even\"> <dt>Vaguni voodi paksus<\/dt> <dd> 0,04 tolli\/0,9 mm<\/dd> <\/dl> <dl class=\"goodsDesc_item\"> <dt>Puidust k\u00fclgpaneeli paksus<\/dt> <dd> 0,31 tolli \/8 mm<\/dd> <\/dl> <dl class=\"goodsDesc_item goodsDesc_item_even\"> <dt>Maksimaalne k\u00e4epideme pikkus<\/dt> <dd> 24.8 in \/ 630 mm<\/dd> <\/dl> <dl class=\"goodsDesc_item\"> <dt>Ratta Suurus<\/dt> <dd> 10 pneumaatilistes ratastes \/25,4 cm pneumaatilistes ratastes<\/dd> <\/dl> <dl class=\"goodsDesc_item goodsDesc_item_even\"> <dt>Kandev\u00f5ime<\/dt> <dd> 551,16 naela \/250 kg<\/dd> <\/dl> <dl class=\"goodsDesc_item\"> <dt>Neto Kaal<\/dt> <dd> 55.56 lbs \/ 25.2 kg<\/dd> <\/dl> <dl class=\"goodsDesc_item goodsDesc_item_even\"> <dt>Toote M\u00f5\u00f5tmed<\/dt> <dd> 46,46 \u00d7 21,65 \u00d7 24,02 tolli \/1180 \u00d7 550 \u00d7 610 mm<\/dd> <\/dl> <\/div> <\/div>","protected":false},"excerpt":{"rendered":"<ul>\n<li> Turvaline ja stabiilne: lastevagunil on tugev ja vastupidav raam, mis toetab kuni 551 naela \/250 kg. See sobib ideaalselt pinnase, v\u00e4etise, matkavarustuse ja muu kandmiseks. Neli 10-tollist kummiratast on vastupidavad ja kulumiskindlad, tagades sujuva s\u00f5idu \u00fcle liiva, muru, kruusa ja erinevate v\u00e4limaastike <\/li>\n<li> Tugev ja vastupidav: see kvaliteetsest s\u00fcsinikterasest valmistatud pulberv\u00e4rvitud viimistlusega terasvagun lastele peab vastu rooste ja pleekimisele, tagades pikaealisuse. Puidust k\u00fclgpaneelid on t\u00f6\u00f6deldud kaitse\u00f5liga, et tagada veekindlus ja plekikindlus, mist\u00f5ttu on seda lihtne puhastada iga ilmaga kasutamiseks. <\/li>\n<li> Mitmek\u00fclgne disain: reguleeritavate ja eemaldatavate k\u00fclgpaneelidega v\u00e4ikelapse vagunit saab kohandada vastavalt erinevatele vajadustele. M\u00f5\u00f5tes 46,46\u2033 L x 21,65\u2033 W x 24,02\u2033 H, on see piisavalt avar, et lapsed saaksid m\u00e4ngida, m\u00e4nguasju ja raamatuid hoida v\u00f5i aiandust\u00f6\u00f6riistu ja talutooteid transportida <\/li>\n<li> Uuendatud k\u00e4epide: lastevagunil on k\u00e4epide, millel on tagasil\u00f6\u00f6givastane vedru, mis takistab selle tagasil\u00f6\u00f6ki ja jalgade l\u00f6\u00f6mist, suurendades turvalisust. S\u00e4\u00e4stvast plastikust valmistatud k\u00e4epide pakub mugavat k\u00e4epidet, mis ei tundu talvel j\u00e4ine, parandades kasutatavust ja \u00fcldist mugavust <\/li>\n<li> Mitme stseeni kasutamine: see lastele m\u00f5eldud kaasat\u00f5mmatav vagun sobib ideaalselt mitmesugusteks v\u00e4liseiklusteks, alates koduaia l\u00f5butsemisest kuni pargipiknikute, rannam\u00e4ngu v\u00f5i telkimisretkedeni. \u00dcks vagun vastab k\u00f5igile teie lapse v\u00e4liseiklusvajadustele <\/li>\n<\/ul>","protected":false},"featured_media":451365,"comment_status":"open","ping_status":"open","template":"","meta":{"om_disable_all_campaigns":false,"_uf_show_specific_survey":0,"_uf_disable_surveys":false},"location":[1935,1934],"product_brand":[],"product_cat":[2593,2370,2592,2594,2365],"product_tag":[],"class_list":{"0":"post-234878","1":"product","2":"type-product","3":"status-publish","4":"has-post-thumbnail","6":"location-supplier_stock_location","7":"location-local_stock_location","8":"product_cat-garden-carts","9":"product_cat-garden-center","10":"product_cat-garden-tools-garden-center","11":"product_cat-kids-pull-along-wagons","12":"product_cat-outdoors","14":"first","15":"instock","16":"taxable","17":"shipping-taxable","18":"purchasable","19":"product-type-simple"},"aioseo_notices":[],"locations":[{"id":1935,"name":"Pieg\u0101d\u0101t\u0101ja noliktav\u0101 (5-7dd)","slug":"supplier_stock_location","quantity":"15"},{"id":1934,"name":"R\u012bgas veikal\u0101 (0-2d.d.)","slug":"local_stock_location","quantity":"0"}],"_links":{"self":[{"href":"https:\/\/vevorshop.lv\/et\/wp-json\/wp\/v2\/product\/234878","targetHints":{"allow":["GET"]}}],"collection":[{"href":"https:\/\/vevorshop.lv\/et\/wp-json\/wp\/v2\/product"}],"about":[{"href":"https:\/\/vevorshop.lv\/et\/wp-json\/wp\/v2\/types\/product"}],"replies":[{"embeddable":true,"href":"https:\/\/vevorshop.lv\/et\/wp-json\/wp\/v2\/comments?post=234878"}],"wp:featuredmedia":[{"embeddable":true,"href":"https:\/\/vevorshop.lv\/et\/wp-json\/wp\/v2\/media\/451365"}],"wp:attachment":[{"href":"https:\/\/vevorshop.lv\/et\/wp-json\/wp\/v2\/media?parent=234878"}],"wp:term":[{"taxonomy":"location","embeddable":true,"href":"https:\/\/vevorshop.lv\/et\/wp-json\/wp\/v2\/location?post=234878"},{"taxonomy":"product_brand","embeddable":true,"href":"https:\/\/vevorshop.lv\/et\/wp-json\/wp\/v2\/product_brand?post=234878"},{"taxonomy":"product_cat","embeddable":true,"href":"https:\/\/vevorshop.lv\/et\/wp-json\/wp\/v2\/product_cat?post=234878"},{"taxonomy":"product_tag","embeddable":true,"href":"https:\/\/vevorshop.lv\/et\/wp-json\/wp\/v2\/product_tag?post=234878"}],"curies":[{"name":"wp","href":"https:\/\/api.w.org\/{rel}","templated":true}]}}