{"id":23556,"date":"2024-11-18T14:00:15","date_gmt":"2024-11-18T14:00:15","guid":{"rendered":"http:\/\/vevorshop.edigo.lv\/Prece\/vevor-manual-retractable-awning-12-x-10-ft-outdoor-patio-awning-retractable-sun-shade-water-resistant-polyester-patio-door-window-awning-sunshade-shelter-with-crank-handle-for-backyard-balcony\/"},"modified":"2026-04-27T14:45:45","modified_gmt":"2026-04-27T11:45:45","slug":"vevor-manual-retractable-awning-12-x-10-ft-outdoor-patio-awning-retractable-sun-shade-water-resistant-polyester-patio-door-window-awning-sunshade-shelter-with-crank-handle-for-backyard-balcony","status":"publish","type":"product","link":"https:\/\/vevorshop.lv\/et\/Prece\/vevor-kasitsi-sissetommatav-markiis-12-x-10-jalga-valiterrassi-markiis-sissetommatav-paikesevari-veekindel-poluester-terrassiukse-akna-markiis-vanda-kaepidemega-paikesevarju-varjualune-tagaaia-rodule\/","title":{"rendered":"VEVOR 3,65x3m K\u00e4sitsi T\u00f5mmatav Varikatus V\u00e4nda abil, UV80+ Veekindel P\u00e4ikesekaitse Terrassile, R\u00f5dule, Aeda v\u00f5i \u00c4rihoonele"},"content":{"rendered":"<div style=\"color: #fff!important; font-size: 16px; height: 24px; line-height: 24px; margin-top: -24px; \" class=\"product_original_name\">VEVOR Manual sisset\u00f5mmatav varikatus, 12 x 10 jalga v\u00e4literrassi varikatus sisset\u00f5mmatav p\u00e4ikesevari, veekindel pol\u00fcester terrassiukse akna varikatus V\u00e4nda k\u00e4epidemega p\u00e4ikesevarju varjualune tagahoovi, r\u00f5du<\/div>\n<div style=\"color: #fff!important; font-size: 16px; height: 24px; line-height: 24px; margin-top: -24px; \" class=\"product_sku\">M4I4KRID<\/div>\n<div style=\"color: #fff!important; font-size: 16px; height: 24px; line-height: 24px; margin-top: -24px; \" class=\"product_mpn\">SSSZYPKQSQBS9HCCKV0<\/div><div id=\"js-DM_at-goodDescRich\"><html><head><style>  body {    font-family: Arial;    line-height: 1.5;    color: #1c1c1c;    overflow-x: hidden;    margin: 0;    padding: 0;  }  .MsoNormal b {    font-weight: bolder;  }<\/style><style>  .container.small {    width: 970px;    margin: 0 auto;  }  .logo {    margin: 0 auto 0;  }  .logo img {    display: block;    margin: 0 auto;    max-width: 100%;  }  .logo .pc-banner {    display: block;    width: 1200px;    height: 247.4px;    margin: 0 auto;  }  .logo .pc-banner.small {    width: 970px;  }  .logo .pc-banner.small img {    height: auto!important;  }  .logo .m-banner {    display: none;  }  .ytvideo {    position: relative;    height: 546px;    width: 100%;    margin: 0 auto;  }  .ytvideo img {    width: 100%;    margin: 0 auto;  }  .ytvideo .play-btn {    width: 60px;    height: 42px;    position: absolute;    top: 50%;    left: 50%;    transform: translate(-50%, -50%);    background: url(\"data:image\/png;base64,iVBORw0KGgoAAAANSUhEUgAAAGQAAABGCAMAAAANWMFbAAAC+lBMVEUAAADBGB3kLCfBGB3kLCfcJC7BFx3KKSbiKybkLCbWJCPSIiLSIiLPICHAFx3kLCfgKSXNHiDZJiTIGx\/p4eHcjo7LHSDbJyTkLCbjKyfOHyHPIiL28fHJHB\/GGh7EGR7eKCXDGB3RISHlLSbBGB3AFxzGHB7DGB7BGB3hKybkKybAFx3lLCfAFxzDGR3hKibDGB7cJyTmz8\/elJTlwcHjurrUIyLlLSflLSfAFx3DGR7lLSfCFx3hKibhKibhKybjKybkLCblLSfbJSX49vbx7e3NNzjNMTLMJyjVIyLZf3\/ZQ0LaeHjx0tLgoqLkLCfCGB3HGx\/BGB3BFx3PICHCGB7WJCLOHyC\/Fxy\/Fx3lLCfQISHkLSe\/FxzbJiTBFx3FGx\/AGB7BFx3EGR7AGB3HHSDfKiXAFh3TISHYNzbhKibbJyTTIiL57e325+f039\/v2NjUV1fOHiHiqanfmprch4feKSXVIyPOICHmLibFGh\/mLSe\/Fx7XJCPeKSXXJSPNHyHaJyTGGh7lLCbmLCflLSjSIiLkLCbdKSXLHiC\/GB3KHh++Fh3lKyfoLiXcKCPkx8fYb2\/XaGfVXl3aU1LLHiDksbHgKibPICHbJyTfKSXbJyTCGB3KHSDiKybFGh7TIiL\/\/\/\/VIyPRISHIHB\/GGx\/HHB\/DGR7gKibdKCXLHiDZJiTMHiDNHyHYJSTOICHPICHWJCPcKCXXJSPjLCblLCf+\/f3NGR\/uLijzLynPGR\/IGB7WISHaIyLLGh7UAADxLynNAADRLzDbICLQAADIAAD3MCrUHSHXMTDpKSbLAADp5OTij4\/ejo\/VLy\/1LyngJSTcJCPQHx\/OHB7+\/PzaMS\/OLS\/vLijrLSjSAADaNTPwLyjkKSbNJCbYISHPHB\/KGB7WAAD7+vrn3d3aKynTKCjoLCfsKifRGh\/YAADq5+fhjo7QNDXXKCfmJyXt5+fTLzDLLi\/QKivYHRvMGBrQJCXLISPMExXLDxLaEAvkkI\/bOTfaFQ\/SCgpvLcnHAAAAmnRSTlMA+vv7+gT9Bvf9+8z8\/NSv\/Pr5+P7++vnQIBMP\/v38\/Pn348XDiCYf9OjbzcqxXVcx\/fz8+\/rj1r2poo1+fXFqX0orGP7+\/v7+\/fz8+\/r68uzn4trIxsG\/vri3p6GcmZSNbWVYUUZEPQv+\/f39+\/v7+\/v7+vr64tvV1NTTz87FtbSurqeblJKFg4B3bUY+NjL7+\/v7+\/v67t1cDo8JLQAABkRJREFUWMO0kz9rwkAYh0OIeJkum6YugUAhISCdKoj\/P4C7SMdS+gEKIhSKil10LSg4mzXkILdlEpxCpwTiWOLX6BujvQaEQuGeHLnL+\/64J+SIcKGYTYWnntpdLjrVdqvZmNdn0+EE40GtpuuWVS6Xx6N7YDSGpWXpeq02wHgynM7q80az1a52HpddtVcpsi1zFARBrdaxbhp9iUReTGmwA4KAAr7vx3EYejnCMI6hQYEgy0LQi4jUN0wL19vqFcUC9\/1dAKmEEFkWRYkh5oBejnxQJiSJPJ\/uKBp0Thszx9Mw8hMRIQjKsptCfuES9zr5WJY6vSFCIvE9fCMUmEM1A1kSXcYGxgVYsvI1IPKTZciSTI0us\/SMGG04gDzELDoFBwdcFJrF88dqgYMTiL6DILWYyfOWE8\/kIz38olCNlC03FK95+imxp6y4oUSvAnBjHHhKNtotSDqJzVFiK8c2SBqhZtsrTtgrLXwAyduxZHNE26eHUt5rtuM4WSmds3G+sUdWYo1L+XyxButoh5eKUHk5lByO3G1LqqCWVnfrv\/lyPtf\/4ps1cndNGIri8J1TJ0lx6dR\/oPjq1nbRwdp2dCk4CtIOLW3pVKRL6WZfS5vF2KkIQhpwSsjiYIgNCs1gEMGqiIq24NQX9NwoXFy8Ufrl3twTcg4fv8T9\/JBEySduj6Mjm4bMzYV7EEOxKjjoNDud7yY3Dy71Hq2oLmqfbNR723edH9PgMrNL2utoQ3VmaIDkiw\/4w51P06hlZsTZvkRrbVuSIs\/zwSOsycgzStQouoAkWQqioRT5XI7n2Z1wfVhoZmcAJLsoqjqpjbWCgpOAJXBwHK8PzWbNvoUZJND5wCnSkLAkZ1legx6vqQzjoiTahKlGUGLAiIIoABOHaNVw4sexZBym6\/HWlH5h3IC7yRbxtipcWxdTOkORKiNQAEkFf66x5S2oeRbroOlLgg0sSYkR0hRGEqJZ0jTPiQKatESdBckpWigxaapEH0lImHdWu9pUFF2XqMNM2Z4kped7IwEJw2qabwtrQqnpw6HyKkgcadKWsmpywwesDyIhYRpdzXddqegtGIJlXbAIUMOLkGxJUjRIkokwjUaX9d\/kK62ps\/tYUqZLIMkLTyBhsMZ3C5Z\/kDxOSCb\/DOs\/\/J0qcWSX\/2ipe56EgTCA4\/cB7NAYOsni4mZM1MUPAISoEwkDi4lhVBQ1cWQyIcwalw4EpqZN68JUSK7XC0kTlkLYii5uXSC8jT5ncCAS7mjCv0uHp\/3lueHEEAeQ\/\/VgmdN71\/2uCSA1Xr6DO6uI6sW56zqT2tp2PhgiRUAajV8CY2fkcz6WGNKMgLAt7tJAhD4YHMTeRxlALE6+43WqjSWi8ITxyJl8WrwWSNESQZZOqhDDntO3hJLsd5RtSpbJqdv3YrDJH3F7jL1R2O2aQkn2MyCyKYz0GPGIvSAMgBCrCEiJyKbBaYGwLW4uPRr0A0M4Ux5kUI7IBh+hMdiCEWNqhMZGyYMsOgNE58UQuEQeUnSWCMYwL54hkxK6IoqucQZbQ3pc3XtL0lky1dL0zZJJDpWJovFqpWj6JEHnyam2eQp5QRVAVHjWparTOaVwUOx99YS2MvgxIGV0bb+qIg2HX2qkFFJB+XZcbLiuRkuxD9GRroKyveLxdh4d7Orx+hb7qc3uVRuEogCOnyIxm4ubUoPgF4jianDrC+SDQDKEfJb0GUKmjCGPYHGJvVC6X4hw1\/sAfQAdfYyephIaspXe36RwOP+Ljvfx9B6B3i+Nk0DGq+oCbLn6JpBa9nWAveAIHwFAwtVcIJXPMPL8kRu5OAYPMaL1WScTxjiZDqB9LTJSWphow\/pTYKRTLjCBhvi9iBidvKcDasGSm0QQkycYuLBqj6QCELPctqChDWpTRMWkngNNpQ1Pfp1KkiT\/Y0DGffXAweUNfLAfaJFKDwhb6I+bkYRbkERoEeu3Fyjg2opMz2daZCS9jt6Q7txNfB+OZEVF6Zl5web2xunnLQrtrjXseXKaFYziYINeMFZVxS9VxRhOoesYwxPKXm+gWLG9cuFeq93UNNeJNsf1KlwuDok9n02n3TgIJpOxNfL9naIoQwXtfH9kjceTIIi709ncTg6LZbg+biLH1V6u\/7rxBem06VXKn9raAAAAAElFTkSuQmCC\")      no-repeat center center \/ contain;  }  @media screen and (max-width: 960px) and (orientation: portrait) {    .logo {      width: 100%;    }    .logo .pc-banner {      display: none;    }    .logo .m-banner {      display: block;      width: 100%;    }    .logo .m-banner img {      height: auto!important;    }    .ytvideo {      height: 200px;      width: 100%;    }  }<\/style><style>  .video-section {    width: 100%;    margin: 0 auto;  }  .video-section > img {    width: 100%;  }  .video-section iframe,  .video-section video {    width: 100%;    height: 100%;      }  .video-section-img-m,  .video-section-img-pc > img {    width: 100%;    height: auto;  }  .video-section-img-pc.small > img {    width: 970px;  }  .video-desc {    line-height: 1.5;    font-size: 20px;    font-weight: 400;    margin: 20px 0;    text-align: center;    color: #0f1111;    word-break: break-word;  }  @media screen and (max-width: 960px) and (orientation: portrait) {    .video-section {      width: 100%;    }    .video-section-pc,    .video-section-img-pc {      display: none;    }    .video-section-m,    .video-section-img-m {      display: block;    }    .video-desc {      font-size: 15px;    }  }  @media screen and (min-width: 960px) {    .video-section {      width: 100%;      margin: 0 auto;    }    .video-section-pc,    .video-section-img-pc {      display: block;    }    .video-section-m,    .video-section-img-m {      display: none;    }    .video-desc {      font-size: 20px;    }  }<\/style><style>  .section + .section {    margin-top: 35px;  }  .section-title {    text-align: center;    font-weight: bold;    color: #0d1111;    font-family: \"Arial\";    font-size: 32px;    margin: 15px 0;  }  .section-title:empty {    display: none;  }  .section-desc {    text-align: center;    font-weight: normal;    color: #0d1111;    margin-top: 20px;  }  .section-desc:empty {    display: none;  }  .section-img {    width: 1200px;    height: 492px;    margin: 0 auto;    display: block;  }  .section-img.small {    width: 970px;    height: auto;  }  .section-img.small > img {    height: auto;  }  .section-img > img {    width: 100%;    height: 100%;  }  .section-mobile-img {    display: none;    max-width: 100vw;    max-height: 75vw;    height: 450px;    margin: 0 auto;  }  .section-mobile-img > img {    width: 100%;    height: 100%;  }  @media screen and (max-width: 960px) and (orientation: portrait) {    .container {      width: 100%;    }    .container.small {      width: 100%;    }    .section-mobile-img {      display: block;    }    .section-img {      display: none;    }    .section-title {      font-size: 22px;      margin: 10px 0;    }    .section-desc {      margin-top: 10px;    }    .section + .section {      margin-top: 20px;    }  }<\/style><\/head><body><div class=\"container\"><div class=\"logo\"><div class=\"pc-banner\"><div><img decoding=\"async\" src=\"\/vevor\/vevor\/boutique-banner\/pc\/en-pc@1x.jpg\" style=\"width: 100%;\" \/><\/div><\/div><div class=\"m-banner\"><div><img decoding=\"async\" src=\"\/vevor\/vevor\/boutique-banner\/mobile\/en-m@1x.jpg\" style=\"width: 100%;\" \/><\/div><\/div><\/div><div class=\"section-title\">Suur 12x10 jalga sise\u00f5ue varikatus sisset\u00f5mmatav<\/div><div class=\"video-section\"><div class=\"video-section-img-pc\"><img decoding=\"async\" src=\"\/vevor\/product\/SSSZYPKQSQBS9HCCK\/patio-awning-retractable-a100-1.4.jpg\" alt=\"VEVOR sisset\u00f5mmatav markiis, mis on paigaldatud kaasaegsele terrassile, pakkudes uv-kaitset, vihmakindlaid ja v\u00e4rvikindlaid eeliseid.\" \/><\/div><div class=\"video-section-img-m\"><img decoding=\"async\" src=\"\/vevor\/product\/SSSZYPKQSQBS9HCCK\/patio-awning-retractable-a100-1.4-m.jpg\" alt=\"VEVOR sisset\u00f5mmatav markiis, mis on paigaldatud kaasaegsele terrassile, pakkudes uv-kaitset, vihmakindlaid ja v\u00e4rvikindlaid eeliseid.\" \/><\/div><div class=\"section-desc\">Lehestik on valmistatud pol\u00fcester 280g kangast veekindel PU kattega, pakkudes UV80+ p\u00e4ikesekaitse, tegelikult blokeerib UV-kiirte eest, samal ajal hoiab sind jahedas ja mugavalt varjus.<\/div><\/div><div class=\"section\"><div class=\"section-title\"><\/div><div class=\"section-img\"><img decoding=\"async\" src=\"\/vevor\/product\/SSSZYPKQSQBS9HCCK\/patio-awning-retractable-a100-2.2.jpg\" alt=\"VEVOR \u00fclest\u00f5stetav markiis: tuulekindel, terastoru, soonikkoes kangas, hingeistme, alumiiniumklambrid, rulltoru.\" \/><\/div><div class=\"section-mobile-img\"><img decoding=\"async\" src=\"\/vevor\/product\/SSSZYPKQSQBS9HCCK\/patio-awning-retractable-a100-2.2-m.jpg\" alt=\"VEVOR \u00fclest\u00f5stetav markiis: tuulekindel, terastoru, soonikkoes kangas, hingeistme, alumiiniumklambrid, rulltoru.\" \/><\/div><div class=\"section-desc\">K\u00e4esolev juhend \u00fclest\u00f5stetav varikatus on toetatud paks terasest torud, tagades stabiilsuse ja talu tuul kuni 4. taseme. Alumiiniumist rull ja kangast pakkuda tugevat toetust, v\u00e4ltida longus ja painutamine.<\/div><\/div><div class=\"section\"><div class=\"section-title\"><\/div><div class=\"section-img\"><img decoding=\"async\" src=\"\/vevor\/product\/SSSZYPKQSQBS9HCCK\/patio-awning-retractable-a100-2.3.jpg\" alt=\"VEVOR sisset\u00f5mmatav markiis, kergesti reguleeritav 40\u00b0 kuni 90\u00b0, ideaalne terrassidele, mugava k\u00e4siv\u00e4ndaga.\" \/><\/div><div class=\"section-mobile-img\"><img decoding=\"async\" src=\"\/vevor\/product\/SSSZYPKQSQBS9HCCK\/patio-awning-retractable-a100-2.3-m.jpg\" alt=\"VEVOR sisset\u00f5mmatav markiis, kergesti reguleeritav 40\u00b0 kuni 90\u00b0, ideaalne terrassidele, mugava k\u00e4siv\u00e4ndaga.\" \/><\/div><div class=\"section-desc\">V\u00e4nda k\u00e4epide v\u00f5imaldab h\u00f5lpsasti reguleerida sisset\u00f5mmatava varikatuse nurka 40\u00b0 kuni 90\u00b0, kohandudes erinevate ilmastikutingimustega. See on ka sisset\u00f5mmatav mugavaks ladustamiseks.<\/div><\/div><div class=\"section\"><div class=\"section-title\"><\/div><div class=\"section-img\"><img decoding=\"async\" src=\"\/vevor\/product\/SSSZYPKQSQBS9HCCK\/patio-awning-retractable-a100-2.4.jpg\" alt=\"VEVORi sisset\u00f5mmatav markiisi paigaldusjuhend koos juhiste, soovitatava k\u00f5rguse, seinat\u00fc\u00fcpide ja kinnitusdetailidega.\" \/><\/div><div class=\"section-mobile-img\"><img decoding=\"async\" src=\"\/vevor\/product\/SSSZYPKQSQBS9HCCK\/patio-awning-retractable-a100-2.4-m.jpg\" alt=\"VEVORi sisset\u00f5mmatav markiisi paigaldusjuhend koos juhiste, soovitatava k\u00f5rguse, seinat\u00fc\u00fcpide ja kinnitusdetailidega.\" \/><\/div><div class=\"section-desc\">Soovitatav paigaldusk\u00f5rgus: 8'-12' ning paketis on kasutusjuhend ja paigaldusriistvara. Palun tutvu paigaldusjuhendiga ning k\u00fcsimuste korral v\u00f5ta meiega julgelt \u00fchendust.<\/div><\/div><div class=\"section\"><div class=\"section-title\"><\/div><div class=\"section-img\"><img decoding=\"async\" src=\"\/vevor\/product\/SSSZYPKQSQBS9HCCK\/patio-awning-retractable-a100-2.5.jpg\" alt=\"VEVOR sisset\u00f5mmatav varikatus tagaaia, aia, r\u00f5du ning ukse- ja aknapaigutuste jaoks.\" \/><\/div><div class=\"section-mobile-img\"><img decoding=\"async\" src=\"\/vevor\/product\/SSSZYPKQSQBS9HCCK\/patio-awning-retractable-a100-2.5-m.jpg\" alt=\"VEVOR sisset\u00f5mmatav varikatus tagaaia, aia, r\u00f5du ning ukse- ja aknapaigutuste jaoks.\" \/><\/div><div class=\"section-desc\">Meie varikatus p\u00e4ikesevarju varjupaik on ideaalne restoranid, kohvikud, kaubanduskeskused, terrass, r\u00f5du ja palju muud, annab varju vihma ja p\u00e4ikese eest, luues lahe ja mugav ruum l\u00f5\u00f5gastumiseks.<\/div><\/div><div class=\"section\"><div class=\"section-img\"><img decoding=\"async\" src=\"\/vevor\/product\/SSSZYPKQSQBS9HCCK\/patio-awning-retractable-a100-1.11.jpg\" alt=\"VEVOR \u00fclest\u00f5stetav markiis, 12x10 jalga, uv80+ kaitse, tuulekindluse tase 4, teras ja alumiinium.\" \/><\/div><div class=\"section-mobile-img\"><img decoding=\"async\" src=\"\/vevor\/product\/SSSZYPKQSQBS9HCCK\/patio-awning-retractable-a100-1.11-m.jpg\" alt=\"VEVOR \u00fclest\u00f5stetav markiis, 12x10 jalga, uv80+ kaitse, tuulekindluse tase 4, teras ja alumiinium.\" \/><\/div><\/div><\/div><\/body><\/html><\/div>\n<div class=\"DM_at-title\" id=\"js-DM_at-title\"> <div>Toote spetsifikatsioon<\/div> <i class=\"icon-arrowup_line\"><\/i> <\/div><div class=\"DM_at-goodsDescAttr\" id=\"js-DM_at-goodsDescAttr\"> <div class=\"DM_at-goodsDescAttrInner\"> <dl class=\"goodsDesc_item goodsDesc_item_even\"> <dt>Punkt Mudeli Number<\/dt> <dd> RA350300<\/dd> <\/dl> <dl class=\"goodsDesc_item\"> <dt>Peamine Materjal<\/dt> <dd> Teras + Alumiinium + 280G Kahepoolne PU Kattega<\/dd> <\/dl> <dl class=\"goodsDesc_item goodsDesc_item_even\"> <dt>Tuule Takistus<\/dt> <dd> Tase 4<\/dd> <\/dl> <dl class=\"goodsDesc_item\"> <dt>P\u00e4ike Kaitse Tase<\/dt> <dd> UV80+<\/dd> <\/dl> <dl class=\"goodsDesc_item goodsDesc_item_even\"> <dt>Toote Kaal<\/dt> <dd> 52 lbs\/23.6 kg<\/dd> <\/dl> <dl class=\"goodsDesc_item\"> <dt>V\u00e4nda K\u00e4epide Suurus<\/dt> <dd> 59 tolli<\/dd> <\/dl> <dl class=\"goodsDesc_item goodsDesc_item_even\"> <dt>Toote Suurus<\/dt> <dd> 12\u00d710 jalga<\/dd> <\/dl> <\/div> <\/div>","protected":false},"excerpt":{"rendered":"<ul>\n<li> P\u00e4ikesevari vihma v\u00f5i s\u00e4ra jaoks: v\u00e4sinud k\u00f5rvetavatest suvedest? Meie 12\u00d710 jala pikkune terrassimarkiis, mis on sisset\u00f5mmatav, on teid katnud. 280 g pol\u00fcestervarikatuse ja veekindla PU-kattega, millel on UV80+ reiting, kaitseb see teid UV-kiirte eest ja hoiab teid kuivana. Sellel on v\u00e4rvikindlus, vastupidavus ja see sobib suurep\u00e4raselt teie hoovis l\u00f5\u00f5gastumiseks. <\/li>\n<li> Ehitatud, et Kesta: K\u00e4esolev k\u00e4siraamat \u00fclest\u00f5stetav varikatus omadused tugev terasest toru toetab t\u00e4iustatud vastupidavust ja kulumiskindlust. \u00dchendused on kinnitatud kruvidega lisatud stabiilsuse ja tuuletakistust (kuni 4. tase). Paksenenud alumiiniumist \u00fclemine toru tagab varikatus on endiselt pingul ja takistab riidest longus. Soovitame retracting ajal selle eest, et pikendada oma eluiga. <\/li>\n<li> Lihtne Nurga Reguleerimine: Lihtsalt keera v\u00e4nda k\u00e4epide kohandada varikatus p\u00e4ikesevarju varjupaik on nurk on 40\u00b0 ja 90\u00b0 mitmek\u00fclgne varju iga ilmaga. Tegevus on sujuv ja mugav. <\/li>\n<li> Paigaldamise N\u00e4pun\u00e4iteid: Assamblee vaja kolme inimest. Soovitatav paigaldamise k\u00f5rgus: 8&#039;-12&#039;. K\u00e4sitsi ja paigaldus riistvara on lisatud. Soovitame paigaldada betoon seina v\u00f5i suur telliskivi seina. Professionaalne n\u00f5ustamine v\u00f5ib olla vajalik s\u00f5ltuvalt teie seina t\u00fc\u00fcbist. Vajalike vahendite (ei ole komplektis): puurida puurida natuke, m\u00f5\u00f5dulint, ja mutriv\u00f5ti. <\/li>\n<li> Mitmek\u00fclgne Kasutamine: \u00c4riline hinne \u00fclest\u00f5stetav varikatus on ideaalne ettev\u00f5tetele, nt restoranid, kohvikud, turg, ja laod, mis pakub varju ja vihma eest. See on ka ideaalne eluruume, nagu t\u00f6\u00f6kojad, aiad, r\u00f5dud ja aknad, pakkudes mugav ja lahe l\u00f5\u00f5gastumiseks. <\/li>\n<\/ul>","protected":false},"featured_media":279008,"comment_status":"closed","ping_status":"open","template":"","meta":{"om_disable_all_campaigns":false,"_uf_show_specific_survey":0,"_uf_disable_surveys":false},"location":[1935,1934],"product_brand":[21],"product_cat":[2595,2411,3636,3637],"product_tag":[],"class_list":{"0":"post-23556","1":"product","2":"type-product","3":"status-publish","4":"has-post-thumbnail","6":"location-supplier_stock_location","7":"location-local_stock_location","8":"product_brand-vevor","9":"product_cat-awnings","10":"product_cat-doors-windows","11":"product_cat-retractable-awnings","12":"product_cat-retractable-patio-awnings","14":"first","15":"instock","16":"taxable","17":"shipping-taxable","18":"purchasable","19":"product-type-simple"},"aioseo_notices":[],"locations":[{"id":1935,"name":"Pieg\u0101d\u0101t\u0101ja noliktav\u0101 (5-7dd)","slug":"supplier_stock_location","quantity":"125"},{"id":1934,"name":"R\u012bgas veikal\u0101 (0-2d.d.)","slug":"local_stock_location","quantity":"0"}],"_links":{"self":[{"href":"https:\/\/vevorshop.lv\/et\/wp-json\/wp\/v2\/product\/23556","targetHints":{"allow":["GET"]}}],"collection":[{"href":"https:\/\/vevorshop.lv\/et\/wp-json\/wp\/v2\/product"}],"about":[{"href":"https:\/\/vevorshop.lv\/et\/wp-json\/wp\/v2\/types\/product"}],"replies":[{"embeddable":true,"href":"https:\/\/vevorshop.lv\/et\/wp-json\/wp\/v2\/comments?post=23556"}],"wp:featuredmedia":[{"embeddable":true,"href":"https:\/\/vevorshop.lv\/et\/wp-json\/wp\/v2\/media\/279008"}],"wp:attachment":[{"href":"https:\/\/vevorshop.lv\/et\/wp-json\/wp\/v2\/media?parent=23556"}],"wp:term":[{"taxonomy":"location","embeddable":true,"href":"https:\/\/vevorshop.lv\/et\/wp-json\/wp\/v2\/location?post=23556"},{"taxonomy":"product_brand","embeddable":true,"href":"https:\/\/vevorshop.lv\/et\/wp-json\/wp\/v2\/product_brand?post=23556"},{"taxonomy":"product_cat","embeddable":true,"href":"https:\/\/vevorshop.lv\/et\/wp-json\/wp\/v2\/product_cat?post=23556"},{"taxonomy":"product_tag","embeddable":true,"href":"https:\/\/vevorshop.lv\/et\/wp-json\/wp\/v2\/product_tag?post=23556"}],"curies":[{"name":"wp","href":"https:\/\/api.w.org\/{rel}","templated":true}]}}