{"id":24004,"date":"2024-11-18T15:02:21","date_gmt":"2024-11-18T15:02:21","guid":{"rendered":"http:\/\/vevorshop.edigo.lv\/Prece\/vevor-compost-bin-43-gal-dual-chamber-composting-tumbler-large-tumbling-rotating-composter-with-2-sliding-doors-and-steel-frame-bpa-free-composter-bin-tumbler-for-garden-kitchen-yard-outdoor\/"},"modified":"2026-04-20T17:34:09","modified_gmt":"2026-04-20T14:34:09","slug":"vevor-compost-bin-43-gal-dual-chamber-composting-tumbler-large-tumbling-rotating-composter-with-2-sliding-doors-and-steel-frame-bpa-free-composter-bin-tumbler-for-garden-kitchen-yard-outdoor","status":"publish","type":"product","link":"https:\/\/vevorshop.lv\/et\/Prece\/vevor-komposti-prugikast-43-gal-kahekambriline-kompostimispunn-suur-trummel-poorlev-komposter-2-lukandukse-ja-terasraamiga-bpa-tasuta-kompostri-prugikast-tumbleriga-aiakoogi-oue-oue\/","title":{"rendered":"VEVOR 162,8L kahe kambriga kompostri trummel \u2013 p\u00f6\u00f6rlev v\u00e4likomposter liugustega, BPA-vaba, aeda ja k\u00f6\u00f6ki"},"content":{"rendered":"<div style=\"color: #fff!important; font-size: 16px; height: 24px; line-height: 24px; margin-top: -24px; \" class=\"product_original_name\">VEVORi kompostikast, 162,8 L kahekambriline kompostimiskompressor, suur trummelp\u00f6\u00f6rlev komposter 2 l\u00fckandukse ja terasraamiga, BPA tasuta kompostri pr\u00fcgikast aia, k\u00f6\u00f6gi, \u00f5ue, v\u00e4listingimustes<\/div>\n<div style=\"color: #fff!important; font-size: 16px; height: 24px; line-height: 24px; margin-top: -24px; \" class=\"product_sku\">M4I4KS48<\/div>\n<div style=\"color: #fff!important; font-size: 16px; height: 24px; line-height: 24px; margin-top: -24px; \" class=\"product_mpn\">FGDFJ43JL000693KAV0<\/div><div id=\"js-DM_at-goodDescRich\"><html><head><style>  body {    font-family: Arial;    line-height: 1.5;    color: #1c1c1c;    overflow-x: hidden;    margin: 0;    padding: 0;  }  .MsoNormal b {    font-weight: bolder;  }<\/style><style>  .container.small {    width: 970px;    margin: 0 auto;  }  .logo {    margin: 0 auto 0;  }  .logo img {    display: block;    margin: 0 auto;    max-width: 100%;  }  .logo .pc-banner {    display: block;    width: 1200px;    height: 247.4px;    margin: 0 auto;  }  .logo .pc-banner.small {    width: 970px;  }  .logo .pc-banner.small img {    height: auto!important;  }  .logo .m-banner {    display: none;  }  .ytvideo {    position: relative;    height: 546px;    width: 100%;    margin: 0 auto;  }  .ytvideo img {    width: 100%;    margin: 0 auto;  }  .ytvideo .play-btn {    width: 60px;    height: 42px;    position: absolute;    top: 50%;    left: 50%;    transform: translate(-50%, -50%);    background: url(\"data:image\/png;base64,iVBORw0KGgoAAAANSUhEUgAAAGQAAABGCAMAAAANWMFbAAAC+lBMVEUAAADBGB3kLCfBGB3kLCfcJC7BFx3KKSbiKybkLCbWJCPSIiLSIiLPICHAFx3kLCfgKSXNHiDZJiTIGx\/p4eHcjo7LHSDbJyTkLCbjKyfOHyHPIiL28fHJHB\/GGh7EGR7eKCXDGB3RISHlLSbBGB3AFxzGHB7DGB7BGB3hKybkKybAFx3lLCfAFxzDGR3hKibDGB7cJyTmz8\/elJTlwcHjurrUIyLlLSflLSfAFx3DGR7lLSfCFx3hKibhKibhKybjKybkLCblLSfbJSX49vbx7e3NNzjNMTLMJyjVIyLZf3\/ZQ0LaeHjx0tLgoqLkLCfCGB3HGx\/BGB3BFx3PICHCGB7WJCLOHyC\/Fxy\/Fx3lLCfQISHkLSe\/FxzbJiTBFx3FGx\/AGB7BFx3EGR7AGB3HHSDfKiXAFh3TISHYNzbhKibbJyTTIiL57e325+f039\/v2NjUV1fOHiHiqanfmprch4feKSXVIyPOICHmLibFGh\/mLSe\/Fx7XJCPeKSXXJSPNHyHaJyTGGh7lLCbmLCflLSjSIiLkLCbdKSXLHiC\/GB3KHh++Fh3lKyfoLiXcKCPkx8fYb2\/XaGfVXl3aU1LLHiDksbHgKibPICHbJyTfKSXbJyTCGB3KHSDiKybFGh7TIiL\/\/\/\/VIyPRISHIHB\/GGx\/HHB\/DGR7gKibdKCXLHiDZJiTMHiDNHyHYJSTOICHPICHWJCPcKCXXJSPjLCblLCf+\/f3NGR\/uLijzLynPGR\/IGB7WISHaIyLLGh7UAADxLynNAADRLzDbICLQAADIAAD3MCrUHSHXMTDpKSbLAADp5OTij4\/ejo\/VLy\/1LyngJSTcJCPQHx\/OHB7+\/PzaMS\/OLS\/vLijrLSjSAADaNTPwLyjkKSbNJCbYISHPHB\/KGB7WAAD7+vrn3d3aKynTKCjoLCfsKifRGh\/YAADq5+fhjo7QNDXXKCfmJyXt5+fTLzDLLi\/QKivYHRvMGBrQJCXLISPMExXLDxLaEAvkkI\/bOTfaFQ\/SCgpvLcnHAAAAmnRSTlMA+vv7+gT9Bvf9+8z8\/NSv\/Pr5+P7++vnQIBMP\/v38\/Pn348XDiCYf9OjbzcqxXVcx\/fz8+\/rj1r2poo1+fXFqX0orGP7+\/v7+\/fz8+\/r68uzn4trIxsG\/vri3p6GcmZSNbWVYUUZEPQv+\/f39+\/v7+\/v7+vr64tvV1NTTz87FtbSurqeblJKFg4B3bUY+NjL7+\/v7+\/v67t1cDo8JLQAABkRJREFUWMO0kz9rwkAYh0OIeJkum6YugUAhISCdKoj\/P4C7SMdS+gEKIhSKil10LSg4mzXkILdlEpxCpwTiWOLX6BujvQaEQuGeHLnL+\/64J+SIcKGYTYWnntpdLjrVdqvZmNdn0+EE40GtpuuWVS6Xx6N7YDSGpWXpeq02wHgynM7q80az1a52HpddtVcpsi1zFARBrdaxbhp9iUReTGmwA4KAAr7vx3EYejnCMI6hQYEgy0LQi4jUN0wL19vqFcUC9\/1dAKmEEFkWRYkh5oBejnxQJiSJPJ\/uKBp0Thszx9Mw8hMRIQjKsptCfuES9zr5WJY6vSFCIvE9fCMUmEM1A1kSXcYGxgVYsvI1IPKTZciSTI0us\/SMGG04gDzELDoFBwdcFJrF88dqgYMTiL6DILWYyfOWE8\/kIz38olCNlC03FK95+imxp6y4oUSvAnBjHHhKNtotSDqJzVFiK8c2SBqhZtsrTtgrLXwAyduxZHNE26eHUt5rtuM4WSmds3G+sUdWYo1L+XyxButoh5eKUHk5lByO3G1LqqCWVnfrv\/lyPtf\/4ps1cndNGIri8J1TJ0lx6dR\/oPjq1nbRwdp2dCk4CtIOLW3pVKRL6WZfS5vF2KkIQhpwSsjiYIgNCs1gEMGqiIq24NQX9NwoXFy8Ufrl3twTcg4fv8T9\/JBEySduj6Mjm4bMzYV7EEOxKjjoNDud7yY3Dy71Hq2oLmqfbNR723edH9PgMrNL2utoQ3VmaIDkiw\/4w51P06hlZsTZvkRrbVuSIs\/zwSOsycgzStQouoAkWQqioRT5XI7n2Z1wfVhoZmcAJLsoqjqpjbWCgpOAJXBwHK8PzWbNvoUZJND5wCnSkLAkZ1legx6vqQzjoiTahKlGUGLAiIIoABOHaNVw4sexZBym6\/HWlH5h3IC7yRbxtipcWxdTOkORKiNQAEkFf66x5S2oeRbroOlLgg0sSYkR0hRGEqJZ0jTPiQKatESdBckpWigxaapEH0lImHdWu9pUFF2XqMNM2Z4kped7IwEJw2qabwtrQqnpw6HyKkgcadKWsmpywwesDyIhYRpdzXddqegtGIJlXbAIUMOLkGxJUjRIkokwjUaX9d\/kK62ps\/tYUqZLIMkLTyBhsMZ3C5Z\/kDxOSCb\/DOs\/\/J0qcWSX\/2ipe56EgTCA4\/cB7NAYOsni4mZM1MUPAISoEwkDi4lhVBQ1cWQyIcwalw4EpqZN68JUSK7XC0kTlkLYii5uXSC8jT5ncCAS7mjCv0uHp\/3lueHEEAeQ\/\/VgmdN71\/2uCSA1Xr6DO6uI6sW56zqT2tp2PhgiRUAajV8CY2fkcz6WGNKMgLAt7tJAhD4YHMTeRxlALE6+43WqjSWi8ITxyJl8WrwWSNESQZZOqhDDntO3hJLsd5RtSpbJqdv3YrDJH3F7jL1R2O2aQkn2MyCyKYz0GPGIvSAMgBCrCEiJyKbBaYGwLW4uPRr0A0M4Ux5kUI7IBh+hMdiCEWNqhMZGyYMsOgNE58UQuEQeUnSWCMYwL54hkxK6IoqucQZbQ3pc3XtL0lky1dL0zZJJDpWJovFqpWj6JEHnyam2eQp5QRVAVHjWparTOaVwUOx99YS2MvgxIGV0bb+qIg2HX2qkFFJB+XZcbLiuRkuxD9GRroKyveLxdh4d7Orx+hb7qc3uVRuEogCOnyIxm4ubUoPgF4jianDrC+SDQDKEfJb0GUKmjCGPYHGJvVC6X4hw1\/sAfQAdfYyephIaspXe36RwOP+Ljvfx9B6B3i+Nk0DGq+oCbLn6JpBa9nWAveAIHwFAwtVcIJXPMPL8kRu5OAYPMaL1WScTxjiZDqB9LTJSWphow\/pTYKRTLjCBhvi9iBidvKcDasGSm0QQkycYuLBqj6QCELPctqChDWpTRMWkngNNpQ1Pfp1KkiT\/Y0DGffXAweUNfLAfaJFKDwhb6I+bkYRbkERoEeu3Fyjg2opMz2daZCS9jt6Q7txNfB+OZEVF6Zl5web2xunnLQrtrjXseXKaFYziYINeMFZVxS9VxRhOoesYwxPKXm+gWLG9cuFeq93UNNeJNsf1KlwuDok9n02n3TgIJpOxNfL9naIoQwXtfH9kjceTIIi709ncTg6LZbg+biLH1V6u\/7rxBem06VXKn9raAAAAAElFTkSuQmCC\")      no-repeat center center \/ contain;  }  @media screen and (max-width: 960px) and (orientation: portrait) {    .logo {      width: 100%;    }    .logo .pc-banner {      display: none;    }    .logo .m-banner {      display: block;      width: 100%;    }    .logo .m-banner img {      height: auto!important;    }    .ytvideo {      height: 200px;      width: 100%;    }  }<\/style><style>  .video-section {    width: 100%;    margin: 0 auto;  }  .video-section > img {    width: 100%;  }  .video-section iframe,  .video-section video {    width: 100%;    height: 100%;      }  .video-section-img-m,  .video-section-img-pc > img {    width: 100%;    height: auto;  }  .video-section-img-pc.small > img {    width: 970px;  }  .video-desc {    line-height: 1.5;    font-size: 20px;    font-weight: 400;    margin: 20px 0;    text-align: center;    color: #0f1111;    word-break: break-word;  }  @media screen and (max-width: 960px) and (orientation: portrait) {    .video-section {      width: 100%;    }    .video-section-pc,    .video-section-img-pc {      display: none;    }    .video-section-m,    .video-section-img-m {      display: block;    }    .video-desc {      font-size: 15px;    }  }  @media screen and (min-width: 960px) {    .video-section {      width: 100%;      margin: 0 auto;    }    .video-section-pc,    .video-section-img-pc {      display: block;    }    .video-section-m,    .video-section-img-m {      display: none;    }    .video-desc {      font-size: 20px;    }  }<\/style><style>  .section + .section {    margin-top: 35px;  }  .section-title {    text-align: center;    font-weight: bold;    color: #0d1111;    font-family: \"Arial\";    font-size: 32px;    margin: 15px 0;  }  .section-title:empty {    display: none;  }  .section-desc {    text-align: center;    font-weight: normal;    color: #0d1111;    margin-top: 20px;  }  .section-desc:empty {    display: none;  }  .section-img {    width: 1200px;    height: 492px;    margin: 0 auto;    display: block;  }  .section-img.small {    width: 970px;    height: auto;  }  .section-img.small > img {    height: auto;  }  .section-img > img {    width: 100%;    height: 100%;  }  .section-mobile-img {    display: none;    max-width: 100vw;    max-height: 75vw;    height: 450px;    margin: 0 auto;  }  .section-mobile-img > img {    width: 100%;    height: 100%;  }  @media screen and (max-width: 960px) and (orientation: portrait) {    .container {      width: 100%;    }    .container.small {      width: 100%;    }    .section-mobile-img {      display: block;    }    .section-img {      display: none;    }    .section-title {      font-size: 22px;      margin: 10px 0;    }    .section-desc {      margin-top: 10px;    }    .section + .section {      margin-top: 20px;    }  }<\/style><\/head><body><div class=\"container\"><div class=\"logo\"><div class=\"pc-banner\"><div><img decoding=\"async\" src=\"\/vevor\/vevor\/boutique-banner\/pc\/en-pc@1x.jpg\" style=\"width: 100%;\" \/><\/div><\/div><div class=\"m-banner\"><div><img decoding=\"async\" src=\"\/vevor\/vevor\/boutique-banner\/mobile\/en-m@1x.jpg\" style=\"width: 100%;\" \/><\/div><\/div><\/div><div class=\"section-title\">Roheline Elu, alates Kompostimise<\/div><div class=\"video-section\"><div class=\"video-section-img-pc\"><img decoding=\"async\" src=\"\/vevor\/product\/FGDFJ43JL000693KA\/tumbling-composter-a100-1.4.jpg\" \/><\/div><div class=\"video-section-img-m\"><img decoding=\"async\" src=\"\/vevor\/product\/FGDFJ43JL000693KA\/tumbling-composter-a100-1.4-m.jpg\" \/><\/div><div class=\"section-desc\">Dual-koda komposti bin v\u00f5imaldab s\u00e4ilitada pidev kompostimine vaevata. Kuigi \u00fcks koda on h\u00f5ivatud kompostimine, saad mugavalt lisada uusi orgaanilise aine teistele. Ei ole vaja oodata, kuni \u00fche partii l\u00f5puni, enne kui algab j\u00e4rgmine.<\/div><\/div><div class=\"section\"><div class=\"section-title\">Kasutajas\u00f5bralik Disain<\/div><div class=\"section-img\"><img decoding=\"async\" src=\"\/vevor\/product\/FGDFJ43JL000693KA\/tumbling-composter-a100-2.2.jpg\" \/><\/div><div class=\"section-mobile-img\"><img decoding=\"async\" src=\"\/vevor\/product\/FGDFJ43JL000693KA\/tumbling-composter-a100-2.2-m.jpg\" \/><\/div><div class=\"section-desc\">Aiakompostri pr\u00fcgikastil on 360\u00b0 trummelkujundus; k\u00e4sitsi segamist pole vaja. Regulaarne p\u00f6\u00f6rlemine saavutab optimaalsed kompostimistulemused, pakkudes teie aiandusreisile enneolematut mugavust.<\/div><\/div><div class=\"section\"><div class=\"section-title\">Kasutegur Oma Parima<\/div><div class=\"section-img\"><img decoding=\"async\" src=\"\/vevor\/product\/FGDFJ43JL000693KA\/tumbling-composter-a100-2.3.jpg\" \/><\/div><div class=\"section-mobile-img\"><img decoding=\"async\" src=\"\/vevor\/product\/FGDFJ43JL000693KA\/tumbling-composter-a100-2.3-m.jpg\" \/><\/div><div class=\"section-desc\">S\u00fcgavad sisemised sooned komposti trumlis tagada p\u00f5hjalik materjalide segamine, samas strateegiliselt paigutatud ventilatsioonis\u00fcsteemi pakkuda olulisi hapniku kiire orgaanilise aine lagunemine. H\u00fcvasti ebameeldivad l\u00f5hnad ajal kompostimine.<\/div><\/div><div class=\"section\"><div class=\"section-title\">Suunised Edu<\/div><div class=\"section-img\"><img decoding=\"async\" src=\"\/vevor\/product\/FGDFJ43JL000693KA\/tumbling-composter-a100-2.4.jpg\" \/><\/div><div class=\"section-mobile-img\"><img decoding=\"async\" src=\"\/vevor\/product\/FGDFJ43JL000693KA\/tumbling-composter-a100-2.4-m.jpg\" \/><\/div><div class=\"section-desc\">Et tagada parim komposti kvaliteeti, v\u00e4ltida lisades liha, kala, piimatooted, \u00f5lid, haige taim j\u00e4\u00e4b, lemmiklooma v\u00e4ljaheited, m\u00fcrgised taimed, plastid, metallid, klaas, kemikaalid, ja suured t\u00fckid puidu langema komposter.<\/div><\/div><div class=\"section\"><div class=\"section-title\">Toetust Laiaulatuslik Istutamine<\/div><div class=\"section-img\"><img decoding=\"async\" src=\"\/vevor\/product\/FGDFJ43JL000693KA\/tumbling-composter-a100-2.5.jpg\" \/><\/div><div class=\"section-mobile-img\"><img decoding=\"async\" src=\"\/vevor\/product\/FGDFJ43JL000693KA\/tumbling-composter-a100-2.5-m.jpg\" \/><\/div><div class=\"section-desc\">Olenemata sellest, kas hooldate ulatuslikku aeda, hooldate kogukonna haljasala v\u00f5i kasvatate lopsakat katuseoaasi, on meie kompostrid oma \u00fclesannete k\u00f5rgusel. Need on loodud suurte orgaanilise materjali koguste k\u00e4sitlemiseks ja tagavad t\u00f5husa kompostimise.<\/div><\/div><div class=\"section\"><div class=\"section-img\"><img decoding=\"async\" src=\"\/vevor\/product\/FGDFJ43JL000693KA\/tumbling-composter-a100-1.11.jpg\" \/><\/div><div class=\"section-mobile-img\"><img decoding=\"async\" src=\"\/vevor\/product\/FGDFJ43JL000693KA\/tumbling-composter-a100-1.11-m.jpg\" \/><\/div><\/div><\/div><\/body><\/html><\/div>\n<div class=\"DM_at-title\" id=\"js-DM_at-title\"> <div>Toote spetsifikatsioon<\/div> <i class=\"icon-arrowup_line\"><\/i> <\/div><div class=\"DM_at-goodsDescAttr\" id=\"js-DM_at-goodsDescAttr\"> <div class=\"DM_at-goodsDescAttrInner\"> <dl class=\"goodsDesc_item goodsDesc_item_even\"> <dt>Punkt Mudeli Number<\/dt> <dd> XDB-436B2<\/dd> <\/dl> <dl class=\"goodsDesc_item\"> <dt>Materjal<\/dt> <dd> PP+Q235B<\/dd> <\/dl> <dl class=\"goodsDesc_item goodsDesc_item_even\"> <dt>Max Kaal Laadimine<\/dt> <dd> 110 LBS \/ 50 kg<\/dd> <\/dl> <dl class=\"goodsDesc_item\"> <dt>V\u00f5imsus<\/dt> <dd> 43 Gallonit \/ V\u00f5rra 162,7 Liitrit (-10%\/+5%)<\/dd> <\/dl> <dl class=\"goodsDesc_item goodsDesc_item_even\"> <dt>Toote M\u00f5\u00f5tmed<\/dt> <dd> 29 x 24.6 x 37.6 cm \/ 735 x 625 x 955 mm<\/dd> <\/dl> <dl class=\"goodsDesc_item\"> <dt>Kaal<\/dt> <dd> 21.9 LBS \/ 9.92 kg<\/dd> <\/dl> <\/div> <\/div>","protected":false},"excerpt":{"rendered":"<ul>\n<li> Dual Chamber, K\u00f5rge V\u00f5imsus: Meie komposti bin funktsioone dual kamber helde maht 43 gallonit. Ideaalne on suur pere ja ahne aednikud, saate samaaegselt komposti \u00fches kambris, samas lisades uue orgaanilise materjali teisele, v\u00e4hendades \u00fcldist kompostimise ajal. <\/li>\n<li> Mugav Juurdep\u00e4\u00e4s: dual-koda kompostri trummel funktsioonid eemaldatav l\u00fckanduks suure avause, mist\u00f5ttu on pingutusteta j\u00e4\u00e4tmeid lisada v\u00f5i eemaldada komposti. Komposti bin funktsioone turvaline tihend, mis efektiivselt hoiab \u00e4ra hiired, putukad ja teised kahjurid, tagada ohutu ja t\u00f5hus kompostimine. <\/li>\n<li> Ehitatud, et Kesta: Meisterdatud kvaliteetseid PP materjalid ja toetab tugev metallist komponentide, meie komposti bin v\u00e4ljas uhke j\u00f5uline kandev\u00f5ime 110 lbs. Nad on BPA-vaba, UV-vastupidav ja ilmastikukindel, kestev otsese p\u00e4ikesevalguse k\u00e4tte, typhoons, vihm, lumi, ja rohkem. <\/li>\n<li> Vaevatu Langema: h\u00fcvasti vaeva k\u00e4sitsi segades. Meie langema komposter on innovatiivse 360\u00b0 kukuks, disain tagab p\u00f5hjalik segamine, kiirem lagunemine ja k\u00f5rgema kvaliteediga komposti v\u00e4ljundi. Lihtsalt veeretate seda iga paari p\u00e4eva tagant, ja sul on kompost valmis vaid 4-6 n\u00e4dalat. <\/li>\n<li> Optimeeritud \u00d5huvool: aias komposti trumlis funktsioone, mis on strateegiliselt paigutatud tuulutusavad, et edendada n\u00f5uetekohast \u00f5hu ringlust ning v\u00e4ltida v\u00f5imalikke probleeme. Sisemised sooned t\u00f5husalt l\u00f5hkuda pusad, tagab \u00fchtsete materjalide segamine ja kiirenev lagunemine orgaanilise aine. <\/li>\n<\/ul>","protected":false},"featured_media":279692,"comment_status":"closed","ping_status":"open","template":"","meta":{"om_disable_all_campaigns":false,"_monsterinsights_skip_tracking":false,"_monsterinsights_sitenote_active":false,"_monsterinsights_sitenote_note":"","_monsterinsights_sitenote_category":0,"_uf_show_specific_survey":0,"_uf_disable_surveys":false},"location":[1935,1934],"product_brand":[21],"product_cat":[3577,3576,2370,2365,3675],"product_tag":[],"class_list":{"0":"post-24004","1":"product","2":"type-product","3":"status-publish","4":"has-post-thumbnail","6":"location-supplier_stock_location","7":"location-local_stock_location","8":"product_brand-vevor","9":"product_cat-compost-bins","10":"product_cat-composters","11":"product_cat-garden-center","12":"product_cat-outdoors","13":"product_cat-tumbler-composters","15":"first","16":"instock","17":"taxable","18":"shipping-taxable","19":"purchasable","20":"product-type-simple"},"aioseo_notices":[],"jetpack_sharing_enabled":true,"locations":[{"id":1935,"name":"Pieg\u0101d\u0101t\u0101ja noliktav\u0101 (5-7dd)","slug":"supplier_stock_location","quantity":"96"},{"id":1934,"name":"R\u012bgas veikal\u0101 (0-2d.d.)","slug":"local_stock_location","quantity":"0"}],"_links":{"self":[{"href":"https:\/\/vevorshop.lv\/et\/wp-json\/wp\/v2\/product\/24004","targetHints":{"allow":["GET"]}}],"collection":[{"href":"https:\/\/vevorshop.lv\/et\/wp-json\/wp\/v2\/product"}],"about":[{"href":"https:\/\/vevorshop.lv\/et\/wp-json\/wp\/v2\/types\/product"}],"replies":[{"embeddable":true,"href":"https:\/\/vevorshop.lv\/et\/wp-json\/wp\/v2\/comments?post=24004"}],"wp:featuredmedia":[{"embeddable":true,"href":"https:\/\/vevorshop.lv\/et\/wp-json\/wp\/v2\/media\/279692"}],"wp:attachment":[{"href":"https:\/\/vevorshop.lv\/et\/wp-json\/wp\/v2\/media?parent=24004"}],"wp:term":[{"taxonomy":"location","embeddable":true,"href":"https:\/\/vevorshop.lv\/et\/wp-json\/wp\/v2\/location?post=24004"},{"taxonomy":"product_brand","embeddable":true,"href":"https:\/\/vevorshop.lv\/et\/wp-json\/wp\/v2\/product_brand?post=24004"},{"taxonomy":"product_cat","embeddable":true,"href":"https:\/\/vevorshop.lv\/et\/wp-json\/wp\/v2\/product_cat?post=24004"},{"taxonomy":"product_tag","embeddable":true,"href":"https:\/\/vevorshop.lv\/et\/wp-json\/wp\/v2\/product_tag?post=24004"}],"curies":[{"name":"wp","href":"https:\/\/api.w.org\/{rel}","templated":true}]}}