{"id":24592,"date":"2024-11-18T15:30:31","date_gmt":"2024-11-18T15:30:31","guid":{"rendered":"http:\/\/vevorshop.edigo.lv\/Prece\/vevor-garage-floor-mat-2-3-x-5-79-m-waterproof-protection-from-watersnow-rainmud-and-oil-for-cars-non-slip-heavy-duty-containment-mat-with-tpe-anti-leak-backing-easy-to-clean-cuttable\/"},"modified":"2026-04-20T17:28:04","modified_gmt":"2026-04-20T14:28:04","slug":"vevor-garage-floor-mat-2-3-x-5-79-m-waterproof-protection-from-watersnow-rainmud-and-oil-for-cars-non-slip-heavy-duty-containment-mat-with-tpe-anti-leak-backing-easy-to-clean-cuttable","status":"publish","type":"product","link":"https:\/\/vevorshop.lv\/et\/Prece\/vevor-garaaz-porandamatt-2-3-x-5-79-m-veekindel-kaitse-vee-eestlume-vihmamuda-ja-oli-autodele-libisemiskindel-raskeveokite-kaitsematt-koos-tpe-lekkevastase-tagakuljega-mida-on-lihtne-puhastada-loikat\/","title":{"rendered":"VEVORi garaa\u017eip\u00f5randamatt 2,3\u00d75,79m, 850g\/m\u00b2 raskeveokite veekindel libisemiskindel matt koos TPE-taguse, l\u00f5ikelaua ja h\u00f5lpsasti puhastatavaga"},"content":{"rendered":"<div style=\"color: #fff!important; font-size: 16px; height: 24px; line-height: 24px; margin-top: -24px; \" class=\"product_original_name\">VEVORi garaa\u017ei p\u00f5randamatt, 2,3 x 5,79 M veekindel kaitse vee, lume, vihma, muda ja \u00f5li eest autodele, libisemiskindel raskeveokite isolatsioonimatt koos TPE lekkevastase toega ning h\u00f5lpsasti puhastatav ja l\u00f5igatav<\/div>\n<div style=\"color: #fff!important; font-size: 16px; height: 24px; line-height: 24px; margin-top: -24px; \" class=\"product_sku\">M4I4KSYP<\/div>\n<div style=\"color: #fff!important; font-size: 16px; height: 24px; line-height: 24px; margin-top: -24px; \" class=\"product_mpn\">CKDT7619HHS0GTF4QV0<\/div><div id=\"js-DM_at-goodDescRich\"><html><head><style>  body {    font-family: Arial;    line-height: 1.5;    color: #1c1c1c;    overflow-x: hidden;    margin: 0;    padding: 0;  }  .MsoNormal b {    font-weight: bolder;  }<\/style><style>  .container.small {    width: 970px;    margin: 0 auto;  }  .logo {    margin: 0 auto 0;  }  .logo img {    display: block;    margin: 0 auto;    max-width: 100%;  }  .logo .pc-banner {    display: block;    width: 1200px;    height: 247.4px;    margin: 0 auto;  }  .logo .pc-banner.small {    width: 970px;  }  .logo .pc-banner.small img {    height: auto!important;  }  .logo .m-banner {    display: none;  }  .ytvideo {    position: relative;    height: 546px;    width: 100%;    margin: 0 auto;  }  .ytvideo img {    width: 100%;    margin: 0 auto;  }  .ytvideo .play-btn {    width: 60px;    height: 42px;    position: absolute;    top: 50%;    left: 50%;    transform: translate(-50%, -50%);    background: url(\"data:image\/png;base64,iVBORw0KGgoAAAANSUhEUgAAAGQAAABGCAMAAAANWMFbAAAC+lBMVEUAAADBGB3kLCfBGB3kLCfcJC7BFx3KKSbiKybkLCbWJCPSIiLSIiLPICHAFx3kLCfgKSXNHiDZJiTIGx\/p4eHcjo7LHSDbJyTkLCbjKyfOHyHPIiL28fHJHB\/GGh7EGR7eKCXDGB3RISHlLSbBGB3AFxzGHB7DGB7BGB3hKybkKybAFx3lLCfAFxzDGR3hKibDGB7cJyTmz8\/elJTlwcHjurrUIyLlLSflLSfAFx3DGR7lLSfCFx3hKibhKibhKybjKybkLCblLSfbJSX49vbx7e3NNzjNMTLMJyjVIyLZf3\/ZQ0LaeHjx0tLgoqLkLCfCGB3HGx\/BGB3BFx3PICHCGB7WJCLOHyC\/Fxy\/Fx3lLCfQISHkLSe\/FxzbJiTBFx3FGx\/AGB7BFx3EGR7AGB3HHSDfKiXAFh3TISHYNzbhKibbJyTTIiL57e325+f039\/v2NjUV1fOHiHiqanfmprch4feKSXVIyPOICHmLibFGh\/mLSe\/Fx7XJCPeKSXXJSPNHyHaJyTGGh7lLCbmLCflLSjSIiLkLCbdKSXLHiC\/GB3KHh++Fh3lKyfoLiXcKCPkx8fYb2\/XaGfVXl3aU1LLHiDksbHgKibPICHbJyTfKSXbJyTCGB3KHSDiKybFGh7TIiL\/\/\/\/VIyPRISHIHB\/GGx\/HHB\/DGR7gKibdKCXLHiDZJiTMHiDNHyHYJSTOICHPICHWJCPcKCXXJSPjLCblLCf+\/f3NGR\/uLijzLynPGR\/IGB7WISHaIyLLGh7UAADxLynNAADRLzDbICLQAADIAAD3MCrUHSHXMTDpKSbLAADp5OTij4\/ejo\/VLy\/1LyngJSTcJCPQHx\/OHB7+\/PzaMS\/OLS\/vLijrLSjSAADaNTPwLyjkKSbNJCbYISHPHB\/KGB7WAAD7+vrn3d3aKynTKCjoLCfsKifRGh\/YAADq5+fhjo7QNDXXKCfmJyXt5+fTLzDLLi\/QKivYHRvMGBrQJCXLISPMExXLDxLaEAvkkI\/bOTfaFQ\/SCgpvLcnHAAAAmnRSTlMA+vv7+gT9Bvf9+8z8\/NSv\/Pr5+P7++vnQIBMP\/v38\/Pn348XDiCYf9OjbzcqxXVcx\/fz8+\/rj1r2poo1+fXFqX0orGP7+\/v7+\/fz8+\/r68uzn4trIxsG\/vri3p6GcmZSNbWVYUUZEPQv+\/f39+\/v7+\/v7+vr64tvV1NTTz87FtbSurqeblJKFg4B3bUY+NjL7+\/v7+\/v67t1cDo8JLQAABkRJREFUWMO0kz9rwkAYh0OIeJkum6YugUAhISCdKoj\/P4C7SMdS+gEKIhSKil10LSg4mzXkILdlEpxCpwTiWOLX6BujvQaEQuGeHLnL+\/64J+SIcKGYTYWnntpdLjrVdqvZmNdn0+EE40GtpuuWVS6Xx6N7YDSGpWXpeq02wHgynM7q80az1a52HpddtVcpsi1zFARBrdaxbhp9iUReTGmwA4KAAr7vx3EYejnCMI6hQYEgy0LQi4jUN0wL19vqFcUC9\/1dAKmEEFkWRYkh5oBejnxQJiSJPJ\/uKBp0Thszx9Mw8hMRIQjKsptCfuES9zr5WJY6vSFCIvE9fCMUmEM1A1kSXcYGxgVYsvI1IPKTZciSTI0us\/SMGG04gDzELDoFBwdcFJrF88dqgYMTiL6DILWYyfOWE8\/kIz38olCNlC03FK95+imxp6y4oUSvAnBjHHhKNtotSDqJzVFiK8c2SBqhZtsrTtgrLXwAyduxZHNE26eHUt5rtuM4WSmds3G+sUdWYo1L+XyxButoh5eKUHk5lByO3G1LqqCWVnfrv\/lyPtf\/4ps1cndNGIri8J1TJ0lx6dR\/oPjq1nbRwdp2dCk4CtIOLW3pVKRL6WZfS5vF2KkIQhpwSsjiYIgNCs1gEMGqiIq24NQX9NwoXFy8Ufrl3twTcg4fv8T9\/JBEySduj6Mjm4bMzYV7EEOxKjjoNDud7yY3Dy71Hq2oLmqfbNR723edH9PgMrNL2utoQ3VmaIDkiw\/4w51P06hlZsTZvkRrbVuSIs\/zwSOsycgzStQouoAkWQqioRT5XI7n2Z1wfVhoZmcAJLsoqjqpjbWCgpOAJXBwHK8PzWbNvoUZJND5wCnSkLAkZ1legx6vqQzjoiTahKlGUGLAiIIoABOHaNVw4sexZBym6\/HWlH5h3IC7yRbxtipcWxdTOkORKiNQAEkFf66x5S2oeRbroOlLgg0sSYkR0hRGEqJZ0jTPiQKatESdBckpWigxaapEH0lImHdWu9pUFF2XqMNM2Z4kped7IwEJw2qabwtrQqnpw6HyKkgcadKWsmpywwesDyIhYRpdzXddqegtGIJlXbAIUMOLkGxJUjRIkokwjUaX9d\/kK62ps\/tYUqZLIMkLTyBhsMZ3C5Z\/kDxOSCb\/DOs\/\/J0qcWSX\/2ipe56EgTCA4\/cB7NAYOsni4mZM1MUPAISoEwkDi4lhVBQ1cWQyIcwalw4EpqZN68JUSK7XC0kTlkLYii5uXSC8jT5ncCAS7mjCv0uHp\/3lueHEEAeQ\/\/VgmdN71\/2uCSA1Xr6DO6uI6sW56zqT2tp2PhgiRUAajV8CY2fkcz6WGNKMgLAt7tJAhD4YHMTeRxlALE6+43WqjSWi8ITxyJl8WrwWSNESQZZOqhDDntO3hJLsd5RtSpbJqdv3YrDJH3F7jL1R2O2aQkn2MyCyKYz0GPGIvSAMgBCrCEiJyKbBaYGwLW4uPRr0A0M4Ux5kUI7IBh+hMdiCEWNqhMZGyYMsOgNE58UQuEQeUnSWCMYwL54hkxK6IoqucQZbQ3pc3XtL0lky1dL0zZJJDpWJovFqpWj6JEHnyam2eQp5QRVAVHjWparTOaVwUOx99YS2MvgxIGV0bb+qIg2HX2qkFFJB+XZcbLiuRkuxD9GRroKyveLxdh4d7Orx+hb7qc3uVRuEogCOnyIxm4ubUoPgF4jianDrC+SDQDKEfJb0GUKmjCGPYHGJvVC6X4hw1\/sAfQAdfYyephIaspXe36RwOP+Ljvfx9B6B3i+Nk0DGq+oCbLn6JpBa9nWAveAIHwFAwtVcIJXPMPL8kRu5OAYPMaL1WScTxjiZDqB9LTJSWphow\/pTYKRTLjCBhvi9iBidvKcDasGSm0QQkycYuLBqj6QCELPctqChDWpTRMWkngNNpQ1Pfp1KkiT\/Y0DGffXAweUNfLAfaJFKDwhb6I+bkYRbkERoEeu3Fyjg2opMz2daZCS9jt6Q7txNfB+OZEVF6Zl5web2xunnLQrtrjXseXKaFYziYINeMFZVxS9VxRhOoesYwxPKXm+gWLG9cuFeq93UNNeJNsf1KlwuDok9n02n3TgIJpOxNfL9naIoQwXtfH9kjceTIIi709ncTg6LZbg+biLH1V6u\/7rxBem06VXKn9raAAAAAElFTkSuQmCC\")      no-repeat center center \/ contain;  }  @media screen and (max-width: 960px) and (orientation: portrait) {    .logo {      width: 100%;    }    .logo .pc-banner {      display: none;    }    .logo .m-banner {      display: block;      width: 100%;    }    .logo .m-banner img {      height: auto!important;    }    .ytvideo {      height: 200px;      width: 100%;    }  }<\/style><style>  .video-section {    width: 100%;    margin: 0 auto;  }  .video-section > img {    width: 100%;  }  .video-section iframe,  .video-section video {    width: 100%;    height: 100%;      }  .video-section-img-m,  .video-section-img-pc > img {    width: 100%;    height: auto;  }  .video-section-img-pc.small > img {    width: 970px;  }  .video-desc {    line-height: 1.5;    font-size: 20px;    font-weight: 400;    margin: 20px 0;    text-align: center;    color: #0f1111;    word-break: break-word;  }  @media screen and (max-width: 960px) and (orientation: portrait) {    .video-section {      width: 100%;    }    .video-section-pc,    .video-section-img-pc {      display: none;    }    .video-section-m,    .video-section-img-m {      display: block;    }    .video-desc {      font-size: 15px;    }  }  @media screen and (min-width: 960px) {    .video-section {      width: 100%;      margin: 0 auto;    }    .video-section-pc,    .video-section-img-pc {      display: block;    }    .video-section-m,    .video-section-img-m {      display: none;    }    .video-desc {      font-size: 20px;    }  }<\/style><style>  .section + .section {    margin-top: 35px;  }  .section-title {    text-align: center;    font-weight: bold;    color: #0d1111;    font-family: \"Arial\";    font-size: 32px;    margin: 15px 0;  }  .section-title:empty {    display: none;  }  .section-desc {    text-align: center;    font-weight: normal;    color: #0d1111;    margin-top: 20px;  }  .section-desc:empty {    display: none;  }  .section-img {    width: 1200px;    height: 492px;    margin: 0 auto;    display: block;  }  .section-img.small {    width: 970px;    height: auto;  }  .section-img.small > img {    height: auto;  }  .section-img > img {    width: 100%;    height: 100%;  }  .section-mobile-img {    display: none;    max-width: 100vw;    max-height: 75vw;    height: 450px;    margin: 0 auto;  }  .section-mobile-img > img {    width: 100%;    height: 100%;  }  @media screen and (max-width: 960px) and (orientation: portrait) {    .container {      width: 100%;    }    .container.small {      width: 100%;    }    .section-mobile-img {      display: block;    }    .section-img {      display: none;    }    .section-title {      font-size: 22px;      margin: 10px 0;    }    .section-desc {      margin-top: 10px;    }    .section + .section {      margin-top: 20px;    }  }<\/style><\/head><body><div class=\"container\"><div class=\"logo\"><div class=\"pc-banner\"><div><img decoding=\"async\" src=\"\/vevor\/vevor\/boutique-banner\/pc\/en-pc@1x.jpg\" style=\"width: 100%;\" \/><\/div><\/div><div class=\"m-banner\"><div><img decoding=\"async\" src=\"\/vevor\/vevor\/boutique-banner\/mobile\/en-m@1x.jpg\" style=\"width: 100%;\" \/><\/div><\/div><\/div><div class=\"section-title\">VEVOR Garaa\u017e P\u00f5randa Matt-Hoida Oma Garaa\u017e Puhas<\/div><div class=\"video-section\"><div class=\"video-section-img-pc\"><img decoding=\"async\" src=\"\/vevor\/product\/CKDT7619HHS0GTF4Q\/flooring-mat-a100-1.4.jpg\" alt=\"VEVOR garaa\u017e p\u00f5randa matt mitmek\u00fclgse p\u00f5randa-kaitse, hoiab \u00e4ra \u00f5li imbumise ja muretu puhastus.\" \/><\/div><div class=\"video-section-img-m\"><img decoding=\"async\" src=\"\/vevor\/product\/CKDT7619HHS0GTF4Q\/flooring-mat-a100-1.4-m.jpg\" alt=\"VEVOR garaa\u017e p\u00f5randa matt mitmek\u00fclgse p\u00f5randa-kaitse, hoiab \u00e4ra \u00f5li imbumise ja muretu puhastus.\" \/><\/div><div class=\"section-desc\">Selle k\u00f5ik-\u00fcmber disain muudab selle \u00fclim eestkostja teie p\u00f5randale. See mitte ainult hoiab \u00e4ra \u00f5li ja vett immitsev kaudu, kuid s\u00e4ilitab ka suurep\u00e4rase veoj\u00f5u, v\u00e4ltides vaeva t\u00f6\u00f6maht ja curling. Selle korduskasutus, taaskasutus, ja mitmek\u00fclgsus eri stsenaariumide tuua teile lisatud mugavuse.<\/div><\/div><div class=\"section\"><div class=\"section-title\"><\/div><div class=\"section-img\"><img decoding=\"async\" src=\"\/vevor\/product\/CKDT7619HHS0GTF4Q\/flooring-mat-a100-2.2.jpg\" alt=\"professionaalse kvaliteediga suurep\u00e4rast kaitset garaa\u017e p\u00f5randad VEVOR garaa\u017e p\u00f5randa matt, kergesti lamama.\" \/><\/div><div class=\"section-mobile-img\"><img decoding=\"async\" src=\"\/vevor\/product\/CKDT7619HHS0GTF4Q\/flooring-mat-a100-2.2-m.jpg\" alt=\"professionaalse kvaliteediga suurep\u00e4rast kaitset garaa\u017e p\u00f5randad VEVOR garaa\u017e p\u00f5randa matt, kergesti lamama.\" \/><\/div><div class=\"section-desc\">Garaa\u017e matt rullides pakkuda professionaalsel tasemel kaitse. Lihtne panna korter, nad hoiavad p\u00f5randa puhas. Silmapaistva veoj\u00f5u hoiab matt kindlalt paigas ja vastupidav materjal tagab pikaajalise kaitse ilma seljas v\u00e4lja.<\/div><\/div><div class=\"section\"><div class=\"section-title\"><\/div><div class=\"section-img\"><img decoding=\"async\" src=\"\/vevor\/product\/CKDT7619HHS0GTF4Q\/flooring-mat-a100-2.3.jpg\" alt=\"VEVOR garaa\u017e p\u00f5randa matt koos imav pol\u00fcesterkiud, intercepts voolab, featuring hall-must vilt ja tpe toetuseta.\" \/><\/div><div class=\"section-mobile-img\"><img decoding=\"async\" src=\"\/vevor\/product\/CKDT7619HHS0GTF4Q\/flooring-mat-a100-2.3-m.jpg\" alt=\"VEVOR garaa\u017e p\u00f5randa matt koos imav pol\u00fcesterkiud, intercepts voolab, featuring hall-must vilt ja tpe toetuseta.\" \/><\/div><div class=\"section-desc\">Kasutades v\u00e4ga imav pol\u00fcester kiud, see tegelikult p\u00fc\u00fcniste lekkinud. Halli-musta v\u00e4rvi peidab mustust ja pol\u00fcester kiud absorbeerivad voolab samal ajal TPE toetus on veekindel ja kulumiskindel, mitmek\u00fclgse p\u00f5randa kaitse.<\/div><\/div><div class=\"section\"><div class=\"section-title\"><\/div><div class=\"section-img\"><img decoding=\"async\" src=\"\/vevor\/product\/CKDT7619HHS0GTF4Q\/flooring-mat-a100-2.4.jpg\" alt=\"lihtne paigaldus sammud VEVOR garaa\u017e p\u00f5randa matt: puhta p\u00f5randa, m\u00f5\u00f5tu l\u00f5igatud, lamama, kasutada teipi, kui vaja.\" \/><\/div><div class=\"section-mobile-img\"><img decoding=\"async\" src=\"\/vevor\/product\/CKDT7619HHS0GTF4Q\/flooring-mat-a100-2.4-m.jpg\" alt=\"lihtne paigaldus sammud VEVOR garaa\u017e p\u00f5randa matt: puhta p\u00f5randa, m\u00f5\u00f5tu l\u00f5igatud, lamama, kasutada teipi, kui vaja.\" \/><\/div><div class=\"section-desc\">Lihtne paigaldada, ei vaja keerukaid t\u00f6\u00f6riistu, see v\u00f5ib ette \u00fche isiku poolt. Kasutajad saavad osta lint korduvalt millega, kui vaja, tagades mati on endiselt madalseisus.<\/div><\/div><div class=\"section\"><div class=\"section-title\"><\/div><div class=\"section-img\"><img decoding=\"async\" src=\"\/vevor\/product\/CKDT7619HHS0GTF4Q\/flooring-mat-a100-2.5.jpg\" alt=\"lihtne puhastamine VEVOR garaa\u017e p\u00f5randa matt: p\u00fchkige seebi v\u00f5i loputa voolik, korduvkasutatavad disain.\" \/><\/div><div class=\"section-mobile-img\"><img decoding=\"async\" src=\"\/vevor\/product\/CKDT7619HHS0GTF4Q\/flooring-mat-a100-2.5-m.jpg\" alt=\"lihtne puhastamine VEVOR garaa\u017e p\u00f5randa matt: p\u00fchkige seebi v\u00f5i loputa voolik, korduvkasutatavad disain.\" \/><\/div><div class=\"section-desc\">Kas seebi v\u00f5i vooliku abil saab plekke kiiresti eemaldada, taastades p\u00f5randa s\u00e4ra. Selle korduvkasutatavus pakub kasutajatele \u00f6konoomset valikut.<\/div><\/div><div class=\"section\"><div class=\"section-img\"><img decoding=\"async\" src=\"\/vevor\/product\/CKDT7619HHS0GTF4Q\/flooring-mat-a100-1.11.jpg\" alt=\"VEVOR garaa\u017e p\u00f5randa matt, hallikas-must, 7.5x19 jalga, 26.46 lbs, tundis &amp; tpe, mudel gm-06\" \/><\/div><div class=\"section-mobile-img\"><img decoding=\"async\" src=\"\/vevor\/product\/CKDT7619HHS0GTF4Q\/flooring-mat-a100-1.11-m.jpg\" alt=\"VEVOR garaa\u017e p\u00f5randa matt, hallikas-must, 7.5x19 jalga, 26.46 lbs, tundis &amp; tpe, mudel gm-06\" \/><\/div><\/div><\/div><\/body><\/html><\/div>\n<div class=\"DM_at-title\" id=\"js-DM_at-title\"> <div>Toote spetsifikatsioon<\/div> <i class=\"icon-arrowup_line\"><\/i> <\/div><div class=\"DM_at-goodsDescAttr\" id=\"js-DM_at-goodsDescAttr\"> <div class=\"DM_at-goodsDescAttrInner\"> <dl class=\"goodsDesc_item goodsDesc_item_even\"> <dt>Mudel<\/dt> <dd> GM-06<\/dd> <\/dl> <dl class=\"goodsDesc_item\"> <dt>Kaal<\/dt> <dd> 820-850 g\/m2<\/dd> <\/dl> <dl class=\"goodsDesc_item goodsDesc_item_even\"> <dt>V\u00e4rv<\/dt> <dd> Hall-Must<\/dd> <\/dl> <dl class=\"goodsDesc_item\"> <dt>Peamised Materjalid<\/dt> <dd> Tundsin &amp; TPE<\/dd> <\/dl> <dl class=\"goodsDesc_item goodsDesc_item_even\"> <dt>Neto Kaal (Sealhulgas k\u00f5ik Tarvikud)<\/dt> <dd> 26.46 lbs \/ 12 kg \u00b110%<\/dd> <\/dl> <dl class=\"goodsDesc_item\"> <dt>Toote M\u00f5\u00f5tmed<\/dt> <dd> 7.5 x 19 x 0.008 ft \/ 2286 x 5791.2 x 2.4 mm<\/dd> <\/dl> <\/div> <\/div>","protected":false},"excerpt":{"rendered":"<ul>\n<li> 850g\/m2 Paksus: garaa\u017e matt roll on meisterdatud 850g\/m2 materjalist, tagades hea kulumiskindluse. Vaip on pinna omadused tugev kaasahaarav disain, v\u00e4ltides sellega jooksvalt kuni s\u00f5iduki ja tagades tugeva ja kauakestva kaitse oma korrusel. <\/li>\n<li> Mitmek\u00fclgne, Eri Stsenaariumi: \u00dcks matt, mitmel otstarbel, t\u00f5eliselt h\u00f5lmab paljusid stsenaariume. Kas teil on vaja professionaalset kaitset oma garaa\u017e v\u00f5i soovite lisada mugav kiht oma isiklikku ruumi, seda matt hakkama saavad k\u00f5ik. Igak\u00fclgne kaitse vaid \u00fche mat. <\/li>\n<li> Tasumata Kaitse: Pakkuda k\u00f5ik-\u00fcmber kaitse teie p\u00f5randad, isegi neile, kes on vastuv\u00f5tlikud kahju. Seda mitte ainult takistab libisemist, vaid tagab ka matt j\u00e4\u00e4b koht. <\/li>\n<li> TPE Veekindel Kiht: garaa\u017e matt rulli kasutab TPE l\u00f5hnatu, veekindel toetus, mist\u00f5ttu on vastupidav aineid nagu mootori \u00f5li, piduri vedeliku, v\u00f5i muid vedelikke. P\u00e4rast kasutamist, oma s\u00f5na ei ole j\u00e4lgi, vaadates, kui ta oli \u00e4sja installitud. <\/li>\n<li> Lihtne Puhastada ja Sisekujundus: Seda saab kergesti ilma, et see sobiks eri ruume, tagades ideaalse sobivuse. Pealegi on see matti on lihtne puhastada ja seda saab kiiresti taastada oma puhtust isegi tugevalt saastatud keskkonnas, mist\u00f5ttu on korduvkasutatavad. <\/li>\n<\/ul>","protected":false},"featured_media":280598,"comment_status":"closed","ping_status":"open","template":"","meta":{"om_disable_all_campaigns":false,"_uf_show_specific_survey":0,"_uf_disable_surveys":false},"location":[1935,1934],"product_brand":[21],"product_cat":[2520,2512,2994,2995],"product_tag":[],"class_list":{"0":"post-24592","1":"product","2":"type-product","3":"status-publish","4":"has-post-thumbnail","6":"location-supplier_stock_location","7":"location-local_stock_location","8":"product_brand-vevor","9":"product_cat-carpet-flooring-2","10":"product_cat-flooring-2","11":"product_cat-in-stock-carpet","12":"product_cat-roll-carpet","14":"first","15":"instock","16":"taxable","17":"shipping-taxable","18":"purchasable","19":"product-type-simple"},"aioseo_notices":[],"locations":[{"id":1935,"name":"Pieg\u0101d\u0101t\u0101ja noliktav\u0101 (5-7dd)","slug":"supplier_stock_location","quantity":"150"},{"id":1934,"name":"R\u012bgas veikal\u0101 (0-2d.d.)","slug":"local_stock_location","quantity":"0"}],"_links":{"self":[{"href":"https:\/\/vevorshop.lv\/et\/wp-json\/wp\/v2\/product\/24592","targetHints":{"allow":["GET"]}}],"collection":[{"href":"https:\/\/vevorshop.lv\/et\/wp-json\/wp\/v2\/product"}],"about":[{"href":"https:\/\/vevorshop.lv\/et\/wp-json\/wp\/v2\/types\/product"}],"replies":[{"embeddable":true,"href":"https:\/\/vevorshop.lv\/et\/wp-json\/wp\/v2\/comments?post=24592"}],"wp:featuredmedia":[{"embeddable":true,"href":"https:\/\/vevorshop.lv\/et\/wp-json\/wp\/v2\/media\/280598"}],"wp:attachment":[{"href":"https:\/\/vevorshop.lv\/et\/wp-json\/wp\/v2\/media?parent=24592"}],"wp:term":[{"taxonomy":"location","embeddable":true,"href":"https:\/\/vevorshop.lv\/et\/wp-json\/wp\/v2\/location?post=24592"},{"taxonomy":"product_brand","embeddable":true,"href":"https:\/\/vevorshop.lv\/et\/wp-json\/wp\/v2\/product_brand?post=24592"},{"taxonomy":"product_cat","embeddable":true,"href":"https:\/\/vevorshop.lv\/et\/wp-json\/wp\/v2\/product_cat?post=24592"},{"taxonomy":"product_tag","embeddable":true,"href":"https:\/\/vevorshop.lv\/et\/wp-json\/wp\/v2\/product_tag?post=24592"}],"curies":[{"name":"wp","href":"https:\/\/api.w.org\/{rel}","templated":true}]}}