{"id":25194,"date":"2024-11-18T15:59:02","date_gmt":"2024-11-18T15:59:02","guid":{"rendered":"http:\/\/vevorshop.edigo.lv\/Prece\/vevor-portable-camping-toilet-inner-bucket-with-lid-phone-shelf-and-paper-holder\/"},"modified":"2026-05-09T03:26:41","modified_gmt":"2026-05-09T00:26:41","slug":"vevor-portable-camping-toilet-inner-bucket-with-lid-phone-shelf-and-paper-holder","status":"publish","type":"product","link":"https:\/\/vevorshop.lv\/et\/Prece\/vevor-kaasaskantav-matkakaimla-siseamber-kaanega-telefoniriiuli-ja-paberihoidjaga\/","title":{"rendered":"VEVOR Kaasaskantav Matkatualett 5L \u00c4rav\u00f5etava \u00c4mbriga, Topeltkaaned, Paberi ja Telefonihoidjaga \u2013 Reisimiseks"},"content":{"rendered":"<div style=\"color: #fff!important; font-size: 16px; height: 24px; line-height: 24px; margin-top: -24px; \" class=\"product_original_name\">VEVOR kaasaskantav tualettruum telkimiseks, Porta pott 1,3-gaalise eemaldatava sise\u00e4mbri ja eemaldatava paberihoidjaga, kahe kaanega kommod, reisitualettruum t\u00e4iskasvanutele lastele v\u00e4limatkaauto pikad maanteereisid<\/div>\n<div style=\"color: #fff!important; font-size: 16px; height: 24px; line-height: 24px; margin-top: -24px; \" class=\"product_sku\">M4I4KTT8<\/div>\n<div style=\"color: #fff!important; font-size: 16px; height: 24px; line-height: 24px; margin-top: -24px; \" class=\"product_mpn\">MTSBXSMT300BBWUTFV0<\/div><div id=\"js-DM_at-goodDescRich\"><html><head><style>  body {    font-family: Arial;    line-height: 1.5;    color: #1c1c1c;    overflow-x: hidden;    margin: 0;    padding: 0;  }  .MsoNormal b {    font-weight: bolder;  }<\/style><style>  .container.small {    width: 970px;    margin: 0 auto;  }  .logo {    margin: 0 auto 0;  }  .logo img {    display: block;    margin: 0 auto;    max-width: 100%;  }  .logo .pc-banner {    display: block;    width: 1200px;    height: 247.4px;    margin: 0 auto;  }  .logo .pc-banner.small {    width: 970px;  }  .logo .pc-banner.small img {    height: auto!important;  }  .logo .m-banner {    display: none;  }  .ytvideo {    position: relative;    height: 546px;    width: 100%;    margin: 0 auto;  }  .ytvideo img {    width: 100%;    margin: 0 auto;  }  .ytvideo .play-btn {    width: 60px;    height: 42px;    position: absolute;    top: 50%;    left: 50%;    transform: translate(-50%, -50%);    background: url(\"data:image\/png;base64,iVBORw0KGgoAAAANSUhEUgAAAGQAAABGCAMAAAANWMFbAAAC+lBMVEUAAADBGB3kLCfBGB3kLCfcJC7BFx3KKSbiKybkLCbWJCPSIiLSIiLPICHAFx3kLCfgKSXNHiDZJiTIGx\/p4eHcjo7LHSDbJyTkLCbjKyfOHyHPIiL28fHJHB\/GGh7EGR7eKCXDGB3RISHlLSbBGB3AFxzGHB7DGB7BGB3hKybkKybAFx3lLCfAFxzDGR3hKibDGB7cJyTmz8\/elJTlwcHjurrUIyLlLSflLSfAFx3DGR7lLSfCFx3hKibhKibhKybjKybkLCblLSfbJSX49vbx7e3NNzjNMTLMJyjVIyLZf3\/ZQ0LaeHjx0tLgoqLkLCfCGB3HGx\/BGB3BFx3PICHCGB7WJCLOHyC\/Fxy\/Fx3lLCfQISHkLSe\/FxzbJiTBFx3FGx\/AGB7BFx3EGR7AGB3HHSDfKiXAFh3TISHYNzbhKibbJyTTIiL57e325+f039\/v2NjUV1fOHiHiqanfmprch4feKSXVIyPOICHmLibFGh\/mLSe\/Fx7XJCPeKSXXJSPNHyHaJyTGGh7lLCbmLCflLSjSIiLkLCbdKSXLHiC\/GB3KHh++Fh3lKyfoLiXcKCPkx8fYb2\/XaGfVXl3aU1LLHiDksbHgKibPICHbJyTfKSXbJyTCGB3KHSDiKybFGh7TIiL\/\/\/\/VIyPRISHIHB\/GGx\/HHB\/DGR7gKibdKCXLHiDZJiTMHiDNHyHYJSTOICHPICHWJCPcKCXXJSPjLCblLCf+\/f3NGR\/uLijzLynPGR\/IGB7WISHaIyLLGh7UAADxLynNAADRLzDbICLQAADIAAD3MCrUHSHXMTDpKSbLAADp5OTij4\/ejo\/VLy\/1LyngJSTcJCPQHx\/OHB7+\/PzaMS\/OLS\/vLijrLSjSAADaNTPwLyjkKSbNJCbYISHPHB\/KGB7WAAD7+vrn3d3aKynTKCjoLCfsKifRGh\/YAADq5+fhjo7QNDXXKCfmJyXt5+fTLzDLLi\/QKivYHRvMGBrQJCXLISPMExXLDxLaEAvkkI\/bOTfaFQ\/SCgpvLcnHAAAAmnRSTlMA+vv7+gT9Bvf9+8z8\/NSv\/Pr5+P7++vnQIBMP\/v38\/Pn348XDiCYf9OjbzcqxXVcx\/fz8+\/rj1r2poo1+fXFqX0orGP7+\/v7+\/fz8+\/r68uzn4trIxsG\/vri3p6GcmZSNbWVYUUZEPQv+\/f39+\/v7+\/v7+vr64tvV1NTTz87FtbSurqeblJKFg4B3bUY+NjL7+\/v7+\/v67t1cDo8JLQAABkRJREFUWMO0kz9rwkAYh0OIeJkum6YugUAhISCdKoj\/P4C7SMdS+gEKIhSKil10LSg4mzXkILdlEpxCpwTiWOLX6BujvQaEQuGeHLnL+\/64J+SIcKGYTYWnntpdLjrVdqvZmNdn0+EE40GtpuuWVS6Xx6N7YDSGpWXpeq02wHgynM7q80az1a52HpddtVcpsi1zFARBrdaxbhp9iUReTGmwA4KAAr7vx3EYejnCMI6hQYEgy0LQi4jUN0wL19vqFcUC9\/1dAKmEEFkWRYkh5oBejnxQJiSJPJ\/uKBp0Thszx9Mw8hMRIQjKsptCfuES9zr5WJY6vSFCIvE9fCMUmEM1A1kSXcYGxgVYsvI1IPKTZciSTI0us\/SMGG04gDzELDoFBwdcFJrF88dqgYMTiL6DILWYyfOWE8\/kIz38olCNlC03FK95+imxp6y4oUSvAnBjHHhKNtotSDqJzVFiK8c2SBqhZtsrTtgrLXwAyduxZHNE26eHUt5rtuM4WSmds3G+sUdWYo1L+XyxButoh5eKUHk5lByO3G1LqqCWVnfrv\/lyPtf\/4ps1cndNGIri8J1TJ0lx6dR\/oPjq1nbRwdp2dCk4CtIOLW3pVKRL6WZfS5vF2KkIQhpwSsjiYIgNCs1gEMGqiIq24NQX9NwoXFy8Ufrl3twTcg4fv8T9\/JBEySduj6Mjm4bMzYV7EEOxKjjoNDud7yY3Dy71Hq2oLmqfbNR723edH9PgMrNL2utoQ3VmaIDkiw\/4w51P06hlZsTZvkRrbVuSIs\/zwSOsycgzStQouoAkWQqioRT5XI7n2Z1wfVhoZmcAJLsoqjqpjbWCgpOAJXBwHK8PzWbNvoUZJND5wCnSkLAkZ1legx6vqQzjoiTahKlGUGLAiIIoABOHaNVw4sexZBym6\/HWlH5h3IC7yRbxtipcWxdTOkORKiNQAEkFf66x5S2oeRbroOlLgg0sSYkR0hRGEqJZ0jTPiQKatESdBckpWigxaapEH0lImHdWu9pUFF2XqMNM2Z4kped7IwEJw2qabwtrQqnpw6HyKkgcadKWsmpywwesDyIhYRpdzXddqegtGIJlXbAIUMOLkGxJUjRIkokwjUaX9d\/kK62ps\/tYUqZLIMkLTyBhsMZ3C5Z\/kDxOSCb\/DOs\/\/J0qcWSX\/2ipe56EgTCA4\/cB7NAYOsni4mZM1MUPAISoEwkDi4lhVBQ1cWQyIcwalw4EpqZN68JUSK7XC0kTlkLYii5uXSC8jT5ncCAS7mjCv0uHp\/3lueHEEAeQ\/\/VgmdN71\/2uCSA1Xr6DO6uI6sW56zqT2tp2PhgiRUAajV8CY2fkcz6WGNKMgLAt7tJAhD4YHMTeRxlALE6+43WqjSWi8ITxyJl8WrwWSNESQZZOqhDDntO3hJLsd5RtSpbJqdv3YrDJH3F7jL1R2O2aQkn2MyCyKYz0GPGIvSAMgBCrCEiJyKbBaYGwLW4uPRr0A0M4Ux5kUI7IBh+hMdiCEWNqhMZGyYMsOgNE58UQuEQeUnSWCMYwL54hkxK6IoqucQZbQ3pc3XtL0lky1dL0zZJJDpWJovFqpWj6JEHnyam2eQp5QRVAVHjWparTOaVwUOx99YS2MvgxIGV0bb+qIg2HX2qkFFJB+XZcbLiuRkuxD9GRroKyveLxdh4d7Orx+hb7qc3uVRuEogCOnyIxm4ubUoPgF4jianDrC+SDQDKEfJb0GUKmjCGPYHGJvVC6X4hw1\/sAfQAdfYyephIaspXe36RwOP+Ljvfx9B6B3i+Nk0DGq+oCbLn6JpBa9nWAveAIHwFAwtVcIJXPMPL8kRu5OAYPMaL1WScTxjiZDqB9LTJSWphow\/pTYKRTLjCBhvi9iBidvKcDasGSm0QQkycYuLBqj6QCELPctqChDWpTRMWkngNNpQ1Pfp1KkiT\/Y0DGffXAweUNfLAfaJFKDwhb6I+bkYRbkERoEeu3Fyjg2opMz2daZCS9jt6Q7txNfB+OZEVF6Zl5web2xunnLQrtrjXseXKaFYziYINeMFZVxS9VxRhOoesYwxPKXm+gWLG9cuFeq93UNNeJNsf1KlwuDok9n02n3TgIJpOxNfL9naIoQwXtfH9kjceTIIi709ncTg6LZbg+biLH1V6u\/7rxBem06VXKn9raAAAAAElFTkSuQmCC\")      no-repeat center center \/ contain;  }  @media screen and (max-width: 960px) and (orientation: portrait) {    .logo {      width: 100%;    }    .logo .pc-banner {      display: none;    }    .logo .m-banner {      display: block;      width: 100%;    }    .logo .m-banner img {      height: auto!important;    }    .ytvideo {      height: 200px;      width: 100%;    }  }<\/style><style>  .video-section {    width: 100%;    margin: 0 auto;  }  .video-section > img {    width: 100%;  }  .video-section iframe,  .video-section video {    width: 100%;    height: 100%;      }  .video-section-img-m,  .video-section-img-pc > img {    width: 100%;    height: auto;  }  .video-section-img-pc.small > img {    width: 970px;  }  .video-desc {    line-height: 1.5;    font-size: 20px;    font-weight: 400;    margin: 20px 0;    text-align: center;    color: #0f1111;    word-break: break-word;  }  @media screen and (max-width: 960px) and (orientation: portrait) {    .video-section {      width: 100%;    }    .video-section-pc,    .video-section-img-pc {      display: none;    }    .video-section-m,    .video-section-img-m {      display: block;    }    .video-desc {      font-size: 15px;    }  }  @media screen and (min-width: 960px) {    .video-section {      width: 100%;      margin: 0 auto;    }    .video-section-pc,    .video-section-img-pc {      display: block;    }    .video-section-m,    .video-section-img-m {      display: none;    }    .video-desc {      font-size: 20px;    }  }<\/style><style>  .section + .section {    margin-top: 35px;  }  .section-title {    text-align: center;    font-weight: bold;    color: #0d1111;    font-family: \"Arial\";    font-size: 32px;    margin: 15px 0;  }  .section-title:empty {    display: none;  }  .section-desc {    text-align: center;    font-weight: normal;    color: #0d1111;    margin-top: 20px;  }  .section-desc:empty {    display: none;  }  .section-img {    width: 1200px;    height: 492px;    margin: 0 auto;    display: block;  }  .section-img.small {    width: 970px;    height: auto;  }  .section-img.small > img {    height: auto;  }  .section-img > img {    width: 100%;    height: 100%;  }  .section-mobile-img {    display: none;    max-width: 100vw;    max-height: 75vw;    height: 450px;    margin: 0 auto;  }  .section-mobile-img > img {    width: 100%;    height: 100%;  }  @media screen and (max-width: 960px) and (orientation: portrait) {    .container {      width: 100%;    }    .container.small {      width: 100%;    }    .section-mobile-img {      display: block;    }    .section-img {      display: none;    }    .section-title {      font-size: 22px;      margin: 10px 0;    }    .section-desc {      margin-top: 10px;    }    .section + .section {      margin-top: 20px;    }  }<\/style><\/head><body><div class=\"container\"><div class=\"logo\"><div class=\"pc-banner\"><div><img decoding=\"async\" src=\"\/vevor\/vevor\/boutique-banner\/pc\/en-pc@1x.jpg\" style=\"width: 100%;\" \/><\/div><\/div><div class=\"m-banner\"><div><img decoding=\"async\" src=\"\/vevor\/vevor\/boutique-banner\/mobile\/en-m@1x.jpg\" style=\"width: 100%;\" \/><\/div><\/div><\/div><div class=\"section-title\">V\u00e4lik\u00e4imlate: Oma on-the-Go Lahendus<\/div><div class=\"video-section\"><div class=\"video-section-img-pc\"><img decoding=\"async\" src=\"\/vevor\/product\/MTSBXSMT300BBWUTF\/portable-toilet-a100-1.4.jpg\" alt=\"VEVOR v\u00e4lik\u00e4imlate sinine telk autod ja maalilise j\u00e4rve taust; esile funktsioone allpool.\" \/><\/div><div class=\"video-section-img-m\"><img decoding=\"async\" src=\"\/vevor\/product\/MTSBXSMT300BBWUTF\/portable-toilet-a100-1.4-m.jpg\" alt=\"VEVOR v\u00e4lik\u00e4imlate sinine telk autod ja maalilise j\u00e4rve taust; esile funktsioone allpool.\" \/><\/div><div class=\"section-desc\">See kaasaskantav tualett on kerge ja mugav kaasas kanda. 1,3 gal (5 L) suure mahutavusega sisekopaga, mida saab eraldada, on seda lihtne laadida pagasiruumi maanteede kasutamiseks. J\u00e4tke h\u00fcvasti avalike tualettide leidmise kiirustamisega liikvel olles!<\/div><\/div><div class=\"section\"><div class=\"section-title\"><\/div><div class=\"section-img\"><img decoding=\"async\" src=\"\/vevor\/product\/MTSBXSMT300BBWUTF\/portable-toilet-a100-2.2.jpg\" alt=\"VEVOR kaasaskantav wc koos hoidikuga, wc rulli ja telefon, mugav ja h\u00fcgieeniline disain.\" \/><\/div><div class=\"section-mobile-img\"><img decoding=\"async\" src=\"\/vevor\/product\/MTSBXSMT300BBWUTF\/portable-toilet-a100-2.2-m.jpg\" alt=\"VEVOR kaasaskantav wc koos hoidikuga, wc rulli ja telefon, mugav ja h\u00fcgieeniline disain.\" \/><\/div><div class=\"section-desc\">Hoidke oma telefoni ja wc-rulli ohutu ja k\u00e4eulatuses! See porta-p\u00f6\u00f6rane sisaldab eemaldatav telefon riiul ja paberi omanik on lisatud tahes k\u00e4epide k\u00fcljel, pakkudes turvalist kohapeal, telefoni ja wc-rull.<\/div><\/div><div class=\"section\"><div class=\"section-title\"><\/div><div class=\"section-img\"><img decoding=\"async\" src=\"\/vevor\/product\/MTSBXSMT300BBWUTF\/portable-toilet-a100-2.3.jpg\" alt=\"VEVOR v\u00e4lik\u00e4imlate kahe h\u00f5lmab disain: takistab efektiivselt pritsmete ja v\u00e4hendab l\u00f5hna.\" \/><\/div><div class=\"section-mobile-img\"><img decoding=\"async\" src=\"\/vevor\/product\/MTSBXSMT300BBWUTF\/portable-toilet-a100-2.3-m.jpg\" alt=\"VEVOR v\u00e4lik\u00e4imlate kahe h\u00f5lmab disain: takistab efektiivselt pritsmete ja v\u00e4hendab l\u00f5hna.\" \/><\/div><div class=\"section-desc\">Featuring topelt kaas suletud disain, sisemine \u00e4mber telkimine, wc v\u00e4hendab t\u00f5husalt l\u00f5hnad ning t\u00f5kestab lekete korral vedamise ajal. Sisemine \u00e4mber on ka kergesti eemaldatav ja pestav, lihtsustades puhastamise protsessi.<\/div><\/div><div class=\"section\"><div class=\"section-title\"><\/div><div class=\"section-img\"><img decoding=\"async\" src=\"\/vevor\/product\/MTSBXSMT300BBWUTF\/portable-toilet-a100-2.4.jpg\" alt=\"VEVOR kaasaskantav wc ergonoomiline disain, 300lbs suutlikkust, mugavust k\u00f5rgus ja laiendada asukoht.\" \/><\/div><div class=\"section-mobile-img\"><img decoding=\"async\" src=\"\/vevor\/product\/MTSBXSMT300BBWUTF\/portable-toilet-a100-2.4-m.jpg\" alt=\"VEVOR kaasaskantav wc ergonoomiline disain, 300lbs suutlikkust, mugavust k\u00f5rgus ja laiendada asukoht.\" \/><\/div><div class=\"section-desc\">Valmistatud v\u00e4ga vastupidavast materjalist, see kaasaskantav p\u00f6\u00f6rane saab toetada kuni 300 \u00a3 (136.1 kg). See boasts ergonoomiliselt k\u00f5rgenenud baasi ja laiendatud iste on lisatud mugavuse. Mitte-t\u00f5sta riba allservas suurendab ohutust kasutamise ajal.<\/div><\/div><div class=\"section\"><div class=\"section-title\"><\/div><div class=\"section-img\"><img decoding=\"async\" src=\"\/vevor\/product\/MTSBXSMT300BBWUTF\/portable-toilet-a100-2.5.jpg\" alt=\"VEVOR v\u00e4lik\u00e4imlate telkimine, paadi -, avarii kasutada, magamistuba, auto ja reisimine. eakad-s\u00f5bralik.\" \/><\/div><div class=\"section-mobile-img\"><img decoding=\"async\" src=\"\/vevor\/product\/MTSBXSMT300BBWUTF\/portable-toilet-a100-2.5-m.jpg\" alt=\"VEVOR v\u00e4lik\u00e4imlate telkimine, paadi -, avarii kasutada, magamistuba, auto ja reisimine. eakad-s\u00f5bralik.\" \/><\/div><div class=\"section-desc\">Kiire ja lihtne kasutada, see kaasaskantav wc on ideaalne RVs, paadid, veoautode, v\u00e4ljas telkimine, maantee reise, ja rohkem. Oma liikumise-s\u00f5bralik disain on sobilik ka rasedatele ja eakatele ja saab mugavalt paigutada magamistuba.<\/div><\/div><div class=\"section\"><div class=\"section-img\"><img decoding=\"async\" src=\"\/vevor\/product\/MTSBXSMT300BBWUTF\/portable-toilet-a100-1.11.jpg\" alt=\"VEVOR v\u00e4lik\u00e4imlate specs, 1.3 gal v\u00f5imsus, 300 \u00a3 kaalu v\u00f5imsuse, telefoni hoidja, mitte-t\u00f5sta riba.\" \/><\/div><div class=\"section-mobile-img\"><img decoding=\"async\" src=\"\/vevor\/product\/MTSBXSMT300BBWUTF\/portable-toilet-a100-1.11-m.jpg\" alt=\"VEVOR v\u00e4lik\u00e4imlate specs, 1.3 gal v\u00f5imsus, 300 \u00a3 kaalu v\u00f5imsuse, telefoni hoidja, mitte-t\u00f5sta riba.\" \/><\/div><\/div><\/div><\/body><\/html><\/div>\n<div class=\"DM_at-title\" id=\"js-DM_at-title\"> <div>Toote spetsifikatsioon<\/div> <i class=\"icon-arrowup_line\"><\/i> <\/div><div class=\"DM_at-goodsDescAttr\" id=\"js-DM_at-goodsDescAttr\"> <div class=\"DM_at-goodsDescAttrInner\"> <dl class=\"goodsDesc_item goodsDesc_item_even\"> <dt>Punkt Mudeli Number<\/dt> <dd> QJK<\/dd> <\/dl> <dl class=\"goodsDesc_item\"> <dt>Materjalid<\/dt> <dd> PP, POM<\/dd> <\/dl> <dl class=\"goodsDesc_item goodsDesc_item_even\"> <dt>Inner Barrel V\u00f5imsus<\/dt> <dd> 1.3 gal \/ 5 L<\/dd> <\/dl> <dl class=\"goodsDesc_item\"> <dt>Kaal V\u00f5imsus<\/dt> <dd> 300 \u00a3 \/ 136.1 kg<\/dd> <\/dl> <dl class=\"goodsDesc_item goodsDesc_item_even\"> <dt>Neto Kaal<\/dt> <dd> 5.0 lbs \/ 2.26 kg<\/dd> <\/dl> <dl class=\"goodsDesc_item\"> <dt>Toote M\u00f5\u00f5tmed<\/dt> <dd> 19.7&#034; x 18.4&#034; x 15.7&#034; \/ 500 x 467 x 400 mm<\/dd> <\/dl> <\/div> <\/div>","protected":false},"excerpt":{"rendered":"<ul>\n<li> Kaasaskantav ja eemaldatav tualettruum: ideaalne liikvel olles mugavaks, see kaasaskantav tualettruum \u00fchendab kompaktse disaini kerge PP-materjaliga. Kaaludes vaid 5,0 naela (2,26 kg), porta potil on suure mahutavusega sisemine \u00e4mber 1,3 gal (5 L). M\u00f5lemal k\u00fcljel k\u00e4epidemetega varustatud kompaktset tualetti on lihtne kaasas kanda v\u00e4litegevusteks v\u00f5i l\u00fchikesteks reisideks ning see sobib mugavalt auto pagasiruumi. <\/li>\n<li> Wc Rulli ja Telefoni Omanik: See telkimine wc sisaldab eemaldatav telefon riiul ja paberi hoidja. Telefon riiul ja paberi hoidja saab riputada m\u00f5lemal pool, kohandada oma kasutamise harjumusi ja pakkuda mugavusi p\u00e4ris kodus wc-kus iganes sa oled. <\/li>\n<li> Lihtne Puhastada ja L\u00f5hnatu: sisemine \u00e4mber, wc-poti ja kaane v\u00e4ljas wc on k\u00f5ik eemaldatavad, lihtsustades puhastus. Lihtsalt eemaldage kott, mis sisaldavad j\u00e4\u00e4tmed h\u00e4vitage see. Sisemine ja v\u00e4limine kaaned on m\u00f5eldud tihendi t\u00f5husalt, v\u00e4hendades l\u00f5hnad ja hoiab \u00f5hu v\u00e4rske. <\/li>\n<li> Non-slip Struktuur: Selle reisi wc funktsioonide lai ja mugav iste -, m\u00f5\u00f5te-19.7&#034; x 18.4&#034; x 15.7&#034; (500 x 467 x 400 mm), pakkudes suuremat mugavust t\u00e4iskasvanutele. Kaasaskantav p\u00f6\u00f6rane on vastupidav struktuur toetab ja kandev\u00f5ime kuni 300 \u00a3 (136.1 kg). Alus on varustatud mitte-t\u00f5sta ribad, mis tagab hea stabiilsuse ja takistab libisemist. <\/li>\n<li> Mitmek\u00fclgne Rakendus: h\u00fcvasti vaeva leidmine avaliku wc kui k\u00e4mping, reisimine, v\u00f5i liiklusummikud! See kaasaskantav wc on samuti ideaalne lahendus paigutuse l\u00e4hedal voodi magamistoas, aidates rasedate naiste ja eakate inimeste liikuvuse probleeme juurdep\u00e4\u00e4susoovide tualettruum eraldi. <\/li>\n<\/ul>","protected":false},"featured_media":281510,"comment_status":"closed","ping_status":"open","template":"","meta":{"om_disable_all_campaigns":false,"_uf_show_specific_survey":0,"_uf_disable_surveys":false},"location":[1935,1934],"product_brand":[21],"product_cat":[2647,2649,2648],"product_tag":[],"class_list":{"0":"post-25194","1":"product","2":"type-product","3":"status-publish","4":"has-post-thumbnail","6":"location-supplier_stock_location","7":"location-local_stock_location","8":"product_brand-vevor","9":"product_cat-bath","10":"product_cat-composting-toilets","11":"product_cat-toilets","13":"first","14":"instock","15":"taxable","16":"shipping-taxable","17":"purchasable","18":"product-type-simple"},"aioseo_notices":[],"locations":[{"id":1935,"name":"Pieg\u0101d\u0101t\u0101ja noliktav\u0101 (5-7dd)","slug":"supplier_stock_location","quantity":"7"},{"id":1934,"name":"R\u012bgas veikal\u0101 (0-2d.d.)","slug":"local_stock_location","quantity":"0"}],"_links":{"self":[{"href":"https:\/\/vevorshop.lv\/et\/wp-json\/wp\/v2\/product\/25194","targetHints":{"allow":["GET"]}}],"collection":[{"href":"https:\/\/vevorshop.lv\/et\/wp-json\/wp\/v2\/product"}],"about":[{"href":"https:\/\/vevorshop.lv\/et\/wp-json\/wp\/v2\/types\/product"}],"replies":[{"embeddable":true,"href":"https:\/\/vevorshop.lv\/et\/wp-json\/wp\/v2\/comments?post=25194"}],"wp:featuredmedia":[{"embeddable":true,"href":"https:\/\/vevorshop.lv\/et\/wp-json\/wp\/v2\/media\/281510"}],"wp:attachment":[{"href":"https:\/\/vevorshop.lv\/et\/wp-json\/wp\/v2\/media?parent=25194"}],"wp:term":[{"taxonomy":"location","embeddable":true,"href":"https:\/\/vevorshop.lv\/et\/wp-json\/wp\/v2\/location?post=25194"},{"taxonomy":"product_brand","embeddable":true,"href":"https:\/\/vevorshop.lv\/et\/wp-json\/wp\/v2\/product_brand?post=25194"},{"taxonomy":"product_cat","embeddable":true,"href":"https:\/\/vevorshop.lv\/et\/wp-json\/wp\/v2\/product_cat?post=25194"},{"taxonomy":"product_tag","embeddable":true,"href":"https:\/\/vevorshop.lv\/et\/wp-json\/wp\/v2\/product_tag?post=25194"}],"curies":[{"name":"wp","href":"https:\/\/api.w.org\/{rel}","templated":true}]}}