{"id":25318,"date":"2024-11-18T16:04:52","date_gmt":"2024-11-18T16:04:52","guid":{"rendered":"http:\/\/vevorshop.edigo.lv\/Prece\/vevor-pastry-display-case-2-tier-commercial-countertop-bakery-display-case-acrylic-display-box-with-rear-door-access-removable-shelves-keep-fresh-for-donut-bagels-cake-cookie-22x14x14\/"},"modified":"2026-04-28T11:01:39","modified_gmt":"2026-04-28T08:01:39","slug":"vevor-pastry-display-case-2-tier-commercial-countertop-bakery-display-case-acrylic-display-box-with-rear-door-access-removable-shelves-keep-fresh-for-donut-bagels-cake-cookie-22x14x14","status":"publish","type":"product","link":"https:\/\/vevorshop.lv\/et\/Prece\/vevor-kondiitritoodete-vitriin-2-astmeline-kaubanduslik-lauapagari-vitriin-akruulist-vitriin-millel-on-tagaukse-juurdepaas-eemaldatavatele-riiulitele-hoitakse-varskena-soorikubagelite-koogikupsise-j\/","title":{"rendered":"VEVOR 2-kihiline akr\u00fc\u00fclist kondiitritoodete vitriin 56x36x36 cm, letialune pagarivitriin tagaukse ja riiulitega kookidele, s\u00f5\u00f5rikutele"},"content":{"rendered":"<div style=\"color: #fff!important; font-size: 16px; height: 24px; line-height: 24px; margin-top: -24px; \" class=\"product_original_name\">VEVOR kondiitritoodete vitriin, 2-astmeline kaubanduslik lauapagari vitriin, akr\u00fc\u00fclist vitriinkarp tagauksele juurdep\u00e4\u00e4su ja eemaldatavate riiulitega, hoida v\u00e4rskena s\u00f5\u00f5rikukottide koogik\u00fcpsiste jaoks, 56 x 36 x 36 cm<\/div>\n<div style=\"color: #fff!important; font-size: 16px; height: 24px; line-height: 24px; margin-top: -24px; \" class=\"product_sku\">M4I4KTZ8<\/div>\n<div style=\"color: #fff!important; font-size: 16px; height: 24px; line-height: 24px; margin-top: -24px; \" class=\"product_mpn\">YKLMBZSJYKL2HBKHNV0<\/div><div id=\"js-DM_at-goodDescRich\"><html><head><style>  body {    font-family: Arial;    line-height: 1.5;    color: #1c1c1c;    overflow-x: hidden;    margin: 0;    padding: 0;  }  .MsoNormal b {    font-weight: bolder;  }<\/style><style>  .container.small {    width: 970px;    margin: 0 auto;  }  .logo {    margin: 0 auto 0;  }  .logo img {    display: block;    margin: 0 auto;    max-width: 100%;  }  .logo .pc-banner {    display: block;    width: 1200px;    height: 247.4px;    margin: 0 auto;  }  .logo .pc-banner.small {    width: 970px;  }  .logo .pc-banner.small img {    height: auto!important;  }  .logo .m-banner {    display: none;  }  .ytvideo {    position: relative;    height: 546px;    width: 100%;    margin: 0 auto;  }  .ytvideo img {    width: 100%;    margin: 0 auto;  }  .ytvideo .play-btn {    width: 60px;    height: 42px;    position: absolute;    top: 50%;    left: 50%;    transform: translate(-50%, -50%);    background: url(\"data:image\/png;base64,iVBORw0KGgoAAAANSUhEUgAAAGQAAABGCAMAAAANWMFbAAAC+lBMVEUAAADBGB3kLCfBGB3kLCfcJC7BFx3KKSbiKybkLCbWJCPSIiLSIiLPICHAFx3kLCfgKSXNHiDZJiTIGx\/p4eHcjo7LHSDbJyTkLCbjKyfOHyHPIiL28fHJHB\/GGh7EGR7eKCXDGB3RISHlLSbBGB3AFxzGHB7DGB7BGB3hKybkKybAFx3lLCfAFxzDGR3hKibDGB7cJyTmz8\/elJTlwcHjurrUIyLlLSflLSfAFx3DGR7lLSfCFx3hKibhKibhKybjKybkLCblLSfbJSX49vbx7e3NNzjNMTLMJyjVIyLZf3\/ZQ0LaeHjx0tLgoqLkLCfCGB3HGx\/BGB3BFx3PICHCGB7WJCLOHyC\/Fxy\/Fx3lLCfQISHkLSe\/FxzbJiTBFx3FGx\/AGB7BFx3EGR7AGB3HHSDfKiXAFh3TISHYNzbhKibbJyTTIiL57e325+f039\/v2NjUV1fOHiHiqanfmprch4feKSXVIyPOICHmLibFGh\/mLSe\/Fx7XJCPeKSXXJSPNHyHaJyTGGh7lLCbmLCflLSjSIiLkLCbdKSXLHiC\/GB3KHh++Fh3lKyfoLiXcKCPkx8fYb2\/XaGfVXl3aU1LLHiDksbHgKibPICHbJyTfKSXbJyTCGB3KHSDiKybFGh7TIiL\/\/\/\/VIyPRISHIHB\/GGx\/HHB\/DGR7gKibdKCXLHiDZJiTMHiDNHyHYJSTOICHPICHWJCPcKCXXJSPjLCblLCf+\/f3NGR\/uLijzLynPGR\/IGB7WISHaIyLLGh7UAADxLynNAADRLzDbICLQAADIAAD3MCrUHSHXMTDpKSbLAADp5OTij4\/ejo\/VLy\/1LyngJSTcJCPQHx\/OHB7+\/PzaMS\/OLS\/vLijrLSjSAADaNTPwLyjkKSbNJCbYISHPHB\/KGB7WAAD7+vrn3d3aKynTKCjoLCfsKifRGh\/YAADq5+fhjo7QNDXXKCfmJyXt5+fTLzDLLi\/QKivYHRvMGBrQJCXLISPMExXLDxLaEAvkkI\/bOTfaFQ\/SCgpvLcnHAAAAmnRSTlMA+vv7+gT9Bvf9+8z8\/NSv\/Pr5+P7++vnQIBMP\/v38\/Pn348XDiCYf9OjbzcqxXVcx\/fz8+\/rj1r2poo1+fXFqX0orGP7+\/v7+\/fz8+\/r68uzn4trIxsG\/vri3p6GcmZSNbWVYUUZEPQv+\/f39+\/v7+\/v7+vr64tvV1NTTz87FtbSurqeblJKFg4B3bUY+NjL7+\/v7+\/v67t1cDo8JLQAABkRJREFUWMO0kz9rwkAYh0OIeJkum6YugUAhISCdKoj\/P4C7SMdS+gEKIhSKil10LSg4mzXkILdlEpxCpwTiWOLX6BujvQaEQuGeHLnL+\/64J+SIcKGYTYWnntpdLjrVdqvZmNdn0+EE40GtpuuWVS6Xx6N7YDSGpWXpeq02wHgynM7q80az1a52HpddtVcpsi1zFARBrdaxbhp9iUReTGmwA4KAAr7vx3EYejnCMI6hQYEgy0LQi4jUN0wL19vqFcUC9\/1dAKmEEFkWRYkh5oBejnxQJiSJPJ\/uKBp0Thszx9Mw8hMRIQjKsptCfuES9zr5WJY6vSFCIvE9fCMUmEM1A1kSXcYGxgVYsvI1IPKTZciSTI0us\/SMGG04gDzELDoFBwdcFJrF88dqgYMTiL6DILWYyfOWE8\/kIz38olCNlC03FK95+imxp6y4oUSvAnBjHHhKNtotSDqJzVFiK8c2SBqhZtsrTtgrLXwAyduxZHNE26eHUt5rtuM4WSmds3G+sUdWYo1L+XyxButoh5eKUHk5lByO3G1LqqCWVnfrv\/lyPtf\/4ps1cndNGIri8J1TJ0lx6dR\/oPjq1nbRwdp2dCk4CtIOLW3pVKRL6WZfS5vF2KkIQhpwSsjiYIgNCs1gEMGqiIq24NQX9NwoXFy8Ufrl3twTcg4fv8T9\/JBEySduj6Mjm4bMzYV7EEOxKjjoNDud7yY3Dy71Hq2oLmqfbNR723edH9PgMrNL2utoQ3VmaIDkiw\/4w51P06hlZsTZvkRrbVuSIs\/zwSOsycgzStQouoAkWQqioRT5XI7n2Z1wfVhoZmcAJLsoqjqpjbWCgpOAJXBwHK8PzWbNvoUZJND5wCnSkLAkZ1legx6vqQzjoiTahKlGUGLAiIIoABOHaNVw4sexZBym6\/HWlH5h3IC7yRbxtipcWxdTOkORKiNQAEkFf66x5S2oeRbroOlLgg0sSYkR0hRGEqJZ0jTPiQKatESdBckpWigxaapEH0lImHdWu9pUFF2XqMNM2Z4kped7IwEJw2qabwtrQqnpw6HyKkgcadKWsmpywwesDyIhYRpdzXddqegtGIJlXbAIUMOLkGxJUjRIkokwjUaX9d\/kK62ps\/tYUqZLIMkLTyBhsMZ3C5Z\/kDxOSCb\/DOs\/\/J0qcWSX\/2ipe56EgTCA4\/cB7NAYOsni4mZM1MUPAISoEwkDi4lhVBQ1cWQyIcwalw4EpqZN68JUSK7XC0kTlkLYii5uXSC8jT5ncCAS7mjCv0uHp\/3lueHEEAeQ\/\/VgmdN71\/2uCSA1Xr6DO6uI6sW56zqT2tp2PhgiRUAajV8CY2fkcz6WGNKMgLAt7tJAhD4YHMTeRxlALE6+43WqjSWi8ITxyJl8WrwWSNESQZZOqhDDntO3hJLsd5RtSpbJqdv3YrDJH3F7jL1R2O2aQkn2MyCyKYz0GPGIvSAMgBCrCEiJyKbBaYGwLW4uPRr0A0M4Ux5kUI7IBh+hMdiCEWNqhMZGyYMsOgNE58UQuEQeUnSWCMYwL54hkxK6IoqucQZbQ3pc3XtL0lky1dL0zZJJDpWJovFqpWj6JEHnyam2eQp5QRVAVHjWparTOaVwUOx99YS2MvgxIGV0bb+qIg2HX2qkFFJB+XZcbLiuRkuxD9GRroKyveLxdh4d7Orx+hb7qc3uVRuEogCOnyIxm4ubUoPgF4jianDrC+SDQDKEfJb0GUKmjCGPYHGJvVC6X4hw1\/sAfQAdfYyephIaspXe36RwOP+Ljvfx9B6B3i+Nk0DGq+oCbLn6JpBa9nWAveAIHwFAwtVcIJXPMPL8kRu5OAYPMaL1WScTxjiZDqB9LTJSWphow\/pTYKRTLjCBhvi9iBidvKcDasGSm0QQkycYuLBqj6QCELPctqChDWpTRMWkngNNpQ1Pfp1KkiT\/Y0DGffXAweUNfLAfaJFKDwhb6I+bkYRbkERoEeu3Fyjg2opMz2daZCS9jt6Q7txNfB+OZEVF6Zl5web2xunnLQrtrjXseXKaFYziYINeMFZVxS9VxRhOoesYwxPKXm+gWLG9cuFeq93UNNeJNsf1KlwuDok9n02n3TgIJpOxNfL9naIoQwXtfH9kjceTIIi709ncTg6LZbg+biLH1V6u\/7rxBem06VXKn9raAAAAAElFTkSuQmCC\")      no-repeat center center \/ contain;  }  @media screen and (max-width: 960px) and (orientation: portrait) {    .logo {      width: 100%;    }    .logo .pc-banner {      display: none;    }    .logo .m-banner {      display: block;      width: 100%;    }    .logo .m-banner img {      height: auto!important;    }    .ytvideo {      height: 200px;      width: 100%;    }  }<\/style><style>  .video-section {    width: 100%;    margin: 0 auto;  }  .video-section > img {    width: 100%;  }  .video-section iframe,  .video-section video {    width: 100%;    height: 100%;      }  .video-section-img-m,  .video-section-img-pc > img {    width: 100%;    height: auto;  }  .video-section-img-pc.small > img {    width: 970px;  }  .video-desc {    line-height: 1.5;    font-size: 20px;    font-weight: 400;    margin: 20px 0;    text-align: center;    color: #0f1111;    word-break: break-word;  }  @media screen and (max-width: 960px) and (orientation: portrait) {    .video-section {      width: 100%;    }    .video-section-pc,    .video-section-img-pc {      display: none;    }    .video-section-m,    .video-section-img-m {      display: block;    }    .video-desc {      font-size: 15px;    }  }  @media screen and (min-width: 960px) {    .video-section {      width: 100%;      margin: 0 auto;    }    .video-section-pc,    .video-section-img-pc {      display: block;    }    .video-section-m,    .video-section-img-m {      display: none;    }    .video-desc {      font-size: 20px;    }  }<\/style><style>  .section + .section {    margin-top: 35px;  }  .section-title {    text-align: center;    font-weight: bold;    color: #0d1111;    font-family: \"Arial\";    font-size: 32px;    margin: 15px 0;  }  .section-title:empty {    display: none;  }  .section-desc {    text-align: center;    font-weight: normal;    color: #0d1111;    margin-top: 20px;  }  .section-desc:empty {    display: none;  }  .section-img {    width: 1200px;    height: 492px;    margin: 0 auto;    display: block;  }  .section-img.small {    width: 970px;    height: auto;  }  .section-img.small > img {    height: auto;  }  .section-img > img {    width: 100%;    height: 100%;  }  .section-mobile-img {    display: none;    max-width: 100vw;    max-height: 75vw;    height: 450px;    margin: 0 auto;  }  .section-mobile-img > img {    width: 100%;    height: 100%;  }  @media screen and (max-width: 960px) and (orientation: portrait) {    .container {      width: 100%;    }    .container.small {      width: 100%;    }    .section-mobile-img {      display: block;    }    .section-img {      display: none;    }    .section-title {      font-size: 22px;      margin: 10px 0;    }    .section-desc {      margin-top: 10px;    }    .section + .section {      margin-top: 20px;    }  }<\/style><\/head><body><div class=\"container\"><div class=\"logo\"><div class=\"pc-banner\"><div><img decoding=\"async\" src=\"\/vevor\/vevor\/boutique-banner\/pc\/en-pc@1x.jpg\" style=\"width: 100%;\" \/><\/div><\/div><div class=\"m-banner\"><div><img decoding=\"async\" src=\"\/vevor\/vevor\/boutique-banner\/mobile\/en-m@1x.jpg\" style=\"width: 100%;\" \/><\/div><\/div><\/div><div class=\"section-title\">Pagari-Display Case 2-Riiulid<\/div><div class=\"video-section\"><div class=\"video-section-img-pc\"><img decoding=\"async\" src=\"\/vevor\/product\/YKLMBZSJYKL2HBKHN\/bakery-display-cases-a100-1.4.jpg\" alt=\"VEVOR saia display case fikseeritud vahesein, magnet tagumine uks ja mugav k\u00e4epide.\" \/><\/div><div class=\"video-section-img-m\"><img decoding=\"async\" src=\"\/vevor\/product\/YKLMBZSJYKL2HBKHN\/bakery-display-cases-a100-1.4-m.jpg\" alt=\"VEVOR saia display case fikseeritud vahesein, magnet tagumine uks ja mugav k\u00e4epide.\" \/><\/div><div class=\"section-desc\">Pagaritoodete v\u00e4ljapaneku puhul on loendur, ekraan kapp ladustamiseks k\u00fcpsetiste, selgelt v\u00e4ljapanek toote v\u00f5lu, iga nurga alt, suurendades impulss m\u00fc\u00fck.<\/div><\/div><div class=\"section\"><div class=\"section-title\"><\/div><div class=\"section-img\"><img decoding=\"async\" src=\"\/vevor\/product\/YKLMBZSJYKL2HBKHN\/bakery-display-cases-a100-2.2.jpg\" alt=\"VEVOR saia display case akr\u00fc\u00fcl raam, 0.2-tolline paksus ja t\u00e4iendatud 0.24-tolline partitsiooni.\" \/><\/div><div class=\"section-mobile-img\"><img decoding=\"async\" src=\"\/vevor\/product\/YKLMBZSJYKL2HBKHN\/bakery-display-cases-a100-2.2-m.jpg\" alt=\"VEVOR saia display case akr\u00fc\u00fcl raam, 0.2-tolline paksus ja t\u00e4iendatud 0.24-tolline partitsiooni.\" \/><\/div><div class=\"section-desc\">Kerge ja l\u00e4bipaistev akr\u00fc\u00fcl materjalist, mitte ainult v\u00f5imaldab selgemalt ekraani oma k\u00fcpsetiste, kuid soodustab ka transpordi ja liikuvuse. Uuendatud fikseeritud vahesein tagab stabiilsuse ja parem kandev\u00f5ime.<\/div><\/div><div class=\"section\"><div class=\"section-title\"><\/div><div class=\"section-img\"><img decoding=\"async\" src=\"\/vevor\/product\/YKLMBZSJYKL2HBKHN\/bakery-display-cases-a100-2.3.jpg\" alt=\"VEVOR saia display case kahekordse kihi tutvustada assortii saiakesi ja teksti lihtne paigaldada.\" \/><\/div><div class=\"section-mobile-img\"><img decoding=\"async\" src=\"\/vevor\/product\/YKLMBZSJYKL2HBKHN\/bakery-display-cases-a100-2.3-m.jpg\" alt=\"VEVOR saia display case kahekordse kihi tutvustada assortii saiakesi ja teksti lihtne paigaldada.\" \/><\/div><div class=\"section-desc\">Toote pakendil on kerge, ning \u00fchendamine on lihtne. Kasutusjuhend annab rohkem intuitiivne m\u00f5istmine assamblee samme. Pakume ka v\u00e4ike crosshead kruvikeeraja, mis s\u00e4\u00e4stab vaevast leida teine t\u00f6\u00f6riist.<\/div><\/div><div class=\"section\"><div class=\"section-title\"><\/div><div class=\"section-img\"><img decoding=\"async\" src=\"\/vevor\/product\/YKLMBZSJYKL2HBKHN\/bakery-display-cases-a100-2.4.jpg\" alt=\"VEVOR saia display case magnet tagumine uks k\u00f6\u00f6k countertop holding saiakesi.\" \/><\/div><div class=\"section-mobile-img\"><img decoding=\"async\" src=\"\/vevor\/product\/YKLMBZSJYKL2HBKHN\/bakery-display-cases-a100-2.4-m.jpg\" alt=\"VEVOR saia display case magnet tagumine uks k\u00f6\u00f6k countertop holding saiakesi.\" \/><\/div><div class=\"section-desc\">Taga topelt-ava uks on varustatud vastupidav topelt hinged ja \u00fclevalt ja alt magnet \u00e4raveo seadmed, mist\u00f5ttu on lihtsam viia ja sulgeb ukse paneeli. See on mugav salvestada ametnikud t\u00e4iendada uute k\u00fcpsetiste leti juurest.<\/div><\/div><div class=\"section\"><div class=\"section-title\"><\/div><div class=\"section-img\"><img decoding=\"async\" src=\"\/vevor\/product\/YKLMBZSJYKL2HBKHN\/bakery-display-cases-a100-2.5.jpg\" alt=\"VEVOR saia ekraani puhul, kohvikutes, kauplustes ja pagarit\u00f6\u00f6kojad, tutvustada assortii saiakesi.\" \/><\/div><div class=\"section-mobile-img\"><img decoding=\"async\" src=\"\/vevor\/product\/YKLMBZSJYKL2HBKHN\/bakery-display-cases-a100-2.5-m.jpg\" alt=\"VEVOR saia ekraani puhul, kohvikutes, kauplustes ja pagarit\u00f6\u00f6kojad, tutvustada assortii saiakesi.\" \/><\/div><div class=\"section-desc\">Lisaks on kasutatud pagarit\u00f6\u00f6koda ja kohvikud viimise eest, peen k\u00fcpsetatud leiba ja magustoitu, seda saab kasutada ka suupiste poed, mugavuse kauplustes, restoranides ja toiduainete turgudel, nagu suupiste ekraan kapp, suupiste ekraan kapp, candy displei kapp, jne.<\/div><\/div><div class=\"section\"><div class=\"section-img\"><img decoding=\"async\" src=\"\/vevor\/product\/YKLMBZSJYKL2HBKHN\/bakery-display-cases-a100-1.11.jpg\" alt=\"VEVOR saia display case 2 leiba, nagid, selge raam, k\u00e4epidemed, hinged, ja kruvid.\" \/><\/div><div class=\"section-mobile-img\"><img decoding=\"async\" src=\"\/vevor\/product\/YKLMBZSJYKL2HBKHN\/bakery-display-cases-a100-1.11-m.jpg\" alt=\"VEVOR saia display case 2 leiba, nagid, selge raam, k\u00e4epidemed, hinged, ja kruvid.\" \/><\/div><\/div><\/div><\/body><\/html><\/div>\n<div class=\"DM_at-title\" id=\"js-DM_at-title\"> <div>Toote spetsifikatsioon<\/div> <i class=\"icon-arrowup_line\"><\/i> <\/div><div class=\"DM_at-goodsDescAttr\" id=\"js-DM_at-goodsDescAttr\"> <div class=\"DM_at-goodsDescAttrInner\"> <dl class=\"goodsDesc_item goodsDesc_item_even\"> <dt>Punkt Mudeli Number<\/dt> <dd> CX-03<\/dd> <\/dl> <dl class=\"goodsDesc_item\"> <dt>Raami Materjal<\/dt> <dd> PMMA<\/dd> <\/dl> <dl class=\"goodsDesc_item goodsDesc_item_even\"> <dt>Raami Paksus<\/dt> <dd> 5mm<\/dd> <\/dl> <\/div> <\/div>","protected":false},"excerpt":{"rendered":"<ul>\n<li> Akr\u00fc\u00fclist Materjal: L\u00e4bipaistev akr\u00fc\u00fcl on valguse l\u00e4bilaskvus, mis on v\u00f5rreldav klaas. K\u00f5rge l\u00e4bipaistvuse akr\u00fc\u00fcl-struktuur v\u00f5imaldab selget ja p\u00f5hjalikku ekraani oma k\u00fcpsetiste, mis v\u00f5imaldab klientidel n\u00e4ha ja lihtsalt valida erinevate k\u00fcpsetatud magustoidud, suurendades seel\u00e4bi oma soov teha oste. Lisaks kerge akr\u00fc\u00fcl materjal v\u00e4hendab transpordikulusid ja h\u00f5lbustab lihtne liikuvus igap\u00e4evaseks kasutamiseks. <\/li>\n<li> Paksenenud Fikseeritud Vahesein: t\u00e4iendatud partitsioon on paksusega 6mm ja v\u00f5ib toetuse maksimaalne koormus 5kg, pakkudes paremat kandev\u00f5ime ja v\u00f5imaldades ekraanide jaoks suuremat kaubavalikut. Vastupidav ja stabiilne sisemine struktuur tagab pikema toote eluiga. <\/li>\n<li> Magnet \u00c4raveo Taga Topelt-avades Ukse: taga topelt-ava uks on varustatud vastupidav topelt hinged ja \u00fclevalt ja alt magnet \u00e4raveo seadmed, mist\u00f5ttu on lihtsam viia ja sulgege uks paneel, seet\u00f5ttu on parem s\u00e4ilitada v\u00e4rskus ja h\u00f5rkus puu toidu sees ekraan kapp. See on ka mugav salvestada ametnikud t\u00e4iendada uute k\u00fcpsetiste leti juurest. <\/li>\n<li> Kohaldatavad Mitu stseeni: Lisaks kasutatakse pagarit\u00f6\u00f6koda ja kohvikud v\u00e4ljapanek peen k\u00fcpsetatud leiba ja magustoitu, seda saab kasutada ka suupiste poed, mugavuse kauplustes, restoranides ja toiduainete turgudel. Seda saab kasutada suupiste kuvada juhul, candy displei juhul, jne., tegemist on multi-funktsionaalne t\u00f6\u00f6 sobib erinevaid seadeid. <\/li>\n<li> Uuendatud Pakend: pakendi Meie protsess on veelgi t\u00e4iustatud. Me kasutame spetsiaalset pakendit vaht parema kaitse, mis vastab ISTA 2A tilk standard set Rahvusvahelise Ohutu Transiidi Assotsiatsioon. See tagab, et pakendatud elemendid ei ole kahjustatud v\u00f5i h\u00e4vinud transiidi ajal, tagades kvaliteedi ja toodete ohutust. Lisaks pakume kasutusjuhend ja video tutvustamise selgelt juhendab teid l\u00e4bi paigaldamise protsess, mis v\u00f5imaldab kiire ja lihtne paigaldamine. <\/li>\n<\/ul>","protected":false},"featured_media":281702,"comment_status":"closed","ping_status":"open","template":"","meta":{"om_disable_all_campaigns":false,"_uf_show_specific_survey":0,"_uf_disable_surveys":false},"location":[1935,1934],"product_brand":[21],"product_cat":[3689,3687,3688,2403,2676],"product_tag":[],"class_list":{"0":"post-25318","1":"product","2":"type-product","3":"status-publish","4":"has-post-thumbnail","6":"location-supplier_stock_location","7":"location-local_stock_location","8":"product_brand-vevor","9":"product_cat-bakery-display-case","10":"product_cat-bakeware","11":"product_cat-cooling-racks","12":"product_cat-kitchen","13":"product_cat-kitchenware","15":"first","16":"instock","17":"taxable","18":"shipping-taxable","19":"purchasable","20":"product-type-simple"},"aioseo_notices":[],"locations":[{"id":1935,"name":"Pieg\u0101d\u0101t\u0101ja noliktav\u0101 (5-7dd)","slug":"supplier_stock_location","quantity":"233"},{"id":1934,"name":"R\u012bgas veikal\u0101 (0-2d.d.)","slug":"local_stock_location","quantity":"0"}],"_links":{"self":[{"href":"https:\/\/vevorshop.lv\/et\/wp-json\/wp\/v2\/product\/25318","targetHints":{"allow":["GET"]}}],"collection":[{"href":"https:\/\/vevorshop.lv\/et\/wp-json\/wp\/v2\/product"}],"about":[{"href":"https:\/\/vevorshop.lv\/et\/wp-json\/wp\/v2\/types\/product"}],"replies":[{"embeddable":true,"href":"https:\/\/vevorshop.lv\/et\/wp-json\/wp\/v2\/comments?post=25318"}],"wp:featuredmedia":[{"embeddable":true,"href":"https:\/\/vevorshop.lv\/et\/wp-json\/wp\/v2\/media\/281702"}],"wp:attachment":[{"href":"https:\/\/vevorshop.lv\/et\/wp-json\/wp\/v2\/media?parent=25318"}],"wp:term":[{"taxonomy":"location","embeddable":true,"href":"https:\/\/vevorshop.lv\/et\/wp-json\/wp\/v2\/location?post=25318"},{"taxonomy":"product_brand","embeddable":true,"href":"https:\/\/vevorshop.lv\/et\/wp-json\/wp\/v2\/product_brand?post=25318"},{"taxonomy":"product_cat","embeddable":true,"href":"https:\/\/vevorshop.lv\/et\/wp-json\/wp\/v2\/product_cat?post=25318"},{"taxonomy":"product_tag","embeddable":true,"href":"https:\/\/vevorshop.lv\/et\/wp-json\/wp\/v2\/product_tag?post=25318"}],"curies":[{"name":"wp","href":"https:\/\/api.w.org\/{rel}","templated":true}]}}