{"id":26137,"date":"2024-11-18T16:47:14","date_gmt":"2024-11-18T16:47:14","guid":{"rendered":"http:\/\/vevorshop.edigo.lv\/Prece\/vevor-foldable-pet-playpen-44-x-44-x-24-portable-dog-playpen-crate-kennel-for-puppy-dog-cat-waterproof-600d-oxford-cloth-removable-zipper-for-indoor-outdoor-travel-camping-round-l\/"},"modified":"2026-05-05T12:31:53","modified_gmt":"2026-05-05T09:31:53","slug":"vevor-foldable-pet-playpen-44-x-44-x-24-portable-dog-playpen-crate-kennel-for-puppy-dog-cat-waterproof-600d-oxford-cloth-removable-zipper-for-indoor-outdoor-travel-camping-round-l","status":"publish","type":"product","link":"https:\/\/vevorshop.lv\/et\/Prece\/vevor-kokkupandav-lemmikloomade-manguaed-44-x-44-x-24-kaasaskantav-koer-manguaediku-kasti-kennel-kutsikale-koer-kass-veekindel-600-d-oxford-lapiga-eemaldatav-tomblukk-siseruumides-valjas-reisimiseks-t\/","title":{"rendered":"VEVOR Kokkupandav lemmiklooma aedik \u00d8112\u00d761 cm, veekindel 600D Oxford, lukuga, kaasaskantav koertele, kassidele, sise\/v\u00e4listingimustes"},"content":{"rendered":"<div style=\"color: #fff!important; font-size: 16px; height: 24px; line-height: 24px; margin-top: -24px; \" class=\"product_original_name\">VEVOR Kokkupandav lemmikloomade m\u00e4nguaed, 44'' x 44'' x 24'' kaasaskantav koerte m\u00e4nguaed, kutsikate, koerte, kasside kaste, veekindel 600 D Oxfordi riie, eemaldatav t\u00f5mblukk, siseruumides v\u00e4ljas reisimiseks telkimiseks (ringi, L)<\/div>\n<div style=\"color: #fff!important; font-size: 16px; height: 24px; line-height: 24px; margin-top: -24px; \" class=\"product_sku\">M4I4KV33<\/div>\n<div style=\"color: #fff!important; font-size: 16px; height: 24px; line-height: 24px; margin-top: -24px; \" class=\"product_mpn\">BLKZDCWWL44I3K09LV0<\/div><div id=\"js-DM_at-goodDescRich\"><html><head><style>  body {    font-family: Arial;    line-height: 1.5;    color: #1c1c1c;    overflow-x: hidden;    margin: 0;    padding: 0;  }  .MsoNormal b {    font-weight: bolder;  }<\/style><style>  .container.small {    width: 970px;    margin: 0 auto;  }  .logo {    margin: 0 auto 0;  }  .logo img {    display: block;    margin: 0 auto;    max-width: 100%;  }  .logo .pc-banner {    display: block;    width: 1200px;    height: 247.4px;    margin: 0 auto;  }  .logo .pc-banner.small {    width: 970px;  }  .logo .pc-banner.small img {    height: auto!important;  }  .logo .m-banner {    display: none;  }  .ytvideo {    position: relative;    height: 546px;    width: 100%;    margin: 0 auto;  }  .ytvideo img {    width: 100%;    margin: 0 auto;  }  .ytvideo .play-btn {    width: 60px;    height: 42px;    position: absolute;    top: 50%;    left: 50%;    transform: translate(-50%, -50%);    background: url(\"data:image\/png;base64,iVBORw0KGgoAAAANSUhEUgAAAGQAAABGCAMAAAANWMFbAAAC+lBMVEUAAADBGB3kLCfBGB3kLCfcJC7BFx3KKSbiKybkLCbWJCPSIiLSIiLPICHAFx3kLCfgKSXNHiDZJiTIGx\/p4eHcjo7LHSDbJyTkLCbjKyfOHyHPIiL28fHJHB\/GGh7EGR7eKCXDGB3RISHlLSbBGB3AFxzGHB7DGB7BGB3hKybkKybAFx3lLCfAFxzDGR3hKibDGB7cJyTmz8\/elJTlwcHjurrUIyLlLSflLSfAFx3DGR7lLSfCFx3hKibhKibhKybjKybkLCblLSfbJSX49vbx7e3NNzjNMTLMJyjVIyLZf3\/ZQ0LaeHjx0tLgoqLkLCfCGB3HGx\/BGB3BFx3PICHCGB7WJCLOHyC\/Fxy\/Fx3lLCfQISHkLSe\/FxzbJiTBFx3FGx\/AGB7BFx3EGR7AGB3HHSDfKiXAFh3TISHYNzbhKibbJyTTIiL57e325+f039\/v2NjUV1fOHiHiqanfmprch4feKSXVIyPOICHmLibFGh\/mLSe\/Fx7XJCPeKSXXJSPNHyHaJyTGGh7lLCbmLCflLSjSIiLkLCbdKSXLHiC\/GB3KHh++Fh3lKyfoLiXcKCPkx8fYb2\/XaGfVXl3aU1LLHiDksbHgKibPICHbJyTfKSXbJyTCGB3KHSDiKybFGh7TIiL\/\/\/\/VIyPRISHIHB\/GGx\/HHB\/DGR7gKibdKCXLHiDZJiTMHiDNHyHYJSTOICHPICHWJCPcKCXXJSPjLCblLCf+\/f3NGR\/uLijzLynPGR\/IGB7WISHaIyLLGh7UAADxLynNAADRLzDbICLQAADIAAD3MCrUHSHXMTDpKSbLAADp5OTij4\/ejo\/VLy\/1LyngJSTcJCPQHx\/OHB7+\/PzaMS\/OLS\/vLijrLSjSAADaNTPwLyjkKSbNJCbYISHPHB\/KGB7WAAD7+vrn3d3aKynTKCjoLCfsKifRGh\/YAADq5+fhjo7QNDXXKCfmJyXt5+fTLzDLLi\/QKivYHRvMGBrQJCXLISPMExXLDxLaEAvkkI\/bOTfaFQ\/SCgpvLcnHAAAAmnRSTlMA+vv7+gT9Bvf9+8z8\/NSv\/Pr5+P7++vnQIBMP\/v38\/Pn348XDiCYf9OjbzcqxXVcx\/fz8+\/rj1r2poo1+fXFqX0orGP7+\/v7+\/fz8+\/r68uzn4trIxsG\/vri3p6GcmZSNbWVYUUZEPQv+\/f39+\/v7+\/v7+vr64tvV1NTTz87FtbSurqeblJKFg4B3bUY+NjL7+\/v7+\/v67t1cDo8JLQAABkRJREFUWMO0kz9rwkAYh0OIeJkum6YugUAhISCdKoj\/P4C7SMdS+gEKIhSKil10LSg4mzXkILdlEpxCpwTiWOLX6BujvQaEQuGeHLnL+\/64J+SIcKGYTYWnntpdLjrVdqvZmNdn0+EE40GtpuuWVS6Xx6N7YDSGpWXpeq02wHgynM7q80az1a52HpddtVcpsi1zFARBrdaxbhp9iUReTGmwA4KAAr7vx3EYejnCMI6hQYEgy0LQi4jUN0wL19vqFcUC9\/1dAKmEEFkWRYkh5oBejnxQJiSJPJ\/uKBp0Thszx9Mw8hMRIQjKsptCfuES9zr5WJY6vSFCIvE9fCMUmEM1A1kSXcYGxgVYsvI1IPKTZciSTI0us\/SMGG04gDzELDoFBwdcFJrF88dqgYMTiL6DILWYyfOWE8\/kIz38olCNlC03FK95+imxp6y4oUSvAnBjHHhKNtotSDqJzVFiK8c2SBqhZtsrTtgrLXwAyduxZHNE26eHUt5rtuM4WSmds3G+sUdWYo1L+XyxButoh5eKUHk5lByO3G1LqqCWVnfrv\/lyPtf\/4ps1cndNGIri8J1TJ0lx6dR\/oPjq1nbRwdp2dCk4CtIOLW3pVKRL6WZfS5vF2KkIQhpwSsjiYIgNCs1gEMGqiIq24NQX9NwoXFy8Ufrl3twTcg4fv8T9\/JBEySduj6Mjm4bMzYV7EEOxKjjoNDud7yY3Dy71Hq2oLmqfbNR723edH9PgMrNL2utoQ3VmaIDkiw\/4w51P06hlZsTZvkRrbVuSIs\/zwSOsycgzStQouoAkWQqioRT5XI7n2Z1wfVhoZmcAJLsoqjqpjbWCgpOAJXBwHK8PzWbNvoUZJND5wCnSkLAkZ1legx6vqQzjoiTahKlGUGLAiIIoABOHaNVw4sexZBym6\/HWlH5h3IC7yRbxtipcWxdTOkORKiNQAEkFf66x5S2oeRbroOlLgg0sSYkR0hRGEqJZ0jTPiQKatESdBckpWigxaapEH0lImHdWu9pUFF2XqMNM2Z4kped7IwEJw2qabwtrQqnpw6HyKkgcadKWsmpywwesDyIhYRpdzXddqegtGIJlXbAIUMOLkGxJUjRIkokwjUaX9d\/kK62ps\/tYUqZLIMkLTyBhsMZ3C5Z\/kDxOSCb\/DOs\/\/J0qcWSX\/2ipe56EgTCA4\/cB7NAYOsni4mZM1MUPAISoEwkDi4lhVBQ1cWQyIcwalw4EpqZN68JUSK7XC0kTlkLYii5uXSC8jT5ncCAS7mjCv0uHp\/3lueHEEAeQ\/\/VgmdN71\/2uCSA1Xr6DO6uI6sW56zqT2tp2PhgiRUAajV8CY2fkcz6WGNKMgLAt7tJAhD4YHMTeRxlALE6+43WqjSWi8ITxyJl8WrwWSNESQZZOqhDDntO3hJLsd5RtSpbJqdv3YrDJH3F7jL1R2O2aQkn2MyCyKYz0GPGIvSAMgBCrCEiJyKbBaYGwLW4uPRr0A0M4Ux5kUI7IBh+hMdiCEWNqhMZGyYMsOgNE58UQuEQeUnSWCMYwL54hkxK6IoqucQZbQ3pc3XtL0lky1dL0zZJJDpWJovFqpWj6JEHnyam2eQp5QRVAVHjWparTOaVwUOx99YS2MvgxIGV0bb+qIg2HX2qkFFJB+XZcbLiuRkuxD9GRroKyveLxdh4d7Orx+hb7qc3uVRuEogCOnyIxm4ubUoPgF4jianDrC+SDQDKEfJb0GUKmjCGPYHGJvVC6X4hw1\/sAfQAdfYyephIaspXe36RwOP+Ljvfx9B6B3i+Nk0DGq+oCbLn6JpBa9nWAveAIHwFAwtVcIJXPMPL8kRu5OAYPMaL1WScTxjiZDqB9LTJSWphow\/pTYKRTLjCBhvi9iBidvKcDasGSm0QQkycYuLBqj6QCELPctqChDWpTRMWkngNNpQ1Pfp1KkiT\/Y0DGffXAweUNfLAfaJFKDwhb6I+bkYRbkERoEeu3Fyjg2opMz2daZCS9jt6Q7txNfB+OZEVF6Zl5web2xunnLQrtrjXseXKaFYziYINeMFZVxS9VxRhOoesYwxPKXm+gWLG9cuFeq93UNNeJNsf1KlwuDok9n02n3TgIJpOxNfL9naIoQwXtfH9kjceTIIi709ncTg6LZbg+biLH1V6u\/7rxBem06VXKn9raAAAAAElFTkSuQmCC\")      no-repeat center center \/ contain;  }  @media screen and (max-width: 960px) and (orientation: portrait) {    .logo {      width: 100%;    }    .logo .pc-banner {      display: none;    }    .logo .m-banner {      display: block;      width: 100%;    }    .logo .m-banner img {      height: auto!important;    }    .ytvideo {      height: 200px;      width: 100%;    }  }<\/style><style>  .video-section {    width: 100%;    margin: 0 auto;  }  .video-section > img {    width: 100%;  }  .video-section iframe,  .video-section video {    width: 100%;    height: 100%;      }  .video-section-img-m,  .video-section-img-pc > img {    width: 100%;    height: auto;  }  .video-section-img-pc.small > img {    width: 970px;  }  .video-desc {    line-height: 1.5;    font-size: 20px;    font-weight: 400;    margin: 20px 0;    text-align: center;    color: #0f1111;    word-break: break-word;  }  @media screen and (max-width: 960px) and (orientation: portrait) {    .video-section {      width: 100%;    }    .video-section-pc,    .video-section-img-pc {      display: none;    }    .video-section-m,    .video-section-img-m {      display: block;    }    .video-desc {      font-size: 15px;    }  }  @media screen and (min-width: 960px) {    .video-section {      width: 100%;      margin: 0 auto;    }    .video-section-pc,    .video-section-img-pc {      display: block;    }    .video-section-m,    .video-section-img-m {      display: none;    }    .video-desc {      font-size: 20px;    }  }<\/style><style>  .section + .section {    margin-top: 35px;  }  .section-title {    text-align: center;    font-weight: bold;    color: #0d1111;    font-family: \"Arial\";    font-size: 32px;    margin: 15px 0;  }  .section-title:empty {    display: none;  }  .section-desc {    text-align: center;    font-weight: normal;    color: #0d1111;    margin-top: 20px;  }  .section-desc:empty {    display: none;  }  .section-img {    width: 1200px;    height: 492px;    margin: 0 auto;    display: block;  }  .section-img.small {    width: 970px;    height: auto;  }  .section-img.small > img {    height: auto;  }  .section-img > img {    width: 100%;    height: 100%;  }  .section-mobile-img {    display: none;    max-width: 100vw;    max-height: 75vw;    height: 450px;    margin: 0 auto;  }  .section-mobile-img > img {    width: 100%;    height: 100%;  }  @media screen and (max-width: 960px) and (orientation: portrait) {    .container {      width: 100%;    }    .container.small {      width: 100%;    }    .section-mobile-img {      display: block;    }    .section-img {      display: none;    }    .section-title {      font-size: 22px;      margin: 10px 0;    }    .section-desc {      margin-top: 10px;    }    .section + .section {      margin-top: 20px;    }  }<\/style><\/head><body><div class=\"container\"><div class=\"logo\"><div class=\"pc-banner\"><div><img decoding=\"async\" src=\"\/vevor\/vevor\/boutique-banner\/pc\/en-pc@1x.jpg\" style=\"width: 100%;\" \/><\/div><\/div><div class=\"m-banner\"><div><img decoding=\"async\" src=\"\/vevor\/vevor\/boutique-banner\/mobile\/en-m@1x.jpg\" style=\"width: 100%;\" \/><\/div><\/div><\/div><div class=\"section-title\">Anna oma karvased s\u00f5brad mugav ruumi!<\/div><div class=\"video-section\"><div class=\"video-section-img-pc\"><img decoding=\"async\" src=\"\/vevor\/product\/BLKZDCWWL44I3K09L\/foldable-pet-playpen-a100-1.4.jpg\" alt=\"VEVOR pet playpen telkimine, reisimisel ja rannas. kaasaskantav, kerge ja ideaalne mitu lemmikloomad.\" \/><\/div><div class=\"video-section-img-m\"><img decoding=\"async\" src=\"\/vevor\/product\/BLKZDCWWL44I3K09L\/foldable-pet-playpen-a100-1.4-m.jpg\" alt=\"VEVOR pet playpen telkimine, reisimisel ja rannas. kaasaskantav, kerge ja ideaalne mitu lemmikloomad.\" \/><\/div><div class=\"section-desc\">Meie kokkupandav koera playpen on mitte ainult sobib telkimine ja v\u00e4ljas tegevust, kuid saab m\u00e4\u00e4rata ka \u00fcles oma terrass, muru, aed, v\u00f5i mis tahes ruumi oma maja, mis pakub privaatset ruumi oma lemmikloomi j\u00e4\u00e4da, mugav ja turvaline.<\/div><\/div><div class=\"section\"><div class=\"section-title\"><\/div><div class=\"section-img\"><img decoding=\"async\" src=\"\/vevor\/product\/BLKZDCWWL44I3K09L\/foldable-pet-playpen-a100-2.2.jpg\" alt=\"VEVOR pet playpen: multi-funktsionaalne ruum koertele ja kassidele, sobib sise-ja v\u00e4listingimustes kasutamiseks.\" \/><\/div><div class=\"section-mobile-img\"><img decoding=\"async\" src=\"\/vevor\/product\/BLKZDCWWL44I3K09L\/foldable-pet-playpen-a100-2.2-m.jpg\" alt=\"VEVOR pet playpen: multi-funktsionaalne ruum koertele ja kassidele, sobib sise-ja v\u00e4listingimustes kasutamiseks.\" \/><\/div><div class=\"section-desc\">Meie hingav lemmiklooma puuri sobib igal aastaajal. Valmistatud 8 silmadega paneelid pakub see v\u00f5re p\u00e4ikesevarju ja vett h\u00fclgav akna kardinad. 360-kraadise avatud silmadega disain v\u00f5imaldab selge n\u00e4htavus \u00fcmbrust, tagades hea ventilatsiooni ja lihtne j\u00e4lgida lemmikloomad.<\/div><\/div><div class=\"section\"><div class=\"section-title\"><\/div><div class=\"section-img\"><img decoding=\"async\" src=\"\/vevor\/product\/BLKZDCWWL44I3K09L\/foldable-pet-playpen-a100-2.3.jpg\" alt=\"VEVOR pet playpen erinevates suurustes lemmikloomad, k.a ruut, octagon, ja \u00fcmmargune kuju.\" \/><\/div><div class=\"section-mobile-img\"><img decoding=\"async\" src=\"\/vevor\/product\/BLKZDCWWL44I3K09L\/foldable-pet-playpen-a100-2.3-m.jpg\" alt=\"VEVOR pet playpen erinevates suurustes lemmikloomad, k.a ruut, octagon, ja \u00fcmmargune kuju.\" \/><\/div><div class=\"section-desc\">Mitu suurused ja stiilid valida, olla stiilne ja personaalset pet aksessuaar.<\/div><\/div><div class=\"section\"><div class=\"section-title\"><\/div><div class=\"section-img\"><img decoding=\"async\" src=\"\/vevor\/product\/BLKZDCWWL44I3K09L\/foldable-pet-playpen-a100-2.4.jpg\" alt=\"VEVOR pet playpen koos 600d oxford kangast, k\u00fcljel uks koos luku ja ladustamine tasku lemmiklooma m\u00e4nguasju ja maiustusi.\" \/><\/div><div class=\"section-mobile-img\"><img decoding=\"async\" src=\"\/vevor\/product\/BLKZDCWWL44I3K09L\/foldable-pet-playpen-a100-2.4-m.jpg\" alt=\"VEVOR pet playpen koos 600d oxford kangast, k\u00fcljel uks koos luku ja ladustamine tasku lemmiklooma m\u00e4nguasju ja maiustusi.\" \/><\/div><div class=\"section-desc\">Meie kantavate koer playpen on valmistatud paks 600D Oxford kangast, topelt \u00f5mblused vastupidavus, mist\u00f5ttu on v\u00e4hem t\u00f5en\u00e4oline, et olla katki. On suletav lukuga takistab efektiivselt lemmikloomad p\u00f5genemist. Erinevad taskud on mugav-kauplus lemmikloomatarbed.<\/div><\/div><div class=\"section\"><div class=\"section-title\"><\/div><div class=\"section-img\"><img decoding=\"async\" src=\"\/vevor\/product\/BLKZDCWWL44I3K09L\/foldable-pet-playpen-a100-2.5.jpg\" alt=\"nr paigaldus, lihtne setup ja fold jaoks VEVOR pet playpen skeemi illustreeriv samme.\" \/><\/div><div class=\"section-mobile-img\"><img decoding=\"async\" src=\"\/vevor\/product\/BLKZDCWWL44I3K09L\/foldable-pet-playpen-a100-2.5-m.jpg\" alt=\"nr paigaldus, lihtne setup ja fold jaoks VEVOR pet playpen skeemi illustreeriv samme.\" \/><\/div><div class=\"section-desc\">Loodud vaid paar sekundit, nr kokkupanekuks on vaja. Meie koer playpen saab volditud korter, kui seda ei kasutata lihtsaks kaasaskandmiseks ja ladustamine.<\/div><\/div><div class=\"section\"><div class=\"section-img\"><img decoding=\"async\" src=\"\/vevor\/product\/BLKZDCWWL44I3K09L\/foldable-pet-playpen-a100-1.11.jpg\" alt=\"VEVOR pet playpen pakett: sisaldab 44&#034; playpen, kokkuklapitavad kaussi, maa ankrut, ja kandekott.\" \/><\/div><div class=\"section-mobile-img\"><img decoding=\"async\" src=\"\/vevor\/product\/BLKZDCWWL44I3K09L\/foldable-pet-playpen-a100-1.11-m.jpg\" alt=\"VEVOR pet playpen pakett: sisaldab 44&#034; playpen, kokkuklapitavad kaussi, maa ankrut, ja kandekott.\" \/><\/div><\/div><\/div><\/body><\/html><\/div>\n<div class=\"DM_at-title\" id=\"js-DM_at-title\"> <div>Toote spetsifikatsioon<\/div> <i class=\"icon-arrowup_line\"><\/i> <\/div><div class=\"DM_at-goodsDescAttr\" id=\"js-DM_at-goodsDescAttr\"> <div class=\"DM_at-goodsDescAttrInner\"> <dl class=\"goodsDesc_item goodsDesc_item_even\"> <dt>Punkt Mudeli Number<\/dt> <dd> SX5013<\/dd> <\/dl> <dl class=\"goodsDesc_item\"> <dt>Toote Suurus<\/dt> <dd> 44 x 44 x 24\/x 1117 1117 x 609 mm<\/dd> <\/dl> <dl class=\"goodsDesc_item goodsDesc_item_even\"> <dt>Neto Kaal<\/dt> <dd> 2.4 kg\/5.29 lbs<\/dd> <\/dl> <dl class=\"goodsDesc_item\"> <dt>Peamine Materjal<\/dt> <dd> 600D Oxford Kangast<\/dd> <\/dl> <dl class=\"goodsDesc_item goodsDesc_item_even\"> <dt>Kokkuklapitavad Kaussi(Dia.xH)<\/dt> <dd> 13 x 5 cm\/5.12 x 1.97 aastal<\/dd> <\/dl> <dl class=\"goodsDesc_item\"> <dt>Kuju<\/dt> <dd> Ring<\/dd> <\/dl> <\/div> <\/div>","protected":false},"excerpt":{"rendered":"<ul>\n<li> Kokkupandav ja Kaasaskantav: Meie kantavate koer playpen ei vaja assamblee, mist\u00f5ttu on mugav \u00fcles seada ja maha v\u00f5tta. Pehme kangas on tugevdatud elastne traat rauast ja tugi vardad, tagades vastupidavuse ja mugavuse. Sobib kassidele, koertele, ja mitmed teised loomad. See ei ole mitte ainult ideaalne kodus kasutamiseks, aga ideaalne ka reisi ja telkimine. <\/li>\n<li> Kaheksa k\u00fclgedega Hingavus: Meie lemmikloomade playpen annab v\u00e4ga hea ventilatsioon ja putukate kaitse, mist\u00f5ttu see sobib igal aastaajal. 8 silmadega paneelid, v\u00f5re, p\u00e4ikesevarju, ja hingav v\u00f5rgusilma kardinad, 360-kraadine avatud silmadega disain v\u00f5imaldab selge n\u00e4htavus \u00fcmbrust, tagades korraliku \u00f5huvoolu ja lihtne j\u00e4lgida oma lemmikloomad. <\/li>\n<li> Kerge ja Ruumikas: Valmistatud pehmest ja painduvast materjalist, meie koer playpen on kerge ja lihtne fold. Oma helde siseruumi, see teenib mitut eesm\u00e4rki, nagu lemmikloomad birthing tuba, v\u00e4ljas telgis, v\u00f5i lemmiklooma isolatsiooni valdkonnas. Saadaval erinevates suurustes, see annab piisavalt ruumi oma lemmikloomi m\u00e4ngida ja l\u00f5bus. <\/li>\n<li> Vastupidav ja Veekindel: Meisterdatud paks 600D Oxford kangast ja 230D nylon, meie suure tihedusega kass playpen on v\u00e4ga vastupidav ja veekindel. Mis tahes vee tilgad saab kergesti puhtaks p\u00fchkida. Topelt \u00f5mblused tagab, et kangas on terviklikkus, kuigi suletav lukuga takistab oma aktiivse lemmikloomad p\u00f5genemist. Lisaks taskud on mugav k\u00f5ik oma lemmiklooma essentials. <\/li>\n<li> Lihtne Puhastada: S\u00e4ilitada meie kutsikas playpen on imelihtne! Lihtsalt loputa see kiiresti puhastus. Veekindel riie v\u00f5imaldab kerge plekkide eemaldamise kohta, tagades muretu hooldus p\u00e4rast iga kasutamist. <\/li>\n<\/ul>","protected":false},"featured_media":282943,"comment_status":"closed","ping_status":"open","template":"","meta":{"om_disable_all_campaigns":false,"_uf_show_specific_survey":0,"_uf_disable_surveys":false},"location":[1935,1934],"product_brand":[21],"product_cat":[3453,3454,2457,2365,2366,3724],"product_tag":[],"class_list":{"0":"post-26137","1":"product","2":"type-product","3":"status-publish","4":"has-post-thumbnail","6":"location-supplier_stock_location","7":"location-local_stock_location","8":"product_brand-vevor","9":"product_cat-dog-carriers-houses-kennels","10":"product_cat-dog-pens-gates","11":"product_cat-dog-supplies-pet-supplies-wildlife","12":"product_cat-outdoors","13":"product_cat-pet-supplies-wildlife","14":"product_cat-portable-foldable-pet-playpen","16":"first","17":"instock","18":"taxable","19":"shipping-taxable","20":"purchasable","21":"product-type-simple"},"aioseo_notices":[],"locations":[{"id":1935,"name":"Pieg\u0101d\u0101t\u0101ja noliktav\u0101 (5-7dd)","slug":"supplier_stock_location","quantity":"249"},{"id":1934,"name":"R\u012bgas veikal\u0101 (0-2d.d.)","slug":"local_stock_location","quantity":"0"}],"_links":{"self":[{"href":"https:\/\/vevorshop.lv\/et\/wp-json\/wp\/v2\/product\/26137","targetHints":{"allow":["GET"]}}],"collection":[{"href":"https:\/\/vevorshop.lv\/et\/wp-json\/wp\/v2\/product"}],"about":[{"href":"https:\/\/vevorshop.lv\/et\/wp-json\/wp\/v2\/types\/product"}],"replies":[{"embeddable":true,"href":"https:\/\/vevorshop.lv\/et\/wp-json\/wp\/v2\/comments?post=26137"}],"wp:featuredmedia":[{"embeddable":true,"href":"https:\/\/vevorshop.lv\/et\/wp-json\/wp\/v2\/media\/282943"}],"wp:attachment":[{"href":"https:\/\/vevorshop.lv\/et\/wp-json\/wp\/v2\/media?parent=26137"}],"wp:term":[{"taxonomy":"location","embeddable":true,"href":"https:\/\/vevorshop.lv\/et\/wp-json\/wp\/v2\/location?post=26137"},{"taxonomy":"product_brand","embeddable":true,"href":"https:\/\/vevorshop.lv\/et\/wp-json\/wp\/v2\/product_brand?post=26137"},{"taxonomy":"product_cat","embeddable":true,"href":"https:\/\/vevorshop.lv\/et\/wp-json\/wp\/v2\/product_cat?post=26137"},{"taxonomy":"product_tag","embeddable":true,"href":"https:\/\/vevorshop.lv\/et\/wp-json\/wp\/v2\/product_tag?post=26137"}],"curies":[{"name":"wp","href":"https:\/\/api.w.org\/{rel}","templated":true}]}}