{"id":26185,"date":"2024-11-18T16:49:25","date_gmt":"2024-11-18T16:49:25","guid":{"rendered":"http:\/\/vevorshop.edigo.lv\/Prece\/vevor-dog-bike-trailer-supports-up-to-88-lbs-2-in-1-pet-stroller-cart-bicycle-carrier-easy-folding-cart-frame-with-quick-release-wheels-universal-bicycle-coupler-reflectors-flag-black-gray\/"},"modified":"2026-03-12T02:43:04","modified_gmt":"2026-03-12T00:43:04","slug":"vevor-dog-bike-trailer-supports-up-to-88-lbs-2-in-1-pet-stroller-cart-bicycle-carrier-easy-folding-cart-frame-with-quick-release-wheels-universal-bicycle-coupler-reflectors-flag-black-gray","status":"publish","type":"product","link":"https:\/\/vevorshop.lv\/et\/Prece\/vevor-dog-bike-trailer-supports-up-to-88-lbs-2-in-1-pet-stroller-cart-bicycle-carrier-easy-folding-cart-frame-with-quick-release-wheels-universal-bicycle-coupler-reflectors-flag-black-gray\/","title":{"rendered":"VEVOR 2-\u00fches koera rattahaagis ja jalutusk\u00e4ru, kuni 40 kg, kokkupandav raam, kiirvabastusratastega, universaalne haakeseade, must\/hall"},"content":{"rendered":"<div style=\"color: #fff!important; font-size: 16px; height: 24px; line-height: 24px; margin-top: -24px; \" class=\"product_original_name\">VEVOR Dog Bike Trailer, Supports up to 88 lbs, 2-in-1 Pet Stroller Cart Bicycle Carrier, Easy Folding Cart Frame with Quick Release Wheels, Universal Bicycle Coupler, Reflectors, Flag, Black\/Gray<\/div>\n<div style=\"color: #fff!important; font-size: 16px; height: 24px; line-height: 24px; margin-top: -24px; \" class=\"product_sku\">M4I4KV5L<\/div>\n<div style=\"color: #fff!important; font-size: 16px; height: 24px; line-height: 24px; margin-top: -24px; \" class=\"product_mpn\">TCTCLYSCWZXCSF5IBV0<\/div><div id=\"js-DM_at-goodDescRich\"><html><head><style>  body {    font-family: Arial;    line-height: 1.5;    color: #1c1c1c;    overflow-x: hidden;    margin: 0;    padding: 0;  }  .MsoNormal b {    font-weight: bolder;  }<\/style><style>  .container.small {    width: 970px;    margin: 0 auto;  }  .logo {    margin: 0 auto 0;  }  .logo img {    display: block;    margin: 0 auto;    max-width: 100%;  }  .logo .pc-banner {    display: block;    width: 1200px;    height: 247.4px;    margin: 0 auto;  }  .logo .pc-banner.small {    width: 970px;  }  .logo .pc-banner.small img {    height: auto!important;  }  .logo .m-banner {    display: none;  }  .ytvideo {    position: relative;    height: 546px;    width: 100%;    margin: 0 auto;  }  .ytvideo img {    width: 100%;    margin: 0 auto;  }  .ytvideo .play-btn {    width: 60px;    height: 42px;    position: absolute;    top: 50%;    left: 50%;    transform: translate(-50%, -50%);    background: url(\"data:image\/png;base64,iVBORw0KGgoAAAANSUhEUgAAAGQAAABGCAMAAAANWMFbAAAC+lBMVEUAAADBGB3kLCfBGB3kLCfcJC7BFx3KKSbiKybkLCbWJCPSIiLSIiLPICHAFx3kLCfgKSXNHiDZJiTIGx\/p4eHcjo7LHSDbJyTkLCbjKyfOHyHPIiL28fHJHB\/GGh7EGR7eKCXDGB3RISHlLSbBGB3AFxzGHB7DGB7BGB3hKybkKybAFx3lLCfAFxzDGR3hKibDGB7cJyTmz8\/elJTlwcHjurrUIyLlLSflLSfAFx3DGR7lLSfCFx3hKibhKibhKybjKybkLCblLSfbJSX49vbx7e3NNzjNMTLMJyjVIyLZf3\/ZQ0LaeHjx0tLgoqLkLCfCGB3HGx\/BGB3BFx3PICHCGB7WJCLOHyC\/Fxy\/Fx3lLCfQISHkLSe\/FxzbJiTBFx3FGx\/AGB7BFx3EGR7AGB3HHSDfKiXAFh3TISHYNzbhKibbJyTTIiL57e325+f039\/v2NjUV1fOHiHiqanfmprch4feKSXVIyPOICHmLibFGh\/mLSe\/Fx7XJCPeKSXXJSPNHyHaJyTGGh7lLCbmLCflLSjSIiLkLCbdKSXLHiC\/GB3KHh++Fh3lKyfoLiXcKCPkx8fYb2\/XaGfVXl3aU1LLHiDksbHgKibPICHbJyTfKSXbJyTCGB3KHSDiKybFGh7TIiL\/\/\/\/VIyPRISHIHB\/GGx\/HHB\/DGR7gKibdKCXLHiDZJiTMHiDNHyHYJSTOICHPICHWJCPcKCXXJSPjLCblLCf+\/f3NGR\/uLijzLynPGR\/IGB7WISHaIyLLGh7UAADxLynNAADRLzDbICLQAADIAAD3MCrUHSHXMTDpKSbLAADp5OTij4\/ejo\/VLy\/1LyngJSTcJCPQHx\/OHB7+\/PzaMS\/OLS\/vLijrLSjSAADaNTPwLyjkKSbNJCbYISHPHB\/KGB7WAAD7+vrn3d3aKynTKCjoLCfsKifRGh\/YAADq5+fhjo7QNDXXKCfmJyXt5+fTLzDLLi\/QKivYHRvMGBrQJCXLISPMExXLDxLaEAvkkI\/bOTfaFQ\/SCgpvLcnHAAAAmnRSTlMA+vv7+gT9Bvf9+8z8\/NSv\/Pr5+P7++vnQIBMP\/v38\/Pn348XDiCYf9OjbzcqxXVcx\/fz8+\/rj1r2poo1+fXFqX0orGP7+\/v7+\/fz8+\/r68uzn4trIxsG\/vri3p6GcmZSNbWVYUUZEPQv+\/f39+\/v7+\/v7+vr64tvV1NTTz87FtbSurqeblJKFg4B3bUY+NjL7+\/v7+\/v67t1cDo8JLQAABkRJREFUWMO0kz9rwkAYh0OIeJkum6YugUAhISCdKoj\/P4C7SMdS+gEKIhSKil10LSg4mzXkILdlEpxCpwTiWOLX6BujvQaEQuGeHLnL+\/64J+SIcKGYTYWnntpdLjrVdqvZmNdn0+EE40GtpuuWVS6Xx6N7YDSGpWXpeq02wHgynM7q80az1a52HpddtVcpsi1zFARBrdaxbhp9iUReTGmwA4KAAr7vx3EYejnCMI6hQYEgy0LQi4jUN0wL19vqFcUC9\/1dAKmEEFkWRYkh5oBejnxQJiSJPJ\/uKBp0Thszx9Mw8hMRIQjKsptCfuES9zr5WJY6vSFCIvE9fCMUmEM1A1kSXcYGxgVYsvI1IPKTZciSTI0us\/SMGG04gDzELDoFBwdcFJrF88dqgYMTiL6DILWYyfOWE8\/kIz38olCNlC03FK95+imxp6y4oUSvAnBjHHhKNtotSDqJzVFiK8c2SBqhZtsrTtgrLXwAyduxZHNE26eHUt5rtuM4WSmds3G+sUdWYo1L+XyxButoh5eKUHk5lByO3G1LqqCWVnfrv\/lyPtf\/4ps1cndNGIri8J1TJ0lx6dR\/oPjq1nbRwdp2dCk4CtIOLW3pVKRL6WZfS5vF2KkIQhpwSsjiYIgNCs1gEMGqiIq24NQX9NwoXFy8Ufrl3twTcg4fv8T9\/JBEySduj6Mjm4bMzYV7EEOxKjjoNDud7yY3Dy71Hq2oLmqfbNR723edH9PgMrNL2utoQ3VmaIDkiw\/4w51P06hlZsTZvkRrbVuSIs\/zwSOsycgzStQouoAkWQqioRT5XI7n2Z1wfVhoZmcAJLsoqjqpjbWCgpOAJXBwHK8PzWbNvoUZJND5wCnSkLAkZ1legx6vqQzjoiTahKlGUGLAiIIoABOHaNVw4sexZBym6\/HWlH5h3IC7yRbxtipcWxdTOkORKiNQAEkFf66x5S2oeRbroOlLgg0sSYkR0hRGEqJZ0jTPiQKatESdBckpWigxaapEH0lImHdWu9pUFF2XqMNM2Z4kped7IwEJw2qabwtrQqnpw6HyKkgcadKWsmpywwesDyIhYRpdzXddqegtGIJlXbAIUMOLkGxJUjRIkokwjUaX9d\/kK62ps\/tYUqZLIMkLTyBhsMZ3C5Z\/kDxOSCb\/DOs\/\/J0qcWSX\/2ipe56EgTCA4\/cB7NAYOsni4mZM1MUPAISoEwkDi4lhVBQ1cWQyIcwalw4EpqZN68JUSK7XC0kTlkLYii5uXSC8jT5ncCAS7mjCv0uHp\/3lueHEEAeQ\/\/VgmdN71\/2uCSA1Xr6DO6uI6sW56zqT2tp2PhgiRUAajV8CY2fkcz6WGNKMgLAt7tJAhD4YHMTeRxlALE6+43WqjSWi8ITxyJl8WrwWSNESQZZOqhDDntO3hJLsd5RtSpbJqdv3YrDJH3F7jL1R2O2aQkn2MyCyKYz0GPGIvSAMgBCrCEiJyKbBaYGwLW4uPRr0A0M4Ux5kUI7IBh+hMdiCEWNqhMZGyYMsOgNE58UQuEQeUnSWCMYwL54hkxK6IoqucQZbQ3pc3XtL0lky1dL0zZJJDpWJovFqpWj6JEHnyam2eQp5QRVAVHjWparTOaVwUOx99YS2MvgxIGV0bb+qIg2HX2qkFFJB+XZcbLiuRkuxD9GRroKyveLxdh4d7Orx+hb7qc3uVRuEogCOnyIxm4ubUoPgF4jianDrC+SDQDKEfJb0GUKmjCGPYHGJvVC6X4hw1\/sAfQAdfYyephIaspXe36RwOP+Ljvfx9B6B3i+Nk0DGq+oCbLn6JpBa9nWAveAIHwFAwtVcIJXPMPL8kRu5OAYPMaL1WScTxjiZDqB9LTJSWphow\/pTYKRTLjCBhvi9iBidvKcDasGSm0QQkycYuLBqj6QCELPctqChDWpTRMWkngNNpQ1Pfp1KkiT\/Y0DGffXAweUNfLAfaJFKDwhb6I+bkYRbkERoEeu3Fyjg2opMz2daZCS9jt6Q7txNfB+OZEVF6Zl5web2xunnLQrtrjXseXKaFYziYINeMFZVxS9VxRhOoesYwxPKXm+gWLG9cuFeq93UNNeJNsf1KlwuDok9n02n3TgIJpOxNfL9naIoQwXtfH9kjceTIIi709ncTg6LZbg+biLH1V6u\/7rxBem06VXKn9raAAAAAElFTkSuQmCC\")      no-repeat center center \/ contain;  }  @media screen and (max-width: 960px) and (orientation: portrait) {    .logo {      width: 100%;    }    .logo .pc-banner {      display: none;    }    .logo .m-banner {      display: block;      width: 100%;    }    .logo .m-banner img {      height: auto!important;    }    .ytvideo {      height: 200px;      width: 100%;    }  }<\/style><style>  .video-section {    width: 100%;    margin: 0 auto;  }  .video-section > img {    width: 100%;  }  .video-section iframe,  .video-section video {    width: 100%;    height: 100%;      }  .video-section-img-m,  .video-section-img-pc > img {    width: 100%;    height: auto;  }  .video-section-img-pc.small > img {    width: 970px;  }  .video-desc {    line-height: 1.5;    font-size: 20px;    font-weight: 400;    margin: 20px 0;    text-align: center;    color: #0f1111;    word-break: break-word;  }  @media screen and (max-width: 960px) and (orientation: portrait) {    .video-section {      width: 100%;    }    .video-section-pc,    .video-section-img-pc {      display: none;    }    .video-section-m,    .video-section-img-m {      display: block;    }    .video-desc {      font-size: 15px;    }  }  @media screen and (min-width: 960px) {    .video-section {      width: 100%;      margin: 0 auto;    }    .video-section-pc,    .video-section-img-pc {      display: block;    }    .video-section-m,    .video-section-img-m {      display: none;    }    .video-desc {      font-size: 20px;    }  }<\/style><style>  .section + .section {    margin-top: 35px;  }  .section-title {    text-align: center;    font-weight: bold;    color: #0d1111;    font-family: \"Arial\";    font-size: 32px;    margin: 15px 0;  }  .section-title:empty {    display: none;  }  .section-desc {    text-align: center;    font-weight: normal;    color: #0d1111;    margin-top: 20px;  }  .section-desc:empty {    display: none;  }  .section-img {    width: 1200px;    height: 492px;    margin: 0 auto;    display: block;  }  .section-img.small {    width: 970px;    height: auto;  }  .section-img.small > img {    height: auto;  }  .section-img > img {    width: 100%;    height: 100%;  }  .section-mobile-img {    display: none;    max-width: 100vw;    max-height: 75vw;    height: 450px;    margin: 0 auto;  }  .section-mobile-img > img {    width: 100%;    height: 100%;  }  @media screen and (max-width: 960px) and (orientation: portrait) {    .container {      width: 100%;    }    .container.small {      width: 100%;    }    .section-mobile-img {      display: block;    }    .section-img {      display: none;    }    .section-title {      font-size: 22px;      margin: 10px 0;    }    .section-desc {      margin-top: 10px;    }    .section + .section {      margin-top: 20px;    }  }<\/style><\/head><body><div class=\"container\"><div class=\"logo\"><div class=\"pc-banner\"><div><img decoding=\"async\" src=\"\/vevor\/vevor\/boutique-banner\/pc\/en-pc@1x.jpg\" style=\"width: 100%;\" \/><\/div><\/div><div class=\"m-banner\"><div><img decoding=\"async\" src=\"\/vevor\/vevor\/boutique-banner\/mobile\/en-m@1x.jpg\" style=\"width: 100%;\" \/><\/div><\/div><\/div><div class=\"section-title\">VEVOR Pet Bike Haagise \u2013 L\u00f5bus Viis Reisida<\/div><div class=\"video-section\"><div class=\"video-section-img-pc\"><img decoding=\"async\" src=\"\/vevor\/product\/TCTCLYSCWZXCSF5IB\/pet-bike-trailer-a100-1.4.jpg\" alt=\"VEVOR koer jalgratta haagis - avar, k\u00f5rge, kandev\u00f5ime pet haagise 22&#034;-28&#034; jalgratta rattad.\" \/><\/div><div class=\"video-section-img-m\"><img decoding=\"async\" src=\"\/vevor\/product\/TCTCLYSCWZXCSF5IB\/pet-bike-trailer-a100-1.4-m.jpg\" alt=\"VEVOR koer jalgratta haagis - avar, k\u00f5rge, kandev\u00f5ime pet haagise 22&#034;-28&#034; jalgratta rattad.\" \/><\/div><div class=\"section-desc\">Our dog bike trailer provides a roomy compartment where your furry friend can relax while you ride. It's perfect for a medium-sized dog or multiple smaller ones up to 22\" tall, with a load limit of 88 lbs\/40 kg.<\/div><\/div><div class=\"section\"><div class=\"section-title\"><\/div><div class=\"section-img\"><img decoding=\"async\" src=\"\/vevor\/product\/TCTCLYSCWZXCSF5IB\/pet-bike-trailer-a100-2.2.jpg\" alt=\"naine k\u00f5ndides VEVOR koer jalgratta haagis featuring v\u00f5re windows, vastupidav raam, ja hingav kangas.\" \/><\/div><div class=\"section-mobile-img\"><img decoding=\"async\" src=\"\/vevor\/product\/TCTCLYSCWZXCSF5IB\/pet-bike-trailer-a100-2.2-m.jpg\" alt=\"naine k\u00f5ndides VEVOR koer jalgratta haagis featuring v\u00f5re windows, vastupidav raam, ja hingav kangas.\" \/><\/div><div class=\"section-desc\">Tipptasemel materjalidest valmistatud meie lemmikloomade rattahoidja on valmistatud vastupidavuse tagamiseks. Seestpoolt rebenemiskindel v\u00f5rk tagab stabiilsuse, samas kui v\u00e4lispinna sitke tekstuur lisab haarduvust.<\/div><\/div><div class=\"section\"><div class=\"section-title\"><\/div><div class=\"section-img\"><img decoding=\"async\" src=\"\/vevor\/product\/TCTCLYSCWZXCSF5IB\/pet-bike-trailer-a100-2.3.jpg\" alt=\"VEVOR koer jalgratta haagis koos l\u00e4bipaistva esi-ukseline, ventileeritud silma disain ja lukuga juurdep\u00e4\u00e4su-ustel.\" \/><\/div><div class=\"section-mobile-img\"><img decoding=\"async\" src=\"\/vevor\/product\/TCTCLYSCWZXCSF5IB\/pet-bike-trailer-a100-2.3-m.jpg\" alt=\"VEVOR koer jalgratta haagis koos l\u00e4bipaistva esi-ukseline, ventileeritud silma disain ja lukuga juurdep\u00e4\u00e4su-ustel.\" \/><\/div><div class=\"section-desc\">L\u00e4bipaistva esi-ukseline k\u00e4esoleva bike pet haagise funktsioone ilm kaitse ja neljatahuline silma disain mugav ratsutamine kogemus. Teie lemmikloom v\u00f5ib h\u00f5lpsasti siseneda l\u00e4bi lukuga esi-ja tagumised uksed.<\/div><\/div><div class=\"section\"><div class=\"section-title\"><\/div><div class=\"section-img\"><img decoding=\"async\" src=\"\/vevor\/product\/TCTCLYSCWZXCSF5IB\/pet-bike-trailer-a100-2.4.jpg\" alt=\"VEVOR koer jalgratta haagis koos pet sees, ratast, peegeldi, 360\u00b0 p\u00f6\u00f6rlev ratas -, ohutus-lipu, ja eemaldatavad rattad.\" \/><\/div><div class=\"section-mobile-img\"><img decoding=\"async\" src=\"\/vevor\/product\/TCTCLYSCWZXCSF5IB\/pet-bike-trailer-a100-2.4-m.jpg\" alt=\"VEVOR koer jalgratta haagis koos pet sees, ratast, peegeldi, 360\u00b0 p\u00f6\u00f6rlev ratas -, ohutus-lipu, ja eemaldatavad rattad.\" \/><\/div><div class=\"section-desc\">Lisasime suure n\u00e4htavusega lipu ja neli helkurit, et teie koerarattahoidja oleks teel h\u00f5lpsasti m\u00e4rgatav isegi v\u00e4hese valgusega tingimustes.<\/div><\/div><div class=\"section\"><div class=\"section-title\"><\/div><div class=\"section-img\"><img decoding=\"async\" src=\"\/vevor\/product\/TCTCLYSCWZXCSF5IB\/pet-bike-trailer-a100-2.5.jpg\" alt=\"lihtne kokkupanek juhend VEVOR koer jalgratta haagis. 4 sammud algajatele: raam, rattad, veotiisli, lisada bike.\" \/><\/div><div class=\"section-mobile-img\"><img decoding=\"async\" src=\"\/vevor\/product\/TCTCLYSCWZXCSF5IB\/pet-bike-trailer-a100-2.5-m.jpg\" alt=\"lihtne kokkupanek juhend VEVOR koer jalgratta haagis. 4 sammud algajatele: raam, rattad, veotiisli, lisada bike.\" \/><\/div><div class=\"section-desc\">Luua oma bike koer vedaja on k\u00e4kitegu. Ei ole erilisi oskusi v\u00f5i on vaja vahendeid. Isegi uustulnukad v\u00f5ivad olla valmis rulli, andes teile rohkem aega l\u00f5bus seiklustest koos oma lemmiklooma.<\/div><\/div><div class=\"section\"><div class=\"section-img\"><img decoding=\"async\" src=\"\/vevor\/product\/TCTCLYSCWZXCSF5IB\/pet-bike-trailer-a100-1.11.jpg\" alt=\"VEVOR koer jalgratta haagis halli k\u00e4epideme ja ratastega, m\u00f5\u00f5tmed esile t\u00f5stetud, ja toote \u00fcksikasjalikud andmed.\" \/><\/div><div class=\"section-mobile-img\"><img decoding=\"async\" src=\"\/vevor\/product\/TCTCLYSCWZXCSF5IB\/pet-bike-trailer-a100-1.11-m.jpg\" alt=\"VEVOR koer jalgratta haagis halli k\u00e4epideme ja ratastega, m\u00f5\u00f5tmed esile t\u00f5stetud, ja toote \u00fcksikasjalikud andmed.\" \/><\/div><\/div><\/div><\/body><\/html><\/div>\n<div class=\"DM_at-title\" id=\"js-DM_at-title\"> <div>Toote spetsifikatsioon<\/div> <i class=\"icon-arrowup_line\"><\/i> <\/div><div class=\"DM_at-goodsDescAttr\" id=\"js-DM_at-goodsDescAttr\"> <div class=\"DM_at-goodsDescAttrInner\"> <dl class=\"goodsDesc_item goodsDesc_item_even\"> <dt>Punkt Mudeli Number<\/dt> <dd> TS810<\/dd> <\/dl> <dl class=\"goodsDesc_item\"> <dt>T\u00fc\u00fcp<\/dt> <dd> Haagise\/Jalutusk\u00e4ru Kahesuguse Kasutusega<\/dd> <\/dl> <dl class=\"goodsDesc_item goodsDesc_item_even\"> <dt>Max Kandev\u00f5ime<\/dt> <dd> 88 lbs\/40 kg<\/dd> <\/dl> <dl class=\"goodsDesc_item\"> <dt>Lemmiklooma Sahtli Suurus<\/dt> <dd> 31.5&#034; x 21&#034; x 20.8&#034;\/800 x 535 x 530 mm<\/dd> <\/dl> <dl class=\"goodsDesc_item goodsDesc_item_even\"> <dt>\u00dchilduva Ratta Suurus<\/dt> <dd> 22\"-28\"<\/dd> <\/dl> <dl class=\"goodsDesc_item\"> <dt>Raami Materjal<\/dt> <dd> S\u00fcsinikusisaldusega Teras<\/dd> <\/dl> <dl class=\"goodsDesc_item goodsDesc_item_even\"> <dt>Riie V\u00e4rv<\/dt> <dd> Must + Hall<\/dd> <\/dl> <dl class=\"goodsDesc_item\"> <dt>Materjal<\/dt> <dd> S\u00fcsinikusisaldusega Teras + 600D Oxford Kangast + PP<\/dd> <\/dl> <dl class=\"goodsDesc_item goodsDesc_item_even\"> <dt>Toote Kaal<\/dt> <dd> 32.19 lbs\/14.6 kg<\/dd> <\/dl> <dl class=\"goodsDesc_item\"> <dt>Toote Suurus kuna Haagis<\/dt> <dd> 56.69&#034; x 28.35&#034; x 30.71&#034;\/1470 x 720 x 780 mm<\/dd> <\/dl> <dl class=\"goodsDesc_item goodsDesc_item_even\"> <dt>Toote Suurus ja Jalutusk\u00e4ru<\/dt> <dd> 60.24&#034; x 28.35&#034; x 32.48&#034;\/1530 x 720 x 825 mm<\/dd> <\/dl> <dl class=\"goodsDesc_item\"> <dt>Volditud Suurus<\/dt> <dd> 31.50&#034; x 22.44&#034; x 7.68&#034;\/800 x 570 x 195 mm<\/dd> <\/dl> <\/div> <\/div>","protected":false},"excerpt":{"rendered":"<ul>\n<li> 2-in-1 Design: This dog bike trailer is your perfect partner for leisurely bike rides. It easily transforms from a bicycle trailer to a stroller. It fits most bicycles with wheel diameters of 22-28 inches and can carry up to 88 lbs\/40 kg, making it effortless to take your furry companion on adventures. <\/li>\n<li> Reguleeritav K\u00e4epideme K\u00f5rgus: k\u00e4epide meie pet rattahoidja k\u00f5rgus on reguleeritav, alates 30.91&#034;\/785 mm (v\u00e4hemalt 90\u00b0 nurga all), et 44.88&#034;\/1140 mm (v\u00e4hemalt 180\u00b0 nurga all). See on loodud, et rahuldada \u00fcksikisikute erineva k\u00f5rgusega. Kas sa oled pikk, s\u00f5itja v\u00f5i l\u00fchem k\u00fclg on, meil on teile kaetud. <\/li>\n<li> Lisatasu Materjalide Vastupidavus: See koer jalgrattahoidja on ehitatud karm pulber-kaetud terasest raam ja veekindel, sunproof 600D pol\u00fcester kangast. V\u00e4lisuks funktsioone lukuga v\u00f5rgusilma kiht ja PVC l\u00f5uend kiht. Murra PVC l\u00f5uend jahe tuul v\u00f5i madalam see, et hoida oma lemmiklooma kuiv. Lase oma koer naudi s\u00f5itu! <\/li>\n<li> Easy In, Easy Out: Saada oma lemmiklooma ja v\u00e4lja on imelihtne see lemmikloom jalgratta haagis. L\u00e4bipaistva esi-ukseline pakub kaitset tuule ja vihma eest, tagades samal ajal suurep\u00e4rase ventilatsiooni. Teie lemmikloom v\u00f5ib hop kaudu lukuga esi-ja tagumised uksed ja isegi kinni oma peas l\u00e4bi, k\u00f5ik on lihtne. <\/li>\n<li> Kiire \u00dchendust ja Klapp: Kokkupanek meie bike koer vedaja on kergem, kiiresti \u00fchendamine oma jalgratta kaudu koppel. Rattad on eemaldatavad ja raami voldid ja keerab mugav ladustamise ja transportimise. <\/li>\n<\/ul>","protected":false},"featured_media":283009,"comment_status":"closed","ping_status":"open","template":"","meta":{"om_disable_all_campaigns":false,"_monsterinsights_skip_tracking":false,"_monsterinsights_sitenote_active":false,"_monsterinsights_sitenote_note":"","_monsterinsights_sitenote_category":0,"_uf_show_specific_survey":0,"_uf_disable_surveys":false},"location":[1935,1934],"product_brand":[21],"product_cat":[133,3732,3198,3733,3197],"product_tag":[],"class_list":{"0":"post-26185","1":"product","2":"type-product","3":"status-publish","4":"has-post-thumbnail","6":"location-supplier_stock_location","7":"location-local_stock_location","8":"product_brand-vevor","9":"product_cat-automotive","10":"product_cat-hitch-accessories","11":"product_cat-hitches","12":"product_cat-pet-bike-trailer","13":"product_cat-towing-equipment","15":"first","16":"instock","17":"taxable","18":"shipping-taxable","19":"purchasable","20":"product-type-simple"},"aioseo_notices":[],"jetpack_sharing_enabled":true,"locations":[{"id":1935,"name":"Pieg\u0101d\u0101t\u0101ja noliktav\u0101 (5-7d.d.)","slug":"supplier_stock_location","quantity":"95"},{"id":1934,"name":"R\u012bgas veikal\u0101 (0-2d.d.)","slug":"local_stock_location","quantity":"0"}],"_links":{"self":[{"href":"https:\/\/vevorshop.lv\/et\/wp-json\/wp\/v2\/product\/26185","targetHints":{"allow":["GET"]}}],"collection":[{"href":"https:\/\/vevorshop.lv\/et\/wp-json\/wp\/v2\/product"}],"about":[{"href":"https:\/\/vevorshop.lv\/et\/wp-json\/wp\/v2\/types\/product"}],"replies":[{"embeddable":true,"href":"https:\/\/vevorshop.lv\/et\/wp-json\/wp\/v2\/comments?post=26185"}],"wp:featuredmedia":[{"embeddable":true,"href":"https:\/\/vevorshop.lv\/et\/wp-json\/wp\/v2\/media\/283009"}],"wp:attachment":[{"href":"https:\/\/vevorshop.lv\/et\/wp-json\/wp\/v2\/media?parent=26185"}],"wp:term":[{"taxonomy":"location","embeddable":true,"href":"https:\/\/vevorshop.lv\/et\/wp-json\/wp\/v2\/location?post=26185"},{"taxonomy":"product_brand","embeddable":true,"href":"https:\/\/vevorshop.lv\/et\/wp-json\/wp\/v2\/product_brand?post=26185"},{"taxonomy":"product_cat","embeddable":true,"href":"https:\/\/vevorshop.lv\/et\/wp-json\/wp\/v2\/product_cat?post=26185"},{"taxonomy":"product_tag","embeddable":true,"href":"https:\/\/vevorshop.lv\/et\/wp-json\/wp\/v2\/product_tag?post=26185"}],"curies":[{"name":"wp","href":"https:\/\/api.w.org\/{rel}","templated":true}]}}