{"id":26241,"date":"2024-11-18T16:51:36","date_gmt":"2024-11-18T16:51:36","guid":{"rendered":"http:\/\/vevorshop.edigo.lv\/Prece\/vevor-round-iridescent-side-table-acrylic-end-table-clear-rainbow-acrylic-coffee-table-for-drink-food-snack-used-in-living-room-bedroom-and-study\/"},"modified":"2026-04-29T07:43:52","modified_gmt":"2026-04-29T04:43:52","slug":"vevor-round-iridescent-side-table-acrylic-end-table-clear-rainbow-acrylic-coffee-table-for-drink-food-snack-used-in-living-room-bedroom-and-study","status":"publish","type":"product","link":"https:\/\/vevorshop.lv\/et\/Prece\/vevor-ummargune-sillerdav-kulglaud-akruul-otsalaud-selge-vikerkaare-akruul-kohvilaud-joogitoidu-suupiste-jaoks-mida-kasutatakse-elutoa-magamistoas-ja-oppetoos\/","title":{"rendered":"VEVOR \u00dcmmargune Irideeriv Akr\u00fc\u00fclist Abilaud \u00d845 cm \u2013 L\u00e4bipaistev Vikerkaare Kohvilaud elutuppa, magamistuppa, kabinetti"},"content":{"rendered":"<div style=\"color: #fff!important; font-size: 16px; height: 24px; line-height: 24px; margin-top: -24px; \" class=\"product_original_name\">VEVOR \u00fcmmargune sillerdav k\u00fclglaud, akr\u00fc\u00fclist otsalaud, l\u00e4bipaistev vikerkaare akr\u00fc\u00fclist kohvilaud joogiks, toiduks, elutoas, magamistoas ja \u00f5ppet\u00f6\u00f6s kasutatavate suupistete jaoks<\/div>\n<div style=\"color: #fff!important; font-size: 16px; height: 24px; line-height: 24px; margin-top: -24px; \" class=\"product_sku\">M4I4KV85<\/div>\n<div style=\"color: #fff!important; font-size: 16px; height: 24px; line-height: 24px; margin-top: -24px; \" class=\"product_mpn\">YKLBZYXXCSDGZR4CHV0<\/div><div id=\"js-DM_at-goodDescRich\"><html><head><style>  body {    font-family: Arial;    line-height: 1.5;    color: #1c1c1c;    overflow-x: hidden;    margin: 0;    padding: 0;  }  .MsoNormal b {    font-weight: bolder;  }<\/style><style>  .container.small {    width: 970px;    margin: 0 auto;  }  .logo {    margin: 0 auto 0;  }  .logo img {    display: block;    margin: 0 auto;    max-width: 100%;  }  .logo .pc-banner {    display: block;    width: 1200px;    height: 247.4px;    margin: 0 auto;  }  .logo .pc-banner.small {    width: 970px;  }  .logo .pc-banner.small img {    height: auto!important;  }  .logo .m-banner {    display: none;  }  .ytvideo {    position: relative;    height: 546px;    width: 100%;    margin: 0 auto;  }  .ytvideo img {    width: 100%;    margin: 0 auto;  }  .ytvideo .play-btn {    width: 60px;    height: 42px;    position: absolute;    top: 50%;    left: 50%;    transform: translate(-50%, -50%);    background: url(\"data:image\/png;base64,iVBORw0KGgoAAAANSUhEUgAAAGQAAABGCAMAAAANWMFbAAAC+lBMVEUAAADBGB3kLCfBGB3kLCfcJC7BFx3KKSbiKybkLCbWJCPSIiLSIiLPICHAFx3kLCfgKSXNHiDZJiTIGx\/p4eHcjo7LHSDbJyTkLCbjKyfOHyHPIiL28fHJHB\/GGh7EGR7eKCXDGB3RISHlLSbBGB3AFxzGHB7DGB7BGB3hKybkKybAFx3lLCfAFxzDGR3hKibDGB7cJyTmz8\/elJTlwcHjurrUIyLlLSflLSfAFx3DGR7lLSfCFx3hKibhKibhKybjKybkLCblLSfbJSX49vbx7e3NNzjNMTLMJyjVIyLZf3\/ZQ0LaeHjx0tLgoqLkLCfCGB3HGx\/BGB3BFx3PICHCGB7WJCLOHyC\/Fxy\/Fx3lLCfQISHkLSe\/FxzbJiTBFx3FGx\/AGB7BFx3EGR7AGB3HHSDfKiXAFh3TISHYNzbhKibbJyTTIiL57e325+f039\/v2NjUV1fOHiHiqanfmprch4feKSXVIyPOICHmLibFGh\/mLSe\/Fx7XJCPeKSXXJSPNHyHaJyTGGh7lLCbmLCflLSjSIiLkLCbdKSXLHiC\/GB3KHh++Fh3lKyfoLiXcKCPkx8fYb2\/XaGfVXl3aU1LLHiDksbHgKibPICHbJyTfKSXbJyTCGB3KHSDiKybFGh7TIiL\/\/\/\/VIyPRISHIHB\/GGx\/HHB\/DGR7gKibdKCXLHiDZJiTMHiDNHyHYJSTOICHPICHWJCPcKCXXJSPjLCblLCf+\/f3NGR\/uLijzLynPGR\/IGB7WISHaIyLLGh7UAADxLynNAADRLzDbICLQAADIAAD3MCrUHSHXMTDpKSbLAADp5OTij4\/ejo\/VLy\/1LyngJSTcJCPQHx\/OHB7+\/PzaMS\/OLS\/vLijrLSjSAADaNTPwLyjkKSbNJCbYISHPHB\/KGB7WAAD7+vrn3d3aKynTKCjoLCfsKifRGh\/YAADq5+fhjo7QNDXXKCfmJyXt5+fTLzDLLi\/QKivYHRvMGBrQJCXLISPMExXLDxLaEAvkkI\/bOTfaFQ\/SCgpvLcnHAAAAmnRSTlMA+vv7+gT9Bvf9+8z8\/NSv\/Pr5+P7++vnQIBMP\/v38\/Pn348XDiCYf9OjbzcqxXVcx\/fz8+\/rj1r2poo1+fXFqX0orGP7+\/v7+\/fz8+\/r68uzn4trIxsG\/vri3p6GcmZSNbWVYUUZEPQv+\/f39+\/v7+\/v7+vr64tvV1NTTz87FtbSurqeblJKFg4B3bUY+NjL7+\/v7+\/v67t1cDo8JLQAABkRJREFUWMO0kz9rwkAYh0OIeJkum6YugUAhISCdKoj\/P4C7SMdS+gEKIhSKil10LSg4mzXkILdlEpxCpwTiWOLX6BujvQaEQuGeHLnL+\/64J+SIcKGYTYWnntpdLjrVdqvZmNdn0+EE40GtpuuWVS6Xx6N7YDSGpWXpeq02wHgynM7q80az1a52HpddtVcpsi1zFARBrdaxbhp9iUReTGmwA4KAAr7vx3EYejnCMI6hQYEgy0LQi4jUN0wL19vqFcUC9\/1dAKmEEFkWRYkh5oBejnxQJiSJPJ\/uKBp0Thszx9Mw8hMRIQjKsptCfuES9zr5WJY6vSFCIvE9fCMUmEM1A1kSXcYGxgVYsvI1IPKTZciSTI0us\/SMGG04gDzELDoFBwdcFJrF88dqgYMTiL6DILWYyfOWE8\/kIz38olCNlC03FK95+imxp6y4oUSvAnBjHHhKNtotSDqJzVFiK8c2SBqhZtsrTtgrLXwAyduxZHNE26eHUt5rtuM4WSmds3G+sUdWYo1L+XyxButoh5eKUHk5lByO3G1LqqCWVnfrv\/lyPtf\/4ps1cndNGIri8J1TJ0lx6dR\/oPjq1nbRwdp2dCk4CtIOLW3pVKRL6WZfS5vF2KkIQhpwSsjiYIgNCs1gEMGqiIq24NQX9NwoXFy8Ufrl3twTcg4fv8T9\/JBEySduj6Mjm4bMzYV7EEOxKjjoNDud7yY3Dy71Hq2oLmqfbNR723edH9PgMrNL2utoQ3VmaIDkiw\/4w51P06hlZsTZvkRrbVuSIs\/zwSOsycgzStQouoAkWQqioRT5XI7n2Z1wfVhoZmcAJLsoqjqpjbWCgpOAJXBwHK8PzWbNvoUZJND5wCnSkLAkZ1legx6vqQzjoiTahKlGUGLAiIIoABOHaNVw4sexZBym6\/HWlH5h3IC7yRbxtipcWxdTOkORKiNQAEkFf66x5S2oeRbroOlLgg0sSYkR0hRGEqJZ0jTPiQKatESdBckpWigxaapEH0lImHdWu9pUFF2XqMNM2Z4kped7IwEJw2qabwtrQqnpw6HyKkgcadKWsmpywwesDyIhYRpdzXddqegtGIJlXbAIUMOLkGxJUjRIkokwjUaX9d\/kK62ps\/tYUqZLIMkLTyBhsMZ3C5Z\/kDxOSCb\/DOs\/\/J0qcWSX\/2ipe56EgTCA4\/cB7NAYOsni4mZM1MUPAISoEwkDi4lhVBQ1cWQyIcwalw4EpqZN68JUSK7XC0kTlkLYii5uXSC8jT5ncCAS7mjCv0uHp\/3lueHEEAeQ\/\/VgmdN71\/2uCSA1Xr6DO6uI6sW56zqT2tp2PhgiRUAajV8CY2fkcz6WGNKMgLAt7tJAhD4YHMTeRxlALE6+43WqjSWi8ITxyJl8WrwWSNESQZZOqhDDntO3hJLsd5RtSpbJqdv3YrDJH3F7jL1R2O2aQkn2MyCyKYz0GPGIvSAMgBCrCEiJyKbBaYGwLW4uPRr0A0M4Ux5kUI7IBh+hMdiCEWNqhMZGyYMsOgNE58UQuEQeUnSWCMYwL54hkxK6IoqucQZbQ3pc3XtL0lky1dL0zZJJDpWJovFqpWj6JEHnyam2eQp5QRVAVHjWparTOaVwUOx99YS2MvgxIGV0bb+qIg2HX2qkFFJB+XZcbLiuRkuxD9GRroKyveLxdh4d7Orx+hb7qc3uVRuEogCOnyIxm4ubUoPgF4jianDrC+SDQDKEfJb0GUKmjCGPYHGJvVC6X4hw1\/sAfQAdfYyephIaspXe36RwOP+Ljvfx9B6B3i+Nk0DGq+oCbLn6JpBa9nWAveAIHwFAwtVcIJXPMPL8kRu5OAYPMaL1WScTxjiZDqB9LTJSWphow\/pTYKRTLjCBhvi9iBidvKcDasGSm0QQkycYuLBqj6QCELPctqChDWpTRMWkngNNpQ1Pfp1KkiT\/Y0DGffXAweUNfLAfaJFKDwhb6I+bkYRbkERoEeu3Fyjg2opMz2daZCS9jt6Q7txNfB+OZEVF6Zl5web2xunnLQrtrjXseXKaFYziYINeMFZVxS9VxRhOoesYwxPKXm+gWLG9cuFeq93UNNeJNsf1KlwuDok9n02n3TgIJpOxNfL9naIoQwXtfH9kjceTIIi709ncTg6LZbg+biLH1V6u\/7rxBem06VXKn9raAAAAAElFTkSuQmCC\")      no-repeat center center \/ contain;  }  @media screen and (max-width: 960px) and (orientation: portrait) {    .logo {      width: 100%;    }    .logo .pc-banner {      display: none;    }    .logo .m-banner {      display: block;      width: 100%;    }    .logo .m-banner img {      height: auto!important;    }    .ytvideo {      height: 200px;      width: 100%;    }  }<\/style><style>  .video-section {    width: 100%;    margin: 0 auto;  }  .video-section > img {    width: 100%;  }  .video-section iframe,  .video-section video {    width: 100%;    height: 100%;      }  .video-section-img-m,  .video-section-img-pc > img {    width: 100%;    height: auto;  }  .video-section-img-pc.small > img {    width: 970px;  }  .video-desc {    line-height: 1.5;    font-size: 20px;    font-weight: 400;    margin: 20px 0;    text-align: center;    color: #0f1111;    word-break: break-word;  }  @media screen and (max-width: 960px) and (orientation: portrait) {    .video-section {      width: 100%;    }    .video-section-pc,    .video-section-img-pc {      display: none;    }    .video-section-m,    .video-section-img-m {      display: block;    }    .video-desc {      font-size: 15px;    }  }  @media screen and (min-width: 960px) {    .video-section {      width: 100%;      margin: 0 auto;    }    .video-section-pc,    .video-section-img-pc {      display: block;    }    .video-section-m,    .video-section-img-m {      display: none;    }    .video-desc {      font-size: 20px;    }  }<\/style><style>  .section + .section {    margin-top: 35px;  }  .section-title {    text-align: center;    font-weight: bold;    color: #0d1111;    font-family: \"Arial\";    font-size: 32px;    margin: 15px 0;  }  .section-title:empty {    display: none;  }  .section-desc {    text-align: center;    font-weight: normal;    color: #0d1111;    margin-top: 20px;  }  .section-desc:empty {    display: none;  }  .section-img {    width: 1200px;    height: 492px;    margin: 0 auto;    display: block;  }  .section-img.small {    width: 970px;    height: auto;  }  .section-img.small > img {    height: auto;  }  .section-img > img {    width: 100%;    height: 100%;  }  .section-mobile-img {    display: none;    max-width: 100vw;    max-height: 75vw;    height: 450px;    margin: 0 auto;  }  .section-mobile-img > img {    width: 100%;    height: 100%;  }  @media screen and (max-width: 960px) and (orientation: portrait) {    .container {      width: 100%;    }    .container.small {      width: 100%;    }    .section-mobile-img {      display: block;    }    .section-img {      display: none;    }    .section-title {      font-size: 22px;      margin: 10px 0;    }    .section-desc {      margin-top: 10px;    }    .section + .section {      margin-top: 20px;    }  }<\/style><\/head><body><div class=\"container\"><div class=\"logo\"><div class=\"pc-banner\"><div><img decoding=\"async\" src=\"\/vevor\/vevor\/boutique-banner\/pc\/en-pc@1x.jpg\" style=\"width: 100%;\" \/><\/div><\/div><div class=\"m-banner\"><div><img decoding=\"async\" src=\"\/vevor\/vevor\/boutique-banner\/mobile\/en-m@1x.jpg\" style=\"width: 100%;\" \/><\/div><\/div><\/div><div class=\"section-title\">Akr\u00fc\u00fcl-Vikerkaar V\u00e4rvid L\u00f5pus Tabel<\/div><div class=\"video-section\"><div class=\"video-section-img-pc\"><img decoding=\"async\" src=\"\/vevor\/product\/YKLBZYXXCSDGZR4CH\/acrylic-table-a100-1.4.jpg\" alt=\"VEVOR sillerdav pool lauda k\u00f5rval bee\u017e diivan, sobib k\u00f5rgus lihtne juurdep\u00e4\u00e4s esemed.\" \/><\/div><div class=\"video-section-img-m\"><img decoding=\"async\" src=\"\/vevor\/product\/YKLBZYXXCSDGZR4CH\/acrylic-table-a100-1.4-m.jpg\" alt=\"VEVOR sillerdav pool lauda k\u00f5rval bee\u017e diivan, sobib k\u00f5rgus lihtne juurdep\u00e4\u00e4s esemed.\" \/><\/div><div class=\"section-desc\">Meie v\u00e4rviline akr\u00fc\u00fcl l\u00f5pus tabel kiirgab s\u00e4ra, kui p\u00f5leb valgus, luues unistav atmosf\u00e4\u00e4ri. See on valmistatud looduslikest akr\u00fc\u00fcl materjalist. Selle l\u00e4bipaistev kristall-selge s\u00e4ra sobib erinevate kodu stiile. Koos 12mm paksenenud panel, see tagab t\u00e4iustatud kandev\u00f5imet.<\/div><\/div><div class=\"section\"><div class=\"section-title\"><\/div><div class=\"section-img\"><img decoding=\"async\" src=\"\/vevor\/product\/YKLBZYXXCSDGZR4CH\/acrylic-table-a100-2.2.jpg\" alt=\"VEVOR sillerdav pool lauda on valmistatud looduslikust akr\u00fc\u00fcl kohvi tassi, taime -, ja raamatu peal.\" \/><\/div><div class=\"section-mobile-img\"><img decoding=\"async\" src=\"\/vevor\/product\/YKLBZYXXCSDGZR4CH\/acrylic-table-a100-2.2-m.jpg\" alt=\"VEVOR sillerdav pool lauda on valmistatud looduslikust akr\u00fc\u00fcl kohvi tassi, taime -, ja raamatu peal.\" \/><\/div><div class=\"section-desc\">Meie ring sillerdav pool tabelis seisab t\u00e4iuslik 18.9 tolline\/480 mm pikk, luua mugav ruumi \u00f5ige sinu k\u00f5rval, mis tagab lihtsa juurdep\u00e4\u00e4su oma asjad.<\/div><\/div><div class=\"section\"><div class=\"section-title\"><\/div><div class=\"section-img\"><img decoding=\"async\" src=\"\/vevor\/product\/YKLBZYXXCSDGZR4CH\/acrylic-table-a100-2.3.jpg\" alt=\"VEVOR sillerdav pool lauda kasutada t\u00f6\u00f6ala, tutvustada stabiilsuse ja siledad servad.\" \/><\/div><div class=\"section-mobile-img\"><img decoding=\"async\" src=\"\/vevor\/product\/YKLBZYXXCSDGZR4CH\/acrylic-table-a100-2.3-m.jpg\" alt=\"VEVOR sillerdav pool lauda kasutada t\u00f6\u00f6ala, tutvustada stabiilsuse ja siledad servad.\" \/><\/div><div class=\"section-desc\">Meisterdatud looduslik materjal akr\u00fc\u00fcl, see akr\u00fc\u00fcl l\u00f5pus tabel pakub muljetavaldav m\u00f5ju vastupanu, k\u00f5vadusega 16 korda tugevam kui tavaline karastatud klaas. See \u00fchendab nii esteetiline kaebuse ja praktilisus.<\/div><\/div><div class=\"section\"><div class=\"section-title\"><\/div><div class=\"section-img\"><img decoding=\"async\" src=\"\/vevor\/product\/YKLBZYXXCSDGZR4CH\/acrylic-table-a100-2.4.jpg\" alt=\"VEVOR sillerdav pool tabelis kuvatakse siseruumides k\u00f5rval diivan ja \u00f5ues teki poolt j\u00e4rve.\" \/><\/div><div class=\"section-mobile-img\"><img decoding=\"async\" src=\"\/vevor\/product\/YKLBZYXXCSDGZR4CH\/acrylic-table-a100-2.4-m.jpg\" alt=\"VEVOR sillerdav pool tabelis kuvatakse siseruumides k\u00f5rval diivan ja \u00f5ues teki poolt j\u00e4rve.\" \/><\/div><div class=\"section-desc\">See vikerkaare akr\u00fc\u00fclist kohvilaud, mis on varustatud kolme tugijala ja kolmnurkse disainiga, on varustatud erakordse laadimisv\u00f5imega. Pakkuge usaldusv\u00e4\u00e4rset tuge olenemata sellest, kas t\u00f6\u00f6tate lauaplaadil v\u00f5i naudite jooki.<\/div><\/div><div class=\"section\"><div class=\"section-title\"><\/div><div class=\"section-img\"><img decoding=\"async\" src=\"\/vevor\/product\/YKLBZYXXCSDGZR4CH\/acrylic-table-a100-2.5.jpg\" alt=\"mitmek\u00fclgne VEVOR sillerdav pool tabelis n\u00e4idatud elutuba, magamistuba, uuringu toas, ja fuajees seaded.\" \/><\/div><div class=\"section-mobile-img\"><img decoding=\"async\" src=\"\/vevor\/product\/YKLBZYXXCSDGZR4CH\/acrylic-table-a100-2.5-m.jpg\" alt=\"mitmek\u00fclgne VEVOR sillerdav pool tabelis n\u00e4idatud elutuba, magamistuba, uuringu toas, ja fuajees seaded.\" \/><\/div><div class=\"section-desc\">Ei ole vaja muretseda puhastus, meie v\u00e4rvikas l\u00f5pus tabel. Lihtsalt kasuta vee v\u00f5i akr\u00fc\u00fcl puhastusvahend igap\u00e4evaseks hoolduseks. Tema tugev ja stabiilne materjal v\u00f5imaldab nii sise-ja v\u00e4listingimustes.<\/div><\/div><div class=\"section\"><div class=\"section-img\"><img decoding=\"async\" src=\"\/vevor\/product\/YKLBZYXXCSDGZR4CH\/acrylic-table-a100-1.11.jpg\" alt=\"VEVOR sillerdav pool lauda, akr\u00fc\u00fcl, 17.7&#034; l\u00e4bim\u00f5\u00f5t x 18,9&#034; height, 22 lbs kandev\u00f5ime.\" \/><\/div><div class=\"section-mobile-img\"><img decoding=\"async\" src=\"\/vevor\/product\/YKLBZYXXCSDGZR4CH\/acrylic-table-a100-1.11-m.jpg\" alt=\"VEVOR sillerdav pool lauda, akr\u00fc\u00fcl, 17.7&#034; l\u00e4bim\u00f5\u00f5t x 18,9&#034; height, 22 lbs kandev\u00f5ime.\" \/><\/div><\/div><\/div><\/body><\/html><\/div>\n<div class=\"DM_at-title\" id=\"js-DM_at-title\"> <div>Toote spetsifikatsioon<\/div> <i class=\"icon-arrowup_line\"><\/i> <\/div><div class=\"DM_at-goodsDescAttr\" id=\"js-DM_at-goodsDescAttr\"> <div class=\"DM_at-goodsDescAttrInner\"> <dl class=\"goodsDesc_item goodsDesc_item_even\"> <dt>Punkt Mudeli Number<\/dt> <dd> JYFS-0010S<\/dd> <\/dl> <dl class=\"goodsDesc_item\"> <dt>Peamine Materjal<\/dt> <dd> Akr\u00fc\u00fcl<\/dd> <\/dl> <dl class=\"goodsDesc_item goodsDesc_item_even\"> <dt>Laua Paksus<\/dt> <dd> 0,5 in\/12 mm<\/dd> <\/dl> <dl class=\"goodsDesc_item\"> <dt>Toote Kaal<\/dt> <dd> 9.3 lbs\/4.2 kg<\/dd> <\/dl> <dl class=\"goodsDesc_item goodsDesc_item_even\"> <dt>Toote Suurus<\/dt> <dd> \u03c617.7x18.9\/\u03c6450x480 mm<\/dd> <\/dl> <dl class=\"goodsDesc_item\"> <dt>Laadimise Kaal<\/dt> <dd> Kuni 22lbs\/10 kg<\/dd> <\/dl> <\/div> <\/div>","protected":false},"excerpt":{"rendered":"<ul>\n<li> Gorgeous Unen\u00e4oline Disain: Kogemus atraktiivne allure meie ring sillerdav pool lauda, kuna see refracts eri v\u00e4rvi valgust, mis p\u00f5hineb nurgad ja vaatleja positsiooni, luues unistav \u00f5hkkond oma toas. <\/li>\n<li> Laiendatud m\u00e4lumaht: suurema laua m\u00f5\u00f5te \u03c617.7 tolli, meie akr\u00fc\u00fcl l\u00f5pus tabel mitte ainult pakub ladustamine v\u00e4ikeste esemete jaoks kuid toimib ka erinevaid funktsioone, nagu v\u00e4ljapanek kaunistused ja teenindavad t\u00f6\u00f6jaamana. On siledad servad oluliselt v\u00e4hendada riski igap\u00e4evaste p\u00f5rutuste ja vigastuste eest. <\/li>\n<li> Looduslik Akr\u00fc\u00fcl Materjal: Meisterdatud 12 mm paks akr\u00fc\u00fcl materjalist, meie vikerkaar akr\u00fc\u00fcl diivanilaud pakub suurep\u00e4rast l\u00f6\u00f6gikindlus v\u00f5rreldes tavaliste karastatud klaas. See on pikaajaline ja annab meelerahu. (M\u00e4rkus: Eemaldage kaitsekile p\u00e4rast paigaldamist. V\u00e4ltige alkoholi ja pikaajalisel v\u00e4ljas kokkupuudet.) <\/li>\n<li> Lihtne \u00dchendamine Siin, me ette kuuskant mutriv\u00f5ti ja juhised, mis v\u00f5imaldavad teil t\u00e4ita paigaldus ainult 15 minutit. Toetavad kolm jalad moodustavad kolmnurga, v\u00e4rvikas l\u00f5pus tabel on uhke ja kandev\u00f5ime kuni 22 lbs. Laua jalad on varustatud t\u00f5sta-t\u00f5end padjad, suurendades stabiilsust ja v\u00e4ltida p\u00f5randa kriimustuste. <\/li>\n<li> Mitmek\u00fclgne Kasutamine: Meie vikerkaar pool lauda uhke kristall-nagu l\u00e4ikiv ja l\u00e4bipaistvuse vaevata sobitamine erinevate home decor stiile. Kasutage seda diivan, voodi, v\u00f5i r\u00f5du nurgas, pakkudes mugavust, kui teil on vaja pinda, et panna oma asjad. <\/li>\n<\/ul>","protected":false},"featured_media":283093,"comment_status":"closed","ping_status":"open","template":"","meta":{"om_disable_all_campaigns":false,"_uf_show_specific_survey":0,"_uf_disable_surveys":false},"location":[1935,1934],"product_brand":[21],"product_cat":[3734,2530,2706],"product_tag":[],"class_list":{"0":"post-26241","1":"product","2":"type-product","3":"status-publish","4":"has-post-thumbnail","6":"location-supplier_stock_location","7":"location-local_stock_location","8":"product_brand-vevor","9":"product_cat-acrylic-table","10":"product_cat-furniture-2","11":"product_cat-living-room-furniture-furniture-2","13":"first","14":"instock","15":"taxable","16":"shipping-taxable","17":"purchasable","18":"product-type-simple"},"aioseo_notices":[],"locations":[{"id":1935,"name":"Pieg\u0101d\u0101t\u0101ja noliktav\u0101 (5-7dd)","slug":"supplier_stock_location","quantity":"92"},{"id":1934,"name":"R\u012bgas veikal\u0101 (0-2d.d.)","slug":"local_stock_location","quantity":"0"}],"_links":{"self":[{"href":"https:\/\/vevorshop.lv\/et\/wp-json\/wp\/v2\/product\/26241","targetHints":{"allow":["GET"]}}],"collection":[{"href":"https:\/\/vevorshop.lv\/et\/wp-json\/wp\/v2\/product"}],"about":[{"href":"https:\/\/vevorshop.lv\/et\/wp-json\/wp\/v2\/types\/product"}],"replies":[{"embeddable":true,"href":"https:\/\/vevorshop.lv\/et\/wp-json\/wp\/v2\/comments?post=26241"}],"wp:featuredmedia":[{"embeddable":true,"href":"https:\/\/vevorshop.lv\/et\/wp-json\/wp\/v2\/media\/283093"}],"wp:attachment":[{"href":"https:\/\/vevorshop.lv\/et\/wp-json\/wp\/v2\/media?parent=26241"}],"wp:term":[{"taxonomy":"location","embeddable":true,"href":"https:\/\/vevorshop.lv\/et\/wp-json\/wp\/v2\/location?post=26241"},{"taxonomy":"product_brand","embeddable":true,"href":"https:\/\/vevorshop.lv\/et\/wp-json\/wp\/v2\/product_brand?post=26241"},{"taxonomy":"product_cat","embeddable":true,"href":"https:\/\/vevorshop.lv\/et\/wp-json\/wp\/v2\/product_cat?post=26241"},{"taxonomy":"product_tag","embeddable":true,"href":"https:\/\/vevorshop.lv\/et\/wp-json\/wp\/v2\/product_tag?post=26241"}],"curies":[{"name":"wp","href":"https:\/\/api.w.org\/{rel}","templated":true}]}}