{"id":26575,"date":"2024-11-18T17:09:24","date_gmt":"2024-11-18T17:09:24","guid":{"rendered":"http:\/\/vevorshop.edigo.lv\/Prece\/vevor-foldable-utility-cart-110-lbs-load-capacity-folding-portable-rolling-crate-handcart-with-heavy-duty-telescoping-handle-and-4-rotate-wheels-for-travel-shopping-moving-luggage-office-use-black\/"},"modified":"2026-05-08T07:39:32","modified_gmt":"2026-05-08T04:39:32","slug":"vevor-foldable-utility-cart-110-lbs-load-capacity-folding-portable-rolling-crate-handcart-with-heavy-duty-telescoping-handle-and-4-rotate-wheels-for-travel-shopping-moving-luggage-office-use-black","status":"publish","type":"product","link":"https:\/\/vevorshop.lv\/et\/Prece\/vevor-kokkupandav-tarbekaru-110-naela-kandevoime-kokkupandav-kaasaskantav-veereva-kasti-kasikaru-raskeveokite-teleskoopkaepidemega-ja-4-poorlevat-ratast-reisimiseks-ostlemine-kolimispagasi-kontor-kasu\/","title":{"rendered":"VEVOR Kokkupandav Veok\u00e4ru, 49.8 kg Kandev\u00f5ime, Teleskoopk\u00e4epide, 360\u00b0 Rattad, Must, Reisimiseks ja Ostlemiseks"},"content":{"rendered":"<div style=\"color: #fff!important; font-size: 16px; height: 24px; line-height: 24px; margin-top: -24px; \" class=\"product_original_name\">VEVOR kokkupandav tarbek\u00e4ru, 110 naela kandev\u00f5ime, kokkupandav kaasaskantav valtsimisk\u00e4ru k\u00e4sik\u00e4ru raskeveokite teleskoopk\u00e4epidemega ja 4 p\u00f6\u00f6rlevat ratast reisimiseks ostlemiseks Kolimispagasi kontorisse kasutamiseks, must<\/div>\n<div style=\"color: #fff!important; font-size: 16px; height: 24px; line-height: 24px; margin-top: -24px; \" class=\"product_sku\">M4I4KVOY<\/div>\n<div style=\"color: #fff!important; font-size: 16px; height: 24px; line-height: 24px; margin-top: -24px; \" class=\"product_mpn\">BXSGWCZCZLDW44U3WV0<\/div><div id=\"js-DM_at-goodDescRich\"><html><head><style>  body {    font-family: Arial;    line-height: 1.5;    color: #1c1c1c;    overflow-x: hidden;    margin: 0;    padding: 0;  }  .MsoNormal b {    font-weight: bolder;  }<\/style><style>  .container.small {    width: 970px;    margin: 0 auto;  }  .logo {    margin: 0 auto 0;  }  .logo img {    display: block;    margin: 0 auto;    max-width: 100%;  }  .logo .pc-banner {    display: block;    width: 1200px;    height: 247.4px;    margin: 0 auto;  }  .logo .pc-banner.small {    width: 970px;  }  .logo .pc-banner.small img {    height: auto!important;  }  .logo .m-banner {    display: none;  }  .ytvideo {    position: relative;    height: 546px;    width: 100%;    margin: 0 auto;  }  .ytvideo img {    width: 100%;    margin: 0 auto;  }  .ytvideo .play-btn {    width: 60px;    height: 42px;    position: absolute;    top: 50%;    left: 50%;    transform: translate(-50%, -50%);    background: url(\"data:image\/png;base64,iVBORw0KGgoAAAANSUhEUgAAAGQAAABGCAMAAAANWMFbAAAC+lBMVEUAAADBGB3kLCfBGB3kLCfcJC7BFx3KKSbiKybkLCbWJCPSIiLSIiLPICHAFx3kLCfgKSXNHiDZJiTIGx\/p4eHcjo7LHSDbJyTkLCbjKyfOHyHPIiL28fHJHB\/GGh7EGR7eKCXDGB3RISHlLSbBGB3AFxzGHB7DGB7BGB3hKybkKybAFx3lLCfAFxzDGR3hKibDGB7cJyTmz8\/elJTlwcHjurrUIyLlLSflLSfAFx3DGR7lLSfCFx3hKibhKibhKybjKybkLCblLSfbJSX49vbx7e3NNzjNMTLMJyjVIyLZf3\/ZQ0LaeHjx0tLgoqLkLCfCGB3HGx\/BGB3BFx3PICHCGB7WJCLOHyC\/Fxy\/Fx3lLCfQISHkLSe\/FxzbJiTBFx3FGx\/AGB7BFx3EGR7AGB3HHSDfKiXAFh3TISHYNzbhKibbJyTTIiL57e325+f039\/v2NjUV1fOHiHiqanfmprch4feKSXVIyPOICHmLibFGh\/mLSe\/Fx7XJCPeKSXXJSPNHyHaJyTGGh7lLCbmLCflLSjSIiLkLCbdKSXLHiC\/GB3KHh++Fh3lKyfoLiXcKCPkx8fYb2\/XaGfVXl3aU1LLHiDksbHgKibPICHbJyTfKSXbJyTCGB3KHSDiKybFGh7TIiL\/\/\/\/VIyPRISHIHB\/GGx\/HHB\/DGR7gKibdKCXLHiDZJiTMHiDNHyHYJSTOICHPICHWJCPcKCXXJSPjLCblLCf+\/f3NGR\/uLijzLynPGR\/IGB7WISHaIyLLGh7UAADxLynNAADRLzDbICLQAADIAAD3MCrUHSHXMTDpKSbLAADp5OTij4\/ejo\/VLy\/1LyngJSTcJCPQHx\/OHB7+\/PzaMS\/OLS\/vLijrLSjSAADaNTPwLyjkKSbNJCbYISHPHB\/KGB7WAAD7+vrn3d3aKynTKCjoLCfsKifRGh\/YAADq5+fhjo7QNDXXKCfmJyXt5+fTLzDLLi\/QKivYHRvMGBrQJCXLISPMExXLDxLaEAvkkI\/bOTfaFQ\/SCgpvLcnHAAAAmnRSTlMA+vv7+gT9Bvf9+8z8\/NSv\/Pr5+P7++vnQIBMP\/v38\/Pn348XDiCYf9OjbzcqxXVcx\/fz8+\/rj1r2poo1+fXFqX0orGP7+\/v7+\/fz8+\/r68uzn4trIxsG\/vri3p6GcmZSNbWVYUUZEPQv+\/f39+\/v7+\/v7+vr64tvV1NTTz87FtbSurqeblJKFg4B3bUY+NjL7+\/v7+\/v67t1cDo8JLQAABkRJREFUWMO0kz9rwkAYh0OIeJkum6YugUAhISCdKoj\/P4C7SMdS+gEKIhSKil10LSg4mzXkILdlEpxCpwTiWOLX6BujvQaEQuGeHLnL+\/64J+SIcKGYTYWnntpdLjrVdqvZmNdn0+EE40GtpuuWVS6Xx6N7YDSGpWXpeq02wHgynM7q80az1a52HpddtVcpsi1zFARBrdaxbhp9iUReTGmwA4KAAr7vx3EYejnCMI6hQYEgy0LQi4jUN0wL19vqFcUC9\/1dAKmEEFkWRYkh5oBejnxQJiSJPJ\/uKBp0Thszx9Mw8hMRIQjKsptCfuES9zr5WJY6vSFCIvE9fCMUmEM1A1kSXcYGxgVYsvI1IPKTZciSTI0us\/SMGG04gDzELDoFBwdcFJrF88dqgYMTiL6DILWYyfOWE8\/kIz38olCNlC03FK95+imxp6y4oUSvAnBjHHhKNtotSDqJzVFiK8c2SBqhZtsrTtgrLXwAyduxZHNE26eHUt5rtuM4WSmds3G+sUdWYo1L+XyxButoh5eKUHk5lByO3G1LqqCWVnfrv\/lyPtf\/4ps1cndNGIri8J1TJ0lx6dR\/oPjq1nbRwdp2dCk4CtIOLW3pVKRL6WZfS5vF2KkIQhpwSsjiYIgNCs1gEMGqiIq24NQX9NwoXFy8Ufrl3twTcg4fv8T9\/JBEySduj6Mjm4bMzYV7EEOxKjjoNDud7yY3Dy71Hq2oLmqfbNR723edH9PgMrNL2utoQ3VmaIDkiw\/4w51P06hlZsTZvkRrbVuSIs\/zwSOsycgzStQouoAkWQqioRT5XI7n2Z1wfVhoZmcAJLsoqjqpjbWCgpOAJXBwHK8PzWbNvoUZJND5wCnSkLAkZ1legx6vqQzjoiTahKlGUGLAiIIoABOHaNVw4sexZBym6\/HWlH5h3IC7yRbxtipcWxdTOkORKiNQAEkFf66x5S2oeRbroOlLgg0sSYkR0hRGEqJZ0jTPiQKatESdBckpWigxaapEH0lImHdWu9pUFF2XqMNM2Z4kped7IwEJw2qabwtrQqnpw6HyKkgcadKWsmpywwesDyIhYRpdzXddqegtGIJlXbAIUMOLkGxJUjRIkokwjUaX9d\/kK62ps\/tYUqZLIMkLTyBhsMZ3C5Z\/kDxOSCb\/DOs\/\/J0qcWSX\/2ipe56EgTCA4\/cB7NAYOsni4mZM1MUPAISoEwkDi4lhVBQ1cWQyIcwalw4EpqZN68JUSK7XC0kTlkLYii5uXSC8jT5ncCAS7mjCv0uHp\/3lueHEEAeQ\/\/VgmdN71\/2uCSA1Xr6DO6uI6sW56zqT2tp2PhgiRUAajV8CY2fkcz6WGNKMgLAt7tJAhD4YHMTeRxlALE6+43WqjSWi8ITxyJl8WrwWSNESQZZOqhDDntO3hJLsd5RtSpbJqdv3YrDJH3F7jL1R2O2aQkn2MyCyKYz0GPGIvSAMgBCrCEiJyKbBaYGwLW4uPRr0A0M4Ux5kUI7IBh+hMdiCEWNqhMZGyYMsOgNE58UQuEQeUnSWCMYwL54hkxK6IoqucQZbQ3pc3XtL0lky1dL0zZJJDpWJovFqpWj6JEHnyam2eQp5QRVAVHjWparTOaVwUOx99YS2MvgxIGV0bb+qIg2HX2qkFFJB+XZcbLiuRkuxD9GRroKyveLxdh4d7Orx+hb7qc3uVRuEogCOnyIxm4ubUoPgF4jianDrC+SDQDKEfJb0GUKmjCGPYHGJvVC6X4hw1\/sAfQAdfYyephIaspXe36RwOP+Ljvfx9B6B3i+Nk0DGq+oCbLn6JpBa9nWAveAIHwFAwtVcIJXPMPL8kRu5OAYPMaL1WScTxjiZDqB9LTJSWphow\/pTYKRTLjCBhvi9iBidvKcDasGSm0QQkycYuLBqj6QCELPctqChDWpTRMWkngNNpQ1Pfp1KkiT\/Y0DGffXAweUNfLAfaJFKDwhb6I+bkYRbkERoEeu3Fyjg2opMz2daZCS9jt6Q7txNfB+OZEVF6Zl5web2xunnLQrtrjXseXKaFYziYINeMFZVxS9VxRhOoesYwxPKXm+gWLG9cuFeq93UNNeJNsf1KlwuDok9n02n3TgIJpOxNfL9naIoQwXtfH9kjceTIIi709ncTg6LZbg+biLH1V6u\/7rxBem06VXKn9raAAAAAElFTkSuQmCC\")      no-repeat center center \/ contain;  }  @media screen and (max-width: 960px) and (orientation: portrait) {    .logo {      width: 100%;    }    .logo .pc-banner {      display: none;    }    .logo .m-banner {      display: block;      width: 100%;    }    .logo .m-banner img {      height: auto!important;    }    .ytvideo {      height: 200px;      width: 100%;    }  }<\/style><style>  .video-section {    width: 100%;    margin: 0 auto;  }  .video-section > img {    width: 100%;  }  .video-section iframe,  .video-section video {    width: 100%;    height: 100%;      }  .video-section-img-m,  .video-section-img-pc > img {    width: 100%;    height: auto;  }  .video-section-img-pc.small > img {    width: 970px;  }  .video-desc {    line-height: 1.5;    font-size: 20px;    font-weight: 400;    margin: 20px 0;    text-align: center;    color: #0f1111;    word-break: break-word;  }  @media screen and (max-width: 960px) and (orientation: portrait) {    .video-section {      width: 100%;    }    .video-section-pc,    .video-section-img-pc {      display: none;    }    .video-section-m,    .video-section-img-m {      display: block;    }    .video-desc {      font-size: 15px;    }  }  @media screen and (min-width: 960px) {    .video-section {      width: 100%;      margin: 0 auto;    }    .video-section-pc,    .video-section-img-pc {      display: block;    }    .video-section-m,    .video-section-img-m {      display: none;    }    .video-desc {      font-size: 20px;    }  }<\/style><style>  .section + .section {    margin-top: 35px;  }  .section-title {    text-align: center;    font-weight: bold;    color: #0d1111;    font-family: \"Arial\";    font-size: 32px;    margin: 15px 0;  }  .section-title:empty {    display: none;  }  .section-desc {    text-align: center;    font-weight: normal;    color: #0d1111;    margin-top: 20px;  }  .section-desc:empty {    display: none;  }  .section-img {    width: 1200px;    height: 492px;    margin: 0 auto;    display: block;  }  .section-img.small {    width: 970px;    height: auto;  }  .section-img.small > img {    height: auto;  }  .section-img > img {    width: 100%;    height: 100%;  }  .section-mobile-img {    display: none;    max-width: 100vw;    max-height: 75vw;    height: 450px;    margin: 0 auto;  }  .section-mobile-img > img {    width: 100%;    height: 100%;  }  @media screen and (max-width: 960px) and (orientation: portrait) {    .container {      width: 100%;    }    .container.small {      width: 100%;    }    .section-mobile-img {      display: block;    }    .section-img {      display: none;    }    .section-title {      font-size: 22px;      margin: 10px 0;    }    .section-desc {      margin-top: 10px;    }    .section + .section {      margin-top: 20px;    }  }<\/style><\/head><body><div class=\"container\"><div class=\"logo\"><div class=\"pc-banner\"><div><img decoding=\"async\" src=\"\/vevor\/vevor\/boutique-banner\/pc\/en-pc@1x.jpg\" style=\"width: 100%;\" \/><\/div><\/div><div class=\"m-banner\"><div><img decoding=\"async\" src=\"\/vevor\/vevor\/boutique-banner\/mobile\/en-m@1x.jpg\" style=\"width: 100%;\" \/><\/div><\/div><\/div><div class=\"section-title\">Murra &amp; Go, 5 Sekundit Korter<\/div><div class=\"video-section\"><div class=\"video-section-img-pc\"><img decoding=\"async\" src=\"\/vevor\/product\/BXSGWCZCZLDW44U3W\/shopping-cart-a100-1.4.jpg\" alt=\"VEVOR kokkupandav utility ostukorvi p\u00f6\u00f6rlevate esiratastega, tugev kandvate ja vaeva kokkuhoid.\" \/><\/div><div class=\"video-section-img-m\"><img decoding=\"async\" src=\"\/vevor\/product\/BXSGWCZCZLDW44U3W\/shopping-cart-a100-1.4-m.jpg\" alt=\"VEVOR kokkupandav utility ostukorvi p\u00f6\u00f6rlevate esiratastega, tugev kandvate ja vaeva kokkuhoid.\" \/><\/div><div class=\"section-desc\">Olenemata sellest, kas ostate v\u00f5i maakera liikumas, volditakse see kokkupandav ostukorv kokku! 360-kraadiste p\u00f6\u00f6rlevate rataste ja tugeva kaaluga on see ainus ostukorv, mida kunagi vajate.<\/div><\/div><div class=\"section\"><div class=\"section-title\"><\/div><div class=\"section-img\"><img decoding=\"async\" src=\"\/vevor\/product\/BXSGWCZCZLDW44U3W\/shopping-cart-a100-2.2.jpg\" alt=\"VEVOR kokkupandav utility ostukorvi kaubanduskeskused, vedamine, telkimine, ja majapidamisruum kasutada, tutvustada mitmek\u00fclgsus.\" \/><\/div><div class=\"section-mobile-img\"><img decoding=\"async\" src=\"\/vevor\/product\/BXSGWCZCZLDW44U3W\/shopping-cart-a100-2.2-m.jpg\" alt=\"VEVOR kokkupandav utility ostukorvi kaubanduskeskused, vedamine, telkimine, ja majapidamisruum kasutada, tutvustada mitmek\u00fclgsus.\" \/><\/div><div class=\"section-desc\">Shopping, vedamine, telkimine, v\u00f5i ladustamiseks vahendid \u2014 see kokkupandav utility ostukorv on saanud teie h\u00f5lmatud. See demonstreerib, et see sobiks teie elu, muutes tegemised imelihtne.<\/div><\/div><div class=\"section\"><div class=\"section-title\"><\/div><div class=\"section-img\"><img decoding=\"async\" src=\"\/vevor\/product\/BXSGWCZCZLDW44U3W\/shopping-cart-a100-2.3.jpg\" alt=\"VEVOR kokkupandav utility ostukorv kokkupandav disain, pp korvi, teleskoopsilindrit k\u00e4epide ja kummist rattad.\" \/><\/div><div class=\"section-mobile-img\"><img decoding=\"async\" src=\"\/vevor\/product\/BXSGWCZCZLDW44U3W\/shopping-cart-a100-2.3-m.jpg\" alt=\"VEVOR kokkupandav utility ostukorv kokkupandav disain, pp korvi, teleskoopsilindrit k\u00e4epide ja kummist rattad.\" \/><\/div><div class=\"section-desc\">Meie toidupoed ostukorv on tehtud kerge PP korvi ja vastupidav kummist rattad. Naudi reguleeritava k\u00f5rgusega teleskoopk\u00e4epide ja kokkupandav disain, mis on nii praktiline, sest see on mugav.<\/div><\/div><div class=\"section\"><div class=\"section-title\"><\/div><div class=\"section-img\"><img decoding=\"async\" src=\"\/vevor\/product\/BXSGWCZCZLDW44U3W\/shopping-cart-a100-2.4.jpg\" alt=\"VEVOR kokkupandav utility ostukorvi rohujahu, ranna -, ja tee erinevaid objekte mugav v\u00e4ljas reisid.\" \/><\/div><div class=\"section-mobile-img\"><img decoding=\"async\" src=\"\/vevor\/product\/BXSGWCZCZLDW44U3W\/shopping-cart-a100-2.4-m.jpg\" alt=\"VEVOR kokkupandav utility ostukorvi rohujahu, ranna -, ja tee erinevaid objekte mugav v\u00e4ljas reisid.\" \/><\/div><div class=\"section-desc\">See avar kokkupandav k\u00e4ru rattad k\u00e4sitletakse igat t\u00fc\u00fcpi maastikul \u2014 muru, liiva v\u00f5i k\u00f5nniteel. Pood k\u00f6\u00f6givili, kontoritarbed, villitud vee, t\u00f6\u00f6riistad, v\u00f5i riided, see on \u0160veitsi Armee nuga vankrid.<\/div><\/div><div class=\"section\"><div class=\"section-title\"><\/div><div class=\"section-img\"><img decoding=\"async\" src=\"\/vevor\/product\/BXSGWCZCZLDW44U3W\/shopping-cart-a100-2.5.jpg\" alt=\"samm-sammult juhis, et koguda VEVOR kokkupandav utility ostukorvi: eemalda kaas, paljastama paneelid, turvaline.\" \/><\/div><div class=\"section-mobile-img\"><img decoding=\"async\" src=\"\/vevor\/product\/BXSGWCZCZLDW44U3W\/shopping-cart-a100-2.5-m.jpg\" alt=\"samm-sammult juhis, et koguda VEVOR kokkupandav utility ostukorvi: eemalda kaas, paljastama paneelid, turvaline.\" \/><\/div><div class=\"section-desc\">Kuus lihtsat sammu, ja sa oled valmis. Teha oma shopping reisid palju lihtsamaks ja nauditavamaks meie kokkupandav ostukorvi.<\/div><\/div><div class=\"section\"><div class=\"section-img\"><img decoding=\"async\" src=\"\/vevor\/product\/BXSGWCZCZLDW44U3W\/shopping-cart-a100-1.11.jpg\" alt=\"VEVOR kokkupandav utility ostukorvi k\u00e4epide, m\u00f5\u00f5tmed ja kaal \u00fcksikasjad, mudeli number 8822.\" \/><\/div><div class=\"section-mobile-img\"><img decoding=\"async\" src=\"\/vevor\/product\/BXSGWCZCZLDW44U3W\/shopping-cart-a100-1.11-m.jpg\" alt=\"VEVOR kokkupandav utility ostukorvi k\u00e4epide, m\u00f5\u00f5tmed ja kaal \u00fcksikasjad, mudeli number 8822.\" \/><\/div><\/div><\/div><\/body><\/html><\/div>\n<div class=\"DM_at-title\" id=\"js-DM_at-title\"> <div>Toote spetsifikatsioon<\/div> <i class=\"icon-arrowup_line\"><\/i> <\/div><div class=\"DM_at-goodsDescAttr\" id=\"js-DM_at-goodsDescAttr\"> <div class=\"DM_at-goodsDescAttrInner\"> <dl class=\"goodsDesc_item goodsDesc_item_even\"> <dt>Punkt Mudeli Number<\/dt> <dd> 8822<\/dd> <\/dl> <dl class=\"goodsDesc_item\"> <dt>D\u00fcnaamiline Kandev\u00f5ime<\/dt> <dd> 66 \u00a3 \/29.9 kg<\/dd> <\/dl> <dl class=\"goodsDesc_item goodsDesc_item_even\"> <dt>Staatiline Kandev\u00f5ime<\/dt> <dd> 110 lbs\/49.8 kg<\/dd> <\/dl> <dl class=\"goodsDesc_item\"> <dt>Voltimata Suurus<\/dt> <dd> 14.33 x 12.20 x 35.12 in\/364 x 310 x 892 mm<\/dd> <\/dl> <dl class=\"goodsDesc_item goodsDesc_item_even\"> <dt>Volditud Suurus<\/dt> <dd> 3.54 x x 14.17 17.52 in\/90 x 360 x 445 mm<\/dd> <\/dl> <dl class=\"goodsDesc_item\"> <dt>Materjal<\/dt> <dd> PP<\/dd> <\/dl> <dl class=\"goodsDesc_item goodsDesc_item_even\"> <dt>Ratta L\u00e4bim\u00f5\u00f5t<\/dt> <dd> 1.77 in\/45 mm<\/dd> <\/dl> <dl class=\"goodsDesc_item\"> <dt>Toote Kaal<\/dt> <dd> 5.56 lbs\/2.52 kg<\/dd> <\/dl> <\/div> <\/div>","protected":false},"excerpt":{"rendered":"<ul>\n<li> V\u00f5tta mis Tahes Maastikul: Ehitatud karm PP materjali, rooste-vastupidavad k\u00e4epide ja vastupidav kummist rattad, see kokkuklapitavad ostukorv sai oma tagasi. Alates toidupoed vahek\u00e4iku, et kruusakattega teedel, siis ta pikkadeks. <\/li>\n<li> Kanda Koormus: a 66 \u00a3 \/29.9 kg d\u00fcnaamiline ja 110 lbs\/49.8 kg staatiline kandev\u00f5ime, see kokkupandav utility ostukorvi ei ole lihtsalt oma toidukaubad. Vedamine raamatuid ja vahendid, v\u00f5i isegi kasutades kaas nagu h\u00e4daabin\u00f5u lapse istme \u2014 see on Jack-of-all-trades kohta ostukorvi. <\/li>\n<li> 4-Ratta P\u00f6\u00f6ramine, Disain: Unusta maadlus kangekaelne rattad. Meie toidupoed ostukorvi funktsioone neli 360\u00b0 m\u00fcra-vaba p\u00f6\u00f6rlevad rattad. Navigeeri pingeline nurkades ja lukk rattad paigas, kus on kiire ptt-piduri nupp. Lumi v\u00f5i t\u00e4navakivid? Pole probleemi! <\/li>\n<li> Portable Folding Disain: Tipping the scales lihtsalt 5.56 lbs\/2.52 kg, meie rolling ostukorvi voldid \u00fcles nii kenasti v\u00f5ite toss see on seljakott v\u00f5i lihtsalt teevad seda. See v\u00f5ib paljastama arvesse pushcart kui vaja veelgi rohkem mugavust. Valmis siis, kui te olete! <\/li>\n<li> Null Askeldama: See kokkupandav ostukorvi k\u00f5rvaldab keeruline assamblee samme. M\u00f5ned kiired sammud, ja sa oled hea minna. Ja kui sa oled teinud? L\u00fckake see voodi alla, vitsutama see kapis v\u00f5i k\u00e4tk\u00f6 ta garaa\u017e. <\/li>\n<\/ul>","protected":false},"featured_media":283603,"comment_status":"closed","ping_status":"open","template":"","meta":{"om_disable_all_campaigns":false,"_uf_show_specific_survey":0,"_uf_disable_surveys":false},"location":[1935,1934],"product_brand":[21],"product_cat":[2431,2432,2433,3747],"product_tag":[],"class_list":{"0":"post-26575","1":"product","2":"type-product","3":"status-publish","4":"has-post-thumbnail","6":"location-supplier_stock_location","7":"location-local_stock_location","8":"product_brand-vevor","9":"product_cat-building-materials-2","10":"product_cat-material-handling-equipment","11":"product_cat-platform-trucks-dollies","12":"product_cat-shopping-carts","14":"first","15":"instock","16":"taxable","17":"shipping-taxable","18":"purchasable","19":"product-type-simple"},"aioseo_notices":[],"locations":[{"id":1935,"name":"Pieg\u0101d\u0101t\u0101ja noliktav\u0101 (5-7dd)","slug":"supplier_stock_location","quantity":"19"},{"id":1934,"name":"R\u012bgas veikal\u0101 (0-2d.d.)","slug":"local_stock_location","quantity":"0"}],"_links":{"self":[{"href":"https:\/\/vevorshop.lv\/et\/wp-json\/wp\/v2\/product\/26575","targetHints":{"allow":["GET"]}}],"collection":[{"href":"https:\/\/vevorshop.lv\/et\/wp-json\/wp\/v2\/product"}],"about":[{"href":"https:\/\/vevorshop.lv\/et\/wp-json\/wp\/v2\/types\/product"}],"replies":[{"embeddable":true,"href":"https:\/\/vevorshop.lv\/et\/wp-json\/wp\/v2\/comments?post=26575"}],"wp:featuredmedia":[{"embeddable":true,"href":"https:\/\/vevorshop.lv\/et\/wp-json\/wp\/v2\/media\/283603"}],"wp:attachment":[{"href":"https:\/\/vevorshop.lv\/et\/wp-json\/wp\/v2\/media?parent=26575"}],"wp:term":[{"taxonomy":"location","embeddable":true,"href":"https:\/\/vevorshop.lv\/et\/wp-json\/wp\/v2\/location?post=26575"},{"taxonomy":"product_brand","embeddable":true,"href":"https:\/\/vevorshop.lv\/et\/wp-json\/wp\/v2\/product_brand?post=26575"},{"taxonomy":"product_cat","embeddable":true,"href":"https:\/\/vevorshop.lv\/et\/wp-json\/wp\/v2\/product_cat?post=26575"},{"taxonomy":"product_tag","embeddable":true,"href":"https:\/\/vevorshop.lv\/et\/wp-json\/wp\/v2\/product_tag?post=26575"}],"curies":[{"name":"wp","href":"https:\/\/api.w.org\/{rel}","templated":true}]}}