{"id":26834,"date":"2024-11-18T17:22:26","date_gmt":"2024-11-18T17:22:26","guid":{"rendered":"http:\/\/vevorshop.edigo.lv\/Prece\/vevor-zipline-kit-for-kids-and-adult-60-ft-zip-line-kits-up-to-500-lb-backyard-outdoor-quick-setup-zipline-playground-entertainment-with-stainless-steel-zipline-spring-brake-safety-harness-seat\/"},"modified":"2026-05-01T04:34:20","modified_gmt":"2026-05-01T01:34:20","slug":"vevor-zipline-kit-for-kids-and-adult-60-ft-zip-line-kits-up-to-500-lb-backyard-outdoor-quick-setup-zipline-playground-entertainment-with-stainless-steel-zipline-spring-brake-safety-harness-seat","status":"publish","type":"product","link":"https:\/\/vevorshop.lv\/et\/Prece\/vevor-zipline-komplekt-lastele-ja-taiskasvanutele-60-jalga-zip-line-komplektid-kuni-500-lb-tagahoovis-valjas-kiire-seadistamine-zipline-manguvaljaku-meelelahutus-roostevabast-terasest-zipline-vedrupid\/","title":{"rendered":"VEVOR 18,3m trossliur komplekt lastele ja t\u00e4iskasvanutele \u2013 227kg kandev\u00f5ime, \u00f5ue m\u00e4nguv\u00e4ljak koos vedrupiduri ja turvav\u00f6\u00f6ga"},"content":{"rendered":"<div style=\"color: #fff!important; font-size: 16px; height: 24px; line-height: 24px; margin-top: -24px; \" class=\"product_original_name\">VEVORi t\u00f5mblukukomplekt lastele ja t\u00e4iskasvanutele, 60 jala pikkused t\u00f5mblukukomplektid kuni 500 naela, tagahoovi v\u00e4listingimustes kiirh\u00e4\u00e4lestuslukk, m\u00e4nguv\u00e4ljaku meelelahutus roostevabast terasest t\u00f5mblukuga, vedrupidur, turvarakmed, iste<\/div>\n<div style=\"color: #fff!important; font-size: 16px; height: 24px; line-height: 24px; margin-top: -24px; \" class=\"product_sku\">M4I4KW1D<\/div>\n<div style=\"color: #fff!important; font-size: 16px; height: 24px; line-height: 24px; margin-top: -24px; \" class=\"product_mpn\">BXGHSTJ60YCBT03HLV0<\/div><div id=\"js-DM_at-goodDescRich\"><html><head><style>  body {    font-family: Arial;    line-height: 1.5;    color: #1c1c1c;    overflow-x: hidden;    margin: 0;    padding: 0;  }  .MsoNormal b {    font-weight: bolder;  }<\/style><style>  .container.small {    width: 970px;    margin: 0 auto;  }  .logo {    margin: 0 auto 0;  }  .logo img {    display: block;    margin: 0 auto;    max-width: 100%;  }  .logo .pc-banner {    display: block;    width: 1200px;    height: 247.4px;    margin: 0 auto;  }  .logo .pc-banner.small {    width: 970px;  }  .logo .pc-banner.small img {    height: auto!important;  }  .logo .m-banner {    display: none;  }  .ytvideo {    position: relative;    height: 546px;    width: 100%;    margin: 0 auto;  }  .ytvideo img {    width: 100%;    margin: 0 auto;  }  .ytvideo .play-btn {    width: 60px;    height: 42px;    position: absolute;    top: 50%;    left: 50%;    transform: translate(-50%, -50%);    background: url(\"data:image\/png;base64,iVBORw0KGgoAAAANSUhEUgAAAGQAAABGCAMAAAANWMFbAAAC+lBMVEUAAADBGB3kLCfBGB3kLCfcJC7BFx3KKSbiKybkLCbWJCPSIiLSIiLPICHAFx3kLCfgKSXNHiDZJiTIGx\/p4eHcjo7LHSDbJyTkLCbjKyfOHyHPIiL28fHJHB\/GGh7EGR7eKCXDGB3RISHlLSbBGB3AFxzGHB7DGB7BGB3hKybkKybAFx3lLCfAFxzDGR3hKibDGB7cJyTmz8\/elJTlwcHjurrUIyLlLSflLSfAFx3DGR7lLSfCFx3hKibhKibhKybjKybkLCblLSfbJSX49vbx7e3NNzjNMTLMJyjVIyLZf3\/ZQ0LaeHjx0tLgoqLkLCfCGB3HGx\/BGB3BFx3PICHCGB7WJCLOHyC\/Fxy\/Fx3lLCfQISHkLSe\/FxzbJiTBFx3FGx\/AGB7BFx3EGR7AGB3HHSDfKiXAFh3TISHYNzbhKibbJyTTIiL57e325+f039\/v2NjUV1fOHiHiqanfmprch4feKSXVIyPOICHmLibFGh\/mLSe\/Fx7XJCPeKSXXJSPNHyHaJyTGGh7lLCbmLCflLSjSIiLkLCbdKSXLHiC\/GB3KHh++Fh3lKyfoLiXcKCPkx8fYb2\/XaGfVXl3aU1LLHiDksbHgKibPICHbJyTfKSXbJyTCGB3KHSDiKybFGh7TIiL\/\/\/\/VIyPRISHIHB\/GGx\/HHB\/DGR7gKibdKCXLHiDZJiTMHiDNHyHYJSTOICHPICHWJCPcKCXXJSPjLCblLCf+\/f3NGR\/uLijzLynPGR\/IGB7WISHaIyLLGh7UAADxLynNAADRLzDbICLQAADIAAD3MCrUHSHXMTDpKSbLAADp5OTij4\/ejo\/VLy\/1LyngJSTcJCPQHx\/OHB7+\/PzaMS\/OLS\/vLijrLSjSAADaNTPwLyjkKSbNJCbYISHPHB\/KGB7WAAD7+vrn3d3aKynTKCjoLCfsKifRGh\/YAADq5+fhjo7QNDXXKCfmJyXt5+fTLzDLLi\/QKivYHRvMGBrQJCXLISPMExXLDxLaEAvkkI\/bOTfaFQ\/SCgpvLcnHAAAAmnRSTlMA+vv7+gT9Bvf9+8z8\/NSv\/Pr5+P7++vnQIBMP\/v38\/Pn348XDiCYf9OjbzcqxXVcx\/fz8+\/rj1r2poo1+fXFqX0orGP7+\/v7+\/fz8+\/r68uzn4trIxsG\/vri3p6GcmZSNbWVYUUZEPQv+\/f39+\/v7+\/v7+vr64tvV1NTTz87FtbSurqeblJKFg4B3bUY+NjL7+\/v7+\/v67t1cDo8JLQAABkRJREFUWMO0kz9rwkAYh0OIeJkum6YugUAhISCdKoj\/P4C7SMdS+gEKIhSKil10LSg4mzXkILdlEpxCpwTiWOLX6BujvQaEQuGeHLnL+\/64J+SIcKGYTYWnntpdLjrVdqvZmNdn0+EE40GtpuuWVS6Xx6N7YDSGpWXpeq02wHgynM7q80az1a52HpddtVcpsi1zFARBrdaxbhp9iUReTGmwA4KAAr7vx3EYejnCMI6hQYEgy0LQi4jUN0wL19vqFcUC9\/1dAKmEEFkWRYkh5oBejnxQJiSJPJ\/uKBp0Thszx9Mw8hMRIQjKsptCfuES9zr5WJY6vSFCIvE9fCMUmEM1A1kSXcYGxgVYsvI1IPKTZciSTI0us\/SMGG04gDzELDoFBwdcFJrF88dqgYMTiL6DILWYyfOWE8\/kIz38olCNlC03FK95+imxp6y4oUSvAnBjHHhKNtotSDqJzVFiK8c2SBqhZtsrTtgrLXwAyduxZHNE26eHUt5rtuM4WSmds3G+sUdWYo1L+XyxButoh5eKUHk5lByO3G1LqqCWVnfrv\/lyPtf\/4ps1cndNGIri8J1TJ0lx6dR\/oPjq1nbRwdp2dCk4CtIOLW3pVKRL6WZfS5vF2KkIQhpwSsjiYIgNCs1gEMGqiIq24NQX9NwoXFy8Ufrl3twTcg4fv8T9\/JBEySduj6Mjm4bMzYV7EEOxKjjoNDud7yY3Dy71Hq2oLmqfbNR723edH9PgMrNL2utoQ3VmaIDkiw\/4w51P06hlZsTZvkRrbVuSIs\/zwSOsycgzStQouoAkWQqioRT5XI7n2Z1wfVhoZmcAJLsoqjqpjbWCgpOAJXBwHK8PzWbNvoUZJND5wCnSkLAkZ1legx6vqQzjoiTahKlGUGLAiIIoABOHaNVw4sexZBym6\/HWlH5h3IC7yRbxtipcWxdTOkORKiNQAEkFf66x5S2oeRbroOlLgg0sSYkR0hRGEqJZ0jTPiQKatESdBckpWigxaapEH0lImHdWu9pUFF2XqMNM2Z4kped7IwEJw2qabwtrQqnpw6HyKkgcadKWsmpywwesDyIhYRpdzXddqegtGIJlXbAIUMOLkGxJUjRIkokwjUaX9d\/kK62ps\/tYUqZLIMkLTyBhsMZ3C5Z\/kDxOSCb\/DOs\/\/J0qcWSX\/2ipe56EgTCA4\/cB7NAYOsni4mZM1MUPAISoEwkDi4lhVBQ1cWQyIcwalw4EpqZN68JUSK7XC0kTlkLYii5uXSC8jT5ncCAS7mjCv0uHp\/3lueHEEAeQ\/\/VgmdN71\/2uCSA1Xr6DO6uI6sW56zqT2tp2PhgiRUAajV8CY2fkcz6WGNKMgLAt7tJAhD4YHMTeRxlALE6+43WqjSWi8ITxyJl8WrwWSNESQZZOqhDDntO3hJLsd5RtSpbJqdv3YrDJH3F7jL1R2O2aQkn2MyCyKYz0GPGIvSAMgBCrCEiJyKbBaYGwLW4uPRr0A0M4Ux5kUI7IBh+hMdiCEWNqhMZGyYMsOgNE58UQuEQeUnSWCMYwL54hkxK6IoqucQZbQ3pc3XtL0lky1dL0zZJJDpWJovFqpWj6JEHnyam2eQp5QRVAVHjWparTOaVwUOx99YS2MvgxIGV0bb+qIg2HX2qkFFJB+XZcbLiuRkuxD9GRroKyveLxdh4d7Orx+hb7qc3uVRuEogCOnyIxm4ubUoPgF4jianDrC+SDQDKEfJb0GUKmjCGPYHGJvVC6X4hw1\/sAfQAdfYyephIaspXe36RwOP+Ljvfx9B6B3i+Nk0DGq+oCbLn6JpBa9nWAveAIHwFAwtVcIJXPMPL8kRu5OAYPMaL1WScTxjiZDqB9LTJSWphow\/pTYKRTLjCBhvi9iBidvKcDasGSm0QQkycYuLBqj6QCELPctqChDWpTRMWkngNNpQ1Pfp1KkiT\/Y0DGffXAweUNfLAfaJFKDwhb6I+bkYRbkERoEeu3Fyjg2opMz2daZCS9jt6Q7txNfB+OZEVF6Zl5web2xunnLQrtrjXseXKaFYziYINeMFZVxS9VxRhOoesYwxPKXm+gWLG9cuFeq93UNNeJNsf1KlwuDok9n02n3TgIJpOxNfL9naIoQwXtfH9kjceTIIi709ncTg6LZbg+biLH1V6u\/7rxBem06VXKn9raAAAAAElFTkSuQmCC\")      no-repeat center center \/ contain;  }  @media screen and (max-width: 960px) and (orientation: portrait) {    .logo {      width: 100%;    }    .logo .pc-banner {      display: none;    }    .logo .m-banner {      display: block;      width: 100%;    }    .logo .m-banner img {      height: auto!important;    }    .ytvideo {      height: 200px;      width: 100%;    }  }<\/style><style>  .video-section {    width: 100%;    margin: 0 auto;  }  .video-section > img {    width: 100%;  }  .video-section iframe,  .video-section video {    width: 100%;    height: 100%;      }  .video-section-img-m,  .video-section-img-pc > img {    width: 100%;    height: auto;  }  .video-section-img-pc.small > img {    width: 970px;  }  .video-desc {    line-height: 1.5;    font-size: 20px;    font-weight: 400;    margin: 20px 0;    text-align: center;    color: #0f1111;    word-break: break-word;  }  @media screen and (max-width: 960px) and (orientation: portrait) {    .video-section {      width: 100%;    }    .video-section-pc,    .video-section-img-pc {      display: none;    }    .video-section-m,    .video-section-img-m {      display: block;    }    .video-desc {      font-size: 15px;    }  }  @media screen and (min-width: 960px) {    .video-section {      width: 100%;      margin: 0 auto;    }    .video-section-pc,    .video-section-img-pc {      display: block;    }    .video-section-m,    .video-section-img-m {      display: none;    }    .video-desc {      font-size: 20px;    }  }<\/style><style>  .section + .section {    margin-top: 35px;  }  .section-title {    text-align: center;    font-weight: bold;    color: #0d1111;    font-family: \"Arial\";    font-size: 32px;    margin: 15px 0;  }  .section-title:empty {    display: none;  }  .section-desc {    text-align: center;    font-weight: normal;    color: #0d1111;    margin-top: 20px;  }  .section-desc:empty {    display: none;  }  .section-img {    width: 1200px;    height: 492px;    margin: 0 auto;    display: block;  }  .section-img.small {    width: 970px;    height: auto;  }  .section-img.small > img {    height: auto;  }  .section-img > img {    width: 100%;    height: 100%;  }  .section-mobile-img {    display: none;    max-width: 100vw;    max-height: 75vw;    height: 450px;    margin: 0 auto;  }  .section-mobile-img > img {    width: 100%;    height: 100%;  }  @media screen and (max-width: 960px) and (orientation: portrait) {    .container {      width: 100%;    }    .container.small {      width: 100%;    }    .section-mobile-img {      display: block;    }    .section-img {      display: none;    }    .section-title {      font-size: 22px;      margin: 10px 0;    }    .section-desc {      margin-top: 10px;    }    .section + .section {      margin-top: 20px;    }  }<\/style><\/head><body><div class=\"container\"><div class=\"logo\"><div class=\"pc-banner\"><div><img decoding=\"async\" src=\"\/vevor\/vevor\/boutique-banner\/pc\/en-pc@1x.jpg\" style=\"width: 100%;\" \/><\/div><\/div><div class=\"m-banner\"><div><img decoding=\"async\" src=\"\/vevor\/vevor\/boutique-banner\/mobile\/en-m@1x.jpg\" style=\"width: 100%;\" \/><\/div><\/div><\/div><div class=\"section-title\">Zip Line komplektid, mis on m\u00f5eldud laste treeninguks ja m\u00e4ngimiseks<\/div><div class=\"video-section\"><div class=\"video-section-img-pc\"><img decoding=\"async\" src=\"\/vevor\/product\/BXGHSTJ60YCBT03HL\/zip-line-kits-a100-1.4.jpg\" alt=\"VEVOR zipline komplekt lastele 60ft terasest tross, 550 naela kaalu, v\u00f5imsuse, ja cpc ohutuse sertifitseerimise kohta.\" \/><\/div><div class=\"video-section-img-m\"><img decoding=\"async\" src=\"\/vevor\/product\/BXGHSTJ60YCBT03HL\/zip-line-kits-a100-1.4-m.jpg\" alt=\"VEVOR zipline komplekt lastele 60ft terasest tross, 550 naela kaalu, v\u00f5imsuse, ja cpc ohutuse sertifitseerimise kohta.\" \/><\/div><div class=\"section-desc\">See laste t\u00f5mblukuga rida komplekt on valmistatud kvaliteetsest roostevabast terasest ja on peenelt valmistatud. Sobib nii t\u00e4iskasvanutele kui lastele, nad pakuvad l\u00f5putut \u00f5ues l\u00f5bu.<\/div><\/div><div class=\"section\"><div class=\"section-title\"><\/div><div class=\"section-img\"><img decoding=\"async\" src=\"\/vevor\/product\/BXGHSTJ60YCBT03HL\/zip-line-kits-a100-2.2.jpg\" alt=\"professionaalne VEVOR zipline kit tegevust ohutuse rakmed, \u00fchendus v\u00f6\u00f6, roostevabast terasest laagrid, ja silikoonist k\u00e4epidemetega.\" \/><\/div><div class=\"section-mobile-img\"><img decoding=\"async\" src=\"\/vevor\/product\/BXGHSTJ60YCBT03HL\/zip-line-kits-a100-2.2-m.jpg\" alt=\"professionaalne VEVOR zipline kit tegevust ohutuse rakmed, \u00fchendus v\u00f6\u00f6, roostevabast terasest laagrid, ja silikoonist k\u00e4epidemetega.\" \/><\/div><div class=\"section-desc\">Topeltkaitse istme turvav\u00f6\u00f6de ja trossi turvarakmetega, v\u00e4hendades oluliselt vigastuste v\u00f5imalust. Libisemisvastased k\u00e4epidemed tagavad maksimaalse ohutuse laste v\u00e4litegevustele. Uuendatud kuullaagrid ja paksendatud kaitseteras k\u00f5rvaldavad riskid.<\/div><\/div><div class=\"section\"><div class=\"section-title\"><\/div><div class=\"section-img\"><img decoding=\"async\" src=\"\/vevor\/product\/BXGHSTJ60YCBT03HL\/zip-line-kits-a100-2.3.jpg\" alt=\"lapse nautida VEVOR zipline komplekt koos 6.3 jalga pikk pidurdamine kevadel, tsingitud materjali rooste v\u00e4ltimiseks.\" \/><\/div><div class=\"section-mobile-img\"><img decoding=\"async\" src=\"\/vevor\/product\/BXGHSTJ60YCBT03HL\/zip-line-kits-a100-2.3-m.jpg\" alt=\"lapse nautida VEVOR zipline komplekt koos 6.3 jalga pikk pidurdamine kevadel, tsingitud materjali rooste v\u00e4ltimiseks.\" \/><\/div><div class=\"section-desc\">Meie kevad piduri s\u00fcsteem on valmistatud roostevabast terasest, pakkudes suurem sitkus ja vastupidavus. Kevadel piduri t\u00f5husalt v\u00e4idab, ohutu kauguse ja laste vahel puid, tagades ohutuse.<\/div><\/div><div class=\"section\"><div class=\"section-title\"><\/div><div class=\"section-img\"><img decoding=\"async\" src=\"\/vevor\/product\/BXGHSTJ60YCBT03HL\/zip-line-kits-a100-2.4.jpg\" alt=\"kuidas paigaldada VEVOR zipline komplekt: m\u00f5\u00f5ta k\u00f5rgust, paigaldada kindlalt, kontrollima ohutuse, nautida s\u00f5itu.\" \/><\/div><div class=\"section-mobile-img\"><img decoding=\"async\" src=\"\/vevor\/product\/BXGHSTJ60YCBT03HL\/zip-line-kits-a100-2.4-m.jpg\" alt=\"kuidas paigaldada VEVOR zipline komplekt: m\u00f5\u00f5ta k\u00f5rgust, paigaldada kindlalt, kontrollima ohutuse, nautida s\u00f5itu.\" \/><\/div><div class=\"section-desc\">See laste kiire seadistamise t\u00f5mblukukomplekt v\u00f5ib muuta teie \u00f5ue m\u00e4nguv\u00e4ljakuks. Seda on lihtne paigaldada, v\u00f5imaldades lastega \u00fchistegevust, stimuleerides nende f\u00fc\u00fcsilisi v\u00f5imeid ja luues t\u00e4iuslikke vanema-lapse hetki.<\/div><\/div><div class=\"section\"><div class=\"section-title\"><\/div><div class=\"section-img\"><img decoding=\"async\" src=\"\/vevor\/product\/BXGHSTJ60YCBT03HL\/zip-line-kits-a100-2.5.jpg\" alt=\"VEVOR zipline komplekt sisaldab rihmaratas, peamised kaabel, spring break, kaabel pilduma, kiik iste, istme turvav\u00f6\u00f6.\" \/><\/div><div class=\"section-mobile-img\"><img decoding=\"async\" src=\"\/vevor\/product\/BXGHSTJ60YCBT03HL\/zip-line-kits-a100-2.5-m.jpg\" alt=\"VEVOR zipline komplekt sisaldab rihmaratas, peamised kaabel, spring break, kaabel pilduma, kiik iste, istme turvav\u00f6\u00f6.\" \/><\/div><div class=\"section-desc\">Kui zipline komplektid on kaasas palju tarvikuid, sh k\u00f5ik v\u00e4ljas seadmete vaja ohutuma harrasteita. Vallandada oma noorusliku energia t\u00e4iel rinnal.<\/div><\/div><div class=\"section\"><div class=\"section-img\"><img decoding=\"async\" src=\"\/vevor\/product\/BXGHSTJ60YCBT03HL\/zip-line-kits-a100-1.11.jpg\" alt=\"VEVOR zipline komplekti andmed koos 60ft kaabel, sinine plaat asukoht ja m\u00f5\u00f5tmed: 1000x100x50 mm.\" \/><\/div><div class=\"section-mobile-img\"><img decoding=\"async\" src=\"\/vevor\/product\/BXGHSTJ60YCBT03HL\/zip-line-kits-a100-1.11-m.jpg\" alt=\"VEVOR zipline komplekti andmed koos 60ft kaabel, sinine plaat asukoht ja m\u00f5\u00f5tmed: 1000x100x50 mm.\" \/><\/div><\/div><\/div><\/body><\/html><\/div>\n<div class=\"DM_at-title\" id=\"js-DM_at-title\"> <div>Toote spetsifikatsioon<\/div> <i class=\"icon-arrowup_line\"><\/i> <\/div><div class=\"DM_at-goodsDescAttr\" id=\"js-DM_at-goodsDescAttr\"> <div class=\"DM_at-goodsDescAttrInner\"> <dl class=\"goodsDesc_item goodsDesc_item_even\"> <dt>Punkt Mudeli Number<\/dt> <dd> HL-60ft-001<\/dd> <\/dl> <dl class=\"goodsDesc_item\"> <dt>Toote Kaal<\/dt> <dd> 7.1 kg \/ 15.65 lbs<\/dd> <\/dl> <dl class=\"goodsDesc_item goodsDesc_item_even\"> <dt>Toote M\u00f5\u00f5tmed (Pxlxk)<\/dt> <dd> 1000x100x50 mm \/ 39.37x3.94x1.97 cm<\/dd> <\/dl> <\/div> <\/div>","protected":false},"excerpt":{"rendered":"<ul>\n<li> Hea Kandev\u00f5ime: See v\u00e4ljas zip line kit on spetsiaalselt ette n\u00e4htud laste kasutada ja m\u00e4ngida. Terasest tross on paksenenud 0,25 cm, maksimaalne kandev\u00f5ime 500\u00a3, n\u00e4idates suurep\u00e4rast kandvate v\u00f5imalus. Vastupidavast materjalist ja roostevabast terasest vedru piduri s\u00fcsteemi luua kindel alus. Kui zipline komplekt on CPC-ohutuse sertifikaadiga, mis annab vanematele kindlustunde, et turvaliselt kaasas nende lapsed. <\/li>\n<li> Kuullaager, Disain: T\u00e4iendatud kuullaagrid tugevdatud kaitsva terasest, tegeleda v\u00f5imalike ohtude alla v\u00e4ikseim \u00fcksikasjad. Kui rihmaratas on m\u00f5eldud n\u00f5gus kuju, poleeritud, et v\u00e4hendada kahju, et k\u00f6is, mis on t\u00f5husalt toetada sile rihmaratas korrigeerimine, tagada stabiilne ja turvaline m\u00e4ngida. K\u00f5rge kvaliteediga laagrid pakkuda parimat lennu kogemus. <\/li>\n<li> Ohutus ennek\u00f5ike: Milles see peale \u00fche ohutusseadiste turule, meie koduses zipline kit kasutab m\u00f5lema istme turvav\u00f6\u00f6d ja trossi ohutusrihmade kasutamist, v\u00e4hendades oluliselt riski vigastuste mitme nurga alt. T\u00e4psus \u00f5mblemine, mis k\u00e4sitleb turvav\u00f6\u00f6de ja-ohutuse k\u00f6ied tagab vastupidavuse ja suurendatakse turvalisust, tagades maksimaalse turvalisuse eest laste tegevused \u00f5ues. <\/li>\n<li> Laiendatud Kevadel Piduri S\u00fcsteem: 6.4 jalga extra-pikk kevad pidur, mis on valmistatud roostevabast terasest ning m\u00f5\u00f5dukas k\u00f5vadus, pakub suuremat vastupidavust ja vastupidavust. Selle tulemusena suure k\u00f5rguse zip line ei tule \u00e4kitselt peatuma. Kevadel piduri s\u00fcsteem t\u00f5husalt v\u00e4idab, kaugus ja laste vahel puid, tagades ohutuse. <\/li>\n<li> Quick Setup: Lisatud vahendid, nagu mutriv\u00f5ti teha zipline lihtne paigaldada ja demonteerida, muuta protsessi lihtne. Operatsioon on lihtne, mis v\u00f5imaldab vanematel osaleda tegevuses, koos oma lastega, julgustades oma f\u00fc\u00fcsilisi v\u00f5imeid ja luua t\u00e4iuslik ema-lapse hetki. <\/li>\n<\/ul>","protected":false},"featured_media":283996,"comment_status":"closed","ping_status":"open","template":"","meta":{"om_disable_all_campaigns":false,"_uf_show_specific_survey":0,"_uf_disable_surveys":false},"location":[1935,1934],"product_brand":[21],"product_cat":[2816,2378,3080,3744],"product_tag":[],"class_list":{"0":"post-26834","1":"product","2":"type-product","3":"status-publish","4":"has-post-thumbnail","6":"location-supplier_stock_location","7":"location-local_stock_location","8":"product_brand-vevor","9":"product_cat-games-sports-outdoors","10":"product_cat-sports-outdoors","11":"product_cat-yard-games","12":"product_cat-zipline-kit-yard-games","14":"first","15":"outofstock","16":"taxable","17":"shipping-taxable","18":"purchasable","19":"product-type-simple"},"aioseo_notices":[],"locations":[{"id":1935,"name":"Pieg\u0101d\u0101t\u0101ja noliktav\u0101 (5-7dd)","slug":"supplier_stock_location","quantity":"0"},{"id":1934,"name":"R\u012bgas veikal\u0101 (0-2d.d.)","slug":"local_stock_location","quantity":"0"}],"_links":{"self":[{"href":"https:\/\/vevorshop.lv\/et\/wp-json\/wp\/v2\/product\/26834","targetHints":{"allow":["GET"]}}],"collection":[{"href":"https:\/\/vevorshop.lv\/et\/wp-json\/wp\/v2\/product"}],"about":[{"href":"https:\/\/vevorshop.lv\/et\/wp-json\/wp\/v2\/types\/product"}],"replies":[{"embeddable":true,"href":"https:\/\/vevorshop.lv\/et\/wp-json\/wp\/v2\/comments?post=26834"}],"wp:featuredmedia":[{"embeddable":true,"href":"https:\/\/vevorshop.lv\/et\/wp-json\/wp\/v2\/media\/283996"}],"wp:attachment":[{"href":"https:\/\/vevorshop.lv\/et\/wp-json\/wp\/v2\/media?parent=26834"}],"wp:term":[{"taxonomy":"location","embeddable":true,"href":"https:\/\/vevorshop.lv\/et\/wp-json\/wp\/v2\/location?post=26834"},{"taxonomy":"product_brand","embeddable":true,"href":"https:\/\/vevorshop.lv\/et\/wp-json\/wp\/v2\/product_brand?post=26834"},{"taxonomy":"product_cat","embeddable":true,"href":"https:\/\/vevorshop.lv\/et\/wp-json\/wp\/v2\/product_cat?post=26834"},{"taxonomy":"product_tag","embeddable":true,"href":"https:\/\/vevorshop.lv\/et\/wp-json\/wp\/v2\/product_tag?post=26834"}],"curies":[{"name":"wp","href":"https:\/\/api.w.org\/{rel}","templated":true}]}}