{"id":27001,"date":"2024-11-18T17:30:34","date_gmt":"2024-11-18T17:30:34","guid":{"rendered":"http:\/\/vevorshop.edigo.lv\/Prece\/vevor-bike-repair-stand-80-lbs-heavy-duty-steel-bicycle-repair-stand-adjustable-height-bike-maintenance-workstand-with-magnetic-tool-tray-telescopic-arm-foldable-bike-work-stand-for-home-shops\/"},"modified":"2026-05-09T10:04:22","modified_gmt":"2026-05-09T07:04:22","slug":"vevor-bike-repair-stand-80-lbs-heavy-duty-steel-bicycle-repair-stand-adjustable-height-bike-maintenance-workstand-with-magnetic-tool-tray-telescopic-arm-foldable-bike-work-stand-for-home-shops","status":"publish","type":"product","link":"https:\/\/vevorshop.lv\/et\/Prece\/vevor-rattaparandusalus-80-naela-raskeveokite-terasest-jalgrattaparandusalus-reguleeritava-korgusega-jalgrattahooldustooalus-magnetilise-tooriistaaluse-teleskoopvarrega-kokkupandav-rattatooalus-kodupo\/","title":{"rendered":"VEVOR Jalgratta Remondialus 36 kg, Reguleeritav K\u00f5rgus, 360\u00b0 Klamber, Magnetiline T\u00f6\u00f6riistarest, Kokkupandav Kodu ja T\u00f6\u00f6koja Jaoks"},"content":{"rendered":"<div style=\"color: #fff!important; font-size: 16px; height: 24px; line-height: 24px; margin-top: -24px; \" class=\"product_original_name\">VEVOR rattaparandusalus, 36 kg raskeveokite terasest jalgrattaparandusalus, reguleeritava k\u00f5rgusega jalgrattahooldust\u00f6\u00f6laud magnetilise t\u00f6\u00f6riistaaluse teleskoopvarrega, kokkupandav jalgrattat\u00f6\u00f6alus kodu jaoks, poed<\/div>\n<div style=\"color: #fff!important; font-size: 16px; height: 24px; line-height: 24px; margin-top: -24px; \" class=\"product_sku\">M4I4KW99<\/div>\n<div style=\"color: #fff!important; font-size: 16px; height: 24px; line-height: 24px; margin-top: -24px; \" class=\"product_mpn\">ZXCWXZJGZLDSC784IV0<\/div><div id=\"js-DM_at-goodDescRich\"><html><head><style>  body {    font-family: Arial;    line-height: 1.5;    color: #1c1c1c;    overflow-x: hidden;    margin: 0;    padding: 0;  }  .MsoNormal b {    font-weight: bolder;  }<\/style><style>  .container.small {    width: 970px;    margin: 0 auto;  }  .logo {    margin: 0 auto 0;  }  .logo img {    display: block;    margin: 0 auto;    max-width: 100%;  }  .logo .pc-banner {    display: block;    width: 1200px;    height: 247.4px;    margin: 0 auto;  }  .logo .pc-banner.small {    width: 970px;  }  .logo .pc-banner.small img {    height: auto!important;  }  .logo .m-banner {    display: none;  }  .ytvideo {    position: relative;    height: 546px;    width: 100%;    margin: 0 auto;  }  .ytvideo img {    width: 100%;    margin: 0 auto;  }  .ytvideo .play-btn {    width: 60px;    height: 42px;    position: absolute;    top: 50%;    left: 50%;    transform: translate(-50%, -50%);    background: url(\"data:image\/png;base64,iVBORw0KGgoAAAANSUhEUgAAAGQAAABGCAMAAAANWMFbAAAC+lBMVEUAAADBGB3kLCfBGB3kLCfcJC7BFx3KKSbiKybkLCbWJCPSIiLSIiLPICHAFx3kLCfgKSXNHiDZJiTIGx\/p4eHcjo7LHSDbJyTkLCbjKyfOHyHPIiL28fHJHB\/GGh7EGR7eKCXDGB3RISHlLSbBGB3AFxzGHB7DGB7BGB3hKybkKybAFx3lLCfAFxzDGR3hKibDGB7cJyTmz8\/elJTlwcHjurrUIyLlLSflLSfAFx3DGR7lLSfCFx3hKibhKibhKybjKybkLCblLSfbJSX49vbx7e3NNzjNMTLMJyjVIyLZf3\/ZQ0LaeHjx0tLgoqLkLCfCGB3HGx\/BGB3BFx3PICHCGB7WJCLOHyC\/Fxy\/Fx3lLCfQISHkLSe\/FxzbJiTBFx3FGx\/AGB7BFx3EGR7AGB3HHSDfKiXAFh3TISHYNzbhKibbJyTTIiL57e325+f039\/v2NjUV1fOHiHiqanfmprch4feKSXVIyPOICHmLibFGh\/mLSe\/Fx7XJCPeKSXXJSPNHyHaJyTGGh7lLCbmLCflLSjSIiLkLCbdKSXLHiC\/GB3KHh++Fh3lKyfoLiXcKCPkx8fYb2\/XaGfVXl3aU1LLHiDksbHgKibPICHbJyTfKSXbJyTCGB3KHSDiKybFGh7TIiL\/\/\/\/VIyPRISHIHB\/GGx\/HHB\/DGR7gKibdKCXLHiDZJiTMHiDNHyHYJSTOICHPICHWJCPcKCXXJSPjLCblLCf+\/f3NGR\/uLijzLynPGR\/IGB7WISHaIyLLGh7UAADxLynNAADRLzDbICLQAADIAAD3MCrUHSHXMTDpKSbLAADp5OTij4\/ejo\/VLy\/1LyngJSTcJCPQHx\/OHB7+\/PzaMS\/OLS\/vLijrLSjSAADaNTPwLyjkKSbNJCbYISHPHB\/KGB7WAAD7+vrn3d3aKynTKCjoLCfsKifRGh\/YAADq5+fhjo7QNDXXKCfmJyXt5+fTLzDLLi\/QKivYHRvMGBrQJCXLISPMExXLDxLaEAvkkI\/bOTfaFQ\/SCgpvLcnHAAAAmnRSTlMA+vv7+gT9Bvf9+8z8\/NSv\/Pr5+P7++vnQIBMP\/v38\/Pn348XDiCYf9OjbzcqxXVcx\/fz8+\/rj1r2poo1+fXFqX0orGP7+\/v7+\/fz8+\/r68uzn4trIxsG\/vri3p6GcmZSNbWVYUUZEPQv+\/f39+\/v7+\/v7+vr64tvV1NTTz87FtbSurqeblJKFg4B3bUY+NjL7+\/v7+\/v67t1cDo8JLQAABkRJREFUWMO0kz9rwkAYh0OIeJkum6YugUAhISCdKoj\/P4C7SMdS+gEKIhSKil10LSg4mzXkILdlEpxCpwTiWOLX6BujvQaEQuGeHLnL+\/64J+SIcKGYTYWnntpdLjrVdqvZmNdn0+EE40GtpuuWVS6Xx6N7YDSGpWXpeq02wHgynM7q80az1a52HpddtVcpsi1zFARBrdaxbhp9iUReTGmwA4KAAr7vx3EYejnCMI6hQYEgy0LQi4jUN0wL19vqFcUC9\/1dAKmEEFkWRYkh5oBejnxQJiSJPJ\/uKBp0Thszx9Mw8hMRIQjKsptCfuES9zr5WJY6vSFCIvE9fCMUmEM1A1kSXcYGxgVYsvI1IPKTZciSTI0us\/SMGG04gDzELDoFBwdcFJrF88dqgYMTiL6DILWYyfOWE8\/kIz38olCNlC03FK95+imxp6y4oUSvAnBjHHhKNtotSDqJzVFiK8c2SBqhZtsrTtgrLXwAyduxZHNE26eHUt5rtuM4WSmds3G+sUdWYo1L+XyxButoh5eKUHk5lByO3G1LqqCWVnfrv\/lyPtf\/4ps1cndNGIri8J1TJ0lx6dR\/oPjq1nbRwdp2dCk4CtIOLW3pVKRL6WZfS5vF2KkIQhpwSsjiYIgNCs1gEMGqiIq24NQX9NwoXFy8Ufrl3twTcg4fv8T9\/JBEySduj6Mjm4bMzYV7EEOxKjjoNDud7yY3Dy71Hq2oLmqfbNR723edH9PgMrNL2utoQ3VmaIDkiw\/4w51P06hlZsTZvkRrbVuSIs\/zwSOsycgzStQouoAkWQqioRT5XI7n2Z1wfVhoZmcAJLsoqjqpjbWCgpOAJXBwHK8PzWbNvoUZJND5wCnSkLAkZ1legx6vqQzjoiTahKlGUGLAiIIoABOHaNVw4sexZBym6\/HWlH5h3IC7yRbxtipcWxdTOkORKiNQAEkFf66x5S2oeRbroOlLgg0sSYkR0hRGEqJZ0jTPiQKatESdBckpWigxaapEH0lImHdWu9pUFF2XqMNM2Z4kped7IwEJw2qabwtrQqnpw6HyKkgcadKWsmpywwesDyIhYRpdzXddqegtGIJlXbAIUMOLkGxJUjRIkokwjUaX9d\/kK62ps\/tYUqZLIMkLTyBhsMZ3C5Z\/kDxOSCb\/DOs\/\/J0qcWSX\/2ipe56EgTCA4\/cB7NAYOsni4mZM1MUPAISoEwkDi4lhVBQ1cWQyIcwalw4EpqZN68JUSK7XC0kTlkLYii5uXSC8jT5ncCAS7mjCv0uHp\/3lueHEEAeQ\/\/VgmdN71\/2uCSA1Xr6DO6uI6sW56zqT2tp2PhgiRUAajV8CY2fkcz6WGNKMgLAt7tJAhD4YHMTeRxlALE6+43WqjSWi8ITxyJl8WrwWSNESQZZOqhDDntO3hJLsd5RtSpbJqdv3YrDJH3F7jL1R2O2aQkn2MyCyKYz0GPGIvSAMgBCrCEiJyKbBaYGwLW4uPRr0A0M4Ux5kUI7IBh+hMdiCEWNqhMZGyYMsOgNE58UQuEQeUnSWCMYwL54hkxK6IoqucQZbQ3pc3XtL0lky1dL0zZJJDpWJovFqpWj6JEHnyam2eQp5QRVAVHjWparTOaVwUOx99YS2MvgxIGV0bb+qIg2HX2qkFFJB+XZcbLiuRkuxD9GRroKyveLxdh4d7Orx+hb7qc3uVRuEogCOnyIxm4ubUoPgF4jianDrC+SDQDKEfJb0GUKmjCGPYHGJvVC6X4hw1\/sAfQAdfYyephIaspXe36RwOP+Ljvfx9B6B3i+Nk0DGq+oCbLn6JpBa9nWAveAIHwFAwtVcIJXPMPL8kRu5OAYPMaL1WScTxjiZDqB9LTJSWphow\/pTYKRTLjCBhvi9iBidvKcDasGSm0QQkycYuLBqj6QCELPctqChDWpTRMWkngNNpQ1Pfp1KkiT\/Y0DGffXAweUNfLAfaJFKDwhb6I+bkYRbkERoEeu3Fyjg2opMz2daZCS9jt6Q7txNfB+OZEVF6Zl5web2xunnLQrtrjXseXKaFYziYINeMFZVxS9VxRhOoesYwxPKXm+gWLG9cuFeq93UNNeJNsf1KlwuDok9n02n3TgIJpOxNfL9naIoQwXtfH9kjceTIIi709ncTg6LZbg+biLH1V6u\/7rxBem06VXKn9raAAAAAElFTkSuQmCC\")      no-repeat center center \/ contain;  }  @media screen and (max-width: 960px) and (orientation: portrait) {    .logo {      width: 100%;    }    .logo .pc-banner {      display: none;    }    .logo .m-banner {      display: block;      width: 100%;    }    .logo .m-banner img {      height: auto!important;    }    .ytvideo {      height: 200px;      width: 100%;    }  }<\/style><style>  .video-section {    width: 100%;    margin: 0 auto;  }  .video-section > img {    width: 100%;  }  .video-section iframe,  .video-section video {    width: 100%;    height: 100%;      }  .video-section-img-m,  .video-section-img-pc > img {    width: 100%;    height: auto;  }  .video-section-img-pc.small > img {    width: 970px;  }  .video-desc {    line-height: 1.5;    font-size: 20px;    font-weight: 400;    margin: 20px 0;    text-align: center;    color: #0f1111;    word-break: break-word;  }  @media screen and (max-width: 960px) and (orientation: portrait) {    .video-section {      width: 100%;    }    .video-section-pc,    .video-section-img-pc {      display: none;    }    .video-section-m,    .video-section-img-m {      display: block;    }    .video-desc {      font-size: 15px;    }  }  @media screen and (min-width: 960px) {    .video-section {      width: 100%;      margin: 0 auto;    }    .video-section-pc,    .video-section-img-pc {      display: block;    }    .video-section-m,    .video-section-img-m {      display: none;    }    .video-desc {      font-size: 20px;    }  }<\/style><style>  .section + .section {    margin-top: 35px;  }  .section-title {    text-align: center;    font-weight: bold;    color: #0d1111;    font-family: \"Arial\";    font-size: 32px;    margin: 15px 0;  }  .section-title:empty {    display: none;  }  .section-desc {    text-align: center;    font-weight: normal;    color: #0d1111;    margin-top: 20px;  }  .section-desc:empty {    display: none;  }  .section-img {    width: 1200px;    height: 492px;    margin: 0 auto;    display: block;  }  .section-img.small {    width: 970px;    height: auto;  }  .section-img.small > img {    height: auto;  }  .section-img > img {    width: 100%;    height: 100%;  }  .section-mobile-img {    display: none;    max-width: 100vw;    max-height: 75vw;    height: 450px;    margin: 0 auto;  }  .section-mobile-img > img {    width: 100%;    height: 100%;  }  @media screen and (max-width: 960px) and (orientation: portrait) {    .container {      width: 100%;    }    .container.small {      width: 100%;    }    .section-mobile-img {      display: block;    }    .section-img {      display: none;    }    .section-title {      font-size: 22px;      margin: 10px 0;    }    .section-desc {      margin-top: 10px;    }    .section + .section {      margin-top: 20px;    }  }<\/style><\/head><body><div class=\"container\"><div class=\"logo\"><div class=\"pc-banner\"><div><img decoding=\"async\" src=\"\/vevor\/vevor\/boutique-banner\/pc\/en-pc@1x.jpg\" style=\"width: 100%;\" \/><\/div><\/div><div class=\"m-banner\"><div><img decoding=\"async\" src=\"\/vevor\/vevor\/boutique-banner\/mobile\/en-m@1x.jpg\" style=\"width: 100%;\" \/><\/div><\/div><\/div><div class=\"section-title\">Tugev Toetus Oma Bike<\/div><div class=\"video-section\"><div class=\"video-section-img-pc\"><img decoding=\"async\" src=\"\/vevor\/product\/ZXCWXZJGZLDSC784I\/bike-repair-stand-a100-1.4.jpg\" alt=\"VEVOR rattaparandusalus hoiab 360-kraadise p\u00f6\u00f6rlemisega maastikuratast lihtsaks hoolduseks ja remondiks.\" \/><\/div><div class=\"video-section-img-m\"><img decoding=\"async\" src=\"\/vevor\/product\/ZXCWXZJGZLDSC784I\/tumbling-composter-a100-1.4-m.jpg\" \/><\/div><div class=\"section-desc\">Meie rattaparandusalus on valmistatud raskeveokite terastorudest, tagades selle vastupidavuse ja pikaealisuse. Sisaldab 4 jalaga tugevat vundamenti, mis suudab hakkama saada erinevate jalgrattat\u00fc\u00fcpidega ilma v\u00f5nkumiseta. Keti m\u00e4\u00e4rimine, rehvide vahetamine v\u00f5i isegi ratta kokkupanek, k\u00f5ik ilma vajaduseta painutada.<\/div><\/div><div class=\"section\"><div class=\"section-title\"><\/div><div class=\"section-img\"><img decoding=\"async\" src=\"\/vevor\/product\/ZXCWXZJGZLDSC784I\/bike-repair-stand-a100-2.2.jpg\" alt=\"VEVORi rattaparandusalus reguleeritava k\u00f5rguse, 360\u00b0 p\u00f6\u00f6rlemise ja stabiilsusega, et jalgratast oleks lihtne hooldada.\" \/><\/div><div class=\"section-mobile-img\"><img decoding=\"async\" src=\"\/vevor\/product\/ZXCWXZJGZLDSC784I\/bike-repair-stand-a100-2.2-m.jpg\" alt=\"VEVORi rattaparandusalus reguleeritava k\u00f5rguse, 360\u00b0 p\u00f6\u00f6rlemise ja stabiilsusega, et jalgratast oleks lihtne hooldada.\" \/><\/div><div class=\"section-desc\">Meie jalgratta remondialus on loodud selleks, et muuta teie t\u00f6\u00f6 lihtsamaks ja kiiremaks. K\u00f5rguse reguleerimisvahemikuga 42,5\"-74,8\" saate mugavalt t\u00f6\u00f6tada oma eelistatud k\u00f5rgusel, olgu siis istudes v\u00f5i seistes. 360\u00b0 p\u00f6\u00f6rlev klamber v\u00f5imaldab teil paigutada jalgratta oma vajadustele vastava t\u00e4iusliku nurga alla.<\/div><\/div><div class=\"section\"><div class=\"section-title\"><\/div><div class=\"section-img\"><img decoding=\"async\" src=\"\/vevor\/product\/ZXCWXZJGZLDSC784I\/bike-repair-stand-a100-2.3.jpg\" alt=\"VEVOR rattaparandusalus furnituur 1 &quot;-1.6&quot; torud, max ava 2&quot;, kummikihid, kuumt\u00f6\u00f6deldud detailid.\" \/><\/div><div class=\"section-mobile-img\"><img decoding=\"async\" src=\"\/vevor\/product\/ZXCWXZJGZLDSC784I\/bike-repair-stand-a100-2.3-m.jpg\" alt=\"VEVOR rattaparandusalus furnituur 1 &quot;-1.6&quot; torud, max ava 2&quot;, kummikihid, kuumt\u00f6\u00f6deldud detailid.\" \/><\/div><div class=\"section-desc\">Klambri avamise vahemik on reguleeritav, v\u00f5imaldades tal kinnitada jalgratta torud v\u00f5i erineva l\u00e4bim\u00f5\u00f5duga istmetorud kindlalt. Pingutage polte ja sees olev kummipadi tagab kindla haarde ilma jalgratta pinda kahjustamata.<\/div><\/div><div class=\"section\"><div class=\"section-title\"><\/div><div class=\"section-img\"><img decoding=\"async\" src=\"\/vevor\/product\/ZXCWXZJGZLDSC784I\/bike-repair-stand-a100-2.4.jpg\" alt=\"vevor-i rattaparandusalus paksendatud sambaga, libisemiskindel alus, mahutab maksimaalselt 80 naela koormust, roostekindel.\" \/><\/div><div class=\"section-mobile-img\"><img decoding=\"async\" src=\"\/vevor\/product\/ZXCWXZJGZLDSC784I\/bike-repair-stand-a100-2.4-m.jpg\" alt=\"vevor-i rattaparandusalus paksendatud sambaga, libisemiskindel alus, mahutab maksimaalselt 80 naela koormust, roostekindel.\" \/><\/div><div class=\"section-desc\">See jalgratta t\u00f6\u00f6alus on ehitatud suurte koormuste k\u00e4sitlemiseks, 80 naela kaalu kandva mahutavusega. Nad mahutavad laia valikut jalgrattaid, sealhulgas maastikurattaid, maastikurattaid ja enamikku elektrijalgrattaid. 4 jalaga libisemiskindel aluskonstruktsioon tagab stabiilse toe ilma soovimatu raputamiseta.<\/div><\/div><div class=\"section\"><div class=\"section-title\"><\/div><div class=\"section-img\"><img decoding=\"async\" src=\"\/vevor\/product\/ZXCWXZJGZLDSC784I\/bike-repair-stand-a100-2.5.jpg\" alt=\"VEVOR rattaparandusalus kokkupandava disainiga, kinnitusvarras stabiilsuse tagamiseks ja magnetiline t\u00f6\u00f6riistaalus ladustamiseks.\" \/><\/div><div class=\"section-mobile-img\"><img decoding=\"async\" src=\"\/vevor\/product\/ZXCWXZJGZLDSC784I\/bike-repair-stand-a100-2.5-m.jpg\" alt=\"VEVOR rattaparandusalus kokkupandava disainiga, kinnitusvarras stabiilsuse tagamiseks ja magnetiline t\u00f6\u00f6riistaalus ladustamiseks.\" \/><\/div><div class=\"section-desc\">Et veelgi parandada stabiilsust remondit\u00f6\u00f6de ajal, jalgrataste remont seista lisatud millega varras, mis v\u00f5ib olla fikseeritud, et juhtrauda v\u00f5i esirattal. See hoiab \u00e4ra k\u00f5ik ette-v\u00f5i tahapoole kallutades bike, tagades turvalise t\u00f6\u00f6keskkonna.<\/div><\/div><div class=\"section\"><div class=\"section-img\"><img decoding=\"async\" src=\"\/vevor\/product\/ZXCWXZJGZLDSC784I\/bike-repair-stand-a100-1.11.jpg\" alt=\"VEVOR rattaparandusalus tqxl-03, mille k\u00f5rgusvahemik, m\u00f5\u00f5tmed ja tarvikud on v\u00e4lja pandud.\" \/><\/div><div class=\"section-mobile-img\"><img decoding=\"async\" src=\"\/vevor\/product\/ZXCWXZJGZLDSC784I\/bike-repair-stand-a100-1.11-m.jpg\" alt=\"VEVOR rattaparandusalus tqxl-03, mille k\u00f5rgusvahemik, m\u00f5\u00f5tmed ja tarvikud on v\u00e4lja pandud.\" \/><\/div><\/div><\/div><\/body><\/html><\/div>\n<div class=\"DM_at-title\" id=\"js-DM_at-title\"> <div>Toote spetsifikatsioon<\/div> <i class=\"icon-arrowup_line\"><\/i> <\/div><div class=\"DM_at-goodsDescAttr\" id=\"js-DM_at-goodsDescAttr\"> <div class=\"DM_at-goodsDescAttrInner\"> <dl class=\"goodsDesc_item goodsDesc_item_even\"> <dt>Punkt Mudeli Number<\/dt> <dd> TQXL-03<\/dd> <\/dl> <dl class=\"goodsDesc_item\"> <dt>Materjal<\/dt> <dd> Teras<\/dd> <\/dl> <dl class=\"goodsDesc_item goodsDesc_item_even\"> <dt>Maks. Kandev\u00f5ime<\/dt> <dd> 80 naela\/36,3 kg<\/dd> <\/dl> <dl class=\"goodsDesc_item\"> <dt>Tugijalad<\/dt> <dd> 4<\/dd> <\/dl> <dl class=\"goodsDesc_item goodsDesc_item_even\"> <dt>Toote M\u00f5\u00f5tmed<\/dt> <dd> 41,3\u00d741,3\u00d738,3 tolli\/1050\u00d71050\u00d71973 mm<\/dd> <\/dl> <dl class=\"goodsDesc_item\"> <dt>K\u00f5rgus Vahemik<\/dt> <dd> 42,5-74,8 tolli\/1079,5-1900 mm<\/dd> <\/dl> <dl class=\"goodsDesc_item goodsDesc_item_even\"> <dt>U-Ava Vahemik<\/dt> <dd> 1-1,6 tolli\/25-40 mm<\/dd> <\/dl> <dl class=\"goodsDesc_item\"> <dt>Maksimaalne Ava Suurus<\/dt> <dd> 2 tolli\/50 mm<\/dd> <\/dl> <dl class=\"goodsDesc_item goodsDesc_item_even\"> <dt>Neto Kaal<\/dt> <dd> 15,3 naela\/6,94 kg<\/dd> <\/dl> <\/div> <\/div>","protected":false},"excerpt":{"rendered":"<ul>\n<li> 80 naela suur kandev\u00f5ime: valmistatud raskeveokite mitteroosteterasest, millel on paks kolonni l\u00e4bim\u00f5\u00f5t, on rattaparandusstendil maksimaalne kandev\u00f5ime 80 naela (36,3 kg). Nelja jalaga libisemiskindel alus pakub stabiilset tuge, tagades, et see suudab toetada laia valikut jalgrattaid, sealhulgas maastikurattaid, maastikurattaid, kokkupandavaid jalgrattaid ja enamikku elektrirattaid. M\u00e4rkus: enne ratta kinnitamist laiendage jalgrattaparandusstend t\u00e4ielikult ja eemaldage jalgratas alati enne rattat\u00f6\u00f6stendi \u00fcmberpaigutamist. <\/li>\n<li> Reguleeritav k\u00f5rgus: reguleerige kiiresti k\u00f5rgust vahemikus 42,5 kuni 74,8 tolli\/1079,5 kuni 1900 mm. \u00dcksk\u00f5ik, kas eelistate t\u00f6\u00f6tada istudes v\u00f5i seistes, teleskoopalus sobib teie eelistatud t\u00f6\u00f6asendiga. Jalgratta hooldusalus sobib suurep\u00e4raselt rehvide vahetamiseks, keti m\u00e4\u00e4rimiseks, kokkupanekuks ja muudeks hooldust\u00f6\u00f6deks ilma selja v\u00f5i kaela pingutamata. <\/li>\n<li> 360\u00b0 p\u00f6\u00f6rlev klamber: Uuendatud reguleeritav klamber kuumt\u00f6\u00f6deldud riistvaraosadega pakub mitmek\u00fclgset avamisvahemikku 1-1,6 tolli\/25-40 mm ja maksimaalset ava suurust 2 tolli\/50 mm. Saate kindlalt kinnitada erineva l\u00e4bim\u00f5\u00f5duga jalgrattatorusid v\u00f5i istmevardaid ja p\u00f6\u00f6rata klambrit 360\u00b0 optimaalse positsioneerimise jaoks hoolduse ajal. M\u00e4rkus: veenduge, et ratta raskuskese on fikseeritud, et v\u00e4ltida juhuslikke kukkumisi. <\/li>\n<li> Millega Varraste Stabiilsus: kehtestamise rod funktsioone kaks paindlik kindlaksm\u00e4\u00e4ramise meetodid \u2013 see v\u00f5ib olla lisatud juhtrauda v\u00f5i esiratta. Siduv rihma mitu augud parandab tasakaalu oma jalgratta kohta seisma, v\u00e4ltides tarbetut kuulub v\u00e4risemine ja hoolduse k\u00e4igus. <\/li>\n<li> Magnetic Tool Tray &amp; Compact Storage: Rattamehaanika alus sisaldab magnetilist t\u00f6\u00f6riista alust v\u00e4ikeste rattaparandust\u00f6\u00f6riistade mugavaks korraldamiseks hoolduse ajal. Magnetiline disain tagab, et t\u00f6\u00f6riistad p\u00fcsivad paigal. Kui seda ei kasutata, saab rattaaluse kiiresti kokku voltida ja hoiustada teie garaa\u017eis v\u00f5i pagasiruumis, v\u00f5ttes minimaalselt ruumi. <\/li>\n<\/ul>","protected":false},"featured_media":284243,"comment_status":"closed","ping_status":"open","template":"","meta":{"om_disable_all_campaigns":false,"_uf_show_specific_survey":0,"_uf_disable_surveys":false},"location":[1935,1934],"product_brand":[21],"product_cat":[133,3754,3755,2497],"product_tag":[],"class_list":{"0":"post-27001","1":"product","2":"type-product","3":"status-publish","4":"has-post-thumbnail","6":"location-supplier_stock_location","7":"location-local_stock_location","8":"product_brand-vevor","9":"product_cat-automotive","10":"product_cat-bike-racks-cargo-carriers","11":"product_cat-bike-repair-stand","12":"product_cat-cargo-carriers","14":"first","15":"instock","16":"taxable","17":"shipping-taxable","18":"purchasable","19":"product-type-simple"},"aioseo_notices":[],"locations":[{"id":1935,"name":"Pieg\u0101d\u0101t\u0101ja noliktav\u0101 (5-7dd)","slug":"supplier_stock_location","quantity":"142"},{"id":1934,"name":"R\u012bgas veikal\u0101 (0-2d.d.)","slug":"local_stock_location","quantity":"0"}],"_links":{"self":[{"href":"https:\/\/vevorshop.lv\/et\/wp-json\/wp\/v2\/product\/27001","targetHints":{"allow":["GET"]}}],"collection":[{"href":"https:\/\/vevorshop.lv\/et\/wp-json\/wp\/v2\/product"}],"about":[{"href":"https:\/\/vevorshop.lv\/et\/wp-json\/wp\/v2\/types\/product"}],"replies":[{"embeddable":true,"href":"https:\/\/vevorshop.lv\/et\/wp-json\/wp\/v2\/comments?post=27001"}],"wp:featuredmedia":[{"embeddable":true,"href":"https:\/\/vevorshop.lv\/et\/wp-json\/wp\/v2\/media\/284243"}],"wp:attachment":[{"href":"https:\/\/vevorshop.lv\/et\/wp-json\/wp\/v2\/media?parent=27001"}],"wp:term":[{"taxonomy":"location","embeddable":true,"href":"https:\/\/vevorshop.lv\/et\/wp-json\/wp\/v2\/location?post=27001"},{"taxonomy":"product_brand","embeddable":true,"href":"https:\/\/vevorshop.lv\/et\/wp-json\/wp\/v2\/product_brand?post=27001"},{"taxonomy":"product_cat","embeddable":true,"href":"https:\/\/vevorshop.lv\/et\/wp-json\/wp\/v2\/product_cat?post=27001"},{"taxonomy":"product_tag","embeddable":true,"href":"https:\/\/vevorshop.lv\/et\/wp-json\/wp\/v2\/product_tag?post=27001"}],"curies":[{"name":"wp","href":"https:\/\/api.w.org\/{rel}","templated":true}]}}