{"id":27260,"date":"2024-11-18T17:44:10","date_gmt":"2024-11-18T17:44:10","guid":{"rendered":"http:\/\/vevorshop.edigo.lv\/Prece\/vevor-landscape-rake-915mm-head-aluminum-landscape-rake-lake-weed-rake-with-1915mm-long-handle-for-loosening-soil-lawn-care-weeding-lake-garden-pond\/"},"modified":"2026-04-06T13:37:20","modified_gmt":"2026-04-06T10:37:20","slug":"vevor-landscape-rake-915mm-head-aluminum-landscape-rake-lake-weed-rake-with-1915mm-long-handle-for-loosening-soil-lawn-care-weeding-lake-garden-pond","status":"publish","type":"product","link":"https:\/\/vevorshop.lv\/et\/Prece\/vevor-landscape-rake-915mm-head-aluminum-landscape-rake-lake-weed-rake-with-1915mm-long-handle-for-loosening-soil-lawn-care-weeding-lake-garden-pond\/","title":{"rendered":"VEVOR 915mm alumiiniumist maastiku- ja j\u00e4rveriiv 1915mm varrega, 37 piid pinnase, muru ja tiigi puhastuseks"},"content":{"rendered":"<div style=\"color: #fff!important; font-size: 16px; height: 24px; line-height: 24px; margin-top: -24px; \" class=\"product_original_name\">VEVOR Landscape Rake, 915mm Head Aluminum Landscape Rake, Lake Weed Rake with 1915mm Long Handle, for Loosening Soil, Lawn Care, Weeding Lake, Garden, Pond<\/div>\n<div style=\"color: #fff!important; font-size: 16px; height: 24px; line-height: 24px; margin-top: -24px; \" class=\"product_sku\">M4I4KWM5<\/div>\n<div style=\"color: #fff!important; font-size: 16px; height: 24px; line-height: 24px; margin-top: -24px; \" class=\"product_mpn\">ZCLQPLHJ36INUFPURV0<\/div><div id=\"js-DM_at-goodDescRich\"><html><head><style>  body {    font-family: Arial;    line-height: 1.5;    color: #1c1c1c;    overflow-x: hidden;    margin: 0;    padding: 0;  }  .MsoNormal b {    font-weight: bolder;  }<\/style><style>  .container.small {    width: 970px;    margin: 0 auto;  }  .logo {    margin: 0 auto 0;  }  .logo img {    display: block;    margin: 0 auto;    max-width: 100%;  }  .logo .pc-banner {    display: block;    width: 1200px;    height: 247.4px;    margin: 0 auto;  }  .logo .pc-banner.small {    width: 970px;  }  .logo .pc-banner.small img {    height: auto!important;  }  .logo .m-banner {    display: none;  }  .ytvideo {    position: relative;    height: 546px;    width: 100%;    margin: 0 auto;  }  .ytvideo img {    width: 100%;    margin: 0 auto;  }  .ytvideo .play-btn {    width: 60px;    height: 42px;    position: absolute;    top: 50%;    left: 50%;    transform: translate(-50%, -50%);    background: url(\"data:image\/png;base64,iVBORw0KGgoAAAANSUhEUgAAAGQAAABGCAMAAAANWMFbAAAC+lBMVEUAAADBGB3kLCfBGB3kLCfcJC7BFx3KKSbiKybkLCbWJCPSIiLSIiLPICHAFx3kLCfgKSXNHiDZJiTIGx\/p4eHcjo7LHSDbJyTkLCbjKyfOHyHPIiL28fHJHB\/GGh7EGR7eKCXDGB3RISHlLSbBGB3AFxzGHB7DGB7BGB3hKybkKybAFx3lLCfAFxzDGR3hKibDGB7cJyTmz8\/elJTlwcHjurrUIyLlLSflLSfAFx3DGR7lLSfCFx3hKibhKibhKybjKybkLCblLSfbJSX49vbx7e3NNzjNMTLMJyjVIyLZf3\/ZQ0LaeHjx0tLgoqLkLCfCGB3HGx\/BGB3BFx3PICHCGB7WJCLOHyC\/Fxy\/Fx3lLCfQISHkLSe\/FxzbJiTBFx3FGx\/AGB7BFx3EGR7AGB3HHSDfKiXAFh3TISHYNzbhKibbJyTTIiL57e325+f039\/v2NjUV1fOHiHiqanfmprch4feKSXVIyPOICHmLibFGh\/mLSe\/Fx7XJCPeKSXXJSPNHyHaJyTGGh7lLCbmLCflLSjSIiLkLCbdKSXLHiC\/GB3KHh++Fh3lKyfoLiXcKCPkx8fYb2\/XaGfVXl3aU1LLHiDksbHgKibPICHbJyTfKSXbJyTCGB3KHSDiKybFGh7TIiL\/\/\/\/VIyPRISHIHB\/GGx\/HHB\/DGR7gKibdKCXLHiDZJiTMHiDNHyHYJSTOICHPICHWJCPcKCXXJSPjLCblLCf+\/f3NGR\/uLijzLynPGR\/IGB7WISHaIyLLGh7UAADxLynNAADRLzDbICLQAADIAAD3MCrUHSHXMTDpKSbLAADp5OTij4\/ejo\/VLy\/1LyngJSTcJCPQHx\/OHB7+\/PzaMS\/OLS\/vLijrLSjSAADaNTPwLyjkKSbNJCbYISHPHB\/KGB7WAAD7+vrn3d3aKynTKCjoLCfsKifRGh\/YAADq5+fhjo7QNDXXKCfmJyXt5+fTLzDLLi\/QKivYHRvMGBrQJCXLISPMExXLDxLaEAvkkI\/bOTfaFQ\/SCgpvLcnHAAAAmnRSTlMA+vv7+gT9Bvf9+8z8\/NSv\/Pr5+P7++vnQIBMP\/v38\/Pn348XDiCYf9OjbzcqxXVcx\/fz8+\/rj1r2poo1+fXFqX0orGP7+\/v7+\/fz8+\/r68uzn4trIxsG\/vri3p6GcmZSNbWVYUUZEPQv+\/f39+\/v7+\/v7+vr64tvV1NTTz87FtbSurqeblJKFg4B3bUY+NjL7+\/v7+\/v67t1cDo8JLQAABkRJREFUWMO0kz9rwkAYh0OIeJkum6YugUAhISCdKoj\/P4C7SMdS+gEKIhSKil10LSg4mzXkILdlEpxCpwTiWOLX6BujvQaEQuGeHLnL+\/64J+SIcKGYTYWnntpdLjrVdqvZmNdn0+EE40GtpuuWVS6Xx6N7YDSGpWXpeq02wHgynM7q80az1a52HpddtVcpsi1zFARBrdaxbhp9iUReTGmwA4KAAr7vx3EYejnCMI6hQYEgy0LQi4jUN0wL19vqFcUC9\/1dAKmEEFkWRYkh5oBejnxQJiSJPJ\/uKBp0Thszx9Mw8hMRIQjKsptCfuES9zr5WJY6vSFCIvE9fCMUmEM1A1kSXcYGxgVYsvI1IPKTZciSTI0us\/SMGG04gDzELDoFBwdcFJrF88dqgYMTiL6DILWYyfOWE8\/kIz38olCNlC03FK95+imxp6y4oUSvAnBjHHhKNtotSDqJzVFiK8c2SBqhZtsrTtgrLXwAyduxZHNE26eHUt5rtuM4WSmds3G+sUdWYo1L+XyxButoh5eKUHk5lByO3G1LqqCWVnfrv\/lyPtf\/4ps1cndNGIri8J1TJ0lx6dR\/oPjq1nbRwdp2dCk4CtIOLW3pVKRL6WZfS5vF2KkIQhpwSsjiYIgNCs1gEMGqiIq24NQX9NwoXFy8Ufrl3twTcg4fv8T9\/JBEySduj6Mjm4bMzYV7EEOxKjjoNDud7yY3Dy71Hq2oLmqfbNR723edH9PgMrNL2utoQ3VmaIDkiw\/4w51P06hlZsTZvkRrbVuSIs\/zwSOsycgzStQouoAkWQqioRT5XI7n2Z1wfVhoZmcAJLsoqjqpjbWCgpOAJXBwHK8PzWbNvoUZJND5wCnSkLAkZ1legx6vqQzjoiTahKlGUGLAiIIoABOHaNVw4sexZBym6\/HWlH5h3IC7yRbxtipcWxdTOkORKiNQAEkFf66x5S2oeRbroOlLgg0sSYkR0hRGEqJZ0jTPiQKatESdBckpWigxaapEH0lImHdWu9pUFF2XqMNM2Z4kped7IwEJw2qabwtrQqnpw6HyKkgcadKWsmpywwesDyIhYRpdzXddqegtGIJlXbAIUMOLkGxJUjRIkokwjUaX9d\/kK62ps\/tYUqZLIMkLTyBhsMZ3C5Z\/kDxOSCb\/DOs\/\/J0qcWSX\/2ipe56EgTCA4\/cB7NAYOsni4mZM1MUPAISoEwkDi4lhVBQ1cWQyIcwalw4EpqZN68JUSK7XC0kTlkLYii5uXSC8jT5ncCAS7mjCv0uHp\/3lueHEEAeQ\/\/VgmdN71\/2uCSA1Xr6DO6uI6sW56zqT2tp2PhgiRUAajV8CY2fkcz6WGNKMgLAt7tJAhD4YHMTeRxlALE6+43WqjSWi8ITxyJl8WrwWSNESQZZOqhDDntO3hJLsd5RtSpbJqdv3YrDJH3F7jL1R2O2aQkn2MyCyKYz0GPGIvSAMgBCrCEiJyKbBaYGwLW4uPRr0A0M4Ux5kUI7IBh+hMdiCEWNqhMZGyYMsOgNE58UQuEQeUnSWCMYwL54hkxK6IoqucQZbQ3pc3XtL0lky1dL0zZJJDpWJovFqpWj6JEHnyam2eQp5QRVAVHjWparTOaVwUOx99YS2MvgxIGV0bb+qIg2HX2qkFFJB+XZcbLiuRkuxD9GRroKyveLxdh4d7Orx+hb7qc3uVRuEogCOnyIxm4ubUoPgF4jianDrC+SDQDKEfJb0GUKmjCGPYHGJvVC6X4hw1\/sAfQAdfYyephIaspXe36RwOP+Ljvfx9B6B3i+Nk0DGq+oCbLn6JpBa9nWAveAIHwFAwtVcIJXPMPL8kRu5OAYPMaL1WScTxjiZDqB9LTJSWphow\/pTYKRTLjCBhvi9iBidvKcDasGSm0QQkycYuLBqj6QCELPctqChDWpTRMWkngNNpQ1Pfp1KkiT\/Y0DGffXAweUNfLAfaJFKDwhb6I+bkYRbkERoEeu3Fyjg2opMz2daZCS9jt6Q7txNfB+OZEVF6Zl5web2xunnLQrtrjXseXKaFYziYINeMFZVxS9VxRhOoesYwxPKXm+gWLG9cuFeq93UNNeJNsf1KlwuDok9n02n3TgIJpOxNfL9naIoQwXtfH9kjceTIIi709ncTg6LZbg+biLH1V6u\/7rxBem06VXKn9raAAAAAElFTkSuQmCC\")      no-repeat center center \/ contain;  }  @media screen and (max-width: 960px) and (orientation: portrait) {    .logo {      width: 100%;    }    .logo .pc-banner {      display: none;    }    .logo .m-banner {      display: block;      width: 100%;    }    .logo .m-banner img {      height: auto!important;    }    .ytvideo {      height: 200px;      width: 100%;    }  }<\/style><style>  .video-section {    width: 100%;    margin: 0 auto;  }  .video-section > img {    width: 100%;  }  .video-section iframe,  .video-section video {    width: 100%;    height: 100%;      }  .video-section-img-m,  .video-section-img-pc > img {    width: 100%;    height: auto;  }  .video-section-img-pc.small > img {    width: 970px;  }  .video-desc {    line-height: 1.5;    font-size: 20px;    font-weight: 400;    margin: 20px 0;    text-align: center;    color: #0f1111;    word-break: break-word;  }  @media screen and (max-width: 960px) and (orientation: portrait) {    .video-section {      width: 100%;    }    .video-section-pc,    .video-section-img-pc {      display: none;    }    .video-section-m,    .video-section-img-m {      display: block;    }    .video-desc {      font-size: 15px;    }  }  @media screen and (min-width: 960px) {    .video-section {      width: 100%;      margin: 0 auto;    }    .video-section-pc,    .video-section-img-pc {      display: block;    }    .video-section-m,    .video-section-img-m {      display: none;    }    .video-desc {      font-size: 20px;    }  }<\/style><style>  .section + .section {    margin-top: 35px;  }  .section-title {    text-align: center;    font-weight: bold;    color: #0d1111;    font-family: \"Arial\";    font-size: 32px;    margin: 15px 0;  }  .section-title:empty {    display: none;  }  .section-desc {    text-align: center;    font-weight: normal;    color: #0d1111;    margin-top: 20px;  }  .section-desc:empty {    display: none;  }  .section-img {    width: 1200px;    height: 492px;    margin: 0 auto;    display: block;  }  .section-img.small {    width: 970px;    height: auto;  }  .section-img.small > img {    height: auto;  }  .section-img > img {    width: 100%;    height: 100%;  }  .section-mobile-img {    display: none;    max-width: 100vw;    max-height: 75vw;    height: 450px;    margin: 0 auto;  }  .section-mobile-img > img {    width: 100%;    height: 100%;  }  @media screen and (max-width: 960px) and (orientation: portrait) {    .container {      width: 100%;    }    .container.small {      width: 100%;    }    .section-mobile-img {      display: block;    }    .section-img {      display: none;    }    .section-title {      font-size: 22px;      margin: 10px 0;    }    .section-desc {      margin-top: 10px;    }    .section + .section {      margin-top: 20px;    }  }<\/style><\/head><body><div class=\"container\"><div class=\"logo\"><div class=\"pc-banner\"><div><img decoding=\"async\" src=\"\/vevor\/vevor\/boutique-banner\/pc\/en-pc@1x.jpg\" style=\"width: 100%;\" \/><\/div><\/div><div class=\"m-banner\"><div><img decoding=\"async\" src=\"\/vevor\/vevor\/boutique-banner\/mobile\/en-m@1x.jpg\" style=\"width: 100%;\" \/><\/div><\/div><\/div><div class=\"section-title\">Maastiku Rake 75&#034; Pikendatud K\u00e4epidemega<\/div><div class=\"video-section\"><div class=\"video-section-img-pc\"><img decoding=\"async\" src=\"\/vevor\/product\/ZCLQPLHJ36INUFPUR\/landscape-rake-a100-1.4.jpg\" alt=\"VEVOR maastiku reha kasutada basseini puhastus 75-tolline pikk k\u00e4epide ja pikendada puhastamine vahemikus.\" \/><\/div><div class=\"video-section-img-m\"><img decoding=\"async\" src=\"\/vevor\/product\/ZCLQPLHJ36INUFPUR\/landscape-rake-a100-1.4-m.jpg\" alt=\"VEVOR maastiku reha kasutada basseini puhastus 75-tolline pikk k\u00e4epide ja pikendada puhastamine vahemikus.\" \/><\/div><div class=\"section-desc\">Compared to the standard 67\" type, the 75\" extended handle landscape rake enlarges the scope of cleaning. Whether it's the ground, the surface of a lake, or high places, you can effortlessly reach the desired cleaning area without bending over or stooping.<\/div><\/div><div class=\"section\"><div class=\"section-title\"><\/div><div class=\"section-img\"><img decoding=\"async\" src=\"\/vevor\/product\/ZCLQPLHJ36INUFPUR\/landscape-rake-a100-2.2.jpg\" alt=\"VEVOR maastiku rake 36&#034; pii kasutada maaparandust\u00f6\u00f6d, asfalt, sillutis, pr\u00fcgi riisub, ja rohkem.\" \/><\/div><div class=\"section-mobile-img\"><img decoding=\"async\" src=\"\/vevor\/product\/ZCLQPLHJ36INUFPUR\/landscape-rake-a100-2.2-m.jpg\" alt=\"VEVOR maastiku rake 36&#034; pii kasutada maaparandust\u00f6\u00f6d, asfalt, sillutis, pr\u00fcgi riisub, ja rohkem.\" \/><\/div><div class=\"section-desc\">With a 36\" tine length, 0.31\" tine width, and 37 tines, this lake rake lets you capture more debris in a single pass, saving you time and effort. The 75\" non-slip handle ensures that you won't need to bend over or crouch excessively, making it easy to tackle extensive cleaning areas.<\/div><\/div><div class=\"section\"><div class=\"section-title\"><\/div><div class=\"section-img\"><img decoding=\"async\" src=\"\/vevor\/product\/ZCLQPLHJ36INUFPUR\/landscape-rake-a100-2.3.jpg\" alt=\"4-sammu lihtne paigaldus juhend VEVOR maastiku rake ilmuvate juhiste ja m\u00e4rgistatud samme.\" \/><\/div><div class=\"section-mobile-img\"><img decoding=\"async\" src=\"\/vevor\/product\/ZCLQPLHJ36INUFPUR\/landscape-rake-a100-2.3-m.jpg\" alt=\"4-sammu lihtne paigaldus juhend VEVOR maastiku rake ilmuvate juhiste ja m\u00e4rgistatud samme.\" \/><\/div><div class=\"section-desc\">Enam vaeva keerukate assamblee samme. Kasutajas\u00f5bralik disain tagab kiire setup. Kevad-lukk, kiire montaa\u017e mehhanism, mis v\u00f5imaldab teil kergesti kohandada pikkus kaks taset, et kohtuda erinevate t\u00f6\u00f6kohtade n\u00f5uetele.<\/div><\/div><div class=\"section\"><div class=\"section-title\"><\/div><div class=\"section-img\"><img decoding=\"async\" src=\"\/vevor\/product\/ZCLQPLHJ36INUFPUR\/landscape-rake-a100-2.4.jpg\" alt=\"VEVOR maastiku reha, turvaline rake juhataja anti-alla kruvid, t\u00f5sta-t\u00f5end k\u00e4epide kindel haare.\" \/><\/div><div class=\"section-mobile-img\"><img decoding=\"async\" src=\"\/vevor\/product\/ZCLQPLHJ36INUFPUR\/landscape-rake-a100-2.4-m.jpg\" alt=\"VEVOR maastiku reha, turvaline rake juhataja anti-alla kruvid, t\u00f5sta-t\u00f5end k\u00e4epide kindel haare.\" \/><\/div><div class=\"section-desc\">Whether you're a novice or an experienced user, this pond rake helps you control the cleaning range and depth with ease. The slip-proof triangular handle ensures stability during operation, enabling you to handle various tasks with confidence.<\/div><\/div><div class=\"section\"><div class=\"section-title\"><\/div><div class=\"section-img\"><img decoding=\"async\" src=\"\/vevor\/product\/ZCLQPLHJ36INUFPUR\/landscape-rake-a100-2.5.jpg\" alt=\"k\u00f5ik ilm kasutada meelerahu, banner, mis n\u00e4itavad, puhas j\u00e4rv ja asfalt, sillutis alusel p\u00e4ike.\" \/><\/div><div class=\"section-mobile-img\"><img decoding=\"async\" src=\"\/vevor\/product\/ZCLQPLHJ36INUFPUR\/landscape-rake-a100-2.5-m.jpg\" alt=\"k\u00f5ik ilm kasutada meelerahu, banner, mis n\u00e4itavad, puhas j\u00e4rv ja asfalt, sillutis alusel p\u00e4ike.\" \/><\/div><div class=\"section-desc\">H\u00fcvasti t\u00f6\u00f6tlemata servad. Sile alumiinium sulam, mis tagab mugava haarde tagades vastupidavuse. Oma vee-ja kriimustuskindel omadused teevad meie asfalt reha on endiselt vastupidav ja usaldusv\u00e4\u00e4rne isegi pikaajaliseks v\u00e4listingimustes kasutamiseks.<\/div><\/div><div class=\"section\"><div class=\"section-img\"><img decoding=\"async\" src=\"\/vevor\/product\/ZCLQPLHJ36INUFPUR\/landscape-rake-a100-1.11.jpg\" alt=\"VEVOR maastiku reha, mudeli cy-sf13, alumiinium, 37 hambad, 1915 x 914 x 100mm m\u00f5\u00f5tmed.\" \/><\/div><div class=\"section-mobile-img\"><img decoding=\"async\" src=\"\/vevor\/product\/ZCLQPLHJ36INUFPUR\/landscape-rake-a100-1.11-m.jpg\" alt=\"VEVOR maastiku reha, mudeli cy-sf13, alumiinium, 37 hambad, 1915 x 914 x 100mm m\u00f5\u00f5tmed.\" \/><\/div><\/div><\/div><\/body><\/html><\/div>\n<div class=\"DM_at-title\" id=\"js-DM_at-title\"> <div>Toote spetsifikatsioon<\/div> <i class=\"icon-arrowup_line\"><\/i> <\/div><div class=\"DM_at-goodsDescAttr\" id=\"js-DM_at-goodsDescAttr\"> <div class=\"DM_at-goodsDescAttrInner\"> <dl class=\"goodsDesc_item goodsDesc_item_even\"> <dt>Punkt Mudeli Number<\/dt> <dd> CY-SF13<\/dd> <\/dl> <dl class=\"goodsDesc_item\"> <dt>Toote Suurus<\/dt> <dd> 75.39&#034; x 35.98&#034; x 3.94&#034;\/1915 x 914 x 100 mm<\/dd> <\/dl> <dl class=\"goodsDesc_item goodsDesc_item_even\"> <dt>Materjal<\/dt> <dd> Alumiinium<\/dd> <\/dl> <dl class=\"goodsDesc_item\"> <dt>Neto Kaal<\/dt> <dd> 3.53 kb\/1,6 kg<\/dd> <\/dl> <dl class=\"goodsDesc_item goodsDesc_item_even\"> <dt>Rake Juhataja Suurus<\/dt> <dd> 36.02&#034; x 3.94&#034; x 1.38&#034;\/915 x 100 x 35 mm<\/dd> <\/dl> <dl class=\"goodsDesc_item\"> <dt>Arv, Hammaste<\/dt> <dd> 37 hambad, Hamba Paksus<\/dd> <\/dl> <dl class=\"goodsDesc_item goodsDesc_item_even\"> <dt>K\u00e4epideme Suurus<\/dt> <dd> \u03c6 1.09&#034; x75&#034;\/ \u03c6 27.8 x 1905 mm<\/dd> <\/dl> <\/div> <\/div>","protected":false},"excerpt":{"rendered":"<ul>\n<li> Versatile for Land &#038; Water: Whether leveling road edges, clearing pond leaves, tidying garden weeds, or even cleaning floating debris in pools, our landscape rake performs well in all tasks. <\/li>\n<li> Laiendatud Puhastus J\u00f5uda: Featuring 36&#034; piide pikkus, 0.31&#034; pii laius 37 piid, meie j\u00e4rve weed reha vaevata k\u00e4epidemed lehed, kivid, rohi, ja ujuvad objektid. 75&#034; mittelibiseva k\u00e4epidemega, seda t\u00f5husalt tegeleb ulatuslik puhastus t\u00f6\u00f6kohti. <\/li>\n<li> Vaevatu 3-Astmeline Seadistus: Featuring kevad-lukk kiire montaa\u017e disain, j\u00e4rve reha pakub lihtsat 2-tasandil pikkus kohandamise, et see sobiks erinevate vajadustega. Kui seda ei kasutata, saab kiiresti lahti see kompaktne ladustamine v\u00e4ikesed ruumid. <\/li>\n<li> 3 Hoolivad Kujundused: libisemine-t\u00f5end kolmnurkne k\u00e4epide tagab kindla haarde ajal puhastamise protsess, mis takistab libisemise. Ei ole vaja muretseda reha pea kaotada, sest anti-lahti kruvi. Kevad-luku mehhanism on algaja s\u00f5bralik, v\u00f5imaldab lihtsat demonteerimist v\u00f5i kokkupanek lihtne vajutage. <\/li>\n<li> Tugeva Alumiinium: Ehitatud taluma erinevaid tingimusi, meie vastupidav tiik reha uhke veekindel, k\u00f5rge temperatuuritaluvus, ja anti-scratch funktsioone. Trahvi viimistletud tagab sujuva, burr-vaba pind, pakkudes usaldusv\u00e4\u00e4rse ja turvalise kasutuskogemuse. <\/li>\n<\/ul>","protected":false},"featured_media":284639,"comment_status":"closed","ping_status":"open","template":"","meta":{"om_disable_all_campaigns":false,"_monsterinsights_skip_tracking":false,"_monsterinsights_sitenote_active":false,"_monsterinsights_sitenote_note":"","_monsterinsights_sitenote_category":0,"_uf_show_specific_survey":0,"_uf_disable_surveys":false},"location":[1935,1934],"product_brand":[21],"product_cat":[3763,2370,2592,3609,3611,2365,3610],"product_tag":[],"class_list":{"0":"post-27260","1":"product","2":"type-product","3":"status-publish","4":"has-post-thumbnail","6":"location-supplier_stock_location","7":"location-local_stock_location","8":"product_brand-vevor","9":"product_cat-asphalt-rake-landscaping-rakes-rakes","10":"product_cat-garden-center","11":"product_cat-garden-tools-garden-center","12":"product_cat-gardening-tools","13":"product_cat-landscaping-rakes-rakes","14":"product_cat-outdoors","15":"product_cat-rakes","17":"first","18":"instock","19":"taxable","20":"shipping-taxable","21":"purchasable","22":"product-type-simple"},"aioseo_notices":[],"jetpack_sharing_enabled":true,"locations":[{"id":1935,"name":"Pieg\u0101d\u0101t\u0101ja noliktav\u0101 (5-7d.d.)","slug":"supplier_stock_location","quantity":"171"},{"id":1934,"name":"R\u012bgas veikal\u0101 (0-2d.d.)","slug":"local_stock_location","quantity":"0"}],"_links":{"self":[{"href":"https:\/\/vevorshop.lv\/et\/wp-json\/wp\/v2\/product\/27260","targetHints":{"allow":["GET"]}}],"collection":[{"href":"https:\/\/vevorshop.lv\/et\/wp-json\/wp\/v2\/product"}],"about":[{"href":"https:\/\/vevorshop.lv\/et\/wp-json\/wp\/v2\/types\/product"}],"replies":[{"embeddable":true,"href":"https:\/\/vevorshop.lv\/et\/wp-json\/wp\/v2\/comments?post=27260"}],"wp:featuredmedia":[{"embeddable":true,"href":"https:\/\/vevorshop.lv\/et\/wp-json\/wp\/v2\/media\/284639"}],"wp:attachment":[{"href":"https:\/\/vevorshop.lv\/et\/wp-json\/wp\/v2\/media?parent=27260"}],"wp:term":[{"taxonomy":"location","embeddable":true,"href":"https:\/\/vevorshop.lv\/et\/wp-json\/wp\/v2\/location?post=27260"},{"taxonomy":"product_brand","embeddable":true,"href":"https:\/\/vevorshop.lv\/et\/wp-json\/wp\/v2\/product_brand?post=27260"},{"taxonomy":"product_cat","embeddable":true,"href":"https:\/\/vevorshop.lv\/et\/wp-json\/wp\/v2\/product_cat?post=27260"},{"taxonomy":"product_tag","embeddable":true,"href":"https:\/\/vevorshop.lv\/et\/wp-json\/wp\/v2\/product_tag?post=27260"}],"curies":[{"name":"wp","href":"https:\/\/api.w.org\/{rel}","templated":true}]}}