{"id":28470,"date":"2024-11-18T18:44:24","date_gmt":"2024-11-18T18:44:24","guid":{"rendered":"http:\/\/vevorshop.edigo.lv\/Prece\/vevor-canvas-bell-tent-4-seasons-3-m-9-8ft-yurt-tent-canvas-tent-for-camping-with-stove-jack-breathable-tent-holds-up-to-4-people-family-camping-outdoor-hunting-party\/"},"modified":"2026-04-24T01:13:02","modified_gmt":"2026-04-23T22:13:02","slug":"vevor-canvas-bell-tent-4-seasons-3-m-9-8ft-yurt-tent-canvas-tent-for-camping-with-stove-jack-breathable-tent-holds-up-to-4-people-family-camping-outdoor-hunting-party","status":"publish","type":"product","link":"https:\/\/vevorshop.lv\/et\/Prece\/vevor-louend-kella-telk-4-hooajad-3-m-9-8-ft-jurta-telk-louend-telk-telkimiseks-pliidi-tungrauaga-hingav-telk-mahutab-kuni-4-inimest-pere-telkimine-oues-jahipidu\/","title":{"rendered":"VEVOR 3m 4 aastaaja puuvillane kelltelk ahjuavaga, veekindel ja hingav jurt 4 inimesele, pere telkimiseks"},"content":{"rendered":"<div style=\"color: #fff!important; font-size: 16px; height: 24px; line-height: 24px; margin-top: -24px; \" class=\"product_original_name\">VEVOR l\u00f5uendi kellatelk, 4 hooaega 3 m\/9,8 jalga jurtatelk, l\u00f5uenditelk pliidiplaadiga telkimiseks, hingav telk mahutab kuni 4 inimest, pere telkimine v\u00e4lijahipidu<\/div>\n<div style=\"color: #fff!important; font-size: 16px; height: 24px; line-height: 24px; margin-top: -24px; \" class=\"product_sku\">M4I4KY9A<\/div>\n<div style=\"color: #fff!important; font-size: 16px; height: 24px; line-height: 24px; margin-top: -24px; \" class=\"product_mpn\">FBZXZP3MMGBZ2X4C2V0<\/div><div id=\"js-DM_at-goodDescRich\"><html><head><style>  body {    font-family: Arial;    line-height: 1.5;    color: #1c1c1c;    overflow-x: hidden;    margin: 0;    padding: 0;  }  .MsoNormal b {    font-weight: bolder;  }<\/style><style>  .container.small {    width: 970px;    margin: 0 auto;  }  .logo {    margin: 0 auto 0;  }  .logo img {    display: block;    margin: 0 auto;    max-width: 100%;  }  .logo .pc-banner {    display: block;    width: 1200px;    height: 247.4px;    margin: 0 auto;  }  .logo .pc-banner.small {    width: 970px;  }  .logo .pc-banner.small img {    height: auto!important;  }  .logo .m-banner {    display: none;  }  .ytvideo {    position: relative;    height: 546px;    width: 100%;    margin: 0 auto;  }  .ytvideo img {    width: 100%;    margin: 0 auto;  }  .ytvideo .play-btn {    width: 60px;    height: 42px;    position: absolute;    top: 50%;    left: 50%;    transform: translate(-50%, -50%);    background: url(\"data:image\/png;base64,iVBORw0KGgoAAAANSUhEUgAAAGQAAABGCAMAAAANWMFbAAAC+lBMVEUAAADBGB3kLCfBGB3kLCfcJC7BFx3KKSbiKybkLCbWJCPSIiLSIiLPICHAFx3kLCfgKSXNHiDZJiTIGx\/p4eHcjo7LHSDbJyTkLCbjKyfOHyHPIiL28fHJHB\/GGh7EGR7eKCXDGB3RISHlLSbBGB3AFxzGHB7DGB7BGB3hKybkKybAFx3lLCfAFxzDGR3hKibDGB7cJyTmz8\/elJTlwcHjurrUIyLlLSflLSfAFx3DGR7lLSfCFx3hKibhKibhKybjKybkLCblLSfbJSX49vbx7e3NNzjNMTLMJyjVIyLZf3\/ZQ0LaeHjx0tLgoqLkLCfCGB3HGx\/BGB3BFx3PICHCGB7WJCLOHyC\/Fxy\/Fx3lLCfQISHkLSe\/FxzbJiTBFx3FGx\/AGB7BFx3EGR7AGB3HHSDfKiXAFh3TISHYNzbhKibbJyTTIiL57e325+f039\/v2NjUV1fOHiHiqanfmprch4feKSXVIyPOICHmLibFGh\/mLSe\/Fx7XJCPeKSXXJSPNHyHaJyTGGh7lLCbmLCflLSjSIiLkLCbdKSXLHiC\/GB3KHh++Fh3lKyfoLiXcKCPkx8fYb2\/XaGfVXl3aU1LLHiDksbHgKibPICHbJyTfKSXbJyTCGB3KHSDiKybFGh7TIiL\/\/\/\/VIyPRISHIHB\/GGx\/HHB\/DGR7gKibdKCXLHiDZJiTMHiDNHyHYJSTOICHPICHWJCPcKCXXJSPjLCblLCf+\/f3NGR\/uLijzLynPGR\/IGB7WISHaIyLLGh7UAADxLynNAADRLzDbICLQAADIAAD3MCrUHSHXMTDpKSbLAADp5OTij4\/ejo\/VLy\/1LyngJSTcJCPQHx\/OHB7+\/PzaMS\/OLS\/vLijrLSjSAADaNTPwLyjkKSbNJCbYISHPHB\/KGB7WAAD7+vrn3d3aKynTKCjoLCfsKifRGh\/YAADq5+fhjo7QNDXXKCfmJyXt5+fTLzDLLi\/QKivYHRvMGBrQJCXLISPMExXLDxLaEAvkkI\/bOTfaFQ\/SCgpvLcnHAAAAmnRSTlMA+vv7+gT9Bvf9+8z8\/NSv\/Pr5+P7++vnQIBMP\/v38\/Pn348XDiCYf9OjbzcqxXVcx\/fz8+\/rj1r2poo1+fXFqX0orGP7+\/v7+\/fz8+\/r68uzn4trIxsG\/vri3p6GcmZSNbWVYUUZEPQv+\/f39+\/v7+\/v7+vr64tvV1NTTz87FtbSurqeblJKFg4B3bUY+NjL7+\/v7+\/v67t1cDo8JLQAABkRJREFUWMO0kz9rwkAYh0OIeJkum6YugUAhISCdKoj\/P4C7SMdS+gEKIhSKil10LSg4mzXkILdlEpxCpwTiWOLX6BujvQaEQuGeHLnL+\/64J+SIcKGYTYWnntpdLjrVdqvZmNdn0+EE40GtpuuWVS6Xx6N7YDSGpWXpeq02wHgynM7q80az1a52HpddtVcpsi1zFARBrdaxbhp9iUReTGmwA4KAAr7vx3EYejnCMI6hQYEgy0LQi4jUN0wL19vqFcUC9\/1dAKmEEFkWRYkh5oBejnxQJiSJPJ\/uKBp0Thszx9Mw8hMRIQjKsptCfuES9zr5WJY6vSFCIvE9fCMUmEM1A1kSXcYGxgVYsvI1IPKTZciSTI0us\/SMGG04gDzELDoFBwdcFJrF88dqgYMTiL6DILWYyfOWE8\/kIz38olCNlC03FK95+imxp6y4oUSvAnBjHHhKNtotSDqJzVFiK8c2SBqhZtsrTtgrLXwAyduxZHNE26eHUt5rtuM4WSmds3G+sUdWYo1L+XyxButoh5eKUHk5lByO3G1LqqCWVnfrv\/lyPtf\/4ps1cndNGIri8J1TJ0lx6dR\/oPjq1nbRwdp2dCk4CtIOLW3pVKRL6WZfS5vF2KkIQhpwSsjiYIgNCs1gEMGqiIq24NQX9NwoXFy8Ufrl3twTcg4fv8T9\/JBEySduj6Mjm4bMzYV7EEOxKjjoNDud7yY3Dy71Hq2oLmqfbNR723edH9PgMrNL2utoQ3VmaIDkiw\/4w51P06hlZsTZvkRrbVuSIs\/zwSOsycgzStQouoAkWQqioRT5XI7n2Z1wfVhoZmcAJLsoqjqpjbWCgpOAJXBwHK8PzWbNvoUZJND5wCnSkLAkZ1legx6vqQzjoiTahKlGUGLAiIIoABOHaNVw4sexZBym6\/HWlH5h3IC7yRbxtipcWxdTOkORKiNQAEkFf66x5S2oeRbroOlLgg0sSYkR0hRGEqJZ0jTPiQKatESdBckpWigxaapEH0lImHdWu9pUFF2XqMNM2Z4kped7IwEJw2qabwtrQqnpw6HyKkgcadKWsmpywwesDyIhYRpdzXddqegtGIJlXbAIUMOLkGxJUjRIkokwjUaX9d\/kK62ps\/tYUqZLIMkLTyBhsMZ3C5Z\/kDxOSCb\/DOs\/\/J0qcWSX\/2ipe56EgTCA4\/cB7NAYOsni4mZM1MUPAISoEwkDi4lhVBQ1cWQyIcwalw4EpqZN68JUSK7XC0kTlkLYii5uXSC8jT5ncCAS7mjCv0uHp\/3lueHEEAeQ\/\/VgmdN71\/2uCSA1Xr6DO6uI6sW56zqT2tp2PhgiRUAajV8CY2fkcz6WGNKMgLAt7tJAhD4YHMTeRxlALE6+43WqjSWi8ITxyJl8WrwWSNESQZZOqhDDntO3hJLsd5RtSpbJqdv3YrDJH3F7jL1R2O2aQkn2MyCyKYz0GPGIvSAMgBCrCEiJyKbBaYGwLW4uPRr0A0M4Ux5kUI7IBh+hMdiCEWNqhMZGyYMsOgNE58UQuEQeUnSWCMYwL54hkxK6IoqucQZbQ3pc3XtL0lky1dL0zZJJDpWJovFqpWj6JEHnyam2eQp5QRVAVHjWparTOaVwUOx99YS2MvgxIGV0bb+qIg2HX2qkFFJB+XZcbLiuRkuxD9GRroKyveLxdh4d7Orx+hb7qc3uVRuEogCOnyIxm4ubUoPgF4jianDrC+SDQDKEfJb0GUKmjCGPYHGJvVC6X4hw1\/sAfQAdfYyephIaspXe36RwOP+Ljvfx9B6B3i+Nk0DGq+oCbLn6JpBa9nWAveAIHwFAwtVcIJXPMPL8kRu5OAYPMaL1WScTxjiZDqB9LTJSWphow\/pTYKRTLjCBhvi9iBidvKcDasGSm0QQkycYuLBqj6QCELPctqChDWpTRMWkngNNpQ1Pfp1KkiT\/Y0DGffXAweUNfLAfaJFKDwhb6I+bkYRbkERoEeu3Fyjg2opMz2daZCS9jt6Q7txNfB+OZEVF6Zl5web2xunnLQrtrjXseXKaFYziYINeMFZVxS9VxRhOoesYwxPKXm+gWLG9cuFeq93UNNeJNsf1KlwuDok9n02n3TgIJpOxNfL9naIoQwXtfH9kjceTIIi709ncTg6LZbg+biLH1V6u\/7rxBem06VXKn9raAAAAAElFTkSuQmCC\")      no-repeat center center \/ contain;  }  @media screen and (max-width: 960px) and (orientation: portrait) {    .logo {      width: 100%;    }    .logo .pc-banner {      display: none;    }    .logo .m-banner {      display: block;      width: 100%;    }    .logo .m-banner img {      height: auto!important;    }    .ytvideo {      height: 200px;      width: 100%;    }  }<\/style><style>  .video-section {    width: 100%;    margin: 0 auto;  }  .video-section > img {    width: 100%;  }  .video-section iframe,  .video-section video {    width: 100%;    height: 100%;      }  .video-section-img-m,  .video-section-img-pc > img {    width: 100%;    height: auto;  }  .video-section-img-pc.small > img {    width: 970px;  }  .video-desc {    line-height: 1.5;    font-size: 20px;    font-weight: 400;    margin: 20px 0;    text-align: center;    color: #0f1111;    word-break: break-word;  }  @media screen and (max-width: 960px) and (orientation: portrait) {    .video-section {      width: 100%;    }    .video-section-pc,    .video-section-img-pc {      display: none;    }    .video-section-m,    .video-section-img-m {      display: block;    }    .video-desc {      font-size: 15px;    }  }  @media screen and (min-width: 960px) {    .video-section {      width: 100%;      margin: 0 auto;    }    .video-section-pc,    .video-section-img-pc {      display: block;    }    .video-section-m,    .video-section-img-m {      display: none;    }    .video-desc {      font-size: 20px;    }  }<\/style><style>  .section + .section {    margin-top: 35px;  }  .section-title {    text-align: center;    font-weight: bold;    color: #0d1111;    font-family: \"Arial\";    font-size: 32px;    margin: 15px 0;  }  .section-title:empty {    display: none;  }  .section-desc {    text-align: center;    font-weight: normal;    color: #0d1111;    margin-top: 20px;  }  .section-desc:empty {    display: none;  }  .section-img {    width: 1200px;    height: 492px;    margin: 0 auto;    display: block;  }  .section-img.small {    width: 970px;    height: auto;  }  .section-img.small > img {    height: auto;  }  .section-img > img {    width: 100%;    height: 100%;  }  .section-mobile-img {    display: none;    max-width: 100vw;    max-height: 75vw;    height: 450px;    margin: 0 auto;  }  .section-mobile-img > img {    width: 100%;    height: 100%;  }  @media screen and (max-width: 960px) and (orientation: portrait) {    .container {      width: 100%;    }    .container.small {      width: 100%;    }    .section-mobile-img {      display: block;    }    .section-img {      display: none;    }    .section-title {      font-size: 22px;      margin: 10px 0;    }    .section-desc {      margin-top: 10px;    }    .section + .section {      margin-top: 20px;    }  }<\/style><\/head><body><div class=\"container small\"><div class=\"logo\"><div class=\"pc-banner small\"><div><img decoding=\"async\" src=\"\/vevor\/vevor\/boutique-banner\/pc\/en-pc@1x.jpg\" style=\"width: 100%;\" \/><\/div><\/div><div class=\"m-banner\"><div><img decoding=\"async\" src=\"\/vevor\/vevor\/boutique-banner\/mobile\/en-m@1x.jpg\" style=\"width: 100%;\" \/><\/div><\/div><\/div><div class=\"section-title\">VEVOR l\u00f5uendist kellatelk \u00fclima telkimismugavuse tagamiseks<\/div><div class=\"video-section\"><div class=\"video-section-img-pc small\"><img decoding=\"async\" src=\"\/vevor\/product\/FBZXZP3MMGBZ2X4C2\/canvas-bell-tent-a100-1.4-pt.jpg\" \/><\/div><div class=\"video-section-img-m\"><img decoding=\"async\" src=\"\/vevor\/product\/FBZXZP3MMGBZ2X4C2\/canvas-bell-tent-a100-1.4-pt.jpg\" \/><\/div><div class=\"section-desc\">Sobib suurep\u00e4raselt v\u00e4liseiklusteks! Meie kellatelk on valmistatud hingavast TC puuvillasest l\u00f5uendist (65% pol\u00fcester ja 35% puuvillasegu), mis sobib ideaalselt kergeks kuni m\u00f5\u00f5dukaks vihmaks. Tugeva vihma v\u00f5i tormide korral lisage veekindel lisakate. Maapinna matt pakub lume- ja tuulekindlust mugavuse ja kuivuse tagamiseks.<\/div><\/div><div class=\"section\"><div class=\"section-title\"><\/div><div class=\"section-img small\"><img decoding=\"async\" src=\"\/vevor\/product\/FBZXZP3MMGBZ2X4C2\/canvas-bell-tent-a100-2.2-pt.jpg\" \/><\/div><div class=\"section-mobile-img\"><img decoding=\"async\" src=\"\/vevor\/product\/FBZXZP3MMGBZ2X4C2\/canvas-bell-tent-a100-2.2-pt.jpg\" \/><\/div><div class=\"section-desc\">Kogemus tasakaalustamata telkimine mugavust! See l\u00f5uend telk on varustatud pliidi jack, mis v\u00f5imaldab teil peatada soe ajal jahe talv \u00f6\u00f6d. See on neli aknad ja uksed, v\u00f5re, mis v\u00f5imaldab teil sisemist ilu \u00f6ises taevas. Sa saad isegi kasutada seda v\u00f5rade, et saada veelgi l\u00e4hemale laadi.<\/div><\/div><div class=\"section\"><div class=\"section-title\"><\/div><div class=\"section-img small\"><img decoding=\"async\" src=\"\/vevor\/product\/FBZXZP3MMGBZ2X4C2\/canvas-bell-tent-a100-2.3-pt.jpg\" \/><\/div><div class=\"section-mobile-img\"><img decoding=\"async\" src=\"\/vevor\/product\/FBZXZP3MMGBZ2X4C2\/canvas-bell-tent-a100-2.3-pt.jpg\" \/><\/div><div class=\"section-desc\">See l\u00f5uend bell telk pakub rohkelt ruumi interj\u00f6\u00f6ri teie ja teie pere omaks vabas \u00f5hus ja maik v\u00e4ljas elavad. See mugavalt mahutab mitu inimest, pakkudes piisavalt ruumi, et liikuda ja l\u00f5\u00f5gastuda s\u00fcles laadi.<\/div><\/div><div class=\"section\"><div class=\"section-title\"><\/div><div class=\"section-img small\"><img decoding=\"async\" src=\"\/vevor\/product\/FBZXZP3MMGBZ2X4C2\/canvas-bell-tent-a100-2.4-pt.jpg\" \/><\/div><div class=\"section-mobile-img\"><img decoding=\"async\" src=\"\/vevor\/product\/FBZXZP3MMGBZ2X4C2\/canvas-bell-tent-a100-2.4-pt.jpg\" \/><\/div><div class=\"section-desc\">Kellatelgi seadistamine on imelihtne, vaid nelja lihtsa sammuga. Pakume ka matkariistade komplekti koos panuste ja haamriga, mis tagab telgi ohutuse ja stabiilsuse. Saate selle h\u00f5lpsalt kiiresti kokku panna, j\u00e4ttes teile rohkem aega telkimisreisi nautimiseks.<\/div><\/div><div class=\"section\"><div class=\"section-title\"><\/div><div class=\"section-img small\"><img decoding=\"async\" src=\"\/vevor\/product\/FBZXZP3MMGBZ2X4C2\/canvas-bell-tent-a100-2.5-pt.jpg\" \/><\/div><div class=\"section-mobile-img\"><img decoding=\"async\" src=\"\/vevor\/product\/FBZXZP3MMGBZ2X4C2\/canvas-bell-tent-a100-2.5-pt.jpg\" \/><\/div><div class=\"section-desc\">Meie jurtatelk ei paku mitte ainult mugavat elamispinda, vaid lisab ka mugavust teie reisidele. Mitu hoiukotti muudavad telgitarvikute korraldamise ja ladustamise lihtsaks, ilma et need kaotaksid.<\/div><\/div><div class=\"section\"><div class=\"section-img small\"><img decoding=\"async\" src=\"\/vevor\/product\/FBZXZP3MMGBZ2X4C2\/canvas-bell-tent-a100-1.11-pt.jpg\" \/><\/div><div class=\"section-mobile-img\"><img decoding=\"async\" src=\"\/vevor\/product\/FBZXZP3MMGBZ2X4C2\/canvas-bell-tent-a100-1.11-pt.jpg\" \/><\/div><\/div><\/div><\/body><\/html><\/div>\n<div class=\"DM_at-title\" id=\"js-DM_at-title\"> <div>Toote spetsifikatsioon<\/div> <i class=\"icon-arrowup_line\"><\/i> <\/div><div class=\"DM_at-goodsDescAttr\" id=\"js-DM_at-goodsDescAttr\"> <div class=\"DM_at-goodsDescAttrInner\"> <dl class=\"goodsDesc_item goodsDesc_item_even\"> <dt>Punkt Mudeli Number<\/dt> <dd> ZJTM1009<\/dd> <\/dl> <dl class=\"goodsDesc_item\"> <dt>Leviala L\u00e4bim\u00f5\u00f5t<\/dt> <dd> 3 m\/9.8 ft<\/dd> <\/dl> <dl class=\"goodsDesc_item goodsDesc_item_even\"> <dt>Toote K\u00f5rgus<\/dt> <dd> 200cm\/78.74 tolli<\/dd> <\/dl> <dl class=\"goodsDesc_item\"> <dt>Korstnal\u00f5\u00f5ri<\/dt> <dd> 1<\/dd> <\/dl> <dl class=\"goodsDesc_item goodsDesc_item_even\"> <dt>Windows<\/dt> <dd> 4 (Katuse) + 4 (Seintele)<\/dd> <\/dl> <dl class=\"goodsDesc_item\"> <dt>Toote Kaal<\/dt> <dd> 17.1 kg\/37.69 lbs<\/dd> <\/dl> <\/div> <\/div>","protected":false},"excerpt":{"rendered":"<ul>\n<li> Vastupidavad materjalid: valmistatud TC puuvillasest l\u00f5uendist (65% pol\u00fcester ja 35% puuvilla segu), meie l\u00f5uendist kellatelk on vastupidav, veekindel ja hingav, sobib kergete kuni m\u00f5\u00f5dukate vihmatingimuste jaoks. Maapinna matt on spetsiaalne paks matt, mis on valmistatud 540gsm veekindlast PVC-st, pakkudes lume- ja tuulekindlust, et hoida teid kuivana ja mugavalt.(M\u00e4rkus: puuvillased kangad pakuvad piiratud soojusisolatsiooni ja h\u00fcdroisolatsiooni. Tugeva vihma v\u00f5i lume korral on soovitatav kasutada veekindlat katet. Kasutage ettevaatusega \u00e4\u00e4rmuslikel temperatuuridel, olgu see k\u00f5rge v\u00f5i madal). <\/li>\n<li> Mugav Kogemus: 5&#034; pliidi auk, mis on valmistatud leek-vastupidavast materjalist, pakub 43x43cm klapp, mis v\u00f5imaldavad ohutu siseruumide k\u00fctmiseks. Nelja silma kaetud windows pakkuda suurep\u00e4rase ventilatsiooni-ja bug kaitse suvel. Roll-up l\u00f5uend ja v\u00f5re hoida critters v\u00e4lja, samal ajal lastes lahe breezes on rahulik magada. <\/li>\n<li> Avar Sisustus: Varustatud 3m\/9.8 ft l\u00e4bim\u00f5\u00f5duga, meie bell telk mugavalt mahutab kuni 4 inimest, pakkudes piisavalt ruumi pere, s\u00f5prade v\u00f5i grupiga, telkimine, mis annab teile palju ruumi, et liikuda. <\/li>\n<li> Lihtne Setup: Nautida v\u00e4ljas telkimine vaid 4 lihtsat sammu. L\u00f5uend telk kaasas 10 nailon peegeldav k\u00f6ied ja 10 alumiiniumsulamist trossi eelpingutid, et kindlustada see, et v\u00e4ltida puhub alla, tagades oma camping kogemus on ohutu. <\/li>\n<li> Mugav Kaasaskandmiseks: On yurt telk sisaldab vihma kate, maa panused, kaalul kukk, telk kotti ja ladustamise kotid, millel on k\u00e4epidemed kergeks veondus ja ladustamine. Kas see on kevad, suvi, s\u00fcgis v\u00f5i talv, see telk on teie usaldusv\u00e4\u00e4rne kaaslane v\u00e4ljas seiklusi. <\/li>\n<\/ul>","protected":false},"featured_media":286469,"comment_status":"closed","ping_status":"open","template":"","meta":{"om_disable_all_campaigns":false,"_uf_show_specific_survey":0,"_uf_disable_surveys":false},"location":[1935,1934],"product_brand":[21],"product_cat":[2382,2384,2378,2383,3758],"product_tag":[],"class_list":{"0":"post-28470","1":"product","2":"type-product","3":"status-publish","4":"has-post-thumbnail","6":"location-supplier_stock_location","7":"location-local_stock_location","8":"product_brand-vevor","9":"product_cat-camping-gear","10":"product_cat-camping-tents","11":"product_cat-sports-outdoors","12":"product_cat-tents-camping-gear","13":"product_cat-yurt","15":"first","16":"instock","17":"taxable","18":"shipping-taxable","19":"purchasable","20":"product-type-simple"},"aioseo_notices":[],"locations":[{"id":1935,"name":"Pieg\u0101d\u0101t\u0101ja noliktav\u0101 (5-7dd)","slug":"supplier_stock_location","quantity":"661"},{"id":1934,"name":"R\u012bgas veikal\u0101 (0-2d.d.)","slug":"local_stock_location","quantity":"0"}],"_links":{"self":[{"href":"https:\/\/vevorshop.lv\/et\/wp-json\/wp\/v2\/product\/28470","targetHints":{"allow":["GET"]}}],"collection":[{"href":"https:\/\/vevorshop.lv\/et\/wp-json\/wp\/v2\/product"}],"about":[{"href":"https:\/\/vevorshop.lv\/et\/wp-json\/wp\/v2\/types\/product"}],"replies":[{"embeddable":true,"href":"https:\/\/vevorshop.lv\/et\/wp-json\/wp\/v2\/comments?post=28470"}],"wp:featuredmedia":[{"embeddable":true,"href":"https:\/\/vevorshop.lv\/et\/wp-json\/wp\/v2\/media\/286469"}],"wp:attachment":[{"href":"https:\/\/vevorshop.lv\/et\/wp-json\/wp\/v2\/media?parent=28470"}],"wp:term":[{"taxonomy":"location","embeddable":true,"href":"https:\/\/vevorshop.lv\/et\/wp-json\/wp\/v2\/location?post=28470"},{"taxonomy":"product_brand","embeddable":true,"href":"https:\/\/vevorshop.lv\/et\/wp-json\/wp\/v2\/product_brand?post=28470"},{"taxonomy":"product_cat","embeddable":true,"href":"https:\/\/vevorshop.lv\/et\/wp-json\/wp\/v2\/product_cat?post=28470"},{"taxonomy":"product_tag","embeddable":true,"href":"https:\/\/vevorshop.lv\/et\/wp-json\/wp\/v2\/product_tag?post=28470"}],"curies":[{"name":"wp","href":"https:\/\/api.w.org\/{rel}","templated":true}]}}