{"id":28684,"date":"2024-11-18T18:56:26","date_gmt":"2024-11-18T18:56:26","guid":{"rendered":"http:\/\/vevorshop.edigo.lv\/Prece\/vevor-retractable-side-awning-79x-236-outdoor-privacy-screen-180g-polyester-water-proof-retractable-patio-screen-uv-30-room-divider-wind-screen-for-patio-backyard-balcony-gray\/"},"modified":"2026-05-14T01:41:13","modified_gmt":"2026-05-13T22:41:13","slug":"vevor-retractable-side-awning-79x-236-outdoor-privacy-screen-180g-polyester-water-proof-retractable-patio-screen-uv-30-room-divider-wind-screen-for-patio-backyard-balcony-gray","status":"publish","type":"product","link":"https:\/\/vevorshop.lv\/et\/Prece\/vevor-retractable-side-awning-79x-236-outdoor-privacy-screen-180g-polyester-water-proof-retractable-patio-screen-uv-30-room-divider-wind-screen-for-patio-backyard-balcony-gray\/","title":{"rendered":"VEVOR T\u00f5mmatav K\u00fclgmarkiis 200x600cm, Veekindel UV30+ Privaatsusekraan Terrassile, R\u00f5dule, Hall"},"content":{"rendered":"<div style=\"color: #fff!important; font-size: 16px; height: 24px; line-height: 24px; margin-top: -24px; \" class=\"product_original_name\">VEVOR Retractable Side Awning, 79''x 236'' Outdoor Privacy Screen, 180g Polyester Water-proof Retractable Patio Screen, UV 30+ Room Divider Wind Screen for Patio, Backyard, Balcony, Gray<\/div>\n<div style=\"color: #fff!important; font-size: 16px; height: 24px; line-height: 24px; margin-top: -24px; \" class=\"product_sku\">M4I4KYJK<\/div>\n<div style=\"color: #fff!important; font-size: 16px; height: 24px; line-height: 24px; margin-top: -24px; \" class=\"product_mpn\">KSSCP200X600QPNQGV0<\/div><div id=\"js-DM_at-goodDescRich\"><html><head><style>  body {    font-family: Arial;    line-height: 1.5;    color: #1c1c1c;    overflow-x: hidden;    margin: 0;    padding: 0;  }  .MsoNormal b {    font-weight: bolder;  }<\/style><style>  .container.small {    width: 970px;    margin: 0 auto;  }  .logo {    margin: 0 auto 0;  }  .logo img {    display: block;    margin: 0 auto;    max-width: 100%;  }  .logo .pc-banner {    display: block;    width: 1200px;    height: 247.4px;    margin: 0 auto;  }  .logo .pc-banner.small {    width: 970px;  }  .logo .pc-banner.small img {    height: auto!important;  }  .logo .m-banner {    display: none;  }  .ytvideo {    position: relative;    height: 546px;    width: 100%;    margin: 0 auto;  }  .ytvideo img {    width: 100%;    margin: 0 auto;  }  .ytvideo .play-btn {    width: 60px;    height: 42px;    position: absolute;    top: 50%;    left: 50%;    transform: translate(-50%, -50%);    background: url(\"data:image\/png;base64,iVBORw0KGgoAAAANSUhEUgAAAGQAAABGCAMAAAANWMFbAAAC+lBMVEUAAADBGB3kLCfBGB3kLCfcJC7BFx3KKSbiKybkLCbWJCPSIiLSIiLPICHAFx3kLCfgKSXNHiDZJiTIGx\/p4eHcjo7LHSDbJyTkLCbjKyfOHyHPIiL28fHJHB\/GGh7EGR7eKCXDGB3RISHlLSbBGB3AFxzGHB7DGB7BGB3hKybkKybAFx3lLCfAFxzDGR3hKibDGB7cJyTmz8\/elJTlwcHjurrUIyLlLSflLSfAFx3DGR7lLSfCFx3hKibhKibhKybjKybkLCblLSfbJSX49vbx7e3NNzjNMTLMJyjVIyLZf3\/ZQ0LaeHjx0tLgoqLkLCfCGB3HGx\/BGB3BFx3PICHCGB7WJCLOHyC\/Fxy\/Fx3lLCfQISHkLSe\/FxzbJiTBFx3FGx\/AGB7BFx3EGR7AGB3HHSDfKiXAFh3TISHYNzbhKibbJyTTIiL57e325+f039\/v2NjUV1fOHiHiqanfmprch4feKSXVIyPOICHmLibFGh\/mLSe\/Fx7XJCPeKSXXJSPNHyHaJyTGGh7lLCbmLCflLSjSIiLkLCbdKSXLHiC\/GB3KHh++Fh3lKyfoLiXcKCPkx8fYb2\/XaGfVXl3aU1LLHiDksbHgKibPICHbJyTfKSXbJyTCGB3KHSDiKybFGh7TIiL\/\/\/\/VIyPRISHIHB\/GGx\/HHB\/DGR7gKibdKCXLHiDZJiTMHiDNHyHYJSTOICHPICHWJCPcKCXXJSPjLCblLCf+\/f3NGR\/uLijzLynPGR\/IGB7WISHaIyLLGh7UAADxLynNAADRLzDbICLQAADIAAD3MCrUHSHXMTDpKSbLAADp5OTij4\/ejo\/VLy\/1LyngJSTcJCPQHx\/OHB7+\/PzaMS\/OLS\/vLijrLSjSAADaNTPwLyjkKSbNJCbYISHPHB\/KGB7WAAD7+vrn3d3aKynTKCjoLCfsKifRGh\/YAADq5+fhjo7QNDXXKCfmJyXt5+fTLzDLLi\/QKivYHRvMGBrQJCXLISPMExXLDxLaEAvkkI\/bOTfaFQ\/SCgpvLcnHAAAAmnRSTlMA+vv7+gT9Bvf9+8z8\/NSv\/Pr5+P7++vnQIBMP\/v38\/Pn348XDiCYf9OjbzcqxXVcx\/fz8+\/rj1r2poo1+fXFqX0orGP7+\/v7+\/fz8+\/r68uzn4trIxsG\/vri3p6GcmZSNbWVYUUZEPQv+\/f39+\/v7+\/v7+vr64tvV1NTTz87FtbSurqeblJKFg4B3bUY+NjL7+\/v7+\/v67t1cDo8JLQAABkRJREFUWMO0kz9rwkAYh0OIeJkum6YugUAhISCdKoj\/P4C7SMdS+gEKIhSKil10LSg4mzXkILdlEpxCpwTiWOLX6BujvQaEQuGeHLnL+\/64J+SIcKGYTYWnntpdLjrVdqvZmNdn0+EE40GtpuuWVS6Xx6N7YDSGpWXpeq02wHgynM7q80az1a52HpddtVcpsi1zFARBrdaxbhp9iUReTGmwA4KAAr7vx3EYejnCMI6hQYEgy0LQi4jUN0wL19vqFcUC9\/1dAKmEEFkWRYkh5oBejnxQJiSJPJ\/uKBp0Thszx9Mw8hMRIQjKsptCfuES9zr5WJY6vSFCIvE9fCMUmEM1A1kSXcYGxgVYsvI1IPKTZciSTI0us\/SMGG04gDzELDoFBwdcFJrF88dqgYMTiL6DILWYyfOWE8\/kIz38olCNlC03FK95+imxp6y4oUSvAnBjHHhKNtotSDqJzVFiK8c2SBqhZtsrTtgrLXwAyduxZHNE26eHUt5rtuM4WSmds3G+sUdWYo1L+XyxButoh5eKUHk5lByO3G1LqqCWVnfrv\/lyPtf\/4ps1cndNGIri8J1TJ0lx6dR\/oPjq1nbRwdp2dCk4CtIOLW3pVKRL6WZfS5vF2KkIQhpwSsjiYIgNCs1gEMGqiIq24NQX9NwoXFy8Ufrl3twTcg4fv8T9\/JBEySduj6Mjm4bMzYV7EEOxKjjoNDud7yY3Dy71Hq2oLmqfbNR723edH9PgMrNL2utoQ3VmaIDkiw\/4w51P06hlZsTZvkRrbVuSIs\/zwSOsycgzStQouoAkWQqioRT5XI7n2Z1wfVhoZmcAJLsoqjqpjbWCgpOAJXBwHK8PzWbNvoUZJND5wCnSkLAkZ1legx6vqQzjoiTahKlGUGLAiIIoABOHaNVw4sexZBym6\/HWlH5h3IC7yRbxtipcWxdTOkORKiNQAEkFf66x5S2oeRbroOlLgg0sSYkR0hRGEqJZ0jTPiQKatESdBckpWigxaapEH0lImHdWu9pUFF2XqMNM2Z4kped7IwEJw2qabwtrQqnpw6HyKkgcadKWsmpywwesDyIhYRpdzXddqegtGIJlXbAIUMOLkGxJUjRIkokwjUaX9d\/kK62ps\/tYUqZLIMkLTyBhsMZ3C5Z\/kDxOSCb\/DOs\/\/J0qcWSX\/2ipe56EgTCA4\/cB7NAYOsni4mZM1MUPAISoEwkDi4lhVBQ1cWQyIcwalw4EpqZN68JUSK7XC0kTlkLYii5uXSC8jT5ncCAS7mjCv0uHp\/3lueHEEAeQ\/\/VgmdN71\/2uCSA1Xr6DO6uI6sW56zqT2tp2PhgiRUAajV8CY2fkcz6WGNKMgLAt7tJAhD4YHMTeRxlALE6+43WqjSWi8ITxyJl8WrwWSNESQZZOqhDDntO3hJLsd5RtSpbJqdv3YrDJH3F7jL1R2O2aQkn2MyCyKYz0GPGIvSAMgBCrCEiJyKbBaYGwLW4uPRr0A0M4Ux5kUI7IBh+hMdiCEWNqhMZGyYMsOgNE58UQuEQeUnSWCMYwL54hkxK6IoqucQZbQ3pc3XtL0lky1dL0zZJJDpWJovFqpWj6JEHnyam2eQp5QRVAVHjWparTOaVwUOx99YS2MvgxIGV0bb+qIg2HX2qkFFJB+XZcbLiuRkuxD9GRroKyveLxdh4d7Orx+hb7qc3uVRuEogCOnyIxm4ubUoPgF4jianDrC+SDQDKEfJb0GUKmjCGPYHGJvVC6X4hw1\/sAfQAdfYyephIaspXe36RwOP+Ljvfx9B6B3i+Nk0DGq+oCbLn6JpBa9nWAveAIHwFAwtVcIJXPMPL8kRu5OAYPMaL1WScTxjiZDqB9LTJSWphow\/pTYKRTLjCBhvi9iBidvKcDasGSm0QQkycYuLBqj6QCELPctqChDWpTRMWkngNNpQ1Pfp1KkiT\/Y0DGffXAweUNfLAfaJFKDwhb6I+bkYRbkERoEeu3Fyjg2opMz2daZCS9jt6Q7txNfB+OZEVF6Zl5web2xunnLQrtrjXseXKaFYziYINeMFZVxS9VxRhOoesYwxPKXm+gWLG9cuFeq93UNNeJNsf1KlwuDok9n02n3TgIJpOxNfL9naIoQwXtfH9kjceTIIi709ncTg6LZbg+biLH1V6u\/7rxBem06VXKn9raAAAAAElFTkSuQmCC\")      no-repeat center center \/ contain;  }  @media screen and (max-width: 960px) and (orientation: portrait) {    .logo {      width: 100%;    }    .logo .pc-banner {      display: none;    }    .logo .m-banner {      display: block;      width: 100%;    }    .logo .m-banner img {      height: auto!important;    }    .ytvideo {      height: 200px;      width: 100%;    }  }<\/style><style>  .video-section {    width: 100%;    margin: 0 auto;  }  .video-section > img {    width: 100%;  }  .video-section iframe,  .video-section video {    width: 100%;    height: 100%;      }  .video-section-img-m,  .video-section-img-pc > img {    width: 100%;    height: auto;  }  .video-section-img-pc.small > img {    width: 970px;  }  .video-desc {    line-height: 1.5;    font-size: 20px;    font-weight: 400;    margin: 20px 0;    text-align: center;    color: #0f1111;    word-break: break-word;  }  @media screen and (max-width: 960px) and (orientation: portrait) {    .video-section {      width: 100%;    }    .video-section-pc,    .video-section-img-pc {      display: none;    }    .video-section-m,    .video-section-img-m {      display: block;    }    .video-desc {      font-size: 15px;    }  }  @media screen and (min-width: 960px) {    .video-section {      width: 100%;      margin: 0 auto;    }    .video-section-pc,    .video-section-img-pc {      display: block;    }    .video-section-m,    .video-section-img-m {      display: none;    }    .video-desc {      font-size: 20px;    }  }<\/style><style>  .section + .section {    margin-top: 35px;  }  .section-title {    text-align: center;    font-weight: bold;    color: #0d1111;    font-family: \"Arial\";    font-size: 32px;    margin: 15px 0;  }  .section-title:empty {    display: none;  }  .section-desc {    text-align: center;    font-weight: normal;    color: #0d1111;    margin-top: 20px;  }  .section-desc:empty {    display: none;  }  .section-img {    width: 1200px;    height: 492px;    margin: 0 auto;    display: block;  }  .section-img.small {    width: 970px;    height: auto;  }  .section-img.small > img {    height: auto;  }  .section-img > img {    width: 100%;    height: 100%;  }  .section-mobile-img {    display: none;    max-width: 100vw;    max-height: 75vw;    height: 450px;    margin: 0 auto;  }  .section-mobile-img > img {    width: 100%;    height: 100%;  }  @media screen and (max-width: 960px) and (orientation: portrait) {    .container {      width: 100%;    }    .container.small {      width: 100%;    }    .section-mobile-img {      display: block;    }    .section-img {      display: none;    }    .section-title {      font-size: 22px;      margin: 10px 0;    }    .section-desc {      margin-top: 10px;    }    .section + .section {      margin-top: 20px;    }  }<\/style><\/head><body><div class=\"container\"><div class=\"logo\"><div class=\"pc-banner\"><div><img decoding=\"async\" src=\"\/vevor\/vevor\/boutique-banner\/pc\/en-pc@1x.jpg\" style=\"width: 100%;\" \/><\/div><\/div><div class=\"m-banner\"><div><img decoding=\"async\" src=\"\/vevor\/vevor\/boutique-banner\/mobile\/en-m@1x.jpg\" style=\"width: 100%;\" \/><\/div><\/div><\/div><div class=\"section-title\">T\u00f5sta Mugavust ja Privaatsust Meie Pakiruumi Pool Varikatus<\/div><div class=\"video-section\"><div class=\"video-section-img-pc\"><img decoding=\"async\" src=\"\/vevor\/product\/KSSCP200X600QPNQG\/side-awning-a100-1.4.jpg\" alt=\"VEVOR pakiruumi pool varikatus terrass koos rotangist m\u00f6\u00f6bel, tutvustada veekindel ja uv-vastupidavad omadused.\" \/><\/div><div class=\"video-section-img-m\"><img decoding=\"async\" src=\"\/vevor\/product\/KSSCP200X600QPNQG\/side-awning-a100-1.4-m.jpg\" alt=\"VEVOR pakiruumi pool varikatus terrass koos rotangist m\u00f6\u00f6bel, tutvustada veekindel ja uv-vastupidavad omadused.\" \/><\/div><div class=\"section-desc\">K\u00fcljel varikatus omadused k\u00f5rge tihedusega 180g\/m2 pol\u00fcester kangast j\u00f5uline PU kattega, mis annab silmapaistva veekindel tulemuslikkuse ja t\u00f5mbetugevus. Koos UV30+ kaitse tase, see hoiab teid ja teie pere kaugusel UV-kiirte eest. Ajaviiteks muretsemata ilm!<\/div><\/div><div class=\"section\"><div class=\"section-title\"><\/div><div class=\"section-img\"><img decoding=\"async\" src=\"\/vevor\/product\/KSSCP200X600QPNQG\/side-awning-a100-2.2.jpg\" alt=\"VEVOR pakiruumi pool varikatus premium rauast raam, paksenenud baasi, ja teleskoop ridvad jaoks terrass.\" \/><\/div><div class=\"section-mobile-img\"><img decoding=\"async\" src=\"\/vevor\/product\/KSSCP200X600QPNQG\/side-awning-a100-2.2-m.jpg\" alt=\"VEVOR pakiruumi pool varikatus premium rauast raam, paksenenud baasi, ja teleskoop ridvad jaoks terrass.\" \/><\/div><div class=\"section-desc\">Struktuuri \u00fclest\u00f5stetav terrass ekraan on valmistatud k\u00f5rge-tugevus raua -, pulber-kaetud stiilne v\u00e4limus ja korrosiooni-t\u00f5end funktsioon. Metal expansion kruvid veelgi parandada stabiilsust, tagada see seisab stabiilselt v\u00e4lispindade.<\/div><\/div><div class=\"section\"><div class=\"section-title\"><\/div><div class=\"section-img\"><img decoding=\"async\" src=\"\/vevor\/product\/KSSCP200X600QPNQG\/side-awning-a100-2.3.jpg\" alt=\"lihtsad sammud, millega luuakse VEVOR pakiruumi pool varikatus paigaldusjuhend ja reguleerimine nurkade alt.\" \/><\/div><div class=\"section-mobile-img\"><img decoding=\"async\" src=\"\/vevor\/product\/KSSCP200X600QPNQG\/side-awning-a100-2.3-m.jpg\" alt=\"lihtsad sammud, millega luuakse VEVOR pakiruumi pool varikatus paigaldusjuhend ja reguleerimine nurkade alt.\" \/><\/div><div class=\"section-desc\">Enam keeruline installi! Meie sisset\u00f5mmatav ekraan on m\u00f5eldud kasutaja mugavust silmas pidades. Komplekt paigaldus tarvikud ja selged juhised muudavad kokkupanek imelihtne, ei ole vaja professionaalseid oskusi. Kiiresti luua mugav v\u00e4ljas ruumi!<\/div><\/div><div class=\"section\"><div class=\"section-title\"><\/div><div class=\"section-img\"><img decoding=\"async\" src=\"\/vevor\/product\/KSSCP200X600QPNQG\/side-awning-a100-2.4.jpg\" alt=\"VEVOR pakiruumi pool varikatus t\u00e4iendatud kevadel k\u00e4epide, n\u00e4put\u00e4is-tasuta operatsiooni.\" \/><\/div><div class=\"section-mobile-img\"><img decoding=\"async\" src=\"\/vevor\/product\/KSSCP200X600QPNQG\/side-awning-a100-2.4-m.jpg\" alt=\"VEVOR pakiruumi pool varikatus t\u00e4iendatud kevadel k\u00e4epide, n\u00e4put\u00e4is-tasuta operatsiooni.\" \/><\/div><div class=\"section-desc\">V\u00e4ljas eraelu puutumatuse ekraani omadused vaevatu sisset\u00f5mmatavad k\u00e4epide koos vedrude, tagada sujuv ja lihtne operatsioon iga kord, kui teil laiendada v\u00f5i t\u00f5mbuda see. Ei vaeva on vaja \u2013 lihtsalt \u00f5rn t\u00f5mmata, ja saab nautida instant varju.<\/div><\/div><div class=\"section\"><div class=\"section-title\"><\/div><div class=\"section-img\"><img decoding=\"async\" src=\"\/vevor\/product\/KSSCP200X600QPNQG\/side-awning-a100-2.5.jpg\" alt=\"stiilne VEVOR pakiruumi pool varikatus aed, hoov, r\u00f5du, bassein; nokats, veekindel.\" \/><\/div><div class=\"section-mobile-img\"><img decoding=\"async\" src=\"\/vevor\/product\/KSSCP200X600QPNQG\/side-awning-a100-2.5-m.jpg\" alt=\"stiilne VEVOR pakiruumi pool varikatus aed, hoov, r\u00f5du, bassein; nokats, veekindel.\" \/><\/div><div class=\"section-desc\">Meie terrassi privaatsusekraan toob teie v\u00e4liruumi nii privaatsust kui ka elegantsi. Olgu see r\u00f5dul, sisehoovis v\u00f5i \u00e4ripinnal, pakub see privaatset ruumi, blokeerides samal ajal tuule ja p\u00e4ikesevalguse. Selle kaasaegne minimalistlik disain sobib erinevate v\u00e4liskeskkondade ja sisekujundusstiilidega.<\/div><\/div><div class=\"section\"><div class=\"section-img\"><img decoding=\"async\" src=\"\/vevor\/product\/KSSCP200X600QPNQG\/side-awning-a100-1.11.jpg\" alt=\"VEVOR pakiruumi pool varikatus hall, 200x600 cm, alumiinium raam, pol\u00fcester kangast, mis on 20 kg.\" \/><\/div><div class=\"section-mobile-img\"><img decoding=\"async\" src=\"\/vevor\/product\/KSSCP200X600QPNQG\/side-awning-a100-1.11-m.jpg\" alt=\"VEVOR pakiruumi pool varikatus hall, 200x600 cm, alumiinium raam, pol\u00fcester kangast, mis on 20 kg.\" \/><\/div><\/div><\/div><\/body><\/html><\/div>\n<div class=\"DM_at-title\" id=\"js-DM_at-title\"> <div>Toote spetsifikatsioon<\/div> <i class=\"icon-arrowup_line\"><\/i> <\/div><div class=\"DM_at-goodsDescAttr\" id=\"js-DM_at-goodsDescAttr\"> <div class=\"DM_at-goodsDescAttrInner\"> <dl class=\"goodsDesc_item goodsDesc_item_even\"> <dt>Punkt Mudeli Number<\/dt> <dd> H038<\/dd> <\/dl> <dl class=\"goodsDesc_item\"> <dt>V\u00e4rv<\/dt> <dd> Hall<\/dd> <\/dl> <dl class=\"goodsDesc_item goodsDesc_item_even\"> <dt>Toote Kaal<\/dt> <dd> 20 kg\/44.09 lbs<\/dd> <\/dl> <dl class=\"goodsDesc_item\"> <dt>Varikatus Kangast Kaal<\/dt> <dd> 180 g\/m2<\/dd> <\/dl> <dl class=\"goodsDesc_item goodsDesc_item_even\"> <dt>Varikatus Fabric Materjal<\/dt> <dd> Pol\u00fcester PU Kattega<\/dd> <\/dl> <dl class=\"goodsDesc_item\"> <dt>Raam, Kesk P\u00f6\u00f6rleva Toru, Teleskoop Ridvad, Fikseeritud Postid Materjal<\/dt> <dd> Raud<\/dd> <\/dl> <dl class=\"goodsDesc_item goodsDesc_item_even\"> <dt>Toote M\u00f5\u00f5dud(L x H)<\/dt> <dd> 200\u00d7600 cm\/79 x 236 in<\/dd> <\/dl> <\/div> <\/div>","protected":false},"excerpt":{"rendered":"<ul>\n<li> High-Quality Material: Our retractable side awning is made from 180g\/m\u00b2 high-density polyester fabric with a PU coating, providing excellent waterproof performance and tensile strength. It effectively blocks wind and rain, resists UV rays (UV30+), extends its lifespan, and ensures stable shelter for outdoor activities. Note: Please store the side awning away during windy or stormy weather to avoid damage. <\/li>\n<li> Tugev ja Vastupidav Struktuur: Uuenduslik disain h\u00f5lmab 2\u00b0 kallutatav toetavad postid on lisatud k\u00f5rgus ja et v\u00e4ltida kanga longus. Raami postid on valmistatud k\u00f5rge-tugevus raua materjal, mille pulberv\u00e4rvimine, tagades stiilne v\u00e4limus ja vastupidavus korrosioonile, vaid ka annab suure tugevuse ja stabiilsuse. <\/li>\n<li> Lihtne Paigaldus: M\u00f5eldud kasutaja mugavuse huvides on meie \u00fclest\u00f5stetav terrass ekraani on lihtne paigaldada ja kaasas t\u00e4ielik paigaldus tarvikud. Ei ole vaja professionaalseid t\u00f6\u00f6riistu v\u00f5i oskusi. <\/li>\n<li> V\u00e4simatu t\u00f6\u00f6: sisset\u00f5mbuv k\u00e4epide funktsioone kevadel t\u00f5rgeteta. Lihtsalt pull v\u00f5i push kohandada pool varikatus on pikendamine ja sisse. Uuendatud kevadel hakkama eesm\u00e4rk on v\u00e4ltida olukorda, muljumis -, tagada parem kasutaja kogemus. <\/li>\n<li> Practical Design: The 79 x 236 in\/200x600cm outdoor privacy screen provides ample shading area, making it perfect for outdoor balconies, courtyards, or commercial spaces. It offers privacy and protection from wind and low-angle sunlight. Its modern minimalist design matches various outdoor environments and decor styles. <\/li>\n<\/ul>","protected":false},"featured_media":286783,"comment_status":"closed","ping_status":"open","template":"","meta":{"om_disable_all_campaigns":false,"_uf_show_specific_survey":0,"_uf_disable_surveys":false},"location":[1935,1934],"product_brand":[21],"product_cat":[2996,2997,3012,2506],"product_tag":[],"class_list":{"0":"post-28684","1":"product","2":"type-product","3":"status-publish","4":"has-post-thumbnail","6":"location-supplier_stock_location","7":"location-local_stock_location","8":"product_brand-vevor","9":"product_cat-outdoor-storage","10":"product_cat-shade-structures","11":"product_cat-side-awning","12":"product_cat-storage-organization-2","14":"first","15":"instock","16":"taxable","17":"shipping-taxable","18":"purchasable","19":"product-type-simple"},"aioseo_notices":[],"locations":[{"id":1935,"name":"Pieg\u0101d\u0101t\u0101ja noliktav\u0101 (5-7dd)","slug":"supplier_stock_location","quantity":"5"},{"id":1934,"name":"R\u012bgas veikal\u0101 (0-2d.d.)","slug":"local_stock_location","quantity":"0"}],"_links":{"self":[{"href":"https:\/\/vevorshop.lv\/et\/wp-json\/wp\/v2\/product\/28684","targetHints":{"allow":["GET"]}}],"collection":[{"href":"https:\/\/vevorshop.lv\/et\/wp-json\/wp\/v2\/product"}],"about":[{"href":"https:\/\/vevorshop.lv\/et\/wp-json\/wp\/v2\/types\/product"}],"replies":[{"embeddable":true,"href":"https:\/\/vevorshop.lv\/et\/wp-json\/wp\/v2\/comments?post=28684"}],"wp:featuredmedia":[{"embeddable":true,"href":"https:\/\/vevorshop.lv\/et\/wp-json\/wp\/v2\/media\/286783"}],"wp:attachment":[{"href":"https:\/\/vevorshop.lv\/et\/wp-json\/wp\/v2\/media?parent=28684"}],"wp:term":[{"taxonomy":"location","embeddable":true,"href":"https:\/\/vevorshop.lv\/et\/wp-json\/wp\/v2\/location?post=28684"},{"taxonomy":"product_brand","embeddable":true,"href":"https:\/\/vevorshop.lv\/et\/wp-json\/wp\/v2\/product_brand?post=28684"},{"taxonomy":"product_cat","embeddable":true,"href":"https:\/\/vevorshop.lv\/et\/wp-json\/wp\/v2\/product_cat?post=28684"},{"taxonomy":"product_tag","embeddable":true,"href":"https:\/\/vevorshop.lv\/et\/wp-json\/wp\/v2\/product_tag?post=28684"}],"curies":[{"name":"wp","href":"https:\/\/api.w.org\/{rel}","templated":true}]}}