{"id":29455,"date":"2024-11-18T19:35:26","date_gmt":"2024-11-18T19:35:26","guid":{"rendered":"http:\/\/vevorshop.edigo.lv\/Prece\/vevor-4x4-post-base-2-pcs-inner-size-3-6x3-6-post-base-brackets-heavy-duty-powder-coated-post-anchor-matte-black-wood-post-brackets-for-pavilion-deck-railing-support-deck-base-plate\/"},"modified":"2026-05-04T03:57:46","modified_gmt":"2026-05-04T00:57:46","slug":"vevor-4x4-post-base-2-pcs-inner-size-3-6x3-6-post-base-brackets-heavy-duty-powder-coated-post-anchor-matte-black-wood-post-brackets-for-pavilion-deck-railing-support-deck-base-plate","status":"publish","type":"product","link":"https:\/\/vevorshop.lv\/et\/Prece\/vevor-4x4-postialus-2-tk-sisemine-suurus-3-6x3-6-posti-alusklambrid-raskeveokite-pulbervarvitud-postiankur-matt-mustast-puidust-postiklambrid-paviljoni-teki-reelingu-tugiteki-alusplaadile\/","title":{"rendered":"VEVOR 91x91mm Tugevad Postialused 2tk, Terasest Ankrud Tarvikutega Terrassile, Pergolale, Sammastoele, Must"},"content":{"rendered":"<div style=\"color: #fff!important; font-size: 16px; height: 24px; line-height: 24px; margin-top: -24px; \" class=\"product_original_name\">VEVOR 101,6x101,6 mm postialus 2 tk, sisemine suurus 91x91 postialuse klambrid, raskeveokite pulberv\u00e4rvitud postiankur matt mustast puidust postiklambrid paviljoni teki reelingu tugiplaadi alusplaadi jaoks<\/div>\n<div style=\"color: #fff!important; font-size: 16px; height: 24px; line-height: 24px; margin-top: -24px; \" class=\"product_sku\">M4I4KZM9<\/div>\n<div style=\"color: #fff!important; font-size: 16px; height: 24px; line-height: 24px; margin-top: -24px; \" class=\"product_mpn\">QBLZDZTG2J447P4OSV0<\/div><div id=\"js-DM_at-goodDescRich\"><html><head><style>  body {    font-family: Arial;    line-height: 1.5;    color: #1c1c1c;    overflow-x: hidden;    margin: 0;    padding: 0;  }  .MsoNormal b {    font-weight: bolder;  }<\/style><style>  .container.small {    width: 970px;    margin: 0 auto;  }  .logo {    margin: 0 auto 0;  }  .logo img {    display: block;    margin: 0 auto;    max-width: 100%;  }  .logo .pc-banner {    display: block;    width: 1200px;    height: 247.4px;    margin: 0 auto;  }  .logo .pc-banner.small {    width: 970px;  }  .logo .pc-banner.small img {    height: auto!important;  }  .logo .m-banner {    display: none;  }  .ytvideo {    position: relative;    height: 546px;    width: 100%;    margin: 0 auto;  }  .ytvideo img {    width: 100%;    margin: 0 auto;  }  .ytvideo .play-btn {    width: 60px;    height: 42px;    position: absolute;    top: 50%;    left: 50%;    transform: translate(-50%, -50%);    background: url(\"data:image\/png;base64,iVBORw0KGgoAAAANSUhEUgAAAGQAAABGCAMAAAANWMFbAAAC+lBMVEUAAADBGB3kLCfBGB3kLCfcJC7BFx3KKSbiKybkLCbWJCPSIiLSIiLPICHAFx3kLCfgKSXNHiDZJiTIGx\/p4eHcjo7LHSDbJyTkLCbjKyfOHyHPIiL28fHJHB\/GGh7EGR7eKCXDGB3RISHlLSbBGB3AFxzGHB7DGB7BGB3hKybkKybAFx3lLCfAFxzDGR3hKibDGB7cJyTmz8\/elJTlwcHjurrUIyLlLSflLSfAFx3DGR7lLSfCFx3hKibhKibhKybjKybkLCblLSfbJSX49vbx7e3NNzjNMTLMJyjVIyLZf3\/ZQ0LaeHjx0tLgoqLkLCfCGB3HGx\/BGB3BFx3PICHCGB7WJCLOHyC\/Fxy\/Fx3lLCfQISHkLSe\/FxzbJiTBFx3FGx\/AGB7BFx3EGR7AGB3HHSDfKiXAFh3TISHYNzbhKibbJyTTIiL57e325+f039\/v2NjUV1fOHiHiqanfmprch4feKSXVIyPOICHmLibFGh\/mLSe\/Fx7XJCPeKSXXJSPNHyHaJyTGGh7lLCbmLCflLSjSIiLkLCbdKSXLHiC\/GB3KHh++Fh3lKyfoLiXcKCPkx8fYb2\/XaGfVXl3aU1LLHiDksbHgKibPICHbJyTfKSXbJyTCGB3KHSDiKybFGh7TIiL\/\/\/\/VIyPRISHIHB\/GGx\/HHB\/DGR7gKibdKCXLHiDZJiTMHiDNHyHYJSTOICHPICHWJCPcKCXXJSPjLCblLCf+\/f3NGR\/uLijzLynPGR\/IGB7WISHaIyLLGh7UAADxLynNAADRLzDbICLQAADIAAD3MCrUHSHXMTDpKSbLAADp5OTij4\/ejo\/VLy\/1LyngJSTcJCPQHx\/OHB7+\/PzaMS\/OLS\/vLijrLSjSAADaNTPwLyjkKSbNJCbYISHPHB\/KGB7WAAD7+vrn3d3aKynTKCjoLCfsKifRGh\/YAADq5+fhjo7QNDXXKCfmJyXt5+fTLzDLLi\/QKivYHRvMGBrQJCXLISPMExXLDxLaEAvkkI\/bOTfaFQ\/SCgpvLcnHAAAAmnRSTlMA+vv7+gT9Bvf9+8z8\/NSv\/Pr5+P7++vnQIBMP\/v38\/Pn348XDiCYf9OjbzcqxXVcx\/fz8+\/rj1r2poo1+fXFqX0orGP7+\/v7+\/fz8+\/r68uzn4trIxsG\/vri3p6GcmZSNbWVYUUZEPQv+\/f39+\/v7+\/v7+vr64tvV1NTTz87FtbSurqeblJKFg4B3bUY+NjL7+\/v7+\/v67t1cDo8JLQAABkRJREFUWMO0kz9rwkAYh0OIeJkum6YugUAhISCdKoj\/P4C7SMdS+gEKIhSKil10LSg4mzXkILdlEpxCpwTiWOLX6BujvQaEQuGeHLnL+\/64J+SIcKGYTYWnntpdLjrVdqvZmNdn0+EE40GtpuuWVS6Xx6N7YDSGpWXpeq02wHgynM7q80az1a52HpddtVcpsi1zFARBrdaxbhp9iUReTGmwA4KAAr7vx3EYejnCMI6hQYEgy0LQi4jUN0wL19vqFcUC9\/1dAKmEEFkWRYkh5oBejnxQJiSJPJ\/uKBp0Thszx9Mw8hMRIQjKsptCfuES9zr5WJY6vSFCIvE9fCMUmEM1A1kSXcYGxgVYsvI1IPKTZciSTI0us\/SMGG04gDzELDoFBwdcFJrF88dqgYMTiL6DILWYyfOWE8\/kIz38olCNlC03FK95+imxp6y4oUSvAnBjHHhKNtotSDqJzVFiK8c2SBqhZtsrTtgrLXwAyduxZHNE26eHUt5rtuM4WSmds3G+sUdWYo1L+XyxButoh5eKUHk5lByO3G1LqqCWVnfrv\/lyPtf\/4ps1cndNGIri8J1TJ0lx6dR\/oPjq1nbRwdp2dCk4CtIOLW3pVKRL6WZfS5vF2KkIQhpwSsjiYIgNCs1gEMGqiIq24NQX9NwoXFy8Ufrl3twTcg4fv8T9\/JBEySduj6Mjm4bMzYV7EEOxKjjoNDud7yY3Dy71Hq2oLmqfbNR723edH9PgMrNL2utoQ3VmaIDkiw\/4w51P06hlZsTZvkRrbVuSIs\/zwSOsycgzStQouoAkWQqioRT5XI7n2Z1wfVhoZmcAJLsoqjqpjbWCgpOAJXBwHK8PzWbNvoUZJND5wCnSkLAkZ1legx6vqQzjoiTahKlGUGLAiIIoABOHaNVw4sexZBym6\/HWlH5h3IC7yRbxtipcWxdTOkORKiNQAEkFf66x5S2oeRbroOlLgg0sSYkR0hRGEqJZ0jTPiQKatESdBckpWigxaapEH0lImHdWu9pUFF2XqMNM2Z4kped7IwEJw2qabwtrQqnpw6HyKkgcadKWsmpywwesDyIhYRpdzXddqegtGIJlXbAIUMOLkGxJUjRIkokwjUaX9d\/kK62ps\/tYUqZLIMkLTyBhsMZ3C5Z\/kDxOSCb\/DOs\/\/J0qcWSX\/2ipe56EgTCA4\/cB7NAYOsni4mZM1MUPAISoEwkDi4lhVBQ1cWQyIcwalw4EpqZN68JUSK7XC0kTlkLYii5uXSC8jT5ncCAS7mjCv0uHp\/3lueHEEAeQ\/\/VgmdN71\/2uCSA1Xr6DO6uI6sW56zqT2tp2PhgiRUAajV8CY2fkcz6WGNKMgLAt7tJAhD4YHMTeRxlALE6+43WqjSWi8ITxyJl8WrwWSNESQZZOqhDDntO3hJLsd5RtSpbJqdv3YrDJH3F7jL1R2O2aQkn2MyCyKYz0GPGIvSAMgBCrCEiJyKbBaYGwLW4uPRr0A0M4Ux5kUI7IBh+hMdiCEWNqhMZGyYMsOgNE58UQuEQeUnSWCMYwL54hkxK6IoqucQZbQ3pc3XtL0lky1dL0zZJJDpWJovFqpWj6JEHnyam2eQp5QRVAVHjWparTOaVwUOx99YS2MvgxIGV0bb+qIg2HX2qkFFJB+XZcbLiuRkuxD9GRroKyveLxdh4d7Orx+hb7qc3uVRuEogCOnyIxm4ubUoPgF4jianDrC+SDQDKEfJb0GUKmjCGPYHGJvVC6X4hw1\/sAfQAdfYyephIaspXe36RwOP+Ljvfx9B6B3i+Nk0DGq+oCbLn6JpBa9nWAveAIHwFAwtVcIJXPMPL8kRu5OAYPMaL1WScTxjiZDqB9LTJSWphow\/pTYKRTLjCBhvi9iBidvKcDasGSm0QQkycYuLBqj6QCELPctqChDWpTRMWkngNNpQ1Pfp1KkiT\/Y0DGffXAweUNfLAfaJFKDwhb6I+bkYRbkERoEeu3Fyjg2opMz2daZCS9jt6Q7txNfB+OZEVF6Zl5web2xunnLQrtrjXseXKaFYziYINeMFZVxS9VxRhOoesYwxPKXm+gWLG9cuFeq93UNNeJNsf1KlwuDok9n02n3TgIJpOxNfL9naIoQwXtfH9kjceTIIi709ncTg6LZbg+biLH1V6u\/7rxBem06VXKn9raAAAAAElFTkSuQmCC\")      no-repeat center center \/ contain;  }  @media screen and (max-width: 960px) and (orientation: portrait) {    .logo {      width: 100%;    }    .logo .pc-banner {      display: none;    }    .logo .m-banner {      display: block;      width: 100%;    }    .logo .m-banner img {      height: auto!important;    }    .ytvideo {      height: 200px;      width: 100%;    }  }<\/style><style>  .video-section {    width: 100%;    margin: 0 auto;  }  .video-section > img {    width: 100%;  }  .video-section iframe,  .video-section video {    width: 100%;    height: 100%;      }  .video-section-img-m,  .video-section-img-pc > img {    width: 100%;    height: auto;  }  .video-section-img-pc.small > img {    width: 970px;  }  .video-desc {    line-height: 1.5;    font-size: 20px;    font-weight: 400;    margin: 20px 0;    text-align: center;    color: #0f1111;    word-break: break-word;  }  @media screen and (max-width: 960px) and (orientation: portrait) {    .video-section {      width: 100%;    }    .video-section-pc,    .video-section-img-pc {      display: none;    }    .video-section-m,    .video-section-img-m {      display: block;    }    .video-desc {      font-size: 15px;    }  }  @media screen and (min-width: 960px) {    .video-section {      width: 100%;      margin: 0 auto;    }    .video-section-pc,    .video-section-img-pc {      display: block;    }    .video-section-m,    .video-section-img-m {      display: none;    }    .video-desc {      font-size: 20px;    }  }<\/style><style>  .section + .section {    margin-top: 35px;  }  .section-title {    text-align: center;    font-weight: bold;    color: #0d1111;    font-family: \"Arial\";    font-size: 32px;    margin: 15px 0;  }  .section-title:empty {    display: none;  }  .section-desc {    text-align: center;    font-weight: normal;    color: #0d1111;    margin-top: 20px;  }  .section-desc:empty {    display: none;  }  .section-img {    width: 1200px;    height: 492px;    margin: 0 auto;    display: block;  }  .section-img.small {    width: 970px;    height: auto;  }  .section-img.small > img {    height: auto;  }  .section-img > img {    width: 100%;    height: 100%;  }  .section-mobile-img {    display: none;    max-width: 100vw;    max-height: 75vw;    height: 450px;    margin: 0 auto;  }  .section-mobile-img > img {    width: 100%;    height: 100%;  }  @media screen and (max-width: 960px) and (orientation: portrait) {    .container {      width: 100%;    }    .container.small {      width: 100%;    }    .section-mobile-img {      display: block;    }    .section-img {      display: none;    }    .section-title {      font-size: 22px;      margin: 10px 0;    }    .section-desc {      margin-top: 10px;    }    .section + .section {      margin-top: 20px;    }  }<\/style><\/head><body><div class=\"container\"><div class=\"logo\"><div class=\"pc-banner\"><div><img decoding=\"async\" src=\"\/vevor\/vevor\/boutique-banner\/pc\/en-pc@1x.jpg\" style=\"width: 100%;\" \/><\/div><\/div><div class=\"m-banner\"><div><img decoding=\"async\" src=\"\/vevor\/vevor\/boutique-banner\/mobile\/en-m@1x.jpg\" style=\"width: 100%;\" \/><\/div><\/div><\/div><div class=\"section-title\">VEVOR Post Alus: T\u00f5stame Ohutuse ja Stiil Igal Sammul!<\/div><div class=\"video-section\"><div class=\"video-section-img-pc\"><img decoding=\"async\" src=\"\/vevor\/product\/QBLZDZTG2J447P4OS\/post-base-a100-1.4.jpg\" alt=\"VEVOR post baasi sulgudes pakkudes turvalist tuge lihtne paigaldada ja mitmeotstarbeliste kruvid piirded.\" \/><\/div><div class=\"video-section-img-m\"><img decoding=\"async\" src=\"\/vevor\/product\/QBLZDZTG2J447P4OS\/post-base-a100-1.4-m.jpg\" alt=\"VEVOR post baasi sulgudes pakkudes turvalist tuge lihtne paigaldada ja mitmeotstarbeliste kruvid piirded.\" \/><\/div><div class=\"section-desc\">Valmistatud tugevast s\u00fcsinikterasest, need \u00fchendused on vastupidavad ja rooste-vastupidavad. Nad pakuvad stabiilset tuge ja saab kergesti paigaldada nii betoonist ja puidust p\u00f5randad, muutes need mitmek\u00fclgne fikseeritud rajatiste struktuure nagu pergolas ja veranda piirded.<\/div><\/div><div class=\"section\"><div class=\"section-title\"><\/div><div class=\"section-img\"><img decoding=\"async\" src=\"\/vevor\/product\/QBLZDZTG2J447P4OS\/post-base-a100-2.2.jpg\" alt=\"VEVOR post baasi sulgudes koos mitmeotstarbeliste kruvid betoonist ja puidust p\u00f5randa paigaldamine.\" \/><\/div><div class=\"section-mobile-img\"><img decoding=\"async\" src=\"\/vevor\/product\/QBLZDZTG2J447P4OS\/post-base-a100-2.2-m.jpg\" alt=\"VEVOR post baasi sulgudes koos mitmeotstarbeliste kruvid betoonist ja puidust p\u00f5randa paigaldamine.\" \/><\/div><div class=\"section-desc\">Pesa on base on m\u00f5eldud t\u00e4is wrap struktuuri, tagades stabiilse toetuse piirded ilma wobbling, pakkudes ohutuse kaitse paigaldamise kohas.<\/div><\/div><div class=\"section\"><div class=\"section-title\"><\/div><div class=\"section-img\"><img decoding=\"async\" src=\"\/vevor\/product\/QBLZDZTG2J447P4OS\/post-base-a100-2.3.jpg\" alt=\"vastupidav VEVOR post baasi sulgudes koos 0.08&#034; seina paksusest s\u00fcsinikterasest materjal, ja rooste v\u00e4ltimiseks.\" \/><\/div><div class=\"section-mobile-img\"><img decoding=\"async\" src=\"\/vevor\/product\/QBLZDZTG2J447P4OS\/post-base-a100-2.3-m.jpg\" alt=\"vastupidav VEVOR post baasi sulgudes koos 0.08&#034; seina paksusest s\u00fcsinikterasest materjal, ja rooste v\u00e4ltimiseks.\" \/><\/div><div class=\"section-desc\">Koos sakiline varrukad ja isekeermestavad kruvid, seda saab kasutada paigaldamiseks nii betoonist ja puidust p\u00f5randad.<\/div><\/div><div class=\"section\"><div class=\"section-title\"><\/div><div class=\"section-img\"><img decoding=\"async\" src=\"\/vevor\/product\/QBLZDZTG2J447P4OS\/post-base-a100-2.4.jpg\" alt=\"lihtne 3-samm paigaldamise juhend VEVOR post baasi sulgudes: puurimine, kindlustades baas, pannes s\u00f5imamine.\" \/><\/div><div class=\"section-mobile-img\"><img decoding=\"async\" src=\"\/vevor\/product\/QBLZDZTG2J447P4OS\/post-base-a100-2.4-m.jpg\" alt=\"lihtne 3-samm paigaldamise juhend VEVOR post baasi sulgudes: puurimine, kindlustades baas, pannes s\u00f5imamine.\" \/><\/div><div class=\"section-desc\">Pesa on alus on valmistatud tugeva s\u00fcsinikterasest materjal, mis on kaetud spray viimistlus kulumiskindlus ja rooste ennetamiseks, tagada pikk eluiga.<\/div><\/div><div class=\"section\"><div class=\"section-title\"><\/div><div class=\"section-img\"><img decoding=\"async\" src=\"\/vevor\/product\/QBLZDZTG2J447P4OS\/post-base-a100-2.5.jpg\" alt=\"VEVOR post baasi sulgudes pergolas, veranda piirded, ning ametikohad, pakkudes mitmek\u00fclgset ehitus-lahendusi.\" \/><\/div><div class=\"section-mobile-img\"><img decoding=\"async\" src=\"\/vevor\/product\/QBLZDZTG2J447P4OS\/post-base-a100-2.5-m.jpg\" alt=\"VEVOR post baasi sulgudes pergolas, veranda piirded, ning ametikohad, pakkudes mitmek\u00fclgset ehitus-lahendusi.\" \/><\/div><div class=\"section-desc\">Rajatised on tehtud lihtsaks, kasutades puurida auk koostamise ning toode on eelnevalt tehtud kruvi augud, mis v\u00f5imaldavad lihtne kokkupanek.<\/div><\/div><div class=\"section\"><div class=\"section-img\"><img decoding=\"async\" src=\"\/vevor\/product\/QBLZDZTG2J447P4OS\/post-base-a100-1.11.jpg\" alt=\"VEVOR post baasi sulgudes, s\u00fcsinik terasest konstruktsioon, sisem\u00f5\u00f5tmed 3.6&#034;x3.6&#034;, kuuluvad kruvid.\" \/><\/div><div class=\"section-mobile-img\"><img decoding=\"async\" src=\"\/vevor\/product\/QBLZDZTG2J447P4OS\/post-base-a100-1.11-m.jpg\" alt=\"VEVOR post baasi sulgudes, s\u00fcsinik terasest konstruktsioon, sisem\u00f5\u00f5tmed 3.6&#034;x3.6&#034;, kuuluvad kruvid.\" \/><\/div><\/div><\/div><\/body><\/html><\/div>\n<div class=\"DM_at-title\" id=\"js-DM_at-title\"> <div>Toote spetsifikatsioon<\/div> <i class=\"icon-arrowup_line\"><\/i> <\/div><div class=\"DM_at-goodsDescAttr\" id=\"js-DM_at-goodsDescAttr\"> <div class=\"DM_at-goodsDescAttrInner\"> <dl class=\"goodsDesc_item goodsDesc_item_even\"> <dt>Mudel<\/dt> <dd> QBLZ-4in-2<\/dd> <\/dl> <dl class=\"goodsDesc_item\"> <dt>Peamine Materjal<\/dt> <dd> S\u00fcsinikusisaldusega Teras<\/dd> <\/dl> <dl class=\"goodsDesc_item goodsDesc_item_even\"> <dt>Kogus<\/dt> <dd> 2 tk<\/dd> <\/dl> <dl class=\"goodsDesc_item\"> <dt>Neto Kaal<\/dt> <dd> 4.7 lbs\/2.15 kg<\/dd> <\/dl> <dl class=\"goodsDesc_item goodsDesc_item_even\"> <dt>Toote M\u00f5\u00f5tmed (per t\u00fckk)<\/dt> <dd> 3.8x5.5x6.4 tolli \/ 96x140x163 mm<\/dd> <\/dl> <\/div> <\/div>","protected":false},"excerpt":{"rendered":"<ul>\n<li> Tugev Toetus: Iga \u00fcksiku post baasi k\u00f5rgus 3.8 x 5.5 x 6.4 cm \/ 96x140x163mm, mille kogus 2 t\u00fckki. Sisemised m\u00f5\u00f5tmed veerus baasi 3.6\u00d73.6 tolli. Soovitatav kasutada koos 3.5\u00d73,5-tolline veerud, need klemmid funktsioon t\u00e4is wrap struktuuri, disaini, pakkudes turvalist ja t\u00f5husat abi ilma wobbling. <\/li>\n<li> Tugev ja Vastupidav: baasi pistikud on valmistatud s\u00fcsinikterasest materjal, seina paksus 0.08 tolli \/ 2mm, tagades vastupidavuse ja vastupanu deformatsioon. Nad on kaetud spray kate korrosiooni ja rooste ennetamiseks, tagada pikk eluiga. <\/li>\n<li> Lihtne Paigaldus: Teil on v\u00f5imalik kiiresti paigaldada neid p\u00e4rast kasutusjuhend, kasutades puuri tegemise augud. Tootega on kaasas kruvi augud mugav ja aega s\u00e4\u00e4stev paigaldus <\/li>\n<li> Komplekt Tarvikud: komplekt sisaldab t\u00e4ieliku komplekti tarvikud: Sobitada Kruvid M525 (18pcs), \u00d5huke Mutriv\u00f5ti M8 Open-End 14 (1tk), Hammastatud Varrukad M8 (9pcs), isekeermestavad Kruvid M860 (9pcs). Paigaldamine on lihtne ja kiusame tasuta. <\/li>\n<li> Lai Kasutus: mitmek\u00fclgne kruvid sobivad nii betoonist ja puidust p\u00f5rand rajatised, mis teeb need ideaalseks kasutamiseks pergolas, veranda piirded, veerud ja muud rajatised, kus nad pakuvad turvalist tuge. <\/li>\n<\/ul>","protected":false},"featured_media":287956,"comment_status":"closed","ping_status":"open","template":"","meta":{"om_disable_all_campaigns":false,"_uf_show_specific_survey":0,"_uf_disable_surveys":false},"location":[1935,1934],"product_brand":[21],"product_cat":[3015,2431,3700,3699],"product_tag":[],"class_list":{"0":"post-29455","1":"product","2":"type-product","3":"status-publish","4":"has-post-thumbnail","6":"location-supplier_stock_location","7":"location-local_stock_location","8":"product_brand-vevor","9":"product_cat-building-hardware","10":"product_cat-building-materials-2","11":"product_cat-post-bases","12":"product_cat-post-brackets","14":"first","15":"instock","16":"taxable","17":"shipping-taxable","18":"purchasable","19":"product-type-simple"},"aioseo_notices":[],"locations":[{"id":1935,"name":"Pieg\u0101d\u0101t\u0101ja noliktav\u0101 (5-7dd)","slug":"supplier_stock_location","quantity":"89"},{"id":1934,"name":"R\u012bgas veikal\u0101 (0-2d.d.)","slug":"local_stock_location","quantity":"0"}],"_links":{"self":[{"href":"https:\/\/vevorshop.lv\/et\/wp-json\/wp\/v2\/product\/29455","targetHints":{"allow":["GET"]}}],"collection":[{"href":"https:\/\/vevorshop.lv\/et\/wp-json\/wp\/v2\/product"}],"about":[{"href":"https:\/\/vevorshop.lv\/et\/wp-json\/wp\/v2\/types\/product"}],"replies":[{"embeddable":true,"href":"https:\/\/vevorshop.lv\/et\/wp-json\/wp\/v2\/comments?post=29455"}],"wp:featuredmedia":[{"embeddable":true,"href":"https:\/\/vevorshop.lv\/et\/wp-json\/wp\/v2\/media\/287956"}],"wp:attachment":[{"href":"https:\/\/vevorshop.lv\/et\/wp-json\/wp\/v2\/media?parent=29455"}],"wp:term":[{"taxonomy":"location","embeddable":true,"href":"https:\/\/vevorshop.lv\/et\/wp-json\/wp\/v2\/location?post=29455"},{"taxonomy":"product_brand","embeddable":true,"href":"https:\/\/vevorshop.lv\/et\/wp-json\/wp\/v2\/product_brand?post=29455"},{"taxonomy":"product_cat","embeddable":true,"href":"https:\/\/vevorshop.lv\/et\/wp-json\/wp\/v2\/product_cat?post=29455"},{"taxonomy":"product_tag","embeddable":true,"href":"https:\/\/vevorshop.lv\/et\/wp-json\/wp\/v2\/product_tag?post=29455"}],"curies":[{"name":"wp","href":"https:\/\/api.w.org\/{rel}","templated":true}]}}