{"id":30567,"date":"2024-11-18T20:33:02","date_gmt":"2024-11-18T20:33:02","guid":{"rendered":"http:\/\/vevorshop.edigo.lv\/Prece\/vevor-flammable-safety-cabinet-30-gal-cold-rolled-steel-flammable-liquid-storage-cabinet-43-1x18-1x50-1-in-explosion-proof-with-1-adjustable-shelf-2-manual-closing-doors-for-industrial-use-yellow\/"},"modified":"2026-04-20T16:32:33","modified_gmt":"2026-04-20T13:32:33","slug":"vevor-flammable-safety-cabinet-30-gal-cold-rolled-steel-flammable-liquid-storage-cabinet-43-1x18-1x50-1-in-explosion-proof-with-1-adjustable-shelf-2-manual-closing-doors-for-industrial-use-yellow","status":"publish","type":"product","link":"https:\/\/vevorshop.lv\/et\/Prece\/vevor-flammable-safety-cabinet-30-gal-cold-rolled-steel-flammable-liquid-storage-cabinet-43-1x18-1x50-1-in-explosion-proof-with-1-adjustable-shelf-2-manual-closing-doors-for-industrial-use-yellow\/","title":{"rendered":"VEVOR 128,7L tuleohtlike ainete ohutuskapp, plahvatuskindel teraskapp reguleeritava riiuliga ja kahe uksega, kollane, 1095x460x1273mm"},"content":{"rendered":"<div style=\"color: #fff!important; font-size: 16px; height: 24px; line-height: 24px; margin-top: -24px; \" class=\"product_original_name\">VEVOR Flammable Safety Cabinet, 128.7 L, Cold-Rolled Steel Flammable Liquid Storage Cabinet, 1095 x 460 x 1273 mm Explosion Proof with 1 Adjustable Shelf 2 Manual Closing Doors for Industrial Use, Yellow<\/div>\n<div style=\"color: #fff!important; font-size: 16px; height: 24px; line-height: 24px; margin-top: -24px; \" class=\"product_sku\">M4I4L16W<\/div>\n<div style=\"color: #fff!important; font-size: 16px; height: 24px; line-height: 24px; margin-top: -24px; \" class=\"product_mpn\">YRFBJ1104612TEO7KV0<\/div><div id=\"js-DM_at-goodDescRich\"><html><head><style>  body {    font-family: Arial;    line-height: 1.5;    color: #1c1c1c;    overflow-x: hidden;    margin: 0;    padding: 0;  }  .MsoNormal b {    font-weight: bolder;  }<\/style><style>  .container.small {    width: 970px;    margin: 0 auto;  }  .logo {    margin: 0 auto 0;  }  .logo img {    display: block;    margin: 0 auto;    max-width: 100%;  }  .logo .pc-banner {    display: block;    width: 1200px;    height: 247.4px;    margin: 0 auto;  }  .logo .pc-banner.small {    width: 970px;  }  .logo .pc-banner.small img {    height: auto!important;  }  .logo .m-banner {    display: none;  }  .ytvideo {    position: relative;    height: 546px;    width: 100%;    margin: 0 auto;  }  .ytvideo img {    width: 100%;    margin: 0 auto;  }  .ytvideo .play-btn {    width: 60px;    height: 42px;    position: absolute;    top: 50%;    left: 50%;    transform: translate(-50%, -50%);    background: url(\"data:image\/png;base64,iVBORw0KGgoAAAANSUhEUgAAAGQAAABGCAMAAAANWMFbAAAC+lBMVEUAAADBGB3kLCfBGB3kLCfcJC7BFx3KKSbiKybkLCbWJCPSIiLSIiLPICHAFx3kLCfgKSXNHiDZJiTIGx\/p4eHcjo7LHSDbJyTkLCbjKyfOHyHPIiL28fHJHB\/GGh7EGR7eKCXDGB3RISHlLSbBGB3AFxzGHB7DGB7BGB3hKybkKybAFx3lLCfAFxzDGR3hKibDGB7cJyTmz8\/elJTlwcHjurrUIyLlLSflLSfAFx3DGR7lLSfCFx3hKibhKibhKybjKybkLCblLSfbJSX49vbx7e3NNzjNMTLMJyjVIyLZf3\/ZQ0LaeHjx0tLgoqLkLCfCGB3HGx\/BGB3BFx3PICHCGB7WJCLOHyC\/Fxy\/Fx3lLCfQISHkLSe\/FxzbJiTBFx3FGx\/AGB7BFx3EGR7AGB3HHSDfKiXAFh3TISHYNzbhKibbJyTTIiL57e325+f039\/v2NjUV1fOHiHiqanfmprch4feKSXVIyPOICHmLibFGh\/mLSe\/Fx7XJCPeKSXXJSPNHyHaJyTGGh7lLCbmLCflLSjSIiLkLCbdKSXLHiC\/GB3KHh++Fh3lKyfoLiXcKCPkx8fYb2\/XaGfVXl3aU1LLHiDksbHgKibPICHbJyTfKSXbJyTCGB3KHSDiKybFGh7TIiL\/\/\/\/VIyPRISHIHB\/GGx\/HHB\/DGR7gKibdKCXLHiDZJiTMHiDNHyHYJSTOICHPICHWJCPcKCXXJSPjLCblLCf+\/f3NGR\/uLijzLynPGR\/IGB7WISHaIyLLGh7UAADxLynNAADRLzDbICLQAADIAAD3MCrUHSHXMTDpKSbLAADp5OTij4\/ejo\/VLy\/1LyngJSTcJCPQHx\/OHB7+\/PzaMS\/OLS\/vLijrLSjSAADaNTPwLyjkKSbNJCbYISHPHB\/KGB7WAAD7+vrn3d3aKynTKCjoLCfsKifRGh\/YAADq5+fhjo7QNDXXKCfmJyXt5+fTLzDLLi\/QKivYHRvMGBrQJCXLISPMExXLDxLaEAvkkI\/bOTfaFQ\/SCgpvLcnHAAAAmnRSTlMA+vv7+gT9Bvf9+8z8\/NSv\/Pr5+P7++vnQIBMP\/v38\/Pn348XDiCYf9OjbzcqxXVcx\/fz8+\/rj1r2poo1+fXFqX0orGP7+\/v7+\/fz8+\/r68uzn4trIxsG\/vri3p6GcmZSNbWVYUUZEPQv+\/f39+\/v7+\/v7+vr64tvV1NTTz87FtbSurqeblJKFg4B3bUY+NjL7+\/v7+\/v67t1cDo8JLQAABkRJREFUWMO0kz9rwkAYh0OIeJkum6YugUAhISCdKoj\/P4C7SMdS+gEKIhSKil10LSg4mzXkILdlEpxCpwTiWOLX6BujvQaEQuGeHLnL+\/64J+SIcKGYTYWnntpdLjrVdqvZmNdn0+EE40GtpuuWVS6Xx6N7YDSGpWXpeq02wHgynM7q80az1a52HpddtVcpsi1zFARBrdaxbhp9iUReTGmwA4KAAr7vx3EYejnCMI6hQYEgy0LQi4jUN0wL19vqFcUC9\/1dAKmEEFkWRYkh5oBejnxQJiSJPJ\/uKBp0Thszx9Mw8hMRIQjKsptCfuES9zr5WJY6vSFCIvE9fCMUmEM1A1kSXcYGxgVYsvI1IPKTZciSTI0us\/SMGG04gDzELDoFBwdcFJrF88dqgYMTiL6DILWYyfOWE8\/kIz38olCNlC03FK95+imxp6y4oUSvAnBjHHhKNtotSDqJzVFiK8c2SBqhZtsrTtgrLXwAyduxZHNE26eHUt5rtuM4WSmds3G+sUdWYo1L+XyxButoh5eKUHk5lByO3G1LqqCWVnfrv\/lyPtf\/4ps1cndNGIri8J1TJ0lx6dR\/oPjq1nbRwdp2dCk4CtIOLW3pVKRL6WZfS5vF2KkIQhpwSsjiYIgNCs1gEMGqiIq24NQX9NwoXFy8Ufrl3twTcg4fv8T9\/JBEySduj6Mjm4bMzYV7EEOxKjjoNDud7yY3Dy71Hq2oLmqfbNR723edH9PgMrNL2utoQ3VmaIDkiw\/4w51P06hlZsTZvkRrbVuSIs\/zwSOsycgzStQouoAkWQqioRT5XI7n2Z1wfVhoZmcAJLsoqjqpjbWCgpOAJXBwHK8PzWbNvoUZJND5wCnSkLAkZ1legx6vqQzjoiTahKlGUGLAiIIoABOHaNVw4sexZBym6\/HWlH5h3IC7yRbxtipcWxdTOkORKiNQAEkFf66x5S2oeRbroOlLgg0sSYkR0hRGEqJZ0jTPiQKatESdBckpWigxaapEH0lImHdWu9pUFF2XqMNM2Z4kped7IwEJw2qabwtrQqnpw6HyKkgcadKWsmpywwesDyIhYRpdzXddqegtGIJlXbAIUMOLkGxJUjRIkokwjUaX9d\/kK62ps\/tYUqZLIMkLTyBhsMZ3C5Z\/kDxOSCb\/DOs\/\/J0qcWSX\/2ipe56EgTCA4\/cB7NAYOsni4mZM1MUPAISoEwkDi4lhVBQ1cWQyIcwalw4EpqZN68JUSK7XC0kTlkLYii5uXSC8jT5ncCAS7mjCv0uHp\/3lueHEEAeQ\/\/VgmdN71\/2uCSA1Xr6DO6uI6sW56zqT2tp2PhgiRUAajV8CY2fkcz6WGNKMgLAt7tJAhD4YHMTeRxlALE6+43WqjSWi8ITxyJl8WrwWSNESQZZOqhDDntO3hJLsd5RtSpbJqdv3YrDJH3F7jL1R2O2aQkn2MyCyKYz0GPGIvSAMgBCrCEiJyKbBaYGwLW4uPRr0A0M4Ux5kUI7IBh+hMdiCEWNqhMZGyYMsOgNE58UQuEQeUnSWCMYwL54hkxK6IoqucQZbQ3pc3XtL0lky1dL0zZJJDpWJovFqpWj6JEHnyam2eQp5QRVAVHjWparTOaVwUOx99YS2MvgxIGV0bb+qIg2HX2qkFFJB+XZcbLiuRkuxD9GRroKyveLxdh4d7Orx+hb7qc3uVRuEogCOnyIxm4ubUoPgF4jianDrC+SDQDKEfJb0GUKmjCGPYHGJvVC6X4hw1\/sAfQAdfYyephIaspXe36RwOP+Ljvfx9B6B3i+Nk0DGq+oCbLn6JpBa9nWAveAIHwFAwtVcIJXPMPL8kRu5OAYPMaL1WScTxjiZDqB9LTJSWphow\/pTYKRTLjCBhvi9iBidvKcDasGSm0QQkycYuLBqj6QCELPctqChDWpTRMWkngNNpQ1Pfp1KkiT\/Y0DGffXAweUNfLAfaJFKDwhb6I+bkYRbkERoEeu3Fyjg2opMz2daZCS9jt6Q7txNfB+OZEVF6Zl5web2xunnLQrtrjXseXKaFYziYINeMFZVxS9VxRhOoesYwxPKXm+gWLG9cuFeq93UNNeJNsf1KlwuDok9n02n3TgIJpOxNfL9naIoQwXtfH9kjceTIIi709ncTg6LZbg+biLH1V6u\/7rxBem06VXKn9raAAAAAElFTkSuQmCC\")      no-repeat center center \/ contain;  }  @media screen and (max-width: 960px) and (orientation: portrait) {    .logo {      width: 100%;    }    .logo .pc-banner {      display: none;    }    .logo .m-banner {      display: block;      width: 100%;    }    .logo .m-banner img {      height: auto!important;    }    .ytvideo {      height: 200px;      width: 100%;    }  }<\/style><style>  .video-section {    width: 100%;    margin: 0 auto;  }  .video-section > img {    width: 100%;  }  .video-section iframe,  .video-section video {    width: 100%;    height: 100%;      }  .video-section-img-m,  .video-section-img-pc > img {    width: 100%;    height: auto;  }  .video-section-img-pc.small > img {    width: 970px;  }  .video-desc {    line-height: 1.5;    font-size: 20px;    font-weight: 400;    margin: 20px 0;    text-align: center;    color: #0f1111;    word-break: break-word;  }  @media screen and (max-width: 960px) and (orientation: portrait) {    .video-section {      width: 100%;    }    .video-section-pc,    .video-section-img-pc {      display: none;    }    .video-section-m,    .video-section-img-m {      display: block;    }    .video-desc {      font-size: 15px;    }  }  @media screen and (min-width: 960px) {    .video-section {      width: 100%;      margin: 0 auto;    }    .video-section-pc,    .video-section-img-pc {      display: block;    }    .video-section-m,    .video-section-img-m {      display: none;    }    .video-desc {      font-size: 20px;    }  }<\/style><style>  .section + .section {    margin-top: 35px;  }  .section-title {    text-align: center;    font-weight: bold;    color: #0d1111;    font-family: \"Arial\";    font-size: 32px;    margin: 15px 0;  }  .section-title:empty {    display: none;  }  .section-desc {    text-align: center;    font-weight: normal;    color: #0d1111;    margin-top: 20px;  }  .section-desc:empty {    display: none;  }  .section-img {    width: 1200px;    height: 492px;    margin: 0 auto;    display: block;  }  .section-img.small {    width: 970px;    height: auto;  }  .section-img.small > img {    height: auto;  }  .section-img > img {    width: 100%;    height: 100%;  }  .section-mobile-img {    display: none;    max-width: 100vw;    max-height: 75vw;    height: 450px;    margin: 0 auto;  }  .section-mobile-img > img {    width: 100%;    height: 100%;  }  @media screen and (max-width: 960px) and (orientation: portrait) {    .container {      width: 100%;    }    .container.small {      width: 100%;    }    .section-mobile-img {      display: block;    }    .section-img {      display: none;    }    .section-title {      font-size: 22px;      margin: 10px 0;    }    .section-desc {      margin-top: 10px;    }    .section + .section {      margin-top: 20px;    }  }<\/style><\/head><body><div class=\"container\"><div class=\"logo\"><div class=\"pc-banner\"><div><img decoding=\"async\" src=\"\/vevor\/vevor\/boutique-banner\/pc\/en-pc@1x.jpg\" style=\"width: 100%;\" \/><\/div><\/div><div class=\"m-banner\"><div><img decoding=\"async\" src=\"\/vevor\/vevor\/boutique-banner\/mobile\/en-m@1x.jpg\" style=\"width: 100%;\" \/><\/div><\/div><\/div><div class=\"section-title\">34 Gallon Flammable Liquid Storage Cabinet<\/div><div class=\"video-section\"><div class=\"video-section-img-pc\"><img decoding=\"async\" src=\"\/vevor\/product\/YRFBJ1104612TEO7K\/flammable-storage-cabinet-a100-1.4.jpg\" alt=\"VEVOR tuleohtlik s\u00e4ilitamise kapp on tehase seadistus vastavalt ikoonid ja ohutuse sildid.\" \/><\/div><div class=\"video-section-img-m\"><img decoding=\"async\" src=\"\/vevor\/product\/YRFBJ1104612TEO7K\/flammable-storage-cabinet-a100-1.4-m.jpg\" alt=\"VEVOR tuleohtlik s\u00e4ilitamise kapp on tehase seadistus vastavalt ikoonid ja ohutuse sildid.\" \/><\/div><div class=\"section-desc\">Tutvustame meie tuleohtlik ohutuse kapis, ehitatud Q235 k\u00fclma-valtsitud terasest vastupidavuse. See on projekteeritud ventilatsiooni augud, alg\u00f5petuse dirigent ja kogumise mahuti, koosoleku-FM-heakskiidetud NFPA Kood 30 ja OSHA standarditele. Turvalisus on meie prioriteet, ja me oleme saanud teie h\u00f5lmatud!<\/div><\/div><div class=\"section\"><div class=\"section-title\"><\/div><div class=\"section-img\"><img decoding=\"async\" src=\"\/vevor\/product\/YRFBJ1104612TEO7K\/flammable-storage-cabinet-a100-2.2.jpg\" alt=\"kollane VEVOR tuleohtlik s\u00e4ilitamise kapp vent avad, madalikule dirigent, ja ohutusn\u00f5uded.\" \/><\/div><div class=\"section-mobile-img\"><img decoding=\"async\" src=\"\/vevor\/product\/YRFBJ1104612TEO7K\/flammable-storage-cabinet-a100-2.2-m.jpg\" alt=\"kollane VEVOR tuleohtlik s\u00e4ilitamise kapp vent avad, madalikule dirigent, ja ohutusn\u00f5uded.\" \/><\/div><div class=\"section-desc\">Meie tuleohtlik vedelik s\u00e4ilitamise kapp sisaldab ventilatsiooni augud, et v\u00e4ltida buildup lenduvad aurud. Madalikule dirigent v\u00e4ldib staatilise elektri s\u00e4demete, mis v\u00f5ib p\u00f5hjustada plahvatusi. Lisaks kogumismahutisse sisaldab v\u00f5imalikud lekked, mis veelgi t\u00f5hustada turvalisust.<\/div><\/div><div class=\"section\"><div class=\"section-title\"><\/div><div class=\"section-img\"><img decoding=\"async\" src=\"\/vevor\/product\/YRFBJ1104612TEO7K\/flammable-storage-cabinet-a100-2.3.jpg\" alt=\"VEVOR tuleohtlik s\u00e4ilitamise kapp reguleeritavad riiulid, salvestab kuni 30 gallonit.\" \/><\/div><div class=\"section-mobile-img\"><img decoding=\"async\" src=\"\/vevor\/product\/YRFBJ1104612TEO7K\/flammable-storage-cabinet-a100-2.3-m.jpg\" alt=\"VEVOR tuleohtlik s\u00e4ilitamise kapp reguleeritavad riiulid, salvestab kuni 30 gallonit.\" \/><\/div><div class=\"section-desc\">With a generous 34-gallon storage capacity, our flammable storage cabinet can accommodate various flammable and combustible materials, such as alcohol, glue, banana oil, gasoline, and more. You'll have the space you need to store these items securely.<\/div><\/div><div class=\"section\"><div class=\"section-title\"><\/div><div class=\"section-img\"><img decoding=\"async\" src=\"\/vevor\/product\/YRFBJ1104612TEO7K\/flammable-storage-cabinet-a100-2.4.jpg\" alt=\"triple-punkt turvalisuse lukustamine ja 180\u00b0 k\u00e4sitsi ukse avamise kohta VEVOR tuleohtlik s\u00e4ilitamise kapp.\" \/><\/div><div class=\"section-mobile-img\"><img decoding=\"async\" src=\"\/vevor\/product\/YRFBJ1104612TEO7K\/flammable-storage-cabinet-a100-2.4-m.jpg\" alt=\"triple-punkt turvalisuse lukustamine ja 180\u00b0 k\u00e4sitsi ukse avamise kohta VEVOR tuleohtlik s\u00e4ilitamise kapp.\" \/><\/div><div class=\"section-desc\">Meie k\u00fctuse ladustamine kapp on varustatud turvalise kolm-punkt v\u00f5ti luku mehhanism, pakkudes lisakaitset oma salvestatud punkte ja v\u00e4ltida v\u00f5imalikke ohte. Lisaks, ukse saab k\u00e4sitsi avada kuni 180\u00b0 nurga jaoks mugav ligip\u00e4\u00e4s ja ladustamine.<\/div><\/div><div class=\"section\"><div class=\"section-title\"><\/div><div class=\"section-img\"><img decoding=\"async\" src=\"\/vevor\/product\/YRFBJ1104612TEO7K\/flammable-storage-cabinet-a100-2.5.jpg\" alt=\"VEVOR tuleohtlik s\u00e4ilitamise kapp t\u00f6\u00f6koda, valmistamise tehas, ja garaa\u017e t\u00f6\u00f6koda seaded.\" \/><\/div><div class=\"section-mobile-img\"><img decoding=\"async\" src=\"\/vevor\/product\/YRFBJ1104612TEO7K\/flammable-storage-cabinet-a100-2.5-m.jpg\" alt=\"VEVOR tuleohtlik s\u00e4ilitamise kapp t\u00f6\u00f6koda, valmistamise tehas, ja garaa\u017e t\u00f6\u00f6koda seaded.\" \/><\/div><div class=\"section-desc\">Meie tuleohtlike ainete s\u00e4ilitamise kapp vastab vajadustele erinevate keskkondade, mist\u00f5ttu on ideaalne kasutamiseks seminaridel, valmistamise vahendid, t\u00f6\u00f6ruumid, garaa\u017e, ning muudes kohtades, kus s\u00fcttivad ja p\u00f5levad materjalid peavad olema salvestatud kindlalt.<\/div><\/div><div class=\"section\"><div class=\"section-img\"><img decoding=\"async\" src=\"\/vevor\/product\/YRFBJ1104612TEO7K\/flammable-storage-cabinet-a100-1.11.jpg\" alt=\"VEVOR tuleohtlik s\u00e4ilitamise kapp, kollane, 43.1x18.1x50.1 cm, ss-1270, q235 terasest, 192.5 lbs.\" \/><\/div><div class=\"section-mobile-img\"><img decoding=\"async\" src=\"\/vevor\/product\/YRFBJ1104612TEO7K\/flammable-storage-cabinet-a100-1.11-m.jpg\" alt=\"VEVOR tuleohtlik s\u00e4ilitamise kapp, kollane, 43.1x18.1x50.1 cm, ss-1270, q235 terasest, 192.5 lbs.\" \/><\/div><\/div><\/div><\/body><\/html><\/div>\n<div class=\"DM_at-title\" id=\"js-DM_at-title\"> <div>Toote spetsifikatsioon<\/div> <i class=\"icon-arrowup_line\"><\/i> <\/div><div class=\"DM_at-goodsDescAttr\" id=\"js-DM_at-goodsDescAttr\"> <div class=\"DM_at-goodsDescAttrInner\"> <dl class=\"goodsDesc_item goodsDesc_item_even\"> <dt>Punkt Mudeli Number<\/dt> <dd> SS-1270<\/dd> <\/dl> <dl class=\"goodsDesc_item\"> <dt>Kapp V\u00f5imsus<\/dt> <dd> 30 Gallon<\/dd> <\/dl> <dl class=\"goodsDesc_item goodsDesc_item_even\"> <dt>Arv Riiul<\/dt> <dd> 1 TK<\/dd> <\/dl> <dl class=\"goodsDesc_item\"> <dt>Neto Kaal<\/dt> <dd> 192.5 lbs\/87.3 kg<\/dd> <\/dl> <dl class=\"goodsDesc_item goodsDesc_item_even\"> <dt>Toote M\u00f5\u00f5tmed<\/dt> <dd> 43.1 x 18.1 x 50.1 in\/1095 x 460 x 1273 mm<\/dd> <\/dl> <\/div> <\/div>","protected":false},"excerpt":{"rendered":"<ul>\n<li> Vastupidav Materjal, loodud kestma: Meie tuleohtlik vedelik s\u00e4ilitamise kapp on valmistatud Q235 k\u00fclma-valtsitud terasest, t\u00e4ielikult keevitatud terasest keha (nr needid, kruvid, v\u00f5i spot welding). Ukse paneel on \u00f5\u00f5nes disain 1-1\/2 tolli \u00f5huvahe, mis aitab aeglustada soojus\u00fclekande ja v\u00e4hendab riski, tulekahjud ja plahvatused. Riiul on valmistatud tsingitud terasest, tulekindlad kulumise ja korrosiooni eest, tagades pikaajalise tulemuslikkuse isegi rasketes keskkondades. <\/li>\n<li> Turvalisus Iga Detail: Meie tuleohtlik ohutuse kapis omadused ventilatsiooni augud, et t\u00f5husalt v\u00e4hendada buildup lenduvad gaasid. See sisaldab ka kogumismahutisse, et v\u00e4ltida kahjulikke vedeliku leket, mis v\u00f5ib kujutada endast ohtu. Madalikule dirigent samuti v\u00e4ldib staatilise elektri ja v\u00e4hendab riski, et plahvatused. Need mitu julgeoleku meetmeid, et anda teile meelerahu, kui kasutate kapp. <\/li>\n<li> Spacious Storage Capacity: With a generous 34-gallon storage capacity and an adjustable shelf, our flammable storage cabinet provides ample space for storing various items. The shelf can be easily adjusted to accommodate objects of different heights, making it convenient to store flammable and combustible materials such as alcohol, glue, banana oil, and gasoline. Keep your hazardous materials organized and secure in this spacious cabinet. <\/li>\n<li> 3-Punkti Lukustus S\u00fcsteem: Meie k\u00fctuse ladustamiseks kapis funktsioone turvaline kolm-punkt lukustuss\u00fcsteem ja vastupidav riivi, kaitsta oma salvestatud punkte ja v\u00e4ltida v\u00f5imalikke ohte. Kui k\u00e4sitsi sulgeda, ust saab avada kuni 180 kraadi, mis v\u00f5imaldab lihtsat juurdep\u00e4\u00e4su sinu materjale. Turvalisuse ja mugavuse \u00fchendatud \u00fchte tugev konstruktsioon. <\/li>\n<li> Ulatuslik Kohaldatavus: Meie tuleohtlike materjalide ladustamise kapp vastab FM-heakskiidetud NFPA Kood 30 ja OSHA standardid, tagada turvalisus ja vastupidavus. See sobib mitmesuguseid rakendusi, sh t\u00f6\u00f6kojad, tootmisettev\u00f5tted ja t\u00f6\u00f6ruumid, garaa\u017e. Meie tuleohtlik vedelik s\u00e4ilitamise kapp on teile kaetud. <\/li>\n<\/ul>","protected":false},"featured_media":289561,"comment_status":"closed","ping_status":"open","template":"","meta":{"om_disable_all_campaigns":false,"_uf_show_specific_survey":0,"_uf_disable_surveys":false},"location":[1935,1934],"product_brand":[21],"product_cat":[2975,2974,2631,2630,2506],"product_tag":[],"class_list":{"0":"post-30567","1":"product","2":"type-product","3":"status-publish","4":"has-post-thumbnail","6":"location-supplier_stock_location","7":"location-local_stock_location","8":"product_brand-vevor","9":"product_cat-flammable-cabinets","10":"product_cat-free-standing-cabinets","11":"product_cat-garage-cabinets","12":"product_cat-garage-storage","13":"product_cat-storage-organization-2","15":"first","16":"instock","17":"taxable","18":"shipping-taxable","19":"purchasable","20":"product-type-simple"},"aioseo_notices":[],"locations":[{"id":1935,"name":"Pieg\u0101d\u0101t\u0101ja noliktav\u0101 (5-7dd)","slug":"supplier_stock_location","quantity":"38"},{"id":1934,"name":"R\u012bgas veikal\u0101 (0-2d.d.)","slug":"local_stock_location","quantity":"0"}],"_links":{"self":[{"href":"https:\/\/vevorshop.lv\/et\/wp-json\/wp\/v2\/product\/30567","targetHints":{"allow":["GET"]}}],"collection":[{"href":"https:\/\/vevorshop.lv\/et\/wp-json\/wp\/v2\/product"}],"about":[{"href":"https:\/\/vevorshop.lv\/et\/wp-json\/wp\/v2\/types\/product"}],"replies":[{"embeddable":true,"href":"https:\/\/vevorshop.lv\/et\/wp-json\/wp\/v2\/comments?post=30567"}],"wp:featuredmedia":[{"embeddable":true,"href":"https:\/\/vevorshop.lv\/et\/wp-json\/wp\/v2\/media\/289561"}],"wp:attachment":[{"href":"https:\/\/vevorshop.lv\/et\/wp-json\/wp\/v2\/media?parent=30567"}],"wp:term":[{"taxonomy":"location","embeddable":true,"href":"https:\/\/vevorshop.lv\/et\/wp-json\/wp\/v2\/location?post=30567"},{"taxonomy":"product_brand","embeddable":true,"href":"https:\/\/vevorshop.lv\/et\/wp-json\/wp\/v2\/product_brand?post=30567"},{"taxonomy":"product_cat","embeddable":true,"href":"https:\/\/vevorshop.lv\/et\/wp-json\/wp\/v2\/product_cat?post=30567"},{"taxonomy":"product_tag","embeddable":true,"href":"https:\/\/vevorshop.lv\/et\/wp-json\/wp\/v2\/product_tag?post=30567"}],"curies":[{"name":"wp","href":"https:\/\/api.w.org\/{rel}","templated":true}]}}