{"id":30898,"date":"2024-11-18T20:51:28","date_gmt":"2024-11-18T20:51:28","guid":{"rendered":"http:\/\/vevorshop.edigo.lv\/Prece\/vevor-pizza-steel-20-x-14-x-3-8-pizza-steel-plate-for-oven-pre-seasoned-carbon-steel-pizza-baking-stone-with-20x-higher-conductivity-heavy-duty-rustproof-pizza-pan-for-outdoor-grill-indoor-o\/"},"modified":"2026-04-20T16:29:21","modified_gmt":"2026-04-20T13:29:21","slug":"vevor-pizza-steel-20-x-14-x-3-8-pizza-steel-plate-for-oven-pre-seasoned-carbon-steel-pizza-baking-stone-with-20x-higher-conductivity-heavy-duty-rustproof-pizza-pan-for-outdoor-grill-indoor-o","status":"publish","type":"product","link":"https:\/\/vevorshop.lv\/et\/Prece\/vevor-pizza-teras-20-x-14-x-3-8-pizza-terasplaat-ahju-eelmaitsestatud-susinikterasest-pizza-kupsetuskivi-20-x-suurema-juhtivusega-raskeveokite-roostekindel-pizza-pann-valigrilli-siseruumides-o\/","title":{"rendered":"VEVOR eelmaitsestatud pitsaplaat 51x36x1cm \u2013 vastupidav s\u00fcsinikterasest k\u00fcpsetuskivi ahjule ja grillile, roostekindel ja hea soojusjuhtivus"},"content":{"rendered":"<div style=\"color: #fff!important; font-size: 16px; height: 24px; line-height: 24px; margin-top: -24px; \" class=\"product_original_name\">VEVOR Pizza Steel, 20 \"x 14\" x 3\/8\" Pizza Steel Plate ahjule, Eelmaitsestatud s\u00fcsinikterasest pitsa k\u00fcpsetuskivi 20 X k\u00f5rgema juhtivusega, Raskeveokite roostekindel pitsapann v\u00e4ligrillile, siseahi<\/div>\n<div style=\"color: #fff!important; font-size: 16px; height: 24px; line-height: 24px; margin-top: -24px; \" class=\"product_sku\">M4I4L1NL<\/div>\n<div style=\"color: #fff!important; font-size: 16px; height: 24px; line-height: 24px; margin-top: -24px; \" class=\"product_mpn\">FXPSPSGB2014V3XP7V0<\/div><div id=\"js-DM_at-goodDescRich\"><html><head><style>  body {    font-family: Arial;    line-height: 1.5;    color: #1c1c1c;    overflow-x: hidden;    margin: 0;    padding: 0;  }  .MsoNormal b {    font-weight: bolder;  }<\/style><style>  .container.small {    width: 970px;    margin: 0 auto;  }  .logo {    margin: 0 auto 0;  }  .logo img {    display: block;    margin: 0 auto;    max-width: 100%;  }  .logo .pc-banner {    display: block;    width: 1200px;    height: 247.4px;    margin: 0 auto;  }  .logo .pc-banner.small {    width: 970px;  }  .logo .pc-banner.small img {    height: auto!important;  }  .logo .m-banner {    display: none;  }  .ytvideo {    position: relative;    height: 546px;    width: 100%;    margin: 0 auto;  }  .ytvideo img {    width: 100%;    margin: 0 auto;  }  .ytvideo .play-btn {    width: 60px;    height: 42px;    position: absolute;    top: 50%;    left: 50%;    transform: translate(-50%, -50%);    background: url(\"data:image\/png;base64,iVBORw0KGgoAAAANSUhEUgAAAGQAAABGCAMAAAANWMFbAAAC+lBMVEUAAADBGB3kLCfBGB3kLCfcJC7BFx3KKSbiKybkLCbWJCPSIiLSIiLPICHAFx3kLCfgKSXNHiDZJiTIGx\/p4eHcjo7LHSDbJyTkLCbjKyfOHyHPIiL28fHJHB\/GGh7EGR7eKCXDGB3RISHlLSbBGB3AFxzGHB7DGB7BGB3hKybkKybAFx3lLCfAFxzDGR3hKibDGB7cJyTmz8\/elJTlwcHjurrUIyLlLSflLSfAFx3DGR7lLSfCFx3hKibhKibhKybjKybkLCblLSfbJSX49vbx7e3NNzjNMTLMJyjVIyLZf3\/ZQ0LaeHjx0tLgoqLkLCfCGB3HGx\/BGB3BFx3PICHCGB7WJCLOHyC\/Fxy\/Fx3lLCfQISHkLSe\/FxzbJiTBFx3FGx\/AGB7BFx3EGR7AGB3HHSDfKiXAFh3TISHYNzbhKibbJyTTIiL57e325+f039\/v2NjUV1fOHiHiqanfmprch4feKSXVIyPOICHmLibFGh\/mLSe\/Fx7XJCPeKSXXJSPNHyHaJyTGGh7lLCbmLCflLSjSIiLkLCbdKSXLHiC\/GB3KHh++Fh3lKyfoLiXcKCPkx8fYb2\/XaGfVXl3aU1LLHiDksbHgKibPICHbJyTfKSXbJyTCGB3KHSDiKybFGh7TIiL\/\/\/\/VIyPRISHIHB\/GGx\/HHB\/DGR7gKibdKCXLHiDZJiTMHiDNHyHYJSTOICHPICHWJCPcKCXXJSPjLCblLCf+\/f3NGR\/uLijzLynPGR\/IGB7WISHaIyLLGh7UAADxLynNAADRLzDbICLQAADIAAD3MCrUHSHXMTDpKSbLAADp5OTij4\/ejo\/VLy\/1LyngJSTcJCPQHx\/OHB7+\/PzaMS\/OLS\/vLijrLSjSAADaNTPwLyjkKSbNJCbYISHPHB\/KGB7WAAD7+vrn3d3aKynTKCjoLCfsKifRGh\/YAADq5+fhjo7QNDXXKCfmJyXt5+fTLzDLLi\/QKivYHRvMGBrQJCXLISPMExXLDxLaEAvkkI\/bOTfaFQ\/SCgpvLcnHAAAAmnRSTlMA+vv7+gT9Bvf9+8z8\/NSv\/Pr5+P7++vnQIBMP\/v38\/Pn348XDiCYf9OjbzcqxXVcx\/fz8+\/rj1r2poo1+fXFqX0orGP7+\/v7+\/fz8+\/r68uzn4trIxsG\/vri3p6GcmZSNbWVYUUZEPQv+\/f39+\/v7+\/v7+vr64tvV1NTTz87FtbSurqeblJKFg4B3bUY+NjL7+\/v7+\/v67t1cDo8JLQAABkRJREFUWMO0kz9rwkAYh0OIeJkum6YugUAhISCdKoj\/P4C7SMdS+gEKIhSKil10LSg4mzXkILdlEpxCpwTiWOLX6BujvQaEQuGeHLnL+\/64J+SIcKGYTYWnntpdLjrVdqvZmNdn0+EE40GtpuuWVS6Xx6N7YDSGpWXpeq02wHgynM7q80az1a52HpddtVcpsi1zFARBrdaxbhp9iUReTGmwA4KAAr7vx3EYejnCMI6hQYEgy0LQi4jUN0wL19vqFcUC9\/1dAKmEEFkWRYkh5oBejnxQJiSJPJ\/uKBp0Thszx9Mw8hMRIQjKsptCfuES9zr5WJY6vSFCIvE9fCMUmEM1A1kSXcYGxgVYsvI1IPKTZciSTI0us\/SMGG04gDzELDoFBwdcFJrF88dqgYMTiL6DILWYyfOWE8\/kIz38olCNlC03FK95+imxp6y4oUSvAnBjHHhKNtotSDqJzVFiK8c2SBqhZtsrTtgrLXwAyduxZHNE26eHUt5rtuM4WSmds3G+sUdWYo1L+XyxButoh5eKUHk5lByO3G1LqqCWVnfrv\/lyPtf\/4ps1cndNGIri8J1TJ0lx6dR\/oPjq1nbRwdp2dCk4CtIOLW3pVKRL6WZfS5vF2KkIQhpwSsjiYIgNCs1gEMGqiIq24NQX9NwoXFy8Ufrl3twTcg4fv8T9\/JBEySduj6Mjm4bMzYV7EEOxKjjoNDud7yY3Dy71Hq2oLmqfbNR723edH9PgMrNL2utoQ3VmaIDkiw\/4w51P06hlZsTZvkRrbVuSIs\/zwSOsycgzStQouoAkWQqioRT5XI7n2Z1wfVhoZmcAJLsoqjqpjbWCgpOAJXBwHK8PzWbNvoUZJND5wCnSkLAkZ1legx6vqQzjoiTahKlGUGLAiIIoABOHaNVw4sexZBym6\/HWlH5h3IC7yRbxtipcWxdTOkORKiNQAEkFf66x5S2oeRbroOlLgg0sSYkR0hRGEqJZ0jTPiQKatESdBckpWigxaapEH0lImHdWu9pUFF2XqMNM2Z4kped7IwEJw2qabwtrQqnpw6HyKkgcadKWsmpywwesDyIhYRpdzXddqegtGIJlXbAIUMOLkGxJUjRIkokwjUaX9d\/kK62ps\/tYUqZLIMkLTyBhsMZ3C5Z\/kDxOSCb\/DOs\/\/J0qcWSX\/2ipe56EgTCA4\/cB7NAYOsni4mZM1MUPAISoEwkDi4lhVBQ1cWQyIcwalw4EpqZN68JUSK7XC0kTlkLYii5uXSC8jT5ncCAS7mjCv0uHp\/3lueHEEAeQ\/\/VgmdN71\/2uCSA1Xr6DO6uI6sW56zqT2tp2PhgiRUAajV8CY2fkcz6WGNKMgLAt7tJAhD4YHMTeRxlALE6+43WqjSWi8ITxyJl8WrwWSNESQZZOqhDDntO3hJLsd5RtSpbJqdv3YrDJH3F7jL1R2O2aQkn2MyCyKYz0GPGIvSAMgBCrCEiJyKbBaYGwLW4uPRr0A0M4Ux5kUI7IBh+hMdiCEWNqhMZGyYMsOgNE58UQuEQeUnSWCMYwL54hkxK6IoqucQZbQ3pc3XtL0lky1dL0zZJJDpWJovFqpWj6JEHnyam2eQp5QRVAVHjWparTOaVwUOx99YS2MvgxIGV0bb+qIg2HX2qkFFJB+XZcbLiuRkuxD9GRroKyveLxdh4d7Orx+hb7qc3uVRuEogCOnyIxm4ubUoPgF4jianDrC+SDQDKEfJb0GUKmjCGPYHGJvVC6X4hw1\/sAfQAdfYyephIaspXe36RwOP+Ljvfx9B6B3i+Nk0DGq+oCbLn6JpBa9nWAveAIHwFAwtVcIJXPMPL8kRu5OAYPMaL1WScTxjiZDqB9LTJSWphow\/pTYKRTLjCBhvi9iBidvKcDasGSm0QQkycYuLBqj6QCELPctqChDWpTRMWkngNNpQ1Pfp1KkiT\/Y0DGffXAweUNfLAfaJFKDwhb6I+bkYRbkERoEeu3Fyjg2opMz2daZCS9jt6Q7txNfB+OZEVF6Zl5web2xunnLQrtrjXseXKaFYziYINeMFZVxS9VxRhOoesYwxPKXm+gWLG9cuFeq93UNNeJNsf1KlwuDok9n02n3TgIJpOxNfL9naIoQwXtfH9kjceTIIi709ncTg6LZbg+biLH1V6u\/7rxBem06VXKn9raAAAAAElFTkSuQmCC\")      no-repeat center center \/ contain;  }  @media screen and (max-width: 960px) and (orientation: portrait) {    .logo {      width: 100%;    }    .logo .pc-banner {      display: none;    }    .logo .m-banner {      display: block;      width: 100%;    }    .logo .m-banner img {      height: auto!important;    }    .ytvideo {      height: 200px;      width: 100%;    }  }<\/style><style>  .video-section {    width: 100%;    margin: 0 auto;  }  .video-section > img {    width: 100%;  }  .video-section iframe,  .video-section video {    width: 100%;    height: 100%;      }  .video-section-img-m,  .video-section-img-pc > img {    width: 100%;    height: auto;  }  .video-section-img-pc.small > img {    width: 970px;  }  .video-desc {    line-height: 1.5;    font-size: 20px;    font-weight: 400;    margin: 20px 0;    text-align: center;    color: #0f1111;    word-break: break-word;  }  @media screen and (max-width: 960px) and (orientation: portrait) {    .video-section {      width: 100%;    }    .video-section-pc,    .video-section-img-pc {      display: none;    }    .video-section-m,    .video-section-img-m {      display: block;    }    .video-desc {      font-size: 15px;    }  }  @media screen and (min-width: 960px) {    .video-section {      width: 100%;      margin: 0 auto;    }    .video-section-pc,    .video-section-img-pc {      display: block;    }    .video-section-m,    .video-section-img-m {      display: none;    }    .video-desc {      font-size: 20px;    }  }<\/style><style>  .section + .section {    margin-top: 35px;  }  .section-title {    text-align: center;    font-weight: bold;    color: #0d1111;    font-family: \"Arial\";    font-size: 32px;    margin: 15px 0;  }  .section-title:empty {    display: none;  }  .section-desc {    text-align: center;    font-weight: normal;    color: #0d1111;    margin-top: 20px;  }  .section-desc:empty {    display: none;  }  .section-img {    width: 1200px;    height: 492px;    margin: 0 auto;    display: block;  }  .section-img.small {    width: 970px;    height: auto;  }  .section-img.small > img {    height: auto;  }  .section-img > img {    width: 100%;    height: 100%;  }  .section-mobile-img {    display: none;    max-width: 100vw;    max-height: 75vw;    height: 450px;    margin: 0 auto;  }  .section-mobile-img > img {    width: 100%;    height: 100%;  }  @media screen and (max-width: 960px) and (orientation: portrait) {    .container {      width: 100%;    }    .container.small {      width: 100%;    }    .section-mobile-img {      display: block;    }    .section-img {      display: none;    }    .section-title {      font-size: 22px;      margin: 10px 0;    }    .section-desc {      margin-top: 10px;    }    .section + .section {      margin-top: 20px;    }  }<\/style><\/head><body><div class=\"container\"><div class=\"logo\"><div class=\"pc-banner\"><div><img decoding=\"async\" src=\"\/vevor\/vevor\/boutique-banner\/pc\/en-pc@1x.jpg\" style=\"width: 100%;\" \/><\/div><\/div><div class=\"m-banner\"><div><img decoding=\"async\" src=\"\/vevor\/vevor\/boutique-banner\/mobile\/en-m@1x.jpg\" style=\"width: 100%;\" \/><\/div><\/div><\/div><div class=\"section-title\">VEVOR 20&#034; x 14&#034; x 3\/8&#034; Pizza Teras: Kui Kr\u00f5beda Vastab Maitsev<\/div><div class=\"video-section\"><div class=\"video-section-img-pc\"><img decoding=\"async\" src=\"\/vevor\/product\/FXPSPSGB2014V3XP7\/pizza-baking-steel-a100-1.4.jpg\" \/><\/div><div class=\"video-section-img-m\"><img decoding=\"async\" src=\"\/vevor\/product\/FXPSPSGB2014V3XP7\/pizza-baking-steel-a100-1.4-m.jpg\" \/><\/div><div class=\"section-desc\">VEVOR 3\/8&#034; paksenenud s\u00fcsinikterasest pizza terasest plaat on teie \u00fclim kulinaaria kaaslane. See pakub kiiret ja isegi k\u00fctte-20x suurem soojusjuhtivus kui keraamilised kivid, mille tulemuseks on kr\u00f5be ja maitsev pitsa. Ei ole vaja muretseda esialgse maitse; see on eelnevalt maitsestatud valmis kasutamiseks.<\/div><\/div><div class=\"section\"><div class=\"section-title\"><\/div><div class=\"section-img\"><img decoding=\"async\" src=\"\/vevor\/product\/FXPSPSGB2014V3XP7\/pizza-baking-steel-a100-2.2.jpg\" \/><\/div><div class=\"section-mobile-img\"><img decoding=\"async\" src=\"\/vevor\/product\/FXPSPSGB2014V3XP7\/pizza-baking-steel-a100-2.2-m.jpg\" \/><\/div><div class=\"section-desc\">Meie pitsateras l\u00e4bib oks\u00fcdatsioonit\u00f6\u00f6tluse ja p\u00e4rast k\u00f5rgel temperatuuril kasutamist on normaalne siniseks muutuda. Liivapritsit\u00f6\u00f6tlus tagab sileda pinna, muutes puhastamise imelihtsaks ainult pehme lapi ja veega. See on tervislik ja turvaline, pakkudes teile meelerahu teie k\u00fcpsetusvajaduste rahuldamiseks.<\/div><\/div><div class=\"section\"><div class=\"section-title\"><\/div><div class=\"section-img\"><img decoding=\"async\" src=\"\/vevor\/product\/FXPSPSGB2014V3XP7\/pizza-baking-steel-a100-2.3.jpg\" \/><\/div><div class=\"section-mobile-img\"><img decoding=\"async\" src=\"\/vevor\/product\/FXPSPSGB2014V3XP7\/pizza-baking-steel-a100-2.3-m.jpg\" \/><\/div><div class=\"section-desc\">See s\u00fcsinikterasest pizza terasest kivi pakub kiireid ja soojuse \u00fchtlane k\u00fcpsetamine isegi toiduvalmistamiseks. 20x suurem soojusjuhtivus ja topelt soojusmahtuvus kui keraamilised kivid, see annab lahendamata soojustuse toimivust t\u00e4iuslik k\u00fcpsetamine tulemusi iga kord.<\/div><\/div><div class=\"section\"><div class=\"section-title\"><\/div><div class=\"section-img\"><img decoding=\"async\" src=\"\/vevor\/product\/FXPSPSGB2014V3XP7\/pizza-baking-steel-a100-2.4.jpg\" \/><\/div><div class=\"section-mobile-img\"><img decoding=\"async\" src=\"\/vevor\/product\/FXPSPSGB2014V3XP7\/pizza-baking-steel-a100-2.4-m.jpg\" \/><\/div><div class=\"section-desc\">3 lihtsat sammu, et kulinaarne nauding! Koht terasest plaat ahju ja eelsoojendama jaoks 45-60 minutit 550\u00b0F, siis pane oma pizza peale eelsoojendatud terasest plaat 4-6 minutit ja seda kontrollida, et v\u00e4ltida p\u00f5letamine. Kui teha, v\u00f5tta v\u00e4lja oma pitsa ja l\u00f5hnama deliciousness.<\/div><\/div><div class=\"section\"><div class=\"section-title\"><\/div><div class=\"section-img\"><img decoding=\"async\" src=\"\/vevor\/product\/FXPSPSGB2014V3XP7\/pizza-baking-steel-a100-2.5.jpg\" \/><\/div><div class=\"section-mobile-img\"><img decoding=\"async\" src=\"\/vevor\/product\/FXPSPSGB2014V3XP7\/pizza-baking-steel-a100-2.5-m.jpg\" \/><\/div><div class=\"section-desc\">Meie pitsa teraspann sobib siseruumide ahjudele, v\u00e4ligrillidele, suitsetajatele ja muule. \u00dcksk\u00f5ik, kas peate pargis piknikku, \u00f5ues grillimist, telkimist v\u00f5i rannas kogunemist, v\u00f5imaldab see nautida maitsvat toitu igal ajal ja igal pool.<\/div><\/div><div class=\"section\"><div class=\"section-img\"><img decoding=\"async\" src=\"\/vevor\/product\/FXPSPSGB2014V3XP7\/pizza-baking-steel-a100-1.11.jpg\" \/><\/div><div class=\"section-mobile-img\"><img decoding=\"async\" src=\"\/vevor\/product\/FXPSPSGB2014V3XP7\/pizza-baking-steel-a100-1.11-m.jpg\" \/><\/div><\/div><\/div><\/body><\/html><\/div>\n<div class=\"DM_at-title\" id=\"js-DM_at-title\"> <div>Toote spetsifikatsioon<\/div> <i class=\"icon-arrowup_line\"><\/i> <\/div><div class=\"DM_at-goodsDescAttr\" id=\"js-DM_at-goodsDescAttr\"> <div class=\"DM_at-goodsDescAttrInner\"> <dl class=\"goodsDesc_item goodsDesc_item_even\"> <dt>Punkt Mudeli Number<\/dt> <dd> JHQ-CCP-508*355-10<\/dd> <\/dl> <dl class=\"goodsDesc_item\"> <dt>Toote Materjal<\/dt> <dd> Q235 S\u00fcsinik Terasest K\u00fclmvaltsitud Plaat<\/dd> <\/dl> <dl class=\"goodsDesc_item goodsDesc_item_even\"> <dt>Toote M\u00f5\u00f5tmed<\/dt> <dd> 20 x 14 x 3\/8 in \/ 508 x 355 x 10 mm<\/dd> <\/dl> <dl class=\"goodsDesc_item\"> <dt>Toote Kaal<\/dt> <dd> 29.1 lbs \/ 13.2 kg<\/dd> <\/dl> <\/div> <\/div>","protected":false},"excerpt":{"rendered":"<ul>\n<li> Kiire Kr\u00f5be Pizza R\u00f5\u00f5mu: VEVOR 3\/8&#034; paksenenud pizza terasest plaat on uhke tasumata soojusjuhtivus kiire ja isegi k\u00fcte. V\u00f5rreldes keraamilised kivid, meie pizza terasest uhke 20x suurem soojusjuhtivus ja 2x soojusmahtuvus on kr\u00f5bedad ja nami pitsa. Meie 3\/8&#034; paksem terasest plaat, saate s\u00e4ilitada oma toiduga oma temperatuuri enam p\u00e4rast see ahjust v\u00e4lja. <\/li>\n<li> Eelnevalt Kogenud Pizza Teras: Meie 20&#034; x 14&#034; x 3\/8&#034; pizza terasest kivi tuleb eelnevalt kogenud, s\u00e4\u00e4stes vaeva esialgse maitse ja lase teil sukelduda otse veetlev pizza loomingut. Ta on l\u00e4binud oks\u00fcdatsiooni ja liivaprits ravi, tagades rooste-vaba, sile pind ei keemilised j\u00e4\u00e4gid. Puhastamine on imelihtne lihtsalt pehme lapi ja veega! <\/li>\n<li> Raskeveokite Kestva K\u00fcpsetamine: See raskeveokite s\u00fcsinikterasest pizza baking pan on meisterdatud suur tugevus, kulumiskindlus, k\u00f5rge temperatuuritaluvus ja happe-leelise vastupanu. Ta mitte ainult pakub erakordne vastupidavus, kuid v\u00e4ljapaistvaid tulemusi, muutes oma k\u00fcpsetamine siledam ja rohkem pingutusteta. <\/li>\n<li> Kasutaja-S\u00f5bralik Andmed: Meie pizza terasest ahi on h\u00e4sti kavandatud ainulaadne p\u00f6idla auk, mist\u00f5ttu on lihtne riputada seinale ja vaevata kaasaskantav. Ja laseriga l\u00f5igatud ja poleeritud servad tagavad k\u00f5rge k\u00fcpsetamine turvalisuse ja r\u00f5\u00f5m. <\/li>\n<li> Mitmek\u00fclgne Toiduvalmistamis Kaaslane: Ideaalne kasutamiseks nii sise-kui ahjud ja v\u00e4ljas grillid, see s\u00fcsinik terasest pitsa plaat ei ole piiratud, et lihtsalt tegemise pizza; see on piisavalt mitmek\u00fclgne, et kokk pitsa rullides, leib, k\u00fcpsised, quiches, r\u00f6stitud k\u00f6\u00f6giviljad, praed, ja rohkem, oluliselt rikastada oma kulinaarse loovust. <\/li>\n<\/ul>","protected":false},"featured_media":290065,"comment_status":"closed","ping_status":"open","template":"","meta":{"om_disable_all_campaigns":false,"_uf_show_specific_survey":0,"_uf_disable_surveys":false},"location":[1935,1934],"product_brand":[21],"product_cat":[3687,2403,2676,3861,3860],"product_tag":[],"class_list":{"0":"post-30898","1":"product","2":"type-product","3":"status-publish","4":"has-post-thumbnail","6":"location-supplier_stock_location","7":"location-local_stock_location","8":"product_brand-vevor","9":"product_cat-bakeware","10":"product_cat-kitchen","11":"product_cat-kitchenware","12":"product_cat-pizza-baking-steel","13":"product_cat-pizza-pans","15":"first","16":"instock","17":"taxable","18":"shipping-taxable","19":"purchasable","20":"product-type-simple"},"aioseo_notices":[],"locations":[{"id":1935,"name":"Pieg\u0101d\u0101t\u0101ja noliktav\u0101 (5-7dd)","slug":"supplier_stock_location","quantity":"25"},{"id":1934,"name":"R\u012bgas veikal\u0101 (0-2d.d.)","slug":"local_stock_location","quantity":"0"}],"_links":{"self":[{"href":"https:\/\/vevorshop.lv\/et\/wp-json\/wp\/v2\/product\/30898","targetHints":{"allow":["GET"]}}],"collection":[{"href":"https:\/\/vevorshop.lv\/et\/wp-json\/wp\/v2\/product"}],"about":[{"href":"https:\/\/vevorshop.lv\/et\/wp-json\/wp\/v2\/types\/product"}],"replies":[{"embeddable":true,"href":"https:\/\/vevorshop.lv\/et\/wp-json\/wp\/v2\/comments?post=30898"}],"wp:featuredmedia":[{"embeddable":true,"href":"https:\/\/vevorshop.lv\/et\/wp-json\/wp\/v2\/media\/290065"}],"wp:attachment":[{"href":"https:\/\/vevorshop.lv\/et\/wp-json\/wp\/v2\/media?parent=30898"}],"wp:term":[{"taxonomy":"location","embeddable":true,"href":"https:\/\/vevorshop.lv\/et\/wp-json\/wp\/v2\/location?post=30898"},{"taxonomy":"product_brand","embeddable":true,"href":"https:\/\/vevorshop.lv\/et\/wp-json\/wp\/v2\/product_brand?post=30898"},{"taxonomy":"product_cat","embeddable":true,"href":"https:\/\/vevorshop.lv\/et\/wp-json\/wp\/v2\/product_cat?post=30898"},{"taxonomy":"product_tag","embeddable":true,"href":"https:\/\/vevorshop.lv\/et\/wp-json\/wp\/v2\/product_tag?post=30898"}],"curies":[{"name":"wp","href":"https:\/\/api.w.org\/{rel}","templated":true}]}}