{"id":31600,"date":"2024-11-18T21:28:50","date_gmt":"2024-11-18T21:28:50","guid":{"rendered":"http:\/\/vevorshop.edigo.lv\/Prece\/vevor-inflatable-bumper-ball-1-pack-5ft-1-5m-body-sumo-zorb-balls-for-teen-adult-0-8mm-thick-pvc-human-hamster-bubble-balls-for-outdoor-team-gaming-play-bumper-bopper-toys-for-garden-yard-p-3\/"},"modified":"2026-05-02T00:48:45","modified_gmt":"2026-05-01T21:48:45","slug":"vevor-inflatable-bumper-ball-1-pack-5ft-1-5m-body-sumo-zorb-balls-for-teen-adult-0-8mm-thick-pvc-human-hamster-bubble-balls-for-outdoor-team-gaming-play-bumper-bopper-toys-for-garden-yard-p-3","status":"publish","type":"product","link":"https:\/\/vevorshop.lv\/et\/Prece\/vevor-taispuhutav-kaitseraua-pall-1-pakk-5-jalga-1-5-m-keha-sumo-zorb-pallid-teismelisele-taiskasvanule-0-8-mm-paks-pvc-inimese-hamstri-mulli-pallid-valistingimustes-mangimiseks-meeskond-mangimine-kai-2\/","title":{"rendered":"VEVOR 1,5m T\u00e4ispuhutav P\u00f5rkepall Teismelistele ja T\u00e4iskasvanutele, 0,8mm PVC Zorbi P\u00f5rkepall \u00d5ues M\u00e4ngimiseks"},"content":{"rendered":"<div style=\"color: #fff!important; font-size: 16px; height: 24px; line-height: 24px; margin-top: -24px; \" class=\"product_original_name\">VEVOR t\u00e4ispuhutav kaitseraua pall 1-pakk, 5 FT\/1,5 M keha sumo Zorb pallid teismelistele ja t\u00e4iskasvanutele, 0,8 mm paksud PVC inimese hamstri mullipallid v\u00e4listingimustes m\u00e4ngimiseks, kaitseraua bopperi m\u00e4nguasjad aiale, \u00f5uele, parki<\/div>\n<div style=\"color: #fff!important; font-size: 16px; height: 24px; line-height: 24px; margin-top: -24px; \" class=\"product_sku\">M4I4L2L9<\/div>\n<div style=\"color: #fff!important; font-size: 16px; height: 24px; line-height: 24px; margin-top: -24px; \" class=\"product_mpn\">CRKCQPPQZJ5YMDS88V0<\/div><div id=\"js-DM_at-goodDescRich\"><html><head><style>  body {    font-family: Arial;    line-height: 1.5;    color: #1c1c1c;    overflow-x: hidden;    margin: 0;    padding: 0;  }  .MsoNormal b {    font-weight: bolder;  }<\/style><style>  .container.small {    width: 970px;    margin: 0 auto;  }  .logo {    margin: 0 auto 0;  }  .logo img {    display: block;    margin: 0 auto;    max-width: 100%;  }  .logo .pc-banner {    display: block;    width: 1200px;    height: 247.4px;    margin: 0 auto;  }  .logo .pc-banner.small {    width: 970px;  }  .logo .pc-banner.small img {    height: auto!important;  }  .logo .m-banner {    display: none;  }  .ytvideo {    position: relative;    height: 546px;    width: 100%;    margin: 0 auto;  }  .ytvideo img {    width: 100%;    margin: 0 auto;  }  .ytvideo .play-btn {    width: 60px;    height: 42px;    position: absolute;    top: 50%;    left: 50%;    transform: translate(-50%, -50%);    background: url(\"data:image\/png;base64,iVBORw0KGgoAAAANSUhEUgAAAGQAAABGCAMAAAANWMFbAAAC+lBMVEUAAADBGB3kLCfBGB3kLCfcJC7BFx3KKSbiKybkLCbWJCPSIiLSIiLPICHAFx3kLCfgKSXNHiDZJiTIGx\/p4eHcjo7LHSDbJyTkLCbjKyfOHyHPIiL28fHJHB\/GGh7EGR7eKCXDGB3RISHlLSbBGB3AFxzGHB7DGB7BGB3hKybkKybAFx3lLCfAFxzDGR3hKibDGB7cJyTmz8\/elJTlwcHjurrUIyLlLSflLSfAFx3DGR7lLSfCFx3hKibhKibhKybjKybkLCblLSfbJSX49vbx7e3NNzjNMTLMJyjVIyLZf3\/ZQ0LaeHjx0tLgoqLkLCfCGB3HGx\/BGB3BFx3PICHCGB7WJCLOHyC\/Fxy\/Fx3lLCfQISHkLSe\/FxzbJiTBFx3FGx\/AGB7BFx3EGR7AGB3HHSDfKiXAFh3TISHYNzbhKibbJyTTIiL57e325+f039\/v2NjUV1fOHiHiqanfmprch4feKSXVIyPOICHmLibFGh\/mLSe\/Fx7XJCPeKSXXJSPNHyHaJyTGGh7lLCbmLCflLSjSIiLkLCbdKSXLHiC\/GB3KHh++Fh3lKyfoLiXcKCPkx8fYb2\/XaGfVXl3aU1LLHiDksbHgKibPICHbJyTfKSXbJyTCGB3KHSDiKybFGh7TIiL\/\/\/\/VIyPRISHIHB\/GGx\/HHB\/DGR7gKibdKCXLHiDZJiTMHiDNHyHYJSTOICHPICHWJCPcKCXXJSPjLCblLCf+\/f3NGR\/uLijzLynPGR\/IGB7WISHaIyLLGh7UAADxLynNAADRLzDbICLQAADIAAD3MCrUHSHXMTDpKSbLAADp5OTij4\/ejo\/VLy\/1LyngJSTcJCPQHx\/OHB7+\/PzaMS\/OLS\/vLijrLSjSAADaNTPwLyjkKSbNJCbYISHPHB\/KGB7WAAD7+vrn3d3aKynTKCjoLCfsKifRGh\/YAADq5+fhjo7QNDXXKCfmJyXt5+fTLzDLLi\/QKivYHRvMGBrQJCXLISPMExXLDxLaEAvkkI\/bOTfaFQ\/SCgpvLcnHAAAAmnRSTlMA+vv7+gT9Bvf9+8z8\/NSv\/Pr5+P7++vnQIBMP\/v38\/Pn348XDiCYf9OjbzcqxXVcx\/fz8+\/rj1r2poo1+fXFqX0orGP7+\/v7+\/fz8+\/r68uzn4trIxsG\/vri3p6GcmZSNbWVYUUZEPQv+\/f39+\/v7+\/v7+vr64tvV1NTTz87FtbSurqeblJKFg4B3bUY+NjL7+\/v7+\/v67t1cDo8JLQAABkRJREFUWMO0kz9rwkAYh0OIeJkum6YugUAhISCdKoj\/P4C7SMdS+gEKIhSKil10LSg4mzXkILdlEpxCpwTiWOLX6BujvQaEQuGeHLnL+\/64J+SIcKGYTYWnntpdLjrVdqvZmNdn0+EE40GtpuuWVS6Xx6N7YDSGpWXpeq02wHgynM7q80az1a52HpddtVcpsi1zFARBrdaxbhp9iUReTGmwA4KAAr7vx3EYejnCMI6hQYEgy0LQi4jUN0wL19vqFcUC9\/1dAKmEEFkWRYkh5oBejnxQJiSJPJ\/uKBp0Thszx9Mw8hMRIQjKsptCfuES9zr5WJY6vSFCIvE9fCMUmEM1A1kSXcYGxgVYsvI1IPKTZciSTI0us\/SMGG04gDzELDoFBwdcFJrF88dqgYMTiL6DILWYyfOWE8\/kIz38olCNlC03FK95+imxp6y4oUSvAnBjHHhKNtotSDqJzVFiK8c2SBqhZtsrTtgrLXwAyduxZHNE26eHUt5rtuM4WSmds3G+sUdWYo1L+XyxButoh5eKUHk5lByO3G1LqqCWVnfrv\/lyPtf\/4ps1cndNGIri8J1TJ0lx6dR\/oPjq1nbRwdp2dCk4CtIOLW3pVKRL6WZfS5vF2KkIQhpwSsjiYIgNCs1gEMGqiIq24NQX9NwoXFy8Ufrl3twTcg4fv8T9\/JBEySduj6Mjm4bMzYV7EEOxKjjoNDud7yY3Dy71Hq2oLmqfbNR723edH9PgMrNL2utoQ3VmaIDkiw\/4w51P06hlZsTZvkRrbVuSIs\/zwSOsycgzStQouoAkWQqioRT5XI7n2Z1wfVhoZmcAJLsoqjqpjbWCgpOAJXBwHK8PzWbNvoUZJND5wCnSkLAkZ1legx6vqQzjoiTahKlGUGLAiIIoABOHaNVw4sexZBym6\/HWlH5h3IC7yRbxtipcWxdTOkORKiNQAEkFf66x5S2oeRbroOlLgg0sSYkR0hRGEqJZ0jTPiQKatESdBckpWigxaapEH0lImHdWu9pUFF2XqMNM2Z4kped7IwEJw2qabwtrQqnpw6HyKkgcadKWsmpywwesDyIhYRpdzXddqegtGIJlXbAIUMOLkGxJUjRIkokwjUaX9d\/kK62ps\/tYUqZLIMkLTyBhsMZ3C5Z\/kDxOSCb\/DOs\/\/J0qcWSX\/2ipe56EgTCA4\/cB7NAYOsni4mZM1MUPAISoEwkDi4lhVBQ1cWQyIcwalw4EpqZN68JUSK7XC0kTlkLYii5uXSC8jT5ncCAS7mjCv0uHp\/3lueHEEAeQ\/\/VgmdN71\/2uCSA1Xr6DO6uI6sW56zqT2tp2PhgiRUAajV8CY2fkcz6WGNKMgLAt7tJAhD4YHMTeRxlALE6+43WqjSWi8ITxyJl8WrwWSNESQZZOqhDDntO3hJLsd5RtSpbJqdv3YrDJH3F7jL1R2O2aQkn2MyCyKYz0GPGIvSAMgBCrCEiJyKbBaYGwLW4uPRr0A0M4Ux5kUI7IBh+hMdiCEWNqhMZGyYMsOgNE58UQuEQeUnSWCMYwL54hkxK6IoqucQZbQ3pc3XtL0lky1dL0zZJJDpWJovFqpWj6JEHnyam2eQp5QRVAVHjWparTOaVwUOx99YS2MvgxIGV0bb+qIg2HX2qkFFJB+XZcbLiuRkuxD9GRroKyveLxdh4d7Orx+hb7qc3uVRuEogCOnyIxm4ubUoPgF4jianDrC+SDQDKEfJb0GUKmjCGPYHGJvVC6X4hw1\/sAfQAdfYyephIaspXe36RwOP+Ljvfx9B6B3i+Nk0DGq+oCbLn6JpBa9nWAveAIHwFAwtVcIJXPMPL8kRu5OAYPMaL1WScTxjiZDqB9LTJSWphow\/pTYKRTLjCBhvi9iBidvKcDasGSm0QQkycYuLBqj6QCELPctqChDWpTRMWkngNNpQ1Pfp1KkiT\/Y0DGffXAweUNfLAfaJFKDwhb6I+bkYRbkERoEeu3Fyjg2opMz2daZCS9jt6Q7txNfB+OZEVF6Zl5web2xunnLQrtrjXseXKaFYziYINeMFZVxS9VxRhOoesYwxPKXm+gWLG9cuFeq93UNNeJNsf1KlwuDok9n02n3TgIJpOxNfL9naIoQwXtfH9kjceTIIi709ncTg6LZbg+biLH1V6u\/7rxBem06VXKn9raAAAAAElFTkSuQmCC\")      no-repeat center center \/ contain;  }  @media screen and (max-width: 960px) and (orientation: portrait) {    .logo {      width: 100%;    }    .logo .pc-banner {      display: none;    }    .logo .m-banner {      display: block;      width: 100%;    }    .logo .m-banner img {      height: auto!important;    }    .ytvideo {      height: 200px;      width: 100%;    }  }<\/style><style>  .video-section {    width: 100%;    margin: 0 auto;  }  .video-section > img {    width: 100%;  }  .video-section iframe,  .video-section video {    width: 100%;    height: 100%;      }  .video-section-img-m,  .video-section-img-pc > img {    width: 100%;    height: auto;  }  .video-section-img-pc.small > img {    width: 970px;  }  .video-desc {    line-height: 1.5;    font-size: 20px;    font-weight: 400;    margin: 20px 0;    text-align: center;    color: #0f1111;    word-break: break-word;  }  @media screen and (max-width: 960px) and (orientation: portrait) {    .video-section {      width: 100%;    }    .video-section-pc,    .video-section-img-pc {      display: none;    }    .video-section-m,    .video-section-img-m {      display: block;    }    .video-desc {      font-size: 15px;    }  }  @media screen and (min-width: 960px) {    .video-section {      width: 100%;      margin: 0 auto;    }    .video-section-pc,    .video-section-img-pc {      display: block;    }    .video-section-m,    .video-section-img-m {      display: none;    }    .video-desc {      font-size: 20px;    }  }<\/style><style>  .section + .section {    margin-top: 35px;  }  .section-title {    text-align: center;    font-weight: bold;    color: #0d1111;    font-family: \"Arial\";    font-size: 32px;    margin: 15px 0;  }  .section-title:empty {    display: none;  }  .section-desc {    text-align: center;    font-weight: normal;    color: #0d1111;    margin-top: 20px;  }  .section-desc:empty {    display: none;  }  .section-img {    width: 1200px;    height: 492px;    margin: 0 auto;    display: block;  }  .section-img.small {    width: 970px;    height: auto;  }  .section-img.small > img {    height: auto;  }  .section-img > img {    width: 100%;    height: 100%;  }  .section-mobile-img {    display: none;    max-width: 100vw;    max-height: 75vw;    height: 450px;    margin: 0 auto;  }  .section-mobile-img > img {    width: 100%;    height: 100%;  }  @media screen and (max-width: 960px) and (orientation: portrait) {    .container {      width: 100%;    }    .container.small {      width: 100%;    }    .section-mobile-img {      display: block;    }    .section-img {      display: none;    }    .section-title {      font-size: 22px;      margin: 10px 0;    }    .section-desc {      margin-top: 10px;    }    .section + .section {      margin-top: 20px;    }  }<\/style><\/head><body><div class=\"container\"><div class=\"logo\"><div class=\"pc-banner\"><div><img decoding=\"async\" src=\"\/vevor\/vevor\/boutique-banner\/pc\/en-pc@1x.jpg\" style=\"width: 100%;\" \/><\/div><\/div><div class=\"m-banner\"><div><img decoding=\"async\" src=\"\/vevor\/vevor\/boutique-banner\/mobile\/en-m@1x.jpg\" style=\"width: 100%;\" \/><\/div><\/div><\/div><div class=\"section-title\">Juhtuma Nalja, \u00c4ra R\u00f5\u00f5mu<\/div><div class=\"video-section\"><video class=\"video-section-pc\" controls poster=\"\/vevor\/product\/CRKCQPPQZJ5YMDS88\/inflatable-bumper-balls-a100-1.4.jpg\"><source src=\"\/vevor\/product\/CRKCQPPQZJ5Y74IFG\/t\u00e4ispuhutav-bumper-pallid-tvc2.mp4\" type=\"video\/mp4\" \/><\/video><video class=\"video-section-m\" controls poster=\"\/vevor\/product\/CRKCQPPQZJ5YMDS88\/inflatable-bumper-balls-a100-1.4-m.jpg\"><source src=\"\/vevor\/product\/CRKCQPPQZJ5Y74IFG\/t\u00e4ispuhutav-bumper-pallid-tvc2.mp4\" type=\"video\/mp4\" \/><\/video><div class=\"section-desc\">Vallandada \u00fclim l\u00f5bus VEVOR t\u00e4ispuhutav kaitseraua pallid. Meisterdatud 0.8 mm paksenenud, plahvatus-t\u00f5end PVC, meie 5FT v\u00e4lisl\u00e4bim\u00f5\u00f5t kaitseraua pallid on m\u00f5eldud \u00fclim vastupidavus ja ohutus. Saada valmis juhtuma p\u00f5nevust ja luua unustamatuid hetki koos VEVOR mull jalgpalli pallid!<\/div><\/div><div class=\"section\"><div class=\"section-title\"><\/div><div class=\"section-img\"><img decoding=\"async\" src=\"\/vevor\/product\/CRKCQPPQZJ5YMDS88\/inflatable-bumper-balls-a100-2.2.jpg\" \/><\/div><div class=\"section-mobile-img\"><img decoding=\"async\" src=\"\/vevor\/product\/CRKCQPPQZJ5YMDS88\/inflatable-bumper-balls-a100-2.2-m.jpg\" \/><\/div><div class=\"section-desc\">Meil on ohutus kaetud paksendatud PVC-materjaliga, integreeritud pehme k\u00e4epide, laiendatud reguleeritav \u00f5larihm mugavaks istumiseks, elastne pol\u00fcesterk\u00f6is, t\u00e4iustatud ventiil tiheda tihendusega. V\u00f5ite olla kindel, meie kaitseraua bopper m\u00e4nguasjad on ehitatud nii turvaliseks kui ka p\u00fcsivaks m\u00e4nguks.<\/div><\/div><div class=\"section\"><div class=\"section-title\"><\/div><div class=\"section-img\"><img decoding=\"async\" src=\"\/vevor\/product\/CRKCQPPQZJ5YMDS88\/inflatable-bumper-balls-a100-2.3.jpg\" \/><\/div><div class=\"section-mobile-img\"><img decoding=\"async\" src=\"\/vevor\/product\/CRKCQPPQZJ5YMDS88\/inflatable-bumper-balls-a100-2.3-m.jpg\" \/><\/div><div class=\"section-desc\">Meie hoolikalt kavandatud kaitseraua pallid, lihtne-to-wear funktsioon, pakuvad sulle suurep\u00e4rast mugavust m\u00e4ngu ajal. Nad sobivad teismelistele ja t\u00e4iskasvanutele, mille k\u00f5rgus on vahemikus 4.9 jalga - 6 jalga. Vali meie kaitseraua pallid n\u00fc\u00fcd ja nautige r\u00f5\u00f5mu, s\u00f5brad!<\/div><\/div><div class=\"section\"><div class=\"section-title\"><\/div><div class=\"section-img\"><img decoding=\"async\" src=\"\/vevor\/product\/CRKCQPPQZJ5YMDS88\/inflatable-bumper-balls-a100-2.4.jpg\" \/><\/div><div class=\"section-mobile-img\"><img decoding=\"async\" src=\"\/vevor\/product\/CRKCQPPQZJ5YMDS88\/inflatable-bumper-balls-a100-2.4-m.jpg\" \/><\/div><div class=\"section-desc\">Lihtne kasutada, iga komplekt sisaldab \u00fcksikasjalikku kasutusjuhendit ja 2 parandusplaastrit. Protsess on lihtne: lihtsalt voltige toode lahti, keerake suur t\u00e4iteklapp lahti, t\u00e4itke \u00f5hupumbaga (ei kuulu komplekti) ja pingutage klappi kiiresti, kui see on m\u00e4ngu alustamiseks t\u00e4ielikult t\u00e4is pumbatud.<\/div><\/div><div class=\"section\"><div class=\"section-title\"><\/div><div class=\"section-img\"><img decoding=\"async\" src=\"\/vevor\/product\/CRKCQPPQZJ5YMDS88\/inflatable-bumper-balls-a100-2.5.jpg\" \/><\/div><div class=\"section-mobile-img\"><img decoding=\"async\" src=\"\/vevor\/product\/CRKCQPPQZJ5YMDS88\/inflatable-bumper-balls-a100-2.5-m.jpg\" \/><\/div><div class=\"section-desc\">P\u00f5rkeraua pallim\u00e4ngud on fantastiline viis nautida l\u00f5busaid aegu koos pere ja s\u00f5pradega. Need sobivad peoks, perekondlikeks koosviibimisteks, s\u00f5prade kohtumisteks, ettev\u00f5tte meeskonna loomiseks v\u00f5i v\u00e4litegevusteks, kuid pakuvad ka r\u00f5\u00f5msaid m\u00e4lestusi k\u00f5igile asjaosalistele.<\/div><\/div><div class=\"section\"><div class=\"section-img\"><img decoding=\"async\" src=\"\/vevor\/product\/CRKCQPPQZJ5YMDS88\/inflatable-bumper-balls-a100-1.11.jpg\" alt=\"VEVOR t\u00e4ispuhutav kaitseraua ball, 59.1&#034; l\u00e4bim\u00f5\u00f5t, 47.2&#034; height, l\u00e4bipaistev sinine ja must rihmad.\" \/><\/div><div class=\"section-mobile-img\"><img decoding=\"async\" src=\"\/vevor\/product\/CRKCQPPQZJ5YMDS88\/inflatable-bumper-balls-a100-1.11-m.jpg\" alt=\"VEVOR t\u00e4ispuhutav kaitseraua ball, 59.1&#034; l\u00e4bim\u00f5\u00f5t, 47.2&#034; height, l\u00e4bipaistev sinine ja must rihmad.\" \/><\/div><\/div><\/div><\/body><\/html><\/div>\n<div class=\"DM_at-title\" id=\"js-DM_at-title\"> <div>Toote spetsifikatsioon<\/div> <i class=\"icon-arrowup_line\"><\/i> <\/div><div class=\"DM_at-goodsDescAttr\" id=\"js-DM_at-goodsDescAttr\"> <div class=\"DM_at-goodsDescAttrInner\"> <dl class=\"goodsDesc_item goodsDesc_item_even\"> <dt>Punkt Mudeli Number<\/dt> <dd> HCPPQ-007<\/dd> <\/dl> <dl class=\"goodsDesc_item\"> <dt>V\u00e4rv<\/dt> <dd> L\u00e4bipaistev<\/dd> <\/dl> <dl class=\"goodsDesc_item goodsDesc_item_even\"> <dt>Toote Kaal<\/dt> <dd> 21.6 lbs \/ 9.8 kg<\/dd> <\/dl> <dl class=\"goodsDesc_item\"> <dt>Toote M\u00f5\u00f5tmed<\/dt> <dd> 59.1 in\/ 1,5 m L\u00e4bim\u00f5\u00f5duga ; 47.2 in\/ 1.2 m K\u00f5rgus<\/dd> <\/dl> <\/div> <\/div>","protected":false},"excerpt":{"rendered":"<ul>\n<li> K\u00f5rge kvaliteediga Materjal, L\u00f5putu L\u00f5bus: Sukelduda l\u00f5putu p\u00f5rutuste l\u00f5bus VEVOR T\u00e4ispuhutav Kaitseraua Ball! Meisterdatud 0.8 mm paksenenud, plahvatus-t\u00f5end PVC, need sumo pallid on vastupidav, ohutu, veekindel ja ehitatud nii, et v\u00e4ltida \u00f5hu lekkeid. Suurep\u00e4rane pisar vastupanu, t\u00e4iustatud valve s\u00fcsteemi ja tihe katmine luban, kauakestev meelelahutus. <\/li>\n<li> Lihtne kanda, m\u00e4nguvalmis: meie h\u00f5lpsasti kantavad keha sumo zorb pallid sobivad suurep\u00e4raselt meeskonna m\u00e4ngimiseks v\u00e4litingimustes. 5FT v\u00e4lisl\u00e4bim\u00f5\u00f5duga on need soovitatavad m\u00e4ngijatele pikkusega 4,9 jalga kuni 6 jalga ja kaaluga 265 naela \/120 kg, mis sobivad eriti h\u00e4sti nii teismelistele kui ka t\u00e4iskasvanutele. <\/li>\n<li> Ohutus Vastab L\u00f5bus: M\u00e4ngija turvalisus on esmat\u00e4htis meie p\u00f5rutuste seiklusi. Featuring integreeritud PVC-pehmed k\u00e4epidemed, mis on ergonoomiliselt kujundatud, meie zorb pallid pakkuda t\u00e4iustatud turvalisuse jooksul. Laienenud reguleeritavad \u00f5lapaelad t\u00f5husalt leevendab \u00f5la-r\u00f5hk, kindlustades m\u00e4ngijad tihedalt sees. <\/li>\n<li> Hoida L\u00f5bus L\u00e4heb: Meie l\u00e4bim\u00f5eldud remont komplekt sisaldab vajalik osa, sa pead plaaster pallid \u00fcles ja saada tagasi, et l\u00f5bus on. Lihtsalt j\u00e4rgige juhiseid ja 2 remondi-plaastrid, iga v\u00f5imeline millega 1-3 v\u00e4ikesed augud, hea p\u00f5rutuste korda saab hoida kestab aastaid. <\/li>\n<li> Paindlik L\u00f5bus M\u00e4ngides: VEVOR inimeste hamster mull palli sobivad soolo v\u00f5i r\u00fchma meelelahutus, nautida vabadust, kopsakas, bopping, ja p\u00f5rutuste koos s\u00f5pradega. See on ideaalne aiad, backyards, m\u00e4nguv\u00e4ljakud, pargid, vaba aja keskused, nautida p\u00f5rutuste l\u00f5bus igal ajal, k\u00f5ikjal. <\/li>\n<\/ul>","protected":false},"featured_media":291118,"comment_status":"closed","ping_status":"open","template":"","meta":{"om_disable_all_campaigns":false,"_uf_show_specific_survey":0,"_uf_disable_surveys":false},"location":[1935,1934],"product_brand":[21],"product_cat":[3856,2816,2378,3080],"product_tag":[],"class_list":{"0":"post-31600","1":"product","2":"type-product","3":"status-publish","4":"has-post-thumbnail","6":"location-supplier_stock_location","7":"location-local_stock_location","8":"product_brand-vevor","9":"product_cat-bumper-bubble","10":"product_cat-games-sports-outdoors","11":"product_cat-sports-outdoors","12":"product_cat-yard-games","14":"first","15":"instock","16":"taxable","17":"shipping-taxable","18":"purchasable","19":"product-type-simple"},"aioseo_notices":[],"locations":[{"id":1935,"name":"Pieg\u0101d\u0101t\u0101ja noliktav\u0101 (5-7dd)","slug":"supplier_stock_location","quantity":"219"},{"id":1934,"name":"R\u012bgas veikal\u0101 (0-2d.d.)","slug":"local_stock_location","quantity":"0"}],"_links":{"self":[{"href":"https:\/\/vevorshop.lv\/et\/wp-json\/wp\/v2\/product\/31600","targetHints":{"allow":["GET"]}}],"collection":[{"href":"https:\/\/vevorshop.lv\/et\/wp-json\/wp\/v2\/product"}],"about":[{"href":"https:\/\/vevorshop.lv\/et\/wp-json\/wp\/v2\/types\/product"}],"replies":[{"embeddable":true,"href":"https:\/\/vevorshop.lv\/et\/wp-json\/wp\/v2\/comments?post=31600"}],"wp:featuredmedia":[{"embeddable":true,"href":"https:\/\/vevorshop.lv\/et\/wp-json\/wp\/v2\/media\/291118"}],"wp:attachment":[{"href":"https:\/\/vevorshop.lv\/et\/wp-json\/wp\/v2\/media?parent=31600"}],"wp:term":[{"taxonomy":"location","embeddable":true,"href":"https:\/\/vevorshop.lv\/et\/wp-json\/wp\/v2\/location?post=31600"},{"taxonomy":"product_brand","embeddable":true,"href":"https:\/\/vevorshop.lv\/et\/wp-json\/wp\/v2\/product_brand?post=31600"},{"taxonomy":"product_cat","embeddable":true,"href":"https:\/\/vevorshop.lv\/et\/wp-json\/wp\/v2\/product_cat?post=31600"},{"taxonomy":"product_tag","embeddable":true,"href":"https:\/\/vevorshop.lv\/et\/wp-json\/wp\/v2\/product_tag?post=31600"}],"curies":[{"name":"wp","href":"https:\/\/api.w.org\/{rel}","templated":true}]}}