{"id":32960,"date":"2024-11-18T22:37:58","date_gmt":"2024-11-18T22:37:58","guid":{"rendered":"http:\/\/vevorshop.edigo.lv\/Prece\/vevor-10-player-foldable-poker-table-blackjack-texas-holdem-poker-table-with-padded-rails-and-stainless-steel-cup-holders-portable-folding-card-board-game-table-84-oval-casino-leisure-table\/"},"modified":"2026-04-20T06:53:09","modified_gmt":"2026-04-20T03:53:09","slug":"vevor-10-player-foldable-poker-table-blackjack-texas-holdem-poker-table-with-padded-rails-and-stainless-steel-cup-holders-portable-folding-card-board-game-table-84-oval-casino-leisure-table","status":"publish","type":"product","link":"https:\/\/vevorshop.lv\/et\/Prece\/vevor-10-mangija-kokkupandav-pokkerilaud-blackjack-texas-holdem-pokkerilaud-polsterdatud-siinide-ja-roostevabast-terasest-tassihoidjatega-kaasaskantav-kokkupandav-kaardilaua-mangulaud-84-ovaalne-kasii\/","title":{"rendered":"VEVOR 213 cm kokkupandav 10-m\u00e4ngijaga pokkerilaud topsihoidikute, polsterdatud servade ja vildi pinnaga kasiinom\u00e4ngudeks"},"content":{"rendered":"<div style=\"color: #fff!important; font-size: 16px; height: 24px; line-height: 24px; margin-top: -24px; \" class=\"product_original_name\">VEVOR 10 m\u00e4ngija kokkupandav pokkerilaud, polsterdatud siinide ja roostevabast terasest tassihoidjatega Blackjack Texas Holdem pokkerilaud, kaasaskantav kokkupandava kaardi lauam\u00e4ngulaud, 84 \"ovaalne kasiino vaba aja veetmise laud<\/div>\n<div style=\"color: #fff!important; font-size: 16px; height: 24px; line-height: 24px; margin-top: -24px; \" class=\"product_sku\">M4I4L4HE<\/div>\n<div style=\"color: #fff!important; font-size: 16px; height: 24px; line-height: 24px; margin-top: -24px; \" class=\"product_mpn\">DZDTZDPKPZ105FRSBV0<\/div><div id=\"js-DM_at-goodDescRich\"><html><head><style>  body {    font-family: Arial;    line-height: 1.5;    color: #1c1c1c;    overflow-x: hidden;    margin: 0;    padding: 0;  }  .MsoNormal b {    font-weight: bolder;  }<\/style><style>  .container.small {    width: 970px;    margin: 0 auto;  }  .logo {    margin: 0 auto 0;  }  .logo img {    display: block;    margin: 0 auto;    max-width: 100%;  }  .logo .pc-banner {    display: block;    width: 1200px;    height: 247.4px;    margin: 0 auto;  }  .logo .pc-banner.small {    width: 970px;  }  .logo .pc-banner.small img {    height: auto!important;  }  .logo .m-banner {    display: none;  }  .ytvideo {    position: relative;    height: 546px;    width: 100%;    margin: 0 auto;  }  .ytvideo img {    width: 100%;    margin: 0 auto;  }  .ytvideo .play-btn {    width: 60px;    height: 42px;    position: absolute;    top: 50%;    left: 50%;    transform: translate(-50%, -50%);    background: url(\"data:image\/png;base64,iVBORw0KGgoAAAANSUhEUgAAAGQAAABGCAMAAAANWMFbAAAC+lBMVEUAAADBGB3kLCfBGB3kLCfcJC7BFx3KKSbiKybkLCbWJCPSIiLSIiLPICHAFx3kLCfgKSXNHiDZJiTIGx\/p4eHcjo7LHSDbJyTkLCbjKyfOHyHPIiL28fHJHB\/GGh7EGR7eKCXDGB3RISHlLSbBGB3AFxzGHB7DGB7BGB3hKybkKybAFx3lLCfAFxzDGR3hKibDGB7cJyTmz8\/elJTlwcHjurrUIyLlLSflLSfAFx3DGR7lLSfCFx3hKibhKibhKybjKybkLCblLSfbJSX49vbx7e3NNzjNMTLMJyjVIyLZf3\/ZQ0LaeHjx0tLgoqLkLCfCGB3HGx\/BGB3BFx3PICHCGB7WJCLOHyC\/Fxy\/Fx3lLCfQISHkLSe\/FxzbJiTBFx3FGx\/AGB7BFx3EGR7AGB3HHSDfKiXAFh3TISHYNzbhKibbJyTTIiL57e325+f039\/v2NjUV1fOHiHiqanfmprch4feKSXVIyPOICHmLibFGh\/mLSe\/Fx7XJCPeKSXXJSPNHyHaJyTGGh7lLCbmLCflLSjSIiLkLCbdKSXLHiC\/GB3KHh++Fh3lKyfoLiXcKCPkx8fYb2\/XaGfVXl3aU1LLHiDksbHgKibPICHbJyTfKSXbJyTCGB3KHSDiKybFGh7TIiL\/\/\/\/VIyPRISHIHB\/GGx\/HHB\/DGR7gKibdKCXLHiDZJiTMHiDNHyHYJSTOICHPICHWJCPcKCXXJSPjLCblLCf+\/f3NGR\/uLijzLynPGR\/IGB7WISHaIyLLGh7UAADxLynNAADRLzDbICLQAADIAAD3MCrUHSHXMTDpKSbLAADp5OTij4\/ejo\/VLy\/1LyngJSTcJCPQHx\/OHB7+\/PzaMS\/OLS\/vLijrLSjSAADaNTPwLyjkKSbNJCbYISHPHB\/KGB7WAAD7+vrn3d3aKynTKCjoLCfsKifRGh\/YAADq5+fhjo7QNDXXKCfmJyXt5+fTLzDLLi\/QKivYHRvMGBrQJCXLISPMExXLDxLaEAvkkI\/bOTfaFQ\/SCgpvLcnHAAAAmnRSTlMA+vv7+gT9Bvf9+8z8\/NSv\/Pr5+P7++vnQIBMP\/v38\/Pn348XDiCYf9OjbzcqxXVcx\/fz8+\/rj1r2poo1+fXFqX0orGP7+\/v7+\/fz8+\/r68uzn4trIxsG\/vri3p6GcmZSNbWVYUUZEPQv+\/f39+\/v7+\/v7+vr64tvV1NTTz87FtbSurqeblJKFg4B3bUY+NjL7+\/v7+\/v67t1cDo8JLQAABkRJREFUWMO0kz9rwkAYh0OIeJkum6YugUAhISCdKoj\/P4C7SMdS+gEKIhSKil10LSg4mzXkILdlEpxCpwTiWOLX6BujvQaEQuGeHLnL+\/64J+SIcKGYTYWnntpdLjrVdqvZmNdn0+EE40GtpuuWVS6Xx6N7YDSGpWXpeq02wHgynM7q80az1a52HpddtVcpsi1zFARBrdaxbhp9iUReTGmwA4KAAr7vx3EYejnCMI6hQYEgy0LQi4jUN0wL19vqFcUC9\/1dAKmEEFkWRYkh5oBejnxQJiSJPJ\/uKBp0Thszx9Mw8hMRIQjKsptCfuES9zr5WJY6vSFCIvE9fCMUmEM1A1kSXcYGxgVYsvI1IPKTZciSTI0us\/SMGG04gDzELDoFBwdcFJrF88dqgYMTiL6DILWYyfOWE8\/kIz38olCNlC03FK95+imxp6y4oUSvAnBjHHhKNtotSDqJzVFiK8c2SBqhZtsrTtgrLXwAyduxZHNE26eHUt5rtuM4WSmds3G+sUdWYo1L+XyxButoh5eKUHk5lByO3G1LqqCWVnfrv\/lyPtf\/4ps1cndNGIri8J1TJ0lx6dR\/oPjq1nbRwdp2dCk4CtIOLW3pVKRL6WZfS5vF2KkIQhpwSsjiYIgNCs1gEMGqiIq24NQX9NwoXFy8Ufrl3twTcg4fv8T9\/JBEySduj6Mjm4bMzYV7EEOxKjjoNDud7yY3Dy71Hq2oLmqfbNR723edH9PgMrNL2utoQ3VmaIDkiw\/4w51P06hlZsTZvkRrbVuSIs\/zwSOsycgzStQouoAkWQqioRT5XI7n2Z1wfVhoZmcAJLsoqjqpjbWCgpOAJXBwHK8PzWbNvoUZJND5wCnSkLAkZ1legx6vqQzjoiTahKlGUGLAiIIoABOHaNVw4sexZBym6\/HWlH5h3IC7yRbxtipcWxdTOkORKiNQAEkFf66x5S2oeRbroOlLgg0sSYkR0hRGEqJZ0jTPiQKatESdBckpWigxaapEH0lImHdWu9pUFF2XqMNM2Z4kped7IwEJw2qabwtrQqnpw6HyKkgcadKWsmpywwesDyIhYRpdzXddqegtGIJlXbAIUMOLkGxJUjRIkokwjUaX9d\/kK62ps\/tYUqZLIMkLTyBhsMZ3C5Z\/kDxOSCb\/DOs\/\/J0qcWSX\/2ipe56EgTCA4\/cB7NAYOsni4mZM1MUPAISoEwkDi4lhVBQ1cWQyIcwalw4EpqZN68JUSK7XC0kTlkLYii5uXSC8jT5ncCAS7mjCv0uHp\/3lueHEEAeQ\/\/VgmdN71\/2uCSA1Xr6DO6uI6sW56zqT2tp2PhgiRUAajV8CY2fkcz6WGNKMgLAt7tJAhD4YHMTeRxlALE6+43WqjSWi8ITxyJl8WrwWSNESQZZOqhDDntO3hJLsd5RtSpbJqdv3YrDJH3F7jL1R2O2aQkn2MyCyKYz0GPGIvSAMgBCrCEiJyKbBaYGwLW4uPRr0A0M4Ux5kUI7IBh+hMdiCEWNqhMZGyYMsOgNE58UQuEQeUnSWCMYwL54hkxK6IoqucQZbQ3pc3XtL0lky1dL0zZJJDpWJovFqpWj6JEHnyam2eQp5QRVAVHjWparTOaVwUOx99YS2MvgxIGV0bb+qIg2HX2qkFFJB+XZcbLiuRkuxD9GRroKyveLxdh4d7Orx+hb7qc3uVRuEogCOnyIxm4ubUoPgF4jianDrC+SDQDKEfJb0GUKmjCGPYHGJvVC6X4hw1\/sAfQAdfYyephIaspXe36RwOP+Ljvfx9B6B3i+Nk0DGq+oCbLn6JpBa9nWAveAIHwFAwtVcIJXPMPL8kRu5OAYPMaL1WScTxjiZDqB9LTJSWphow\/pTYKRTLjCBhvi9iBidvKcDasGSm0QQkycYuLBqj6QCELPctqChDWpTRMWkngNNpQ1Pfp1KkiT\/Y0DGffXAweUNfLAfaJFKDwhb6I+bkYRbkERoEeu3Fyjg2opMz2daZCS9jt6Q7txNfB+OZEVF6Zl5web2xunnLQrtrjXseXKaFYziYINeMFZVxS9VxRhOoesYwxPKXm+gWLG9cuFeq93UNNeJNsf1KlwuDok9n02n3TgIJpOxNfL9naIoQwXtfH9kjceTIIi709ncTg6LZbg+biLH1V6u\/7rxBem06VXKn9raAAAAAElFTkSuQmCC\")      no-repeat center center \/ contain;  }  @media screen and (max-width: 960px) and (orientation: portrait) {    .logo {      width: 100%;    }    .logo .pc-banner {      display: none;    }    .logo .m-banner {      display: block;      width: 100%;    }    .logo .m-banner img {      height: auto!important;    }    .ytvideo {      height: 200px;      width: 100%;    }  }<\/style><style>  .video-section {    width: 100%;    margin: 0 auto;  }  .video-section > img {    width: 100%;  }  .video-section iframe,  .video-section video {    width: 100%;    height: 100%;      }  .video-section-img-m,  .video-section-img-pc > img {    width: 100%;    height: auto;  }  .video-section-img-pc.small > img {    width: 970px;  }  .video-desc {    line-height: 1.5;    font-size: 20px;    font-weight: 400;    margin: 20px 0;    text-align: center;    color: #0f1111;    word-break: break-word;  }  @media screen and (max-width: 960px) and (orientation: portrait) {    .video-section {      width: 100%;    }    .video-section-pc,    .video-section-img-pc {      display: none;    }    .video-section-m,    .video-section-img-m {      display: block;    }    .video-desc {      font-size: 15px;    }  }  @media screen and (min-width: 960px) {    .video-section {      width: 100%;      margin: 0 auto;    }    .video-section-pc,    .video-section-img-pc {      display: block;    }    .video-section-m,    .video-section-img-m {      display: none;    }    .video-desc {      font-size: 20px;    }  }<\/style><style>  .section + .section {    margin-top: 35px;  }  .section-title {    text-align: center;    font-weight: bold;    color: #0d1111;    font-family: \"Arial\";    font-size: 32px;    margin: 15px 0;  }  .section-title:empty {    display: none;  }  .section-desc {    text-align: center;    font-weight: normal;    color: #0d1111;    margin-top: 20px;  }  .section-desc:empty {    display: none;  }  .section-img {    width: 1200px;    height: 492px;    margin: 0 auto;    display: block;  }  .section-img.small {    width: 970px;    height: auto;  }  .section-img.small > img {    height: auto;  }  .section-img > img {    width: 100%;    height: 100%;  }  .section-mobile-img {    display: none;    max-width: 100vw;    max-height: 75vw;    height: 450px;    margin: 0 auto;  }  .section-mobile-img > img {    width: 100%;    height: 100%;  }  @media screen and (max-width: 960px) and (orientation: portrait) {    .container {      width: 100%;    }    .container.small {      width: 100%;    }    .section-mobile-img {      display: block;    }    .section-img {      display: none;    }    .section-title {      font-size: 22px;      margin: 10px 0;    }    .section-desc {      margin-top: 10px;    }    .section + .section {      margin-top: 20px;    }  }<\/style><\/head><body><div class=\"container\"><div class=\"logo\"><div class=\"pc-banner\"><div><img decoding=\"async\" src=\"\/vevor\/vevor\/boutique-banner\/pc\/en-pc@1x.jpg\" style=\"width: 100%;\" \/><\/div><\/div><div class=\"m-banner\"><div><img decoding=\"async\" src=\"\/vevor\/vevor\/boutique-banner\/mobile\/en-m@1x.jpg\" style=\"width: 100%;\" \/><\/div><\/div><\/div><div class=\"section-title\">Professionaalse Kvaliteediga Multifunktsionaalne Poker Tabel<\/div><div class=\"video-section\"><div class=\"video-section-img-pc\"><img decoding=\"async\" src=\"\/vevor\/product\/DZDTZDPKPZ105FRSB\/poker-tables-foldable-a100-1.4.jpg\" alt=\"VEVOR pokkeri laua -, kasiino-klass, kokkupandav, mahutab 10, ideaalne pere kogunemised ja s\u00f5brad.\" \/><\/div><div class=\"video-section-img-m\"><img decoding=\"async\" src=\"\/vevor\/product\/DZDTZDPKPZ105FRSB\/poker-tables-foldable-a100-1.4-m.jpg\" alt=\"VEVOR pokkeri laua -, kasiino-klass, kokkupandav, mahutab 10, ideaalne pere kogunemised ja s\u00f5brad.\" \/><\/div><div class=\"section-desc\">Pakume teile kokkupandavat ja tugevat pokkerilauda, mis on m\u00f5eldud meelelahutuseks. See mahutab h\u00f5lpsasti korraga 10 m\u00e4ngijat. Saate nautida selliste m\u00e4ngude m\u00e4ngimist nagu Texas Hold'em ja muud kaardim\u00e4ngud oma s\u00fcdame sisuks.<\/div><\/div><div class=\"section\"><div class=\"section-title\"><\/div><div class=\"section-img\"><img decoding=\"async\" src=\"\/vevor\/product\/DZDTZDPKPZ105FRSB\/poker-tables-foldable-a100-2.2.jpg\" alt=\"10 m\u00e4ngija positsioonide VEVOR poker tabel paksude veekindel taga ja roostevabast terasest topsihoidjad.\" \/><\/div><div class=\"section-mobile-img\"><img decoding=\"async\" src=\"\/vevor\/product\/DZDTZDPKPZ105FRSB\/poker-tables-foldable-a100-2.2-m.jpg\" alt=\"10 m\u00e4ngija positsioonide VEVOR poker tabel paksude veekindel taga ja roostevabast terasest topsihoidjad.\" \/><\/div><div class=\"section-desc\">Pakume teile suurem, mugavam pokkeri laua. Laua servad on t\u00e4is paks k\u00e4sn, pakkudes pehme toetamine oma k\u00e4te vahele. Iga m\u00e4ngija positsiooni kaasas sisseehitatud roostevabast terasest cupholders, mis on suurem ja s\u00fcgavam.<\/div><\/div><div class=\"section\"><div class=\"section-title\"><\/div><div class=\"section-img\"><img decoding=\"async\" src=\"\/vevor\/product\/DZDTZDPKPZ105FRSB\/poker-tables-foldable-a100-2.3.jpg\" alt=\"VEVOR pokkeri laua sile vilt, m\u00e4ngukaardid ja pokkeri \u017eetoone, r\u00f5hutades, vastupidavus ja naudingut.\" \/><\/div><div class=\"section-mobile-img\"><img decoding=\"async\" src=\"\/vevor\/product\/DZDTZDPKPZ105FRSB\/poker-tables-foldable-a100-2.3-m.jpg\" alt=\"VEVOR pokkeri laua sile vilt, m\u00e4ngukaardid ja pokkeri \u017eetoone, r\u00f5hutades, vastupidavus ja naudingut.\" \/><\/div><div class=\"section-desc\">Texas holdem tabel pinna omadused sile ja vastupidav tunda, mis v\u00f5imaldab teil sooritada toiminguid, n\u00e4iteks kontrollides, kaardid, k\u00e4itlemise kiibid, ja paljastab oma k\u00e4si ilma luksumine. See ei ole pill ja kahju isegi pikaajalise kasutamise.<\/div><\/div><div class=\"section\"><div class=\"section-title\"><\/div><div class=\"section-img\"><img decoding=\"async\" src=\"\/vevor\/product\/DZDTZDPKPZ105FRSB\/poker-tables-foldable-a100-2.4.jpg\" alt=\"VEVOR poker tabel 220.5 lbs v\u00f5imsus, stabiilsed jalad, p\u00f5randa-s\u00f5bralik jalad, reguleeritavad kaablid.\" \/><\/div><div class=\"section-mobile-img\"><img decoding=\"async\" src=\"\/vevor\/product\/DZDTZDPKPZ105FRSB\/poker-tables-foldable-a100-2.4-m.jpg\" alt=\"VEVOR poker tabel 220.5 lbs v\u00f5imsus, stabiilsed jalad, p\u00f5randa-s\u00f5bralik jalad, reguleeritavad kaablid.\" \/><\/div><div class=\"section-desc\">Laua raam on valmistatud k\u00f5rge kvaliteediga metall, teras, tagab stabiilse toetuse. Lauaplaadi peale on valmistatud tugevast MDF juhatuse. See talub pikaajaliselt k\u00f5rge r\u00f5hu all ja on ehitatud viimase. Anti-slip suu padjad t\u00f5husalt v\u00e4ltida p\u00f5randa kriimustuste.<\/div><\/div><div class=\"section\"><div class=\"section-title\"><\/div><div class=\"section-img\"><img decoding=\"async\" src=\"\/vevor\/product\/DZDTZDPKPZ105FRSB\/poker-tables-foldable-a100-2.5.jpg\" alt=\"tolmukindel ja turvaline VEVOR poker tabel salvestatud k\u00f5rval kaasaegne diivan, r\u00f5hutades kiire kokkuklapitavad ja turvalukk funktsioone.\" \/><\/div><div class=\"section-mobile-img\"><img decoding=\"async\" src=\"\/vevor\/product\/DZDTZDPKPZ105FRSB\/poker-tables-foldable-a100-2.5-m.jpg\" alt=\"tolmukindel ja turvaline VEVOR poker tabel salvestatud k\u00f5rval kaasaegne diivan, r\u00f5hutades kiire kokkuklapitavad ja turvalukk funktsioone.\" \/><\/div><div class=\"section-desc\">Ovaalne kasiino vaba aja veetmise tabel on lihtne seadistada ja mugav kaasas kanda ja salvestada. Sisseehitatud turvalukk kindlalt hoiab kokku varisemas v\u00f5i vabastades. Pakume ka tolmu kate on lihtne kasutada, kui seda ei kasutata, hoida puhtana.<\/div><\/div><div class=\"section\"><div class=\"section-img\"><img decoding=\"async\" src=\"\/vevor\/product\/DZDTZDPKPZ105FRSB\/poker-tables-foldable-a100-1.11.jpg\" alt=\"VEVOR poker tabel mahutab 10 inimest, kokkupandav, 66.4 lbs, koos topsihoidjad ja kandekott.\" \/><\/div><div class=\"section-mobile-img\"><img decoding=\"async\" src=\"\/vevor\/product\/DZDTZDPKPZ105FRSB\/poker-tables-foldable-a100-1.11-m.jpg\" alt=\"VEVOR poker tabel mahutab 10 inimest, kokkupandav, 66.4 lbs, koos topsihoidjad ja kandekott.\" \/><\/div><\/div><\/div><\/body><\/html><\/div>\n<div class=\"DM_at-title\" id=\"js-DM_at-title\"> <div>Toote spetsifikatsioon<\/div> <i class=\"icon-arrowup_line\"><\/i> <\/div><div class=\"DM_at-goodsDescAttr\" id=\"js-DM_at-goodsDescAttr\"> <div class=\"DM_at-goodsDescAttrInner\"> <dl class=\"goodsDesc_item goodsDesc_item_even\"> <dt>Punkt Mudeli Number<\/dt> <dd> SUS-8442<\/dd> <\/dl> <dl class=\"goodsDesc_item\"> <dt>Max Staatiline Kandev\u00f5ime<\/dt> <dd> 220.46 lbs \/ 100 kg<\/dd> <\/dl> <dl class=\"goodsDesc_item goodsDesc_item_even\"> <dt>Neto Kaal<\/dt> <dd> 66.35 lbs \/ 30.1 kg \u00b15% (sealhulgas k\u00f5ik tarvikud)<\/dd> <\/dl> <dl class=\"goodsDesc_item\"> <dt>Toote Voltimata M\u00f5\u00f5tmed<\/dt> <dd> 84.3x42.1x29.9 tolli \/ 2140x1070x760 mm<\/dd> <\/dl> <dl class=\"goodsDesc_item goodsDesc_item_even\"> <dt>Toote M\u00f5\u00f5tmed Kokkupandult<\/dt> <dd> 42.12x42.12x5.7 tolli \/ 1070x1070x145 mm<\/dd> <\/dl> <\/div> <\/div>","protected":false},"excerpt":{"rendered":"<ul>\n<li> 84-tolline Suur Poker Tabel: See t\u00e4iuslik suurusega pokkeri laua mahutab kuni 10 m\u00e4ngijat korraga, mist\u00f5ttu on ideaalne pere kogunemised, l\u00f5bus s\u00f5brad, baar m\u00e4nge, ja rohkem. Mugav ja mugav m\u00e4ngukogemuse teeb sind tunne, nagu sa oled, a Las Vegas casino, v\u00f5imaldades teil nautida m\u00e4nge nagu Texas Hold &#039; em ja muud kaardim\u00e4ngud oma s\u00fcdame sisu. <\/li>\n<li> T\u00f6\u00f6riistavaba \u00dchendamine M\u00f5eldud kokkupandav funktsioon ja turvaline lukk, see blackjack, texas holdem pokker tabel v\u00f5imaldab teil kiiresti seada see \u00fcles v\u00f5i murra ladustamiseks. Turvalukk kindlalt, kinnitab tabel, v\u00e4ltida selle kadumist v\u00f5i tulevad lahti kui volditud riik. Kui ei kasuta, saate h\u00f5lpsalt salvestada nurgas, ei v\u00f5ta liiga palju ruumi. Kaasas ka tolmu kate, et hoida tabel puhas. <\/li>\n<li> Vastupidav ja Stabiilne Raam: kasiino vaba aja veetmise papi m\u00e4ngu tabel funktsioone kvaliteetne vastupidav metall-terasest raam, mis pakub stabiilset toetust pokkeri laua. Paksenenud laua jalad on valmistatud k\u00f5rge kvaliteediga metall, tagavad vastupidavuse ja pikaajalise toimivuse. <\/li>\n<li> Mugav Disain: Pehmed k\u00e4etoed on paigutatud vahel laudlina ja juhatuse, pakkudes nii mugavuse ja tolmu kaitse. Nahast polster \u00fcmber kasiino vaba laua servad on veekindel, vastupidav ja lihtne puhastada. Iga m\u00e4ngija seisukoht on varustatud sisseehitatud roostevabast terasest topsihoidjad, et on avarad ja s\u00fcgavad, v\u00f5imaldades teil nautida jooke muretsemata lekkinud. <\/li>\n<li> Sile ja kortsudeta Tundsin Tabletop: tundsin tabletop on sile ja tasuta kortse, mis on valmistatud kulumiskindel materjal. See tagab sujuv gameplay ilma haakeseadmed, kui kontroll kaardid, k\u00e4itlemise kiibid, v\u00f5i paljastavad oma k\u00e4si. Isegi pikaajalisel kasutamisel, tundis pind j\u00e4\u00e4b vabaks pilling. <\/li>\n<\/ul>","protected":false},"featured_media":293184,"comment_status":"closed","ping_status":"open","template":"","meta":{"om_disable_all_campaigns":false,"_uf_show_specific_survey":0,"_uf_disable_surveys":false},"location":[1935,1934],"product_brand":[21],"product_cat":[3877,2817,2816,2378],"product_tag":[],"class_list":{"0":"post-32960","1":"product","2":"type-product","3":"status-publish","4":"has-post-thumbnail","6":"location-supplier_stock_location","7":"location-local_stock_location","8":"product_brand-vevor","9":"product_cat-folding-poker-table-top","10":"product_cat-game-room","11":"product_cat-games-sports-outdoors","12":"product_cat-sports-outdoors","14":"first","15":"instock","16":"taxable","17":"shipping-taxable","18":"purchasable","19":"product-type-simple"},"aioseo_notices":[],"locations":[{"id":1935,"name":"Pieg\u0101d\u0101t\u0101ja noliktav\u0101 (5-7dd)","slug":"supplier_stock_location","quantity":"33"},{"id":1934,"name":"R\u012bgas veikal\u0101 (0-2d.d.)","slug":"local_stock_location","quantity":"0"}],"_links":{"self":[{"href":"https:\/\/vevorshop.lv\/et\/wp-json\/wp\/v2\/product\/32960","targetHints":{"allow":["GET"]}}],"collection":[{"href":"https:\/\/vevorshop.lv\/et\/wp-json\/wp\/v2\/product"}],"about":[{"href":"https:\/\/vevorshop.lv\/et\/wp-json\/wp\/v2\/types\/product"}],"replies":[{"embeddable":true,"href":"https:\/\/vevorshop.lv\/et\/wp-json\/wp\/v2\/comments?post=32960"}],"wp:featuredmedia":[{"embeddable":true,"href":"https:\/\/vevorshop.lv\/et\/wp-json\/wp\/v2\/media\/293184"}],"wp:attachment":[{"href":"https:\/\/vevorshop.lv\/et\/wp-json\/wp\/v2\/media?parent=32960"}],"wp:term":[{"taxonomy":"location","embeddable":true,"href":"https:\/\/vevorshop.lv\/et\/wp-json\/wp\/v2\/location?post=32960"},{"taxonomy":"product_brand","embeddable":true,"href":"https:\/\/vevorshop.lv\/et\/wp-json\/wp\/v2\/product_brand?post=32960"},{"taxonomy":"product_cat","embeddable":true,"href":"https:\/\/vevorshop.lv\/et\/wp-json\/wp\/v2\/product_cat?post=32960"},{"taxonomy":"product_tag","embeddable":true,"href":"https:\/\/vevorshop.lv\/et\/wp-json\/wp\/v2\/product_tag?post=32960"}],"curies":[{"name":"wp","href":"https:\/\/api.w.org\/{rel}","templated":true}]}}