{"id":33135,"date":"2024-11-18T22:47:42","date_gmt":"2024-11-18T22:47:42","guid":{"rendered":"http:\/\/vevorshop.edigo.lv\/Prece\/vevor-outdoor-portable-volleyball-net-system-adjustable-height-steel-poles-professional-volleyball-set-with-pvc-volleyball-pump-carrying-bag-heavy-duty-volleyball-net-for-backyard-beach-lawn-2\/"},"modified":"2026-04-20T06:50:12","modified_gmt":"2026-04-20T03:50:12","slug":"vevor-outdoor-portable-volleyball-net-system-adjustable-height-steel-poles-professional-volleyball-set-with-pvc-volleyball-pump-carrying-bag-heavy-duty-volleyball-net-for-backyard-beach-lawn-2","status":"publish","type":"product","link":"https:\/\/vevorshop.lv\/et\/Prece\/vevor-valistingimustes-kaasaskantav-vorkpallivorgu-susteem-reguleeritava-korgusega-teraspostid-professionaalne-vorkpallikomplekt-koos-pvc-vorkpallipumba-kandekotiga-raskeveokite-vorkpallivork-tagaaia\/","title":{"rendered":"VEVOR Kaasaskantav V\u00e4liv\u00f5rkpallikomplekt \u2013 Reguleeritavad Teraspostid, PVC Pall, Pump, V\u00f5rk ja Kott Randa, Aeda, Murule"},"content":{"rendered":"<div style=\"color: #fff!important; font-size: 16px; height: 24px; line-height: 24px; margin-top: -24px; \" class=\"product_original_name\">VEVOR Outdoor kaasaskantav v\u00f5rkpalliv\u00f5rgu s\u00fcsteem, reguleeritava k\u00f5rgusega teraspostid, professionaalne v\u00f5rkpallikomplekt PVC v\u00f5rkpalliga, pump, kandekott, raskeveokite v\u00f5rkpalliv\u00f5rk tagahoovi, ranna, muru jaoks<\/div>\n<div style=\"color: #fff!important; font-size: 16px; height: 24px; line-height: 24px; margin-top: -24px; \" class=\"product_sku\">M4I4L4QO<\/div>\n<div style=\"color: #fff!important; font-size: 16px; height: 24px; line-height: 24px; margin-top: -24px; \" class=\"product_mpn\">PQWTZ323YCGGF6Y0EV0<\/div><div id=\"js-DM_at-goodDescRich\"><html><head><style>  body {    font-family: Arial;    line-height: 1.5;    color: #1c1c1c;    overflow-x: hidden;    margin: 0;    padding: 0;  }  .MsoNormal b {    font-weight: bolder;  }<\/style><style>  .container.small {    width: 970px;    margin: 0 auto;  }  .logo {    margin: 0 auto 0;  }  .logo img {    display: block;    margin: 0 auto;    max-width: 100%;  }  .logo .pc-banner {    display: block;    width: 1200px;    height: 247.4px;    margin: 0 auto;  }  .logo .pc-banner.small {    width: 970px;  }  .logo .pc-banner.small img {    height: auto!important;  }  .logo .m-banner {    display: none;  }  .ytvideo {    position: relative;    height: 546px;    width: 100%;    margin: 0 auto;  }  .ytvideo img {    width: 100%;    margin: 0 auto;  }  .ytvideo .play-btn {    width: 60px;    height: 42px;    position: absolute;    top: 50%;    left: 50%;    transform: translate(-50%, -50%);    background: url(\"data:image\/png;base64,iVBORw0KGgoAAAANSUhEUgAAAGQAAABGCAMAAAANWMFbAAAC+lBMVEUAAADBGB3kLCfBGB3kLCfcJC7BFx3KKSbiKybkLCbWJCPSIiLSIiLPICHAFx3kLCfgKSXNHiDZJiTIGx\/p4eHcjo7LHSDbJyTkLCbjKyfOHyHPIiL28fHJHB\/GGh7EGR7eKCXDGB3RISHlLSbBGB3AFxzGHB7DGB7BGB3hKybkKybAFx3lLCfAFxzDGR3hKibDGB7cJyTmz8\/elJTlwcHjurrUIyLlLSflLSfAFx3DGR7lLSfCFx3hKibhKibhKybjKybkLCblLSfbJSX49vbx7e3NNzjNMTLMJyjVIyLZf3\/ZQ0LaeHjx0tLgoqLkLCfCGB3HGx\/BGB3BFx3PICHCGB7WJCLOHyC\/Fxy\/Fx3lLCfQISHkLSe\/FxzbJiTBFx3FGx\/AGB7BFx3EGR7AGB3HHSDfKiXAFh3TISHYNzbhKibbJyTTIiL57e325+f039\/v2NjUV1fOHiHiqanfmprch4feKSXVIyPOICHmLibFGh\/mLSe\/Fx7XJCPeKSXXJSPNHyHaJyTGGh7lLCbmLCflLSjSIiLkLCbdKSXLHiC\/GB3KHh++Fh3lKyfoLiXcKCPkx8fYb2\/XaGfVXl3aU1LLHiDksbHgKibPICHbJyTfKSXbJyTCGB3KHSDiKybFGh7TIiL\/\/\/\/VIyPRISHIHB\/GGx\/HHB\/DGR7gKibdKCXLHiDZJiTMHiDNHyHYJSTOICHPICHWJCPcKCXXJSPjLCblLCf+\/f3NGR\/uLijzLynPGR\/IGB7WISHaIyLLGh7UAADxLynNAADRLzDbICLQAADIAAD3MCrUHSHXMTDpKSbLAADp5OTij4\/ejo\/VLy\/1LyngJSTcJCPQHx\/OHB7+\/PzaMS\/OLS\/vLijrLSjSAADaNTPwLyjkKSbNJCbYISHPHB\/KGB7WAAD7+vrn3d3aKynTKCjoLCfsKifRGh\/YAADq5+fhjo7QNDXXKCfmJyXt5+fTLzDLLi\/QKivYHRvMGBrQJCXLISPMExXLDxLaEAvkkI\/bOTfaFQ\/SCgpvLcnHAAAAmnRSTlMA+vv7+gT9Bvf9+8z8\/NSv\/Pr5+P7++vnQIBMP\/v38\/Pn348XDiCYf9OjbzcqxXVcx\/fz8+\/rj1r2poo1+fXFqX0orGP7+\/v7+\/fz8+\/r68uzn4trIxsG\/vri3p6GcmZSNbWVYUUZEPQv+\/f39+\/v7+\/v7+vr64tvV1NTTz87FtbSurqeblJKFg4B3bUY+NjL7+\/v7+\/v67t1cDo8JLQAABkRJREFUWMO0kz9rwkAYh0OIeJkum6YugUAhISCdKoj\/P4C7SMdS+gEKIhSKil10LSg4mzXkILdlEpxCpwTiWOLX6BujvQaEQuGeHLnL+\/64J+SIcKGYTYWnntpdLjrVdqvZmNdn0+EE40GtpuuWVS6Xx6N7YDSGpWXpeq02wHgynM7q80az1a52HpddtVcpsi1zFARBrdaxbhp9iUReTGmwA4KAAr7vx3EYejnCMI6hQYEgy0LQi4jUN0wL19vqFcUC9\/1dAKmEEFkWRYkh5oBejnxQJiSJPJ\/uKBp0Thszx9Mw8hMRIQjKsptCfuES9zr5WJY6vSFCIvE9fCMUmEM1A1kSXcYGxgVYsvI1IPKTZciSTI0us\/SMGG04gDzELDoFBwdcFJrF88dqgYMTiL6DILWYyfOWE8\/kIz38olCNlC03FK95+imxp6y4oUSvAnBjHHhKNtotSDqJzVFiK8c2SBqhZtsrTtgrLXwAyduxZHNE26eHUt5rtuM4WSmds3G+sUdWYo1L+XyxButoh5eKUHk5lByO3G1LqqCWVnfrv\/lyPtf\/4ps1cndNGIri8J1TJ0lx6dR\/oPjq1nbRwdp2dCk4CtIOLW3pVKRL6WZfS5vF2KkIQhpwSsjiYIgNCs1gEMGqiIq24NQX9NwoXFy8Ufrl3twTcg4fv8T9\/JBEySduj6Mjm4bMzYV7EEOxKjjoNDud7yY3Dy71Hq2oLmqfbNR723edH9PgMrNL2utoQ3VmaIDkiw\/4w51P06hlZsTZvkRrbVuSIs\/zwSOsycgzStQouoAkWQqioRT5XI7n2Z1wfVhoZmcAJLsoqjqpjbWCgpOAJXBwHK8PzWbNvoUZJND5wCnSkLAkZ1legx6vqQzjoiTahKlGUGLAiIIoABOHaNVw4sexZBym6\/HWlH5h3IC7yRbxtipcWxdTOkORKiNQAEkFf66x5S2oeRbroOlLgg0sSYkR0hRGEqJZ0jTPiQKatESdBckpWigxaapEH0lImHdWu9pUFF2XqMNM2Z4kped7IwEJw2qabwtrQqnpw6HyKkgcadKWsmpywwesDyIhYRpdzXddqegtGIJlXbAIUMOLkGxJUjRIkokwjUaX9d\/kK62ps\/tYUqZLIMkLTyBhsMZ3C5Z\/kDxOSCb\/DOs\/\/J0qcWSX\/2ipe56EgTCA4\/cB7NAYOsni4mZM1MUPAISoEwkDi4lhVBQ1cWQyIcwalw4EpqZN68JUSK7XC0kTlkLYii5uXSC8jT5ncCAS7mjCv0uHp\/3lueHEEAeQ\/\/VgmdN71\/2uCSA1Xr6DO6uI6sW56zqT2tp2PhgiRUAajV8CY2fkcz6WGNKMgLAt7tJAhD4YHMTeRxlALE6+43WqjSWi8ITxyJl8WrwWSNESQZZOqhDDntO3hJLsd5RtSpbJqdv3YrDJH3F7jL1R2O2aQkn2MyCyKYz0GPGIvSAMgBCrCEiJyKbBaYGwLW4uPRr0A0M4Ux5kUI7IBh+hMdiCEWNqhMZGyYMsOgNE58UQuEQeUnSWCMYwL54hkxK6IoqucQZbQ3pc3XtL0lky1dL0zZJJDpWJovFqpWj6JEHnyam2eQp5QRVAVHjWparTOaVwUOx99YS2MvgxIGV0bb+qIg2HX2qkFFJB+XZcbLiuRkuxD9GRroKyveLxdh4d7Orx+hb7qc3uVRuEogCOnyIxm4ubUoPgF4jianDrC+SDQDKEfJb0GUKmjCGPYHGJvVC6X4hw1\/sAfQAdfYyephIaspXe36RwOP+Ljvfx9B6B3i+Nk0DGq+oCbLn6JpBa9nWAveAIHwFAwtVcIJXPMPL8kRu5OAYPMaL1WScTxjiZDqB9LTJSWphow\/pTYKRTLjCBhvi9iBidvKcDasGSm0QQkycYuLBqj6QCELPctqChDWpTRMWkngNNpQ1Pfp1KkiT\/Y0DGffXAweUNfLAfaJFKDwhb6I+bkYRbkERoEeu3Fyjg2opMz2daZCS9jt6Q7txNfB+OZEVF6Zl5web2xunnLQrtrjXseXKaFYziYINeMFZVxS9VxRhOoesYwxPKXm+gWLG9cuFeq93UNNeJNsf1KlwuDok9n02n3TgIJpOxNfL9naIoQwXtfH9kjceTIIi709ncTg6LZbg+biLH1V6u\/7rxBem06VXKn9raAAAAAElFTkSuQmCC\")      no-repeat center center \/ contain;  }  @media screen and (max-width: 960px) and (orientation: portrait) {    .logo {      width: 100%;    }    .logo .pc-banner {      display: none;    }    .logo .m-banner {      display: block;      width: 100%;    }    .logo .m-banner img {      height: auto!important;    }    .ytvideo {      height: 200px;      width: 100%;    }  }<\/style><style>  .video-section {    width: 100%;    margin: 0 auto;  }  .video-section > img {    width: 100%;  }  .video-section iframe,  .video-section video {    width: 100%;    height: 100%;      }  .video-section-img-m,  .video-section-img-pc > img {    width: 100%;    height: auto;  }  .video-section-img-pc.small > img {    width: 970px;  }  .video-desc {    line-height: 1.5;    font-size: 20px;    font-weight: 400;    margin: 20px 0;    text-align: center;    color: #0f1111;    word-break: break-word;  }  @media screen and (max-width: 960px) and (orientation: portrait) {    .video-section {      width: 100%;    }    .video-section-pc,    .video-section-img-pc {      display: none;    }    .video-section-m,    .video-section-img-m {      display: block;    }    .video-desc {      font-size: 15px;    }  }  @media screen and (min-width: 960px) {    .video-section {      width: 100%;      margin: 0 auto;    }    .video-section-pc,    .video-section-img-pc {      display: block;    }    .video-section-m,    .video-section-img-m {      display: none;    }    .video-desc {      font-size: 20px;    }  }<\/style><style>  .section + .section {    margin-top: 35px;  }  .section-title {    text-align: center;    font-weight: bold;    color: #0d1111;    font-family: \"Arial\";    font-size: 32px;    margin: 15px 0;  }  .section-title:empty {    display: none;  }  .section-desc {    text-align: center;    font-weight: normal;    color: #0d1111;    margin-top: 20px;  }  .section-desc:empty {    display: none;  }  .section-img {    width: 1200px;    height: 492px;    margin: 0 auto;    display: block;  }  .section-img.small {    width: 970px;    height: auto;  }  .section-img.small > img {    height: auto;  }  .section-img > img {    width: 100%;    height: 100%;  }  .section-mobile-img {    display: none;    max-width: 100vw;    max-height: 75vw;    height: 450px;    margin: 0 auto;  }  .section-mobile-img > img {    width: 100%;    height: 100%;  }  @media screen and (max-width: 960px) and (orientation: portrait) {    .container {      width: 100%;    }    .container.small {      width: 100%;    }    .section-mobile-img {      display: block;    }    .section-img {      display: none;    }    .section-title {      font-size: 22px;      margin: 10px 0;    }    .section-desc {      margin-top: 10px;    }    .section + .section {      margin-top: 20px;    }  }<\/style><\/head><body><div class=\"container\"><div class=\"logo\"><div class=\"pc-banner\"><div><img decoding=\"async\" src=\"\/vevor\/vevor\/boutique-banner\/pc\/en-pc@1x.jpg\" style=\"width: 100%;\" \/><\/div><\/div><div class=\"m-banner\"><div><img decoding=\"async\" src=\"\/vevor\/vevor\/boutique-banner\/mobile\/en-m@1x.jpg\" style=\"width: 100%;\" \/><\/div><\/div><\/div><div class=\"section-title\">Kaasaskantav V\u00f5rkpall Net<\/div><div class=\"video-section\"><div class=\"video-section-img-pc\"><img decoding=\"async\" src=\"\/vevor\/product\/PQWTZ323YCGGF6Y0E\/volleyball-net-a100-1.4.jpg\" alt=\"VEVOR v\u00f5rkpall net s\u00fcsteemi tagahoovis aed, v\u00e4lim\u00f6\u00f6bel, ja reguleeritav net.\" \/><\/div><div class=\"video-section-img-m\"><img decoding=\"async\" src=\"\/vevor\/product\/PQWTZ323YCGGF6Y0E\/volleyball-net-a100-1.4-m.jpg\" alt=\"VEVOR v\u00f5rkpall net s\u00fcsteemi tagahoovis aed, v\u00e4lim\u00f6\u00f6bel, ja reguleeritav net.\" \/><\/div><div class=\"section-desc\">V\u00e4ljas v\u00f5rkpall net toimib nii f\u00fc\u00fcsilise barj\u00e4\u00e4ri ja s\u00fcmboolse vahel paiknevat kaks konkureerivat v\u00f5istkonda. See lihtne, kuid oluline seade m\u00e4ngib olulist rolli selle m\u00e4\u00e4ratlemisel, d\u00fcnaamika m\u00e4ng, meeskonnat\u00f6\u00f6 edendamine, ning tagada ausat m\u00e4ngu.<\/div><\/div><div class=\"section\"><div class=\"section-title\"><\/div><div class=\"section-img\"><img decoding=\"async\" src=\"\/vevor\/product\/PQWTZ323YCGGF6Y0E\/volleyball-net-a100-2.2.jpg\" alt=\"VEVOR v\u00f5rkpall net s\u00fcsteemi k\u00f5rgus valikud: 7.4 jalga naiste, 7.8 jalga \u00fchis, 8ft meeste.\" \/><\/div><div class=\"section-mobile-img\"><img decoding=\"async\" src=\"\/vevor\/product\/PQWTZ323YCGGF6Y0E\/volleyball-net-a100-2.2-m.jpg\" alt=\"VEVOR v\u00f5rkpall net s\u00fcsteemi k\u00f5rgus valikud: 7.4 jalga naiste, 7.8 jalga \u00fchis, 8ft meeste.\" \/><\/div><div class=\"section-desc\">Sellel professionaalsel v\u00f5rkpallikomplektil on kohandatav k\u00f5rgus, mis mahutab mitmesuguseid ametlikke m\u00e4ngustandardeid. Olenemata sellest, kas valmistute ametlikeks naiste mat\u0161ideks 7,4 jala k\u00f5rgusel, ametlikeks \u00fchism\u00e4ngudeks 7,8 jala k\u00f5rgusel v\u00f5i ametlikeks meeste turniirideks 8 jala k\u00f5rgusel, sobib see k\u00f5igi tasemete m\u00e4ngijatele.<\/div><\/div><div class=\"section\"><div class=\"section-title\"><\/div><div class=\"section-img\"><img decoding=\"async\" src=\"\/vevor\/product\/PQWTZ323YCGGF6Y0E\/volleyball-net-a100-2.3.jpg\" alt=\"VEVOR v\u00f5rkpall net s\u00fcsteemi veekindel kangas ja 4&#034; pool varrukad, all-ilm vastupidavus.\" \/><\/div><div class=\"section-mobile-img\"><img decoding=\"async\" src=\"\/vevor\/product\/PQWTZ323YCGGF6Y0E\/volleyball-net-a100-2.3-m.jpg\" alt=\"VEVOR v\u00f5rkpall net s\u00fcsteemi veekindel kangas ja 4&#034; pool varrukad, all-ilm vastupidavus.\" \/><\/div><div class=\"section-desc\">Meisterdatud vastupidavad 21-kihiline materjal PE, see net tagab erakordse vastupidavuse ja pikem eluiga. Selle laiemat 4-tolline pool varruka projekteerimis-ja veekindel kangas on ideaalne v\u00e4ljas kasutamiseks, on v\u00f5imelised kestev j\u00f5ulist m\u00f5ju tugev vastet.<\/div><\/div><div class=\"section\"><div class=\"section-title\"><\/div><div class=\"section-img\"><img decoding=\"async\" src=\"\/vevor\/product\/PQWTZ323YCGGF6Y0E\/volleyball-net-a100-2.4.jpg\" alt=\"VEVOR v\u00f5rkpall net s\u00fcsteemi loodud murukattega valdkonnas, selge sinine taevas ja ferris wheel taustal.\" \/><\/div><div class=\"section-mobile-img\"><img decoding=\"async\" src=\"\/vevor\/product\/PQWTZ323YCGGF6Y0E\/volleyball-net-a100-2.4-m.jpg\" alt=\"VEVOR v\u00f5rkpall net s\u00fcsteemi loodud murukattega valdkonnas, selge sinine taevas ja ferris wheel taustal.\" \/><\/div><div class=\"section-desc\">Lisada v\u00f5rkpall net komplekt on tugevdatud mastid, et saavutada stabiilsus, eriti v\u00e4ljas seaded. Poolakad on projekteeritud taluma erinevaid ilmastikutingimusi, tagada stabiilne ja turvaline hasartm\u00e4ngude kogemusi.<\/div><\/div><div class=\"section\"><div class=\"section-title\"><\/div><div class=\"section-img\"><img decoding=\"async\" src=\"\/vevor\/product\/PQWTZ323YCGGF6Y0E\/volleyball-net-a100-2.5.jpg\" alt=\"VEVOR v\u00f5rkpall net s\u00fcsteemi t\u00e4histamist era kohus roheline muru, mille m\u00f5\u00f5tmed 30x60 meetrit.\" \/><\/div><div class=\"section-mobile-img\"><img decoding=\"async\" src=\"\/vevor\/product\/PQWTZ323YCGGF6Y0E\/volleyball-net-a100-2.5-m.jpg\" alt=\"VEVOR v\u00f5rkpall net s\u00fcsteemi t\u00e4histamist era kohus roheline muru, mille m\u00f5\u00f5tmed 30x60 meetrit.\" \/><\/div><div class=\"section-desc\">Standard 30 x 60 Ft piir, joon, saate h\u00f5lpsasti teha l\u00e4bi oma era-kohus. Lisaks metallist panused tagada lihtne setup ja ladustamine.<\/div><\/div><div class=\"section\"><div class=\"section-img\"><img decoding=\"async\" src=\"\/vevor\/product\/PQWTZ323YCGGF6Y0E\/volleyball-net-a100-1.11.jpg\" alt=\"VEVOR v\u00f5rkpall net s\u00fcsteemi kuvatakse roheline park koos toote spetsifikatsioonid ja pakendi sisu eest.\" \/><\/div><div class=\"section-mobile-img\"><img decoding=\"async\" src=\"\/vevor\/product\/PQWTZ323YCGGF6Y0E\/volleyball-net-a100-1.11-m.jpg\" alt=\"VEVOR v\u00f5rkpall net s\u00fcsteemi kuvatakse roheline park koos toote spetsifikatsioonid ja pakendi sisu eest.\" \/><\/div><\/div><\/div><\/body><\/html><\/div>\n<div class=\"DM_at-title\" id=\"js-DM_at-title\"> <div>Toote spetsifikatsioon<\/div> <i class=\"icon-arrowup_line\"><\/i> <\/div><div class=\"DM_at-goodsDescAttr\" id=\"js-DM_at-goodsDescAttr\"> <div class=\"DM_at-goodsDescAttrInner\"> <dl class=\"goodsDesc_item goodsDesc_item_even\"> <dt>Punkt Mudeli Number<\/dt> <dd> JH-202<\/dd> <\/dl> <dl class=\"goodsDesc_item\"> <dt>Materjal<\/dt> <dd> Teras -, Pol\u00fcet\u00fcleen - (PE -)<\/dd> <\/dl> <dl class=\"goodsDesc_item goodsDesc_item_even\"> <dt>Neto Kaal<\/dt> <dd> 14.8 lbs \/ 6.72 kg<\/dd> <\/dl> <\/div> <\/div>","protected":false},"excerpt":{"rendered":"<ul>\n<li> Reguleeritav K\u00f5rgus Ametlik M\u00e4ngida: See v\u00e4ljas v\u00f5rkpall net kaasas reguleeritav k\u00f5rgus funktsioon, toitlustus eri m\u00e4ngu ametlik standarditele. Seadke kell 7.4 jalad ametlik naiste v\u00f5istlustel, 7.8 jalad euroopa liidu \u00fchis m\u00e4ngud ja 8 jalga ametliku meeste turniiridel. <\/li>\n<li> Standard V\u00f5rkpall Net (32 &#039;L x 3&#034; H): v\u00e4ljas v\u00f5rkpall net on valmistatud vastupidav 21-kiht PE materjalist, featuring 2-tolline \u00fclemine ja alumine lindid ja laiema 4-tolline pool varruka disain stabiilsuse ja pikaealisuse. Lisaks net on meisterdatud veekindel kangas, mist\u00f5ttu see sobib kasutamiseks v\u00e4ljas ja taluma suurt m\u00f5ju j\u00f5uline l\u00f6\u00f6b ajal intensiivne v\u00f5rkpall m\u00e4ngud. <\/li>\n<li> 1.5-Inch Paks Terasest Postid: heavy duty v\u00f5rkpall net sisaldab paksenenud postid, et pakkuda paremat stabiilsust, eriti \u00f5ues. Poolakad on ette n\u00e4htud taluma erinevaid ilmastikutingimusi, tagades, et m\u00e4ng on endiselt stabiilne ja turvaline. <\/li>\n<li> Kiire ja lihtne kokkupanek: selle v\u00f5rkpalliv\u00f5rgu seadistamine tagahoovi jaoks on t\u00e4nu oma lukustavale disainile imelihtne. T\u00f6\u00f6riistu pole vaja, nii et saate selle kiiresti m\u00e4ngimiseks valmis. Lisaks sisaldab komplekt mugavat kandekotti, mis muudab selle v\u00e4ga kaasaskantavaks. Olenemata sellest, kas viibite pargis koos s\u00f5pradega, tagahoovis koos perega v\u00f5i selleks etten\u00e4htud v\u00f5rkpalliv\u00e4ljakul, v\u00f5imaldab see kaasaskantav v\u00f5rkpalliv\u00f5rgu v\u00e4lis\u00fcsteem nautida sporti k\u00f5ikjal, kus soovite. <\/li>\n<li> Rikkalik Lisavarustus: heavy duty v\u00f5rkpall net komplekt sisaldab 1 standardse 32\u00d73 jalga v\u00f5rkpall net, 6 pulberv\u00e4rvitud terasest postid, 1 PU v\u00f5rkpall, 1 pall pump koos 2 n\u00f5elad, 4 mees k\u00f6ied 4 8-tolline pikk metallist panused, 1 piir, mis on varustatud 4 metall-panused, 1 kasutusjuhend, ja 1 kaasaskantav 600D kott. <\/li>\n<\/ul>","protected":false},"featured_media":293460,"comment_status":"closed","ping_status":"open","template":"","meta":{"om_disable_all_campaigns":false,"_monsterinsights_skip_tracking":false,"_monsterinsights_sitenote_active":false,"_monsterinsights_sitenote_note":"","_monsterinsights_sitenote_category":0,"_uf_show_specific_survey":0,"_uf_disable_surveys":false},"location":[1935,1934],"product_brand":[21],"product_cat":[2379,2378,3528,3527],"product_tag":[],"class_list":{"0":"post-33135","1":"product","2":"type-product","3":"status-publish","4":"has-post-thumbnail","6":"location-supplier_stock_location","7":"location-local_stock_location","8":"product_brand-vevor","9":"product_cat-outdoor-sports-sports-outdoors","10":"product_cat-sports-outdoors","11":"product_cat-volleyball-and-badminton-combo-set","12":"product_cat-volleyball-equipment-outdoor-sports-sports-outdoors","14":"first","15":"instock","16":"taxable","17":"shipping-taxable","18":"purchasable","19":"product-type-simple"},"aioseo_notices":[],"jetpack_sharing_enabled":true,"locations":[{"id":1935,"name":"Pieg\u0101d\u0101t\u0101ja noliktav\u0101 (5-7dd)","slug":"supplier_stock_location","quantity":"149"},{"id":1934,"name":"R\u012bgas veikal\u0101 (0-2d.d.)","slug":"local_stock_location","quantity":"0"}],"_links":{"self":[{"href":"https:\/\/vevorshop.lv\/et\/wp-json\/wp\/v2\/product\/33135","targetHints":{"allow":["GET"]}}],"collection":[{"href":"https:\/\/vevorshop.lv\/et\/wp-json\/wp\/v2\/product"}],"about":[{"href":"https:\/\/vevorshop.lv\/et\/wp-json\/wp\/v2\/types\/product"}],"replies":[{"embeddable":true,"href":"https:\/\/vevorshop.lv\/et\/wp-json\/wp\/v2\/comments?post=33135"}],"wp:featuredmedia":[{"embeddable":true,"href":"https:\/\/vevorshop.lv\/et\/wp-json\/wp\/v2\/media\/293460"}],"wp:attachment":[{"href":"https:\/\/vevorshop.lv\/et\/wp-json\/wp\/v2\/media?parent=33135"}],"wp:term":[{"taxonomy":"location","embeddable":true,"href":"https:\/\/vevorshop.lv\/et\/wp-json\/wp\/v2\/location?post=33135"},{"taxonomy":"product_brand","embeddable":true,"href":"https:\/\/vevorshop.lv\/et\/wp-json\/wp\/v2\/product_brand?post=33135"},{"taxonomy":"product_cat","embeddable":true,"href":"https:\/\/vevorshop.lv\/et\/wp-json\/wp\/v2\/product_cat?post=33135"},{"taxonomy":"product_tag","embeddable":true,"href":"https:\/\/vevorshop.lv\/et\/wp-json\/wp\/v2\/product_tag?post=33135"}],"curies":[{"name":"wp","href":"https:\/\/api.w.org\/{rel}","templated":true}]}}