{"id":33317,"date":"2024-11-18T22:58:09","date_gmt":"2024-11-18T22:58:09","guid":{"rendered":"http:\/\/vevorshop.edigo.lv\/Prece\/vevor-7x7-ft-baseball-softball-practice-net-portable-baseball-training-net-for-hitting-catching-pitching-backstop-equipment-with-bow-frame-carry-bag-strike-zone-12-balls-tee-and-ball-collector\/"},"modified":"2026-04-20T06:47:38","modified_gmt":"2026-04-20T03:47:38","slug":"vevor-7x7-ft-baseball-softball-practice-net-portable-baseball-training-net-for-hitting-catching-pitching-backstop-equipment-with-bow-frame-carry-bag-strike-zone-12-balls-tee-and-ball-collector","status":"publish","type":"product","link":"https:\/\/vevorshop.lv\/et\/Prece\/vevor-7x7-ft-pesapalli-softball-harjutusvork-kaasaskantav-pesapalli-treeningvork-tabamiseks-puudmise-tagasiloogi-varustus-voori-raamiga-kandekott-loogitsoon-12-palli-tee-ja-palli-koguja\/","title":{"rendered":"VEVOR 213\u00d7213 cm pesapalli pehmepalli harjutusv\u00f5rgu komplekt koos tee, 12 palli, koguja, l\u00f6\u00f6gitsooni ja kotiga"},"content":{"rendered":"<div style=\"color: #fff!important; font-size: 16px; height: 24px; line-height: 24px; margin-top: -24px; \" class=\"product_original_name\">VEVOR 7x7 jalga pesapalli pehmepalli harjutusv\u00f5rk, kaasaskantav pesapalli treeningv\u00f5rk tabavate p\u00fc\u00fcdmiste jaoks, v\u00f6\u00f6riraamiga tagasil\u00f6\u00f6givarustus, kandekott, l\u00f6\u00f6gitsoon, 12 palli, tee ja pallikoguja<\/div>\n<div style=\"color: #fff!important; font-size: 16px; height: 24px; line-height: 24px; margin-top: -24px; \" class=\"product_sku\">M4I4L505<\/div>\n<div style=\"color: #fff!important; font-size: 16px; height: 24px; line-height: 24px; margin-top: -24px; \" class=\"product_mpn\">77YCDPJXLW77Z9CFSV0<\/div><div id=\"js-DM_at-goodDescRich\"><html><head><style>  body {    font-family: Arial;    line-height: 1.5;    color: #1c1c1c;    overflow-x: hidden;    margin: 0;    padding: 0;  }  .MsoNormal b {    font-weight: bolder;  }<\/style><style>  .container.small {    width: 970px;    margin: 0 auto;  }  .logo {    margin: 0 auto 0;  }  .logo img {    display: block;    margin: 0 auto;    max-width: 100%;  }  .logo .pc-banner {    display: block;    width: 1200px;    height: 247.4px;    margin: 0 auto;  }  .logo .pc-banner.small {    width: 970px;  }  .logo .pc-banner.small img {    height: auto!important;  }  .logo .m-banner {    display: none;  }  .ytvideo {    position: relative;    height: 546px;    width: 100%;    margin: 0 auto;  }  .ytvideo img {    width: 100%;    margin: 0 auto;  }  .ytvideo .play-btn {    width: 60px;    height: 42px;    position: absolute;    top: 50%;    left: 50%;    transform: translate(-50%, -50%);    background: url(\"data:image\/png;base64,iVBORw0KGgoAAAANSUhEUgAAAGQAAABGCAMAAAANWMFbAAAC+lBMVEUAAADBGB3kLCfBGB3kLCfcJC7BFx3KKSbiKybkLCbWJCPSIiLSIiLPICHAFx3kLCfgKSXNHiDZJiTIGx\/p4eHcjo7LHSDbJyTkLCbjKyfOHyHPIiL28fHJHB\/GGh7EGR7eKCXDGB3RISHlLSbBGB3AFxzGHB7DGB7BGB3hKybkKybAFx3lLCfAFxzDGR3hKibDGB7cJyTmz8\/elJTlwcHjurrUIyLlLSflLSfAFx3DGR7lLSfCFx3hKibhKibhKybjKybkLCblLSfbJSX49vbx7e3NNzjNMTLMJyjVIyLZf3\/ZQ0LaeHjx0tLgoqLkLCfCGB3HGx\/BGB3BFx3PICHCGB7WJCLOHyC\/Fxy\/Fx3lLCfQISHkLSe\/FxzbJiTBFx3FGx\/AGB7BFx3EGR7AGB3HHSDfKiXAFh3TISHYNzbhKibbJyTTIiL57e325+f039\/v2NjUV1fOHiHiqanfmprch4feKSXVIyPOICHmLibFGh\/mLSe\/Fx7XJCPeKSXXJSPNHyHaJyTGGh7lLCbmLCflLSjSIiLkLCbdKSXLHiC\/GB3KHh++Fh3lKyfoLiXcKCPkx8fYb2\/XaGfVXl3aU1LLHiDksbHgKibPICHbJyTfKSXbJyTCGB3KHSDiKybFGh7TIiL\/\/\/\/VIyPRISHIHB\/GGx\/HHB\/DGR7gKibdKCXLHiDZJiTMHiDNHyHYJSTOICHPICHWJCPcKCXXJSPjLCblLCf+\/f3NGR\/uLijzLynPGR\/IGB7WISHaIyLLGh7UAADxLynNAADRLzDbICLQAADIAAD3MCrUHSHXMTDpKSbLAADp5OTij4\/ejo\/VLy\/1LyngJSTcJCPQHx\/OHB7+\/PzaMS\/OLS\/vLijrLSjSAADaNTPwLyjkKSbNJCbYISHPHB\/KGB7WAAD7+vrn3d3aKynTKCjoLCfsKifRGh\/YAADq5+fhjo7QNDXXKCfmJyXt5+fTLzDLLi\/QKivYHRvMGBrQJCXLISPMExXLDxLaEAvkkI\/bOTfaFQ\/SCgpvLcnHAAAAmnRSTlMA+vv7+gT9Bvf9+8z8\/NSv\/Pr5+P7++vnQIBMP\/v38\/Pn348XDiCYf9OjbzcqxXVcx\/fz8+\/rj1r2poo1+fXFqX0orGP7+\/v7+\/fz8+\/r68uzn4trIxsG\/vri3p6GcmZSNbWVYUUZEPQv+\/f39+\/v7+\/v7+vr64tvV1NTTz87FtbSurqeblJKFg4B3bUY+NjL7+\/v7+\/v67t1cDo8JLQAABkRJREFUWMO0kz9rwkAYh0OIeJkum6YugUAhISCdKoj\/P4C7SMdS+gEKIhSKil10LSg4mzXkILdlEpxCpwTiWOLX6BujvQaEQuGeHLnL+\/64J+SIcKGYTYWnntpdLjrVdqvZmNdn0+EE40GtpuuWVS6Xx6N7YDSGpWXpeq02wHgynM7q80az1a52HpddtVcpsi1zFARBrdaxbhp9iUReTGmwA4KAAr7vx3EYejnCMI6hQYEgy0LQi4jUN0wL19vqFcUC9\/1dAKmEEFkWRYkh5oBejnxQJiSJPJ\/uKBp0Thszx9Mw8hMRIQjKsptCfuES9zr5WJY6vSFCIvE9fCMUmEM1A1kSXcYGxgVYsvI1IPKTZciSTI0us\/SMGG04gDzELDoFBwdcFJrF88dqgYMTiL6DILWYyfOWE8\/kIz38olCNlC03FK95+imxp6y4oUSvAnBjHHhKNtotSDqJzVFiK8c2SBqhZtsrTtgrLXwAyduxZHNE26eHUt5rtuM4WSmds3G+sUdWYo1L+XyxButoh5eKUHk5lByO3G1LqqCWVnfrv\/lyPtf\/4ps1cndNGIri8J1TJ0lx6dR\/oPjq1nbRwdp2dCk4CtIOLW3pVKRL6WZfS5vF2KkIQhpwSsjiYIgNCs1gEMGqiIq24NQX9NwoXFy8Ufrl3twTcg4fv8T9\/JBEySduj6Mjm4bMzYV7EEOxKjjoNDud7yY3Dy71Hq2oLmqfbNR723edH9PgMrNL2utoQ3VmaIDkiw\/4w51P06hlZsTZvkRrbVuSIs\/zwSOsycgzStQouoAkWQqioRT5XI7n2Z1wfVhoZmcAJLsoqjqpjbWCgpOAJXBwHK8PzWbNvoUZJND5wCnSkLAkZ1legx6vqQzjoiTahKlGUGLAiIIoABOHaNVw4sexZBym6\/HWlH5h3IC7yRbxtipcWxdTOkORKiNQAEkFf66x5S2oeRbroOlLgg0sSYkR0hRGEqJZ0jTPiQKatESdBckpWigxaapEH0lImHdWu9pUFF2XqMNM2Z4kped7IwEJw2qabwtrQqnpw6HyKkgcadKWsmpywwesDyIhYRpdzXddqegtGIJlXbAIUMOLkGxJUjRIkokwjUaX9d\/kK62ps\/tYUqZLIMkLTyBhsMZ3C5Z\/kDxOSCb\/DOs\/\/J0qcWSX\/2ipe56EgTCA4\/cB7NAYOsni4mZM1MUPAISoEwkDi4lhVBQ1cWQyIcwalw4EpqZN68JUSK7XC0kTlkLYii5uXSC8jT5ncCAS7mjCv0uHp\/3lueHEEAeQ\/\/VgmdN71\/2uCSA1Xr6DO6uI6sW56zqT2tp2PhgiRUAajV8CY2fkcz6WGNKMgLAt7tJAhD4YHMTeRxlALE6+43WqjSWi8ITxyJl8WrwWSNESQZZOqhDDntO3hJLsd5RtSpbJqdv3YrDJH3F7jL1R2O2aQkn2MyCyKYz0GPGIvSAMgBCrCEiJyKbBaYGwLW4uPRr0A0M4Ux5kUI7IBh+hMdiCEWNqhMZGyYMsOgNE58UQuEQeUnSWCMYwL54hkxK6IoqucQZbQ3pc3XtL0lky1dL0zZJJDpWJovFqpWj6JEHnyam2eQp5QRVAVHjWparTOaVwUOx99YS2MvgxIGV0bb+qIg2HX2qkFFJB+XZcbLiuRkuxD9GRroKyveLxdh4d7Orx+hb7qc3uVRuEogCOnyIxm4ubUoPgF4jianDrC+SDQDKEfJb0GUKmjCGPYHGJvVC6X4hw1\/sAfQAdfYyephIaspXe36RwOP+Ljvfx9B6B3i+Nk0DGq+oCbLn6JpBa9nWAveAIHwFAwtVcIJXPMPL8kRu5OAYPMaL1WScTxjiZDqB9LTJSWphow\/pTYKRTLjCBhvi9iBidvKcDasGSm0QQkycYuLBqj6QCELPctqChDWpTRMWkngNNpQ1Pfp1KkiT\/Y0DGffXAweUNfLAfaJFKDwhb6I+bkYRbkERoEeu3Fyjg2opMz2daZCS9jt6Q7txNfB+OZEVF6Zl5web2xunnLQrtrjXseXKaFYziYINeMFZVxS9VxRhOoesYwxPKXm+gWLG9cuFeq93UNNeJNsf1KlwuDok9n02n3TgIJpOxNfL9naIoQwXtfH9kjceTIIi709ncTg6LZbg+biLH1V6u\/7rxBem06VXKn9raAAAAAElFTkSuQmCC\")      no-repeat center center \/ contain;  }  @media screen and (max-width: 960px) and (orientation: portrait) {    .logo {      width: 100%;    }    .logo .pc-banner {      display: none;    }    .logo .m-banner {      display: block;      width: 100%;    }    .logo .m-banner img {      height: auto!important;    }    .ytvideo {      height: 200px;      width: 100%;    }  }<\/style><style>  .video-section {    width: 100%;    margin: 0 auto;  }  .video-section > img {    width: 100%;  }  .video-section iframe,  .video-section video {    width: 100%;    height: 100%;      }  .video-section-img-m,  .video-section-img-pc > img {    width: 100%;    height: auto;  }  .video-section-img-pc.small > img {    width: 970px;  }  .video-desc {    line-height: 1.5;    font-size: 20px;    font-weight: 400;    margin: 20px 0;    text-align: center;    color: #0f1111;    word-break: break-word;  }  @media screen and (max-width: 960px) and (orientation: portrait) {    .video-section {      width: 100%;    }    .video-section-pc,    .video-section-img-pc {      display: none;    }    .video-section-m,    .video-section-img-m {      display: block;    }    .video-desc {      font-size: 15px;    }  }  @media screen and (min-width: 960px) {    .video-section {      width: 100%;      margin: 0 auto;    }    .video-section-pc,    .video-section-img-pc {      display: block;    }    .video-section-m,    .video-section-img-m {      display: none;    }    .video-desc {      font-size: 20px;    }  }<\/style><style>  .section + .section {    margin-top: 35px;  }  .section-title {    text-align: center;    font-weight: bold;    color: #0d1111;    font-family: \"Arial\";    font-size: 32px;    margin: 15px 0;  }  .section-title:empty {    display: none;  }  .section-desc {    text-align: center;    font-weight: normal;    color: #0d1111;    margin-top: 20px;  }  .section-desc:empty {    display: none;  }  .section-img {    width: 1200px;    height: 492px;    margin: 0 auto;    display: block;  }  .section-img.small {    width: 970px;    height: auto;  }  .section-img.small > img {    height: auto;  }  .section-img > img {    width: 100%;    height: 100%;  }  .section-mobile-img {    display: none;    max-width: 100vw;    max-height: 75vw;    height: 450px;    margin: 0 auto;  }  .section-mobile-img > img {    width: 100%;    height: 100%;  }  @media screen and (max-width: 960px) and (orientation: portrait) {    .container {      width: 100%;    }    .container.small {      width: 100%;    }    .section-mobile-img {      display: block;    }    .section-img {      display: none;    }    .section-title {      font-size: 22px;      margin: 10px 0;    }    .section-desc {      margin-top: 10px;    }    .section + .section {      margin-top: 20px;    }  }<\/style><\/head><body><div class=\"container\"><div class=\"logo\"><div class=\"pc-banner\"><div><img decoding=\"async\" src=\"\/vevor\/vevor\/boutique-banner\/pc\/en-pc@1x.jpg\" style=\"width: 100%;\" \/><\/div><\/div><div class=\"m-banner\"><div><img decoding=\"async\" src=\"\/vevor\/vevor\/boutique-banner\/mobile\/en-m@1x.jpg\" style=\"width: 100%;\" \/><\/div><\/div><\/div><div class=\"section-title\">Pihta L\u00f6\u00f6mist P\u00fc\u00fcdmine Pitching Koolitus Neto<\/div><div class=\"video-section\"><div class=\"video-section-img-pc\"><img decoding=\"async\" src=\"\/vevor\/product\/77YCDPJXLW77Z9CFS\/train-net-a100-1.4.jpg\" alt=\"7x7ft VEVOR pesapalli tava net koolitus, featuring vastupidav, kulumiskindel disain, lihtne ladustada.\" \/><\/div><div class=\"video-section-img-m\"><img decoding=\"async\" src=\"\/vevor\/product\/77YCDPJXLW77Z9CFS\/train-net-a100-1.4-m.jpg\" alt=\"7x7ft VEVOR pesapalli tava net koolitus, featuring vastupidav, kulumiskindel disain, lihtne ladustada.\" \/><\/div><div class=\"section-desc\">Meie pesapalli net annab hea koolituse kogemust. See raam parandab pihta t\u00e4psus ja v\u00e4hendab liigne liikumine. Selline koolitus v\u00f5imaldab m\u00e4ngijatel kiiresti kapten p\u00f5hilisi pesapalli oskusi ja parandada oma palli tunnetus ja kontroll.<\/div><\/div><div class=\"section\"><div class=\"section-title\"><\/div><div class=\"section-img\"><img decoding=\"async\" src=\"\/vevor\/product\/77YCDPJXLW77Z9CFS\/train-net-a100-2.2.jpg\" alt=\"vastupidav VEVOR pesapalli tava puhaskasum koos klaaskiud vardad, anti-tip maa panused ja vastupidav oxford lapiga.\" \/><\/div><div class=\"section-mobile-img\"><img decoding=\"async\" src=\"\/vevor\/product\/77YCDPJXLW77Z9CFS\/train-net-a100-2.2-m.jpg\" alt=\"vastupidav VEVOR pesapalli tava puhaskasum koos klaaskiud vardad, anti-tip maa panused ja vastupidav oxford lapiga.\" \/><\/div><div class=\"section-desc\">Meie klaaskiud vardad l\u00e4bim\u00f5\u00f5duga 12,7 mm, pakkuda suurem tugevus, elastsus ja ilmastikukindluse. Neid saab \u00f5ues pikema aja jooksul ilma vananemise m\u00e4rke v\u00f5i muutuvad hapraks, mille tulemuseks on pikem kasutusiga ja madalad hoolduskulud.<\/div><\/div><div class=\"section\"><div class=\"section-title\"><\/div><div class=\"section-img\"><img decoding=\"async\" src=\"\/vevor\/product\/77YCDPJXLW77Z9CFS\/train-net-a100-2.3.jpg\" alt=\"reguleeritav l\u00f6\u00f6mist tee erinevad k\u00f5rgused lastele ja t\u00e4iskasvanutele kohta baseball valdkonnas.\" \/><\/div><div class=\"section-mobile-img\"><img decoding=\"async\" src=\"\/vevor\/product\/77YCDPJXLW77Z9CFS\/train-net-a100-2.3-m.jpg\" alt=\"reguleeritav l\u00f6\u00f6mist tee erinevad k\u00f5rgused lastele ja t\u00e4iskasvanutele kohta baseball valdkonnas.\" \/><\/div><div class=\"section-desc\">V\u00f5rgukomplekt on varustatud 12 pesapalliga. Seda kasutatakse peamiselt treeningutel, et suurendada m\u00e4ngija l\u00f6\u00f6gij\u00f5udu ja viskekiirust. Selle disain aitab m\u00e4ngijatel suurendada oma lihasj\u00f5udu ja visketehnikaid. Sobib k\u00f5ikidele tasemetele m\u00e4ngijatele.<\/div><\/div><div class=\"section\"><div class=\"section-title\"><\/div><div class=\"section-img\"><img decoding=\"async\" src=\"\/vevor\/product\/77YCDPJXLW77Z9CFS\/train-net-a100-2.4.jpg\" alt=\"suure v\u00f5imsusega palli koguja kohta baseball valdkonnas, funktsioonid h\u00f5lmavad tugevat koormust kandev raam, kiire ladustamine.\" \/><\/div><div class=\"section-mobile-img\"><img decoding=\"async\" src=\"\/vevor\/product\/77YCDPJXLW77Z9CFS\/train-net-a100-2.4-m.jpg\" alt=\"suure v\u00f5imsusega palli koguja kohta baseball valdkonnas, funktsioonid h\u00f5lmavad tugevat koormust kandev raam, kiire ladustamine.\" \/><\/div><div class=\"section-desc\">Palli koguja on seade, kogudes ja s\u00e4ilitades pesapallid. Mis veelgi olulisem, treeningu ajal, treenerid saavad kasutada seda kontrolli l\u00f6\u00f6mist korra ja arv pallid. M\u00e4ngudest, kohtunikud saab seda kasutada, et kontrollida arv pallid, mida kasutatakse, et tagada \u00f5iglus ja \u00f5igluse reeglid.<\/div><\/div><div class=\"section\"><div class=\"section-title\"><\/div><div class=\"section-img\"><img decoding=\"async\" src=\"\/vevor\/product\/77YCDPJXLW77Z9CFS\/train-net-a100-2.5.jpg\" alt=\"\u00fcksikasjalikud juhised kokkupanek VEVOR pesapalli tava puhaskasum rohtukasvanud alal, mis n\u00e4itavad samm-sammult setup.\" \/><\/div><div class=\"section-mobile-img\"><img decoding=\"async\" src=\"\/vevor\/product\/77YCDPJXLW77Z9CFS\/train-net-a100-2.5-m.jpg\" alt=\"\u00fcksikasjalikud juhised kokkupanek VEVOR pesapalli tava puhaskasum rohtukasvanud alal, mis n\u00e4itavad samm-sammult setup.\" \/><\/div><div class=\"section-desc\">1. Enne paigaldamist lugege palun kasutusjuhend, nagu vale \u00fchendamine v\u00f5ib p\u00f5hjustada kahju. 2. See net sisaldab v\u00e4ikesi osi, mis ei sobi alla 3-aastastele. 3. V\u00e4ltida muljumis paigaldamisel \u00fchised osad. 4. Ei tohi ronida v\u00f5i t\u00f5mba \u00e4gedalt. 10. Regulaarselt kontrollida koolitus-net.<\/div><\/div><div class=\"section\"><div class=\"section-img\"><img decoding=\"async\" src=\"\/vevor\/product\/77YCDPJXLW77Z9CFS\/train-net-a100-1.11.jpg\" alt=\"VEVOR pesapalli tava net, mudeli yc-ss-bn006 pol\u00fcester net, carbon steel toetab, klaaskiud raam.\" \/><\/div><div class=\"section-mobile-img\"><img decoding=\"async\" src=\"\/vevor\/product\/77YCDPJXLW77Z9CFS\/train-net-a100-1.11-m.jpg\" alt=\"VEVOR pesapalli tava net, mudeli yc-ss-bn006 pol\u00fcester net, carbon steel toetab, klaaskiud raam.\" \/><\/div><\/div><\/div><\/body><\/html><\/div>\n<div class=\"DM_at-title\" id=\"js-DM_at-title\"> <div>Toote spetsifikatsioon<\/div> <i class=\"icon-arrowup_line\"><\/i> <\/div><div class=\"DM_at-goodsDescAttr\" id=\"js-DM_at-goodsDescAttr\"> <div class=\"DM_at-goodsDescAttrInner\"> <dl class=\"goodsDesc_item goodsDesc_item_even\"> <dt>Punkt Re\u017eiim Number<\/dt> <dd> YC-SS-BN006<\/dd> <\/dl> <dl class=\"goodsDesc_item\"> <dt>Base Suurus(LxW)<\/dt> <dd> 84x41.7 tolli<\/dd> <\/dl> <dl class=\"goodsDesc_item goodsDesc_item_even\"> <dt>Neto Kaal<\/dt> <dd> 21.9 lbs \/ 9.92 kg<\/dd> <\/dl> <dl class=\"goodsDesc_item\"> <dt>Net Materjal<\/dt> <dd> Pol\u00fcester<\/dd> <\/dl> <\/div> <\/div>","protected":false},"excerpt":{"rendered":"<ul>\n<li> 7x7ft Erialase Koolituse Komplekt: Peale p\u00f5hi-net ja raam, see pesapall, softball tava puhaskasum komplekt sisaldab ka ruudu-ja \u00fcheksa-grid sihtm\u00e4rk raami, a l\u00f6\u00f6mist tee, 12 baseballs, ja kolmnurkne koguja. Professionaalne ja t\u00e4ielik komplekt tarvikud aitab m\u00e4ngijad paremad tava pitching ja p\u00fc\u00fcdmine, suurendades oma oskusi kiiresti. Plus, see on kaasas spetsiaalne ladustamine kott jaoks kiire ja mugav pakkimine. <\/li>\n<li> Tugev ja kallutamisvastane disain: tugivardad on valmistatud 12,7 mm paksusest klaaskiust, millel on suurep\u00e4rane tugevus, paindlikkus ja ilmastikukindlus. Koos s\u00fcsinikterasest tugibaasiga pakub selle tugev struktuur v\u00f5imsaid raskust kandvaid v\u00f5imalusi. See l\u00f6\u00f6gi- ja viskamisv\u00f5rk peab vastu vananemisele ja rabedusele, tagades pikema eluea. Ideaalne pikaajaliseks kasutamiseks v\u00e4litingimustes! <\/li>\n<li> Karm ja kulumiskindel v\u00f5rk: pesapalliv\u00f5rk on kootud \u00fclitugevatest kulumiskindlatest s\u00fcnteetilistest kiududest, nagu pol\u00fcester ja nailon. Selle s\u00f5lmedeta kudumine muudab sileda ja \u00fchtlase pinna, minimeerides kulumist ja purunemist kuulist v\u00f5rku h\u00f5\u00f5rdumisest. Selle tulemuseks on v\u00f5rk, mis s\u00e4ilitab aja jooksul oma kuju ja tagab nii suure tugevuse kui ka vastupidavuse. <\/li>\n<li> T\u00e4iustatud L\u00f6\u00f6mist Koolitus: reguleeritav l\u00f6\u00f6mist tee set, alates 27.6, et 42.1 tolli, aitab m\u00e4ngijad parandada lihaste j\u00f5udu ja viskamine tehnikat. \u00dchendatud suure v\u00f5imsusega kolmnurkne palli koguja, see ei ole ainult kogub ja talletab baseballs, kuid ka kontrollib l\u00f6\u00f6mist korra ja arv pallid treeningu ajal, tagades organiseeritud ja t\u00f5hus tava istungil. <\/li>\n<li> P\u00fchendatud kaasaskantavas Kotis: Valmistatud 600D Oxford kangast, selle j\u00e4medam ja paksem jutustama pakub hea kulumiskindlus, mis v\u00f5imaldab seda kanda suuremat massi ja kulumist. Lisaks sellele eksponeerib suurep\u00e4rane vastupidavus ilmastiku ja vananemist, koos omadused nagu keemiline vastupidavus korrosioonile, oks\u00fcdeerimise vastupanu, ja leek retardancy. Selle tulemuseks on kott t\u00e4iustatud stabiilsus, vastupidavus, ja pikendada eluiga. <\/li>\n<\/ul>","protected":false},"featured_media":293726,"comment_status":"closed","ping_status":"open","template":"","meta":{"om_disable_all_campaigns":false,"_uf_show_specific_survey":0,"_uf_disable_surveys":false},"location":[1935,1934],"product_brand":[21],"product_cat":[3729,3826,2379,2378],"product_tag":[],"class_list":{"0":"post-33317","1":"product","2":"type-product","3":"status-publish","4":"has-post-thumbnail","6":"location-supplier_stock_location","7":"location-local_stock_location","8":"product_brand-vevor","9":"product_cat-baseball-equipment-outdoor-sports-sports-outdoors","10":"product_cat-baseball-practice-net","11":"product_cat-outdoor-sports-sports-outdoors","12":"product_cat-sports-outdoors","14":"first","15":"instock","16":"taxable","17":"shipping-taxable","18":"purchasable","19":"product-type-simple"},"aioseo_notices":[],"locations":[{"id":1935,"name":"Pieg\u0101d\u0101t\u0101ja noliktav\u0101 (5-7dd)","slug":"supplier_stock_location","quantity":"37"},{"id":1934,"name":"R\u012bgas veikal\u0101 (0-2d.d.)","slug":"local_stock_location","quantity":"0"}],"_links":{"self":[{"href":"https:\/\/vevorshop.lv\/et\/wp-json\/wp\/v2\/product\/33317","targetHints":{"allow":["GET"]}}],"collection":[{"href":"https:\/\/vevorshop.lv\/et\/wp-json\/wp\/v2\/product"}],"about":[{"href":"https:\/\/vevorshop.lv\/et\/wp-json\/wp\/v2\/types\/product"}],"replies":[{"embeddable":true,"href":"https:\/\/vevorshop.lv\/et\/wp-json\/wp\/v2\/comments?post=33317"}],"wp:featuredmedia":[{"embeddable":true,"href":"https:\/\/vevorshop.lv\/et\/wp-json\/wp\/v2\/media\/293726"}],"wp:attachment":[{"href":"https:\/\/vevorshop.lv\/et\/wp-json\/wp\/v2\/media?parent=33317"}],"wp:term":[{"taxonomy":"location","embeddable":true,"href":"https:\/\/vevorshop.lv\/et\/wp-json\/wp\/v2\/location?post=33317"},{"taxonomy":"product_brand","embeddable":true,"href":"https:\/\/vevorshop.lv\/et\/wp-json\/wp\/v2\/product_brand?post=33317"},{"taxonomy":"product_cat","embeddable":true,"href":"https:\/\/vevorshop.lv\/et\/wp-json\/wp\/v2\/product_cat?post=33317"},{"taxonomy":"product_tag","embeddable":true,"href":"https:\/\/vevorshop.lv\/et\/wp-json\/wp\/v2\/product_tag?post=33317"}],"curies":[{"name":"wp","href":"https:\/\/api.w.org\/{rel}","templated":true}]}}