{"id":33876,"date":"2024-11-18T23:26:18","date_gmt":"2024-11-18T23:26:18","guid":{"rendered":"http:\/\/vevorshop.edigo.lv\/Prece\/vevor-freestanding-volleyball-training-net-for-indoor-or-outdoor-use-adjustable-height-portable-net-system-with-carrying-bag-professional-volleyball-practice-trainer-for-hitting-or-serving-drills\/"},"modified":"2026-04-05T22:20:43","modified_gmt":"2026-04-05T19:20:43","slug":"vevor-freestanding-volleyball-training-net-for-indoor-or-outdoor-use-adjustable-height-portable-net-system-with-carrying-bag-professional-volleyball-practice-trainer-for-hitting-or-serving-drills","status":"publish","type":"product","link":"https:\/\/vevorshop.lv\/et\/Prece\/vevor-freestanding-volleyball-training-net-for-indoor-or-outdoor-use-adjustable-height-portable-net-system-with-carrying-bag-professional-volleyball-practice-trainer-for-hitting-or-serving-drills\/","title":{"rendered":"VEVOR Kaasaskantav Vabaltseisev V\u00f5rkpalliv\u00f5rk, Reguleeritav K\u00f5rgus 2,26\u20132,44 m, Laius 4,27 m, Kott Kaasas, Sise- ja V\u00e4listingimustesse"},"content":{"rendered":"<div style=\"color: #fff!important; font-size: 16px; height: 24px; line-height: 24px; margin-top: -24px; \" class=\"product_original_name\">VEVOR Freestanding Volleyball Training Net for Indoor or Outdoor Use, Adjustable Height Portable Net System with Carrying Bag, Professional Volleyball Practice Trainer for Hitting or Serving Drills<\/div>\n<div style=\"color: #fff!important; font-size: 16px; height: 24px; line-height: 24px; margin-top: -24px; \" class=\"product_sku\">M4I4L5T6<\/div>\n<div style=\"color: #fff!important; font-size: 16px; height: 24px; line-height: 24px; margin-top: -24px; \" class=\"product_mpn\">PQXLW14YC00098F67V0<\/div><div id=\"js-DM_at-goodDescRich\"><html><head><style>  body {    font-family: Arial;    line-height: 1.5;    color: #1c1c1c;    overflow-x: hidden;    margin: 0;    padding: 0;  }  .MsoNormal b {    font-weight: bolder;  }<\/style><style>  .container.small {    width: 970px;    margin: 0 auto;  }  .logo {    margin: 0 auto 0;  }  .logo img {    display: block;    margin: 0 auto;    max-width: 100%;  }  .logo .pc-banner {    display: block;    width: 1200px;    height: 247.4px;    margin: 0 auto;  }  .logo .pc-banner.small {    width: 970px;  }  .logo .pc-banner.small img {    height: auto!important;  }  .logo .m-banner {    display: none;  }  .ytvideo {    position: relative;    height: 546px;    width: 100%;    margin: 0 auto;  }  .ytvideo img {    width: 100%;    margin: 0 auto;  }  .ytvideo .play-btn {    width: 60px;    height: 42px;    position: absolute;    top: 50%;    left: 50%;    transform: translate(-50%, -50%);    background: url(\"data:image\/png;base64,iVBORw0KGgoAAAANSUhEUgAAAGQAAABGCAMAAAANWMFbAAAC+lBMVEUAAADBGB3kLCfBGB3kLCfcJC7BFx3KKSbiKybkLCbWJCPSIiLSIiLPICHAFx3kLCfgKSXNHiDZJiTIGx\/p4eHcjo7LHSDbJyTkLCbjKyfOHyHPIiL28fHJHB\/GGh7EGR7eKCXDGB3RISHlLSbBGB3AFxzGHB7DGB7BGB3hKybkKybAFx3lLCfAFxzDGR3hKibDGB7cJyTmz8\/elJTlwcHjurrUIyLlLSflLSfAFx3DGR7lLSfCFx3hKibhKibhKybjKybkLCblLSfbJSX49vbx7e3NNzjNMTLMJyjVIyLZf3\/ZQ0LaeHjx0tLgoqLkLCfCGB3HGx\/BGB3BFx3PICHCGB7WJCLOHyC\/Fxy\/Fx3lLCfQISHkLSe\/FxzbJiTBFx3FGx\/AGB7BFx3EGR7AGB3HHSDfKiXAFh3TISHYNzbhKibbJyTTIiL57e325+f039\/v2NjUV1fOHiHiqanfmprch4feKSXVIyPOICHmLibFGh\/mLSe\/Fx7XJCPeKSXXJSPNHyHaJyTGGh7lLCbmLCflLSjSIiLkLCbdKSXLHiC\/GB3KHh++Fh3lKyfoLiXcKCPkx8fYb2\/XaGfVXl3aU1LLHiDksbHgKibPICHbJyTfKSXbJyTCGB3KHSDiKybFGh7TIiL\/\/\/\/VIyPRISHIHB\/GGx\/HHB\/DGR7gKibdKCXLHiDZJiTMHiDNHyHYJSTOICHPICHWJCPcKCXXJSPjLCblLCf+\/f3NGR\/uLijzLynPGR\/IGB7WISHaIyLLGh7UAADxLynNAADRLzDbICLQAADIAAD3MCrUHSHXMTDpKSbLAADp5OTij4\/ejo\/VLy\/1LyngJSTcJCPQHx\/OHB7+\/PzaMS\/OLS\/vLijrLSjSAADaNTPwLyjkKSbNJCbYISHPHB\/KGB7WAAD7+vrn3d3aKynTKCjoLCfsKifRGh\/YAADq5+fhjo7QNDXXKCfmJyXt5+fTLzDLLi\/QKivYHRvMGBrQJCXLISPMExXLDxLaEAvkkI\/bOTfaFQ\/SCgpvLcnHAAAAmnRSTlMA+vv7+gT9Bvf9+8z8\/NSv\/Pr5+P7++vnQIBMP\/v38\/Pn348XDiCYf9OjbzcqxXVcx\/fz8+\/rj1r2poo1+fXFqX0orGP7+\/v7+\/fz8+\/r68uzn4trIxsG\/vri3p6GcmZSNbWVYUUZEPQv+\/f39+\/v7+\/v7+vr64tvV1NTTz87FtbSurqeblJKFg4B3bUY+NjL7+\/v7+\/v67t1cDo8JLQAABkRJREFUWMO0kz9rwkAYh0OIeJkum6YugUAhISCdKoj\/P4C7SMdS+gEKIhSKil10LSg4mzXkILdlEpxCpwTiWOLX6BujvQaEQuGeHLnL+\/64J+SIcKGYTYWnntpdLjrVdqvZmNdn0+EE40GtpuuWVS6Xx6N7YDSGpWXpeq02wHgynM7q80az1a52HpddtVcpsi1zFARBrdaxbhp9iUReTGmwA4KAAr7vx3EYejnCMI6hQYEgy0LQi4jUN0wL19vqFcUC9\/1dAKmEEFkWRYkh5oBejnxQJiSJPJ\/uKBp0Thszx9Mw8hMRIQjKsptCfuES9zr5WJY6vSFCIvE9fCMUmEM1A1kSXcYGxgVYsvI1IPKTZciSTI0us\/SMGG04gDzELDoFBwdcFJrF88dqgYMTiL6DILWYyfOWE8\/kIz38olCNlC03FK95+imxp6y4oUSvAnBjHHhKNtotSDqJzVFiK8c2SBqhZtsrTtgrLXwAyduxZHNE26eHUt5rtuM4WSmds3G+sUdWYo1L+XyxButoh5eKUHk5lByO3G1LqqCWVnfrv\/lyPtf\/4ps1cndNGIri8J1TJ0lx6dR\/oPjq1nbRwdp2dCk4CtIOLW3pVKRL6WZfS5vF2KkIQhpwSsjiYIgNCs1gEMGqiIq24NQX9NwoXFy8Ufrl3twTcg4fv8T9\/JBEySduj6Mjm4bMzYV7EEOxKjjoNDud7yY3Dy71Hq2oLmqfbNR723edH9PgMrNL2utoQ3VmaIDkiw\/4w51P06hlZsTZvkRrbVuSIs\/zwSOsycgzStQouoAkWQqioRT5XI7n2Z1wfVhoZmcAJLsoqjqpjbWCgpOAJXBwHK8PzWbNvoUZJND5wCnSkLAkZ1legx6vqQzjoiTahKlGUGLAiIIoABOHaNVw4sexZBym6\/HWlH5h3IC7yRbxtipcWxdTOkORKiNQAEkFf66x5S2oeRbroOlLgg0sSYkR0hRGEqJZ0jTPiQKatESdBckpWigxaapEH0lImHdWu9pUFF2XqMNM2Z4kped7IwEJw2qabwtrQqnpw6HyKkgcadKWsmpywwesDyIhYRpdzXddqegtGIJlXbAIUMOLkGxJUjRIkokwjUaX9d\/kK62ps\/tYUqZLIMkLTyBhsMZ3C5Z\/kDxOSCb\/DOs\/\/J0qcWSX\/2ipe56EgTCA4\/cB7NAYOsni4mZM1MUPAISoEwkDi4lhVBQ1cWQyIcwalw4EpqZN68JUSK7XC0kTlkLYii5uXSC8jT5ncCAS7mjCv0uHp\/3lueHEEAeQ\/\/VgmdN71\/2uCSA1Xr6DO6uI6sW56zqT2tp2PhgiRUAajV8CY2fkcz6WGNKMgLAt7tJAhD4YHMTeRxlALE6+43WqjSWi8ITxyJl8WrwWSNESQZZOqhDDntO3hJLsd5RtSpbJqdv3YrDJH3F7jL1R2O2aQkn2MyCyKYz0GPGIvSAMgBCrCEiJyKbBaYGwLW4uPRr0A0M4Ux5kUI7IBh+hMdiCEWNqhMZGyYMsOgNE58UQuEQeUnSWCMYwL54hkxK6IoqucQZbQ3pc3XtL0lky1dL0zZJJDpWJovFqpWj6JEHnyam2eQp5QRVAVHjWparTOaVwUOx99YS2MvgxIGV0bb+qIg2HX2qkFFJB+XZcbLiuRkuxD9GRroKyveLxdh4d7Orx+hb7qc3uVRuEogCOnyIxm4ubUoPgF4jianDrC+SDQDKEfJb0GUKmjCGPYHGJvVC6X4hw1\/sAfQAdfYyephIaspXe36RwOP+Ljvfx9B6B3i+Nk0DGq+oCbLn6JpBa9nWAveAIHwFAwtVcIJXPMPL8kRu5OAYPMaL1WScTxjiZDqB9LTJSWphow\/pTYKRTLjCBhvi9iBidvKcDasGSm0QQkycYuLBqj6QCELPctqChDWpTRMWkngNNpQ1Pfp1KkiT\/Y0DGffXAweUNfLAfaJFKDwhb6I+bkYRbkERoEeu3Fyjg2opMz2daZCS9jt6Q7txNfB+OZEVF6Zl5web2xunnLQrtrjXseXKaFYziYINeMFZVxS9VxRhOoesYwxPKXm+gWLG9cuFeq93UNNeJNsf1KlwuDok9n02n3TgIJpOxNfL9naIoQwXtfH9kjceTIIi709ncTg6LZbg+biLH1V6u\/7rxBem06VXKn9raAAAAAElFTkSuQmCC\")      no-repeat center center \/ contain;  }  @media screen and (max-width: 960px) and (orientation: portrait) {    .logo {      width: 100%;    }    .logo .pc-banner {      display: none;    }    .logo .m-banner {      display: block;      width: 100%;    }    .logo .m-banner img {      height: auto!important;    }    .ytvideo {      height: 200px;      width: 100%;    }  }<\/style><style>  .video-section {    width: 100%;    margin: 0 auto;  }  .video-section > img {    width: 100%;  }  .video-section iframe,  .video-section video {    width: 100%;    height: 100%;      }  .video-section-img-m,  .video-section-img-pc > img {    width: 100%;    height: auto;  }  .video-section-img-pc.small > img {    width: 970px;  }  .video-desc {    line-height: 1.5;    font-size: 20px;    font-weight: 400;    margin: 20px 0;    text-align: center;    color: #0f1111;    word-break: break-word;  }  @media screen and (max-width: 960px) and (orientation: portrait) {    .video-section {      width: 100%;    }    .video-section-pc,    .video-section-img-pc {      display: none;    }    .video-section-m,    .video-section-img-m {      display: block;    }    .video-desc {      font-size: 15px;    }  }  @media screen and (min-width: 960px) {    .video-section {      width: 100%;      margin: 0 auto;    }    .video-section-pc,    .video-section-img-pc {      display: block;    }    .video-section-m,    .video-section-img-m {      display: none;    }    .video-desc {      font-size: 20px;    }  }<\/style><style>  .section + .section {    margin-top: 35px;  }  .section-title {    text-align: center;    font-weight: bold;    color: #0d1111;    font-family: \"Arial\";    font-size: 32px;    margin: 15px 0;  }  .section-title:empty {    display: none;  }  .section-desc {    text-align: center;    font-weight: normal;    color: #0d1111;    margin-top: 20px;  }  .section-desc:empty {    display: none;  }  .section-img {    width: 1200px;    height: 492px;    margin: 0 auto;    display: block;  }  .section-img.small {    width: 970px;    height: auto;  }  .section-img.small > img {    height: auto;  }  .section-img > img {    width: 100%;    height: 100%;  }  .section-mobile-img {    display: none;    max-width: 100vw;    max-height: 75vw;    height: 450px;    margin: 0 auto;  }  .section-mobile-img > img {    width: 100%;    height: 100%;  }  @media screen and (max-width: 960px) and (orientation: portrait) {    .container {      width: 100%;    }    .container.small {      width: 100%;    }    .section-mobile-img {      display: block;    }    .section-img {      display: none;    }    .section-title {      font-size: 22px;      margin: 10px 0;    }    .section-desc {      margin-top: 10px;    }    .section + .section {      margin-top: 20px;    }  }<\/style><\/head><body><div class=\"container\"><div class=\"logo\"><div class=\"pc-banner\"><div><img decoding=\"async\" src=\"\/vevor\/vevor\/boutique-banner\/pc\/en-pc@1x.jpg\" style=\"width: 100%;\" \/><\/div><\/div><div class=\"m-banner\"><div><img decoding=\"async\" src=\"\/vevor\/vevor\/boutique-banner\/mobile\/en-m@1x.jpg\" style=\"width: 100%;\" \/><\/div><\/div><\/div><div class=\"section-title\">Kaasaskantav V\u00f5rkpall Net<\/div><div class=\"video-section\"><div class=\"video-section-img-pc\"><img decoding=\"async\" src=\"\/vevor\/product\/PQXLW14YC00098F67\/volleyball-net-a100-1.4.jpg\" alt=\"VEVOR v\u00f5rkpall koolitus net sunny beach, edendades teisaldamist, kiire setup ja k\u00f5rgus adjustability.\" \/><\/div><div class=\"video-section-img-m\"><img decoding=\"async\" src=\"\/vevor\/product\/PQXLW14YC00098F67\/volleyball-net-a100-1.4-m.jpg\" alt=\"VEVOR v\u00f5rkpall koolitus net sunny beach, edendades teisaldamist, kiire setup ja k\u00f5rgus adjustability.\" \/><\/div><div class=\"section-desc\">V\u00e4ljas v\u00f5rkpall net toimib nii f\u00fc\u00fcsilise barj\u00e4\u00e4ri ja s\u00fcmboolse vahel paiknevat kaks konkureerivat v\u00f5istkonda. See lihtne, kuid oluline seade m\u00e4ngib olulist rolli selle m\u00e4\u00e4ratlemisel, d\u00fcnaamika m\u00e4ng, meeskonnat\u00f6\u00f6 edendamine, ning tagada ausat m\u00e4ngu.<\/div><\/div><div class=\"section\"><div class=\"section-title\"><\/div><div class=\"section-img\"><img decoding=\"async\" src=\"\/vevor\/product\/PQXLW14YC00098F67\/volleyball-net-a100-2.2.jpg\" alt=\"reguleeritav VEVOR v\u00f5rkpall net koolitus tutvustada k\u00f5rgus v\u00f5imalusi 7.4 jalga kuni 8 jalga t\u00e4iuslik m\u00e4ngida.\" \/><\/div><div class=\"section-mobile-img\"><img decoding=\"async\" src=\"\/vevor\/product\/PQXLW14YC00098F67\/volleyball-net-a100-2.2-m.jpg\" alt=\"reguleeritav VEVOR v\u00f5rkpall net koolitus tutvustada k\u00f5rgus v\u00f5imalusi 7.4 jalga kuni 8 jalga t\u00e4iuslik m\u00e4ngida.\" \/><\/div><div class=\"section-desc\">Professionaalne v\u00f5rkpall komplekt pakub k\u00f5rgus-kohanemise v\u00f5ime, mis v\u00f5imaldab tal tuleb luua kuskil vahemikus 7,4 jalga kuni 8 jalga, nii et iga\u00fcks saab nautida m\u00e4ngu oma soovitud interneti-k\u00f5rgus.<\/div><\/div><div class=\"section\"><div class=\"section-title\"><\/div><div class=\"section-img\"><img decoding=\"async\" src=\"\/vevor\/product\/PQXLW14YC00098F67\/volleyball-net-a100-2.3.jpg\" alt=\"rannav\u00f5rkpalli m\u00e4ngijad harjutamiseks koos VEVOR v\u00f5rkpall koolitus net p\u00e4ikese all.\" \/><\/div><div class=\"section-mobile-img\"><img decoding=\"async\" src=\"\/vevor\/product\/PQXLW14YC00098F67\/volleyball-net-a100-2.3-m.jpg\" alt=\"rannav\u00f5rkpalli m\u00e4ngijad harjutamiseks koos VEVOR v\u00f5rkpall koolitus net p\u00e4ikese all.\" \/><\/div><div class=\"section-desc\">Koos helde net laius 14 jalad, see v\u00f5rkpall kokkulepe on t\u00e4iesti sobivad \u00fcks-\u00fchele matchups v\u00f5i virgutav kaks-kohta-kaks v\u00f5istlused.<\/div><\/div><div class=\"section\"><div class=\"section-title\"><\/div><div class=\"section-img\"><img decoding=\"async\" src=\"\/vevor\/product\/PQXLW14YC00098F67\/volleyball-net-a100-2.4.jpg\" alt=\"VEVOR v\u00f5rkpall koolitus net muru koos kandekott, tutvustada kiire loodud ja mingeid t\u00f6\u00f6riistu vaja.\" \/><\/div><div class=\"section-mobile-img\"><img decoding=\"async\" src=\"\/vevor\/product\/PQXLW14YC00098F67\/volleyball-net-a100-2.4-m.jpg\" alt=\"VEVOR v\u00f5rkpall koolitus net muru koos kandekott, tutvustada kiire loodud ja mingeid t\u00f6\u00f6riistu vaja.\" \/><\/div><div class=\"section-desc\">Assamblee v\u00f5rkpall net on lihtne protsess, viisakalt oma isemajandav pop-up disain. Mingeid t\u00f6\u00f6riistu, sandbags, v\u00f5i kaalud on vajalik paigaldamise ajal.<\/div><\/div><div class=\"section\"><div class=\"section-title\"><\/div><div class=\"section-img\"><img decoding=\"async\" src=\"\/vevor\/product\/PQXLW14YC00098F67\/volleyball-net-a100-2.5.jpg\" alt=\"VEVOR v\u00f5rkpall koolitus net park, kus on vastupidav 420d oxford kangast ja stabiilne terasest alust.\" \/><\/div><div class=\"section-mobile-img\"><img decoding=\"async\" src=\"\/vevor\/product\/PQXLW14YC00098F67\/volleyball-net-a100-2.5-m.jpg\" alt=\"VEVOR v\u00f5rkpall koolitus net park, kus on vastupidav 420d oxford kangast ja stabiilne terasest alust.\" \/><\/div><div class=\"section-desc\">Meisterdatud pikaealisuse meeles, et net on valmistatud ilmastikukindel materjal. Kui rest on valmistatud tugeva 420D oxford riie, mis on v\u00f5imelised kestev j\u00f5ulist m\u00f5ju v\u00f5imsad kaadrid.<\/div><\/div><div class=\"section\"><div class=\"section-img\"><img decoding=\"async\" src=\"\/vevor\/product\/PQXLW14YC00098F67\/volleyball-net-a100-1.11.jpg\" alt=\"VEVOR v\u00f5rkpall koolitus net-setup rannas spetsifikatsioonid ja pakendi sisu kuvatakse.\" \/><\/div><div class=\"section-mobile-img\"><img decoding=\"async\" src=\"\/vevor\/product\/PQXLW14YC00098F67\/volleyball-net-a100-1.11-m.jpg\" alt=\"VEVOR v\u00f5rkpall koolitus net-setup rannas spetsifikatsioonid ja pakendi sisu kuvatakse.\" \/><\/div><\/div><\/div><\/body><\/html><\/div>\n<div class=\"DM_at-title\" id=\"js-DM_at-title\"> <div>Toote spetsifikatsioon<\/div> <i class=\"icon-arrowup_line\"><\/i> <\/div><div class=\"DM_at-goodsDescAttr\" id=\"js-DM_at-goodsDescAttr\"> <div class=\"DM_at-goodsDescAttrInner\"> <dl class=\"goodsDesc_item goodsDesc_item_even\"> <dt>Punkt Mudeli Number<\/dt> <dd> JH-204<\/dd> <\/dl> <dl class=\"goodsDesc_item\"> <dt>V\u00e4rv<\/dt> <dd> Punane<\/dd> <\/dl> <dl class=\"goodsDesc_item goodsDesc_item_even\"> <dt>Materjal<\/dt> <dd> Terasest, Klaaskiud<\/dd> <\/dl> <dl class=\"goodsDesc_item\"> <dt>Neto Kaal<\/dt> <dd> 17.2 lbs \/ 7.8 kg<\/dd> <\/dl> <\/div> <\/div>","protected":false},"excerpt":{"rendered":"<ul>\n<li> Reguleeritav K\u00f5rgus: v\u00e4ljas v\u00f5rkpall net uhke reguleeritava k\u00f5rgusega funktsioon, kohandatav vahemikus 7.4 jalga kuni 8 jalga. Selline mitmek\u00fclgsus muudab selle sobivaks m\u00e4ngijate k\u00f5igi oskuste taset, sealhulgas naiste, \u00fchis meeskonnad, ja mehed, tagades, et iga\u00fcks saab nautida m\u00e4ngu oma eelistatud net k\u00f5rgus. <\/li>\n<li> Avar 14 Jalga Laius: Koos helde 14 jalga lai net, see professionaalne v\u00f5rkpall komplekt on t\u00e4iuslik 1-on-1 duellid v\u00f5i haarav 2-on-2 m\u00e4nge. Rohke laius net pakub m\u00e4ngijatele ruumi, mida nad vajavad, et n\u00e4idata oma oskusi, osaleda p\u00f5nev kogunemised, ja konkureerida oma parima. <\/li>\n<li> Sujuv \u00dchendamine, Millega luuakse v\u00f5rkpalli v\u00f5rk tagahoovis on imelihtne t\u00e4nu oma standalone pop-up disain. Mingeid t\u00f6\u00f6riistu, sandbags v\u00f5i kaalude jaoks on vaja koost. See kiire ja mugav funktsioon tagab, et saate alustada oma koolituse v\u00f5i m\u00e4ngu koheselt, ilma mis tahes tarbetuid viivitusi. <\/li>\n<li> Ehitatud Taluma Elemendid: M\u00f5eldud vastupidavuse, v\u00f5rkpall tava seadmed omadused ilmastikukindel materjal. Kui rest on valmistatud tugeva 420D oxford riie, taluma k\u00f5rge m\u00f5ju v\u00f5imas tabamust. Stabiilne terasest alus tagab, et net on endiselt kindlalt, isegi ajal intensiivne gameplay, mist\u00f5ttu see sobib kasutamiseks v\u00e4ljas erinevates ilmastiku tingimustes. <\/li>\n<li> Kaasaskandmiseks on-the-Go V\u00f5rkpall: See v\u00e4ljas kaasaskantav v\u00f5rkpall net s\u00fcsteemi kaasas kantav kandekott, mist\u00f5ttu on lihtne transport randa, parkida, v\u00f5i mis tahes muu koht, kus sa tahad nautida v\u00f5rkpalli. <\/li>\n<\/ul>","protected":false},"featured_media":294575,"comment_status":"closed","ping_status":"open","template":"","meta":{"om_disable_all_campaigns":false,"_monsterinsights_skip_tracking":false,"_monsterinsights_sitenote_active":false,"_monsterinsights_sitenote_note":"","_monsterinsights_sitenote_category":0,"_uf_show_specific_survey":0,"_uf_disable_surveys":false},"location":[1935,1934],"product_brand":[21],"product_cat":[2379,2378,3528,3527],"product_tag":[],"class_list":{"0":"post-33876","1":"product","2":"type-product","3":"status-publish","4":"has-post-thumbnail","6":"location-supplier_stock_location","7":"location-local_stock_location","8":"product_brand-vevor","9":"product_cat-outdoor-sports-sports-outdoors","10":"product_cat-sports-outdoors","11":"product_cat-volleyball-and-badminton-combo-set","12":"product_cat-volleyball-equipment-outdoor-sports-sports-outdoors","14":"first","15":"instock","16":"taxable","17":"shipping-taxable","18":"purchasable","19":"product-type-simple"},"aioseo_notices":[],"jetpack_sharing_enabled":true,"locations":[{"id":1935,"name":"Pieg\u0101d\u0101t\u0101ja noliktav\u0101 (5-7d.d.)","slug":"supplier_stock_location","quantity":"12"},{"id":1934,"name":"R\u012bgas veikal\u0101 (0-2d.d.)","slug":"local_stock_location","quantity":"0"}],"_links":{"self":[{"href":"https:\/\/vevorshop.lv\/et\/wp-json\/wp\/v2\/product\/33876","targetHints":{"allow":["GET"]}}],"collection":[{"href":"https:\/\/vevorshop.lv\/et\/wp-json\/wp\/v2\/product"}],"about":[{"href":"https:\/\/vevorshop.lv\/et\/wp-json\/wp\/v2\/types\/product"}],"replies":[{"embeddable":true,"href":"https:\/\/vevorshop.lv\/et\/wp-json\/wp\/v2\/comments?post=33876"}],"wp:featuredmedia":[{"embeddable":true,"href":"https:\/\/vevorshop.lv\/et\/wp-json\/wp\/v2\/media\/294575"}],"wp:attachment":[{"href":"https:\/\/vevorshop.lv\/et\/wp-json\/wp\/v2\/media?parent=33876"}],"wp:term":[{"taxonomy":"location","embeddable":true,"href":"https:\/\/vevorshop.lv\/et\/wp-json\/wp\/v2\/location?post=33876"},{"taxonomy":"product_brand","embeddable":true,"href":"https:\/\/vevorshop.lv\/et\/wp-json\/wp\/v2\/product_brand?post=33876"},{"taxonomy":"product_cat","embeddable":true,"href":"https:\/\/vevorshop.lv\/et\/wp-json\/wp\/v2\/product_cat?post=33876"},{"taxonomy":"product_tag","embeddable":true,"href":"https:\/\/vevorshop.lv\/et\/wp-json\/wp\/v2\/product_tag?post=33876"}],"curies":[{"name":"wp","href":"https:\/\/api.w.org\/{rel}","templated":true}]}}