{"id":34063,"date":"2024-11-18T23:36:39","date_gmt":"2024-11-18T23:36:39","guid":{"rendered":"http:\/\/vevorshop.edigo.lv\/Prece\/vevor-furniture-dolly-1000-lbs-load-capacity-18-x-30-4-x-3-pp-swivel-casters-heavy-duty-hardwood-furniture-moving-dolly-movers-dolly-moving-cart-with-wheels-for-heavy-furniture-home-clea\/"},"modified":"2026-04-06T16:38:12","modified_gmt":"2026-04-06T13:38:12","slug":"vevor-furniture-dolly-1000-lbs-load-capacity-18-x-30-4-x-3-pp-swivel-casters-heavy-duty-hardwood-furniture-moving-dolly-movers-dolly-moving-cart-with-wheels-for-heavy-furniture-home-clea","status":"publish","type":"product","link":"https:\/\/vevorshop.lv\/et\/Prece\/vevor-furniture-dolly-1000-lbs-load-capacity-18-x-30-4-x-3-pp-swivel-casters-heavy-duty-hardwood-furniture-moving-dolly-movers-dolly-moving-cart-with-wheels-for-heavy-furniture-home-clea\/","title":{"rendered":"VEVOR raske m\u00f6\u00f6bli k\u00e4ru, 450 kg kandev\u00f5ime, 76 x 46 cm, 4 x 7,6 cm p\u00f6\u00f6rdrattad, libisemisvastased padjad, puidust k\u00e4ru"},"content":{"rendered":"<div style=\"color: #fff!important; font-size: 16px; height: 24px; line-height: 24px; margin-top: -24px; \" class=\"product_original_name\">VEVOR Furniture Dolly, 1000 lbs Load Capacity, 18\" x 30\", 4 x 3\" PP Swivel Casters, Heavy Duty Hardwood Furniture Moving Dolly, Mover's Dolly, Moving Cart with Wheels for Heavy Furniture Home Cleaning<\/div>\n<div style=\"color: #fff!important; font-size: 16px; height: 24px; line-height: 24px; margin-top: -24px; \" class=\"product_sku\">M4I4L63B<\/div>\n<div style=\"color: #fff!important; font-size: 16px; height: 24px; line-height: 24px; margin-top: -24px; \" class=\"product_mpn\">WGC1830INCHM3LUCCV0<\/div><div id=\"js-DM_at-goodDescRich\"><html><head><style>  body {    font-family: Arial;    line-height: 1.5;    color: #1c1c1c;    overflow-x: hidden;    margin: 0;    padding: 0;  }  .MsoNormal b {    font-weight: bolder;  }<\/style><style>  .container.small {    width: 970px;    margin: 0 auto;  }  .logo {    margin: 0 auto 0;  }  .logo img {    display: block;    margin: 0 auto;    max-width: 100%;  }  .logo .pc-banner {    display: block;    width: 1200px;    height: 247.4px;    margin: 0 auto;  }  .logo .pc-banner.small {    width: 970px;  }  .logo .pc-banner.small img {    height: auto!important;  }  .logo .m-banner {    display: none;  }  .ytvideo {    position: relative;    height: 546px;    width: 100%;    margin: 0 auto;  }  .ytvideo img {    width: 100%;    margin: 0 auto;  }  .ytvideo .play-btn {    width: 60px;    height: 42px;    position: absolute;    top: 50%;    left: 50%;    transform: translate(-50%, -50%);    background: url(\"data:image\/png;base64,iVBORw0KGgoAAAANSUhEUgAAAGQAAABGCAMAAAANWMFbAAAC+lBMVEUAAADBGB3kLCfBGB3kLCfcJC7BFx3KKSbiKybkLCbWJCPSIiLSIiLPICHAFx3kLCfgKSXNHiDZJiTIGx\/p4eHcjo7LHSDbJyTkLCbjKyfOHyHPIiL28fHJHB\/GGh7EGR7eKCXDGB3RISHlLSbBGB3AFxzGHB7DGB7BGB3hKybkKybAFx3lLCfAFxzDGR3hKibDGB7cJyTmz8\/elJTlwcHjurrUIyLlLSflLSfAFx3DGR7lLSfCFx3hKibhKibhKybjKybkLCblLSfbJSX49vbx7e3NNzjNMTLMJyjVIyLZf3\/ZQ0LaeHjx0tLgoqLkLCfCGB3HGx\/BGB3BFx3PICHCGB7WJCLOHyC\/Fxy\/Fx3lLCfQISHkLSe\/FxzbJiTBFx3FGx\/AGB7BFx3EGR7AGB3HHSDfKiXAFh3TISHYNzbhKibbJyTTIiL57e325+f039\/v2NjUV1fOHiHiqanfmprch4feKSXVIyPOICHmLibFGh\/mLSe\/Fx7XJCPeKSXXJSPNHyHaJyTGGh7lLCbmLCflLSjSIiLkLCbdKSXLHiC\/GB3KHh++Fh3lKyfoLiXcKCPkx8fYb2\/XaGfVXl3aU1LLHiDksbHgKibPICHbJyTfKSXbJyTCGB3KHSDiKybFGh7TIiL\/\/\/\/VIyPRISHIHB\/GGx\/HHB\/DGR7gKibdKCXLHiDZJiTMHiDNHyHYJSTOICHPICHWJCPcKCXXJSPjLCblLCf+\/f3NGR\/uLijzLynPGR\/IGB7WISHaIyLLGh7UAADxLynNAADRLzDbICLQAADIAAD3MCrUHSHXMTDpKSbLAADp5OTij4\/ejo\/VLy\/1LyngJSTcJCPQHx\/OHB7+\/PzaMS\/OLS\/vLijrLSjSAADaNTPwLyjkKSbNJCbYISHPHB\/KGB7WAAD7+vrn3d3aKynTKCjoLCfsKifRGh\/YAADq5+fhjo7QNDXXKCfmJyXt5+fTLzDLLi\/QKivYHRvMGBrQJCXLISPMExXLDxLaEAvkkI\/bOTfaFQ\/SCgpvLcnHAAAAmnRSTlMA+vv7+gT9Bvf9+8z8\/NSv\/Pr5+P7++vnQIBMP\/v38\/Pn348XDiCYf9OjbzcqxXVcx\/fz8+\/rj1r2poo1+fXFqX0orGP7+\/v7+\/fz8+\/r68uzn4trIxsG\/vri3p6GcmZSNbWVYUUZEPQv+\/f39+\/v7+\/v7+vr64tvV1NTTz87FtbSurqeblJKFg4B3bUY+NjL7+\/v7+\/v67t1cDo8JLQAABkRJREFUWMO0kz9rwkAYh0OIeJkum6YugUAhISCdKoj\/P4C7SMdS+gEKIhSKil10LSg4mzXkILdlEpxCpwTiWOLX6BujvQaEQuGeHLnL+\/64J+SIcKGYTYWnntpdLjrVdqvZmNdn0+EE40GtpuuWVS6Xx6N7YDSGpWXpeq02wHgynM7q80az1a52HpddtVcpsi1zFARBrdaxbhp9iUReTGmwA4KAAr7vx3EYejnCMI6hQYEgy0LQi4jUN0wL19vqFcUC9\/1dAKmEEFkWRYkh5oBejnxQJiSJPJ\/uKBp0Thszx9Mw8hMRIQjKsptCfuES9zr5WJY6vSFCIvE9fCMUmEM1A1kSXcYGxgVYsvI1IPKTZciSTI0us\/SMGG04gDzELDoFBwdcFJrF88dqgYMTiL6DILWYyfOWE8\/kIz38olCNlC03FK95+imxp6y4oUSvAnBjHHhKNtotSDqJzVFiK8c2SBqhZtsrTtgrLXwAyduxZHNE26eHUt5rtuM4WSmds3G+sUdWYo1L+XyxButoh5eKUHk5lByO3G1LqqCWVnfrv\/lyPtf\/4ps1cndNGIri8J1TJ0lx6dR\/oPjq1nbRwdp2dCk4CtIOLW3pVKRL6WZfS5vF2KkIQhpwSsjiYIgNCs1gEMGqiIq24NQX9NwoXFy8Ufrl3twTcg4fv8T9\/JBEySduj6Mjm4bMzYV7EEOxKjjoNDud7yY3Dy71Hq2oLmqfbNR723edH9PgMrNL2utoQ3VmaIDkiw\/4w51P06hlZsTZvkRrbVuSIs\/zwSOsycgzStQouoAkWQqioRT5XI7n2Z1wfVhoZmcAJLsoqjqpjbWCgpOAJXBwHK8PzWbNvoUZJND5wCnSkLAkZ1legx6vqQzjoiTahKlGUGLAiIIoABOHaNVw4sexZBym6\/HWlH5h3IC7yRbxtipcWxdTOkORKiNQAEkFf66x5S2oeRbroOlLgg0sSYkR0hRGEqJZ0jTPiQKatESdBckpWigxaapEH0lImHdWu9pUFF2XqMNM2Z4kped7IwEJw2qabwtrQqnpw6HyKkgcadKWsmpywwesDyIhYRpdzXddqegtGIJlXbAIUMOLkGxJUjRIkokwjUaX9d\/kK62ps\/tYUqZLIMkLTyBhsMZ3C5Z\/kDxOSCb\/DOs\/\/J0qcWSX\/2ipe56EgTCA4\/cB7NAYOsni4mZM1MUPAISoEwkDi4lhVBQ1cWQyIcwalw4EpqZN68JUSK7XC0kTlkLYii5uXSC8jT5ncCAS7mjCv0uHp\/3lueHEEAeQ\/\/VgmdN71\/2uCSA1Xr6DO6uI6sW56zqT2tp2PhgiRUAajV8CY2fkcz6WGNKMgLAt7tJAhD4YHMTeRxlALE6+43WqjSWi8ITxyJl8WrwWSNESQZZOqhDDntO3hJLsd5RtSpbJqdv3YrDJH3F7jL1R2O2aQkn2MyCyKYz0GPGIvSAMgBCrCEiJyKbBaYGwLW4uPRr0A0M4Ux5kUI7IBh+hMdiCEWNqhMZGyYMsOgNE58UQuEQeUnSWCMYwL54hkxK6IoqucQZbQ3pc3XtL0lky1dL0zZJJDpWJovFqpWj6JEHnyam2eQp5QRVAVHjWparTOaVwUOx99YS2MvgxIGV0bb+qIg2HX2qkFFJB+XZcbLiuRkuxD9GRroKyveLxdh4d7Orx+hb7qc3uVRuEogCOnyIxm4ubUoPgF4jianDrC+SDQDKEfJb0GUKmjCGPYHGJvVC6X4hw1\/sAfQAdfYyephIaspXe36RwOP+Ljvfx9B6B3i+Nk0DGq+oCbLn6JpBa9nWAveAIHwFAwtVcIJXPMPL8kRu5OAYPMaL1WScTxjiZDqB9LTJSWphow\/pTYKRTLjCBhvi9iBidvKcDasGSm0QQkycYuLBqj6QCELPctqChDWpTRMWkngNNpQ1Pfp1KkiT\/Y0DGffXAweUNfLAfaJFKDwhb6I+bkYRbkERoEeu3Fyjg2opMz2daZCS9jt6Q7txNfB+OZEVF6Zl5web2xunnLQrtrjXseXKaFYziYINeMFZVxS9VxRhOoesYwxPKXm+gWLG9cuFeq93UNNeJNsf1KlwuDok9n02n3TgIJpOxNfL9naIoQwXtfH9kjceTIIi709ncTg6LZbg+biLH1V6u\/7rxBem06VXKn9raAAAAAElFTkSuQmCC\")      no-repeat center center \/ contain;  }  @media screen and (max-width: 960px) and (orientation: portrait) {    .logo {      width: 100%;    }    .logo .pc-banner {      display: none;    }    .logo .m-banner {      display: block;      width: 100%;    }    .logo .m-banner img {      height: auto!important;    }    .ytvideo {      height: 200px;      width: 100%;    }  }<\/style><style>  .video-section {    width: 100%;    margin: 0 auto;  }  .video-section > img {    width: 100%;  }  .video-section iframe,  .video-section video {    width: 100%;    height: 100%;      }  .video-section-img-m,  .video-section-img-pc > img {    width: 100%;    height: auto;  }  .video-section-img-pc.small > img {    width: 970px;  }  .video-desc {    line-height: 1.5;    font-size: 20px;    font-weight: 400;    margin: 20px 0;    text-align: center;    color: #0f1111;    word-break: break-word;  }  @media screen and (max-width: 960px) and (orientation: portrait) {    .video-section {      width: 100%;    }    .video-section-pc,    .video-section-img-pc {      display: none;    }    .video-section-m,    .video-section-img-m {      display: block;    }    .video-desc {      font-size: 15px;    }  }  @media screen and (min-width: 960px) {    .video-section {      width: 100%;      margin: 0 auto;    }    .video-section-pc,    .video-section-img-pc {      display: block;    }    .video-section-m,    .video-section-img-m {      display: none;    }    .video-desc {      font-size: 20px;    }  }<\/style><style>  .section + .section {    margin-top: 35px;  }  .section-title {    text-align: center;    font-weight: bold;    color: #0d1111;    font-family: \"Arial\";    font-size: 32px;    margin: 15px 0;  }  .section-title:empty {    display: none;  }  .section-desc {    text-align: center;    font-weight: normal;    color: #0d1111;    margin-top: 20px;  }  .section-desc:empty {    display: none;  }  .section-img {    width: 1200px;    height: 492px;    margin: 0 auto;    display: block;  }  .section-img.small {    width: 970px;    height: auto;  }  .section-img.small > img {    height: auto;  }  .section-img > img {    width: 100%;    height: 100%;  }  .section-mobile-img {    display: none;    max-width: 100vw;    max-height: 75vw;    height: 450px;    margin: 0 auto;  }  .section-mobile-img > img {    width: 100%;    height: 100%;  }  @media screen and (max-width: 960px) and (orientation: portrait) {    .container {      width: 100%;    }    .container.small {      width: 100%;    }    .section-mobile-img {      display: block;    }    .section-img {      display: none;    }    .section-title {      font-size: 22px;      margin: 10px 0;    }    .section-desc {      margin-top: 10px;    }    .section + .section {      margin-top: 20px;    }  }<\/style><\/head><body><div class=\"container\"><div class=\"logo\"><div class=\"pc-banner\"><div><img decoding=\"async\" src=\"\/vevor\/vevor\/boutique-banner\/pc\/en-pc@1x.jpg\" style=\"width: 100%;\" \/><\/div><\/div><div class=\"m-banner\"><div><img decoding=\"async\" src=\"\/vevor\/vevor\/boutique-banner\/mobile\/en-m@1x.jpg\" style=\"width: 100%;\" \/><\/div><\/div><\/div><div class=\"section-title\">VEVOR M\u00f6\u00f6bel Dolly\u2014Sinu \u00dclim Tulija<\/div><div class=\"video-section\"><div class=\"video-section-img-pc\"><img decoding=\"async\" src=\"\/vevor\/product\/WGC1830INCHM3LUCC\/furniture-dolly-a100-1.4.jpg\" alt=\"VEVOR m\u00f6\u00f6bel dolly: 1000lbs kandev\u00f5ime, premium puidust laual, 360\u00b0 p\u00f6\u00f6rlevad rattad, non-slip pad.\" \/><\/div><div class=\"video-section-img-m\"><img decoding=\"async\" src=\"\/vevor\/product\/WGC1830INCHM3LUCC\/furniture-dolly-a100-1.4-m.jpg\" alt=\"VEVOR m\u00f6\u00f6bel dolly: 1000lbs kandev\u00f5ime, premium puidust laual, 360\u00b0 p\u00f6\u00f6rlevad rattad, non-slip pad.\" \/><\/div><div class=\"section-desc\">Compare this to those complex installations \u2013 our dolly's easy-to-install wheel design brings convenience to a whole new level. Say goodbye to the frustration of assembly and enjoy the optimized structure as you roll along.<\/div><\/div><div class=\"section\"><div class=\"section-title\"><\/div><div class=\"section-img\"><img decoding=\"async\" src=\"\/vevor\/product\/WGC1830INCHM3LUCC\/furniture-dolly-a100-2.2.jpg\" alt=\"pol\u00fcester velvet non-slip pad, premium-puit ehitus-ja pp p\u00f6\u00f6rlevad rattad kohta VEVOR m\u00f6\u00f6bel dolly.\" \/><\/div><div class=\"section-mobile-img\"><img decoding=\"async\" src=\"\/vevor\/product\/WGC1830INCHM3LUCC\/furniture-dolly-a100-2.2-m.jpg\" alt=\"pol\u00fcester velvet non-slip pad, premium-puit ehitus-ja pp p\u00f6\u00f6rlevad rattad kohta VEVOR m\u00f6\u00f6bel dolly.\" \/><\/div><div class=\"section-desc\">Varustatud pol\u00fcester velvet non-slip padjad, meie dolly ostukorvi suurendab h\u00f5\u00f5rdumist. Enam muretsema esemete libisemise maha, kui liigutad suuri raskusi. Hoia oma m\u00f6\u00f6bel ohutu ja teie meelerahu puutumata.<\/div><\/div><div class=\"section\"><div class=\"section-title\"><\/div><div class=\"section-img\"><img decoding=\"async\" src=\"\/vevor\/product\/WGC1830INCHM3LUCC\/furniture-dolly-a100-2.3.jpg\" alt=\"VEVOR m\u00f6\u00f6bel dolly stiilne p\u00f6\u00f6rlev rattad on 360\u00b0 p\u00f6\u00f6rlevad rattad sujuv ja lihtne liikumine.\" \/><\/div><div class=\"section-mobile-img\"><img decoding=\"async\" src=\"\/vevor\/product\/WGC1830INCHM3LUCC\/furniture-dolly-a100-2.3-m.jpg\" alt=\"VEVOR m\u00f6\u00f6bel dolly stiilne p\u00f6\u00f6rlev rattad on 360\u00b0 p\u00f6\u00f6rlevad rattad sujuv ja lihtne liikumine.\" \/><\/div><div class=\"section-desc\">Tutvustame m\u00e4ng-box \u2013 360\u00b0 p\u00f6\u00f6rlev rattad! Need rattad teevad man\u00f6\u00f6verdamise meie m\u00f6\u00f6bel dolly imelihtne, isegi kitsastes oludes. N\u00fc\u00fcd, teil v\u00f5ib sujuvalt liikuda iga nurga teil vaja.<\/div><\/div><div class=\"section\"><div class=\"section-title\"><\/div><div class=\"section-img\"><img decoding=\"async\" src=\"\/vevor\/product\/WGC1830INCHM3LUCC\/furniture-dolly-a100-2.4.jpg\" alt=\"isik, l\u00fckkamine diivan kohta VEVOR m\u00f6\u00f6bel dolly v\u00f5imeline k\u00e4itlema kuni 1000 lbs kaal v\u00f5imsust.\" \/><\/div><div class=\"section-mobile-img\"><img decoding=\"async\" src=\"\/vevor\/product\/WGC1830INCHM3LUCC\/furniture-dolly-a100-2.4-m.jpg\" alt=\"isik, l\u00fckkamine diivan kohta VEVOR m\u00f6\u00f6bel dolly v\u00f5imeline k\u00e4itlema kuni 1000 lbs kaal v\u00f5imsust.\" \/><\/div><div class=\"section-desc\">Heavy lifting? No problem. Our moving cart's remarkable weight capacity is the heart of its brilliance. It's not just about moving things; it's about moving things confidently and effortlessly.<\/div><\/div><div class=\"section\"><div class=\"section-title\"><\/div><div class=\"section-img\"><img decoding=\"async\" src=\"\/vevor\/product\/WGC1830INCHM3LUCC\/furniture-dolly-a100-2.5.jpg\" alt=\"VEVOR m\u00f6\u00f6bel dolly liigub, college \u00fcleminekud, kodu s\u00fcgav puhastus-ja taimede vedu.\" \/><\/div><div class=\"section-mobile-img\"><img decoding=\"async\" src=\"\/vevor\/product\/WGC1830INCHM3LUCC\/furniture-dolly-a100-2.5-m.jpg\" alt=\"VEVOR m\u00f6\u00f6bel dolly liigub, college \u00fcleminekud, kodu s\u00fcgav puhastus-ja taimede vedu.\" \/><\/div><div class=\"section-desc\">From indoors to outdoors, residential to commercial spaces \u2013 our furniture mover is a true chameleon. Look closely; it's tailored to your needs.<\/div><\/div><div class=\"section\"><div class=\"section-img\"><img decoding=\"async\" src=\"\/vevor\/product\/WGC1830INCHM3LUCC\/furniture-dolly-a100-1.11.jpg\" alt=\"VEVOR m\u00f6\u00f6bel dolly m\u00f5\u00f5tmed: 30&#034;x18&#034;x5.12&#034;, kandev\u00f5ime 1000 lbs, pappel ja komposiit puit.\" \/><\/div><div class=\"section-mobile-img\"><img decoding=\"async\" src=\"\/vevor\/product\/WGC1830INCHM3LUCC\/furniture-dolly-a100-1.11-m.jpg\" alt=\"VEVOR m\u00f6\u00f6bel dolly m\u00f5\u00f5tmed: 30&#034;x18&#034;x5.12&#034;, kandev\u00f5ime 1000 lbs, pappel ja komposiit puit.\" \/><\/div><\/div><\/div><\/body><\/html><\/div>\n<div class=\"DM_at-title\" id=\"js-DM_at-title\"> <div>Toote spetsifikatsioon<\/div> <i class=\"icon-arrowup_line\"><\/i> <\/div><div class=\"DM_at-goodsDescAttr\" id=\"js-DM_at-goodsDescAttr\"> <div class=\"DM_at-goodsDescAttrInner\"> <dl class=\"goodsDesc_item goodsDesc_item_even\"> <dt>Punkt Mudeli Number<\/dt> <dd> SC01<\/dd> <\/dl> <dl class=\"goodsDesc_item\"> <dt>Materjal<\/dt> <dd> Pappel Puit + Komposiit Puit<\/dd> <\/dl> <dl class=\"goodsDesc_item goodsDesc_item_even\"> <dt>Ratta Materjal<\/dt> <dd> PP<\/dd> <\/dl> <dl class=\"goodsDesc_item\"> <dt>Kaal V\u00f5imsus<\/dt> <dd> 1000 lbs\/454 kg<\/dd> <\/dl> <dl class=\"goodsDesc_item goodsDesc_item_even\"> <dt>Puidu Paksus<\/dt> <dd> 0.78&#034;\/19.8 mm<\/dd> <\/dl> <dl class=\"goodsDesc_item\"> <dt>Ratta Suurus<\/dt> <dd> 3&#034; x 1,14&#034;\/76.2 x 29 mm<\/dd> <\/dl> <dl class=\"goodsDesc_item goodsDesc_item_even\"> <dt>Toote Suurus<\/dt> <dd> 30&#034; x 18&#034; x 5.12&#034;\/762 x 457.2 x 130 mm<\/dd> <\/dl> <\/div> <\/div>","protected":false},"excerpt":{"rendered":"<ul>\n<li> Super Mugav Setup: h\u00fcvasti paigaldustingimustes! Meie raskeveokite m\u00f6\u00f6bel dolly boasts vaevata lihtne fikseeritud-punkti seadistamine s\u00fcsteemi, mis s\u00e4\u00e4stab teie aega ja vaeva kohta, ratta paigaldus ja armeerimine. <\/li>\n<li> Libisemiskindlad Magic: enam t\u00f5sta-ups! Meie dolly ostukorvi kaasas pol\u00fcester velvet libise padi. See on nagu hubane grip, mis ei lase oma punkte nihutama, isegi siis, kui asjad on natuke konarlik transpordi ajal. Plus, see on k\u00f5ik umbes liikuvate j\u00e4tmata j\u00e4lgi oma v\u00e4\u00e4rtuslikku lasti. <\/li>\n<li> Easy-Peasy 360\u00b0 Liigub: See on nagu tants! Oma k\u00f5rge-t\u00e4ppis-p\u00f6\u00f6rlev rattad, meie liigub ostukorvi liigub nagu keegi \u00e4ri. See on teie backstage pass spin ja glide igas suunas, mis annab teile vabaduse liikuda isegi tihedam nurkades. <\/li>\n<li> Ehitatud L\u00e4bi Maailma: Me r\u00e4\u00e4gime raskeveokite siin! Meisterdatud lisatasu pappel ja komposiit puit, meie dolly ei pea tagasi alla. See on disainitud k\u00e4epide kuni 1000 naela nagu see on k\u00e4kitegu. Ja need, tugevdatud rattad? Nad v\u00f5ivad v\u00f5tta r\u00f5hk ilma \u00fche muretsema. <\/li>\n<li> Teie Kaaslane K\u00f5ikjal: Kooli -, seminari -, b\u00fcroo -, kodu \u2013 you name it, see on valmis! Meie kvaliteetne m\u00f6\u00f6bel rull on mitmek\u00fclgne partner, mis sobib paremale, kus seda vajate. Suurusega, 30&#034; x 18&#034; x 5.12&#034; ja featuring 3&#034; rattad, see on sinu pilet kiusame vaba liikumine. <\/li>\n<\/ul>","protected":false},"featured_media":294863,"comment_status":"closed","ping_status":"open","template":"","meta":{"om_disable_all_campaigns":false,"_monsterinsights_skip_tracking":false,"_monsterinsights_sitenote_active":false,"_monsterinsights_sitenote_note":"","_monsterinsights_sitenote_category":0,"_uf_show_specific_survey":0,"_uf_disable_surveys":false},"location":[1935,1934],"product_brand":[21],"product_cat":[2431,3791,2432,2433],"product_tag":[],"class_list":{"0":"post-34063","1":"product","2":"type-product","3":"status-publish","4":"has-post-thumbnail","6":"location-supplier_stock_location","7":"location-local_stock_location","8":"product_brand-vevor","9":"product_cat-building-materials-2","10":"product_cat-furniture-dollies","11":"product_cat-material-handling-equipment","12":"product_cat-platform-trucks-dollies","14":"first","15":"instock","16":"taxable","17":"shipping-taxable","18":"purchasable","19":"product-type-simple"},"aioseo_notices":[],"jetpack_sharing_enabled":true,"locations":[{"id":1935,"name":"Pieg\u0101d\u0101t\u0101ja noliktav\u0101 (5-7d.d.)","slug":"supplier_stock_location","quantity":"22"},{"id":1934,"name":"R\u012bgas veikal\u0101 (0-2d.d.)","slug":"local_stock_location","quantity":"0"}],"_links":{"self":[{"href":"https:\/\/vevorshop.lv\/et\/wp-json\/wp\/v2\/product\/34063","targetHints":{"allow":["GET"]}}],"collection":[{"href":"https:\/\/vevorshop.lv\/et\/wp-json\/wp\/v2\/product"}],"about":[{"href":"https:\/\/vevorshop.lv\/et\/wp-json\/wp\/v2\/types\/product"}],"replies":[{"embeddable":true,"href":"https:\/\/vevorshop.lv\/et\/wp-json\/wp\/v2\/comments?post=34063"}],"wp:featuredmedia":[{"embeddable":true,"href":"https:\/\/vevorshop.lv\/et\/wp-json\/wp\/v2\/media\/294863"}],"wp:attachment":[{"href":"https:\/\/vevorshop.lv\/et\/wp-json\/wp\/v2\/media?parent=34063"}],"wp:term":[{"taxonomy":"location","embeddable":true,"href":"https:\/\/vevorshop.lv\/et\/wp-json\/wp\/v2\/location?post=34063"},{"taxonomy":"product_brand","embeddable":true,"href":"https:\/\/vevorshop.lv\/et\/wp-json\/wp\/v2\/product_brand?post=34063"},{"taxonomy":"product_cat","embeddable":true,"href":"https:\/\/vevorshop.lv\/et\/wp-json\/wp\/v2\/product_cat?post=34063"},{"taxonomy":"product_tag","embeddable":true,"href":"https:\/\/vevorshop.lv\/et\/wp-json\/wp\/v2\/product_tag?post=34063"}],"curies":[{"name":"wp","href":"https:\/\/api.w.org\/{rel}","templated":true}]}}