{"id":34349,"date":"2024-11-18T23:51:27","date_gmt":"2024-11-18T23:51:27","guid":{"rendered":"http:\/\/vevorshop.edigo.lv\/Prece\/vevor-914mm-linear-shower-drain-offset-with-tile-insert-coverbrushed-304-stainless-steel-rectangle-shower-floor-drainlinear-drain-with-leveling-feethair-strainer-silver\/"},"modified":"2026-04-20T06:37:02","modified_gmt":"2026-04-20T03:37:02","slug":"vevor-914mm-linear-shower-drain-offset-with-tile-insert-coverbrushed-304-stainless-steel-rectangle-shower-floor-drainlinear-drain-with-leveling-feethair-strainer-silver","status":"publish","type":"product","link":"https:\/\/vevorshop.lv\/et\/Prece\/vevor-914mm-linear-shower-drain-offset-with-tile-insert-coverbrushed-304-stainless-steel-rectangle-shower-floor-drainlinear-drain-with-leveling-feethair-strainer-silver\/","title":{"rendered":"VEVOR 914 mm lineaarne du\u0161irenn plaatkattega, harjatud 304 roostevaba teras, juuksefilter, reguleeritavad jalad, h\u00f5bedane"},"content":{"rendered":"<div style=\"color: #fff!important; font-size: 16px; height: 24px; line-height: 24px; margin-top: -24px; \" class=\"product_original_name\">VEVOR 914mm Linear Shower Drain Offset with Tile Insert Cover,Brushed 304 Stainless Steel Rectangle Shower Floor Drain,Linear Drain with Leveling Feet,Hair Strainer Silver<\/div>\n<div style=\"color: #fff!important; font-size: 16px; height: 24px; line-height: 24px; margin-top: -24px; \" class=\"product_sku\">M4I4L6GS<\/div>\n<div style=\"color: #fff!important; font-size: 16px; height: 24px; line-height: 24px; margin-top: -24px; \" class=\"product_mpn\">XXPSGBXGYSCZDJTH1V0<\/div><div id=\"js-DM_at-goodDescRich\"><html><head><style>  body {    font-family: Arial;    line-height: 1.5;    color: #1c1c1c;    overflow-x: hidden;    margin: 0;    padding: 0;  }  .MsoNormal b {    font-weight: bolder;  }<\/style><style>  .container.small {    width: 970px;    margin: 0 auto;  }  .logo {    margin: 0 auto 0;  }  .logo img {    display: block;    margin: 0 auto;    max-width: 100%;  }  .logo .pc-banner {    display: block;    width: 1200px;    height: 247.4px;    margin: 0 auto;  }  .logo .pc-banner.small {    width: 970px;  }  .logo .pc-banner.small img {    height: auto!important;  }  .logo .m-banner {    display: none;  }  .ytvideo {    position: relative;    height: 546px;    width: 100%;    margin: 0 auto;  }  .ytvideo img {    width: 100%;    margin: 0 auto;  }  .ytvideo .play-btn {    width: 60px;    height: 42px;    position: absolute;    top: 50%;    left: 50%;    transform: translate(-50%, -50%);    background: url(\"data:image\/png;base64,iVBORw0KGgoAAAANSUhEUgAAAGQAAABGCAMAAAANWMFbAAAC+lBMVEUAAADBGB3kLCfBGB3kLCfcJC7BFx3KKSbiKybkLCbWJCPSIiLSIiLPICHAFx3kLCfgKSXNHiDZJiTIGx\/p4eHcjo7LHSDbJyTkLCbjKyfOHyHPIiL28fHJHB\/GGh7EGR7eKCXDGB3RISHlLSbBGB3AFxzGHB7DGB7BGB3hKybkKybAFx3lLCfAFxzDGR3hKibDGB7cJyTmz8\/elJTlwcHjurrUIyLlLSflLSfAFx3DGR7lLSfCFx3hKibhKibhKybjKybkLCblLSfbJSX49vbx7e3NNzjNMTLMJyjVIyLZf3\/ZQ0LaeHjx0tLgoqLkLCfCGB3HGx\/BGB3BFx3PICHCGB7WJCLOHyC\/Fxy\/Fx3lLCfQISHkLSe\/FxzbJiTBFx3FGx\/AGB7BFx3EGR7AGB3HHSDfKiXAFh3TISHYNzbhKibbJyTTIiL57e325+f039\/v2NjUV1fOHiHiqanfmprch4feKSXVIyPOICHmLibFGh\/mLSe\/Fx7XJCPeKSXXJSPNHyHaJyTGGh7lLCbmLCflLSjSIiLkLCbdKSXLHiC\/GB3KHh++Fh3lKyfoLiXcKCPkx8fYb2\/XaGfVXl3aU1LLHiDksbHgKibPICHbJyTfKSXbJyTCGB3KHSDiKybFGh7TIiL\/\/\/\/VIyPRISHIHB\/GGx\/HHB\/DGR7gKibdKCXLHiDZJiTMHiDNHyHYJSTOICHPICHWJCPcKCXXJSPjLCblLCf+\/f3NGR\/uLijzLynPGR\/IGB7WISHaIyLLGh7UAADxLynNAADRLzDbICLQAADIAAD3MCrUHSHXMTDpKSbLAADp5OTij4\/ejo\/VLy\/1LyngJSTcJCPQHx\/OHB7+\/PzaMS\/OLS\/vLijrLSjSAADaNTPwLyjkKSbNJCbYISHPHB\/KGB7WAAD7+vrn3d3aKynTKCjoLCfsKifRGh\/YAADq5+fhjo7QNDXXKCfmJyXt5+fTLzDLLi\/QKivYHRvMGBrQJCXLISPMExXLDxLaEAvkkI\/bOTfaFQ\/SCgpvLcnHAAAAmnRSTlMA+vv7+gT9Bvf9+8z8\/NSv\/Pr5+P7++vnQIBMP\/v38\/Pn348XDiCYf9OjbzcqxXVcx\/fz8+\/rj1r2poo1+fXFqX0orGP7+\/v7+\/fz8+\/r68uzn4trIxsG\/vri3p6GcmZSNbWVYUUZEPQv+\/f39+\/v7+\/v7+vr64tvV1NTTz87FtbSurqeblJKFg4B3bUY+NjL7+\/v7+\/v67t1cDo8JLQAABkRJREFUWMO0kz9rwkAYh0OIeJkum6YugUAhISCdKoj\/P4C7SMdS+gEKIhSKil10LSg4mzXkILdlEpxCpwTiWOLX6BujvQaEQuGeHLnL+\/64J+SIcKGYTYWnntpdLjrVdqvZmNdn0+EE40GtpuuWVS6Xx6N7YDSGpWXpeq02wHgynM7q80az1a52HpddtVcpsi1zFARBrdaxbhp9iUReTGmwA4KAAr7vx3EYejnCMI6hQYEgy0LQi4jUN0wL19vqFcUC9\/1dAKmEEFkWRYkh5oBejnxQJiSJPJ\/uKBp0Thszx9Mw8hMRIQjKsptCfuES9zr5WJY6vSFCIvE9fCMUmEM1A1kSXcYGxgVYsvI1IPKTZciSTI0us\/SMGG04gDzELDoFBwdcFJrF88dqgYMTiL6DILWYyfOWE8\/kIz38olCNlC03FK95+imxp6y4oUSvAnBjHHhKNtotSDqJzVFiK8c2SBqhZtsrTtgrLXwAyduxZHNE26eHUt5rtuM4WSmds3G+sUdWYo1L+XyxButoh5eKUHk5lByO3G1LqqCWVnfrv\/lyPtf\/4ps1cndNGIri8J1TJ0lx6dR\/oPjq1nbRwdp2dCk4CtIOLW3pVKRL6WZfS5vF2KkIQhpwSsjiYIgNCs1gEMGqiIq24NQX9NwoXFy8Ufrl3twTcg4fv8T9\/JBEySduj6Mjm4bMzYV7EEOxKjjoNDud7yY3Dy71Hq2oLmqfbNR723edH9PgMrNL2utoQ3VmaIDkiw\/4w51P06hlZsTZvkRrbVuSIs\/zwSOsycgzStQouoAkWQqioRT5XI7n2Z1wfVhoZmcAJLsoqjqpjbWCgpOAJXBwHK8PzWbNvoUZJND5wCnSkLAkZ1legx6vqQzjoiTahKlGUGLAiIIoABOHaNVw4sexZBym6\/HWlH5h3IC7yRbxtipcWxdTOkORKiNQAEkFf66x5S2oeRbroOlLgg0sSYkR0hRGEqJZ0jTPiQKatESdBckpWigxaapEH0lImHdWu9pUFF2XqMNM2Z4kped7IwEJw2qabwtrQqnpw6HyKkgcadKWsmpywwesDyIhYRpdzXddqegtGIJlXbAIUMOLkGxJUjRIkokwjUaX9d\/kK62ps\/tYUqZLIMkLTyBhsMZ3C5Z\/kDxOSCb\/DOs\/\/J0qcWSX\/2ipe56EgTCA4\/cB7NAYOsni4mZM1MUPAISoEwkDi4lhVBQ1cWQyIcwalw4EpqZN68JUSK7XC0kTlkLYii5uXSC8jT5ncCAS7mjCv0uHp\/3lueHEEAeQ\/\/VgmdN71\/2uCSA1Xr6DO6uI6sW56zqT2tp2PhgiRUAajV8CY2fkcz6WGNKMgLAt7tJAhD4YHMTeRxlALE6+43WqjSWi8ITxyJl8WrwWSNESQZZOqhDDntO3hJLsd5RtSpbJqdv3YrDJH3F7jL1R2O2aQkn2MyCyKYz0GPGIvSAMgBCrCEiJyKbBaYGwLW4uPRr0A0M4Ux5kUI7IBh+hMdiCEWNqhMZGyYMsOgNE58UQuEQeUnSWCMYwL54hkxK6IoqucQZbQ3pc3XtL0lky1dL0zZJJDpWJovFqpWj6JEHnyam2eQp5QRVAVHjWparTOaVwUOx99YS2MvgxIGV0bb+qIg2HX2qkFFJB+XZcbLiuRkuxD9GRroKyveLxdh4d7Orx+hb7qc3uVRuEogCOnyIxm4ubUoPgF4jianDrC+SDQDKEfJb0GUKmjCGPYHGJvVC6X4hw1\/sAfQAdfYyephIaspXe36RwOP+Ljvfx9B6B3i+Nk0DGq+oCbLn6JpBa9nWAveAIHwFAwtVcIJXPMPL8kRu5OAYPMaL1WScTxjiZDqB9LTJSWphow\/pTYKRTLjCBhvi9iBidvKcDasGSm0QQkycYuLBqj6QCELPctqChDWpTRMWkngNNpQ1Pfp1KkiT\/Y0DGffXAweUNfLAfaJFKDwhb6I+bkYRbkERoEeu3Fyjg2opMz2daZCS9jt6Q7txNfB+OZEVF6Zl5web2xunnLQrtrjXseXKaFYziYINeMFZVxS9VxRhOoesYwxPKXm+gWLG9cuFeq93UNNeJNsf1KlwuDok9n02n3TgIJpOxNfL9naIoQwXtfH9kjceTIIi709ncTg6LZbg+biLH1V6u\/7rxBem06VXKn9raAAAAAElFTkSuQmCC\")      no-repeat center center \/ contain;  }  @media screen and (max-width: 960px) and (orientation: portrait) {    .logo {      width: 100%;    }    .logo .pc-banner {      display: none;    }    .logo .m-banner {      display: block;      width: 100%;    }    .logo .m-banner img {      height: auto!important;    }    .ytvideo {      height: 200px;      width: 100%;    }  }<\/style><style>  .video-section {    width: 100%;    margin: 0 auto;  }  .video-section > img {    width: 100%;  }  .video-section iframe,  .video-section video {    width: 100%;    height: 100%;      }  .video-section-img-m,  .video-section-img-pc > img {    width: 100%;    height: auto;  }  .video-section-img-pc.small > img {    width: 970px;  }  .video-desc {    line-height: 1.5;    font-size: 20px;    font-weight: 400;    margin: 20px 0;    text-align: center;    color: #0f1111;    word-break: break-word;  }  @media screen and (max-width: 960px) and (orientation: portrait) {    .video-section {      width: 100%;    }    .video-section-pc,    .video-section-img-pc {      display: none;    }    .video-section-m,    .video-section-img-m {      display: block;    }    .video-desc {      font-size: 15px;    }  }  @media screen and (min-width: 960px) {    .video-section {      width: 100%;      margin: 0 auto;    }    .video-section-pc,    .video-section-img-pc {      display: block;    }    .video-section-m,    .video-section-img-m {      display: none;    }    .video-desc {      font-size: 20px;    }  }<\/style><style>  .section + .section {    margin-top: 35px;  }  .section-title {    text-align: center;    font-weight: bold;    color: #0d1111;    font-family: \"Arial\";    font-size: 32px;    margin: 15px 0;  }  .section-title:empty {    display: none;  }  .section-desc {    text-align: center;    font-weight: normal;    color: #0d1111;    margin-top: 20px;  }  .section-desc:empty {    display: none;  }  .section-img {    width: 1200px;    height: 492px;    margin: 0 auto;    display: block;  }  .section-img.small {    width: 970px;    height: auto;  }  .section-img.small > img {    height: auto;  }  .section-img > img {    width: 100%;    height: 100%;  }  .section-mobile-img {    display: none;    max-width: 100vw;    max-height: 75vw;    height: 450px;    margin: 0 auto;  }  .section-mobile-img > img {    width: 100%;    height: 100%;  }  @media screen and (max-width: 960px) and (orientation: portrait) {    .container {      width: 100%;    }    .container.small {      width: 100%;    }    .section-mobile-img {      display: block;    }    .section-img {      display: none;    }    .section-title {      font-size: 22px;      margin: 10px 0;    }    .section-desc {      margin-top: 10px;    }    .section + .section {      margin-top: 20px;    }  }<\/style><\/head><body><div class=\"container\"><div class=\"logo\"><div class=\"pc-banner\"><div><img decoding=\"async\" src=\"\/vevor\/vevor\/boutique-banner\/pc\/en-pc@1x.jpg\" style=\"width: 100%;\" \/><\/div><\/div><div class=\"m-banner\"><div><img decoding=\"async\" src=\"\/vevor\/vevor\/boutique-banner\/mobile\/en-m@1x.jpg\" style=\"width: 100%;\" \/><\/div><\/div><\/div><div class=\"section-title\">Lisatasu Vannituba \u00c4ravoolu Lahendused<\/div><div class=\"video-section\"><div class=\"video-section-img-pc\"><img decoding=\"async\" src=\"\/vevor\/product\/XXPSGBXGYSCZDJTH1\/linear-shower-drain-a100-1.4.jpg\" alt=\"VEVOR linear shower drain with aisi stainless steel, rust-resistant matte brushed surface, and nano coating.\" \/><\/div><div class=\"video-section-img-m\"><img decoding=\"async\" src=\"\/vevor\/product\/XXPSGBXGYSCZDJTH1\/linear-shower-drain-a100-1.4-m.jpg\" alt=\"VEVOR linear shower drain with aisi stainless steel, rust-resistant matte brushed surface, and nano coating.\" \/><\/div><div class=\"section-desc\">Valida AISI-sertifitseeritud 304 roostevabast terasest vannituba veeviimaritega. Meisterdatud one-piece vormimise ja rikastatud korrosiooni-vastupidavad 304 roostevabast terasest, need kanalisatsiooni \u00fchendada vastupidavus koos klanitud v\u00e4limuse. Ideaalne kestev, v\u00e4he hooldust, ja visuaalselt vannituba drenaa\u017e.<\/div><\/div><div class=\"section\"><div class=\"section-title\"><\/div><div class=\"section-img\"><img decoding=\"async\" src=\"\/vevor\/product\/XXPSGBXGYSCZDJTH1\/linear-shower-drain-a100-2.2.jpg\" alt=\"indoor drainage solutions from VEVOR: linear shower drain in home showers, bathrooms, kitchens. durable elegance.\" \/><\/div><div class=\"section-mobile-img\"><img decoding=\"async\" src=\"\/vevor\/product\/XXPSGBXGYSCZDJTH1\/linear-shower-drain-a100-2.2-m.jpg\" alt=\"indoor drainage solutions from VEVOR: linear shower drain in home showers, bathrooms, kitchens. durable elegance.\" \/><\/div><div class=\"section-desc\">Meie esteetiliselt meeldiv kujundused sobivad koju du\u0161iruumid, vannitoad ja k\u00f6\u00f6gid, tagades sileda vee voolu lisades samas, mugavust ja elegantsi need ruumid.<\/div><\/div><div class=\"section\"><div class=\"section-title\"><\/div><div class=\"section-img\"><img decoding=\"async\" src=\"\/vevor\/product\/XXPSGBXGYSCZDJTH1\/linear-shower-drain-a100-2.3.jpg\" alt=\"VEVOR linear shower drain cleaning with baking soda mix and dish soap, showcasing easy filter removal.\" \/><\/div><div class=\"section-mobile-img\"><img decoding=\"async\" src=\"\/vevor\/product\/XXPSGBXGYSCZDJTH1\/linear-shower-drain-a100-2.3-m.jpg\" alt=\"VEVOR linear shower drain cleaning with baking soda mix and dish soap, showcasing easy filter removal.\" \/><\/div><div class=\"section-desc\">H\u00fcvasti vaeva puhastus juuksed ja praht. Varustatud t\u00f5ste konks, igap\u00e4evane puhastamine muutub mugavamaks. Regulaarne hooldus on imelihtne segu dishwashing liquid ja k\u00fcpsetuspulber, sooda, et hoida \u00e4ravoolus\u00fcsteem ja torud puhtaks.<\/div><\/div><div class=\"section\"><div class=\"section-title\"><\/div><div class=\"section-img\"><img decoding=\"async\" src=\"\/vevor\/product\/XXPSGBXGYSCZDJTH1\/linear-shower-drain-a100-2.4.jpg\" alt=\"VEVOR linear shower drain installation guidelines with dimensions, plain edge drain, and standard installation.\" \/><\/div><div class=\"section-mobile-img\"><img decoding=\"async\" src=\"\/vevor\/product\/XXPSGBXGYSCZDJTH1\/linear-shower-drain-a100-2.4-m.jpg\" alt=\"VEVOR linear shower drain installation guidelines with dimensions, plain edge drain, and standard installation.\" \/><\/div><div class=\"section-desc\">Lineaarne \u00e4ravoolu kanali install n\u00f5uab t\u00e4pseid m\u00f5\u00f5tmisi ja on suhteliselt keerukas protsess. Soovitame rentides spetsialistid, et installimine l\u00f5pule viia.<\/div><\/div><div class=\"section\"><div class=\"section-title\"><\/div><div class=\"section-img\"><img decoding=\"async\" src=\"\/vevor\/product\/XXPSGBXGYSCZDJTH1\/linear-shower-drain-a100-2.5.jpg\" alt=\"multiple stainless steel styles of the VEVOR linear shower drain on a tiled floor.\" \/><\/div><div class=\"section-mobile-img\"><img decoding=\"async\" src=\"\/vevor\/product\/XXPSGBXGYSCZDJTH1\/linear-shower-drain-a100-2.5-m.jpg\" alt=\"multiple stainless steel styles of the VEVOR linear shower drain on a tiled floor.\" \/><\/div><div class=\"section-desc\">Pakume erinevaid \u00e4ravoolu kanaleid, et t\u00e4ita erinevaid vajadusi ja decor stiile. Valida lineaarne \u00e4ravoolu kanal, mis sobib teile k\u00f5ige paremini.<\/div><\/div><div class=\"section\"><div class=\"section-img\"><img decoding=\"async\" src=\"\/vevor\/product\/XXPSGBXGYSCZDJTH1\/linear-shower-drain-a100-1.11.jpg\" alt=\"VEVOR linear shower drain with stainless steel body, detailed dimensions, and included accessories.\" \/><\/div><div class=\"section-mobile-img\"><img decoding=\"async\" src=\"\/vevor\/product\/XXPSGBXGYSCZDJTH1\/linear-shower-drain-a100-1.11-m.jpg\" alt=\"VEVOR linear shower drain with stainless steel body, detailed dimensions, and included accessories.\" \/><\/div><\/div><\/div><\/body><\/html><\/div>\n<div class=\"DM_at-title\" id=\"js-DM_at-title\"> <div>Toote spetsifikatsioon<\/div> <i class=\"icon-arrowup_line\"><\/i> <\/div><div class=\"DM_at-goodsDescAttr\" id=\"js-DM_at-goodsDescAttr\"> <div class=\"DM_at-goodsDescAttrInner\"> <dl class=\"goodsDesc_item goodsDesc_item_even\"> <dt>Mudel<\/dt> <dd>ZA3-36-T01-BR<\/dd> <\/dl> <dl class=\"goodsDesc_item\"> <dt>Maks. Heakskiidu V\u00f5imsus<\/dt> <dd> 42.5 L\/min<\/dd> <\/dl> <dl class=\"goodsDesc_item goodsDesc_item_even\"> <dt>Toote M\u00f5\u00f5tmed<\/dt> <dd> 35.98 x 2.76 x 2.76 inch \/ 914 x 70 x 70 mm<\/dd> <\/dl> <dl class=\"goodsDesc_item\"> <dt>Neto Kaal<\/dt> <dd> 1.84 lbs \/ 1.84 kg<\/dd> <\/dl> <dl class=\"goodsDesc_item goodsDesc_item_even\"> <dt>Peamine Materjal<\/dt> <dd> Roostevaba Teras<\/dd> <\/dl> <dl class=\"goodsDesc_item\"> <dt>Valamu M\u00f5\u00f5tmed<\/dt> <dd> 35.83 x 2.6 x 0.75 inch \/ 910 x 66 x 19 mm<\/dd> <\/dl> <dl class=\"goodsDesc_item goodsDesc_item_even\"> <dt>Valamu Paksus<\/dt> <dd> 0.05 tolline \/ 1.2 mm<\/dd> <\/dl> <\/div> <\/div>","protected":false},"excerpt":{"rendered":"<ul>\n<li> High-Quality Stainless Steel: The 304 stainless steel drainage pipe, measuring 35.98 x 2.76 x 2.76 inches, is coated with a high-temperature nano coating. Its dual-sided design combines exceptional drainage performance with durability, making it the perfect drainage solution for both home and commercial spaces. <\/li>\n<li> Kiire \u00c4ravoolu: Featuring s\u00fcgav V-kujuline disain, \u00e4ravoolu kanalit saab hakkama vooluhulk kuni 42.5 liitrit minutis. See v\u00f5ime vaevata mahutab suure vee voolu v\u00e4hendades samal ajal l\u00f5hnu ja praht buildup, pakkudes v\u00e4rskem ja mugavam kogemus on oma vannituba ja k\u00f6\u00f6k. <\/li>\n<li> Valguda Ennetamine: filter lihtsalt l\u00f6\u00f6b juuksed ja praht, mis takistab putukate sattumist \u00e4ravoolu. See tagab, et teie \u00e4ravoolus\u00fcsteem on selge, kaotades vaeva sage toru puhastus. <\/li>\n<li> Kiire Plaatide Paigaldamine: Et sujuvalt integreerida oma plaadid, a 0.75-tolline s\u00fcgav V-kujuline soon on spetsiaalselt projekteeritud, et rahuldada plaadid ja liim. Soovitatav plaatide paksus on 0.47 tolli (12mm). <\/li>\n<li> Kaasasolevad Tarvikud: oma mugava paigaldamise kogemus, toode on saadaval t\u00e4ielik komplekt tarvikuid, sh t\u00f5ste konks, reguleeritav bracket, filter, ja keermestatud adapter. <\/li>\n<\/ul>","protected":false},"featured_media":295289,"comment_status":"closed","ping_status":"open","template":"","meta":{"om_disable_all_campaigns":false,"_uf_show_specific_survey":0,"_uf_disable_surveys":false},"location":[1935,1934],"product_brand":[21],"product_cat":[3926,3925,71],"product_tag":[],"class_list":{"0":"post-34349","1":"product","2":"type-product","3":"status-publish","4":"has-post-thumbnail","6":"location-supplier_stock_location","7":"location-local_stock_location","8":"product_brand-vevor","9":"product_cat-channel-drains","10":"product_cat-drainage","11":"product_cat-plumbing","13":"first","14":"outofstock","15":"taxable","16":"shipping-taxable","17":"purchasable","18":"product-type-simple"},"aioseo_notices":[],"locations":[{"id":1935,"name":"Pieg\u0101d\u0101t\u0101ja noliktav\u0101 (5-7dd)","slug":"supplier_stock_location","quantity":"0"},{"id":1934,"name":"R\u012bgas veikal\u0101 (0-2d.d.)","slug":"local_stock_location","quantity":"0"}],"_links":{"self":[{"href":"https:\/\/vevorshop.lv\/et\/wp-json\/wp\/v2\/product\/34349","targetHints":{"allow":["GET"]}}],"collection":[{"href":"https:\/\/vevorshop.lv\/et\/wp-json\/wp\/v2\/product"}],"about":[{"href":"https:\/\/vevorshop.lv\/et\/wp-json\/wp\/v2\/types\/product"}],"replies":[{"embeddable":true,"href":"https:\/\/vevorshop.lv\/et\/wp-json\/wp\/v2\/comments?post=34349"}],"wp:featuredmedia":[{"embeddable":true,"href":"https:\/\/vevorshop.lv\/et\/wp-json\/wp\/v2\/media\/295289"}],"wp:attachment":[{"href":"https:\/\/vevorshop.lv\/et\/wp-json\/wp\/v2\/media?parent=34349"}],"wp:term":[{"taxonomy":"location","embeddable":true,"href":"https:\/\/vevorshop.lv\/et\/wp-json\/wp\/v2\/location?post=34349"},{"taxonomy":"product_brand","embeddable":true,"href":"https:\/\/vevorshop.lv\/et\/wp-json\/wp\/v2\/product_brand?post=34349"},{"taxonomy":"product_cat","embeddable":true,"href":"https:\/\/vevorshop.lv\/et\/wp-json\/wp\/v2\/product_cat?post=34349"},{"taxonomy":"product_tag","embeddable":true,"href":"https:\/\/vevorshop.lv\/et\/wp-json\/wp\/v2\/product_tag?post=34349"}],"curies":[{"name":"wp","href":"https:\/\/api.w.org\/{rel}","templated":true}]}}