{"id":34622,"date":"2024-11-19T00:05:54","date_gmt":"2024-11-19T00:05:54","guid":{"rendered":"http:\/\/vevorshop.edigo.lv\/Prece\/vevor-sand-filter-24-inch-up-to-65-gpm-flow-rate-above-inground-swimming-pool-sand-filter-system-with-7-way-multi-port-valve-filter-backwash-rinse-recirculate-waste-winter-closed-functions\/"},"modified":"2026-05-09T03:16:40","modified_gmt":"2026-05-09T00:16:40","slug":"vevor-sand-filter-24-inch-up-to-65-gpm-flow-rate-above-inground-swimming-pool-sand-filter-system-with-7-way-multi-port-valve-filter-backwash-rinse-recirculate-waste-winter-closed-functions","status":"publish","type":"product","link":"https:\/\/vevorshop.lv\/et\/Prece\/vevor-liivafilter-24-tolli-kuni-65-gpm-voolukiirus-maapinnast-basseini-liivafiltrisusteemi-koos-7-suunalise-mitme-pordiga-ventiilifiltri-tagasipesu-loputus-tsirkulatsioonijaatmed-talvel-suletud-funkts\/","title":{"rendered":"VEVOR 61cm liivafilter basseinidele, kuni 246 l\/min vool, 7-re\u017eiimiline ventiil, vastupidav pol\u00fcmeer, lihtne paigaldus ja hooldus"},"content":{"rendered":"<div style=\"color: #fff!important; font-size: 16px; height: 24px; line-height: 24px; margin-top: -24px; \" class=\"product_original_name\">VEVORi liivafilter, 24-tolline, kuni 65 GPM voolukiirus, maapealne basseini liivafiltris\u00fcsteem 7-suunalise mitme pordiga ventiiliga, filter, tagasipesu, loputamine, ringlus, j\u00e4\u00e4tmed, talv, suletud funktsioonid<\/div>\n<div style=\"color: #fff!important; font-size: 16px; height: 24px; line-height: 24px; margin-top: -24px; \" class=\"product_sku\">M4I4L6UO<\/div>\n<div style=\"color: #fff!important; font-size: 16px; height: 24px; line-height: 24px; margin-top: -24px; \" class=\"product_mpn\">SLQYC2465GPM7I702V0<\/div><div id=\"js-DM_at-goodDescRich\"><html><head><style>  body {    font-family: Arial;    line-height: 1.5;    color: #1c1c1c;    overflow-x: hidden;    margin: 0;    padding: 0;  }  .MsoNormal b {    font-weight: bolder;  }<\/style><style>  .container.small {    width: 970px;    margin: 0 auto;  }  .logo {    margin: 0 auto 0;  }  .logo img {    display: block;    margin: 0 auto;    max-width: 100%;  }  .logo .pc-banner {    display: block;    width: 1200px;    height: 247.4px;    margin: 0 auto;  }  .logo .pc-banner.small {    width: 970px;  }  .logo .pc-banner.small img {    height: auto!important;  }  .logo .m-banner {    display: none;  }  .ytvideo {    position: relative;    height: 546px;    width: 100%;    margin: 0 auto;  }  .ytvideo img {    width: 100%;    margin: 0 auto;  }  .ytvideo .play-btn {    width: 60px;    height: 42px;    position: absolute;    top: 50%;    left: 50%;    transform: translate(-50%, -50%);    background: url(\"data:image\/png;base64,iVBORw0KGgoAAAANSUhEUgAAAGQAAABGCAMAAAANWMFbAAAC+lBMVEUAAADBGB3kLCfBGB3kLCfcJC7BFx3KKSbiKybkLCbWJCPSIiLSIiLPICHAFx3kLCfgKSXNHiDZJiTIGx\/p4eHcjo7LHSDbJyTkLCbjKyfOHyHPIiL28fHJHB\/GGh7EGR7eKCXDGB3RISHlLSbBGB3AFxzGHB7DGB7BGB3hKybkKybAFx3lLCfAFxzDGR3hKibDGB7cJyTmz8\/elJTlwcHjurrUIyLlLSflLSfAFx3DGR7lLSfCFx3hKibhKibhKybjKybkLCblLSfbJSX49vbx7e3NNzjNMTLMJyjVIyLZf3\/ZQ0LaeHjx0tLgoqLkLCfCGB3HGx\/BGB3BFx3PICHCGB7WJCLOHyC\/Fxy\/Fx3lLCfQISHkLSe\/FxzbJiTBFx3FGx\/AGB7BFx3EGR7AGB3HHSDfKiXAFh3TISHYNzbhKibbJyTTIiL57e325+f039\/v2NjUV1fOHiHiqanfmprch4feKSXVIyPOICHmLibFGh\/mLSe\/Fx7XJCPeKSXXJSPNHyHaJyTGGh7lLCbmLCflLSjSIiLkLCbdKSXLHiC\/GB3KHh++Fh3lKyfoLiXcKCPkx8fYb2\/XaGfVXl3aU1LLHiDksbHgKibPICHbJyTfKSXbJyTCGB3KHSDiKybFGh7TIiL\/\/\/\/VIyPRISHIHB\/GGx\/HHB\/DGR7gKibdKCXLHiDZJiTMHiDNHyHYJSTOICHPICHWJCPcKCXXJSPjLCblLCf+\/f3NGR\/uLijzLynPGR\/IGB7WISHaIyLLGh7UAADxLynNAADRLzDbICLQAADIAAD3MCrUHSHXMTDpKSbLAADp5OTij4\/ejo\/VLy\/1LyngJSTcJCPQHx\/OHB7+\/PzaMS\/OLS\/vLijrLSjSAADaNTPwLyjkKSbNJCbYISHPHB\/KGB7WAAD7+vrn3d3aKynTKCjoLCfsKifRGh\/YAADq5+fhjo7QNDXXKCfmJyXt5+fTLzDLLi\/QKivYHRvMGBrQJCXLISPMExXLDxLaEAvkkI\/bOTfaFQ\/SCgpvLcnHAAAAmnRSTlMA+vv7+gT9Bvf9+8z8\/NSv\/Pr5+P7++vnQIBMP\/v38\/Pn348XDiCYf9OjbzcqxXVcx\/fz8+\/rj1r2poo1+fXFqX0orGP7+\/v7+\/fz8+\/r68uzn4trIxsG\/vri3p6GcmZSNbWVYUUZEPQv+\/f39+\/v7+\/v7+vr64tvV1NTTz87FtbSurqeblJKFg4B3bUY+NjL7+\/v7+\/v67t1cDo8JLQAABkRJREFUWMO0kz9rwkAYh0OIeJkum6YugUAhISCdKoj\/P4C7SMdS+gEKIhSKil10LSg4mzXkILdlEpxCpwTiWOLX6BujvQaEQuGeHLnL+\/64J+SIcKGYTYWnntpdLjrVdqvZmNdn0+EE40GtpuuWVS6Xx6N7YDSGpWXpeq02wHgynM7q80az1a52HpddtVcpsi1zFARBrdaxbhp9iUReTGmwA4KAAr7vx3EYejnCMI6hQYEgy0LQi4jUN0wL19vqFcUC9\/1dAKmEEFkWRYkh5oBejnxQJiSJPJ\/uKBp0Thszx9Mw8hMRIQjKsptCfuES9zr5WJY6vSFCIvE9fCMUmEM1A1kSXcYGxgVYsvI1IPKTZciSTI0us\/SMGG04gDzELDoFBwdcFJrF88dqgYMTiL6DILWYyfOWE8\/kIz38olCNlC03FK95+imxp6y4oUSvAnBjHHhKNtotSDqJzVFiK8c2SBqhZtsrTtgrLXwAyduxZHNE26eHUt5rtuM4WSmds3G+sUdWYo1L+XyxButoh5eKUHk5lByO3G1LqqCWVnfrv\/lyPtf\/4ps1cndNGIri8J1TJ0lx6dR\/oPjq1nbRwdp2dCk4CtIOLW3pVKRL6WZfS5vF2KkIQhpwSsjiYIgNCs1gEMGqiIq24NQX9NwoXFy8Ufrl3twTcg4fv8T9\/JBEySduj6Mjm4bMzYV7EEOxKjjoNDud7yY3Dy71Hq2oLmqfbNR723edH9PgMrNL2utoQ3VmaIDkiw\/4w51P06hlZsTZvkRrbVuSIs\/zwSOsycgzStQouoAkWQqioRT5XI7n2Z1wfVhoZmcAJLsoqjqpjbWCgpOAJXBwHK8PzWbNvoUZJND5wCnSkLAkZ1legx6vqQzjoiTahKlGUGLAiIIoABOHaNVw4sexZBym6\/HWlH5h3IC7yRbxtipcWxdTOkORKiNQAEkFf66x5S2oeRbroOlLgg0sSYkR0hRGEqJZ0jTPiQKatESdBckpWigxaapEH0lImHdWu9pUFF2XqMNM2Z4kped7IwEJw2qabwtrQqnpw6HyKkgcadKWsmpywwesDyIhYRpdzXddqegtGIJlXbAIUMOLkGxJUjRIkokwjUaX9d\/kK62ps\/tYUqZLIMkLTyBhsMZ3C5Z\/kDxOSCb\/DOs\/\/J0qcWSX\/2ipe56EgTCA4\/cB7NAYOsni4mZM1MUPAISoEwkDi4lhVBQ1cWQyIcwalw4EpqZN68JUSK7XC0kTlkLYii5uXSC8jT5ncCAS7mjCv0uHp\/3lueHEEAeQ\/\/VgmdN71\/2uCSA1Xr6DO6uI6sW56zqT2tp2PhgiRUAajV8CY2fkcz6WGNKMgLAt7tJAhD4YHMTeRxlALE6+43WqjSWi8ITxyJl8WrwWSNESQZZOqhDDntO3hJLsd5RtSpbJqdv3YrDJH3F7jL1R2O2aQkn2MyCyKYz0GPGIvSAMgBCrCEiJyKbBaYGwLW4uPRr0A0M4Ux5kUI7IBh+hMdiCEWNqhMZGyYMsOgNE58UQuEQeUnSWCMYwL54hkxK6IoqucQZbQ3pc3XtL0lky1dL0zZJJDpWJovFqpWj6JEHnyam2eQp5QRVAVHjWparTOaVwUOx99YS2MvgxIGV0bb+qIg2HX2qkFFJB+XZcbLiuRkuxD9GRroKyveLxdh4d7Orx+hb7qc3uVRuEogCOnyIxm4ubUoPgF4jianDrC+SDQDKEfJb0GUKmjCGPYHGJvVC6X4hw1\/sAfQAdfYyephIaspXe36RwOP+Ljvfx9B6B3i+Nk0DGq+oCbLn6JpBa9nWAveAIHwFAwtVcIJXPMPL8kRu5OAYPMaL1WScTxjiZDqB9LTJSWphow\/pTYKRTLjCBhvi9iBidvKcDasGSm0QQkycYuLBqj6QCELPctqChDWpTRMWkngNNpQ1Pfp1KkiT\/Y0DGffXAweUNfLAfaJFKDwhb6I+bkYRbkERoEeu3Fyjg2opMz2daZCS9jt6Q7txNfB+OZEVF6Zl5web2xunnLQrtrjXseXKaFYziYINeMFZVxS9VxRhOoesYwxPKXm+gWLG9cuFeq93UNNeJNsf1KlwuDok9n02n3TgIJpOxNfL9naIoQwXtfH9kjceTIIi709ncTg6LZbg+biLH1V6u\/7rxBem06VXKn9raAAAAAElFTkSuQmCC\")      no-repeat center center \/ contain;  }  @media screen and (max-width: 960px) and (orientation: portrait) {    .logo {      width: 100%;    }    .logo .pc-banner {      display: none;    }    .logo .m-banner {      display: block;      width: 100%;    }    .logo .m-banner img {      height: auto!important;    }    .ytvideo {      height: 200px;      width: 100%;    }  }<\/style><style>  .video-section {    width: 100%;    margin: 0 auto;  }  .video-section > img {    width: 100%;  }  .video-section iframe,  .video-section video {    width: 100%;    height: 100%;      }  .video-section-img-m,  .video-section-img-pc > img {    width: 100%;    height: auto;  }  .video-section-img-pc.small > img {    width: 970px;  }  .video-desc {    line-height: 1.5;    font-size: 20px;    font-weight: 400;    margin: 20px 0;    text-align: center;    color: #0f1111;    word-break: break-word;  }  @media screen and (max-width: 960px) and (orientation: portrait) {    .video-section {      width: 100%;    }    .video-section-pc,    .video-section-img-pc {      display: none;    }    .video-section-m,    .video-section-img-m {      display: block;    }    .video-desc {      font-size: 15px;    }  }  @media screen and (min-width: 960px) {    .video-section {      width: 100%;      margin: 0 auto;    }    .video-section-pc,    .video-section-img-pc {      display: block;    }    .video-section-m,    .video-section-img-m {      display: none;    }    .video-desc {      font-size: 20px;    }  }<\/style><style>  .section + .section {    margin-top: 35px;  }  .section-title {    text-align: center;    font-weight: bold;    color: #0d1111;    font-family: \"Arial\";    font-size: 32px;    margin: 15px 0;  }  .section-title:empty {    display: none;  }  .section-desc {    text-align: center;    font-weight: normal;    color: #0d1111;    margin-top: 20px;  }  .section-desc:empty {    display: none;  }  .section-img {    width: 1200px;    height: 492px;    margin: 0 auto;    display: block;  }  .section-img.small {    width: 970px;    height: auto;  }  .section-img.small > img {    height: auto;  }  .section-img > img {    width: 100%;    height: 100%;  }  .section-mobile-img {    display: none;    max-width: 100vw;    max-height: 75vw;    height: 450px;    margin: 0 auto;  }  .section-mobile-img > img {    width: 100%;    height: 100%;  }  @media screen and (max-width: 960px) and (orientation: portrait) {    .container {      width: 100%;    }    .container.small {      width: 100%;    }    .section-mobile-img {      display: block;    }    .section-img {      display: none;    }    .section-title {      font-size: 22px;      margin: 10px 0;    }    .section-desc {      margin-top: 10px;    }    .section + .section {      margin-top: 20px;    }  }<\/style><\/head><body><div class=\"container\"><div class=\"logo\"><div class=\"pc-banner\"><div><img decoding=\"async\" src=\"\/vevor\/vevor\/boutique-banner\/pc\/en-pc@1x.jpg\" style=\"width: 100%;\" \/><\/div><\/div><div class=\"m-banner\"><div><img decoding=\"async\" src=\"\/vevor\/vevor\/boutique-banner\/mobile\/en-m@1x.jpg\" style=\"width: 100%;\" \/><\/div><\/div><\/div><div class=\"section-title\">Saada Kristallselge Bassein Ei Aja<\/div><div class=\"video-section\"><div class=\"video-section-img-pc\"><img decoding=\"async\" src=\"\/vevor\/product\/SLQYC2465GPM7I702\/sand-filter-a100-1.4.jpg\" \/><\/div><div class=\"video-section-img-m\"><img decoding=\"async\" src=\"\/vevor\/product\/SLQYC2465GPM7I702\/sand-filter-a100-1.4-m.jpg\" \/><\/div><div class=\"section-desc\">Otsivad v\u00f5imalusi, kuidas filtreerida vett oma bassein? See VEVOR liiva filter pakub t\u00f5hus ja lihtne-to-use filtreerimise s\u00fcsteem. See parandab vee ringluse ja filtreerimine koos oma korrosioonikindlast materjalist ja usaldusv\u00e4\u00e4rne ilmaga j\u00f5udlust. Tunned, splash suvel oma selge bassein!<\/div><\/div><div class=\"section\"><div class=\"section-title\"><\/div><div class=\"section-img\"><img decoding=\"async\" src=\"\/vevor\/product\/SLQYC2465GPM7I702\/sand-filter-a100-2.2.jpg\" \/><\/div><div class=\"section-mobile-img\"><img decoding=\"async\" src=\"\/vevor\/product\/SLQYC2465GPM7I702\/sand-filter-a100-2.2-m.jpg\" \/><\/div><div class=\"section-desc\">Meie liiva filter inground bassein on valmistatud tugevast, korrosioonikindlast pol\u00fcmeer materjalist. See talub suvel p\u00e4ikese k\u00e4es rohkem vastupidav kasutada.<\/div><\/div><div class=\"section\"><div class=\"section-title\"><\/div><div class=\"section-img\"><img decoding=\"async\" src=\"\/vevor\/product\/SLQYC2465GPM7I702\/sand-filter-a100-2.3.jpg\" \/><\/div><div class=\"section-mobile-img\"><img decoding=\"async\" src=\"\/vevor\/product\/SLQYC2465GPM7I702\/sand-filter-a100-2.3-m.jpg\" \/><\/div><div class=\"section-desc\">Kui maapinnal bassein liiva filter saavutatakse optimaalne filtreerimine tulemuslikkuse ideaalselt oma 7 funktsioonid: filtri, backwash, loputus, recirculate, j\u00e4\u00e4tmete, talv, ja suletud.<\/div><\/div><div class=\"section\"><div class=\"section-title\"><\/div><div class=\"section-img\"><img decoding=\"async\" src=\"\/vevor\/product\/SLQYC2465GPM7I702\/sand-filter-a100-2.4.jpg\" \/><\/div><div class=\"section-mobile-img\"><img decoding=\"async\" src=\"\/vevor\/product\/SLQYC2465GPM7I702\/sand-filter-a100-2.4-m.jpg\" \/><\/div><div class=\"section-desc\">Kvaliteetne manomeeter v\u00f5imaldab mugavalt j\u00e4lgida maapealse basseinifiltri r\u00f5hku t\u00f6\u00f6tamise ajal. Lisaks tagab t\u00e4iustatud t\u00e4isvoolutehnoloogia suurep\u00e4rase filtreerimistulemuse.<\/div><\/div><div class=\"section\"><div class=\"section-title\"><\/div><div class=\"section-img\"><img decoding=\"async\" src=\"\/vevor\/product\/SLQYC2465GPM7I702\/sand-filter-a100-2.5.jpg\" \/><\/div><div class=\"section-mobile-img\"><img decoding=\"async\" src=\"\/vevor\/product\/SLQYC2465GPM7I702\/sand-filter-a100-2.5-m.jpg\" \/><\/div><div class=\"section-desc\">See bassein liiva filter on go-to partner bassein pumbad, mille maksimaalne voolukiirus 65 liitrit minutis. Alustada elu see \u00fcles ja nautida oma puhta bassein!<\/div><\/div><div class=\"section\"><div class=\"section-img\"><img decoding=\"async\" src=\"\/vevor\/product\/SLQYC2465GPM7I702\/sand-filter-a100-1.11.jpg\" alt=\"VEVOR liiv filter spetsifikatsioonid: 24&#034; l\u00e4bim\u00f5\u00f5duga, 65 liitrit minutis max voolu, hdpe materjalist, 35 lbs, 1.5&#034; sisselaske\/outlet.\" \/><\/div><div class=\"section-mobile-img\"><img decoding=\"async\" src=\"\/vevor\/product\/SLQYC2465GPM7I702\/sand-filter-a100-1.11-m.jpg\" alt=\"VEVOR liiv filter spetsifikatsioonid: 24&#034; l\u00e4bim\u00f5\u00f5duga, 65 liitrit minutis max voolu, hdpe materjalist, 35 lbs, 1.5&#034; sisselaske\/outlet.\" \/><\/div><\/div><\/div><\/body><\/html><\/div>\n<div class=\"DM_at-title\" id=\"js-DM_at-title\"> <div>Toote spetsifikatsioon<\/div> <i class=\"icon-arrowup_line\"><\/i> <\/div><div class=\"DM_at-goodsDescAttr\" id=\"js-DM_at-goodsDescAttr\"> <div class=\"DM_at-goodsDescAttrInner\"> <dl class=\"goodsDesc_item goodsDesc_item_even\"> <dt>Punkt Mudeli Number<\/dt> <dd> 25053BX<\/dd> <\/dl> <dl class=\"goodsDesc_item\"> <dt>Toote Spetsifikatsioon<\/dt> <dd> 24&#034;\/609.6 mm<\/dd> <\/dl> <dl class=\"goodsDesc_item goodsDesc_item_even\"> <dt>Maksimaalne Voog<\/dt> <dd> 65 GPM<\/dd> <\/dl> <dl class=\"goodsDesc_item\"> <dt>Toote Materjal<\/dt> <dd> HDPE<\/dd> <\/dl> <dl class=\"goodsDesc_item goodsDesc_item_even\"> <dt>Sisselaske\/V\u00e4ljalaskeava L\u00e4bim\u00f5\u00f5t<\/dt> <dd> 1-1\/2\"<\/dd> <\/dl> <dl class=\"goodsDesc_item\"> <dt>Maksimaalne T\u00f6\u00f6r\u00f5hk<\/dt> <dd> 28 psi<\/dd> <\/dl> <dl class=\"goodsDesc_item goodsDesc_item_even\"> <dt>Toote Kaal<\/dt> <dd> 35 lbs\/15.8 kg<\/dd> <\/dl> <dl class=\"goodsDesc_item\"> <dt>\u00dcldiselt Suurus (L x W x H)<\/dt> <dd> 23.6&#034; x 23.6&#034; x 43.1&#034;\/600 x 600 x 1095 mm<\/dd> <\/dl> <\/div> <\/div>","protected":false},"excerpt":{"rendered":"<ul>\n<li> Oma P\u00f5lised Bassein Ootab: V\u00e4sinud tegelevad liiv oma bassein? Kui VEVOR liiv filter on siin, et aidata. Koos max vooluhulk 65 liitrit minutis, see filter saab parandada vee puhtust ja tagada optimaalne filtreerimine. T\u00e4nu v\u00f5imele ts\u00fckli kogu bassein kiiresti, saate nautida ohutu ja v\u00e4rskendav ujumine kogemus, liivast ja muudest saasteainetest. <\/li>\n<li> Ehitatud Karm Disain: Oma liiva filter inground bassein on valmistatud vastupidavad, korrosiooni-vastupidav pol\u00fcmeer materjalid, tagades pikaajalise j\u00f5udluse ja pikema t\u00f6\u00f6ea. Projekteeritud, et pakkuda usaldusv\u00e4\u00e4rseid tulemuslikkuse iga ilmaga, see on t\u00f5hus ja tasuv valik sinu filtreerimine vajadustele. <\/li>\n<li> 7-Viis Multi-Port Filter: 7 erinevat funktsiooni -, hooldus-pole kunagi olnud lihtsam. Meie maa bassein liiva filter on m\u00f5eldud mitmete seisundite, sealhulgas filtri, backwash, loputus, recirculate, j\u00e4\u00e4tmete, talv, ja suletud re\u017eiimid, andes teile erinevaid v\u00f5imalusi valida. Soovitame kasutada 20# liiva optimaalse j\u00f5udluse. <\/li>\n<li> Lihtne hooldada ja paigaldada: \u00e4ravoolupistik lihtsustab talvist hooldust, v\u00f5imaldades vett aeglaselt l\u00e4bi torude voolata, v\u00e4ltides k\u00fclmumist. Liivafiltri paagiga on kaasas keermestatud liigendid ja 1-1\/2\u2033 sisse-\/v\u00e4ljalaskeliitmikud, mis muudab paigaldamise imelihtsaks. Lisaks annab selge kasutusjuhend samm-sammult juhiseid, mis aitavad teil filtrit seadistada vaid m\u00f5ne minutiga! <\/li>\n<li> T\u00e4ita K\u00f5ik Teie Basseini Vajadustele: Kas sa oled paigaldamine on kodus v\u00f5i oma \u00e4ri, VEVOR on nime saab usaldada. Meie bassein liiva filter on mitmek\u00fclgne ja sobib erinevate \u00fcle-maa-ja-maa-basseinid, sealhulgas hoov, basseinid, sise-villa basseinid, j\u00f5usaal basseinid ja hotelli basseinid. <\/li>\n<\/ul>","protected":false},"featured_media":295709,"comment_status":"closed","ping_status":"open","template":"","meta":{"om_disable_all_campaigns":false,"_uf_show_specific_survey":0,"_uf_disable_surveys":false},"location":[1935,1934],"product_brand":[21],"product_cat":[2365,2538,3889,2501,2500,3890],"product_tag":[],"class_list":{"0":"post-34622","1":"product","2":"type-product","3":"status-publish","4":"has-post-thumbnail","6":"location-supplier_stock_location","7":"location-local_stock_location","8":"product_brand-vevor","9":"product_cat-outdoors","10":"product_cat-pool-equipment","11":"product_cat-pool-filters","12":"product_cat-pool-supplies","13":"product_cat-pools","14":"product_cat-sand-filters","16":"first","17":"instock","18":"taxable","19":"shipping-taxable","20":"purchasable","21":"product-type-simple"},"aioseo_notices":[],"locations":[{"id":1935,"name":"Pieg\u0101d\u0101t\u0101ja noliktav\u0101 (5-7dd)","slug":"supplier_stock_location","quantity":"33"},{"id":1934,"name":"R\u012bgas veikal\u0101 (0-2d.d.)","slug":"local_stock_location","quantity":"0"}],"_links":{"self":[{"href":"https:\/\/vevorshop.lv\/et\/wp-json\/wp\/v2\/product\/34622","targetHints":{"allow":["GET"]}}],"collection":[{"href":"https:\/\/vevorshop.lv\/et\/wp-json\/wp\/v2\/product"}],"about":[{"href":"https:\/\/vevorshop.lv\/et\/wp-json\/wp\/v2\/types\/product"}],"replies":[{"embeddable":true,"href":"https:\/\/vevorshop.lv\/et\/wp-json\/wp\/v2\/comments?post=34622"}],"wp:featuredmedia":[{"embeddable":true,"href":"https:\/\/vevorshop.lv\/et\/wp-json\/wp\/v2\/media\/295709"}],"wp:attachment":[{"href":"https:\/\/vevorshop.lv\/et\/wp-json\/wp\/v2\/media?parent=34622"}],"wp:term":[{"taxonomy":"location","embeddable":true,"href":"https:\/\/vevorshop.lv\/et\/wp-json\/wp\/v2\/location?post=34622"},{"taxonomy":"product_brand","embeddable":true,"href":"https:\/\/vevorshop.lv\/et\/wp-json\/wp\/v2\/product_brand?post=34622"},{"taxonomy":"product_cat","embeddable":true,"href":"https:\/\/vevorshop.lv\/et\/wp-json\/wp\/v2\/product_cat?post=34622"},{"taxonomy":"product_tag","embeddable":true,"href":"https:\/\/vevorshop.lv\/et\/wp-json\/wp\/v2\/product_tag?post=34622"}],"curies":[{"name":"wp","href":"https:\/\/api.w.org\/{rel}","templated":true}]}}