{"id":34787,"date":"2024-11-19T00:14:10","date_gmt":"2024-11-19T00:14:10","guid":{"rendered":"http:\/\/vevorshop.edigo.lv\/Prece\/vevor-linear-actuator-12v-4-inch-high-load-330lbs-1500n-0-19-s-ip54-protection\/"},"modified":"2026-05-05T08:24:01","modified_gmt":"2026-05-05T05:24:01","slug":"vevor-linear-actuator-12v-4-inch-high-load-330lbs-1500n-0-19-s-ip54-protection","status":"publish","type":"product","link":"https:\/\/vevorshop.lv\/et\/Prece\/vevor-lineaarne-taiturmehhanism-12-v-4-tolli-suur-koormus-330-naela-1500-n-0-19-s-ip54-kaitse\/","title":{"rendered":"VEVOR 12V Lineaarajam Aktuaator, 100mm K\u00e4ik, 1500N Koormus, 5mm\/s Kiirus, IP54, Vaikne ja T\u00e4pne Mootor"},"content":{"rendered":"<div style=\"color: #fff!important; font-size: 16px; height: 24px; line-height: 24px; margin-top: -24px; \" class=\"product_original_name\">VEVOR lineaarne t\u00e4iturmehhanism 12 V 10,2 cm Suur koormus 149,7 kg\/1500 N 0,5 cm\/s IP54 Kaitse<\/div>\n<div style=\"color: #fff!important; font-size: 16px; height: 24px; line-height: 24px; margin-top: -24px; \" class=\"product_sku\">M4I4L72X<\/div>\n<div style=\"color: #fff!important; font-size: 16px; height: 24px; line-height: 24px; margin-top: -24px; \" class=\"product_mpn\">JQXXXZXQ4INC24AIKV9<\/div><div id=\"js-DM_at-goodDescRich\"><html><head><style>  body {    font-family: Arial;    line-height: 1.5;    color: #1c1c1c;    overflow-x: hidden;    margin: 0;    padding: 0;  }  .MsoNormal b {    font-weight: bolder;  }<\/style><style>  .container.small {    width: 970px;    margin: 0 auto;  }  .logo {    margin: 0 auto 0;  }  .logo img {    display: block;    margin: 0 auto;    max-width: 100%;  }  .logo .pc-banner {    display: block;    width: 1200px;    height: 247.4px;    margin: 0 auto;  }  .logo .pc-banner.small {    width: 970px;  }  .logo .pc-banner.small img {    height: auto!important;  }  .logo .m-banner {    display: none;  }  .ytvideo {    position: relative;    height: 546px;    width: 100%;    margin: 0 auto;  }  .ytvideo img {    width: 100%;    margin: 0 auto;  }  .ytvideo .play-btn {    width: 60px;    height: 42px;    position: absolute;    top: 50%;    left: 50%;    transform: translate(-50%, -50%);    background: url(\"data:image\/png;base64,iVBORw0KGgoAAAANSUhEUgAAAGQAAABGCAMAAAANWMFbAAAC+lBMVEUAAADBGB3kLCfBGB3kLCfcJC7BFx3KKSbiKybkLCbWJCPSIiLSIiLPICHAFx3kLCfgKSXNHiDZJiTIGx\/p4eHcjo7LHSDbJyTkLCbjKyfOHyHPIiL28fHJHB\/GGh7EGR7eKCXDGB3RISHlLSbBGB3AFxzGHB7DGB7BGB3hKybkKybAFx3lLCfAFxzDGR3hKibDGB7cJyTmz8\/elJTlwcHjurrUIyLlLSflLSfAFx3DGR7lLSfCFx3hKibhKibhKybjKybkLCblLSfbJSX49vbx7e3NNzjNMTLMJyjVIyLZf3\/ZQ0LaeHjx0tLgoqLkLCfCGB3HGx\/BGB3BFx3PICHCGB7WJCLOHyC\/Fxy\/Fx3lLCfQISHkLSe\/FxzbJiTBFx3FGx\/AGB7BFx3EGR7AGB3HHSDfKiXAFh3TISHYNzbhKibbJyTTIiL57e325+f039\/v2NjUV1fOHiHiqanfmprch4feKSXVIyPOICHmLibFGh\/mLSe\/Fx7XJCPeKSXXJSPNHyHaJyTGGh7lLCbmLCflLSjSIiLkLCbdKSXLHiC\/GB3KHh++Fh3lKyfoLiXcKCPkx8fYb2\/XaGfVXl3aU1LLHiDksbHgKibPICHbJyTfKSXbJyTCGB3KHSDiKybFGh7TIiL\/\/\/\/VIyPRISHIHB\/GGx\/HHB\/DGR7gKibdKCXLHiDZJiTMHiDNHyHYJSTOICHPICHWJCPcKCXXJSPjLCblLCf+\/f3NGR\/uLijzLynPGR\/IGB7WISHaIyLLGh7UAADxLynNAADRLzDbICLQAADIAAD3MCrUHSHXMTDpKSbLAADp5OTij4\/ejo\/VLy\/1LyngJSTcJCPQHx\/OHB7+\/PzaMS\/OLS\/vLijrLSjSAADaNTPwLyjkKSbNJCbYISHPHB\/KGB7WAAD7+vrn3d3aKynTKCjoLCfsKifRGh\/YAADq5+fhjo7QNDXXKCfmJyXt5+fTLzDLLi\/QKivYHRvMGBrQJCXLISPMExXLDxLaEAvkkI\/bOTfaFQ\/SCgpvLcnHAAAAmnRSTlMA+vv7+gT9Bvf9+8z8\/NSv\/Pr5+P7++vnQIBMP\/v38\/Pn348XDiCYf9OjbzcqxXVcx\/fz8+\/rj1r2poo1+fXFqX0orGP7+\/v7+\/fz8+\/r68uzn4trIxsG\/vri3p6GcmZSNbWVYUUZEPQv+\/f39+\/v7+\/v7+vr64tvV1NTTz87FtbSurqeblJKFg4B3bUY+NjL7+\/v7+\/v67t1cDo8JLQAABkRJREFUWMO0kz9rwkAYh0OIeJkum6YugUAhISCdKoj\/P4C7SMdS+gEKIhSKil10LSg4mzXkILdlEpxCpwTiWOLX6BujvQaEQuGeHLnL+\/64J+SIcKGYTYWnntpdLjrVdqvZmNdn0+EE40GtpuuWVS6Xx6N7YDSGpWXpeq02wHgynM7q80az1a52HpddtVcpsi1zFARBrdaxbhp9iUReTGmwA4KAAr7vx3EYejnCMI6hQYEgy0LQi4jUN0wL19vqFcUC9\/1dAKmEEFkWRYkh5oBejnxQJiSJPJ\/uKBp0Thszx9Mw8hMRIQjKsptCfuES9zr5WJY6vSFCIvE9fCMUmEM1A1kSXcYGxgVYsvI1IPKTZciSTI0us\/SMGG04gDzELDoFBwdcFJrF88dqgYMTiL6DILWYyfOWE8\/kIz38olCNlC03FK95+imxp6y4oUSvAnBjHHhKNtotSDqJzVFiK8c2SBqhZtsrTtgrLXwAyduxZHNE26eHUt5rtuM4WSmds3G+sUdWYo1L+XyxButoh5eKUHk5lByO3G1LqqCWVnfrv\/lyPtf\/4ps1cndNGIri8J1TJ0lx6dR\/oPjq1nbRwdp2dCk4CtIOLW3pVKRL6WZfS5vF2KkIQhpwSsjiYIgNCs1gEMGqiIq24NQX9NwoXFy8Ufrl3twTcg4fv8T9\/JBEySduj6Mjm4bMzYV7EEOxKjjoNDud7yY3Dy71Hq2oLmqfbNR723edH9PgMrNL2utoQ3VmaIDkiw\/4w51P06hlZsTZvkRrbVuSIs\/zwSOsycgzStQouoAkWQqioRT5XI7n2Z1wfVhoZmcAJLsoqjqpjbWCgpOAJXBwHK8PzWbNvoUZJND5wCnSkLAkZ1legx6vqQzjoiTahKlGUGLAiIIoABOHaNVw4sexZBym6\/HWlH5h3IC7yRbxtipcWxdTOkORKiNQAEkFf66x5S2oeRbroOlLgg0sSYkR0hRGEqJZ0jTPiQKatESdBckpWigxaapEH0lImHdWu9pUFF2XqMNM2Z4kped7IwEJw2qabwtrQqnpw6HyKkgcadKWsmpywwesDyIhYRpdzXddqegtGIJlXbAIUMOLkGxJUjRIkokwjUaX9d\/kK62ps\/tYUqZLIMkLTyBhsMZ3C5Z\/kDxOSCb\/DOs\/\/J0qcWSX\/2ipe56EgTCA4\/cB7NAYOsni4mZM1MUPAISoEwkDi4lhVBQ1cWQyIcwalw4EpqZN68JUSK7XC0kTlkLYii5uXSC8jT5ncCAS7mjCv0uHp\/3lueHEEAeQ\/\/VgmdN71\/2uCSA1Xr6DO6uI6sW56zqT2tp2PhgiRUAajV8CY2fkcz6WGNKMgLAt7tJAhD4YHMTeRxlALE6+43WqjSWi8ITxyJl8WrwWSNESQZZOqhDDntO3hJLsd5RtSpbJqdv3YrDJH3F7jL1R2O2aQkn2MyCyKYz0GPGIvSAMgBCrCEiJyKbBaYGwLW4uPRr0A0M4Ux5kUI7IBh+hMdiCEWNqhMZGyYMsOgNE58UQuEQeUnSWCMYwL54hkxK6IoqucQZbQ3pc3XtL0lky1dL0zZJJDpWJovFqpWj6JEHnyam2eQp5QRVAVHjWparTOaVwUOx99YS2MvgxIGV0bb+qIg2HX2qkFFJB+XZcbLiuRkuxD9GRroKyveLxdh4d7Orx+hb7qc3uVRuEogCOnyIxm4ubUoPgF4jianDrC+SDQDKEfJb0GUKmjCGPYHGJvVC6X4hw1\/sAfQAdfYyephIaspXe36RwOP+Ljvfx9B6B3i+Nk0DGq+oCbLn6JpBa9nWAveAIHwFAwtVcIJXPMPL8kRu5OAYPMaL1WScTxjiZDqB9LTJSWphow\/pTYKRTLjCBhvi9iBidvKcDasGSm0QQkycYuLBqj6QCELPctqChDWpTRMWkngNNpQ1Pfp1KkiT\/Y0DGffXAweUNfLAfaJFKDwhb6I+bkYRbkERoEeu3Fyjg2opMz2daZCS9jt6Q7txNfB+OZEVF6Zl5web2xunnLQrtrjXseXKaFYziYINeMFZVxS9VxRhOoesYwxPKXm+gWLG9cuFeq93UNNeJNsf1KlwuDok9n02n3TgIJpOxNfL9naIoQwXtfH9kjceTIIi709ncTg6LZbg+biLH1V6u\/7rxBem06VXKn9raAAAAAElFTkSuQmCC\")      no-repeat center center \/ contain;  }  @media screen and (max-width: 960px) and (orientation: portrait) {    .logo {      width: 100%;    }    .logo .pc-banner {      display: none;    }    .logo .m-banner {      display: block;      width: 100%;    }    .logo .m-banner img {      height: auto!important;    }    .ytvideo {      height: 200px;      width: 100%;    }  }<\/style><style>  .video-section {    width: 100%;    margin: 0 auto;  }  .video-section > img {    width: 100%;  }  .video-section iframe,  .video-section video {    width: 100%;    height: 100%;      }  .video-section-img-m,  .video-section-img-pc > img {    width: 100%;    height: auto;  }  .video-section-img-pc.small > img {    width: 970px;  }  .video-desc {    line-height: 1.5;    font-size: 20px;    font-weight: 400;    margin: 20px 0;    text-align: center;    color: #0f1111;    word-break: break-word;  }  @media screen and (max-width: 960px) and (orientation: portrait) {    .video-section {      width: 100%;    }    .video-section-pc,    .video-section-img-pc {      display: none;    }    .video-section-m,    .video-section-img-m {      display: block;    }    .video-desc {      font-size: 15px;    }  }  @media screen and (min-width: 960px) {    .video-section {      width: 100%;      margin: 0 auto;    }    .video-section-pc,    .video-section-img-pc {      display: block;    }    .video-section-m,    .video-section-img-m {      display: none;    }    .video-desc {      font-size: 20px;    }  }<\/style><style>  .section + .section {    margin-top: 35px;  }  .section-title {    text-align: center;    font-weight: bold;    color: #0d1111;    font-family: \"Arial\";    font-size: 32px;    margin: 15px 0;  }  .section-title:empty {    display: none;  }  .section-desc {    text-align: center;    font-weight: normal;    color: #0d1111;    margin-top: 20px;  }  .section-desc:empty {    display: none;  }  .section-img {    width: 1200px;    height: 492px;    margin: 0 auto;    display: block;  }  .section-img.small {    width: 970px;    height: auto;  }  .section-img.small > img {    height: auto;  }  .section-img > img {    width: 100%;    height: 100%;  }  .section-mobile-img {    display: none;    max-width: 100vw;    max-height: 75vw;    height: 450px;    margin: 0 auto;  }  .section-mobile-img > img {    width: 100%;    height: 100%;  }  @media screen and (max-width: 960px) and (orientation: portrait) {    .container {      width: 100%;    }    .container.small {      width: 100%;    }    .section-mobile-img {      display: block;    }    .section-img {      display: none;    }    .section-title {      font-size: 22px;      margin: 10px 0;    }    .section-desc {      margin-top: 10px;    }    .section + .section {      margin-top: 20px;    }  }<\/style><\/head><body><div class=\"container\"><div class=\"logo\"><div class=\"pc-banner\"><div><img decoding=\"async\" src=\"\/vevor\/vevor\/boutique-banner\/pc\/en-pc@1x.jpg\" style=\"width: 100%;\" \/><\/div><\/div><div class=\"m-banner\"><div><img decoding=\"async\" src=\"\/vevor\/vevor\/boutique-banner\/mobile\/en-m@1x.jpg\" style=\"width: 100%;\" \/><\/div><\/div><\/div><div class=\"section-title\">Kiiremini liikuma, Tee Targemaks: V\u00f5imaldada Automaatika Igal Sammul<\/div><div class=\"video-section\"><div class=\"video-section-img-pc\"><img decoding=\"async\" src=\"\/vevor\/product\/JQXXXZXQ4INC24AIK\/linear-actuator-a100-1.4.jpg\" \/><\/div><div class=\"video-section-img-m\"><img decoding=\"async\" src=\"\/vevor\/product\/JQXXXZXQ4INC24AIK\/linear-actuator-a100-1.4-m.jpg\" \/><\/div><div class=\"section-desc\">Ava t\u00e4psus ja v\u00f5imu VEVOR 4-tollise lineaarne ajam! Pakkudes t\u00e4pse asendi kontrolli 0.19&#034;\/s stabiilne kiirus ja 330lbs k\u00f5rge p\u00f6\u00f6rdemoment v\u00e4ljund, see annab tugeva toe ja t\u00f5husa liikumise \u00fclesanded n\u00f5udlik, t\u00e4pne positsioneerimine: robot k\u00e4ed, t\u00f6\u00f6stusautomaatika, elektripliit, voodid jne.<\/div><\/div><div class=\"section\"><div class=\"section-title\"><\/div><div class=\"section-img\"><img decoding=\"async\" src=\"\/vevor\/product\/JQXXXZXQ4INC24AIK\/linear-actuator-a100-2.2.jpg\" \/><\/div><div class=\"section-mobile-img\"><img decoding=\"async\" src=\"\/vevor\/product\/JQXXXZXQ4INC24AIK\/linear-actuator-a100-2.2-m.jpg\" \/><\/div><div class=\"section-desc\">Sujuvalt \u00fchendades oma elu ruumid, meie lineaarse liikumise ajam ei ole ainult lihtsustab automaatne t\u00f5stmine ja langetamine kardinad ja k\u00f5rguse reguleerimine s\u00fcsteemid, vaid ka ajab elektrilised ukses\u00fcsteemid. See annab rohkem, mugav, mugav ja intelligentne elu kogemusi.<\/div><\/div><div class=\"section\"><div class=\"section-title\"><\/div><div class=\"section-img\"><img decoding=\"async\" src=\"\/vevor\/product\/JQXXXZXQ4INC24AIK\/linear-actuator-a100-2.3.jpg\" \/><\/div><div class=\"section-mobile-img\"><img decoding=\"async\" src=\"\/vevor\/product\/JQXXXZXQ4INC24AIK\/linear-actuator-a100-2.3-m.jpg\" \/><\/div><div class=\"section-desc\">Koos kaitseaste IP54, meie elektrilised lineaarne ajam on ette n\u00e4htud usaldusv\u00e4\u00e4rsed kaitsva j\u00f5udlust, stabiilsuse s\u00e4ilitamine n\u00e4gu tolmu, pritsiva vee, niiskuse ja valguse.(Ettevaatust: Vesi, ei tohiks tungida salongi mootor, sest see v\u00f5ib p\u00f5hjustada mootori l\u00e4bip\u00f5lemine)<\/div><\/div><div class=\"section\"><div class=\"section-title\"><\/div><div class=\"section-img\"><img decoding=\"async\" src=\"\/vevor\/product\/JQXXXZXQ4INC24AIK\/linear-actuator-a100-2.4.jpg\" \/><\/div><div class=\"section-mobile-img\"><img decoding=\"async\" src=\"\/vevor\/product\/JQXXXZXQ4INC24AIK\/linear-actuator-a100-2.4-m.jpg\" \/><\/div><div class=\"section-desc\">Formuleeritud t\u00e4pselt ja kasutades kvaliteetseid materjale, meie insult lineaarne ajam tagab k\u00f5rge t\u00e4psus ja tugevus, laiendatakse oluliselt selle eluiga. Projekteeritud taluma sagedast kasutamist, see s\u00e4ilitab k\u00f5rge stabiilsus, pakkudes vankumatu tugi oma erinevaid \u00fclesandeid.<\/div><\/div><div class=\"section\"><div class=\"section-title\"><\/div><div class=\"section-img\"><img decoding=\"async\" src=\"\/vevor\/product\/JQXXXZXQ4INC24AIK\/linear-actuator-a100-2.5.jpg\" \/><\/div><div class=\"section-mobile-img\"><img decoding=\"async\" src=\"\/vevor\/product\/JQXXXZXQ4INC24AIK\/linear-actuator-a100-2.5-m.jpg\" \/><\/div><div class=\"section-desc\">Optimaalse t\u00f6\u00f6 tagamiseks soovitame kasutada lineaarne ajam koos kontrolleriga, mis v\u00f5imaldab t\u00e4psemalt liikumise kontrolli. Palun pange t\u00e4hele, et seda toodet sisaldab ainult push rod; t\u00e4iendav varustus vajalik paigaldamiseks tuleb eraldi osta.<\/div><\/div><div class=\"section\"><div class=\"section-img\"><img decoding=\"async\" src=\"\/vevor\/product\/JQXXXZXQ4INC24AIK\/linear-actuator-a100-1.11.jpg\" alt=\"VEVOR lineaarse t\u00e4iturmehhanismi spetsifikatsioonid: 12 v, 1500 n, alumiiniumisulam, 4-tolline k\u00e4ik, &lt;60 db m\u00fcra.\" \/><\/div><div class=\"section-mobile-img\"><img decoding=\"async\" src=\"\/vevor\/product\/JQXXXZXQ4INC24AIK\/linear-actuator-a100-1.11-m.jpg\" alt=\"VEVOR lineaarse t\u00e4iturmehhanismi spetsifikatsioonid: 12 v, 1500 n, alumiiniumisulam, 4-tolline k\u00e4ik, &lt;60 db m\u00fcra.\" \/><\/div><\/div><\/div><\/body><\/html><\/div>\n<div class=\"DM_at-title\" id=\"js-DM_at-title\"> <div>Toote spetsifikatsioon<\/div> <i class=\"icon-arrowup_line\"><\/i> <\/div><div class=\"DM_at-goodsDescAttr\" id=\"js-DM_at-goodsDescAttr\"> <div class=\"DM_at-goodsDescAttrInner\"> <dl class=\"goodsDesc_item goodsDesc_item_even\"> <dt>Punkt Mudeli Number<\/dt> <dd> OK648-1500N<\/dd> <\/dl> <dl class=\"goodsDesc_item\"> <dt>Pinge<\/dt> <dd> DC12V<\/dd> <\/dl> <dl class=\"goodsDesc_item goodsDesc_item_even\"> <dt>Maksimaalne Koormus\/Aktiveerimine Force<\/dt> <dd> 1500N<\/dd> <\/dl> <dl class=\"goodsDesc_item\"> <dt>Reisi Kiirus<\/dt> <dd> 0.19-tolline\/s \/ 5 mm\/s<\/dd> <\/dl> <dl class=\"goodsDesc_item goodsDesc_item_even\"> <dt>Joon Pikkus<\/dt> <dd> 4 tolline \/ 100 mm<\/dd> <\/dl> <dl class=\"goodsDesc_item\"> <dt>Kaitse Klass<\/dt> <dd> IP54<\/dd> <\/dl> <dl class=\"goodsDesc_item goodsDesc_item_even\"> <dt>M\u00fcra Tase<\/dt> <dd> Kuni 60dB<\/dd> <\/dl> <dl class=\"goodsDesc_item\"> <dt>Nimivool<\/dt> <dd> &lt;5A<\/dd> <\/dl> <dl class=\"goodsDesc_item goodsDesc_item_even\"> <dt>Peamine Materjal<\/dt> <dd> Alumiinium<\/dd> <\/dl> <dl class=\"goodsDesc_item\"> <dt>Neto Kaal<\/dt> <dd> 1.96 lbs \/ 0.89 kg (kaasa arvatud k\u00f5ik tarvikud)<\/dd> <\/dl> <dl class=\"goodsDesc_item goodsDesc_item_even\"> <dt>Toote M\u00f5\u00f5tmed<\/dt> <dd> 8.85 x 2.95 x 1.57 tolline \/ 225 x 75 x 40 mm<\/dd> <\/dl> <\/div> <\/div>","protected":false},"excerpt":{"rendered":"<ul>\n<li> Precision Motion Control: VEVOR lineaarne ajam pakub t\u00e4pse asendi kontrolli 0.19&#034;\/s stabiilne kiirus ja 330lbs k\u00f5rge p\u00f6\u00f6rdemoment v\u00e4ljund. Ideaalne \u00fclesanded, mis n\u00f5uavad t\u00e4pne positsioneerimine, nagu robot k\u00e4si v\u00f5i elektrilised voodid, mis eeldavad t\u00e4psust. <\/li>\n<li> Vastupidav ja Tugev: tugevdatud struktuuri ja t\u00e4ismetallist k\u00e4igukast mehhanism, meie 12V lineaarne ajam mootor tagab usaldusv\u00e4\u00e4rsuse all suure koormuse. Sobib erinevate t\u00f6\u00f6stus-automaatika ja laboratoorsed seadmed, ta talub k\u00fclmav\u00e4rinad pikaajalise kasutamise. <\/li>\n<li> Mitmek\u00fclgsed kasutusv\u00f5imalused: Mille m\u00fcra tase on alla 60db, meie lineaarse liikumise t\u00e4iturseadme sujuvalt sobitub erinevaid rakendusi, alates m\u00f6\u00f6bel automaatika, mehaanilised seadmed, transport, ja rohkem. Naudi mitmek\u00fclgne funktsioone, kus iganes sa seda vajad! <\/li>\n<li> Kaitseaste IP54: mis kaitseaste IP54, VEVOR 12V lineaarne ajam paistab silma karmi keskkonna tingimused, nagu tolm, pritsiva vee, niiskuse ja valguse. Kas v\u00e4ljas v\u00f5i t\u00f6\u00f6stuslikuks kasutamiseks, see pakub erakorralist kaitset. (Ettevaatust: Vesi, ei tohiks tungida salongi mootor) <\/li>\n<li> Peamised tehnilised andmed: Insult Pikkus: 4 tolline (100mm); Reisi Kiirus: 0.19 sisse\/s (5mm\/s); T\u00f5mmatud Pikkus: 8.85&#034; (225); Laiendatud Pikkus: 12.85&#034; (325mm); voolutarve: 5amps; Pinge: DC12V; t\u00f6\u00f6ts\u00fckkel: 25%. <\/li>\n<\/ul>","protected":false},"featured_media":295961,"comment_status":"closed","ping_status":"open","template":"","meta":{"om_disable_all_campaigns":false,"_uf_show_specific_survey":0,"_uf_disable_surveys":false},"location":[1935,1934],"product_brand":[21],"product_cat":[133,3905,3904,3542,3541],"product_tag":[],"class_list":{"0":"post-34787","1":"product","2":"type-product","3":"status-publish","4":"has-post-thumbnail","6":"location-supplier_stock_location","7":"location-local_stock_location","8":"product_brand-vevor","9":"product_cat-automotive","10":"product_cat-linear-actuator","11":"product_cat-other-rv-acessories","12":"product_cat-rv-accessories","13":"product_cat-rv-supplies","15":"first","16":"instock","17":"taxable","18":"shipping-taxable","19":"purchasable","20":"product-type-simple"},"aioseo_notices":[],"locations":[{"id":1935,"name":"Pieg\u0101d\u0101t\u0101ja noliktav\u0101 (5-7dd)","slug":"supplier_stock_location","quantity":"299"},{"id":1934,"name":"R\u012bgas veikal\u0101 (0-2d.d.)","slug":"local_stock_location","quantity":"0"}],"_links":{"self":[{"href":"https:\/\/vevorshop.lv\/et\/wp-json\/wp\/v2\/product\/34787","targetHints":{"allow":["GET"]}}],"collection":[{"href":"https:\/\/vevorshop.lv\/et\/wp-json\/wp\/v2\/product"}],"about":[{"href":"https:\/\/vevorshop.lv\/et\/wp-json\/wp\/v2\/types\/product"}],"replies":[{"embeddable":true,"href":"https:\/\/vevorshop.lv\/et\/wp-json\/wp\/v2\/comments?post=34787"}],"wp:featuredmedia":[{"embeddable":true,"href":"https:\/\/vevorshop.lv\/et\/wp-json\/wp\/v2\/media\/295961"}],"wp:attachment":[{"href":"https:\/\/vevorshop.lv\/et\/wp-json\/wp\/v2\/media?parent=34787"}],"wp:term":[{"taxonomy":"location","embeddable":true,"href":"https:\/\/vevorshop.lv\/et\/wp-json\/wp\/v2\/location?post=34787"},{"taxonomy":"product_brand","embeddable":true,"href":"https:\/\/vevorshop.lv\/et\/wp-json\/wp\/v2\/product_brand?post=34787"},{"taxonomy":"product_cat","embeddable":true,"href":"https:\/\/vevorshop.lv\/et\/wp-json\/wp\/v2\/product_cat?post=34787"},{"taxonomy":"product_tag","embeddable":true,"href":"https:\/\/vevorshop.lv\/et\/wp-json\/wp\/v2\/product_tag?post=34787"}],"curies":[{"name":"wp","href":"https:\/\/api.w.org\/{rel}","templated":true}]}}