{"id":34847,"date":"2024-11-19T00:18:10","date_gmt":"2024-11-19T00:18:10","guid":{"rendered":"http:\/\/vevorshop.edigo.lv\/Prece\/vevor-outdoor-grill-dining-cart-with-double-shelf-bbq-movable-food-prep-table-multifunctional-stainless-steel-table-top-portable-modular-carts-for-pizza-oven-worktable-with-2-wheels-carry-handle\/"},"modified":"2026-04-20T06:31:01","modified_gmt":"2026-04-20T03:31:01","slug":"vevor-outdoor-grill-dining-cart-with-double-shelf-bbq-movable-food-prep-table-multifunctional-stainless-steel-table-top-portable-modular-carts-for-pizza-oven-worktable-with-2-wheels-carry-handle","status":"publish","type":"product","link":"https:\/\/vevorshop.lv\/et\/Prece\/vevor-valigrill-soogikaru-topeltriiuliga-bbq-liikuv-toidu-ettevalmistuslaud-multifunktsionaalne-roostevabast-terasest-lauaplaat-kaasaskantavad-moodulkarud-pitsaahju-toolauale-2-rattaga-kandesangaga\/","title":{"rendered":"VEVOR Roostevabast terasest v\u00e4lik\u00f6\u00f6gik\u00e4ru kahekordse riiuliga, liikuv toiduvalmistuslaud, grill- ja pitsahoidik"},"content":{"rendered":"<div style=\"color: #fff!important; font-size: 16px; height: 24px; line-height: 24px; margin-top: -24px; \" class=\"product_original_name\">VEVOR v\u00e4ligrilli s\u00f6\u00f6gik\u00e4ru kahe riiuliga, grillitav liikuv toidu ettevalmistuslaud, multifunktsionaalne roostevabast terasest lauaplaat, kaasaskantavad moodulk\u00e4rud pitsaahju jaoks, t\u00f6\u00f6laud 2 rattaga, kandesang<\/div>\n<div style=\"color: #fff!important; font-size: 16px; height: 24px; line-height: 24px; margin-top: -24px; \" class=\"product_sku\">M4I4L75R<\/div>\n<div style=\"color: #fff!important; font-size: 16px; height: 24px; line-height: 24px; margin-top: -24px; \" class=\"product_mpn\">JSHWBCTC855512MJNV0<\/div><div id=\"js-DM_at-goodDescRich\"><html><head><style>  body {    font-family: Arial;    line-height: 1.5;    color: #1c1c1c;    overflow-x: hidden;    margin: 0;    padding: 0;  }  .MsoNormal b {    font-weight: bolder;  }<\/style><style>  .container.small {    width: 970px;    margin: 0 auto;  }  .logo {    margin: 0 auto 0;  }  .logo img {    display: block;    margin: 0 auto;    max-width: 100%;  }  .logo .pc-banner {    display: block;    width: 1200px;    height: 247.4px;    margin: 0 auto;  }  .logo .pc-banner.small {    width: 970px;  }  .logo .pc-banner.small img {    height: auto!important;  }  .logo .m-banner {    display: none;  }  .ytvideo {    position: relative;    height: 546px;    width: 100%;    margin: 0 auto;  }  .ytvideo img {    width: 100%;    margin: 0 auto;  }  .ytvideo .play-btn {    width: 60px;    height: 42px;    position: absolute;    top: 50%;    left: 50%;    transform: translate(-50%, -50%);    background: url(\"data:image\/png;base64,iVBORw0KGgoAAAANSUhEUgAAAGQAAABGCAMAAAANWMFbAAAC+lBMVEUAAADBGB3kLCfBGB3kLCfcJC7BFx3KKSbiKybkLCbWJCPSIiLSIiLPICHAFx3kLCfgKSXNHiDZJiTIGx\/p4eHcjo7LHSDbJyTkLCbjKyfOHyHPIiL28fHJHB\/GGh7EGR7eKCXDGB3RISHlLSbBGB3AFxzGHB7DGB7BGB3hKybkKybAFx3lLCfAFxzDGR3hKibDGB7cJyTmz8\/elJTlwcHjurrUIyLlLSflLSfAFx3DGR7lLSfCFx3hKibhKibhKybjKybkLCblLSfbJSX49vbx7e3NNzjNMTLMJyjVIyLZf3\/ZQ0LaeHjx0tLgoqLkLCfCGB3HGx\/BGB3BFx3PICHCGB7WJCLOHyC\/Fxy\/Fx3lLCfQISHkLSe\/FxzbJiTBFx3FGx\/AGB7BFx3EGR7AGB3HHSDfKiXAFh3TISHYNzbhKibbJyTTIiL57e325+f039\/v2NjUV1fOHiHiqanfmprch4feKSXVIyPOICHmLibFGh\/mLSe\/Fx7XJCPeKSXXJSPNHyHaJyTGGh7lLCbmLCflLSjSIiLkLCbdKSXLHiC\/GB3KHh++Fh3lKyfoLiXcKCPkx8fYb2\/XaGfVXl3aU1LLHiDksbHgKibPICHbJyTfKSXbJyTCGB3KHSDiKybFGh7TIiL\/\/\/\/VIyPRISHIHB\/GGx\/HHB\/DGR7gKibdKCXLHiDZJiTMHiDNHyHYJSTOICHPICHWJCPcKCXXJSPjLCblLCf+\/f3NGR\/uLijzLynPGR\/IGB7WISHaIyLLGh7UAADxLynNAADRLzDbICLQAADIAAD3MCrUHSHXMTDpKSbLAADp5OTij4\/ejo\/VLy\/1LyngJSTcJCPQHx\/OHB7+\/PzaMS\/OLS\/vLijrLSjSAADaNTPwLyjkKSbNJCbYISHPHB\/KGB7WAAD7+vrn3d3aKynTKCjoLCfsKifRGh\/YAADq5+fhjo7QNDXXKCfmJyXt5+fTLzDLLi\/QKivYHRvMGBrQJCXLISPMExXLDxLaEAvkkI\/bOTfaFQ\/SCgpvLcnHAAAAmnRSTlMA+vv7+gT9Bvf9+8z8\/NSv\/Pr5+P7++vnQIBMP\/v38\/Pn348XDiCYf9OjbzcqxXVcx\/fz8+\/rj1r2poo1+fXFqX0orGP7+\/v7+\/fz8+\/r68uzn4trIxsG\/vri3p6GcmZSNbWVYUUZEPQv+\/f39+\/v7+\/v7+vr64tvV1NTTz87FtbSurqeblJKFg4B3bUY+NjL7+\/v7+\/v67t1cDo8JLQAABkRJREFUWMO0kz9rwkAYh0OIeJkum6YugUAhISCdKoj\/P4C7SMdS+gEKIhSKil10LSg4mzXkILdlEpxCpwTiWOLX6BujvQaEQuGeHLnL+\/64J+SIcKGYTYWnntpdLjrVdqvZmNdn0+EE40GtpuuWVS6Xx6N7YDSGpWXpeq02wHgynM7q80az1a52HpddtVcpsi1zFARBrdaxbhp9iUReTGmwA4KAAr7vx3EYejnCMI6hQYEgy0LQi4jUN0wL19vqFcUC9\/1dAKmEEFkWRYkh5oBejnxQJiSJPJ\/uKBp0Thszx9Mw8hMRIQjKsptCfuES9zr5WJY6vSFCIvE9fCMUmEM1A1kSXcYGxgVYsvI1IPKTZciSTI0us\/SMGG04gDzELDoFBwdcFJrF88dqgYMTiL6DILWYyfOWE8\/kIz38olCNlC03FK95+imxp6y4oUSvAnBjHHhKNtotSDqJzVFiK8c2SBqhZtsrTtgrLXwAyduxZHNE26eHUt5rtuM4WSmds3G+sUdWYo1L+XyxButoh5eKUHk5lByO3G1LqqCWVnfrv\/lyPtf\/4ps1cndNGIri8J1TJ0lx6dR\/oPjq1nbRwdp2dCk4CtIOLW3pVKRL6WZfS5vF2KkIQhpwSsjiYIgNCs1gEMGqiIq24NQX9NwoXFy8Ufrl3twTcg4fv8T9\/JBEySduj6Mjm4bMzYV7EEOxKjjoNDud7yY3Dy71Hq2oLmqfbNR723edH9PgMrNL2utoQ3VmaIDkiw\/4w51P06hlZsTZvkRrbVuSIs\/zwSOsycgzStQouoAkWQqioRT5XI7n2Z1wfVhoZmcAJLsoqjqpjbWCgpOAJXBwHK8PzWbNvoUZJND5wCnSkLAkZ1legx6vqQzjoiTahKlGUGLAiIIoABOHaNVw4sexZBym6\/HWlH5h3IC7yRbxtipcWxdTOkORKiNQAEkFf66x5S2oeRbroOlLgg0sSYkR0hRGEqJZ0jTPiQKatESdBckpWigxaapEH0lImHdWu9pUFF2XqMNM2Z4kped7IwEJw2qabwtrQqnpw6HyKkgcadKWsmpywwesDyIhYRpdzXddqegtGIJlXbAIUMOLkGxJUjRIkokwjUaX9d\/kK62ps\/tYUqZLIMkLTyBhsMZ3C5Z\/kDxOSCb\/DOs\/\/J0qcWSX\/2ipe56EgTCA4\/cB7NAYOsni4mZM1MUPAISoEwkDi4lhVBQ1cWQyIcwalw4EpqZN68JUSK7XC0kTlkLYii5uXSC8jT5ncCAS7mjCv0uHp\/3lueHEEAeQ\/\/VgmdN71\/2uCSA1Xr6DO6uI6sW56zqT2tp2PhgiRUAajV8CY2fkcz6WGNKMgLAt7tJAhD4YHMTeRxlALE6+43WqjSWi8ITxyJl8WrwWSNESQZZOqhDDntO3hJLsd5RtSpbJqdv3YrDJH3F7jL1R2O2aQkn2MyCyKYz0GPGIvSAMgBCrCEiJyKbBaYGwLW4uPRr0A0M4Ux5kUI7IBh+hMdiCEWNqhMZGyYMsOgNE58UQuEQeUnSWCMYwL54hkxK6IoqucQZbQ3pc3XtL0lky1dL0zZJJDpWJovFqpWj6JEHnyam2eQp5QRVAVHjWparTOaVwUOx99YS2MvgxIGV0bb+qIg2HX2qkFFJB+XZcbLiuRkuxD9GRroKyveLxdh4d7Orx+hb7qc3uVRuEogCOnyIxm4ubUoPgF4jianDrC+SDQDKEfJb0GUKmjCGPYHGJvVC6X4hw1\/sAfQAdfYyephIaspXe36RwOP+Ljvfx9B6B3i+Nk0DGq+oCbLn6JpBa9nWAveAIHwFAwtVcIJXPMPL8kRu5OAYPMaL1WScTxjiZDqB9LTJSWphow\/pTYKRTLjCBhvi9iBidvKcDasGSm0QQkycYuLBqj6QCELPctqChDWpTRMWkngNNpQ1Pfp1KkiT\/Y0DGffXAweUNfLAfaJFKDwhb6I+bkYRbkERoEeu3Fyjg2opMz2daZCS9jt6Q7txNfB+OZEVF6Zl5web2xunnLQrtrjXseXKaFYziYINeMFZVxS9VxRhOoesYwxPKXm+gWLG9cuFeq93UNNeJNsf1KlwuDok9n02n3TgIJpOxNfL9naIoQwXtfH9kjceTIIi709ncTg6LZbg+biLH1V6u\/7rxBem06VXKn9raAAAAAElFTkSuQmCC\")      no-repeat center center \/ contain;  }  @media screen and (max-width: 960px) and (orientation: portrait) {    .logo {      width: 100%;    }    .logo .pc-banner {      display: none;    }    .logo .m-banner {      display: block;      width: 100%;    }    .logo .m-banner img {      height: auto!important;    }    .ytvideo {      height: 200px;      width: 100%;    }  }<\/style><style>  .video-section {    width: 100%;    margin: 0 auto;  }  .video-section > img {    width: 100%;  }  .video-section iframe,  .video-section video {    width: 100%;    height: 100%;      }  .video-section-img-m,  .video-section-img-pc > img {    width: 100%;    height: auto;  }  .video-section-img-pc.small > img {    width: 970px;  }  .video-desc {    line-height: 1.5;    font-size: 20px;    font-weight: 400;    margin: 20px 0;    text-align: center;    color: #0f1111;    word-break: break-word;  }  @media screen and (max-width: 960px) and (orientation: portrait) {    .video-section {      width: 100%;    }    .video-section-pc,    .video-section-img-pc {      display: none;    }    .video-section-m,    .video-section-img-m {      display: block;    }    .video-desc {      font-size: 15px;    }  }  @media screen and (min-width: 960px) {    .video-section {      width: 100%;      margin: 0 auto;    }    .video-section-pc,    .video-section-img-pc {      display: block;    }    .video-section-m,    .video-section-img-m {      display: none;    }    .video-desc {      font-size: 20px;    }  }<\/style><style>  .section + .section {    margin-top: 35px;  }  .section-title {    text-align: center;    font-weight: bold;    color: #0d1111;    font-family: \"Arial\";    font-size: 32px;    margin: 15px 0;  }  .section-title:empty {    display: none;  }  .section-desc {    text-align: center;    font-weight: normal;    color: #0d1111;    margin-top: 20px;  }  .section-desc:empty {    display: none;  }  .section-img {    width: 1200px;    height: 492px;    margin: 0 auto;    display: block;  }  .section-img.small {    width: 970px;    height: auto;  }  .section-img.small > img {    height: auto;  }  .section-img > img {    width: 100%;    height: 100%;  }  .section-mobile-img {    display: none;    max-width: 100vw;    max-height: 75vw;    height: 450px;    margin: 0 auto;  }  .section-mobile-img > img {    width: 100%;    height: 100%;  }  @media screen and (max-width: 960px) and (orientation: portrait) {    .container {      width: 100%;    }    .container.small {      width: 100%;    }    .section-mobile-img {      display: block;    }    .section-img {      display: none;    }    .section-title {      font-size: 22px;      margin: 10px 0;    }    .section-desc {      margin-top: 10px;    }    .section + .section {      margin-top: 20px;    }  }<\/style><\/head><body><div class=\"container\"><div class=\"logo\"><div class=\"pc-banner\"><div><img decoding=\"async\" src=\"\/vevor\/vevor\/boutique-banner\/pc\/en-pc@1x.jpg\" style=\"width: 100%;\" \/><\/div><\/div><div class=\"m-banner\"><div><img decoding=\"async\" src=\"\/vevor\/vevor\/boutique-banner\/mobile\/en-m@1x.jpg\" style=\"width: 100%;\" \/><\/div><\/div><\/div><div class=\"section-title\">Topelt-Riiul V\u00e4ljas Grill S\u00f6\u00f6gituba Ostukorvi<\/div><div class=\"video-section\"><div class=\"video-section-img-pc\"><img decoding=\"async\" src=\"\/vevor\/product\/JSHWBCTC855512MJN\/grill-dining-cart-a100-1.4.jpg\" alt=\"VEVOR v\u00e4ljas grill ostukorvi liikuvad workbench, p\u00f6\u00f6rlev rattad ja erinevaid bbq vahendid rohtukasvanud muru.\" \/><\/div><div class=\"video-section-img-m\"><img decoding=\"async\" src=\"\/vevor\/product\/JSHWBCTC855512MJN\/grill-dining-cart-a100-1.4-m.jpg\" alt=\"VEVOR v\u00e4ljas grill ostukorvi liikuvad workbench, p\u00f6\u00f6rlev rattad ja erinevaid bbq vahendid rohtukasvanud muru.\" \/><\/div><div class=\"section-desc\">Seda saab kasutada nagu grill laua-v\u00f5i pitsa ahjus seista, seda saab kasutada ka toidu valmistamine, ladustamine, v\u00e4ljas s\u00f6\u00f6gituba ja rohkem. See annab mugava ja praktilise t\u00f6\u00f6koha v\u00e4ljas cooking.<\/div><\/div><div class=\"section\"><div class=\"section-title\"><\/div><div class=\"section-img\"><img decoding=\"async\" src=\"\/vevor\/product\/JSHWBCTC855512MJN\/grill-dining-cart-a100-2.2.jpg\" alt=\"VEVOR v\u00e4ljas grill ostukorvi basseini, tutvustada roostevabast terasest countertop ja vastupidav ehitada.\" \/><\/div><div class=\"section-mobile-img\"><img decoding=\"async\" src=\"\/vevor\/product\/JSHWBCTC855512MJN\/grill-dining-cart-a100-2.2-m.jpg\" alt=\"VEVOR v\u00e4ljas grill ostukorvi basseini, tutvustada roostevabast terasest countertop ja vastupidav ehitada.\" \/><\/div><div class=\"section-desc\">Laua peal on valmistatud k\u00f5rge kvaliteediga roostevabast terasest, mis tagab vastupidavuse, rooste vastupanu, h\u00fcdroisolatsioonit\u00f6\u00f6d, ja on lihtne puhastada. Teie ohutuse, oleme hoolikalt poleeritud servad tabletop, et v\u00e4ltida v\u00f5imalikku k\u00e4e vigastused teravate servadega.<\/div><\/div><div class=\"section\"><div class=\"section-title\"><\/div><div class=\"section-img\"><img decoding=\"async\" src=\"\/vevor\/product\/JSHWBCTC855512MJN\/grill-dining-cart-a100-2.3.jpg\" alt=\"VEVOR v\u00e4ljas grill ostukorv double-layer riiulid, nagi, ja n\u00f5ude hammas k\u00f5rval bassein.\" \/><\/div><div class=\"section-mobile-img\"><img decoding=\"async\" src=\"\/vevor\/product\/JSHWBCTC855512MJN\/grill-dining-cart-a100-2.3-m.jpg\" alt=\"VEVOR v\u00e4ljas grill ostukorv double-layer riiulid, nagi, ja n\u00f5ude hammas k\u00f5rval bassein.\" \/><\/div><div class=\"section-desc\">Projekteeritud topelt-astmeline riiul, v\u00e4ljas prep ostukorvi saab salvestada suur k\u00f6\u00f6k seadmed. Samuti saab riputada erinevaid v\u00e4ike k\u00f6\u00f6k, n\u00f5ud ja vahendid nelja konksud. Lisaks oleme valmis paber omanik, nuga hammas -, gaasi kanister omanik, ja avaja oma mugavuse.<\/div><\/div><div class=\"section\"><div class=\"section-title\"><\/div><div class=\"section-img\"><img decoding=\"async\" src=\"\/vevor\/product\/JSHWBCTC855512MJN\/grill-dining-cart-a100-2.4.jpg\" alt=\"VEVOR v\u00e4ljas grill ostukorvi k\u00f5rge-kvaliteet veljed, mis n\u00e4itab 110 lb kandev\u00f5ime poolt bassein.\" \/><\/div><div class=\"section-mobile-img\"><img decoding=\"async\" src=\"\/vevor\/product\/JSHWBCTC855512MJN\/grill-dining-cart-a100-2.4-m.jpg\" alt=\"VEVOR v\u00e4ljas grill ostukorvi k\u00f5rge-kvaliteet veljed, mis n\u00e4itab 110 lb kandev\u00f5ime poolt bassein.\" \/><\/div><div class=\"section-desc\">Meie rattad on meisterdatud kasutades k\u00f5rge kvaliteediga survevalu tehnoloogia, pakkudes \u00fclimat kandev\u00f5ime v\u00f5rreldes l\u00f6\u00f6k-valatud rattad, mida kasutatakse tavaliselt sarnaste toodete turul.<\/div><\/div><div class=\"section\"><div class=\"section-title\"><\/div><div class=\"section-img\"><img decoding=\"async\" src=\"\/vevor\/product\/JSHWBCTC855512MJN\/grill-dining-cart-a100-2.5.jpg\" alt=\"VEVOR v\u00e4ljas grill ostukorvi roostevabast terasest top, k\u00fcljel k\u00e4epidemed, haagid, konksud, riiulid, ja ratas rattad.\" \/><\/div><div class=\"section-mobile-img\"><img decoding=\"async\" src=\"\/vevor\/product\/JSHWBCTC855512MJN\/grill-dining-cart-a100-2.5-m.jpg\" alt=\"VEVOR v\u00e4ljas grill ostukorvi roostevabast terasest top, k\u00fcljel k\u00e4epidemed, haagid, konksud, riiulid, ja ratas rattad.\" \/><\/div><div class=\"section-desc\">Pakett sisaldab selge paigaldusjuhiseid ja osade loetelu, muutes kokkupanek imelihtne ilma et oleks vaja t\u00e4iendavaid vahendeid ja t\u00f6\u00f6j\u00f5udu. See s\u00e4\u00e4stab alates tegelevad t\u00fc\u00fctu paigaldust, kus saad nautida stressivaba kogemus.<\/div><\/div><div class=\"section\"><div class=\"section-img\"><img decoding=\"async\" src=\"\/vevor\/product\/JSHWBCTC855512MJN\/grill-dining-cart-a100-1.11.jpg\" alt=\"VEVOR v\u00e4ljas grill ostukorvi haagid, anum hammas -, paberi-k\u00e4ter\u00e4tiku-hoidja, ja avaja, 850x550 mm.\" \/><\/div><div class=\"section-mobile-img\"><img decoding=\"async\" src=\"\/vevor\/product\/JSHWBCTC855512MJN\/grill-dining-cart-a100-1.11-m.jpg\" alt=\"VEVOR v\u00e4ljas grill ostukorvi haagid, anum hammas -, paberi-k\u00e4ter\u00e4tiku-hoidja, ja avaja, 850x550 mm.\" \/><\/div><\/div><\/div><\/body><\/html><\/div>\n<div class=\"DM_at-title\" id=\"js-DM_at-title\"> <div>Toote spetsifikatsioon<\/div> <i class=\"icon-arrowup_line\"><\/i> <\/div><div class=\"DM_at-goodsDescAttr\" id=\"js-DM_at-goodsDescAttr\"> <div class=\"DM_at-goodsDescAttrInner\"> <dl class=\"goodsDesc_item goodsDesc_item_even\"> <dt>Punkt Mudeli Number<\/dt> <dd> TB0110002<\/dd> <\/dl> <dl class=\"goodsDesc_item\"> <dt>Laua Suurus<\/dt> <dd> 33.46 x 33.46 tolline\/ 850 x 550 mm<\/dd> <\/dl> <dl class=\"goodsDesc_item goodsDesc_item_even\"> <dt>Toote Suurus<\/dt> <dd> 39.37 x 25.19 x 32.87 tolline\/ 1000 x 640 x 835 mm<\/dd> <\/dl> <dl class=\"goodsDesc_item\"> <dt>Toote Kaal<\/dt> <dd> 10.6 kg \/ lbs 23.37<\/dd> <\/dl> <\/div> <\/div>","protected":false},"excerpt":{"rendered":"<ul>\n<li> Multifunktsionaalne BBQ Jaam: grillimisv\u00f5imalus vallas toidu prep tabel, mida saab kasutada nii siseruumides kui ka \u00f5ues. Lisaks kasutatakse nagu grill laua-v\u00f5i pitsa ahjus seista, seda saab kasutada ka toidu valmistamine, ladustamine, v\u00e4ljas s\u00f6\u00f6gituba ja rohkem, toitlustus, et oma erinevate v\u00e4ljas cooking vajadustele. <\/li>\n<li> Lisatasu Roostevabast Terasest Laua Peal: laua peal on valmistatud k\u00f5rge kvaliteediga roostevabast terasest, mis tagab vastupidavuse, rooste vastupanu, h\u00fcdroisolatsioonit\u00f6\u00f6d, ja on lihtne puhastada. Teie ohutuse, oleme hoolikalt poleeritud servad tabletop, et v\u00e4ltida v\u00f5imalikku k\u00e4e vigastused teravate servadega. <\/li>\n<li> Topeltkl\u00f5psake-kihiline Riiulid ja Rikkalik Lisavarustus: topelt-kihiline riiul struktuur on m\u00f5eldud selleks, et pakkuda piisavalt ruumi oma pitsa ahi, k\u00fcttepuud, grill, v\u00f5i toiduvalmistamise seadmed. Kaasaskantav modular k\u00e4ru on varustatud 4 konksu mis saab kasutada selleks, et riputada k\u00f6\u00f6k tarvikud ja erinevaid t\u00f6\u00f6riistu. Lisaks oleme valmis paber omanik, nuga hammas -, gaasi kanister omanik, ja avaja teie mugavuse huvides kasutamise ajal. <\/li>\n<li> Hea Kandev\u00f5ime: V\u00f5rreldes l\u00f6\u00f6k-valatud rattad, mida kasutab enamik sarnaste toodete turul, meil on t\u00e4iendatud k\u00f5rgema kvaliteediga s\u00fcsti vormitud rattad, mille kaal 130g ratta kohta, pakkudes hea kandev\u00f5ime <\/li>\n<li> v\u00f5imsus. Paneeli saab d\u00fcnaamiliselt kanda, kaal kuni 110 lbs. <\/li>\n<\/ul>","protected":false},"featured_media":296057,"comment_status":"closed","ping_status":"open","template":"","meta":{"om_disable_all_campaigns":false,"_monsterinsights_skip_tracking":false,"_monsterinsights_sitenote_active":false,"_monsterinsights_sitenote_note":"","_monsterinsights_sitenote_category":0,"_uf_show_specific_survey":0,"_uf_disable_surveys":false},"location":[1935,1934],"product_brand":[21],"product_cat":[2390,2392,2391,2389,2365],"product_tag":[],"class_list":{"0":"post-34847","1":"product","2":"type-product","3":"status-publish","4":"has-post-thumbnail","6":"location-supplier_stock_location","7":"location-local_stock_location","8":"product_brand-vevor","9":"product_cat-grill-accessories","10":"product_cat-grill-carts-grill-tables","11":"product_cat-grill-tables","12":"product_cat-outdoor-cooking","13":"product_cat-outdoors","15":"first","16":"instock","17":"taxable","18":"shipping-taxable","19":"purchasable","20":"product-type-simple"},"aioseo_notices":[],"jetpack_sharing_enabled":true,"locations":[{"id":1935,"name":"Pieg\u0101d\u0101t\u0101ja noliktav\u0101 (5-7dd)","slug":"supplier_stock_location","quantity":"126"},{"id":1934,"name":"R\u012bgas veikal\u0101 (0-2d.d.)","slug":"local_stock_location","quantity":"0"}],"_links":{"self":[{"href":"https:\/\/vevorshop.lv\/et\/wp-json\/wp\/v2\/product\/34847","targetHints":{"allow":["GET"]}}],"collection":[{"href":"https:\/\/vevorshop.lv\/et\/wp-json\/wp\/v2\/product"}],"about":[{"href":"https:\/\/vevorshop.lv\/et\/wp-json\/wp\/v2\/types\/product"}],"replies":[{"embeddable":true,"href":"https:\/\/vevorshop.lv\/et\/wp-json\/wp\/v2\/comments?post=34847"}],"wp:featuredmedia":[{"embeddable":true,"href":"https:\/\/vevorshop.lv\/et\/wp-json\/wp\/v2\/media\/296057"}],"wp:attachment":[{"href":"https:\/\/vevorshop.lv\/et\/wp-json\/wp\/v2\/media?parent=34847"}],"wp:term":[{"taxonomy":"location","embeddable":true,"href":"https:\/\/vevorshop.lv\/et\/wp-json\/wp\/v2\/location?post=34847"},{"taxonomy":"product_brand","embeddable":true,"href":"https:\/\/vevorshop.lv\/et\/wp-json\/wp\/v2\/product_brand?post=34847"},{"taxonomy":"product_cat","embeddable":true,"href":"https:\/\/vevorshop.lv\/et\/wp-json\/wp\/v2\/product_cat?post=34847"},{"taxonomy":"product_tag","embeddable":true,"href":"https:\/\/vevorshop.lv\/et\/wp-json\/wp\/v2\/product_tag?post=34847"}],"curies":[{"name":"wp","href":"https:\/\/api.w.org\/{rel}","templated":true}]}}