{"id":34855,"date":"2024-11-19T00:18:10","date_gmt":"2024-11-19T00:18:10","guid":{"rendered":"http:\/\/vevorshop.edigo.lv\/Prece\/vevor-inflatable-stand-up-paddle-board-10-6-x-33-x-6-wide-sup-paddleboard-with-removable-kayak-seat-board-accessories-pump-paddle-fin-backpack-ankle-leash-and-repair-kit-for-youth\/"},"modified":"2026-04-20T06:31:05","modified_gmt":"2026-04-20T03:31:05","slug":"vevor-inflatable-stand-up-paddle-board-10-6-x-33-x-6-wide-sup-paddleboard-with-removable-kayak-seat-board-accessories-pump-paddle-fin-backpack-ankle-leash-and-repair-kit-for-youth","status":"publish","type":"product","link":"https:\/\/vevorshop.lv\/et\/Prece\/vevor-taispuhutav-pustine-aerulaud-10-6-x-33-x-6-lai-sup-aerulaud-eemaldatava-sustaga-istmelaua-lisatarvikutega-pump-aeruribi-seljakott-pahkluu-rihm-ja-remondikomplekt-noortele\/","title":{"rendered":"VEVOR 323x84x15 cm t\u00e4ispuhutav SUP laud kajakiistme, aeru, pumba, seljakoti ja tarvikutega t\u00e4iskasvanutele ja noortele"},"content":{"rendered":"<div style=\"color: #fff!important; font-size: 16px; height: 24px; line-height: 24px; margin-top: -24px; \" class=\"product_original_name\">VEVOR t\u00e4ispuhutav p\u00fcstine aerulaud, 10,6' x 33 \"x 6\" lai SUP-aerulaud eemaldatava s\u00fcstaistme, lauaaksessuaaride, pumba, aeru, uime, seljakoti, pahkluu rihma ja remondikomplektiga noortele ja t\u00e4iskasvanutele<\/div>\n<div style=\"color: #fff!important; font-size: 16px; height: 24px; line-height: 24px; margin-top: -24px; \" class=\"product_sku\">M4I4L768<\/div>\n<div style=\"color: #fff!important; font-size: 16px; height: 24px; line-height: 24px; margin-top: -24px; \" class=\"product_mpn\">CQJBDZYKDZYK39IDTV0<\/div><div id=\"js-DM_at-goodDescRich\"><html><head><style>  body {    font-family: Arial;    line-height: 1.5;    color: #1c1c1c;    overflow-x: hidden;    margin: 0;    padding: 0;  }  .MsoNormal b {    font-weight: bolder;  }<\/style><style>  .container.small {    width: 970px;    margin: 0 auto;  }  .logo {    margin: 0 auto 0;  }  .logo img {    display: block;    margin: 0 auto;    max-width: 100%;  }  .logo .pc-banner {    display: block;    width: 1200px;    height: 247.4px;    margin: 0 auto;  }  .logo .pc-banner.small {    width: 970px;  }  .logo .pc-banner.small img {    height: auto!important;  }  .logo .m-banner {    display: none;  }  .ytvideo {    position: relative;    height: 546px;    width: 100%;    margin: 0 auto;  }  .ytvideo img {    width: 100%;    margin: 0 auto;  }  .ytvideo .play-btn {    width: 60px;    height: 42px;    position: absolute;    top: 50%;    left: 50%;    transform: translate(-50%, -50%);    background: url(\"data:image\/png;base64,iVBORw0KGgoAAAANSUhEUgAAAGQAAABGCAMAAAANWMFbAAAC+lBMVEUAAADBGB3kLCfBGB3kLCfcJC7BFx3KKSbiKybkLCbWJCPSIiLSIiLPICHAFx3kLCfgKSXNHiDZJiTIGx\/p4eHcjo7LHSDbJyTkLCbjKyfOHyHPIiL28fHJHB\/GGh7EGR7eKCXDGB3RISHlLSbBGB3AFxzGHB7DGB7BGB3hKybkKybAFx3lLCfAFxzDGR3hKibDGB7cJyTmz8\/elJTlwcHjurrUIyLlLSflLSfAFx3DGR7lLSfCFx3hKibhKibhKybjKybkLCblLSfbJSX49vbx7e3NNzjNMTLMJyjVIyLZf3\/ZQ0LaeHjx0tLgoqLkLCfCGB3HGx\/BGB3BFx3PICHCGB7WJCLOHyC\/Fxy\/Fx3lLCfQISHkLSe\/FxzbJiTBFx3FGx\/AGB7BFx3EGR7AGB3HHSDfKiXAFh3TISHYNzbhKibbJyTTIiL57e325+f039\/v2NjUV1fOHiHiqanfmprch4feKSXVIyPOICHmLibFGh\/mLSe\/Fx7XJCPeKSXXJSPNHyHaJyTGGh7lLCbmLCflLSjSIiLkLCbdKSXLHiC\/GB3KHh++Fh3lKyfoLiXcKCPkx8fYb2\/XaGfVXl3aU1LLHiDksbHgKibPICHbJyTfKSXbJyTCGB3KHSDiKybFGh7TIiL\/\/\/\/VIyPRISHIHB\/GGx\/HHB\/DGR7gKibdKCXLHiDZJiTMHiDNHyHYJSTOICHPICHWJCPcKCXXJSPjLCblLCf+\/f3NGR\/uLijzLynPGR\/IGB7WISHaIyLLGh7UAADxLynNAADRLzDbICLQAADIAAD3MCrUHSHXMTDpKSbLAADp5OTij4\/ejo\/VLy\/1LyngJSTcJCPQHx\/OHB7+\/PzaMS\/OLS\/vLijrLSjSAADaNTPwLyjkKSbNJCbYISHPHB\/KGB7WAAD7+vrn3d3aKynTKCjoLCfsKifRGh\/YAADq5+fhjo7QNDXXKCfmJyXt5+fTLzDLLi\/QKivYHRvMGBrQJCXLISPMExXLDxLaEAvkkI\/bOTfaFQ\/SCgpvLcnHAAAAmnRSTlMA+vv7+gT9Bvf9+8z8\/NSv\/Pr5+P7++vnQIBMP\/v38\/Pn348XDiCYf9OjbzcqxXVcx\/fz8+\/rj1r2poo1+fXFqX0orGP7+\/v7+\/fz8+\/r68uzn4trIxsG\/vri3p6GcmZSNbWVYUUZEPQv+\/f39+\/v7+\/v7+vr64tvV1NTTz87FtbSurqeblJKFg4B3bUY+NjL7+\/v7+\/v67t1cDo8JLQAABkRJREFUWMO0kz9rwkAYh0OIeJkum6YugUAhISCdKoj\/P4C7SMdS+gEKIhSKil10LSg4mzXkILdlEpxCpwTiWOLX6BujvQaEQuGeHLnL+\/64J+SIcKGYTYWnntpdLjrVdqvZmNdn0+EE40GtpuuWVS6Xx6N7YDSGpWXpeq02wHgynM7q80az1a52HpddtVcpsi1zFARBrdaxbhp9iUReTGmwA4KAAr7vx3EYejnCMI6hQYEgy0LQi4jUN0wL19vqFcUC9\/1dAKmEEFkWRYkh5oBejnxQJiSJPJ\/uKBp0Thszx9Mw8hMRIQjKsptCfuES9zr5WJY6vSFCIvE9fCMUmEM1A1kSXcYGxgVYsvI1IPKTZciSTI0us\/SMGG04gDzELDoFBwdcFJrF88dqgYMTiL6DILWYyfOWE8\/kIz38olCNlC03FK95+imxp6y4oUSvAnBjHHhKNtotSDqJzVFiK8c2SBqhZtsrTtgrLXwAyduxZHNE26eHUt5rtuM4WSmds3G+sUdWYo1L+XyxButoh5eKUHk5lByO3G1LqqCWVnfrv\/lyPtf\/4ps1cndNGIri8J1TJ0lx6dR\/oPjq1nbRwdp2dCk4CtIOLW3pVKRL6WZfS5vF2KkIQhpwSsjiYIgNCs1gEMGqiIq24NQX9NwoXFy8Ufrl3twTcg4fv8T9\/JBEySduj6Mjm4bMzYV7EEOxKjjoNDud7yY3Dy71Hq2oLmqfbNR723edH9PgMrNL2utoQ3VmaIDkiw\/4w51P06hlZsTZvkRrbVuSIs\/zwSOsycgzStQouoAkWQqioRT5XI7n2Z1wfVhoZmcAJLsoqjqpjbWCgpOAJXBwHK8PzWbNvoUZJND5wCnSkLAkZ1legx6vqQzjoiTahKlGUGLAiIIoABOHaNVw4sexZBym6\/HWlH5h3IC7yRbxtipcWxdTOkORKiNQAEkFf66x5S2oeRbroOlLgg0sSYkR0hRGEqJZ0jTPiQKatESdBckpWigxaapEH0lImHdWu9pUFF2XqMNM2Z4kped7IwEJw2qabwtrQqnpw6HyKkgcadKWsmpywwesDyIhYRpdzXddqegtGIJlXbAIUMOLkGxJUjRIkokwjUaX9d\/kK62ps\/tYUqZLIMkLTyBhsMZ3C5Z\/kDxOSCb\/DOs\/\/J0qcWSX\/2ipe56EgTCA4\/cB7NAYOsni4mZM1MUPAISoEwkDi4lhVBQ1cWQyIcwalw4EpqZN68JUSK7XC0kTlkLYii5uXSC8jT5ncCAS7mjCv0uHp\/3lueHEEAeQ\/\/VgmdN71\/2uCSA1Xr6DO6uI6sW56zqT2tp2PhgiRUAajV8CY2fkcz6WGNKMgLAt7tJAhD4YHMTeRxlALE6+43WqjSWi8ITxyJl8WrwWSNESQZZOqhDDntO3hJLsd5RtSpbJqdv3YrDJH3F7jL1R2O2aQkn2MyCyKYz0GPGIvSAMgBCrCEiJyKbBaYGwLW4uPRr0A0M4Ux5kUI7IBh+hMdiCEWNqhMZGyYMsOgNE58UQuEQeUnSWCMYwL54hkxK6IoqucQZbQ3pc3XtL0lky1dL0zZJJDpWJovFqpWj6JEHnyam2eQp5QRVAVHjWparTOaVwUOx99YS2MvgxIGV0bb+qIg2HX2qkFFJB+XZcbLiuRkuxD9GRroKyveLxdh4d7Orx+hb7qc3uVRuEogCOnyIxm4ubUoPgF4jianDrC+SDQDKEfJb0GUKmjCGPYHGJvVC6X4hw1\/sAfQAdfYyephIaspXe36RwOP+Ljvfx9B6B3i+Nk0DGq+oCbLn6JpBa9nWAveAIHwFAwtVcIJXPMPL8kRu5OAYPMaL1WScTxjiZDqB9LTJSWphow\/pTYKRTLjCBhvi9iBidvKcDasGSm0QQkycYuLBqj6QCELPctqChDWpTRMWkngNNpQ1Pfp1KkiT\/Y0DGffXAweUNfLAfaJFKDwhb6I+bkYRbkERoEeu3Fyjg2opMz2daZCS9jt6Q7txNfB+OZEVF6Zl5web2xunnLQrtrjXseXKaFYziYINeMFZVxS9VxRhOoesYwxPKXm+gWLG9cuFeq93UNNeJNsf1KlwuDok9n02n3TgIJpOxNfL9naIoQwXtfH9kjceTIIi709ncTg6LZbg+biLH1V6u\/7rxBem06VXKn9raAAAAAElFTkSuQmCC\")      no-repeat center center \/ contain;  }  @media screen and (max-width: 960px) and (orientation: portrait) {    .logo {      width: 100%;    }    .logo .pc-banner {      display: none;    }    .logo .m-banner {      display: block;      width: 100%;    }    .logo .m-banner img {      height: auto!important;    }    .ytvideo {      height: 200px;      width: 100%;    }  }<\/style><style>  .video-section {    width: 100%;    margin: 0 auto;  }  .video-section > img {    width: 100%;  }  .video-section iframe,  .video-section video {    width: 100%;    height: 100%;      }  .video-section-img-m,  .video-section-img-pc > img {    width: 100%;    height: auto;  }  .video-section-img-pc.small > img {    width: 970px;  }  .video-desc {    line-height: 1.5;    font-size: 20px;    font-weight: 400;    margin: 20px 0;    text-align: center;    color: #0f1111;    word-break: break-word;  }  @media screen and (max-width: 960px) and (orientation: portrait) {    .video-section {      width: 100%;    }    .video-section-pc,    .video-section-img-pc {      display: none;    }    .video-section-m,    .video-section-img-m {      display: block;    }    .video-desc {      font-size: 15px;    }  }  @media screen and (min-width: 960px) {    .video-section {      width: 100%;      margin: 0 auto;    }    .video-section-pc,    .video-section-img-pc {      display: block;    }    .video-section-m,    .video-section-img-m {      display: none;    }    .video-desc {      font-size: 20px;    }  }<\/style><style>  .section + .section {    margin-top: 35px;  }  .section-title {    text-align: center;    font-weight: bold;    color: #0d1111;    font-family: \"Arial\";    font-size: 32px;    margin: 15px 0;  }  .section-title:empty {    display: none;  }  .section-desc {    text-align: center;    font-weight: normal;    color: #0d1111;    margin-top: 20px;  }  .section-desc:empty {    display: none;  }  .section-img {    width: 1200px;    height: 492px;    margin: 0 auto;    display: block;  }  .section-img.small {    width: 970px;    height: auto;  }  .section-img.small > img {    height: auto;  }  .section-img > img {    width: 100%;    height: 100%;  }  .section-mobile-img {    display: none;    max-width: 100vw;    max-height: 75vw;    height: 450px;    margin: 0 auto;  }  .section-mobile-img > img {    width: 100%;    height: 100%;  }  @media screen and (max-width: 960px) and (orientation: portrait) {    .container {      width: 100%;    }    .container.small {      width: 100%;    }    .section-mobile-img {      display: block;    }    .section-img {      display: none;    }    .section-title {      font-size: 22px;      margin: 10px 0;    }    .section-desc {      margin-top: 10px;    }    .section + .section {      margin-top: 20px;    }  }<\/style><\/head><body><div class=\"container\"><div class=\"logo\"><div class=\"pc-banner\"><div><img decoding=\"async\" src=\"\/vevor\/vevor\/boutique-banner\/pc\/en-pc@1x.jpg\" style=\"width: 100%;\" \/><\/div><\/div><div class=\"m-banner\"><div><img decoding=\"async\" src=\"\/vevor\/vevor\/boutique-banner\/mobile\/en-m@1x.jpg\" style=\"width: 100%;\" \/><\/div><\/div><\/div><div class=\"section-title\">Tasakaal T\u00e4iuslik, Seiklused Piiramatu<\/div><div class=\"video-section\"><div class=\"video-section-img-pc\"><img decoding=\"async\" src=\"\/vevor\/product\/CQJBDZYKDZYK39IDT\/paddle-board-a100-1.4.jpg\" \/><\/div><div class=\"video-section-img-m\"><img decoding=\"async\" src=\"\/vevor\/product\/CQJBDZYKDZYK39IDT\/paddle-board-a100-1.4-m.jpg\" \/><\/div><div class=\"section-desc\">T\u00e4ispuhutav labaplaat on kuni 6 tolli paksune, k\u00f5vaduse parandamiseks on traadi t\u00f5mbamise protsess. Pind on kaetud UV-vastaste kihtidega, nii et saate nautida vee seiklusi erinevates veekeskkondades, sealhulgas ookeanides, j\u00e4rvedes ja j\u00f5gedes, kartmata \u00f5hu lekkimist v\u00f5i deformatsiooni.<\/div><\/div><div class=\"section\"><div class=\"section-title\"><\/div><div class=\"section-img\"><img decoding=\"async\" src=\"\/vevor\/product\/CQJBDZYKDZYK39IDT\/paddle-board-a100-2.2.jpg\" \/><\/div><div class=\"section-mobile-img\"><img decoding=\"async\" src=\"\/vevor\/product\/CQJBDZYKDZYK39IDT\/paddle-board-a100-2.2-m.jpg\" \/><\/div><div class=\"section-desc\">Paigaldage varustatud iste lihtsalt ja nautige kruiisimise v\u00f5i kalap\u00fc\u00fcgi ajal istumise mugavust. Suur ja libisemiskindel tekimatt tagab stabiilsuse olenemata sellest, kas istute v\u00f5i seisate, ning suur sabauim v\u00f5imaldab pingutuseta suunajuhtimist.<\/div><\/div><div class=\"section\"><div class=\"section-title\"><\/div><div class=\"section-img\"><img decoding=\"async\" src=\"\/vevor\/product\/CQJBDZYKDZYK39IDT\/paddle-board-a100-2.3.jpg\" \/><\/div><div class=\"section-mobile-img\"><img decoding=\"async\" src=\"\/vevor\/product\/CQJBDZYKDZYK39IDT\/paddle-board-a100-2.3-m.jpg\" \/><\/div><div class=\"section-desc\">Kergesti transporditav, seda p\u00fcstist aerulauda saab t\u00e4ispuhumisel kinnitada katusele, kaasaskandmiseks mugava k\u00e4epidemega. See volditakse t\u00fchjendamisel kompaktselt kaasasolevasse seljakotti, muutes reisimise ja ladustamise imelihtsaks.<\/div><\/div><div class=\"section\"><div class=\"section-title\"><\/div><div class=\"section-img\"><img decoding=\"async\" src=\"\/vevor\/product\/CQJBDZYKDZYK39IDT\/paddle-board-a100-2.4.jpg\" \/><\/div><div class=\"section-mobile-img\"><img decoding=\"async\" src=\"\/vevor\/product\/CQJBDZYKDZYK39IDT\/paddle-board-a100-2.4-m.jpg\" \/><\/div><div class=\"section-desc\">Kaasas kvaliteetne \u00f5hupump kiireks t\u00e4itmiseks. K\u00f5rge \u00f5hutihedusega klapp tagab t\u00e4ispuhutava surfilaua t\u00e4ispuhumise, toetades r\u00f5huvahemikku 12-15psi, kusjuures n\u00e4idikul on saadaval selged r\u00f5hun\u00e4idud.<\/div><\/div><div class=\"section\"><div class=\"section-title\"><\/div><div class=\"section-img\"><img decoding=\"async\" src=\"\/vevor\/product\/CQJBDZYKDZYK39IDT\/paddle-board-a100-2.5.jpg\" \/><\/div><div class=\"section-mobile-img\"><img decoding=\"async\" src=\"\/vevor\/product\/CQJBDZYKDZYK39IDT\/paddle-board-a100-2.5-m.jpg\" \/><\/div><div class=\"section-desc\">Alumiiniumisulamist m\u00f5la ei ole mitte ainult roostekindel ja kerge, vaid on t\u00e4nu \u00f5\u00f5nsale konstruktsioonile m\u00f5eldud ka h\u00f5ljuma. Selle paks l\u00e4bim\u00f5\u00f5t hoiab \u00e4ra kerge deformatsiooni, tagades pikaajalise vastupidavuse.<\/div><\/div><div class=\"section\"><div class=\"section-img\"><img decoding=\"async\" src=\"\/vevor\/product\/CQJBDZYKDZYK39IDT\/paddle-board-a100-1.11.jpg\" \/><\/div><div class=\"section-mobile-img\"><img decoding=\"async\" src=\"\/vevor\/product\/CQJBDZYKDZYK39IDT\/paddle-board-a100-1.11-m.jpg\" \/><\/div><\/div><\/div><\/body><\/html><\/div>\n<div class=\"DM_at-title\" id=\"js-DM_at-title\"> <div>Toote spetsifikatsioon<\/div> <i class=\"icon-arrowup_line\"><\/i> <\/div><div class=\"DM_at-goodsDescAttr\" id=\"js-DM_at-goodsDescAttr\"> <div class=\"DM_at-goodsDescAttrInner\"> <dl class=\"goodsDesc_item goodsDesc_item_even\"> <dt>Punkt Mudeli Number<\/dt> <dd> SUP-320S<\/dd> <\/dl> <dl class=\"goodsDesc_item\"> <dt>Pikkus<\/dt> <dd> 10,6 jalga\/3230,8 mm<\/dd> <\/dl> <dl class=\"goodsDesc_item goodsDesc_item_even\"> <dt>Laius<\/dt> <dd> 33 tolli\/838,2 mm<\/dd> <\/dl> <dl class=\"goodsDesc_item\"> <dt>Paksus<\/dt> <dd> 6\/152.4 mm<\/dd> <\/dl> <dl class=\"goodsDesc_item goodsDesc_item_even\"> <dt>V\u00f5imsus<\/dt> <dd> 350 lbs\/158.8 kg<\/dd> <\/dl> <dl class=\"goodsDesc_item\"> <dt>Operatsiooni Survet<\/dt> <dd> 12-15 psi<\/dd> <\/dl> <dl class=\"goodsDesc_item goodsDesc_item_even\"> <dt>Maks. R\u00f5hk<\/dt> <dd> 15 psi<\/dd> <\/dl> <dl class=\"goodsDesc_item\"> <dt>Juhatuse Materjal<\/dt> <dd> PVC<\/dd> <\/dl> <dl class=\"goodsDesc_item goodsDesc_item_even\"> <dt>Aeru materjal<\/dt> <dd> Alumiinium<\/dd> <\/dl> <dl class=\"goodsDesc_item\"> <dt>Neto Kaal<\/dt> <dd> 25,7 naela\/11,67 kg<\/dd> <\/dl> <dl class=\"goodsDesc_item goodsDesc_item_even\"> <dt>Toote M\u00f5\u00f5tmed (T\u00e4is)<\/dt> <dd> 127,2\u00d733\u00d76 tolli\/3230\u00d7838\u00d7152 mm<\/dd> <\/dl> <\/div> <\/div>","protected":false},"excerpt":{"rendered":"<ul>\n<li> Istumine v\u00f5i seismine: meie 10,6 jalga\/3230,8 mm pikk, 33 tolli\/838,2 mm lai ja 6 tolli\/152,4 mm paksune t\u00e4ispuhutav aerulaud on suure pindalaga, mis tagab erakordse tasakaalu ja stabiilsuse. Kandev\u00f5imega kuni 350 naela\/158,8 kg sobib see suurep\u00e4raselt individuaalseks v\u00f5i perekondlikuks tegevuseks. Mitmek\u00fclgne lahendus reisimiseks, meelelahutuseks, kalastamiseks, p\u00e4evitamiseks ja joogaks. Aerulaual on ka iste, mida saab h\u00f5lpsasti kinnitada D-pandlate kaudu sup-laual, pakkudes mugavust ja mitmek\u00fclgsust igaks seikluseks. <\/li>\n<li> S\u00f5jalise klassi vastupidavus: ehitatud raskeveokite PVC-st ja kasutades sisemiselt kvaliteetset traadi t\u00f5mbamisprotsessi, on meie p\u00fcstine laba loodud deformatsioonidele ja kahjustustele vastu pidama. Selle paks PVC-pind v\u00f5itleb lainel\u00f6\u00f6gi, soolase vee korrosiooni ja liiva h\u00f5\u00f5rdumise vastu, tagades samal ajal k\u00f5rge \u00f5hutiheduse. Libisemiskindel padi pinnal tagab t\u00e4iendava ohutuse. <\/li>\n<li> Algaja-s\u00f5bralikud omadused: Varustatud kolme algaja-s\u00f5braliku funktsiooniga, mis tagavad aerulaua kiire ja ohutu valdamise. Eemaldatav suur sabauim pakub paindlikku juhtimist, samas kui eesmine puhverpea silub vee kohal, et minimeerida lainetest p\u00f5hjustatud ebastabiilsust. Ohutuse suurendamiseks \u00fchendab Velcro turvapahkluu rihm teid kindlalt lauaga. M\u00e4rkus: Algajad peaksid alustama rahulikust veest. <\/li>\n<li> Mugav ja kiire t\u00e4ispuhumine: saavutage optimaalne inflatsioon (12-15psi) kiiresti kaasasoleva kvaliteetse \u00f5hupumbaga, mis on kiireks t\u00e4ispuhumiseks h\u00f5lpsasti \u00f5huklapiga \u00fchendatud. Manomeeter v\u00f5imaldab t\u00e4pset j\u00e4lgimist. Kerge ja rihma k\u00e4epidemega varustatud t\u00e4iskasvanute ja noorte labalauad on vaevata kaasaskantavad, volditakse reisimiseks kompaktselt kaasasolevasse lisakotti. <\/li>\n<li> P\u00f5hjalik tarvikute komplekt: meie t\u00e4ispuhutav sup-laud on varustatud alumiiniumist m\u00f5la, pumba, istme, hoiukuivkoti, telefonikoti, seljakoti, pahkluu rihma ja mutriv\u00f5tmega, tagades, et olete oma veeseiklusteks t\u00e4ielikult varustatud ilma lisavarustust vajamata. <\/li>\n<\/ul>","protected":false},"featured_media":296069,"comment_status":"closed","ping_status":"open","template":"","meta":{"om_disable_all_campaigns":false,"_uf_show_specific_survey":0,"_uf_disable_surveys":false},"location":[1935,1934],"product_brand":[21],"product_cat":[2378,3947,2617],"product_tag":[],"class_list":{"0":"post-34855","1":"product","2":"type-product","3":"status-publish","4":"has-post-thumbnail","6":"location-supplier_stock_location","7":"location-local_stock_location","8":"product_brand-vevor","9":"product_cat-sports-outdoors","10":"product_cat-stand-up-paddleboards-water-sports-sports-outdoors","11":"product_cat-water-sports-sports-outdoors","13":"first","14":"outofstock","15":"taxable","16":"shipping-taxable","17":"purchasable","18":"product-type-simple"},"aioseo_notices":[],"locations":[{"id":1935,"name":"Pieg\u0101d\u0101t\u0101ja noliktav\u0101 (5-7dd)","slug":"supplier_stock_location","quantity":"0"},{"id":1934,"name":"R\u012bgas veikal\u0101 (0-2d.d.)","slug":"local_stock_location","quantity":"0"}],"_links":{"self":[{"href":"https:\/\/vevorshop.lv\/et\/wp-json\/wp\/v2\/product\/34855","targetHints":{"allow":["GET"]}}],"collection":[{"href":"https:\/\/vevorshop.lv\/et\/wp-json\/wp\/v2\/product"}],"about":[{"href":"https:\/\/vevorshop.lv\/et\/wp-json\/wp\/v2\/types\/product"}],"replies":[{"embeddable":true,"href":"https:\/\/vevorshop.lv\/et\/wp-json\/wp\/v2\/comments?post=34855"}],"wp:featuredmedia":[{"embeddable":true,"href":"https:\/\/vevorshop.lv\/et\/wp-json\/wp\/v2\/media\/296069"}],"wp:attachment":[{"href":"https:\/\/vevorshop.lv\/et\/wp-json\/wp\/v2\/media?parent=34855"}],"wp:term":[{"taxonomy":"location","embeddable":true,"href":"https:\/\/vevorshop.lv\/et\/wp-json\/wp\/v2\/location?post=34855"},{"taxonomy":"product_brand","embeddable":true,"href":"https:\/\/vevorshop.lv\/et\/wp-json\/wp\/v2\/product_brand?post=34855"},{"taxonomy":"product_cat","embeddable":true,"href":"https:\/\/vevorshop.lv\/et\/wp-json\/wp\/v2\/product_cat?post=34855"},{"taxonomy":"product_tag","embeddable":true,"href":"https:\/\/vevorshop.lv\/et\/wp-json\/wp\/v2\/product_tag?post=34855"}],"curies":[{"name":"wp","href":"https:\/\/api.w.org\/{rel}","templated":true}]}}