{"id":35769,"date":"2024-11-19T01:07:13","date_gmt":"2024-11-19T01:07:13","guid":{"rendered":"http:\/\/vevorshop.edigo.lv\/Prece\/vevor-double-door-handle-set-matte-black-square-door-lever-double-front-door-handle-set-with-reversible-handle-lever-heavy-duty-double-door-lock-set-with-dummy-for-office-door-or-front-door\/"},"modified":"2026-04-20T06:22:15","modified_gmt":"2026-04-20T03:22:15","slug":"vevor-double-door-handle-set-matte-black-square-door-lever-double-front-door-handle-set-with-reversible-handle-lever-heavy-duty-double-door-lock-set-with-dummy-for-office-door-or-front-door","status":"publish","type":"product","link":"https:\/\/vevorshop.lv\/et\/Prece\/vevor-double-door-handle-set-matte-black-square-door-lever-double-front-door-handle-set-with-reversible-handle-lever-heavy-duty-double-door-lock-set-with-dummy-for-office-door-or-front-door\/","title":{"rendered":"VEVOR mattmust topeltuste k\u00e4epidemete komplekt p\u00f6\u00f6ratava ruudukujulise lingiga, tsingisulamist lukukomplekt koos dekoratiivosaga esi- v\u00f5i kontoriustele"},"content":{"rendered":"<div style=\"color: #fff!important; font-size: 16px; height: 24px; line-height: 24px; margin-top: -24px; \" class=\"product_original_name\">VEVOR Double Door Handle Set, Matte Black Square Door Lever, Double Front Door Handle Set with Reversible Handle Lever, Heavy Duty Double Door Lock Set with Dummy, for Office Door or Front Door<\/div>\n<div style=\"color: #fff!important; font-size: 16px; height: 24px; line-height: 24px; margin-top: -24px; \" class=\"product_sku\">M4I4L8FM<\/div>\n<div style=\"color: #fff!important; font-size: 16px; height: 24px; line-height: 24px; margin-top: -24px; \" class=\"product_mpn\">SMSBYGHDSFXLKVAWEV0<\/div><div id=\"js-DM_at-goodDescRich\"><html><head><style>  body {    font-family: Arial;    line-height: 1.5;    color: #1c1c1c;    overflow-x: hidden;    margin: 0;    padding: 0;  }  .MsoNormal b {    font-weight: bolder;  }<\/style><style>  .container.small {    width: 970px;    margin: 0 auto;  }  .logo {    margin: 0 auto 0;  }  .logo img {    display: block;    margin: 0 auto;    max-width: 100%;  }  .logo .pc-banner {    display: block;    width: 1200px;    height: 247.4px;    margin: 0 auto;  }  .logo .pc-banner.small {    width: 970px;  }  .logo .pc-banner.small img {    height: auto!important;  }  .logo .m-banner {    display: none;  }  .ytvideo {    position: relative;    height: 546px;    width: 100%;    margin: 0 auto;  }  .ytvideo img {    width: 100%;    margin: 0 auto;  }  .ytvideo .play-btn {    width: 60px;    height: 42px;    position: absolute;    top: 50%;    left: 50%;    transform: translate(-50%, -50%);    background: url(\"data:image\/png;base64,iVBORw0KGgoAAAANSUhEUgAAAGQAAABGCAMAAAANWMFbAAAC+lBMVEUAAADBGB3kLCfBGB3kLCfcJC7BFx3KKSbiKybkLCbWJCPSIiLSIiLPICHAFx3kLCfgKSXNHiDZJiTIGx\/p4eHcjo7LHSDbJyTkLCbjKyfOHyHPIiL28fHJHB\/GGh7EGR7eKCXDGB3RISHlLSbBGB3AFxzGHB7DGB7BGB3hKybkKybAFx3lLCfAFxzDGR3hKibDGB7cJyTmz8\/elJTlwcHjurrUIyLlLSflLSfAFx3DGR7lLSfCFx3hKibhKibhKybjKybkLCblLSfbJSX49vbx7e3NNzjNMTLMJyjVIyLZf3\/ZQ0LaeHjx0tLgoqLkLCfCGB3HGx\/BGB3BFx3PICHCGB7WJCLOHyC\/Fxy\/Fx3lLCfQISHkLSe\/FxzbJiTBFx3FGx\/AGB7BFx3EGR7AGB3HHSDfKiXAFh3TISHYNzbhKibbJyTTIiL57e325+f039\/v2NjUV1fOHiHiqanfmprch4feKSXVIyPOICHmLibFGh\/mLSe\/Fx7XJCPeKSXXJSPNHyHaJyTGGh7lLCbmLCflLSjSIiLkLCbdKSXLHiC\/GB3KHh++Fh3lKyfoLiXcKCPkx8fYb2\/XaGfVXl3aU1LLHiDksbHgKibPICHbJyTfKSXbJyTCGB3KHSDiKybFGh7TIiL\/\/\/\/VIyPRISHIHB\/GGx\/HHB\/DGR7gKibdKCXLHiDZJiTMHiDNHyHYJSTOICHPICHWJCPcKCXXJSPjLCblLCf+\/f3NGR\/uLijzLynPGR\/IGB7WISHaIyLLGh7UAADxLynNAADRLzDbICLQAADIAAD3MCrUHSHXMTDpKSbLAADp5OTij4\/ejo\/VLy\/1LyngJSTcJCPQHx\/OHB7+\/PzaMS\/OLS\/vLijrLSjSAADaNTPwLyjkKSbNJCbYISHPHB\/KGB7WAAD7+vrn3d3aKynTKCjoLCfsKifRGh\/YAADq5+fhjo7QNDXXKCfmJyXt5+fTLzDLLi\/QKivYHRvMGBrQJCXLISPMExXLDxLaEAvkkI\/bOTfaFQ\/SCgpvLcnHAAAAmnRSTlMA+vv7+gT9Bvf9+8z8\/NSv\/Pr5+P7++vnQIBMP\/v38\/Pn348XDiCYf9OjbzcqxXVcx\/fz8+\/rj1r2poo1+fXFqX0orGP7+\/v7+\/fz8+\/r68uzn4trIxsG\/vri3p6GcmZSNbWVYUUZEPQv+\/f39+\/v7+\/v7+vr64tvV1NTTz87FtbSurqeblJKFg4B3bUY+NjL7+\/v7+\/v67t1cDo8JLQAABkRJREFUWMO0kz9rwkAYh0OIeJkum6YugUAhISCdKoj\/P4C7SMdS+gEKIhSKil10LSg4mzXkILdlEpxCpwTiWOLX6BujvQaEQuGeHLnL+\/64J+SIcKGYTYWnntpdLjrVdqvZmNdn0+EE40GtpuuWVS6Xx6N7YDSGpWXpeq02wHgynM7q80az1a52HpddtVcpsi1zFARBrdaxbhp9iUReTGmwA4KAAr7vx3EYejnCMI6hQYEgy0LQi4jUN0wL19vqFcUC9\/1dAKmEEFkWRYkh5oBejnxQJiSJPJ\/uKBp0Thszx9Mw8hMRIQjKsptCfuES9zr5WJY6vSFCIvE9fCMUmEM1A1kSXcYGxgVYsvI1IPKTZciSTI0us\/SMGG04gDzELDoFBwdcFJrF88dqgYMTiL6DILWYyfOWE8\/kIz38olCNlC03FK95+imxp6y4oUSvAnBjHHhKNtotSDqJzVFiK8c2SBqhZtsrTtgrLXwAyduxZHNE26eHUt5rtuM4WSmds3G+sUdWYo1L+XyxButoh5eKUHk5lByO3G1LqqCWVnfrv\/lyPtf\/4ps1cndNGIri8J1TJ0lx6dR\/oPjq1nbRwdp2dCk4CtIOLW3pVKRL6WZfS5vF2KkIQhpwSsjiYIgNCs1gEMGqiIq24NQX9NwoXFy8Ufrl3twTcg4fv8T9\/JBEySduj6Mjm4bMzYV7EEOxKjjoNDud7yY3Dy71Hq2oLmqfbNR723edH9PgMrNL2utoQ3VmaIDkiw\/4w51P06hlZsTZvkRrbVuSIs\/zwSOsycgzStQouoAkWQqioRT5XI7n2Z1wfVhoZmcAJLsoqjqpjbWCgpOAJXBwHK8PzWbNvoUZJND5wCnSkLAkZ1legx6vqQzjoiTahKlGUGLAiIIoABOHaNVw4sexZBym6\/HWlH5h3IC7yRbxtipcWxdTOkORKiNQAEkFf66x5S2oeRbroOlLgg0sSYkR0hRGEqJZ0jTPiQKatESdBckpWigxaapEH0lImHdWu9pUFF2XqMNM2Z4kped7IwEJw2qabwtrQqnpw6HyKkgcadKWsmpywwesDyIhYRpdzXddqegtGIJlXbAIUMOLkGxJUjRIkokwjUaX9d\/kK62ps\/tYUqZLIMkLTyBhsMZ3C5Z\/kDxOSCb\/DOs\/\/J0qcWSX\/2ipe56EgTCA4\/cB7NAYOsni4mZM1MUPAISoEwkDi4lhVBQ1cWQyIcwalw4EpqZN68JUSK7XC0kTlkLYii5uXSC8jT5ncCAS7mjCv0uHp\/3lueHEEAeQ\/\/VgmdN71\/2uCSA1Xr6DO6uI6sW56zqT2tp2PhgiRUAajV8CY2fkcz6WGNKMgLAt7tJAhD4YHMTeRxlALE6+43WqjSWi8ITxyJl8WrwWSNESQZZOqhDDntO3hJLsd5RtSpbJqdv3YrDJH3F7jL1R2O2aQkn2MyCyKYz0GPGIvSAMgBCrCEiJyKbBaYGwLW4uPRr0A0M4Ux5kUI7IBh+hMdiCEWNqhMZGyYMsOgNE58UQuEQeUnSWCMYwL54hkxK6IoqucQZbQ3pc3XtL0lky1dL0zZJJDpWJovFqpWj6JEHnyam2eQp5QRVAVHjWparTOaVwUOx99YS2MvgxIGV0bb+qIg2HX2qkFFJB+XZcbLiuRkuxD9GRroKyveLxdh4d7Orx+hb7qc3uVRuEogCOnyIxm4ubUoPgF4jianDrC+SDQDKEfJb0GUKmjCGPYHGJvVC6X4hw1\/sAfQAdfYyephIaspXe36RwOP+Ljvfx9B6B3i+Nk0DGq+oCbLn6JpBa9nWAveAIHwFAwtVcIJXPMPL8kRu5OAYPMaL1WScTxjiZDqB9LTJSWphow\/pTYKRTLjCBhvi9iBidvKcDasGSm0QQkycYuLBqj6QCELPctqChDWpTRMWkngNNpQ1Pfp1KkiT\/Y0DGffXAweUNfLAfaJFKDwhb6I+bkYRbkERoEeu3Fyjg2opMz2daZCS9jt6Q7txNfB+OZEVF6Zl5web2xunnLQrtrjXseXKaFYziYINeMFZVxS9VxRhOoesYwxPKXm+gWLG9cuFeq93UNNeJNsf1KlwuDok9n02n3TgIJpOxNfL9naIoQwXtfH9kjceTIIi709ncTg6LZbg+biLH1V6u\/7rxBem06VXKn9raAAAAAElFTkSuQmCC\")      no-repeat center center \/ contain;  }  @media screen and (max-width: 960px) and (orientation: portrait) {    .logo {      width: 100%;    }    .logo .pc-banner {      display: none;    }    .logo .m-banner {      display: block;      width: 100%;    }    .logo .m-banner img {      height: auto!important;    }    .ytvideo {      height: 200px;      width: 100%;    }  }<\/style><style>  .video-section {    width: 100%;    margin: 0 auto;  }  .video-section > img {    width: 100%;  }  .video-section iframe,  .video-section video {    width: 100%;    height: 100%;      }  .video-section-img-m,  .video-section-img-pc > img {    width: 100%;    height: auto;  }  .video-section-img-pc.small > img {    width: 970px;  }  .video-desc {    line-height: 1.5;    font-size: 20px;    font-weight: 400;    margin: 20px 0;    text-align: center;    color: #0f1111;    word-break: break-word;  }  @media screen and (max-width: 960px) and (orientation: portrait) {    .video-section {      width: 100%;    }    .video-section-pc,    .video-section-img-pc {      display: none;    }    .video-section-m,    .video-section-img-m {      display: block;    }    .video-desc {      font-size: 15px;    }  }  @media screen and (min-width: 960px) {    .video-section {      width: 100%;      margin: 0 auto;    }    .video-section-pc,    .video-section-img-pc {      display: block;    }    .video-section-m,    .video-section-img-m {      display: none;    }    .video-desc {      font-size: 20px;    }  }<\/style><style>  .section + .section {    margin-top: 35px;  }  .section-title {    text-align: center;    font-weight: bold;    color: #0d1111;    font-family: \"Arial\";    font-size: 32px;    margin: 15px 0;  }  .section-title:empty {    display: none;  }  .section-desc {    text-align: center;    font-weight: normal;    color: #0d1111;    margin-top: 20px;  }  .section-desc:empty {    display: none;  }  .section-img {    width: 1200px;    height: 492px;    margin: 0 auto;    display: block;  }  .section-img.small {    width: 970px;    height: auto;  }  .section-img.small > img {    height: auto;  }  .section-img > img {    width: 100%;    height: 100%;  }  .section-mobile-img {    display: none;    max-width: 100vw;    max-height: 75vw;    height: 450px;    margin: 0 auto;  }  .section-mobile-img > img {    width: 100%;    height: 100%;  }  @media screen and (max-width: 960px) and (orientation: portrait) {    .container {      width: 100%;    }    .container.small {      width: 100%;    }    .section-mobile-img {      display: block;    }    .section-img {      display: none;    }    .section-title {      font-size: 22px;      margin: 10px 0;    }    .section-desc {      margin-top: 10px;    }    .section + .section {      margin-top: 20px;    }  }<\/style><\/head><body><div class=\"container\"><div class=\"logo\"><div class=\"pc-banner\"><div><img decoding=\"async\" src=\"\/vevor\/vevor\/boutique-banner\/pc\/en-pc@1x.jpg\" style=\"width: 100%;\" \/><\/div><\/div><div class=\"m-banner\"><div><img decoding=\"async\" src=\"\/vevor\/vevor\/boutique-banner\/mobile\/en-m@1x.jpg\" style=\"width: 100%;\" \/><\/div><\/div><\/div><div class=\"section-title\">VEVOR Topelt Ukse K\u00e4epide Komplekt \u00dchendab endas Stiili ja Vastupidavust<\/div><div class=\"video-section\"><div class=\"video-section-img-pc\"><img decoding=\"async\" src=\"\/vevor\/product\/SMSBYGHDSFXLKVAWE\/double-front-door-handle-a100-1.4.jpg\" alt=\"VEVOR topelt ukse k\u00e4epide komplekt, stiilne ja vastupidav, \u00fchilduv k\u00f5ikide standardsete uksed, lihtne paigaldus.\" \/><\/div><div class=\"video-section-img-m\"><img decoding=\"async\" src=\"\/vevor\/product\/SMSBYGHDSFXLKVAWE\/double-front-door-handle-a100-1.4-m.jpg\" alt=\"VEVOR topelt ukse k\u00e4epide komplekt, stiilne ja vastupidav, \u00fchilduv k\u00f5ikide standardsete uksed, lihtne paigaldus.\" \/><\/div><div class=\"section-desc\">Meie kaasaegne kahekordse ukse lukukomplekt ei ole ainult funktsionaalne; see on stiili avaldus! P\u00f6\u00f6ratav disain ja reguleeritavad komponendid muudavad selle sobivaks paljude rakenduste jaoks, nagu v\u00e4lisuksed, tagauksed v\u00f5i kontori sissep\u00e4\u00e4sud.<\/div><\/div><div class=\"section\"><div class=\"section-title\"><\/div><div class=\"section-img\"><img decoding=\"async\" src=\"\/vevor\/product\/SMSBYGHDSFXLKVAWE\/double-front-door-handle-a100-2.2.jpg\" alt=\"VEVOR topelt ukse k\u00e4epide komplekt tugev tsingi sulam, paneel, suure t\u00f5mbetugevusega ja usaldusv\u00e4\u00e4rne turvalisuse.\" \/><\/div><div class=\"section-mobile-img\"><img decoding=\"async\" src=\"\/vevor\/product\/SMSBYGHDSFXLKVAWE\/double-front-door-handle-a100-2.2-m.jpg\" alt=\"VEVOR topelt ukse k\u00e4epide komplekt tugev tsingi sulam, paneel, suure t\u00f5mbetugevusega ja usaldusv\u00e4\u00e4rne turvalisuse.\" \/><\/div><div class=\"section-desc\">Paneeli ja sisemine k\u00e4epide on t\u00e4iendatud, et tsingi sulam die-casting hea tekstuur, suure t\u00f5mbetugevusega ja erandlike resistentsuse rooste ja korrosiooni eest.<\/div><\/div><div class=\"section\"><div class=\"section-title\"><\/div><div class=\"section-img\"><img decoding=\"async\" src=\"\/vevor\/product\/SMSBYGHDSFXLKVAWE\/double-front-door-handle-a100-2.3.jpg\" alt=\"VEVOR topelt ukse k\u00e4epide komplekt paksenenud tugevdatud p\u00f6idla p\u00f6\u00f6ra ja t\u00e4iendatud groove protsessi.\" \/><\/div><div class=\"section-mobile-img\"><img decoding=\"async\" src=\"\/vevor\/product\/SMSBYGHDSFXLKVAWE\/double-front-door-handle-a100-2.3-m.jpg\" alt=\"VEVOR topelt ukse k\u00e4epide komplekt paksenenud tugevdatud p\u00f6idla p\u00f6\u00f6ra ja t\u00e4iendatud groove protsessi.\" \/><\/div><div class=\"section-desc\">Tugevdatud p\u00f6idlap\u00f6\u00f6re ja t\u00e4iustatud kangi k\u00e4epide koos soonega konstruktsiooniga tagavad prantsuse ukseluku komplekti vastupidavuse ja vastupidavuse aja jooksul purunemisele.<\/div><\/div><div class=\"section\"><div class=\"section-title\"><\/div><div class=\"section-img\"><img decoding=\"async\" src=\"\/vevor\/product\/SMSBYGHDSFXLKVAWE\/double-front-door-handle-a100-2.4.jpg\" alt=\"VEVOR topelt ukse k\u00e4epide komplekt, p\u00f6\u00f6ratav disain vasaku-v\u00f5i paremak\u00e4eline uksed, sobib standard uksed.\" \/><\/div><div class=\"section-mobile-img\"><img decoding=\"async\" src=\"\/vevor\/product\/SMSBYGHDSFXLKVAWE\/double-front-door-handle-a100-2.4-m.jpg\" alt=\"VEVOR topelt ukse k\u00e4epide komplekt, p\u00f6\u00f6ratav disain vasaku-v\u00f5i paremak\u00e4eline uksed, sobib standard uksed.\" \/><\/div><div class=\"section-desc\">Topelt v\u00e4lisuks k\u00e4epide komplekt sisaldab kahte kvaliteetset square ukselingid, mis on p\u00f6\u00f6rduv vasaku-v\u00f5i paremak\u00e4eline uksed. V\u00e4line v\u00f5ti lukku ja sisemise turvalukk tagada usaldusv\u00e4\u00e4rsuse ja turvalisuse.<\/div><\/div><div class=\"section\"><div class=\"section-title\"><\/div><div class=\"section-img\"><img decoding=\"async\" src=\"\/vevor\/product\/SMSBYGHDSFXLKVAWE\/double-front-door-handle-a100-2.5.jpg\" alt=\"rikkalik lisavarustus, lihtne paigaldus sammud VEVOR topelt ukse k\u00e4epide set n\u00e4idanud, reguleeritav avavahe ja riivi.\" \/><\/div><div class=\"section-mobile-img\"><img decoding=\"async\" src=\"\/vevor\/product\/SMSBYGHDSFXLKVAWE\/double-front-door-handle-a100-2.5-m.jpg\" alt=\"rikkalik lisavarustus, lihtne paigaldus sammud VEVOR topelt ukse k\u00e4epide set n\u00e4idanud, reguleeritav avavahe ja riivi.\" \/><\/div><div class=\"section-desc\">Topelt v\u00e4lisuks k\u00e4epide komplekt sisaldab k\u00f5iki olulisi riistvara komponendid ja kasutusjuhend. Lihtsalt installida koos kruvikeeraja. Ei ole vaja professionaalset ukse riistvara paigaldus. See sobib ustele paksusega 1-3\/8 1-3\/4 tolli.<\/div><\/div><div class=\"section\"><div class=\"section-img\"><img decoding=\"async\" src=\"\/vevor\/product\/SMSBYGHDSFXLKVAWE\/double-front-door-handle-a100-1.11.jpg\" alt=\"VEVOR topelt ukse k\u00e4epide komplekt matt must viimistlus, messing ning tsink, sh v\u00f5tmed, kruvid, sulgurid.\" \/><\/div><div class=\"section-mobile-img\"><img decoding=\"async\" src=\"\/vevor\/product\/SMSBYGHDSFXLKVAWE\/double-front-door-handle-a100-1.11-m.jpg\" alt=\"VEVOR topelt ukse k\u00e4epide komplekt matt must viimistlus, messing ning tsink, sh v\u00f5tmed, kruvid, sulgurid.\" \/><\/div><\/div><\/div><\/body><\/html><\/div>\n<div class=\"DM_at-title\" id=\"js-DM_at-title\"> <div>Toote spetsifikatsioon<\/div> <i class=\"icon-arrowup_line\"><\/i> <\/div><div class=\"DM_at-goodsDescAttr\" id=\"js-DM_at-goodsDescAttr\"> <div class=\"DM_at-goodsDescAttrInner\"> <dl class=\"goodsDesc_item goodsDesc_item_even\"> <dt>Punkt Mudeli Number<\/dt> <dd> DT1103<\/dd> <\/dl> <dl class=\"goodsDesc_item\"> <dt>Pealispind<\/dt> <dd> Matt Must<\/dd> <\/dl> <dl class=\"goodsDesc_item goodsDesc_item_even\"> <dt>Materjal<\/dt> <dd> Messing, Tsink<\/dd> <\/dl> <dl class=\"goodsDesc_item\"> <dt>V\u00f5tmed<\/dt> <dd> 2<\/dd> <\/dl> <dl class=\"goodsDesc_item goodsDesc_item_even\"> <dt>Toote Kaal<\/dt> <dd> 6.53 lbs \/ 2.96 kg<\/dd> <\/dl> <\/div> <\/div>","protected":false},"excerpt":{"rendered":"<ul>\n<li> Reguleeritav avavahe: v\u00e4line k\u00e4epide on auk vahe on reguleeritav, alates 7.87&#034;, et 8.98&#034;. Ei ole vaja redrill. Saate kasutada olemasolevaid auke lihtne paigaldada. See on ideaalne asendamine vajadustele. Topelt uks k\u00e4epide komplekt \u00fchendab endas stiili ja vastupidavuse., teenindavad mitte ainult funktsionaalne riist, aga samuti elegantne sisustus sobib ees uksed, tagumised uksed, v\u00f5i kontori uksed. <\/li>\n<li> Ehitatud Karm Pikaealisus: paneeli ja sisemine k\u00e4epide on t\u00e4iendatud roostevabast terasest tembeldades, et tsingi sulam die-casting, pakkudes hea tekstuuri ja suure t\u00f5mbetugevusega. Meie double door lock set on v\u00e4ga vastupidav rooste ja korrosiooni eest. Tugevdatud p\u00f6idla p\u00f6\u00f6ra ja t\u00e4iendatud hoova k\u00e4epide koos soonega disain v\u00e4ltida k\u00e4epide purunemine, mis tagab pikaajalise vastupidavuse. <\/li>\n<li> Eraldi Pakendatud Komponendid: Iga komponendi prantsuse ukseluku komplekt on hoolikalt pakendatud, et v\u00e4ltida kahju ja v\u00e4hendada riski pinda kriimustuste h\u00f5\u00f5rdumise t\u00f5ttu, s\u00e4ilitada \u00fcldine esteetiline kaebuse. <\/li>\n<li> P\u00f6\u00f6rduv K\u00e4epide Disain: topelt v\u00e4lisuks k\u00e4epide komplekt on kahe kvaliteetse square ukselingid, sobib nii vasaku-ja paremak\u00e4eline uksed. Need on koosk\u00f5las standardi uksed jooksul paksus 1-3\/8 1-3\/4 tolli. Tunda end turvaliselt koos v\u00e4lise lukustusnupp ja sisemise turvalukk. <\/li>\n<li> Lihtne Paigaldus ja kasutamine: Meie topelt ukse k\u00e4epidemed on lihtne asendada vaid \u00fche kruviga. Reguleeritav disain muutuja avavahe ja riivi positsioonid (2-3\/8 tolli kuni 2-3\/4 tolli) muudab mugav paigaldada. Plus, nad tulevad trendikad v\u00e4rvid stiilne uuendada. <\/li>\n<\/ul>","protected":false},"featured_media":297476,"comment_status":"closed","ping_status":"open","template":"","meta":{"om_disable_all_campaigns":false,"_uf_show_specific_survey":0,"_uf_disable_surveys":false},"location":[1935,1934],"product_brand":[21],"product_cat":[2654,3725,65,3726],"product_tag":[],"class_list":{"0":"post-35769","1":"product","2":"type-product","3":"status-publish","4":"has-post-thumbnail","6":"location-supplier_stock_location","7":"location-local_stock_location","8":"product_brand-vevor","9":"product_cat-door-hardware","10":"product_cat-entry-door-handlesets","11":"product_cat-hardware","12":"product_cat-lever-handlesets","14":"first","15":"instock","16":"taxable","17":"shipping-taxable","18":"purchasable","19":"product-type-simple"},"aioseo_notices":[],"locations":[{"id":1935,"name":"Pieg\u0101d\u0101t\u0101ja noliktav\u0101 (5-7dd)","slug":"supplier_stock_location","quantity":"43"},{"id":1934,"name":"R\u012bgas veikal\u0101 (0-2d.d.)","slug":"local_stock_location","quantity":"0"}],"_links":{"self":[{"href":"https:\/\/vevorshop.lv\/et\/wp-json\/wp\/v2\/product\/35769","targetHints":{"allow":["GET"]}}],"collection":[{"href":"https:\/\/vevorshop.lv\/et\/wp-json\/wp\/v2\/product"}],"about":[{"href":"https:\/\/vevorshop.lv\/et\/wp-json\/wp\/v2\/types\/product"}],"replies":[{"embeddable":true,"href":"https:\/\/vevorshop.lv\/et\/wp-json\/wp\/v2\/comments?post=35769"}],"wp:featuredmedia":[{"embeddable":true,"href":"https:\/\/vevorshop.lv\/et\/wp-json\/wp\/v2\/media\/297476"}],"wp:attachment":[{"href":"https:\/\/vevorshop.lv\/et\/wp-json\/wp\/v2\/media?parent=35769"}],"wp:term":[{"taxonomy":"location","embeddable":true,"href":"https:\/\/vevorshop.lv\/et\/wp-json\/wp\/v2\/location?post=35769"},{"taxonomy":"product_brand","embeddable":true,"href":"https:\/\/vevorshop.lv\/et\/wp-json\/wp\/v2\/product_brand?post=35769"},{"taxonomy":"product_cat","embeddable":true,"href":"https:\/\/vevorshop.lv\/et\/wp-json\/wp\/v2\/product_cat?post=35769"},{"taxonomy":"product_tag","embeddable":true,"href":"https:\/\/vevorshop.lv\/et\/wp-json\/wp\/v2\/product_tag?post=35769"}],"curies":[{"name":"wp","href":"https:\/\/api.w.org\/{rel}","templated":true}]}}