{"id":35785,"date":"2024-11-19T01:07:13","date_gmt":"2024-11-19T01:07:13","guid":{"rendered":"http:\/\/vevorshop.edigo.lv\/Prece\/vevor-core-drill-bit-1-1-4-wet-diamond-core-drill-bits-14-drilling-depth-concrete-core-drill-bit-5-8-11-inner-thread-laser-welding-diamond-wet-coring-bit-for-concrete-brick-and-block\/"},"modified":"2026-04-07T07:52:39","modified_gmt":"2026-04-07T04:52:39","slug":"vevor-core-drill-bit-1-1-4-wet-diamond-core-drill-bits-14-drilling-depth-concrete-core-drill-bit-5-8-11-inner-thread-laser-welding-diamond-wet-coring-bit-for-concrete-brick-and-block","status":"publish","type":"product","link":"https:\/\/vevorshop.lv\/et\/Prece\/vevor-core-drill-bit-1-1-4-wet-diamond-core-drill-bits-14-drilling-depth-concrete-core-drill-bit-5-8-11-inner-thread-laser-welding-diamond-wet-coring-bit-for-concrete-brick-and-block\/","title":{"rendered":"VEVOR 35 mm m\u00e4rg teemantpuur, 355 mm puurimiss\u00fcgavus, 5\/8-11 keere, betoonile, tellisele, plokkidele"},"content":{"rendered":"<div style=\"color: #fff!important; font-size: 16px; height: 24px; line-height: 24px; margin-top: -24px; \" class=\"product_original_name\">VEVOR Core Drill Bit, 1-1\/4\" Wet Diamond Core Drill Bits, 14\" Drilling Depth Concrete Core Drill Bit, 5\/8\"-11 Inner Thread, Laser Welding, Diamond Wet Coring Bit for Concrete Brick and Block<\/div>\n<div style=\"color: #fff!important; font-size: 16px; height: 24px; line-height: 24px; margin-top: -24px; \" class=\"product_sku\">M4I4L8G7<\/div>\n<div style=\"color: #fff!important; font-size: 16px; height: 24px; line-height: 24px; margin-top: -24px; \" class=\"product_mpn\">JGSQXZTSS32M8AZ3MV0<\/div><div id=\"js-DM_at-goodDescRich\"><html><head><style>  body {    font-family: Arial;    line-height: 1.5;    color: #1c1c1c;    overflow-x: hidden;    margin: 0;    padding: 0;  }  .MsoNormal b {    font-weight: bolder;  }<\/style><style>  .container.small {    width: 970px;    margin: 0 auto;  }  .logo {    margin: 0 auto 0;  }  .logo img {    display: block;    margin: 0 auto;    max-width: 100%;  }  .logo .pc-banner {    display: block;    width: 1200px;    height: 247.4px;    margin: 0 auto;  }  .logo .pc-banner.small {    width: 970px;  }  .logo .pc-banner.small img {    height: auto!important;  }  .logo .m-banner {    display: none;  }  .ytvideo {    position: relative;    height: 546px;    width: 100%;    margin: 0 auto;  }  .ytvideo img {    width: 100%;    margin: 0 auto;  }  .ytvideo .play-btn {    width: 60px;    height: 42px;    position: absolute;    top: 50%;    left: 50%;    transform: translate(-50%, -50%);    background: url(\"data:image\/png;base64,iVBORw0KGgoAAAANSUhEUgAAAGQAAABGCAMAAAANWMFbAAAC+lBMVEUAAADBGB3kLCfBGB3kLCfcJC7BFx3KKSbiKybkLCbWJCPSIiLSIiLPICHAFx3kLCfgKSXNHiDZJiTIGx\/p4eHcjo7LHSDbJyTkLCbjKyfOHyHPIiL28fHJHB\/GGh7EGR7eKCXDGB3RISHlLSbBGB3AFxzGHB7DGB7BGB3hKybkKybAFx3lLCfAFxzDGR3hKibDGB7cJyTmz8\/elJTlwcHjurrUIyLlLSflLSfAFx3DGR7lLSfCFx3hKibhKibhKybjKybkLCblLSfbJSX49vbx7e3NNzjNMTLMJyjVIyLZf3\/ZQ0LaeHjx0tLgoqLkLCfCGB3HGx\/BGB3BFx3PICHCGB7WJCLOHyC\/Fxy\/Fx3lLCfQISHkLSe\/FxzbJiTBFx3FGx\/AGB7BFx3EGR7AGB3HHSDfKiXAFh3TISHYNzbhKibbJyTTIiL57e325+f039\/v2NjUV1fOHiHiqanfmprch4feKSXVIyPOICHmLibFGh\/mLSe\/Fx7XJCPeKSXXJSPNHyHaJyTGGh7lLCbmLCflLSjSIiLkLCbdKSXLHiC\/GB3KHh++Fh3lKyfoLiXcKCPkx8fYb2\/XaGfVXl3aU1LLHiDksbHgKibPICHbJyTfKSXbJyTCGB3KHSDiKybFGh7TIiL\/\/\/\/VIyPRISHIHB\/GGx\/HHB\/DGR7gKibdKCXLHiDZJiTMHiDNHyHYJSTOICHPICHWJCPcKCXXJSPjLCblLCf+\/f3NGR\/uLijzLynPGR\/IGB7WISHaIyLLGh7UAADxLynNAADRLzDbICLQAADIAAD3MCrUHSHXMTDpKSbLAADp5OTij4\/ejo\/VLy\/1LyngJSTcJCPQHx\/OHB7+\/PzaMS\/OLS\/vLijrLSjSAADaNTPwLyjkKSbNJCbYISHPHB\/KGB7WAAD7+vrn3d3aKynTKCjoLCfsKifRGh\/YAADq5+fhjo7QNDXXKCfmJyXt5+fTLzDLLi\/QKivYHRvMGBrQJCXLISPMExXLDxLaEAvkkI\/bOTfaFQ\/SCgpvLcnHAAAAmnRSTlMA+vv7+gT9Bvf9+8z8\/NSv\/Pr5+P7++vnQIBMP\/v38\/Pn348XDiCYf9OjbzcqxXVcx\/fz8+\/rj1r2poo1+fXFqX0orGP7+\/v7+\/fz8+\/r68uzn4trIxsG\/vri3p6GcmZSNbWVYUUZEPQv+\/f39+\/v7+\/v7+vr64tvV1NTTz87FtbSurqeblJKFg4B3bUY+NjL7+\/v7+\/v67t1cDo8JLQAABkRJREFUWMO0kz9rwkAYh0OIeJkum6YugUAhISCdKoj\/P4C7SMdS+gEKIhSKil10LSg4mzXkILdlEpxCpwTiWOLX6BujvQaEQuGeHLnL+\/64J+SIcKGYTYWnntpdLjrVdqvZmNdn0+EE40GtpuuWVS6Xx6N7YDSGpWXpeq02wHgynM7q80az1a52HpddtVcpsi1zFARBrdaxbhp9iUReTGmwA4KAAr7vx3EYejnCMI6hQYEgy0LQi4jUN0wL19vqFcUC9\/1dAKmEEFkWRYkh5oBejnxQJiSJPJ\/uKBp0Thszx9Mw8hMRIQjKsptCfuES9zr5WJY6vSFCIvE9fCMUmEM1A1kSXcYGxgVYsvI1IPKTZciSTI0us\/SMGG04gDzELDoFBwdcFJrF88dqgYMTiL6DILWYyfOWE8\/kIz38olCNlC03FK95+imxp6y4oUSvAnBjHHhKNtotSDqJzVFiK8c2SBqhZtsrTtgrLXwAyduxZHNE26eHUt5rtuM4WSmds3G+sUdWYo1L+XyxButoh5eKUHk5lByO3G1LqqCWVnfrv\/lyPtf\/4ps1cndNGIri8J1TJ0lx6dR\/oPjq1nbRwdp2dCk4CtIOLW3pVKRL6WZfS5vF2KkIQhpwSsjiYIgNCs1gEMGqiIq24NQX9NwoXFy8Ufrl3twTcg4fv8T9\/JBEySduj6Mjm4bMzYV7EEOxKjjoNDud7yY3Dy71Hq2oLmqfbNR723edH9PgMrNL2utoQ3VmaIDkiw\/4w51P06hlZsTZvkRrbVuSIs\/zwSOsycgzStQouoAkWQqioRT5XI7n2Z1wfVhoZmcAJLsoqjqpjbWCgpOAJXBwHK8PzWbNvoUZJND5wCnSkLAkZ1legx6vqQzjoiTahKlGUGLAiIIoABOHaNVw4sexZBym6\/HWlH5h3IC7yRbxtipcWxdTOkORKiNQAEkFf66x5S2oeRbroOlLgg0sSYkR0hRGEqJZ0jTPiQKatESdBckpWigxaapEH0lImHdWu9pUFF2XqMNM2Z4kped7IwEJw2qabwtrQqnpw6HyKkgcadKWsmpywwesDyIhYRpdzXddqegtGIJlXbAIUMOLkGxJUjRIkokwjUaX9d\/kK62ps\/tYUqZLIMkLTyBhsMZ3C5Z\/kDxOSCb\/DOs\/\/J0qcWSX\/2ipe56EgTCA4\/cB7NAYOsni4mZM1MUPAISoEwkDi4lhVBQ1cWQyIcwalw4EpqZN68JUSK7XC0kTlkLYii5uXSC8jT5ncCAS7mjCv0uHp\/3lueHEEAeQ\/\/VgmdN71\/2uCSA1Xr6DO6uI6sW56zqT2tp2PhgiRUAajV8CY2fkcz6WGNKMgLAt7tJAhD4YHMTeRxlALE6+43WqjSWi8ITxyJl8WrwWSNESQZZOqhDDntO3hJLsd5RtSpbJqdv3YrDJH3F7jL1R2O2aQkn2MyCyKYz0GPGIvSAMgBCrCEiJyKbBaYGwLW4uPRr0A0M4Ux5kUI7IBh+hMdiCEWNqhMZGyYMsOgNE58UQuEQeUnSWCMYwL54hkxK6IoqucQZbQ3pc3XtL0lky1dL0zZJJDpWJovFqpWj6JEHnyam2eQp5QRVAVHjWparTOaVwUOx99YS2MvgxIGV0bb+qIg2HX2qkFFJB+XZcbLiuRkuxD9GRroKyveLxdh4d7Orx+hb7qc3uVRuEogCOnyIxm4ubUoPgF4jianDrC+SDQDKEfJb0GUKmjCGPYHGJvVC6X4hw1\/sAfQAdfYyephIaspXe36RwOP+Ljvfx9B6B3i+Nk0DGq+oCbLn6JpBa9nWAveAIHwFAwtVcIJXPMPL8kRu5OAYPMaL1WScTxjiZDqB9LTJSWphow\/pTYKRTLjCBhvi9iBidvKcDasGSm0QQkycYuLBqj6QCELPctqChDWpTRMWkngNNpQ1Pfp1KkiT\/Y0DGffXAweUNfLAfaJFKDwhb6I+bkYRbkERoEeu3Fyjg2opMz2daZCS9jt6Q7txNfB+OZEVF6Zl5web2xunnLQrtrjXseXKaFYziYINeMFZVxS9VxRhOoesYwxPKXm+gWLG9cuFeq93UNNeJNsf1KlwuDok9n02n3TgIJpOxNfL9naIoQwXtfH9kjceTIIi709ncTg6LZbg+biLH1V6u\/7rxBem06VXKn9raAAAAAElFTkSuQmCC\")      no-repeat center center \/ contain;  }  @media screen and (max-width: 960px) and (orientation: portrait) {    .logo {      width: 100%;    }    .logo .pc-banner {      display: none;    }    .logo .m-banner {      display: block;      width: 100%;    }    .logo .m-banner img {      height: auto!important;    }    .ytvideo {      height: 200px;      width: 100%;    }  }<\/style><style>  .video-section {    width: 100%;    margin: 0 auto;  }  .video-section > img {    width: 100%;  }  .video-section iframe,  .video-section video {    width: 100%;    height: 100%;      }  .video-section-img-m,  .video-section-img-pc > img {    width: 100%;    height: auto;  }  .video-section-img-pc.small > img {    width: 970px;  }  .video-desc {    line-height: 1.5;    font-size: 20px;    font-weight: 400;    margin: 20px 0;    text-align: center;    color: #0f1111;    word-break: break-word;  }  @media screen and (max-width: 960px) and (orientation: portrait) {    .video-section {      width: 100%;    }    .video-section-pc,    .video-section-img-pc {      display: none;    }    .video-section-m,    .video-section-img-m {      display: block;    }    .video-desc {      font-size: 15px;    }  }  @media screen and (min-width: 960px) {    .video-section {      width: 100%;      margin: 0 auto;    }    .video-section-pc,    .video-section-img-pc {      display: block;    }    .video-section-m,    .video-section-img-m {      display: none;    }    .video-desc {      font-size: 20px;    }  }<\/style><style>  .section + .section {    margin-top: 35px;  }  .section-title {    text-align: center;    font-weight: bold;    color: #0d1111;    font-family: \"Arial\";    font-size: 32px;    margin: 15px 0;  }  .section-title:empty {    display: none;  }  .section-desc {    text-align: center;    font-weight: normal;    color: #0d1111;    margin-top: 20px;  }  .section-desc:empty {    display: none;  }  .section-img {    width: 1200px;    height: 492px;    margin: 0 auto;    display: block;  }  .section-img.small {    width: 970px;    height: auto;  }  .section-img.small > img {    height: auto;  }  .section-img > img {    width: 100%;    height: 100%;  }  .section-mobile-img {    display: none;    max-width: 100vw;    max-height: 75vw;    height: 450px;    margin: 0 auto;  }  .section-mobile-img > img {    width: 100%;    height: 100%;  }  @media screen and (max-width: 960px) and (orientation: portrait) {    .container {      width: 100%;    }    .container.small {      width: 100%;    }    .section-mobile-img {      display: block;    }    .section-img {      display: none;    }    .section-title {      font-size: 22px;      margin: 10px 0;    }    .section-desc {      margin-top: 10px;    }    .section + .section {      margin-top: 20px;    }  }<\/style><\/head><body><div class=\"container\"><div class=\"logo\"><div class=\"pc-banner\"><div><img decoding=\"async\" src=\"\/vevor\/vevor\/boutique-banner\/pc\/en-pc@1x.jpg\" style=\"width: 100%;\" \/><\/div><\/div><div class=\"m-banner\"><div><img decoding=\"async\" src=\"\/vevor\/vevor\/boutique-banner\/mobile\/en-m@1x.jpg\" style=\"width: 100%;\" \/><\/div><\/div><\/div><div class=\"section-title\">VEVOR M\u00e4rg Diamond Core Drill Bit<\/div><div class=\"video-section\"><div class=\"video-section-img-pc\"><img decoding=\"async\" src=\"\/vevor\/product\/JGSQXZTSS32M8AZ3M\/drill-core-bits-a100-1.4.jpg\" alt=\"VEVOR diamond core drill bit 1.25&#034;, t\u00f5hus m\u00e4rg s\u00fcdamiku puurimine, 5\/8&#034;-11 sisemine keere, max 14&#034; s\u00fcgavust.\" \/><\/div><div class=\"video-section-img-m\"><img decoding=\"async\" src=\"\/vevor\/product\/JGSQXZTSS32M8AZ3M\/drill-core-bits-a100-1.4-m.jpg\" alt=\"VEVOR diamond core drill bit 1.25&#034;, t\u00f5hus m\u00e4rg s\u00fcdamiku puurimine, 5\/8&#034;-11 sisemine keere, max 14&#034; s\u00fcgavust.\" \/><\/div><div class=\"section-desc\">Meie core drill bit on meisterdatud k\u00f5rge kvaliteediga s\u00fcsinikusisaldusega teras teemant-grit hambad. Diamond on \u00fcks raskemaid materjale Maal, tagades tasumata kulumiskindlus. Teemant-grit core drill bit endiselt terav ja pikendab selle eluiga, kui l\u00f5ikamine ja lihvimine karm l\u00f5ng.<\/div><\/div><div class=\"section\"><div class=\"section-title\"><\/div><div class=\"section-img\"><img decoding=\"async\" src=\"\/vevor\/product\/JGSQXZTSS32M8AZ3M\/drill-core-bits-a100-2.2.jpg\" alt=\"laser keevitus tehnoloogia VEVOR diamond core drill bit n\u00e4itab, kulumiskindel, k\u00f5rge temperatuuri, tugeva stabiilsust.\" \/><\/div><div class=\"section-mobile-img\"><img decoding=\"async\" src=\"\/vevor\/product\/JGSQXZTSS32M8AZ3M\/drill-core-bits-a100-2.2-m.jpg\" alt=\"laser keevitus tehnoloogia VEVOR diamond core drill bit n\u00e4itab, kulumiskindel, k\u00f5rge temperatuuri, tugeva stabiilsust.\" \/><\/div><div class=\"section-desc\">Laser welding technology ensures exceptional wear resistance and high-temperature stability for the diamond core drill bit, making it ideal for various drilling conditions, even in high-temperature environments. It's less prone to tooth loss and weld detachment, resulting in increased durability.<\/div><\/div><div class=\"section\"><div class=\"section-title\"><\/div><div class=\"section-img\"><img decoding=\"async\" src=\"\/vevor\/product\/JGSQXZTSS32M8AZ3M\/drill-core-bits-a100-2.3.jpg\" alt=\"VEVOR diamond core drill bit sooritades tolmuvaba m\u00e4rgl\u00f5ikust kohta betooni pinnale.\" \/><\/div><div class=\"section-mobile-img\"><img decoding=\"async\" src=\"\/vevor\/product\/JGSQXZTSS32M8AZ3M\/drill-core-bits-a100-2.3-m.jpg\" alt=\"VEVOR diamond core drill bit sooritades tolmuvaba m\u00e4rgl\u00f5ikust kohta betooni pinnale.\" \/><\/div><div class=\"section-desc\">Meie m\u00e4rg core drill bit on m\u00e4rg l\u00f5ikamine. Vesijahutus ja m\u00e4\u00e4rimine v\u00e4hendada drill bit kulumist, pikendab selle eluiga ning v\u00e4hendada tolmu.<\/div><\/div><div class=\"section\"><div class=\"section-title\"><\/div><div class=\"section-img\"><img decoding=\"async\" src=\"\/vevor\/product\/JGSQXZTSS32M8AZ3M\/drill-core-bits-a100-2.4.jpg\" alt=\"lihtne tegutseda VEVOR diamond core drill bit 4-samm-seadistamine t\u00e4pse suuna positsioneerimine.\" \/><\/div><div class=\"section-mobile-img\"><img decoding=\"async\" src=\"\/vevor\/product\/JGSQXZTSS32M8AZ3M\/drill-core-bits-a100-2.4-m.jpg\" alt=\"lihtne tegutseda VEVOR diamond core drill bit 4-samm-seadistamine t\u00e4pse suuna positsioneerimine.\" \/><\/div><div class=\"section-desc\">Kui kontsentriline v\u00f5lli disain tagab stabiilsema puurtornid. See v\u00e4hendab drill bit vibratsiooni ja kiik, v\u00e4heneb t\u00f5en\u00e4osus, et drill bit j\u00e4\u00e4dagi v\u00f5i kaldutakse k\u00f5rvale j\u00e4lgida, tagada sujuvam toimingud.<\/div><\/div><div class=\"section\"><div class=\"section-title\"><\/div><div class=\"section-img\"><img decoding=\"async\" src=\"\/vevor\/product\/JGSQXZTSS32M8AZ3M\/drill-core-bits-a100-2.5.jpg\" alt=\"t\u00f6\u00f6taja, kasutades VEVOR diamond core drill bit betoonist, r\u00f5hutades raudbetoonist, punane tellis, - ja vahu-v\u00f5i tellised.\" \/><\/div><div class=\"section-mobile-img\"><img decoding=\"async\" src=\"\/vevor\/product\/JGSQXZTSS32M8AZ3M\/drill-core-bits-a100-2.5-m.jpg\" alt=\"t\u00f6\u00f6taja, kasutades VEVOR diamond core drill bit betoonist, r\u00f5hutades raudbetoonist, punane tellis, - ja vahu-v\u00f5i tellised.\" \/><\/div><div class=\"section-desc\">M\u00e4rg drill core natuke tagab puhta ja t\u00e4pse augud karm materjalid nagu raudbetoon, punased tellised, betoon -, vaht tellised, ja rohkem.<\/div><\/div><div class=\"section\"><div class=\"section-img\"><img decoding=\"async\" src=\"\/vevor\/product\/JGSQXZTSS32M8AZ3M\/drill-core-bits-a100-1.11.jpg\" alt=\"VEVOR diamond core drill bit andmed: 14in s\u00fcgavus, laser-keevitatud, 1.5 lbs kaal, 17.7 pikkus, kasutusjuhendi.\" \/><\/div><div class=\"section-mobile-img\"><img decoding=\"async\" src=\"\/vevor\/product\/JGSQXZTSS32M8AZ3M\/drill-core-bits-a100-1.11-m.jpg\" alt=\"VEVOR diamond core drill bit andmed: 14in s\u00fcgavus, laser-keevitatud, 1.5 lbs kaal, 17.7 pikkus, kasutusjuhendi.\" \/><\/div><\/div><\/div><\/body><\/html><\/div>\n<div class=\"DM_at-title\" id=\"js-DM_at-title\"> <div>Toote spetsifikatsioon<\/div> <i class=\"icon-arrowup_line\"><\/i> <\/div><div class=\"DM_at-goodsDescAttr\" id=\"js-DM_at-goodsDescAttr\"> <div class=\"DM_at-goodsDescAttrInner\"> <dl class=\"goodsDesc_item goodsDesc_item_even\"> <dt>Punkt Mudeli Number<\/dt> <dd> 32400AC<\/dd> <\/dl> <dl class=\"goodsDesc_item\"> <dt>L\u00e4bim\u00f5\u00f5t<\/dt> <dd> \u03a6 1-1\/4 \/ 32 mm<\/dd> <\/dl> <dl class=\"goodsDesc_item goodsDesc_item_even\"> <dt>Adapter Spetsifikatsioon<\/dt> <dd> Sisemine Keere 5\/8&#034;-11<\/dd> <\/dl> <dl class=\"goodsDesc_item\"> <dt>Maksimaalne Core S\u00fcgavus<\/dt> <dd> 14 \/ 355 mm<\/dd> <\/dl> <dl class=\"goodsDesc_item goodsDesc_item_even\"> <dt>Keevitus Meetodil<\/dt> <dd> Laser Welding<\/dd> <\/dl> <dl class=\"goodsDesc_item\"> <dt>M\u00e4rg\/Kuiv Taotluse<\/dt> <dd> M\u00e4rg<\/dd> <\/dl> <dl class=\"goodsDesc_item goodsDesc_item_even\"> <dt>\u00dchilduvad Seadmed<\/dt> <dd> Kaasaskantavad Puurid<\/dd> <\/dl> <dl class=\"goodsDesc_item\"> <dt>\u00dchilduvate Materjalide L\u00f5ikamine<\/dt> <dd> Raudbetoon, Punane Tellis, Betoon, Vaht, Tellis, jne.<\/dd> <\/dl> <dl class=\"goodsDesc_item goodsDesc_item_even\"> <dt>Toote M\u00f5\u00f5tmed<\/dt> <dd> 17.7 x 1.3 x 1.3 \/ 450 x 32 x 32 mm<\/dd> <\/dl> <dl class=\"goodsDesc_item\"> <dt>Neto Kaal (Kaasa Arvatud Tarvikud)<\/dt> <dd> 1.5 lbs \/ 0.68 kg<\/dd> <\/dl> <\/div> <\/div>","protected":false},"excerpt":{"rendered":"<ul>\n<li> T\u00e4pselt Projekteeritud Disain: Meie core drill bit on m\u00f5eldud universaalne 5\/8&#034;-11 l\u00f5ng, mist\u00f5ttu on lihtne kiiresti kokku koguda peale standard s\u00fcdamik puurimisseadmed v\u00f5i kaasaskantav puur masinad, pakkudes mitmek\u00fclgsus ja mugavus. <\/li>\n<li> Tolmuvaba m\u00e4rgl\u00f5ikust: Meie diamond core drill bit v\u00e4hendab tolmu tootmise kaudu vesijahutus ja m\u00e4\u00e4rimine, mist\u00f5ttu on oluline siseruumides v\u00f5i suletud t\u00f6\u00f6ruumi, v\u00e4hendada tolmu saaste, et ettev\u00f5tjad ja \u00fcmbritsevale keskkonnale. <\/li>\n<li> Kasutajas\u00f5bralik \u00dclesehitus: Meie diamond m\u00e4rg core drill bit omadused v\u00e4ga regulaarne hammaste ja kontsentriline v\u00f5lli disain. See v\u00e4hendab riski center offset ajal core puurtornid, tagades v\u00e4ga t\u00e4pne s\u00fcdamiku puurimine. <\/li>\n<li> Stabiilse ja T\u00f5husa: Meie m\u00fc\u00fcritise core drill bit on meisterdatud k\u00f5rge kvaliteediga s\u00fcsinikusisaldusega terasest komponendid ja teemant-grit pea, tagades, see boasts suurep\u00e4rane kulumiskindlus ja pikendada eluiga. Laser keevitus tehnoloogia tagab nr hamba kaotus v\u00f5i keevitada irdumine, s\u00e4ilitades l\u00f5ikamise efektiivsust. <\/li>\n<li> Lai Kasutusala: Oma m\u00e4rg drill core natuke on ideaalne puurimisel, raudbetoon, punased tellised, betoon -, vaht tellised ja muu raske materjalid. See on laialdaselt kasutatavad rajatised, kliimaseade, torustikud, trepp, piirded, maanteed, lennujaamad, ja erinevate ehitus-stsenaariumid. <\/li>\n<\/ul>","protected":false},"featured_media":297500,"comment_status":"closed","ping_status":"open","template":"","meta":{"om_disable_all_campaigns":false,"_monsterinsights_skip_tracking":false,"_monsterinsights_sitenote_active":false,"_monsterinsights_sitenote_note":"","_monsterinsights_sitenote_category":0,"_uf_show_specific_survey":0,"_uf_disable_surveys":false},"location":[1935,1934],"product_brand":[21],"product_cat":[2754,3133,2755,2756,2753,2374],"product_tag":[],"class_list":{"0":"post-35785","1":"product","2":"type-product","3":"status-publish","4":"has-post-thumbnail","6":"location-supplier_stock_location","7":"location-local_stock_location","8":"product_brand-vevor","9":"product_cat-drill-bits","10":"product_cat-drill-core-bits","11":"product_cat-hole-saws","12":"product_cat-hole-saws-bits","13":"product_cat-power-tool-accessories","14":"product_cat-tools","16":"first","17":"instock","18":"taxable","19":"shipping-taxable","20":"purchasable","21":"product-type-simple"},"aioseo_notices":[],"jetpack_sharing_enabled":true,"locations":[{"id":1935,"name":"Pieg\u0101d\u0101t\u0101ja noliktav\u0101 (5-7d.d.)","slug":"supplier_stock_location","quantity":"79"},{"id":1934,"name":"R\u012bgas veikal\u0101 (0-2d.d.)","slug":"local_stock_location","quantity":"0"}],"_links":{"self":[{"href":"https:\/\/vevorshop.lv\/et\/wp-json\/wp\/v2\/product\/35785","targetHints":{"allow":["GET"]}}],"collection":[{"href":"https:\/\/vevorshop.lv\/et\/wp-json\/wp\/v2\/product"}],"about":[{"href":"https:\/\/vevorshop.lv\/et\/wp-json\/wp\/v2\/types\/product"}],"replies":[{"embeddable":true,"href":"https:\/\/vevorshop.lv\/et\/wp-json\/wp\/v2\/comments?post=35785"}],"wp:featuredmedia":[{"embeddable":true,"href":"https:\/\/vevorshop.lv\/et\/wp-json\/wp\/v2\/media\/297500"}],"wp:attachment":[{"href":"https:\/\/vevorshop.lv\/et\/wp-json\/wp\/v2\/media?parent=35785"}],"wp:term":[{"taxonomy":"location","embeddable":true,"href":"https:\/\/vevorshop.lv\/et\/wp-json\/wp\/v2\/location?post=35785"},{"taxonomy":"product_brand","embeddable":true,"href":"https:\/\/vevorshop.lv\/et\/wp-json\/wp\/v2\/product_brand?post=35785"},{"taxonomy":"product_cat","embeddable":true,"href":"https:\/\/vevorshop.lv\/et\/wp-json\/wp\/v2\/product_cat?post=35785"},{"taxonomy":"product_tag","embeddable":true,"href":"https:\/\/vevorshop.lv\/et\/wp-json\/wp\/v2\/product_tag?post=35785"}],"curies":[{"name":"wp","href":"https:\/\/api.w.org\/{rel}","templated":true}]}}