{"id":37350,"date":"2024-11-19T02:31:52","date_gmt":"2024-11-19T02:31:52","guid":{"rendered":"http:\/\/vevorshop.edigo.lv\/Prece\/vevor-staircase-metal-balusters-44-x-1-2-galvanized-steel-decorative-banister-spindles-10-pack-deck-baluster-with-hollow-twists-satin-black-spiral-stair-railing-with-shoes-screws\/"},"modified":"2026-04-09T04:06:47","modified_gmt":"2026-04-09T01:06:47","slug":"vevor-staircase-metal-balusters-44-x-1-2-galvanized-steel-decorative-banister-spindles-10-pack-deck-baluster-with-hollow-twists-satin-black-spiral-stair-railing-with-shoes-screws","status":"publish","type":"product","link":"https:\/\/vevorshop.lv\/et\/Prece\/vevor-staircase-metal-balusters-44-x-1-2-galvanized-steel-decorative-banister-spindles-10-pack-deck-baluster-with-hollow-twists-satin-black-spiral-stair-railing-with-shoes-screws\/","title":{"rendered":"VEVOR 10-osaline spiraaltrepi balustrid 111,76 \u00d7 1,27 cm tsingitud teras, satiinmust koos kingade ja kruvidega, dekoratiivsed k\u00e4sipuud"},"content":{"rendered":"<div style=\"color: #fff!important; font-size: 16px; height: 24px; line-height: 24px; margin-top: -24px; \" class=\"product_original_name\">VEVOR Staircase Metal Balusters, 111.76 cm x 1.27 cm Galvanized Steel Decorative Banister Spindles, 10 Pack Deck Baluster with Hollow Twists, Satin Black Spiral Stair Railing with Shoes & Screws<\/div>\n<div style=\"color: #fff!important; font-size: 16px; height: 24px; line-height: 24px; margin-top: -24px; \" class=\"product_sku\">M4I4LAL5<\/div>\n<div style=\"color: #fff!important; font-size: 16px; height: 24px; line-height: 24px; margin-top: -24px; \" class=\"product_mpn\">ZXKLGZ10G44YH4VC6V0<\/div><div id=\"js-DM_at-goodDescRich\"><html><head><style>  body {    font-family: Arial;    line-height: 1.5;    color: #1c1c1c;    overflow-x: hidden;    margin: 0;    padding: 0;  }  .MsoNormal b {    font-weight: bolder;  }<\/style><style>  .container.small {    width: 970px;    margin: 0 auto;  }  .logo {    margin: 0 auto 0;  }  .logo img {    display: block;    margin: 0 auto;    max-width: 100%;  }  .logo .pc-banner {    display: block;    width: 1200px;    height: 247.4px;    margin: 0 auto;  }  .logo .pc-banner.small {    width: 970px;  }  .logo .pc-banner.small img {    height: auto!important;  }  .logo .m-banner {    display: none;  }  .ytvideo {    position: relative;    height: 546px;    width: 100%;    margin: 0 auto;  }  .ytvideo img {    width: 100%;    margin: 0 auto;  }  .ytvideo .play-btn {    width: 60px;    height: 42px;    position: absolute;    top: 50%;    left: 50%;    transform: translate(-50%, -50%);    background: url(\"data:image\/png;base64,iVBORw0KGgoAAAANSUhEUgAAAGQAAABGCAMAAAANWMFbAAAC+lBMVEUAAADBGB3kLCfBGB3kLCfcJC7BFx3KKSbiKybkLCbWJCPSIiLSIiLPICHAFx3kLCfgKSXNHiDZJiTIGx\/p4eHcjo7LHSDbJyTkLCbjKyfOHyHPIiL28fHJHB\/GGh7EGR7eKCXDGB3RISHlLSbBGB3AFxzGHB7DGB7BGB3hKybkKybAFx3lLCfAFxzDGR3hKibDGB7cJyTmz8\/elJTlwcHjurrUIyLlLSflLSfAFx3DGR7lLSfCFx3hKibhKibhKybjKybkLCblLSfbJSX49vbx7e3NNzjNMTLMJyjVIyLZf3\/ZQ0LaeHjx0tLgoqLkLCfCGB3HGx\/BGB3BFx3PICHCGB7WJCLOHyC\/Fxy\/Fx3lLCfQISHkLSe\/FxzbJiTBFx3FGx\/AGB7BFx3EGR7AGB3HHSDfKiXAFh3TISHYNzbhKibbJyTTIiL57e325+f039\/v2NjUV1fOHiHiqanfmprch4feKSXVIyPOICHmLibFGh\/mLSe\/Fx7XJCPeKSXXJSPNHyHaJyTGGh7lLCbmLCflLSjSIiLkLCbdKSXLHiC\/GB3KHh++Fh3lKyfoLiXcKCPkx8fYb2\/XaGfVXl3aU1LLHiDksbHgKibPICHbJyTfKSXbJyTCGB3KHSDiKybFGh7TIiL\/\/\/\/VIyPRISHIHB\/GGx\/HHB\/DGR7gKibdKCXLHiDZJiTMHiDNHyHYJSTOICHPICHWJCPcKCXXJSPjLCblLCf+\/f3NGR\/uLijzLynPGR\/IGB7WISHaIyLLGh7UAADxLynNAADRLzDbICLQAADIAAD3MCrUHSHXMTDpKSbLAADp5OTij4\/ejo\/VLy\/1LyngJSTcJCPQHx\/OHB7+\/PzaMS\/OLS\/vLijrLSjSAADaNTPwLyjkKSbNJCbYISHPHB\/KGB7WAAD7+vrn3d3aKynTKCjoLCfsKifRGh\/YAADq5+fhjo7QNDXXKCfmJyXt5+fTLzDLLi\/QKivYHRvMGBrQJCXLISPMExXLDxLaEAvkkI\/bOTfaFQ\/SCgpvLcnHAAAAmnRSTlMA+vv7+gT9Bvf9+8z8\/NSv\/Pr5+P7++vnQIBMP\/v38\/Pn348XDiCYf9OjbzcqxXVcx\/fz8+\/rj1r2poo1+fXFqX0orGP7+\/v7+\/fz8+\/r68uzn4trIxsG\/vri3p6GcmZSNbWVYUUZEPQv+\/f39+\/v7+\/v7+vr64tvV1NTTz87FtbSurqeblJKFg4B3bUY+NjL7+\/v7+\/v67t1cDo8JLQAABkRJREFUWMO0kz9rwkAYh0OIeJkum6YugUAhISCdKoj\/P4C7SMdS+gEKIhSKil10LSg4mzXkILdlEpxCpwTiWOLX6BujvQaEQuGeHLnL+\/64J+SIcKGYTYWnntpdLjrVdqvZmNdn0+EE40GtpuuWVS6Xx6N7YDSGpWXpeq02wHgynM7q80az1a52HpddtVcpsi1zFARBrdaxbhp9iUReTGmwA4KAAr7vx3EYejnCMI6hQYEgy0LQi4jUN0wL19vqFcUC9\/1dAKmEEFkWRYkh5oBejnxQJiSJPJ\/uKBp0Thszx9Mw8hMRIQjKsptCfuES9zr5WJY6vSFCIvE9fCMUmEM1A1kSXcYGxgVYsvI1IPKTZciSTI0us\/SMGG04gDzELDoFBwdcFJrF88dqgYMTiL6DILWYyfOWE8\/kIz38olCNlC03FK95+imxp6y4oUSvAnBjHHhKNtotSDqJzVFiK8c2SBqhZtsrTtgrLXwAyduxZHNE26eHUt5rtuM4WSmds3G+sUdWYo1L+XyxButoh5eKUHk5lByO3G1LqqCWVnfrv\/lyPtf\/4ps1cndNGIri8J1TJ0lx6dR\/oPjq1nbRwdp2dCk4CtIOLW3pVKRL6WZfS5vF2KkIQhpwSsjiYIgNCs1gEMGqiIq24NQX9NwoXFy8Ufrl3twTcg4fv8T9\/JBEySduj6Mjm4bMzYV7EEOxKjjoNDud7yY3Dy71Hq2oLmqfbNR723edH9PgMrNL2utoQ3VmaIDkiw\/4w51P06hlZsTZvkRrbVuSIs\/zwSOsycgzStQouoAkWQqioRT5XI7n2Z1wfVhoZmcAJLsoqjqpjbWCgpOAJXBwHK8PzWbNvoUZJND5wCnSkLAkZ1legx6vqQzjoiTahKlGUGLAiIIoABOHaNVw4sexZBym6\/HWlH5h3IC7yRbxtipcWxdTOkORKiNQAEkFf66x5S2oeRbroOlLgg0sSYkR0hRGEqJZ0jTPiQKatESdBckpWigxaapEH0lImHdWu9pUFF2XqMNM2Z4kped7IwEJw2qabwtrQqnpw6HyKkgcadKWsmpywwesDyIhYRpdzXddqegtGIJlXbAIUMOLkGxJUjRIkokwjUaX9d\/kK62ps\/tYUqZLIMkLTyBhsMZ3C5Z\/kDxOSCb\/DOs\/\/J0qcWSX\/2ipe56EgTCA4\/cB7NAYOsni4mZM1MUPAISoEwkDi4lhVBQ1cWQyIcwalw4EpqZN68JUSK7XC0kTlkLYii5uXSC8jT5ncCAS7mjCv0uHp\/3lueHEEAeQ\/\/VgmdN71\/2uCSA1Xr6DO6uI6sW56zqT2tp2PhgiRUAajV8CY2fkcz6WGNKMgLAt7tJAhD4YHMTeRxlALE6+43WqjSWi8ITxyJl8WrwWSNESQZZOqhDDntO3hJLsd5RtSpbJqdv3YrDJH3F7jL1R2O2aQkn2MyCyKYz0GPGIvSAMgBCrCEiJyKbBaYGwLW4uPRr0A0M4Ux5kUI7IBh+hMdiCEWNqhMZGyYMsOgNE58UQuEQeUnSWCMYwL54hkxK6IoqucQZbQ3pc3XtL0lky1dL0zZJJDpWJovFqpWj6JEHnyam2eQp5QRVAVHjWparTOaVwUOx99YS2MvgxIGV0bb+qIg2HX2qkFFJB+XZcbLiuRkuxD9GRroKyveLxdh4d7Orx+hb7qc3uVRuEogCOnyIxm4ubUoPgF4jianDrC+SDQDKEfJb0GUKmjCGPYHGJvVC6X4hw1\/sAfQAdfYyephIaspXe36RwOP+Ljvfx9B6B3i+Nk0DGq+oCbLn6JpBa9nWAveAIHwFAwtVcIJXPMPL8kRu5OAYPMaL1WScTxjiZDqB9LTJSWphow\/pTYKRTLjCBhvi9iBidvKcDasGSm0QQkycYuLBqj6QCELPctqChDWpTRMWkngNNpQ1Pfp1KkiT\/Y0DGffXAweUNfLAfaJFKDwhb6I+bkYRbkERoEeu3Fyjg2opMz2daZCS9jt6Q7txNfB+OZEVF6Zl5web2xunnLQrtrjXseXKaFYziYINeMFZVxS9VxRhOoesYwxPKXm+gWLG9cuFeq93UNNeJNsf1KlwuDok9n02n3TgIJpOxNfL9naIoQwXtfH9kjceTIIi709ncTg6LZbg+biLH1V6u\/7rxBem06VXKn9raAAAAAElFTkSuQmCC\")      no-repeat center center \/ contain;  }  @media screen and (max-width: 960px) and (orientation: portrait) {    .logo {      width: 100%;    }    .logo .pc-banner {      display: none;    }    .logo .m-banner {      display: block;      width: 100%;    }    .logo .m-banner img {      height: auto!important;    }    .ytvideo {      height: 200px;      width: 100%;    }  }<\/style><style>  .video-section {    width: 100%;    margin: 0 auto;  }  .video-section > img {    width: 100%;  }  .video-section iframe,  .video-section video {    width: 100%;    height: 100%;      }  .video-section-img-m,  .video-section-img-pc > img {    width: 100%;    height: auto;  }  .video-section-img-pc.small > img {    width: 970px;  }  .video-desc {    line-height: 1.5;    font-size: 20px;    font-weight: 400;    margin: 20px 0;    text-align: center;    color: #0f1111;    word-break: break-word;  }  @media screen and (max-width: 960px) and (orientation: portrait) {    .video-section {      width: 100%;    }    .video-section-pc,    .video-section-img-pc {      display: none;    }    .video-section-m,    .video-section-img-m {      display: block;    }    .video-desc {      font-size: 15px;    }  }  @media screen and (min-width: 960px) {    .video-section {      width: 100%;      margin: 0 auto;    }    .video-section-pc,    .video-section-img-pc {      display: block;    }    .video-section-m,    .video-section-img-m {      display: none;    }    .video-desc {      font-size: 20px;    }  }<\/style><style>  .section + .section {    margin-top: 35px;  }  .section-title {    text-align: center;    font-weight: bold;    color: #0d1111;    font-family: \"Arial\";    font-size: 32px;    margin: 15px 0;  }  .section-title:empty {    display: none;  }  .section-desc {    text-align: center;    font-weight: normal;    color: #0d1111;    margin-top: 20px;  }  .section-desc:empty {    display: none;  }  .section-img {    width: 1200px;    height: 492px;    margin: 0 auto;    display: block;  }  .section-img.small {    width: 970px;    height: auto;  }  .section-img.small > img {    height: auto;  }  .section-img > img {    width: 100%;    height: 100%;  }  .section-mobile-img {    display: none;    max-width: 100vw;    max-height: 75vw;    height: 450px;    margin: 0 auto;  }  .section-mobile-img > img {    width: 100%;    height: 100%;  }  @media screen and (max-width: 960px) and (orientation: portrait) {    .container {      width: 100%;    }    .container.small {      width: 100%;    }    .section-mobile-img {      display: block;    }    .section-img {      display: none;    }    .section-title {      font-size: 22px;      margin: 10px 0;    }    .section-desc {      margin-top: 10px;    }    .section + .section {      margin-top: 20px;    }  }<\/style><\/head><body><div class=\"container\"><div class=\"logo\"><div class=\"pc-banner\"><div><img decoding=\"async\" src=\"\/vevor\/vevor\/boutique-banner\/pc\/en-pc@1x.jpg\" style=\"width: 100%;\" \/><\/div><\/div><div class=\"m-banner\"><div><img decoding=\"async\" src=\"\/vevor\/vevor\/boutique-banner\/mobile\/en-m@1x.jpg\" style=\"width: 100%;\" \/><\/div><\/div><\/div><div class=\"section-title\">Upgrade Your Space with VEVOR's Fashionable Baluster Shafts<\/div><div class=\"video-section\"><div class=\"video-section-img-pc\"><img decoding=\"async\" src=\"\/vevor\/product\/ZXKLGZ10G44YH4VC6\/decorative-metal-baluster-a100-1.4.jpg\" alt=\"VEVOR metallist balusters puidust trepid, 10tk raskeveokite s\u00f5imamine postitusi, vastupidav ja v\u00e4nderdama-tasuta.\" \/><\/div><div class=\"video-section-img-m\"><img decoding=\"async\" src=\"\/vevor\/product\/ZXKLGZ10G44YH4VC6\/decorative-metal-baluster-a100-1.4-m.jpg\" alt=\"VEVOR metallist balusters puidust trepid, 10tk raskeveokite s\u00f5imamine postitusi, vastupidav ja v\u00e4nderdama-tasuta.\" \/><\/div><div class=\"section-desc\">Galvanized steel tubing with powder-coated finish offers durability and rust resistance. Stylish and elegant, they're compatible with most connector bases and baluster shoes, perfect for indoor staircases and handrails, providing safety and style.<\/div><\/div><div class=\"section\"><div class=\"section-title\"><\/div><div class=\"section-img\"><img decoding=\"async\" src=\"\/vevor\/product\/ZXKLGZ10G44YH4VC6\/decorative-metal-baluster-a100-2.2.jpg\" alt=\"VEVOR metallist balusters trepid, millel on reguleeritav ja lame kingad eri nurgad ja k\u00e4epidemed.\" \/><\/div><div class=\"section-mobile-img\"><img decoding=\"async\" src=\"\/vevor\/product\/ZXKLGZ10G44YH4VC6\/decorative-metal-baluster-a100-2.2-m.jpg\" alt=\"VEVOR metallist balusters trepid, millel on reguleeritav ja lame kingad eri nurgad ja k\u00e4epidemed.\" \/><\/div><div class=\"section-desc\">Featuring tugevdatud tsingitud terasest torud ja t\u00e4iustatud koos matt viimistlus lakk, meie baluster v\u00f5llid luban, vastupidavus ja pikaealisus. Talu kulumist, kui ennetada rooste, nad pakuvad stabiilset tuge ja pikendada eluiga.<\/div><\/div><div class=\"section\"><div class=\"section-title\"><\/div><div class=\"section-img\"><img decoding=\"async\" src=\"\/vevor\/product\/ZXKLGZ10G44YH4VC6\/decorative-metal-baluster-a100-2.3.jpg\" alt=\"puidust trepp, kus VEVOR metallist balusters featuring \u00fche-korvi ja spiraal kujunduse.\" \/><\/div><div class=\"section-mobile-img\"><img decoding=\"async\" src=\"\/vevor\/product\/ZXKLGZ10G44YH4VC6\/decorative-metal-baluster-a100-2.3-m.jpg\" alt=\"puidust trepp, kus VEVOR metallist balusters featuring \u00fche-korvi ja spiraal kujunduse.\" \/><\/div><div class=\"section-desc\">Loodud sobima k\u00f5ige s\u00f5imamine raamistike turul, meie baluster v\u00f5llid kiidelda standard m\u00f5\u00f5tmed v\u00e4simatu integratsiooni.<\/div><\/div><div class=\"section\"><div class=\"section-title\"><\/div><div class=\"section-img\"><img decoding=\"async\" src=\"\/vevor\/product\/ZXKLGZ10G44YH4VC6\/decorative-metal-baluster-a100-2.4.jpg\" alt=\"lihtne 3-samm paigaldamise juhend VEVOR metallist balusters; quick setup kruvidega ja base liides.\" \/><\/div><div class=\"section-mobile-img\"><img decoding=\"async\" src=\"\/vevor\/product\/ZXKLGZ10G44YH4VC6\/decorative-metal-baluster-a100-2.4-m.jpg\" alt=\"lihtne 3-samm paigaldamise juhend VEVOR metallist balusters; quick setup kruvidega ja base liides.\" \/><\/div><div class=\"section-desc\">Koos ajatu siluett, meie baluster v\u00f5llid t\u00f5sta esteetika, lisades samas veidi rafineeritumalt mis tahes ruumi.<\/div><\/div><div class=\"section\"><div class=\"section-title\"><\/div><div class=\"section-img\"><img decoding=\"async\" src=\"\/vevor\/product\/ZXKLGZ10G44YH4VC6\/decorative-metal-baluster-a100-2.5.jpg\" alt=\"VEVOR metallist balusters siseruumides trepid, k\u00e4sipuud, ja v\u00e4ljas aiad tutvustada erinevaid rakendusi.\" \/><\/div><div class=\"section-mobile-img\"><img decoding=\"async\" src=\"\/vevor\/product\/ZXKLGZ10G44YH4VC6\/decorative-metal-baluster-a100-2.5-m.jpg\" alt=\"VEVOR metallist balusters siseruumides trepid, k\u00e4sipuud, ja v\u00e4ljas aiad tutvustada erinevaid rakendusi.\" \/><\/div><div class=\"section-desc\">Lihtsalt puurida ja turvaline kruvidega kasutades electric drill kiire ja lihtne kokkupanek.<\/div><\/div><div class=\"section\"><div class=\"section-img\"><img decoding=\"async\" src=\"\/vevor\/product\/ZXKLGZ10G44YH4VC6\/decorative-metal-baluster-a100-1.11.jpg\" alt=\"VEVOR metallist balusters, matt must, tsingitud teras, 44 tolli pikk, 0.5-tolline laius, pakendis 10.\" \/><\/div><div class=\"section-mobile-img\"><img decoding=\"async\" src=\"\/vevor\/product\/ZXKLGZ10G44YH4VC6\/decorative-metal-baluster-a100-1.11-m.jpg\" alt=\"VEVOR metallist balusters, matt must, tsingitud teras, 44 tolli pikk, 0.5-tolline laius, pakendis 10.\" \/><\/div><\/div><\/div><\/body><\/html><\/div>\n<div class=\"DM_at-title\" id=\"js-DM_at-title\"> <div>Toote spetsifikatsioon<\/div> <i class=\"icon-arrowup_line\"><\/i> <\/div><div class=\"DM_at-goodsDescAttr\" id=\"js-DM_at-goodsDescAttr\"> <div class=\"DM_at-goodsDescAttrInner\"> <dl class=\"goodsDesc_item goodsDesc_item_even\"> <dt>Mudel<\/dt> <dd> ZX-LX44in-10<\/dd> <\/dl> <dl class=\"goodsDesc_item\"> <dt>Kogus<\/dt> <dd> 10tk<\/dd> <\/dl> <dl class=\"goodsDesc_item goodsDesc_item_even\"> <dt>Peamine Materjal<\/dt> <dd> Tsingitud Teras<\/dd> <\/dl> <dl class=\"goodsDesc_item\"> <dt>Struktuur<\/dt> <dd> \u00d5\u00f5nsad<\/dd> <\/dl> <dl class=\"goodsDesc_item goodsDesc_item_even\"> <dt>V\u00e4rv<\/dt> <dd> Matt Must<\/dd> <\/dl> <dl class=\"goodsDesc_item\"> <dt>Neto Kaal<\/dt> <dd> 12.6 lbs\/5.71 kg<\/dd> <\/dl> <dl class=\"goodsDesc_item goodsDesc_item_even\"> <dt>Toote M\u00f5\u00f5tmed (per t\u00fckk)<\/dt> <dd> 0.5x0.5x44&#034;\/13x13x1122mm<\/dd> <\/dl> <\/div> <\/div>","protected":false},"excerpt":{"rendered":"<ul>\n<li> Tugev ja Vastupidav: Kui baluster v\u00f5llid on valmistatud vastupidavast tsingitud terasest toru, mille paksus on 0,06 ... &#034;\/1,5 mm. Nad on v\u00e4ga vastupidav kulumise, hooplemine sile pulber-kaetud viimistlus, mis takistab kriimustuste, pragude ja rooste. Toetatud terasest torud, nad pakuvad tugevat stabiilsust ning on vastupidav deformatsiooni ja loksutades, tagades oma pikaajalise meelerahu. <\/li>\n<li> 10-osaline Komplekt Spetsifikatsioonid: See komplekt sisaldab 10 spiraal balusters, 20 baluster kingad, 40 kruvid ja 1 kasutusjuhendi. Iga v\u00f5lli pikkus 44&#034; pikkus, mille laius ei \u00fcleta 0,5&#034;, \u00fchildub enamiku s\u00f5imamine \u00fchendused v\u00f5i kingad on saadaval turul, sobib enamus s\u00f5imamine raamistikke. <\/li>\n<li> Moodne ja Elegantne V\u00e4limus: Need balusters pakkuda stiilne ja esteetiline v\u00e4ljan\u00e4gemine. Pind on kaetud matt viimistlus, mis j\u00e4rgib AAMA-2604 standard, tutvustada peen viimistletud ja t\u00e4helepanu detailidele. Sileda tekstuuri, nad lisada puudutus rafineeritumalt oma trepikoda, parandada kvaliteeti teie kodune elu. <\/li>\n<li> Lihtne Sisekujundus ja Installida: komplekti kuulub erinevaid paigaldus tarvikutega, sealhulgas baluster kingad. Kasutades elektripliit puurida, v\u00f5id kergesti puurida augud ja kinnitage baluster kingad lihtne paigaldus. On soovitatav, et s\u00e4ilitada baluster vahekaugus ei tohi olla \u00fcle 4 tolli optimaalsete tulemuste saavutamiseks. \u00d5\u00f5nes terasest toru on lihtne sisekujundus, v\u00f5imaldab mugav t\u00e4psustused pikkus nii, et see sobiks eri paigaldus vajadustele. <\/li>\n<li> Lai Valik Kasutamine: Need elegantselt lihtne baluster v\u00f5llid saab kasutada, et t\u00e4iendada eri stiile, kas te eelistate minimalistliku kaasaegsed v\u00f5i P\u00f5hjamaade home decor stiilis. Need v\u00f5ivad olla seotud sinu trepikoda v\u00f5i k\u00e4sipuu, lisades, esteetiline kaebuse koju. <\/li>\n<\/ul>","protected":false},"featured_media":299890,"comment_status":"closed","ping_status":"open","template":"","meta":{"om_disable_all_campaigns":false,"_monsterinsights_skip_tracking":false,"_monsterinsights_sitenote_active":false,"_monsterinsights_sitenote_note":"","_monsterinsights_sitenote_category":0,"_uf_show_specific_survey":0,"_uf_disable_surveys":false},"location":[1935,1934],"product_brand":[21],"product_cat":[3025,2937,2936,2423],"product_tag":[],"class_list":{"0":"post-37350","1":"product","2":"type-product","3":"status-publish","4":"has-post-thumbnail","6":"location-supplier_stock_location","7":"location-local_stock_location","8":"product_brand-vevor","9":"product_cat-balusters-spindles","10":"product_cat-deck-railings","11":"product_cat-decking","12":"product_cat-lumber-composites","14":"first","15":"instock","16":"featured","17":"taxable","18":"shipping-taxable","19":"purchasable","20":"product-type-simple"},"aioseo_notices":[],"jetpack_sharing_enabled":true,"locations":[{"id":1935,"name":"Pieg\u0101d\u0101t\u0101ja noliktav\u0101 (5-7d.d.)","slug":"supplier_stock_location","quantity":"47"},{"id":1934,"name":"R\u012bgas veikal\u0101 (0-2d.d.)","slug":"local_stock_location","quantity":"0"}],"_links":{"self":[{"href":"https:\/\/vevorshop.lv\/et\/wp-json\/wp\/v2\/product\/37350","targetHints":{"allow":["GET"]}}],"collection":[{"href":"https:\/\/vevorshop.lv\/et\/wp-json\/wp\/v2\/product"}],"about":[{"href":"https:\/\/vevorshop.lv\/et\/wp-json\/wp\/v2\/types\/product"}],"replies":[{"embeddable":true,"href":"https:\/\/vevorshop.lv\/et\/wp-json\/wp\/v2\/comments?post=37350"}],"wp:featuredmedia":[{"embeddable":true,"href":"https:\/\/vevorshop.lv\/et\/wp-json\/wp\/v2\/media\/299890"}],"wp:attachment":[{"href":"https:\/\/vevorshop.lv\/et\/wp-json\/wp\/v2\/media?parent=37350"}],"wp:term":[{"taxonomy":"location","embeddable":true,"href":"https:\/\/vevorshop.lv\/et\/wp-json\/wp\/v2\/location?post=37350"},{"taxonomy":"product_brand","embeddable":true,"href":"https:\/\/vevorshop.lv\/et\/wp-json\/wp\/v2\/product_brand?post=37350"},{"taxonomy":"product_cat","embeddable":true,"href":"https:\/\/vevorshop.lv\/et\/wp-json\/wp\/v2\/product_cat?post=37350"},{"taxonomy":"product_tag","embeddable":true,"href":"https:\/\/vevorshop.lv\/et\/wp-json\/wp\/v2\/product_tag?post=37350"}],"curies":[{"name":"wp","href":"https:\/\/api.w.org\/{rel}","templated":true}]}}