{"id":37580,"date":"2024-11-19T02:44:40","date_gmt":"2024-11-19T02:44:40","guid":{"rendered":"http:\/\/vevorshop.edigo.lv\/Prece\/vevor-foosball-table-55-inch-standard-size-foosball-table-indoor-full-size-foosball-table-for-home-family-and-game-room-soccer-with-foosball-table-set-includes-4-balls-and-2-cup-holders-2\/"},"modified":"2026-04-04T03:48:46","modified_gmt":"2026-04-04T00:48:46","slug":"vevor-foosball-table-55-inch-standard-size-foosball-table-indoor-full-size-foosball-table-for-home-family-and-game-room-soccer-with-foosball-table-set-includes-4-balls-and-2-cup-holders-2","status":"publish","type":"product","link":"https:\/\/vevorshop.lv\/et\/Prece\/vevor-foosball-table-55-inch-standard-size-foosball-table-indoor-full-size-foosball-table-for-home-family-and-game-room-soccer-with-foosball-table-set-includes-4-balls-and-2-cup-holders-2\/","title":{"rendered":"VEVOR 140 cm t\u00e4issuuruses lauajalgpall 4 palli, 2 topsihoidjaga, koju, m\u00e4ngutuppa, kontorisse, vastupidav MDF konstruktsioon"},"content":{"rendered":"<div style=\"color: #fff!important; font-size: 16px; height: 24px; line-height: 24px; margin-top: -24px; \" class=\"product_original_name\">VEVOR Foosball Table, 55 inch Standard Size Foosball Table, Indoor Full Size Foosball Table for Home, Family, and Game Room, Soccer with Foosball Table Set, Includes 4 Balls and 2 Cup Holders<\/div>\n<div style=\"color: #fff!important; font-size: 16px; height: 24px; line-height: 24px; margin-top: -24px; \" class=\"product_sku\">M4I4LAVK<\/div>\n<div style=\"color: #fff!important; font-size: 16px; height: 24px; line-height: 24px; margin-top: -24px; \" class=\"product_mpn\">ZZKZQZBB55YC4VSSQV0<\/div><div id=\"js-DM_at-goodDescRich\"><html><head><style>  body {    font-family: Arial;    line-height: 1.5;    color: #1c1c1c;    overflow-x: hidden;    margin: 0;    padding: 0;  }  .MsoNormal b {    font-weight: bolder;  }<\/style><style>  .container.small {    width: 970px;    margin: 0 auto;  }  .logo {    margin: 0 auto 0;  }  .logo img {    display: block;    margin: 0 auto;    max-width: 100%;  }  .logo .pc-banner {    display: block;    width: 1200px;    height: 247.4px;    margin: 0 auto;  }  .logo .pc-banner.small {    width: 970px;  }  .logo .pc-banner.small img {    height: auto!important;  }  .logo .m-banner {    display: none;  }  .ytvideo {    position: relative;    height: 546px;    width: 100%;    margin: 0 auto;  }  .ytvideo img {    width: 100%;    margin: 0 auto;  }  .ytvideo .play-btn {    width: 60px;    height: 42px;    position: absolute;    top: 50%;    left: 50%;    transform: translate(-50%, -50%);    background: url(\"data:image\/png;base64,iVBORw0KGgoAAAANSUhEUgAAAGQAAABGCAMAAAANWMFbAAAC+lBMVEUAAADBGB3kLCfBGB3kLCfcJC7BFx3KKSbiKybkLCbWJCPSIiLSIiLPICHAFx3kLCfgKSXNHiDZJiTIGx\/p4eHcjo7LHSDbJyTkLCbjKyfOHyHPIiL28fHJHB\/GGh7EGR7eKCXDGB3RISHlLSbBGB3AFxzGHB7DGB7BGB3hKybkKybAFx3lLCfAFxzDGR3hKibDGB7cJyTmz8\/elJTlwcHjurrUIyLlLSflLSfAFx3DGR7lLSfCFx3hKibhKibhKybjKybkLCblLSfbJSX49vbx7e3NNzjNMTLMJyjVIyLZf3\/ZQ0LaeHjx0tLgoqLkLCfCGB3HGx\/BGB3BFx3PICHCGB7WJCLOHyC\/Fxy\/Fx3lLCfQISHkLSe\/FxzbJiTBFx3FGx\/AGB7BFx3EGR7AGB3HHSDfKiXAFh3TISHYNzbhKibbJyTTIiL57e325+f039\/v2NjUV1fOHiHiqanfmprch4feKSXVIyPOICHmLibFGh\/mLSe\/Fx7XJCPeKSXXJSPNHyHaJyTGGh7lLCbmLCflLSjSIiLkLCbdKSXLHiC\/GB3KHh++Fh3lKyfoLiXcKCPkx8fYb2\/XaGfVXl3aU1LLHiDksbHgKibPICHbJyTfKSXbJyTCGB3KHSDiKybFGh7TIiL\/\/\/\/VIyPRISHIHB\/GGx\/HHB\/DGR7gKibdKCXLHiDZJiTMHiDNHyHYJSTOICHPICHWJCPcKCXXJSPjLCblLCf+\/f3NGR\/uLijzLynPGR\/IGB7WISHaIyLLGh7UAADxLynNAADRLzDbICLQAADIAAD3MCrUHSHXMTDpKSbLAADp5OTij4\/ejo\/VLy\/1LyngJSTcJCPQHx\/OHB7+\/PzaMS\/OLS\/vLijrLSjSAADaNTPwLyjkKSbNJCbYISHPHB\/KGB7WAAD7+vrn3d3aKynTKCjoLCfsKifRGh\/YAADq5+fhjo7QNDXXKCfmJyXt5+fTLzDLLi\/QKivYHRvMGBrQJCXLISPMExXLDxLaEAvkkI\/bOTfaFQ\/SCgpvLcnHAAAAmnRSTlMA+vv7+gT9Bvf9+8z8\/NSv\/Pr5+P7++vnQIBMP\/v38\/Pn348XDiCYf9OjbzcqxXVcx\/fz8+\/rj1r2poo1+fXFqX0orGP7+\/v7+\/fz8+\/r68uzn4trIxsG\/vri3p6GcmZSNbWVYUUZEPQv+\/f39+\/v7+\/v7+vr64tvV1NTTz87FtbSurqeblJKFg4B3bUY+NjL7+\/v7+\/v67t1cDo8JLQAABkRJREFUWMO0kz9rwkAYh0OIeJkum6YugUAhISCdKoj\/P4C7SMdS+gEKIhSKil10LSg4mzXkILdlEpxCpwTiWOLX6BujvQaEQuGeHLnL+\/64J+SIcKGYTYWnntpdLjrVdqvZmNdn0+EE40GtpuuWVS6Xx6N7YDSGpWXpeq02wHgynM7q80az1a52HpddtVcpsi1zFARBrdaxbhp9iUReTGmwA4KAAr7vx3EYejnCMI6hQYEgy0LQi4jUN0wL19vqFcUC9\/1dAKmEEFkWRYkh5oBejnxQJiSJPJ\/uKBp0Thszx9Mw8hMRIQjKsptCfuES9zr5WJY6vSFCIvE9fCMUmEM1A1kSXcYGxgVYsvI1IPKTZciSTI0us\/SMGG04gDzELDoFBwdcFJrF88dqgYMTiL6DILWYyfOWE8\/kIz38olCNlC03FK95+imxp6y4oUSvAnBjHHhKNtotSDqJzVFiK8c2SBqhZtsrTtgrLXwAyduxZHNE26eHUt5rtuM4WSmds3G+sUdWYo1L+XyxButoh5eKUHk5lByO3G1LqqCWVnfrv\/lyPtf\/4ps1cndNGIri8J1TJ0lx6dR\/oPjq1nbRwdp2dCk4CtIOLW3pVKRL6WZfS5vF2KkIQhpwSsjiYIgNCs1gEMGqiIq24NQX9NwoXFy8Ufrl3twTcg4fv8T9\/JBEySduj6Mjm4bMzYV7EEOxKjjoNDud7yY3Dy71Hq2oLmqfbNR723edH9PgMrNL2utoQ3VmaIDkiw\/4w51P06hlZsTZvkRrbVuSIs\/zwSOsycgzStQouoAkWQqioRT5XI7n2Z1wfVhoZmcAJLsoqjqpjbWCgpOAJXBwHK8PzWbNvoUZJND5wCnSkLAkZ1legx6vqQzjoiTahKlGUGLAiIIoABOHaNVw4sexZBym6\/HWlH5h3IC7yRbxtipcWxdTOkORKiNQAEkFf66x5S2oeRbroOlLgg0sSYkR0hRGEqJZ0jTPiQKatESdBckpWigxaapEH0lImHdWu9pUFF2XqMNM2Z4kped7IwEJw2qabwtrQqnpw6HyKkgcadKWsmpywwesDyIhYRpdzXddqegtGIJlXbAIUMOLkGxJUjRIkokwjUaX9d\/kK62ps\/tYUqZLIMkLTyBhsMZ3C5Z\/kDxOSCb\/DOs\/\/J0qcWSX\/2ipe56EgTCA4\/cB7NAYOsni4mZM1MUPAISoEwkDi4lhVBQ1cWQyIcwalw4EpqZN68JUSK7XC0kTlkLYii5uXSC8jT5ncCAS7mjCv0uHp\/3lueHEEAeQ\/\/VgmdN71\/2uCSA1Xr6DO6uI6sW56zqT2tp2PhgiRUAajV8CY2fkcz6WGNKMgLAt7tJAhD4YHMTeRxlALE6+43WqjSWi8ITxyJl8WrwWSNESQZZOqhDDntO3hJLsd5RtSpbJqdv3YrDJH3F7jL1R2O2aQkn2MyCyKYz0GPGIvSAMgBCrCEiJyKbBaYGwLW4uPRr0A0M4Ux5kUI7IBh+hMdiCEWNqhMZGyYMsOgNE58UQuEQeUnSWCMYwL54hkxK6IoqucQZbQ3pc3XtL0lky1dL0zZJJDpWJovFqpWj6JEHnyam2eQp5QRVAVHjWparTOaVwUOx99YS2MvgxIGV0bb+qIg2HX2qkFFJB+XZcbLiuRkuxD9GRroKyveLxdh4d7Orx+hb7qc3uVRuEogCOnyIxm4ubUoPgF4jianDrC+SDQDKEfJb0GUKmjCGPYHGJvVC6X4hw1\/sAfQAdfYyephIaspXe36RwOP+Ljvfx9B6B3i+Nk0DGq+oCbLn6JpBa9nWAveAIHwFAwtVcIJXPMPL8kRu5OAYPMaL1WScTxjiZDqB9LTJSWphow\/pTYKRTLjCBhvi9iBidvKcDasGSm0QQkycYuLBqj6QCELPctqChDWpTRMWkngNNpQ1Pfp1KkiT\/Y0DGffXAweUNfLAfaJFKDwhb6I+bkYRbkERoEeu3Fyjg2opMz2daZCS9jt6Q7txNfB+OZEVF6Zl5web2xunnLQrtrjXseXKaFYziYINeMFZVxS9VxRhOoesYwxPKXm+gWLG9cuFeq93UNNeJNsf1KlwuDok9n02n3TgIJpOxNfL9naIoQwXtfH9kjceTIIi709ncTg6LZbg+biLH1V6u\/7rxBem06VXKn9raAAAAAElFTkSuQmCC\")      no-repeat center center \/ contain;  }  @media screen and (max-width: 960px) and (orientation: portrait) {    .logo {      width: 100%;    }    .logo .pc-banner {      display: none;    }    .logo .m-banner {      display: block;      width: 100%;    }    .logo .m-banner img {      height: auto!important;    }    .ytvideo {      height: 200px;      width: 100%;    }  }<\/style><style>  .video-section {    width: 100%;    margin: 0 auto;  }  .video-section > img {    width: 100%;  }  .video-section iframe,  .video-section video {    width: 100%;    height: 100%;      }  .video-section-img-m,  .video-section-img-pc > img {    width: 100%;    height: auto;  }  .video-section-img-pc.small > img {    width: 970px;  }  .video-desc {    line-height: 1.5;    font-size: 20px;    font-weight: 400;    margin: 20px 0;    text-align: center;    color: #0f1111;    word-break: break-word;  }  @media screen and (max-width: 960px) and (orientation: portrait) {    .video-section {      width: 100%;    }    .video-section-pc,    .video-section-img-pc {      display: none;    }    .video-section-m,    .video-section-img-m {      display: block;    }    .video-desc {      font-size: 15px;    }  }  @media screen and (min-width: 960px) {    .video-section {      width: 100%;      margin: 0 auto;    }    .video-section-pc,    .video-section-img-pc {      display: block;    }    .video-section-m,    .video-section-img-m {      display: none;    }    .video-desc {      font-size: 20px;    }  }<\/style><style>  .section + .section {    margin-top: 35px;  }  .section-title {    text-align: center;    font-weight: bold;    color: #0d1111;    font-family: \"Arial\";    font-size: 32px;    margin: 15px 0;  }  .section-title:empty {    display: none;  }  .section-desc {    text-align: center;    font-weight: normal;    color: #0d1111;    margin-top: 20px;  }  .section-desc:empty {    display: none;  }  .section-img {    width: 1200px;    height: 492px;    margin: 0 auto;    display: block;  }  .section-img.small {    width: 970px;    height: auto;  }  .section-img.small > img {    height: auto;  }  .section-img > img {    width: 100%;    height: 100%;  }  .section-mobile-img {    display: none;    max-width: 100vw;    max-height: 75vw;    height: 450px;    margin: 0 auto;  }  .section-mobile-img > img {    width: 100%;    height: 100%;  }  @media screen and (max-width: 960px) and (orientation: portrait) {    .container {      width: 100%;    }    .container.small {      width: 100%;    }    .section-mobile-img {      display: block;    }    .section-img {      display: none;    }    .section-title {      font-size: 22px;      margin: 10px 0;    }    .section-desc {      margin-top: 10px;    }    .section + .section {      margin-top: 20px;    }  }<\/style><\/head><body><div class=\"container\"><div class=\"logo\"><div class=\"pc-banner\"><div><img decoding=\"async\" src=\"\/vevor\/vevor\/boutique-banner\/pc\/en-pc@1x.jpg\" style=\"width: 100%;\" \/><\/div><\/div><div class=\"m-banner\"><div><img decoding=\"async\" src=\"\/vevor\/vevor\/boutique-banner\/mobile\/en-m@1x.jpg\" style=\"width: 100%;\" \/><\/div><\/div><\/div><div class=\"section-title\">Foosball Tabel: Avastada teistsugust L\u00f5bus!<\/div><div class=\"video-section\"><div class=\"video-section-img-pc\"><img decoding=\"async\" src=\"\/vevor\/product\/ZZKZQZBB55YC4VSSQ\/foosball-table-a100-1.4.jpg\" alt=\"VEVOR foosball tabel kasutada, pakkudes konkurentsiv\u00f5imeline l\u00f5bus siseruumides omadusi nagu vastupidavus ja lihtne paigaldus.\" \/><\/div><div class=\"video-section-img-m\"><img decoding=\"async\" src=\"\/vevor\/product\/ZZKZQZBB55YC4VSSQ\/foosball-table-a100-1.4-m.jpg\" alt=\"VEVOR foosball tabel kasutada, pakkudes konkurentsiv\u00f5imeline l\u00f5bus siseruumides omadusi nagu vastupidavus ja lihtne paigaldus.\" \/><\/div><div class=\"section-desc\">Lauaplaadi peale jalgpalli m\u00e4ng pakub kiiret solvav ja kaitslik \u00fcleminekud, haarav vastasseise, ja katsed m\u00e4ngijate kiire reflekside ja k\u00e4e-aju koordineerimine. See on v\u00e4ga interaktiivne, sobib 2-4 m\u00e4ngijat, luues vaba aja veetmise ruumi.<\/div><\/div><div class=\"section\"><div class=\"section-title\"><\/div><div class=\"section-img\"><img decoding=\"async\" src=\"\/vevor\/product\/ZZKZQZBB55YC4VSSQ\/foosball-table-a100-2.2.jpg\" alt=\"VEVOR foosball tabel 13 sinine ja valge m\u00e4ngijad, 13 must ja valge m\u00e4ngijad, 4 maahokikepid, 2 tablood, ja 2 topsihoidjad.\" \/><\/div><div class=\"section-mobile-img\"><img decoding=\"async\" src=\"\/vevor\/product\/ZZKZQZBB55YC4VSSQ\/foosball-table-a100-2.2-m.jpg\" alt=\"VEVOR foosball tabel 13 sinine ja valge m\u00e4ngijad, 13 must ja valge m\u00e4ngijad, 4 maahokikepid, 2 tablood, ja 2 topsihoidjad.\" \/><\/div><div class=\"section-desc\">Iga aspekti foosball tabel, juhatuse materjali v\u00e4ikseim riistvara osa, mis on peeneks poleeritud.<\/div><\/div><div class=\"section\"><div class=\"section-title\"><\/div><div class=\"section-img\"><img decoding=\"async\" src=\"\/vevor\/product\/ZZKZQZBB55YC4VSSQ\/foosball-table-a100-2.3.jpg\" alt=\"VEVOR foosball tabel featuring vastupidav vardad, laiendatud stabiilsed jalad, mugav ja mitte-slip k\u00e4epidemed.\" \/><\/div><div class=\"section-mobile-img\"><img decoding=\"async\" src=\"\/vevor\/product\/ZZKZQZBB55YC4VSSQ\/foosball-table-a100-2.3-m.jpg\" alt=\"VEVOR foosball tabel featuring vastupidav vardad, laiendatud stabiilsed jalad, mugav ja mitte-slip k\u00e4epidemed.\" \/><\/div><div class=\"section-desc\">K\u00e4epidemed on korduvalt rafineeritud suuruse ja kuju sobib haarduvus parem. Kui tekstuuriga, mitte-libisemine, mugav disain pakub suurt tunda, leevendada stressi igal ajal, k\u00f5ikjal. Vaid paar minutit m\u00e4ngida aitab teil unustada oma mured.<\/div><\/div><div class=\"section\"><div class=\"section-title\"><\/div><div class=\"section-img\"><img decoding=\"async\" src=\"\/vevor\/product\/ZZKZQZBB55YC4VSSQ\/foosball-table-a100-2.4.jpg\" alt=\"VEVOR foosball tabel klassikaline puidu viimistlus, lihtne kokku panna, kasutajas\u00f5bralik, \u00e4\u00e4rmiselt soovitatav, nagu kingitus.\" \/><\/div><div class=\"section-mobile-img\"><img decoding=\"async\" src=\"\/vevor\/product\/ZZKZQZBB55YC4VSSQ\/foosball-table-a100-2.4-m.jpg\" alt=\"VEVOR foosball tabel klassikaline puidu viimistlus, lihtne kokku panna, kasutajas\u00f5bralik, \u00e4\u00e4rmiselt soovitatav, nagu kingitus.\" \/><\/div><div class=\"section-desc\">Klassikaline disain ja v\u00e4rvilahendus segu ning mis tahes kodus, t\u00e4iesti paigaldamise keldris, m\u00e4ng toas v\u00f5i korteris lauatagune m\u00e4ng. Ei pea muretsema pakendite kahju, et muuta meie foosball tabel v\u00e4\u00e4rtuslik kingitus oma l\u00e4hedased s\u00f5brad ja pere.<\/div><\/div><div class=\"section\"><div class=\"section-title\"><\/div><div class=\"section-img\"><img decoding=\"async\" src=\"\/vevor\/product\/ZZKZQZBB55YC4VSSQ\/foosball-table-a100-2.5.jpg\" alt=\"erinevate stseenide inimesed m\u00e4ngivad edasi VEVOR foosball tabel, tuues v\u00e4lja pere l\u00f5bus, meelelahutus\" \/><\/div><div class=\"section-mobile-img\"><img decoding=\"async\" src=\"\/vevor\/product\/ZZKZQZBB55YC4VSSQ\/foosball-table-a100-2.5-m.jpg\" alt=\"erinevate stseenide inimesed m\u00e4ngivad edasi VEVOR foosball tabel, tuues v\u00e4lja pere l\u00f5bus, meelelahutus\" \/><\/div><div class=\"section-desc\">Meie foosball tabelid on lihtne kokku panna, mis t\u00e4hendab, pere m\u00e4ng \u00f6\u00f6d ja baar turniiril saab alustada kohe!<\/div><\/div><div class=\"section\"><div class=\"section-img\"><img decoding=\"async\" src=\"\/vevor\/product\/ZZKZQZBB55YC4VSSQ\/foosball-table-a100-1.11.jpg\" alt=\"VEVOR foosball tabel p\u00e4hkel viimistlusega, m\u00f5\u00f5dud: 54&#034;x29&#034;x34.6&#034;, 26 m\u00e4ngija arvandmed, 4 maahokikepid.\" \/><\/div><div class=\"section-mobile-img\"><img decoding=\"async\" src=\"\/vevor\/product\/ZZKZQZBB55YC4VSSQ\/foosball-table-a100-1.11-m.jpg\" alt=\"VEVOR foosball tabel p\u00e4hkel viimistlusega, m\u00f5\u00f5dud: 54&#034;x29&#034;x34.6&#034;, 26 m\u00e4ngija arvandmed, 4 maahokikepid.\" \/><\/div><\/div><\/div><\/body><\/html><\/div>\n<div class=\"DM_at-title\" id=\"js-DM_at-title\"> <div>Product specification<\/div> <i class=\"icon-arrowup_line\"><\/i> <\/div><div class=\"DM_at-goodsDescAttr\" id=\"js-DM_at-goodsDescAttr\"> <div class=\"DM_at-goodsDescAttrInner\"> <dl class=\"goodsDesc_item goodsDesc_item_even\"> <dt>Punkt Mudeli Number<\/dt> <dd> SUO-5429L<\/dd> <\/dl> <dl class=\"goodsDesc_item\"> <dt>Neto Kaal<\/dt> <dd> 32.7 kg \/ 72.1 lbs<\/dd> <\/dl> <dl class=\"goodsDesc_item goodsDesc_item_even\"> <dt>M\u00f5\u00f5tmed (Pxlxk)<\/dt> <dd> 1372x737x878 mm \/ 54x29x34.6 tolli<\/dd> <\/dl> <\/div> <\/div>","protected":false},"excerpt":{"rendered":"<ul>\n<li> Tugev ja Vastupidav: 55-tolline foosball tabel on valmistatud k\u00f5rge-kvaliteet keskmise tihedusega fiberboard, vastupidav ja hallituse vastupidavad. Hotellis on 26 m\u00e4ngijat ja 4 maahokikepid, peenelt meisterdatud ja l\u00f5hnatu. Vardad on sirged ja siledad, tagades v\u00f5imas l\u00f6\u00f6b ilma painutamine v\u00f5i rooste eemaldamiseks, mis \u00fcletab teie ootused tugev ja kauakestev tabel. <\/li>\n<li> Suurep\u00e4rane Meelelahutus: foosball tabel funktsioonid anti-slip k\u00e4epidemed sujuv vaheldumine, mist\u00f5ttu on vaevatu p\u00f6\u00f6rduda. See aidsi kiire vahetamine rikkumise ja riigikaitse, mis teeb v\u00f5istluse p\u00f5nevamaks ja intensiivne. Samuti saab mugavalt hoida skoor fikseeritud scorekeeper ja koht maitsva joogi-topsihoidja, suurendades l\u00f5bus m\u00e4ng. <\/li>\n<li> Sile Palli Liikumine: foosball tabel on mugav k\u00f5rgus sobib enamiku inimeste jaoks. Laiendatud jalad tagavad p\u00fcsivuse tabel, ja te saate kohandada need jalad s\u00e4ilitada tasakaalustatud m\u00e4ngides pind t\u00e4psem palli kontrolli. <\/li>\n<li> Lai Rakendus: See on mitmek\u00fclgne tabel \u00e4ri, meelelahutus, kodus, vaba aja veetmise ja hariduslikel eesm\u00e4rkidel, oluline s\u00f5ber kogunemised, stressi leevendamiseks, ja kehaliste harjutustega. Seda saab paigaldada oma kodus v\u00f5i kontoris ja on tihti leidub vaba aja klubid, k\u00fclalistemajad, baarid ja restoranid. <\/li>\n<li> Lihtne \u00dchendamine Ei ole vaja muretseda raske rajatised. Saate h\u00f5lpsasti koguda foosball tabel p\u00e4rast meie juhiseid. See peaaegu professionaalne tase tabel, koos oma vastupidav pakend ja praktilisi funktsioone, mis on suurep\u00e4rane kingitus valik pere ja s\u00f5prade jaoks. <\/li>\n<\/ul>","protected":false},"featured_media":300238,"comment_status":"closed","ping_status":"open","template":"","meta":{"om_disable_all_campaigns":false,"_monsterinsights_skip_tracking":false,"_monsterinsights_sitenote_active":false,"_monsterinsights_sitenote_note":"","_monsterinsights_sitenote_category":0,"_uf_show_specific_survey":0,"_uf_disable_surveys":false},"location":[1935,1934],"product_brand":[21],"product_cat":[3987,2817,2816,2378],"product_tag":[],"class_list":{"0":"post-37580","1":"product","2":"type-product","3":"status-publish","4":"has-post-thumbnail","6":"location-supplier_stock_location","7":"location-local_stock_location","8":"product_brand-vevor","9":"product_cat-foosball-table","10":"product_cat-game-room","11":"product_cat-games-sports-outdoors","12":"product_cat-sports-outdoors","14":"first","15":"instock","16":"taxable","17":"shipping-taxable","18":"purchasable","19":"product-type-simple"},"aioseo_notices":[],"jetpack_sharing_enabled":true,"locations":[{"id":1935,"name":"Pieg\u0101d\u0101t\u0101ja noliktav\u0101 (5-7d.d.)","slug":"supplier_stock_location","quantity":"10"},{"id":1934,"name":"R\u012bgas veikal\u0101 (0-2d.d.)","slug":"local_stock_location","quantity":"0"}],"_links":{"self":[{"href":"https:\/\/vevorshop.lv\/et\/wp-json\/wp\/v2\/product\/37580","targetHints":{"allow":["GET"]}}],"collection":[{"href":"https:\/\/vevorshop.lv\/et\/wp-json\/wp\/v2\/product"}],"about":[{"href":"https:\/\/vevorshop.lv\/et\/wp-json\/wp\/v2\/types\/product"}],"replies":[{"embeddable":true,"href":"https:\/\/vevorshop.lv\/et\/wp-json\/wp\/v2\/comments?post=37580"}],"wp:featuredmedia":[{"embeddable":true,"href":"https:\/\/vevorshop.lv\/et\/wp-json\/wp\/v2\/media\/300238"}],"wp:attachment":[{"href":"https:\/\/vevorshop.lv\/et\/wp-json\/wp\/v2\/media?parent=37580"}],"wp:term":[{"taxonomy":"location","embeddable":true,"href":"https:\/\/vevorshop.lv\/et\/wp-json\/wp\/v2\/location?post=37580"},{"taxonomy":"product_brand","embeddable":true,"href":"https:\/\/vevorshop.lv\/et\/wp-json\/wp\/v2\/product_brand?post=37580"},{"taxonomy":"product_cat","embeddable":true,"href":"https:\/\/vevorshop.lv\/et\/wp-json\/wp\/v2\/product_cat?post=37580"},{"taxonomy":"product_tag","embeddable":true,"href":"https:\/\/vevorshop.lv\/et\/wp-json\/wp\/v2\/product_tag?post=37580"}],"curies":[{"name":"wp","href":"https:\/\/api.w.org\/{rel}","templated":true}]}}