{"id":37682,"date":"2024-11-19T02:49:09","date_gmt":"2024-11-19T02:49:09","guid":{"rendered":"http:\/\/vevorshop.edigo.lv\/Prece\/vevor-dump-truck-mesh-tarp-6-5x18-ft-pvc-coated-black-heavy-duty-cover-with-5-5-18oz-double-pocket-brass-grommets-reinforced-double-needle-stitch-webbing-fits-manual-or-electric-dump-truck-syste\/"},"modified":"2026-04-20T06:03:27","modified_gmt":"2026-04-20T03:03:27","slug":"vevor-dump-truck-mesh-tarp-6-5x18-ft-pvc-coated-black-heavy-duty-cover-with-5-5-18oz-double-pocket-brass-grommets-reinforced-double-needle-stitch-webbing-fits-manual-or-electric-dump-truck-syste","status":"publish","type":"product","link":"https:\/\/vevorshop.lv\/et\/Prece\/vevor-kallur-vorgusilma-tent-6-5x18-jalga-pvc-kaetud-must-raskeveokite-kate-koos-5-5-18-oz-topelt-tasku-messingist-tihendid-tugevdatud-topelt-noela-omblusrihma-sobib-kasitsi-voi-elektriline-kallur-sys\/","title":{"rendered":"VEVOR 2\u00d75,5 m raskeveokite v\u00f5rgusilma tarp kallurautodele, PVC-kattega, topelttaskud, messingist tihendid, sobivad k\u00e4sitsi ja elektris\u00fcsteemidele"},"content":{"rendered":"<div style=\"color: #fff!important; font-size: 16px; height: 24px; line-height: 24px; margin-top: -24px; \" class=\"product_original_name\">VEVOR kallurveoki v\u00f5rk Tarp, 6,5x18 jalga, PVC-kattega must raskeveokite kate 5,5-tollise 18-tollise topelttaskuga, messingist l\u00e4biviigud, tugevdatud topeltn\u00f5el\u00f5mblusega rihma sobivus k\u00e4sitsi v\u00f5i elektriline kallurveokis\u00fcsteem<\/div>\n<div style=\"color: #fff!important; font-size: 16px; height: 24px; line-height: 24px; margin-top: -24px; \" class=\"product_sku\">M4I4LB0O<\/div>\n<div style=\"color: #fff!important; font-size: 16px; height: 24px; line-height: 24px; margin-top: -24px; \" class=\"product_mpn\">KPVC65X1818OZ0T3EV0<\/div><div id=\"js-DM_at-goodDescRich\"><html><head><style>  body {    font-family: Arial;    line-height: 1.5;    color: #1c1c1c;    overflow-x: hidden;    margin: 0;    padding: 0;  }  .MsoNormal b {    font-weight: bolder;  }<\/style><style>  .container.small {    width: 970px;    margin: 0 auto;  }  .logo {    margin: 0 auto 0;  }  .logo img {    display: block;    margin: 0 auto;    max-width: 100%;  }  .logo .pc-banner {    display: block;    width: 1200px;    height: 247.4px;    margin: 0 auto;  }  .logo .pc-banner.small {    width: 970px;  }  .logo .pc-banner.small img {    height: auto!important;  }  .logo .m-banner {    display: none;  }  .ytvideo {    position: relative;    height: 546px;    width: 100%;    margin: 0 auto;  }  .ytvideo img {    width: 100%;    margin: 0 auto;  }  .ytvideo .play-btn {    width: 60px;    height: 42px;    position: absolute;    top: 50%;    left: 50%;    transform: translate(-50%, -50%);    background: url(\"data:image\/png;base64,iVBORw0KGgoAAAANSUhEUgAAAGQAAABGCAMAAAANWMFbAAAC+lBMVEUAAADBGB3kLCfBGB3kLCfcJC7BFx3KKSbiKybkLCbWJCPSIiLSIiLPICHAFx3kLCfgKSXNHiDZJiTIGx\/p4eHcjo7LHSDbJyTkLCbjKyfOHyHPIiL28fHJHB\/GGh7EGR7eKCXDGB3RISHlLSbBGB3AFxzGHB7DGB7BGB3hKybkKybAFx3lLCfAFxzDGR3hKibDGB7cJyTmz8\/elJTlwcHjurrUIyLlLSflLSfAFx3DGR7lLSfCFx3hKibhKibhKybjKybkLCblLSfbJSX49vbx7e3NNzjNMTLMJyjVIyLZf3\/ZQ0LaeHjx0tLgoqLkLCfCGB3HGx\/BGB3BFx3PICHCGB7WJCLOHyC\/Fxy\/Fx3lLCfQISHkLSe\/FxzbJiTBFx3FGx\/AGB7BFx3EGR7AGB3HHSDfKiXAFh3TISHYNzbhKibbJyTTIiL57e325+f039\/v2NjUV1fOHiHiqanfmprch4feKSXVIyPOICHmLibFGh\/mLSe\/Fx7XJCPeKSXXJSPNHyHaJyTGGh7lLCbmLCflLSjSIiLkLCbdKSXLHiC\/GB3KHh++Fh3lKyfoLiXcKCPkx8fYb2\/XaGfVXl3aU1LLHiDksbHgKibPICHbJyTfKSXbJyTCGB3KHSDiKybFGh7TIiL\/\/\/\/VIyPRISHIHB\/GGx\/HHB\/DGR7gKibdKCXLHiDZJiTMHiDNHyHYJSTOICHPICHWJCPcKCXXJSPjLCblLCf+\/f3NGR\/uLijzLynPGR\/IGB7WISHaIyLLGh7UAADxLynNAADRLzDbICLQAADIAAD3MCrUHSHXMTDpKSbLAADp5OTij4\/ejo\/VLy\/1LyngJSTcJCPQHx\/OHB7+\/PzaMS\/OLS\/vLijrLSjSAADaNTPwLyjkKSbNJCbYISHPHB\/KGB7WAAD7+vrn3d3aKynTKCjoLCfsKifRGh\/YAADq5+fhjo7QNDXXKCfmJyXt5+fTLzDLLi\/QKivYHRvMGBrQJCXLISPMExXLDxLaEAvkkI\/bOTfaFQ\/SCgpvLcnHAAAAmnRSTlMA+vv7+gT9Bvf9+8z8\/NSv\/Pr5+P7++vnQIBMP\/v38\/Pn348XDiCYf9OjbzcqxXVcx\/fz8+\/rj1r2poo1+fXFqX0orGP7+\/v7+\/fz8+\/r68uzn4trIxsG\/vri3p6GcmZSNbWVYUUZEPQv+\/f39+\/v7+\/v7+vr64tvV1NTTz87FtbSurqeblJKFg4B3bUY+NjL7+\/v7+\/v67t1cDo8JLQAABkRJREFUWMO0kz9rwkAYh0OIeJkum6YugUAhISCdKoj\/P4C7SMdS+gEKIhSKil10LSg4mzXkILdlEpxCpwTiWOLX6BujvQaEQuGeHLnL+\/64J+SIcKGYTYWnntpdLjrVdqvZmNdn0+EE40GtpuuWVS6Xx6N7YDSGpWXpeq02wHgynM7q80az1a52HpddtVcpsi1zFARBrdaxbhp9iUReTGmwA4KAAr7vx3EYejnCMI6hQYEgy0LQi4jUN0wL19vqFcUC9\/1dAKmEEFkWRYkh5oBejnxQJiSJPJ\/uKBp0Thszx9Mw8hMRIQjKsptCfuES9zr5WJY6vSFCIvE9fCMUmEM1A1kSXcYGxgVYsvI1IPKTZciSTI0us\/SMGG04gDzELDoFBwdcFJrF88dqgYMTiL6DILWYyfOWE8\/kIz38olCNlC03FK95+imxp6y4oUSvAnBjHHhKNtotSDqJzVFiK8c2SBqhZtsrTtgrLXwAyduxZHNE26eHUt5rtuM4WSmds3G+sUdWYo1L+XyxButoh5eKUHk5lByO3G1LqqCWVnfrv\/lyPtf\/4ps1cndNGIri8J1TJ0lx6dR\/oPjq1nbRwdp2dCk4CtIOLW3pVKRL6WZfS5vF2KkIQhpwSsjiYIgNCs1gEMGqiIq24NQX9NwoXFy8Ufrl3twTcg4fv8T9\/JBEySduj6Mjm4bMzYV7EEOxKjjoNDud7yY3Dy71Hq2oLmqfbNR723edH9PgMrNL2utoQ3VmaIDkiw\/4w51P06hlZsTZvkRrbVuSIs\/zwSOsycgzStQouoAkWQqioRT5XI7n2Z1wfVhoZmcAJLsoqjqpjbWCgpOAJXBwHK8PzWbNvoUZJND5wCnSkLAkZ1legx6vqQzjoiTahKlGUGLAiIIoABOHaNVw4sexZBym6\/HWlH5h3IC7yRbxtipcWxdTOkORKiNQAEkFf66x5S2oeRbroOlLgg0sSYkR0hRGEqJZ0jTPiQKatESdBckpWigxaapEH0lImHdWu9pUFF2XqMNM2Z4kped7IwEJw2qabwtrQqnpw6HyKkgcadKWsmpywwesDyIhYRpdzXddqegtGIJlXbAIUMOLkGxJUjRIkokwjUaX9d\/kK62ps\/tYUqZLIMkLTyBhsMZ3C5Z\/kDxOSCb\/DOs\/\/J0qcWSX\/2ipe56EgTCA4\/cB7NAYOsni4mZM1MUPAISoEwkDi4lhVBQ1cWQyIcwalw4EpqZN68JUSK7XC0kTlkLYii5uXSC8jT5ncCAS7mjCv0uHp\/3lueHEEAeQ\/\/VgmdN71\/2uCSA1Xr6DO6uI6sW56zqT2tp2PhgiRUAajV8CY2fkcz6WGNKMgLAt7tJAhD4YHMTeRxlALE6+43WqjSWi8ITxyJl8WrwWSNESQZZOqhDDntO3hJLsd5RtSpbJqdv3YrDJH3F7jL1R2O2aQkn2MyCyKYz0GPGIvSAMgBCrCEiJyKbBaYGwLW4uPRr0A0M4Ux5kUI7IBh+hMdiCEWNqhMZGyYMsOgNE58UQuEQeUnSWCMYwL54hkxK6IoqucQZbQ3pc3XtL0lky1dL0zZJJDpWJovFqpWj6JEHnyam2eQp5QRVAVHjWparTOaVwUOx99YS2MvgxIGV0bb+qIg2HX2qkFFJB+XZcbLiuRkuxD9GRroKyveLxdh4d7Orx+hb7qc3uVRuEogCOnyIxm4ubUoPgF4jianDrC+SDQDKEfJb0GUKmjCGPYHGJvVC6X4hw1\/sAfQAdfYyephIaspXe36RwOP+Ljvfx9B6B3i+Nk0DGq+oCbLn6JpBa9nWAveAIHwFAwtVcIJXPMPL8kRu5OAYPMaL1WScTxjiZDqB9LTJSWphow\/pTYKRTLjCBhvi9iBidvKcDasGSm0QQkycYuLBqj6QCELPctqChDWpTRMWkngNNpQ1Pfp1KkiT\/Y0DGffXAweUNfLAfaJFKDwhb6I+bkYRbkERoEeu3Fyjg2opMz2daZCS9jt6Q7txNfB+OZEVF6Zl5web2xunnLQrtrjXseXKaFYziYINeMFZVxS9VxRhOoesYwxPKXm+gWLG9cuFeq93UNNeJNsf1KlwuDok9n02n3TgIJpOxNfL9naIoQwXtfH9kjceTIIi709ncTg6LZbg+biLH1V6u\/7rxBem06VXKn9raAAAAAElFTkSuQmCC\")      no-repeat center center \/ contain;  }  @media screen and (max-width: 960px) and (orientation: portrait) {    .logo {      width: 100%;    }    .logo .pc-banner {      display: none;    }    .logo .m-banner {      display: block;      width: 100%;    }    .logo .m-banner img {      height: auto!important;    }    .ytvideo {      height: 200px;      width: 100%;    }  }<\/style><style>  .video-section {    width: 100%;    margin: 0 auto;  }  .video-section > img {    width: 100%;  }  .video-section iframe,  .video-section video {    width: 100%;    height: 100%;      }  .video-section-img-m,  .video-section-img-pc > img {    width: 100%;    height: auto;  }  .video-section-img-pc.small > img {    width: 970px;  }  .video-desc {    line-height: 1.5;    font-size: 20px;    font-weight: 400;    margin: 20px 0;    text-align: center;    color: #0f1111;    word-break: break-word;  }  @media screen and (max-width: 960px) and (orientation: portrait) {    .video-section {      width: 100%;    }    .video-section-pc,    .video-section-img-pc {      display: none;    }    .video-section-m,    .video-section-img-m {      display: block;    }    .video-desc {      font-size: 15px;    }  }  @media screen and (min-width: 960px) {    .video-section {      width: 100%;      margin: 0 auto;    }    .video-section-pc,    .video-section-img-pc {      display: block;    }    .video-section-m,    .video-section-img-m {      display: none;    }    .video-desc {      font-size: 20px;    }  }<\/style><style>  .section + .section {    margin-top: 35px;  }  .section-title {    text-align: center;    font-weight: bold;    color: #0d1111;    font-family: \"Arial\";    font-size: 32px;    margin: 15px 0;  }  .section-title:empty {    display: none;  }  .section-desc {    text-align: center;    font-weight: normal;    color: #0d1111;    margin-top: 20px;  }  .section-desc:empty {    display: none;  }  .section-img {    width: 1200px;    height: 492px;    margin: 0 auto;    display: block;  }  .section-img.small {    width: 970px;    height: auto;  }  .section-img.small > img {    height: auto;  }  .section-img > img {    width: 100%;    height: 100%;  }  .section-mobile-img {    display: none;    max-width: 100vw;    max-height: 75vw;    height: 450px;    margin: 0 auto;  }  .section-mobile-img > img {    width: 100%;    height: 100%;  }  @media screen and (max-width: 960px) and (orientation: portrait) {    .container {      width: 100%;    }    .container.small {      width: 100%;    }    .section-mobile-img {      display: block;    }    .section-img {      display: none;    }    .section-title {      font-size: 22px;      margin: 10px 0;    }    .section-desc {      margin-top: 10px;    }    .section + .section {      margin-top: 20px;    }  }<\/style><\/head><body><div class=\"container\"><div class=\"logo\"><div class=\"pc-banner\"><div><img decoding=\"async\" src=\"\/vevor\/vevor\/boutique-banner\/pc\/en-pc@1x.jpg\" style=\"width: 100%;\" \/><\/div><\/div><div class=\"m-banner\"><div><img decoding=\"async\" src=\"\/vevor\/vevor\/boutique-banner\/mobile\/en-m@1x.jpg\" style=\"width: 100%;\" \/><\/div><\/div><\/div><div class=\"section-title\">Vasta Superkangelane kohta Tarps<\/div><div class=\"video-section\"><div class=\"video-section-img-pc\"><img decoding=\"async\" src=\"\/vevor\/product\/KPVC65X1818OZ0T3E\/dump-truck-tarp-a100-1.4.jpg\" alt=\"6.5 &#034;x 18&#034; musta VEVOR dump truck silma tarp kaitsta kaupu, mis on paigaldatud auto parkla.\" \/><\/div><div class=\"video-section-img-m\"><img decoding=\"async\" src=\"\/vevor\/product\/KPVC65X1818OZ0T3E\/dump-truck-tarp-a100-1.4-m.jpg\" alt=\"6.5 &#034;x 18&#034; musta VEVOR dump truck silma tarp kaitsta kaupu, mis on paigaldatud auto parkla.\" \/><\/div><div class=\"section-desc\">Kujutage ette tent, mis naerab vihma, p\u00e4ikesepaiste, vee ja tolmu ees. See on meie PVC-kattega kalluri v\u00f5rgusilma tent teile, mis on v\u00e4ga tugev, hingav ja valmis tegutsema!<\/div><\/div><div class=\"section\"><div class=\"section-title\"><\/div><div class=\"section-img\"><img decoding=\"async\" src=\"\/vevor\/product\/KPVC65X1818OZ0T3E\/dump-truck-tarp-a100-2.2.jpg\" alt=\"VEVOR dump truck silma tarp kaitsta kaupade, vastupidav elemendid, kolme-kihiline pvc kate.\" \/><\/div><div class=\"section-mobile-img\"><img decoding=\"async\" src=\"\/vevor\/product\/KPVC65X1818OZ0T3E\/dump-truck-tarp-a100-2.2-m.jpg\" alt=\"VEVOR dump truck silma tarp kaitsta kaupade, vastupidav elemendid, kolme-kihiline pvc kate.\" \/><\/div><div class=\"section-desc\">Triple-kaetud PVC taskud meie dump haagise tarp kit m\u00e4ngida t\u00e4iuslik ihukaitsjad oma kaupu, vihm v\u00f5i s\u00e4rada. H\u00fcvasti tuule kahju, kuumalained ja talvel k\u00fclmav\u00e4rinad \u2013 meie tarp on saanud oma kauba kaetud!<\/div><\/div><div class=\"section\"><div class=\"section-title\"><\/div><div class=\"section-img\"><img decoding=\"async\" src=\"\/vevor\/product\/KPVC65X1818OZ0T3E\/dump-truck-tarp-a100-2.3.jpg\" alt=\"VEVOR dump truck silma tarp koos rulliga tasku, taga rippus k\u00f6is tasku, ja anti-purje masti.\" \/><\/div><div class=\"section-mobile-img\"><img decoding=\"async\" src=\"\/vevor\/product\/KPVC65X1818OZ0T3E\/dump-truck-tarp-a100-2.3-m.jpg\" alt=\"VEVOR dump truck silma tarp koos rulliga tasku, taga rippus k\u00f6is tasku, ja anti-purje masti.\" \/><\/div><div class=\"section-desc\">Mis on parem kui taskuga present? Kahega present! Meie v\u00f5rgust kalluri presendi esitasku on k\u00f5ik seatud teie rulli tervitama ja tagatasku lihtsalt ripub, ootab teie k\u00f6it.<\/div><\/div><div class=\"section\"><div class=\"section-title\"><\/div><div class=\"section-img\"><img decoding=\"async\" src=\"\/vevor\/product\/KPVC65X1818OZ0T3E\/dump-truck-tarp-a100-2.4.jpg\" alt=\"vastupidav messing kaitser\u00f5ngad kohta VEVOR dump truck silma tarp lihtne paigaldada iga 2 jalga.\" \/><\/div><div class=\"section-mobile-img\"><img decoding=\"async\" src=\"\/vevor\/product\/KPVC65X1818OZ0T3E\/dump-truck-tarp-a100-2.4-m.jpg\" alt=\"vastupidav messing kaitser\u00f5ngad kohta VEVOR dump truck silma tarp lihtne paigaldada iga 2 jalga.\" \/><\/div><div class=\"section-desc\">Me ei peatunud lihtsalt karmilt. Lisasime oma PVC kallurhaagise tendi \u00fcmber 4# messingist tihendid. Iga 2 jala j\u00e4rel paigutatud paigaldus on n\u00fc\u00fcd imelihtne!<\/div><\/div><div class=\"section\"><div class=\"section-title\"><\/div><div class=\"section-img\"><img decoding=\"async\" src=\"\/vevor\/product\/KPVC65X1818OZ0T3E\/dump-truck-tarp-a100-2.5.jpg\" alt=\"VEVOR dump truck silma tarp tutvustada tugevdatud hems, pvc v\u00f5rgusilma riidest, ja topelt \u00f5mblema tugevdamine.\" \/><\/div><div class=\"section-mobile-img\"><img decoding=\"async\" src=\"\/vevor\/product\/KPVC65X1818OZ0T3E\/dump-truck-tarp-a100-2.5-m.jpg\" alt=\"VEVOR dump truck silma tarp tutvustada tugevdatud hems, pvc v\u00f5rgusilma riidest, ja topelt \u00f5mblema tugevdamine.\" \/><\/div><div class=\"section-desc\">PVC taskud, topelt\u00f5mmeldud servad, tugevdatud hemsid (ingl k \u201eremed hems\u201c) (ingl k \u201edown sticked serv\u201c), \u201econcerned hems\u201c (kalluri presendis\u00fcsteem) haakub ideaalselt teie manuaalse\/elektrilise presendis\u00fcsteemi ja purjet\u00f5rjekomplektiga, muutes iga reisi mugavaks.<\/div><\/div><div class=\"section\"><div class=\"section-img\"><img decoding=\"async\" src=\"\/vevor\/product\/KPVC65X1818OZ0T3E\/dump-truck-tarp-a100-1.11.jpg\" alt=\"VEVOR dump truck silma tarp 6.5x18 jalga, pvc lakk, pol\u00fcester l\u00f5ng, 9.04 lbs, koos kaitser\u00f5ngad.\" \/><\/div><div class=\"section-mobile-img\"><img decoding=\"async\" src=\"\/vevor\/product\/KPVC65X1818OZ0T3E\/dump-truck-tarp-a100-1.11-m.jpg\" alt=\"VEVOR dump truck silma tarp 6.5x18 jalga, pvc lakk, pol\u00fcester l\u00f5ng, 9.04 lbs, koos kaitser\u00f5ngad.\" \/><\/div><\/div><\/div><\/body><\/html><\/div>\n<div class=\"DM_at-title\" id=\"js-DM_at-title\"> <div>Toote spetsifikatsioon<\/div> <i class=\"icon-arrowup_line\"><\/i> <\/div><div class=\"DM_at-goodsDescAttr\" id=\"js-DM_at-goodsDescAttr\"> <div class=\"DM_at-goodsDescAttrInner\"> <dl class=\"goodsDesc_item goodsDesc_item_even\"> <dt>Punkt Mudeli Number<\/dt> <dd> 6.5x18 jalga<\/dd> <\/dl> <dl class=\"goodsDesc_item\"> <dt>Tarp Materjal<\/dt> <dd> PVC Kate (Pocket)+Pol\u00fcester L\u00f5ng<\/dd> <\/dl> <dl class=\"goodsDesc_item goodsDesc_item_even\"> <dt>Tarp Suurus<\/dt> <dd> 6.5 x 18 jalga)\/2 x 5.5 m<\/dd> <\/dl> <dl class=\"goodsDesc_item\"> <dt>Toote Kaal<\/dt> <dd> 9.04 lbs\/4.1 kg<\/dd> <\/dl> <\/div> <\/div>","protected":false},"excerpt":{"rendered":"<ul>\n<li> V\u00f5re Tarp, Et Pakkides Punch: tere \u00d6elda, et raske t\u00f6\u00f6 dump truck silma tarp valmistatud 6.5 x 18 jalga v\u00f5rgusilma kangast 1000D paksus. Tuuline, tugev armeeritud topelt \u00f5mmeldud hems, et see on valmis m\u00f5ned t\u00f5sised vedamine. V\u00f5ite olla kindel, teades, et teie kaup on \u00f5dus ja turvaline. <\/li>\n<li> Kaitsta Teie Kaup, mis on: Hirm, ei lekkinud ega kuulub meie dump haagise tarp komplekt. Ees ja taga taskud tulevad kolme-kihiline PVC. Valmis v\u00f5tma natuke karedad ja trummelkuivatid, hoides teie kauba turvaliselt igal aastaajal \u2013 n\u00fc\u00fcd ongi selline ihukaitsja, mida vajate oma last. <\/li>\n<li> Mugav Taskud: See v\u00f5re pr\u00fcgila veoauto tarp funktsioone kaks taskud vin\u00fc\u00fcl kangas sees. Saada koormusega meie ees tasku! Suurus 5,5\u00b10,4 tolli, see on ideaalne popping on rull. Ja tagant? Hubane 3.5\u00b10.4 tolline tasku, t\u00e4iuslik oma anti-purje s\u00e4ilitamise vibu. Kaitsta oma last ei ole kunagi olnud nii mugav! <\/li>\n<li> Messing Kaitser\u00f5ngad Win: Me oleme panustanud messing tihvtid selle \u00fcmber dump truck vin\u00fc\u00fcl kaetud silmadega tarp. S\u00f5na otseses m\u00f5ttes! Koos tugev ja vastupidav 4# messing kaitser\u00f5ngad igal 2 jalga, oma tarp on alati tagatud ja paigaldus muutub imelihtne. <\/li>\n<li> Kohandub Teie Vajadustele: Vedav suured koormused? Kontrolli. Veavad v\u00e4ike kaup? Absoluutselt. Ajutiselt ladustada punkte? Pole probleemi. Meie dump haagise tarp sobib veoautode, haagiste, ja palju rohkem. See on k\u00f5ik-\u00fcmaram, et sa ei teadnud, et sul on vaja. <\/li>\n<\/ul>","protected":false},"featured_media":300394,"comment_status":"closed","ping_status":"open","template":"","meta":{"om_disable_all_campaigns":false,"_uf_show_specific_survey":0,"_uf_disable_surveys":false},"location":[1935,1934],"product_brand":[21],"product_cat":[133,3833,2619,3590],"product_tag":[],"class_list":{"0":"post-37682","1":"product","2":"type-product","3":"status-publish","4":"has-post-thumbnail","6":"location-supplier_stock_location","7":"location-local_stock_location","8":"product_brand-vevor","9":"product_cat-automotive","10":"product_cat-dump-tarp-roller-kit","11":"product_cat-truck-accessories","12":"product_cat-truck-bed-accessories","14":"first","15":"instock","16":"taxable","17":"shipping-taxable","18":"purchasable","19":"product-type-simple"},"aioseo_notices":[],"locations":[{"id":1935,"name":"Pieg\u0101d\u0101t\u0101ja noliktav\u0101 (5-7dd)","slug":"supplier_stock_location","quantity":"18"},{"id":1934,"name":"R\u012bgas veikal\u0101 (0-2d.d.)","slug":"local_stock_location","quantity":"0"}],"_links":{"self":[{"href":"https:\/\/vevorshop.lv\/et\/wp-json\/wp\/v2\/product\/37682","targetHints":{"allow":["GET"]}}],"collection":[{"href":"https:\/\/vevorshop.lv\/et\/wp-json\/wp\/v2\/product"}],"about":[{"href":"https:\/\/vevorshop.lv\/et\/wp-json\/wp\/v2\/types\/product"}],"replies":[{"embeddable":true,"href":"https:\/\/vevorshop.lv\/et\/wp-json\/wp\/v2\/comments?post=37682"}],"wp:featuredmedia":[{"embeddable":true,"href":"https:\/\/vevorshop.lv\/et\/wp-json\/wp\/v2\/media\/300394"}],"wp:attachment":[{"href":"https:\/\/vevorshop.lv\/et\/wp-json\/wp\/v2\/media?parent=37682"}],"wp:term":[{"taxonomy":"location","embeddable":true,"href":"https:\/\/vevorshop.lv\/et\/wp-json\/wp\/v2\/location?post=37682"},{"taxonomy":"product_brand","embeddable":true,"href":"https:\/\/vevorshop.lv\/et\/wp-json\/wp\/v2\/product_brand?post=37682"},{"taxonomy":"product_cat","embeddable":true,"href":"https:\/\/vevorshop.lv\/et\/wp-json\/wp\/v2\/product_cat?post=37682"},{"taxonomy":"product_tag","embeddable":true,"href":"https:\/\/vevorshop.lv\/et\/wp-json\/wp\/v2\/product_tag?post=37682"}],"curies":[{"name":"wp","href":"https:\/\/api.w.org\/{rel}","templated":true}]}}