{"id":38081,"date":"2024-11-19T03:12:38","date_gmt":"2024-11-19T03:12:38","guid":{"rendered":"http:\/\/vevorshop.edigo.lv\/Prece\/vevor-inflatable-boat-5-person-inflatable-fishing-boat-strong-pvc-portable-boat-raft-kayak-45-6-aluminum-oars-high-output-pump-fishing-rod-holders-and-2-seats-1100-lb-capacity-for-adults-kid\/"},"modified":"2026-04-20T05:58:44","modified_gmt":"2026-04-20T02:58:44","slug":"vevor-inflatable-boat-5-person-inflatable-fishing-boat-strong-pvc-portable-boat-raft-kayak-45-6-aluminum-oars-high-output-pump-fishing-rod-holders-and-2-seats-1100-lb-capacity-for-adults-kid","status":"publish","type":"product","link":"https:\/\/vevorshop.lv\/et\/Prece\/vevor-inflatable-boat-5-person-inflatable-fishing-boat-strong-pvc-portable-boat-raft-kayak-45-6-aluminum-oars-high-output-pump-fishing-rod-holders-and-2-seats-1100-lb-capacity-for-adults-kid\/","title":{"rendered":"VEVOR 3-kohaline t\u00e4ispuhutav kalapaat, vastupidav PVC parv alumiiniumist aerude, pumba, ridvahoidjatega, 499kg kandev\u00f5imega"},"content":{"rendered":"<div style=\"color: #fff!important; font-size: 16px; height: 24px; line-height: 24px; margin-top: -24px; \" class=\"product_original_name\">VEVOR Inflatable Boat, 3-Person Inflatable Fishing Boat, Strong PVC Portable Boat Raft Kayak, 45.6\" Aluminum Oars, High-Output Pump, Fishing Rod Holders, and 2 Seats, 1100 lb Capacity for Adults, Kids<\/div>\n<div style=\"color: #fff!important; font-size: 16px; height: 24px; line-height: 24px; margin-top: -24px; \" class=\"product_sku\">M4I4LBL0<\/div>\n<div style=\"color: #fff!important; font-size: 16px; height: 24px; line-height: 24px; margin-top: -24px; \" class=\"product_mpn\">YCK5RK0000001E0ROV0<\/div><div id=\"js-DM_at-goodDescRich\"><html><head><style>  body {    font-family: Arial;    line-height: 1.5;    color: #1c1c1c;    overflow-x: hidden;    margin: 0;    padding: 0;  }  .MsoNormal b {    font-weight: bolder;  }<\/style><style>  .container.small {    width: 970px;    margin: 0 auto;  }  .logo {    margin: 0 auto 0;  }  .logo img {    display: block;    margin: 0 auto;    max-width: 100%;  }  .logo .pc-banner {    display: block;    width: 1200px;    height: 247.4px;    margin: 0 auto;  }  .logo .pc-banner.small {    width: 970px;  }  .logo .pc-banner.small img {    height: auto!important;  }  .logo .m-banner {    display: none;  }  .ytvideo {    position: relative;    height: 546px;    width: 100%;    margin: 0 auto;  }  .ytvideo img {    width: 100%;    margin: 0 auto;  }  .ytvideo .play-btn {    width: 60px;    height: 42px;    position: absolute;    top: 50%;    left: 50%;    transform: translate(-50%, -50%);    background: url(\"data:image\/png;base64,iVBORw0KGgoAAAANSUhEUgAAAGQAAABGCAMAAAANWMFbAAAC+lBMVEUAAADBGB3kLCfBGB3kLCfcJC7BFx3KKSbiKybkLCbWJCPSIiLSIiLPICHAFx3kLCfgKSXNHiDZJiTIGx\/p4eHcjo7LHSDbJyTkLCbjKyfOHyHPIiL28fHJHB\/GGh7EGR7eKCXDGB3RISHlLSbBGB3AFxzGHB7DGB7BGB3hKybkKybAFx3lLCfAFxzDGR3hKibDGB7cJyTmz8\/elJTlwcHjurrUIyLlLSflLSfAFx3DGR7lLSfCFx3hKibhKibhKybjKybkLCblLSfbJSX49vbx7e3NNzjNMTLMJyjVIyLZf3\/ZQ0LaeHjx0tLgoqLkLCfCGB3HGx\/BGB3BFx3PICHCGB7WJCLOHyC\/Fxy\/Fx3lLCfQISHkLSe\/FxzbJiTBFx3FGx\/AGB7BFx3EGR7AGB3HHSDfKiXAFh3TISHYNzbhKibbJyTTIiL57e325+f039\/v2NjUV1fOHiHiqanfmprch4feKSXVIyPOICHmLibFGh\/mLSe\/Fx7XJCPeKSXXJSPNHyHaJyTGGh7lLCbmLCflLSjSIiLkLCbdKSXLHiC\/GB3KHh++Fh3lKyfoLiXcKCPkx8fYb2\/XaGfVXl3aU1LLHiDksbHgKibPICHbJyTfKSXbJyTCGB3KHSDiKybFGh7TIiL\/\/\/\/VIyPRISHIHB\/GGx\/HHB\/DGR7gKibdKCXLHiDZJiTMHiDNHyHYJSTOICHPICHWJCPcKCXXJSPjLCblLCf+\/f3NGR\/uLijzLynPGR\/IGB7WISHaIyLLGh7UAADxLynNAADRLzDbICLQAADIAAD3MCrUHSHXMTDpKSbLAADp5OTij4\/ejo\/VLy\/1LyngJSTcJCPQHx\/OHB7+\/PzaMS\/OLS\/vLijrLSjSAADaNTPwLyjkKSbNJCbYISHPHB\/KGB7WAAD7+vrn3d3aKynTKCjoLCfsKifRGh\/YAADq5+fhjo7QNDXXKCfmJyXt5+fTLzDLLi\/QKivYHRvMGBrQJCXLISPMExXLDxLaEAvkkI\/bOTfaFQ\/SCgpvLcnHAAAAmnRSTlMA+vv7+gT9Bvf9+8z8\/NSv\/Pr5+P7++vnQIBMP\/v38\/Pn348XDiCYf9OjbzcqxXVcx\/fz8+\/rj1r2poo1+fXFqX0orGP7+\/v7+\/fz8+\/r68uzn4trIxsG\/vri3p6GcmZSNbWVYUUZEPQv+\/f39+\/v7+\/v7+vr64tvV1NTTz87FtbSurqeblJKFg4B3bUY+NjL7+\/v7+\/v67t1cDo8JLQAABkRJREFUWMO0kz9rwkAYh0OIeJkum6YugUAhISCdKoj\/P4C7SMdS+gEKIhSKil10LSg4mzXkILdlEpxCpwTiWOLX6BujvQaEQuGeHLnL+\/64J+SIcKGYTYWnntpdLjrVdqvZmNdn0+EE40GtpuuWVS6Xx6N7YDSGpWXpeq02wHgynM7q80az1a52HpddtVcpsi1zFARBrdaxbhp9iUReTGmwA4KAAr7vx3EYejnCMI6hQYEgy0LQi4jUN0wL19vqFcUC9\/1dAKmEEFkWRYkh5oBejnxQJiSJPJ\/uKBp0Thszx9Mw8hMRIQjKsptCfuES9zr5WJY6vSFCIvE9fCMUmEM1A1kSXcYGxgVYsvI1IPKTZciSTI0us\/SMGG04gDzELDoFBwdcFJrF88dqgYMTiL6DILWYyfOWE8\/kIz38olCNlC03FK95+imxp6y4oUSvAnBjHHhKNtotSDqJzVFiK8c2SBqhZtsrTtgrLXwAyduxZHNE26eHUt5rtuM4WSmds3G+sUdWYo1L+XyxButoh5eKUHk5lByO3G1LqqCWVnfrv\/lyPtf\/4ps1cndNGIri8J1TJ0lx6dR\/oPjq1nbRwdp2dCk4CtIOLW3pVKRL6WZfS5vF2KkIQhpwSsjiYIgNCs1gEMGqiIq24NQX9NwoXFy8Ufrl3twTcg4fv8T9\/JBEySduj6Mjm4bMzYV7EEOxKjjoNDud7yY3Dy71Hq2oLmqfbNR723edH9PgMrNL2utoQ3VmaIDkiw\/4w51P06hlZsTZvkRrbVuSIs\/zwSOsycgzStQouoAkWQqioRT5XI7n2Z1wfVhoZmcAJLsoqjqpjbWCgpOAJXBwHK8PzWbNvoUZJND5wCnSkLAkZ1legx6vqQzjoiTahKlGUGLAiIIoABOHaNVw4sexZBym6\/HWlH5h3IC7yRbxtipcWxdTOkORKiNQAEkFf66x5S2oeRbroOlLgg0sSYkR0hRGEqJZ0jTPiQKatESdBckpWigxaapEH0lImHdWu9pUFF2XqMNM2Z4kped7IwEJw2qabwtrQqnpw6HyKkgcadKWsmpywwesDyIhYRpdzXddqegtGIJlXbAIUMOLkGxJUjRIkokwjUaX9d\/kK62ps\/tYUqZLIMkLTyBhsMZ3C5Z\/kDxOSCb\/DOs\/\/J0qcWSX\/2ipe56EgTCA4\/cB7NAYOsni4mZM1MUPAISoEwkDi4lhVBQ1cWQyIcwalw4EpqZN68JUSK7XC0kTlkLYii5uXSC8jT5ncCAS7mjCv0uHp\/3lueHEEAeQ\/\/VgmdN71\/2uCSA1Xr6DO6uI6sW56zqT2tp2PhgiRUAajV8CY2fkcz6WGNKMgLAt7tJAhD4YHMTeRxlALE6+43WqjSWi8ITxyJl8WrwWSNESQZZOqhDDntO3hJLsd5RtSpbJqdv3YrDJH3F7jL1R2O2aQkn2MyCyKYz0GPGIvSAMgBCrCEiJyKbBaYGwLW4uPRr0A0M4Ux5kUI7IBh+hMdiCEWNqhMZGyYMsOgNE58UQuEQeUnSWCMYwL54hkxK6IoqucQZbQ3pc3XtL0lky1dL0zZJJDpWJovFqpWj6JEHnyam2eQp5QRVAVHjWparTOaVwUOx99YS2MvgxIGV0bb+qIg2HX2qkFFJB+XZcbLiuRkuxD9GRroKyveLxdh4d7Orx+hb7qc3uVRuEogCOnyIxm4ubUoPgF4jianDrC+SDQDKEfJb0GUKmjCGPYHGJvVC6X4hw1\/sAfQAdfYyephIaspXe36RwOP+Ljvfx9B6B3i+Nk0DGq+oCbLn6JpBa9nWAveAIHwFAwtVcIJXPMPL8kRu5OAYPMaL1WScTxjiZDqB9LTJSWphow\/pTYKRTLjCBhvi9iBidvKcDasGSm0QQkycYuLBqj6QCELPctqChDWpTRMWkngNNpQ1Pfp1KkiT\/Y0DGffXAweUNfLAfaJFKDwhb6I+bkYRbkERoEeu3Fyjg2opMz2daZCS9jt6Q7txNfB+OZEVF6Zl5web2xunnLQrtrjXseXKaFYziYINeMFZVxS9VxRhOoesYwxPKXm+gWLG9cuFeq93UNNeJNsf1KlwuDok9n02n3TgIJpOxNfL9naIoQwXtfH9kjceTIIi709ncTg6LZbg+biLH1V6u\/7rxBem06VXKn9raAAAAAElFTkSuQmCC\")      no-repeat center center \/ contain;  }  @media screen and (max-width: 960px) and (orientation: portrait) {    .logo {      width: 100%;    }    .logo .pc-banner {      display: none;    }    .logo .m-banner {      display: block;      width: 100%;    }    .logo .m-banner img {      height: auto!important;    }    .ytvideo {      height: 200px;      width: 100%;    }  }<\/style><style>  .video-section {    width: 100%;    margin: 0 auto;  }  .video-section > img {    width: 100%;  }  .video-section iframe,  .video-section video {    width: 100%;    height: 100%;      }  .video-section-img-m,  .video-section-img-pc > img {    width: 100%;    height: auto;  }  .video-section-img-pc.small > img {    width: 970px;  }  .video-desc {    line-height: 1.5;    font-size: 20px;    font-weight: 400;    margin: 20px 0;    text-align: center;    color: #0f1111;    word-break: break-word;  }  @media screen and (max-width: 960px) and (orientation: portrait) {    .video-section {      width: 100%;    }    .video-section-pc,    .video-section-img-pc {      display: none;    }    .video-section-m,    .video-section-img-m {      display: block;    }    .video-desc {      font-size: 15px;    }  }  @media screen and (min-width: 960px) {    .video-section {      width: 100%;      margin: 0 auto;    }    .video-section-pc,    .video-section-img-pc {      display: block;    }    .video-section-m,    .video-section-img-m {      display: none;    }    .video-desc {      font-size: 20px;    }  }<\/style><style>  .section + .section {    margin-top: 35px;  }  .section-title {    text-align: center;    font-weight: bold;    color: #0d1111;    font-family: \"Arial\";    font-size: 32px;    margin: 15px 0;  }  .section-title:empty {    display: none;  }  .section-desc {    text-align: center;    font-weight: normal;    color: #0d1111;    margin-top: 20px;  }  .section-desc:empty {    display: none;  }  .section-img {    width: 1200px;    height: 492px;    margin: 0 auto;    display: block;  }  .section-img.small {    width: 970px;    height: auto;  }  .section-img.small > img {    height: auto;  }  .section-img > img {    width: 100%;    height: 100%;  }  .section-mobile-img {    display: none;    max-width: 100vw;    max-height: 75vw;    height: 450px;    margin: 0 auto;  }  .section-mobile-img > img {    width: 100%;    height: 100%;  }  @media screen and (max-width: 960px) and (orientation: portrait) {    .container {      width: 100%;    }    .container.small {      width: 100%;    }    .section-mobile-img {      display: block;    }    .section-img {      display: none;    }    .section-title {      font-size: 22px;      margin: 10px 0;    }    .section-desc {      margin-top: 10px;    }    .section + .section {      margin-top: 20px;    }  }<\/style><\/head><body><div class=\"container\"><div class=\"logo\"><div class=\"pc-banner\"><div><img decoding=\"async\" src=\"\/vevor\/vevor\/boutique-banner\/pc\/en-pc@1x.jpg\" style=\"width: 100%;\" \/><\/div><\/div><div class=\"m-banner\"><div><img decoding=\"async\" src=\"\/vevor\/vevor\/boutique-banner\/mobile\/en-m@1x.jpg\" style=\"width: 100%;\" \/><\/div><\/div><\/div><div class=\"section-title\">Valmis, Vesi, Valmis L\u00f5bus<\/div><div class=\"video-section\"><div class=\"video-section-img-pc\"><img decoding=\"async\" src=\"\/vevor\/product\/YCK5RK0000001E0RO\/inflatable-boats-a100-1.4.jpg\" alt=\"VEVOR inflatable boat for 5 people, ideal for fishing, includes oars and pump, easy to carry.\" \/><\/div><div class=\"video-section-img-m\"><img decoding=\"async\" src=\"\/vevor\/product\/YCK5RK0000001E0RO\/inflatable-boats-a100-1.4-m.jpg\" alt=\"VEVOR inflatable boat for 5 people, ideal for fishing, includes oars and pump, easy to carry.\" \/><\/div><div class=\"section-desc\">Kogege veeseikluste r\u00f5\u00f5mu meie 3-kohalise t\u00e4ispuhutava paadiga. Iga paat on kasutusvalmis koos p\u00f5hjaliku komplektiga, mis sisaldab pumpa, labasid ja remondikomplekti. Samuti on sellel mugavuse suurendamiseks lisatud t\u00e4ispuhutavad istmed.<\/div><\/div><div class=\"section\"><div class=\"section-title\"><\/div><div class=\"section-img\"><img decoding=\"async\" src=\"\/vevor\/product\/YCK5RK0000001E0RO\/inflatable-boats-a100-2.2.jpg\" alt=\"VEVOR inflatable boat, 5-person capacity, 1100 lbs max, used on calm river by a group of people.\" \/><\/div><div class=\"section-mobile-img\"><img decoding=\"async\" src=\"\/vevor\/product\/YCK5RK0000001E0RO\/inflatable-boats-a100-2.2-m.jpg\" alt=\"VEVOR inflatable boat, 5-person capacity, 1100 lbs max, used on calm river by a group of people.\" \/><\/div><div class=\"section-desc\">Enjoy ample space onboard, designed to make your water time more enjoyable. With generous leg room and a spacious layout, passengers can comfortably relish their time on the water. The boat's maximum load capacity of 1100lbs, accommodates 3 people, ensuring a perfect balance of safety and fun.<\/div><\/div><div class=\"section\"><div class=\"section-title\"><\/div><div class=\"section-img\"><img decoding=\"async\" src=\"\/vevor\/product\/YCK5RK0000001E0RO\/inflatable-boats-a100-2.3.jpg\" alt=\"safer maritime navigation with VEVOR inflatable boat: reinforced pvc, thick bottom, 6 air chambers.\" \/><\/div><div class=\"section-mobile-img\"><img decoding=\"async\" src=\"\/vevor\/product\/YCK5RK0000001E0RO\/inflatable-boats-a100-2.3-m.jpg\" alt=\"safer maritime navigation with VEVOR inflatable boat: reinforced pvc, thick bottom, 6 air chambers.\" \/><\/div><div class=\"section-desc\">Ehitatud paksude PVC materjalist k\u00f5rge tugevuse ja vastupidavuse, meie kummipaat saab hakkama pikaajalise mere kasutada. Laiem alus lisab stabiilsust ja vastupanu kanda, kui karilejooksmise. S\u00f5ltumatu \u00f5hu koda disain suurendab ohutust, v\u00e4ltides \u00fche punktsiooni alates deflating kogu paat.<\/div><\/div><div class=\"section\"><div class=\"section-title\"><\/div><div class=\"section-img\"><img decoding=\"async\" src=\"\/vevor\/product\/YCK5RK0000001E0RO\/inflatable-boats-a100-2.4.jpg\" alt=\"green VEVOR inflatable boat on water with rustproof oars, resistant to seawater corrosion.\" \/><\/div><div class=\"section-mobile-img\"><img decoding=\"async\" src=\"\/vevor\/product\/YCK5RK0000001E0RO\/inflatable-boats-a100-2.4-m.jpg\" alt=\"green VEVOR inflatable boat on water with rustproof oars, resistant to seawater corrosion.\" \/><\/div><div class=\"section-desc\">Navigeeri lihtsalt kasutades meie pikenenud alumiinium aerud. M\u00f5eldud pingutusteta liikumiseks ja t\u00e4itma rooste-t\u00f5end, materjali struktuur, need m\u00f5lad pakkuda vastupidavuse ja vastupanu merevee korrosiooni.<\/div><\/div><div class=\"section\"><div class=\"section-title\"><\/div><div class=\"section-img\"><img decoding=\"async\" src=\"\/vevor\/product\/YCK5RK0000001E0RO\/inflatable-boats-a100-2.5.jpg\" alt=\"green VEVOR inflatable boat with gear pouch, pump, fishing rod holders, inflatable seats, and oars.\" \/><\/div><div class=\"section-mobile-img\"><img decoding=\"async\" src=\"\/vevor\/product\/YCK5RK0000001E0RO\/inflatable-boats-a100-2.5-m.jpg\" alt=\"green VEVOR inflatable boat with gear pouch, pump, fishing rod holders, inflatable seats, and oars.\" \/><\/div><div class=\"section-desc\">Ei ole t\u00e4iendavaid ostude vaja! Esita kohe kaasas tarvikud. Sest lisada mugavuse, ladustamise kott koos Velcro kaitseb teie mobiiltelefoni ja essentials, tagades, et neil turvaliselt ja k\u00e4eulatuses. Integreeritud juhe lukk h\u00f5lbustab lihtne l\u00f5ikamine ja transport.<\/div><\/div><div class=\"section\"><div class=\"section-img\"><img decoding=\"async\" src=\"\/vevor\/product\/YCK5RK0000001E0RO\/inflatable-boats-a100-1.11.jpg\" alt=\"VEVOR inflatable boat dimensions and details, showcasing portability for any adventure.\" \/><\/div><div class=\"section-mobile-img\"><img decoding=\"async\" src=\"\/vevor\/product\/YCK5RK0000001E0RO\/inflatable-boats-a100-1.11-m.jpg\" alt=\"VEVOR inflatable boat dimensions and details, showcasing portability for any adventure.\" \/><\/div><\/div><\/div><\/body><\/html><\/div>\n<div class=\"DM_at-title\" id=\"js-DM_at-title\"> <div>Toote spetsifikatsioon<\/div> <i class=\"icon-arrowup_line\"><\/i> <\/div><div class=\"DM_at-goodsDescAttr\" id=\"js-DM_at-goodsDescAttr\"> <div class=\"DM_at-goodsDescAttrInner\"> <dl class=\"goodsDesc_item goodsDesc_item_even\"> <dt>Punkt Mudeli Number<\/dt> <dd> LH-18112-1<\/dd> <\/dl> <dl class=\"goodsDesc_item\"> <dt>Arv Kambrid<\/dt> <dd> 6<\/dd> <\/dl> <dl class=\"goodsDesc_item goodsDesc_item_even\"> <dt>Materjal<\/dt> <dd> PVC<\/dd> <\/dl> <dl class=\"goodsDesc_item\"> <dt>Kandev\u00f5ime<\/dt> <dd> 1100 lbs\/499 kg<\/dd> <\/dl> <dl class=\"goodsDesc_item goodsDesc_item_even\"> <dt>Neto Kaal<\/dt> <dd> 24.7 lbs\/11.2 kg<\/dd> <\/dl> <dl class=\"goodsDesc_item\"> <dt>Oar Pikkus<\/dt> <dd> Vastavalt 45,6 in\/1158 mm<\/dd> <\/dl> <dl class=\"goodsDesc_item goodsDesc_item_even\"> <dt>T\u00fchi Paat M\u00f5\u00f5tmed<\/dt> <dd> 122\u00d765 inch\/3100\u00d71650 mm<\/dd> <\/dl> <dl class=\"goodsDesc_item\"> <dt>Paat T\u00e4is Pumbatud M\u00f5\u00f5tmed<\/dt> <dd> 118.1\u00d755.1\u00d717.9 inch\/3000\u00d71400\u00d7455 mm<\/dd> <\/dl> <\/div> <\/div>","protected":false},"excerpt":{"rendered":"<ul>\n<li> Three-Person Capacity: This inflatable boat supports up to 1100 lbs\/499 kg, offering a spacious interior for comfortable seating and ample legroom. Easily foldable for storage, it fits in the trunk for convenient transport to your aquatic adventures, making it an ideal choice for water play and fishing. <\/li>\n<li> Tugevdatud PVC Kestvus: Valmistatud paks, tugevdatud PVC, see t\u00e4ispuhutav parv uhke hea t\u00f5mbetugevus ja torgake vastupanu, tagades usaldusv\u00e4\u00e4rse tulemuslikkuse mere tingimustes. Tema suured, paksu baasi parandab stabiilsust ja on projekteeritud taluma k\u00e4rpeid ja kanda alates liiv kui karilejooksmise. <\/li>\n<li> Safety-Focused Design: Our inflatable fishing boat features 6 independent air chambers to enhance safety on the water. If one chamber is compromised, the others remain inflated, ensuring you can safely return to shore. <\/li>\n<li> Rooste-Vastupidavad Aerud Lisatud: t\u00e4ispuhutav julla paat kit kaasas kaks laiendatud, paks kronsteinide kaitsekated, et vastupanu deformatsioon ja purunemine, mis v\u00f5imaldab t\u00f5hus navigatsiooni v\u00e4hese vaevaga. Alumiinium sulamist aerud koos PP labad on ehitatud taluma korrosiooni alates soolase veega. <\/li>\n<li> Ready to Use: This inflatable fishing raft includes an air pump, a 23-foot\/7m rope, a gear pouch, 3 inflatable seats, a repair kit, and more, reducing the need for additional purchases. With an integrated fishing rod holder and a cord lock for easy docking and transport, it&#8217;s equipped for immediate enjoyment right out of the box. <\/li>\n<\/ul>","protected":false},"featured_media":301006,"comment_status":"closed","ping_status":"open","template":"","meta":{"om_disable_all_campaigns":false,"_uf_show_specific_survey":0,"_uf_disable_surveys":false},"location":[1935,1934],"product_brand":[21],"product_cat":[2435,2436,4004,2378],"product_tag":[],"class_list":{"0":"post-38081","1":"product","2":"type-product","3":"status-publish","4":"has-post-thumbnail","6":"location-supplier_stock_location","7":"location-local_stock_location","8":"product_brand-vevor","9":"product_cat-boating","10":"product_cat-boats-boating","11":"product_cat-inflatable-boats","12":"product_cat-sports-outdoors","14":"first","15":"outofstock","16":"taxable","17":"shipping-taxable","18":"purchasable","19":"product-type-simple"},"aioseo_notices":[],"locations":[{"id":1935,"name":"Pieg\u0101d\u0101t\u0101ja noliktav\u0101 (5-7dd)","slug":"supplier_stock_location","quantity":"0"},{"id":1934,"name":"R\u012bgas veikal\u0101 (0-2d.d.)","slug":"local_stock_location","quantity":"0"}],"_links":{"self":[{"href":"https:\/\/vevorshop.lv\/et\/wp-json\/wp\/v2\/product\/38081","targetHints":{"allow":["GET"]}}],"collection":[{"href":"https:\/\/vevorshop.lv\/et\/wp-json\/wp\/v2\/product"}],"about":[{"href":"https:\/\/vevorshop.lv\/et\/wp-json\/wp\/v2\/types\/product"}],"replies":[{"embeddable":true,"href":"https:\/\/vevorshop.lv\/et\/wp-json\/wp\/v2\/comments?post=38081"}],"wp:featuredmedia":[{"embeddable":true,"href":"https:\/\/vevorshop.lv\/et\/wp-json\/wp\/v2\/media\/301006"}],"wp:attachment":[{"href":"https:\/\/vevorshop.lv\/et\/wp-json\/wp\/v2\/media?parent=38081"}],"wp:term":[{"taxonomy":"location","embeddable":true,"href":"https:\/\/vevorshop.lv\/et\/wp-json\/wp\/v2\/location?post=38081"},{"taxonomy":"product_brand","embeddable":true,"href":"https:\/\/vevorshop.lv\/et\/wp-json\/wp\/v2\/product_brand?post=38081"},{"taxonomy":"product_cat","embeddable":true,"href":"https:\/\/vevorshop.lv\/et\/wp-json\/wp\/v2\/product_cat?post=38081"},{"taxonomy":"product_tag","embeddable":true,"href":"https:\/\/vevorshop.lv\/et\/wp-json\/wp\/v2\/product_tag?post=38081"}],"curies":[{"name":"wp","href":"https:\/\/api.w.org\/{rel}","templated":true}]}}