{"id":38144,"date":"2024-11-19T03:14:57","date_gmt":"2024-11-19T03:14:57","guid":{"rendered":"http:\/\/vevorshop.edigo.lv\/Prece\/vevor-portable-wheelchair-ramp-3-ft-800-lbs-capacity-non-slip-aluminum-folding-threshold-ramp-foldable-mobility-scooter-ramp-wheel-chair-ramp-handicap-ramp-for-home-steps-stairs-doorways-curbs\/"},"modified":"2026-04-24T04:41:43","modified_gmt":"2026-04-24T01:41:43","slug":"vevor-portable-wheelchair-ramp-3-ft-800-lbs-capacity-non-slip-aluminum-folding-threshold-ramp-foldable-mobility-scooter-ramp-wheel-chair-ramp-handicap-ramp-for-home-steps-stairs-doorways-curbs","status":"publish","type":"product","link":"https:\/\/vevorshop.lv\/et\/Prece\/vevor-kaasaskantav-ratastooli-kaldtee-3-jalga-800-naela-mahutavus-libisemiskindel-alumiiniumist-kokkupandav-lavi-kaldtee-kokkupandav-liikuvus-toukeratas-kaldtee-ratastooli-kaldtee-handikap-kaldtee-kod\/","title":{"rendered":"VEVOR Kokkupandav Alumiiniumist Ratastooli Rada 91,7 cm, 363 kg Kandev\u00f5ime, Libisemiskindel L\u00e4vepaku Rada Treppidele, Ustele"},"content":{"rendered":"<div style=\"color: #fff!important; font-size: 16px; height: 24px; line-height: 24px; margin-top: -24px; \" class=\"product_original_name\">VEVOR Kaasaskantav ratastooli kaldtee, 91,4 cm 362,9 kg mahutavus, libisemiskindel alumiiniumist kokkupandav l\u00e4vivall, kokkupandav liikuvusega t\u00f5ukeratta kaldtee ratastooli kaldtee, koduste treppide, treppide, uste, \u00e4\u00e4rekivide h\u00e4ndik\u00e4pi kaldtee<\/div>\n<div style=\"color: #fff!important; font-size: 16px; height: 24px; line-height: 24px; margin-top: -24px; \" class=\"product_sku\">M4I4LBNT<\/div>\n<div style=\"color: #fff!important; font-size: 16px; height: 24px; line-height: 24px; margin-top: -24px; \" class=\"product_mpn\">ZDKMJPD36YC19UQ9FV0<\/div><div id=\"js-DM_at-goodDescRich\"><html><head><style>  body {    font-family: Arial;    line-height: 1.5;    color: #1c1c1c;    overflow-x: hidden;    margin: 0;    padding: 0;  }  .MsoNormal b {    font-weight: bolder;  }<\/style><style>  .container.small {    width: 970px;    margin: 0 auto;  }  .logo {    margin: 0 auto 0;  }  .logo img {    display: block;    margin: 0 auto;    max-width: 100%;  }  .logo .pc-banner {    display: block;    width: 1200px;    height: 247.4px;    margin: 0 auto;  }  .logo .pc-banner.small {    width: 970px;  }  .logo .pc-banner.small img {    height: auto!important;  }  .logo .m-banner {    display: none;  }  .ytvideo {    position: relative;    height: 546px;    width: 100%;    margin: 0 auto;  }  .ytvideo img {    width: 100%;    margin: 0 auto;  }  .ytvideo .play-btn {    width: 60px;    height: 42px;    position: absolute;    top: 50%;    left: 50%;    transform: translate(-50%, -50%);    background: url(\"data:image\/png;base64,iVBORw0KGgoAAAANSUhEUgAAAGQAAABGCAMAAAANWMFbAAAC+lBMVEUAAADBGB3kLCfBGB3kLCfcJC7BFx3KKSbiKybkLCbWJCPSIiLSIiLPICHAFx3kLCfgKSXNHiDZJiTIGx\/p4eHcjo7LHSDbJyTkLCbjKyfOHyHPIiL28fHJHB\/GGh7EGR7eKCXDGB3RISHlLSbBGB3AFxzGHB7DGB7BGB3hKybkKybAFx3lLCfAFxzDGR3hKibDGB7cJyTmz8\/elJTlwcHjurrUIyLlLSflLSfAFx3DGR7lLSfCFx3hKibhKibhKybjKybkLCblLSfbJSX49vbx7e3NNzjNMTLMJyjVIyLZf3\/ZQ0LaeHjx0tLgoqLkLCfCGB3HGx\/BGB3BFx3PICHCGB7WJCLOHyC\/Fxy\/Fx3lLCfQISHkLSe\/FxzbJiTBFx3FGx\/AGB7BFx3EGR7AGB3HHSDfKiXAFh3TISHYNzbhKibbJyTTIiL57e325+f039\/v2NjUV1fOHiHiqanfmprch4feKSXVIyPOICHmLibFGh\/mLSe\/Fx7XJCPeKSXXJSPNHyHaJyTGGh7lLCbmLCflLSjSIiLkLCbdKSXLHiC\/GB3KHh++Fh3lKyfoLiXcKCPkx8fYb2\/XaGfVXl3aU1LLHiDksbHgKibPICHbJyTfKSXbJyTCGB3KHSDiKybFGh7TIiL\/\/\/\/VIyPRISHIHB\/GGx\/HHB\/DGR7gKibdKCXLHiDZJiTMHiDNHyHYJSTOICHPICHWJCPcKCXXJSPjLCblLCf+\/f3NGR\/uLijzLynPGR\/IGB7WISHaIyLLGh7UAADxLynNAADRLzDbICLQAADIAAD3MCrUHSHXMTDpKSbLAADp5OTij4\/ejo\/VLy\/1LyngJSTcJCPQHx\/OHB7+\/PzaMS\/OLS\/vLijrLSjSAADaNTPwLyjkKSbNJCbYISHPHB\/KGB7WAAD7+vrn3d3aKynTKCjoLCfsKifRGh\/YAADq5+fhjo7QNDXXKCfmJyXt5+fTLzDLLi\/QKivYHRvMGBrQJCXLISPMExXLDxLaEAvkkI\/bOTfaFQ\/SCgpvLcnHAAAAmnRSTlMA+vv7+gT9Bvf9+8z8\/NSv\/Pr5+P7++vnQIBMP\/v38\/Pn348XDiCYf9OjbzcqxXVcx\/fz8+\/rj1r2poo1+fXFqX0orGP7+\/v7+\/fz8+\/r68uzn4trIxsG\/vri3p6GcmZSNbWVYUUZEPQv+\/f39+\/v7+\/v7+vr64tvV1NTTz87FtbSurqeblJKFg4B3bUY+NjL7+\/v7+\/v67t1cDo8JLQAABkRJREFUWMO0kz9rwkAYh0OIeJkum6YugUAhISCdKoj\/P4C7SMdS+gEKIhSKil10LSg4mzXkILdlEpxCpwTiWOLX6BujvQaEQuGeHLnL+\/64J+SIcKGYTYWnntpdLjrVdqvZmNdn0+EE40GtpuuWVS6Xx6N7YDSGpWXpeq02wHgynM7q80az1a52HpddtVcpsi1zFARBrdaxbhp9iUReTGmwA4KAAr7vx3EYejnCMI6hQYEgy0LQi4jUN0wL19vqFcUC9\/1dAKmEEFkWRYkh5oBejnxQJiSJPJ\/uKBp0Thszx9Mw8hMRIQjKsptCfuES9zr5WJY6vSFCIvE9fCMUmEM1A1kSXcYGxgVYsvI1IPKTZciSTI0us\/SMGG04gDzELDoFBwdcFJrF88dqgYMTiL6DILWYyfOWE8\/kIz38olCNlC03FK95+imxp6y4oUSvAnBjHHhKNtotSDqJzVFiK8c2SBqhZtsrTtgrLXwAyduxZHNE26eHUt5rtuM4WSmds3G+sUdWYo1L+XyxButoh5eKUHk5lByO3G1LqqCWVnfrv\/lyPtf\/4ps1cndNGIri8J1TJ0lx6dR\/oPjq1nbRwdp2dCk4CtIOLW3pVKRL6WZfS5vF2KkIQhpwSsjiYIgNCs1gEMGqiIq24NQX9NwoXFy8Ufrl3twTcg4fv8T9\/JBEySduj6Mjm4bMzYV7EEOxKjjoNDud7yY3Dy71Hq2oLmqfbNR723edH9PgMrNL2utoQ3VmaIDkiw\/4w51P06hlZsTZvkRrbVuSIs\/zwSOsycgzStQouoAkWQqioRT5XI7n2Z1wfVhoZmcAJLsoqjqpjbWCgpOAJXBwHK8PzWbNvoUZJND5wCnSkLAkZ1legx6vqQzjoiTahKlGUGLAiIIoABOHaNVw4sexZBym6\/HWlH5h3IC7yRbxtipcWxdTOkORKiNQAEkFf66x5S2oeRbroOlLgg0sSYkR0hRGEqJZ0jTPiQKatESdBckpWigxaapEH0lImHdWu9pUFF2XqMNM2Z4kped7IwEJw2qabwtrQqnpw6HyKkgcadKWsmpywwesDyIhYRpdzXddqegtGIJlXbAIUMOLkGxJUjRIkokwjUaX9d\/kK62ps\/tYUqZLIMkLTyBhsMZ3C5Z\/kDxOSCb\/DOs\/\/J0qcWSX\/2ipe56EgTCA4\/cB7NAYOsni4mZM1MUPAISoEwkDi4lhVBQ1cWQyIcwalw4EpqZN68JUSK7XC0kTlkLYii5uXSC8jT5ncCAS7mjCv0uHp\/3lueHEEAeQ\/\/VgmdN71\/2uCSA1Xr6DO6uI6sW56zqT2tp2PhgiRUAajV8CY2fkcz6WGNKMgLAt7tJAhD4YHMTeRxlALE6+43WqjSWi8ITxyJl8WrwWSNESQZZOqhDDntO3hJLsd5RtSpbJqdv3YrDJH3F7jL1R2O2aQkn2MyCyKYz0GPGIvSAMgBCrCEiJyKbBaYGwLW4uPRr0A0M4Ux5kUI7IBh+hMdiCEWNqhMZGyYMsOgNE58UQuEQeUnSWCMYwL54hkxK6IoqucQZbQ3pc3XtL0lky1dL0zZJJDpWJovFqpWj6JEHnyam2eQp5QRVAVHjWparTOaVwUOx99YS2MvgxIGV0bb+qIg2HX2qkFFJB+XZcbLiuRkuxD9GRroKyveLxdh4d7Orx+hb7qc3uVRuEogCOnyIxm4ubUoPgF4jianDrC+SDQDKEfJb0GUKmjCGPYHGJvVC6X4hw1\/sAfQAdfYyephIaspXe36RwOP+Ljvfx9B6B3i+Nk0DGq+oCbLn6JpBa9nWAveAIHwFAwtVcIJXPMPL8kRu5OAYPMaL1WScTxjiZDqB9LTJSWphow\/pTYKRTLjCBhvi9iBidvKcDasGSm0QQkycYuLBqj6QCELPctqChDWpTRMWkngNNpQ1Pfp1KkiT\/Y0DGffXAweUNfLAfaJFKDwhb6I+bkYRbkERoEeu3Fyjg2opMz2daZCS9jt6Q7txNfB+OZEVF6Zl5web2xunnLQrtrjXseXKaFYziYINeMFZVxS9VxRhOoesYwxPKXm+gWLG9cuFeq93UNNeJNsf1KlwuDok9n02n3TgIJpOxNfL9naIoQwXtfH9kjceTIIi709ncTg6LZbg+biLH1V6u\/7rxBem06VXKn9raAAAAAElFTkSuQmCC\")      no-repeat center center \/ contain;  }  @media screen and (max-width: 960px) and (orientation: portrait) {    .logo {      width: 100%;    }    .logo .pc-banner {      display: none;    }    .logo .m-banner {      display: block;      width: 100%;    }    .logo .m-banner img {      height: auto!important;    }    .ytvideo {      height: 200px;      width: 100%;    }  }<\/style><style>  .video-section {    width: 100%;    margin: 0 auto;  }  .video-section > img {    width: 100%;  }  .video-section iframe,  .video-section video {    width: 100%;    height: 100%;      }  .video-section-img-m,  .video-section-img-pc > img {    width: 100%;    height: auto;  }  .video-section-img-pc.small > img {    width: 970px;  }  .video-desc {    line-height: 1.5;    font-size: 20px;    font-weight: 400;    margin: 20px 0;    text-align: center;    color: #0f1111;    word-break: break-word;  }  @media screen and (max-width: 960px) and (orientation: portrait) {    .video-section {      width: 100%;    }    .video-section-pc,    .video-section-img-pc {      display: none;    }    .video-section-m,    .video-section-img-m {      display: block;    }    .video-desc {      font-size: 15px;    }  }  @media screen and (min-width: 960px) {    .video-section {      width: 100%;      margin: 0 auto;    }    .video-section-pc,    .video-section-img-pc {      display: block;    }    .video-section-m,    .video-section-img-m {      display: none;    }    .video-desc {      font-size: 20px;    }  }<\/style><style>  .section + .section {    margin-top: 35px;  }  .section-title {    text-align: center;    font-weight: bold;    color: #0d1111;    font-family: \"Arial\";    font-size: 32px;    margin: 15px 0;  }  .section-title:empty {    display: none;  }  .section-desc {    text-align: center;    font-weight: normal;    color: #0d1111;    margin-top: 20px;  }  .section-desc:empty {    display: none;  }  .section-img {    width: 1200px;    height: 492px;    margin: 0 auto;    display: block;  }  .section-img.small {    width: 970px;    height: auto;  }  .section-img.small > img {    height: auto;  }  .section-img > img {    width: 100%;    height: 100%;  }  .section-mobile-img {    display: none;    max-width: 100vw;    max-height: 75vw;    height: 450px;    margin: 0 auto;  }  .section-mobile-img > img {    width: 100%;    height: 100%;  }  @media screen and (max-width: 960px) and (orientation: portrait) {    .container {      width: 100%;    }    .container.small {      width: 100%;    }    .section-mobile-img {      display: block;    }    .section-img {      display: none;    }    .section-title {      font-size: 22px;      margin: 10px 0;    }    .section-desc {      margin-top: 10px;    }    .section + .section {      margin-top: 20px;    }  }<\/style><\/head><body><div class=\"container\"><div class=\"logo\"><div class=\"pc-banner\"><div><img decoding=\"async\" src=\"\/vevor\/vevor\/boutique-banner\/pc\/en-pc@1x.jpg\" style=\"width: 100%;\" \/><\/div><\/div><div class=\"m-banner\"><div><img decoding=\"async\" src=\"\/vevor\/vevor\/boutique-banner\/mobile\/en-m@1x.jpg\" style=\"width: 100%;\" \/><\/div><\/div><\/div><div class=\"section-title\">VEVOR Kaasaskantav Alumiinium Ratastooli Kaldtee \u2013 Teie Liikuvust Lahendus<\/div><div class=\"video-section\"><div class=\"video-section-img-pc\"><img decoding=\"async\" src=\"\/vevor\/product\/ZDKMJPD36YC19UQ9F\/wheelchair-ramp-a100-1.4.jpg\" alt=\"VEVOR kaasaskantav ratastooli kaldtee, 3ft kokkupandav disain, ideaalne reisikohvrid, ratastoolid, jalgrattad, vankrid.\" \/><\/div><div class=\"video-section-img-m\"><img decoding=\"async\" src=\"\/vevor\/product\/ZDKMJPD36YC19UQ9F\/wheelchair-ramp-a100-1.4-m.jpg\" alt=\"VEVOR kaasaskantav ratastooli kaldtee, 3ft kokkupandav disain, ideaalne reisikohvrid, ratastoolid, jalgrattad, vankrid.\" \/><\/div><div class=\"section-desc\">Meie kokkuklapitavad ratastooli kaldtee on m\u00e4ng-box koos oma tark kokkupandav disain. H\u00fcvasti kogukas s\u00e4ilitamise k\u00fcsimusi! See voldid \u00fcles korralikult, salvestamine, korrastamine ruumi. Ideaalne popping oma auto v\u00f5i visklemine peale \u00fchistransport kiusame vaba liikuvust!<\/div><\/div><div class=\"section\"><div class=\"section-title\"><\/div><div class=\"section-img\"><img decoding=\"async\" src=\"\/vevor\/product\/ZDKMJPD36YC19UQ9F\/wheelchair-ramp-a100-2.2.jpg\" alt=\"VEVOR kaasaskantav ratastooli kaldtee koos mittelibiseva pinnaga, alumiiniumist materjal, ja suur kandev\u00f5ime.\" \/><\/div><div class=\"section-mobile-img\"><img decoding=\"async\" src=\"\/vevor\/product\/ZDKMJPD36YC19UQ9F\/wheelchair-ramp-a100-2.2-m.jpg\" alt=\"VEVOR kaasaskantav ratastooli kaldtee koos mittelibiseva pinnaga, alumiiniumist materjal, ja suur kandev\u00f5ime.\" \/><\/div><div class=\"section-desc\">T\u00f6\u00f6stusliku kvaliteediga materjalidest valmistatud kaasaskantav h\u00e4ndik\u00e4pi kaldtee on j\u00f5uallikas. \u00dckski \u00fclesanne pole selle jaoks liiga raske! Ja oma vastupidava konstruktsiooniga ei pea te muretsema, et see teile alla annaks. Lisaks tagab libisemiskindel pind, et p\u00fcsite turvaliselt ja stabiilsena.<\/div><\/div><div class=\"section\"><div class=\"section-title\"><\/div><div class=\"section-img\"><img decoding=\"async\" src=\"\/vevor\/product\/ZDKMJPD36YC19UQ9F\/wheelchair-ramp-a100-2.3.jpg\" alt=\"roostevabast terasest hinged, soonilised tugevdused, k\u00e4epide ja tekstureeritud pind VEVOR kaasaskantav ratastooli kaldtee.\" \/><\/div><div class=\"section-mobile-img\"><img decoding=\"async\" src=\"\/vevor\/product\/ZDKMJPD36YC19UQ9F\/wheelchair-ramp-a100-2.3-m.jpg\" alt=\"roostevabast terasest hinged, soonilised tugevdused, k\u00e4epide ja tekstureeritud pind VEVOR kaasaskantav ratastooli kaldtee.\" \/><\/div><div class=\"section-desc\">Oleme teie selja taga turvalisuse tagamisel! Meie kaasaskantaval kaldteel on tugevad roostevabast terasest hinged sujuvaks avamiseks ja sulgemiseks. Ja need tugevdatud ribid on neetide ja keevitusega topelt kinnitatud, pakkudes igal sammul kivikindlat stabiilsust.<\/div><\/div><div class=\"section\"><div class=\"section-title\"><\/div><div class=\"section-img\"><img decoding=\"async\" src=\"\/vevor\/product\/ZDKMJPD36YC19UQ9F\/wheelchair-ramp-a100-2.4.jpg\" alt=\"samme, et kasutada VEVOR kaasaskantav ratastooli kaldtee: t\u00f5mmake s\u00f5rmed, koht samme, tagada stabiilsus.\" \/><\/div><div class=\"section-mobile-img\"><img decoding=\"async\" src=\"\/vevor\/product\/ZDKMJPD36YC19UQ9F\/wheelchair-ramp-a100-2.4-m.jpg\" alt=\"samme, et kasutada VEVOR kaasaskantav ratastooli kaldtee: t\u00f5mmake s\u00f5rmed, koht samme, tagada stabiilsus.\" \/><\/div><div class=\"section-desc\">Seadistamine on imelihtne! Lihtsalt avage kaasaskantav ratastooli kaldtee, asetage see oma kohale ja teil on hea minna kl\u00f5psuga. Ei mingit k\u00e4ra, ei mingit jama. Ja kui kaasas on eriti pikad kruvid, v\u00f5ite usaldada, et see j\u00e4\u00e4b pikaks ajaks paigale!<\/div><\/div><div class=\"section\"><div class=\"section-title\"><\/div><div class=\"section-img\"><img decoding=\"async\" src=\"\/vevor\/product\/ZDKMJPD36YC19UQ9F\/wheelchair-ramp-a100-2.5.jpg\" alt=\"kaldtee suurus juhend VEVOR kaasaskantav ratastooli kaldtee, mis n\u00e4itab pikkusega 2ft, et 10ft ja nurgad 5\u00b0 14\u00b0.\" \/><\/div><div class=\"section-mobile-img\"><img decoding=\"async\" src=\"\/vevor\/product\/ZDKMJPD36YC19UQ9F\/wheelchair-ramp-a100-2.5-m.jpg\" alt=\"kaldtee suurus juhend VEVOR kaasaskantav ratastooli kaldtee, mis n\u00e4itab pikkusega 2ft, et 10ft ja nurgad 5\u00b0 14\u00b0.\" \/><\/div><div class=\"section-desc\">Aitame teil leida ideaalse sobivuse! N\u00e4itame teile, kuidas meie ratastooli kaldtee toimib p\u00e4riselus t\u0161empionina, ja pakume teile ideaalset suurust. V\u00f5imaluste rohkuse korral on meil k\u00f5igile midagi!<\/div><\/div><div class=\"section\"><div class=\"section-img\"><img decoding=\"async\" src=\"\/vevor\/product\/ZDKMJPD36YC19UQ9F\/wheelchair-ramp-a100-1.11.jpg\" alt=\"VEVOR kaasaskantav ratastooli kaldtee, mille m\u00f5\u00f5tmed, kandev\u00f5ime, kaalu ja materjali andmed.\" \/><\/div><div class=\"section-mobile-img\"><img decoding=\"async\" src=\"\/vevor\/product\/ZDKMJPD36YC19UQ9F\/wheelchair-ramp-a100-1.11-m.jpg\" alt=\"VEVOR kaasaskantav ratastooli kaldtee, mille m\u00f5\u00f5tmed, kandev\u00f5ime, kaalu ja materjali andmed.\" \/><\/div><\/div><\/div><\/body><\/html><\/div>\n<div class=\"DM_at-title\" id=\"js-DM_at-title\"> <div>Toote spetsifikatsioon<\/div> <i class=\"icon-arrowup_line\"><\/i> <\/div><div class=\"DM_at-goodsDescAttr\" id=\"js-DM_at-goodsDescAttr\"> <div class=\"DM_at-goodsDescAttrInner\"> <dl class=\"goodsDesc_item goodsDesc_item_even\"> <dt>Punkt Mudeli Number<\/dt> <dd> 19UQ9FV0<\/dd> <\/dl> <dl class=\"goodsDesc_item\"> <dt>Kogupikkus<\/dt> <dd> 3 ft\/91.44 cm<\/dd> <\/dl> <dl class=\"goodsDesc_item goodsDesc_item_even\"> <dt>K\u00f5rgus<\/dt> <dd> 2\/5.08 cm<\/dd> <\/dl> <dl class=\"goodsDesc_item\"> <dt>Kandev\u00f5ime<\/dt> <dd> 800 lbs\/363 kg<\/dd> <\/dl> <dl class=\"goodsDesc_item goodsDesc_item_even\"> <dt>Materjal<\/dt> <dd> Alumiinium<\/dd> <\/dl> <dl class=\"goodsDesc_item\"> <dt>Toote Kaal<\/dt> <dd> 17.86 lbs\/8.1 kg<\/dd> <\/dl> <dl class=\"goodsDesc_item goodsDesc_item_even\"> <dt>Toote Suurus<\/dt> <dd> 36.1 x 29.13 x 2.01 in\/91.7 x 74 x 5.1 cm<\/dd> <\/dl> <dl class=\"goodsDesc_item\"> <dt>Volditud Suurus<\/dt> <dd> 36.02 x 15.08 x 3.35 in\/91.5 x 38.3 x 8.5 cm<\/dd> <\/dl> <\/div> <\/div>","protected":false},"excerpt":{"rendered":"<ul>\n<li> Kokkupandav Disain: Meie kokkuklapitavad ratastooli kaldtee on teie \u00fclim liikuvus lahendus! Kergesti kokkupandav ja mugav kandesang, on see m\u00f5eldud on-the-go vabadus. Voltimata, see on 36.1 x 29.13 x 2.01 in\/91.7 x 74 x 5.1 cm, ja kui loobus, ta on kompaktne, paigaldamise mugavalt nurgas kodus v\u00f5i oma auto pagasiruumi. <\/li>\n<li> 800 lbs Suure Koormuse V\u00f5imsus: muljetavaldav kandev\u00f5ime kuni 800 lbs\/363 kg, meie kantavate puude ramp pakub tasakaalustamata stabiilsust. Selle mittelibiseva pinna tagab veoj\u00f5u isegi vihmase ilmaga v\u00f5i libedad pinnad, mis pakub sulle meelerahu ja turvalisust iganes sa minna. <\/li>\n<li> Turvalisus K\u00f5igepealt: mis on Varustatud peegeldav ribad ja edge barj\u00e4\u00e4ri, meie kantavate ratastooli kaldtee prioriteedi j\u00e4rjekorda turvalisus. Need funktsioonid parandavad n\u00e4htavust h\u00e4maras valguses ja juhuslike libiseb v\u00f5i kokkup\u00f5rkeid, tagades sujuva ja turvalise teekonna igal ajal. <\/li>\n<li> Quick Setup: h\u00fcvasti paigaldustingimustes! Meie kaasaskantav kaldtee kulgeks vaevata kiire ja kiusame tasuta kasutada. Plus, me hulka paari kindad, et hoida k\u00e4ed puhtad ning kaitstud luues samas \u2013 see on k\u00f5ik sellest, muutes oma kogemusi v\u00f5imalikult sujuv. <\/li>\n<li> Mitmek\u00fclgne Mugavuse huvides: Kas see on m\u00f5eldud kodus kasutamiseks v\u00f5i kaubandusliku seaded, meie ratastooli kaldtee on go-lahendus. Ideaalne jalutajad, motorollerid, ratastoolid, kepid, v\u00f5i strollers, see pakub \u00f5mblusteta k\u00e4ttesaadavus kus iganes sa seda vajad. \u00c4ra lase liikuvuse probleeme hoidke teile tagasi \u2013 valida meie kaldtee ja teeb iga reisi imelihtne! <\/li>\n<\/ul>","protected":false},"featured_media":301102,"comment_status":"closed","ping_status":"open","template":"","meta":{"om_disable_all_campaigns":false,"_uf_show_specific_survey":0,"_uf_disable_surveys":false},"location":[1935,1934],"product_brand":[21],"product_cat":[133,2609,3743,2462],"product_tag":[],"class_list":{"0":"post-38144","1":"product","2":"type-product","3":"status-publish","4":"has-post-thumbnail","6":"location-supplier_stock_location","7":"location-local_stock_location","8":"product_brand-vevor","9":"product_cat-automotive","10":"product_cat-car-ramps","11":"product_cat-door-threshold-ramp","12":"product_cat-shop-equipment","14":"first","15":"outofstock","16":"taxable","17":"shipping-taxable","18":"purchasable","19":"product-type-simple"},"aioseo_notices":[],"locations":[{"id":1935,"name":"Pieg\u0101d\u0101t\u0101ja noliktav\u0101 (5-7dd)","slug":"supplier_stock_location","quantity":"0"},{"id":1934,"name":"R\u012bgas veikal\u0101 (0-2d.d.)","slug":"local_stock_location","quantity":"0"}],"_links":{"self":[{"href":"https:\/\/vevorshop.lv\/et\/wp-json\/wp\/v2\/product\/38144","targetHints":{"allow":["GET"]}}],"collection":[{"href":"https:\/\/vevorshop.lv\/et\/wp-json\/wp\/v2\/product"}],"about":[{"href":"https:\/\/vevorshop.lv\/et\/wp-json\/wp\/v2\/types\/product"}],"replies":[{"embeddable":true,"href":"https:\/\/vevorshop.lv\/et\/wp-json\/wp\/v2\/comments?post=38144"}],"wp:featuredmedia":[{"embeddable":true,"href":"https:\/\/vevorshop.lv\/et\/wp-json\/wp\/v2\/media\/301102"}],"wp:attachment":[{"href":"https:\/\/vevorshop.lv\/et\/wp-json\/wp\/v2\/media?parent=38144"}],"wp:term":[{"taxonomy":"location","embeddable":true,"href":"https:\/\/vevorshop.lv\/et\/wp-json\/wp\/v2\/location?post=38144"},{"taxonomy":"product_brand","embeddable":true,"href":"https:\/\/vevorshop.lv\/et\/wp-json\/wp\/v2\/product_brand?post=38144"},{"taxonomy":"product_cat","embeddable":true,"href":"https:\/\/vevorshop.lv\/et\/wp-json\/wp\/v2\/product_cat?post=38144"},{"taxonomy":"product_tag","embeddable":true,"href":"https:\/\/vevorshop.lv\/et\/wp-json\/wp\/v2\/product_tag?post=38144"}],"curies":[{"name":"wp","href":"https:\/\/api.w.org\/{rel}","templated":true}]}}