{"id":39760,"date":"2024-11-19T04:46:35","date_gmt":"2024-11-19T04:46:35","guid":{"rendered":"http:\/\/vevorshop.edigo.lv\/Prece\/vevor-gun-rack-4-slot-wood-gun-rack-wall-mount-gun-display-rack-holds-4-rifles\/"},"modified":"2026-04-20T05:42:26","modified_gmt":"2026-04-20T02:42:26","slug":"vevor-gun-rack-4-slot-wood-gun-rack-wall-mount-gun-display-rack-holds-4-rifles","status":"publish","type":"product","link":"https:\/\/vevorshop.lv\/et\/Prece\/vevori-relvariiul-4-pesaga-puidust-relvariiuli-seinakinnitusega-relva-vitriin-mahutab-4-vintpussi\/","title":{"rendered":"VEVOR puidust seinakinnitus relvadele, mahutab 4 vintp\u00fcssi\/haavlip\u00fcssi, 60 kg kandev\u00f5ime, lukustatav ja pehmendustega"},"content":{"rendered":"<div style=\"color: #fff!important; font-size: 16px; height: 24px; line-height: 24px; margin-top: -24px; \" class=\"product_original_name\">VEVOR relvarest, puidust relvariiuli seinakinnitus, relvaekraani rack mahutab 4 vintp\u00fcssi, haavlip\u00fcssi, 60 kg raskeveokite seinahoidla vintp\u00fcssiriiuli pehme polsterdusega<\/div>\n<div style=\"color: #fff!important; font-size: 16px; height: 24px; line-height: 24px; margin-top: -24px; \" class=\"product_sku\">M4I4LDTM<\/div>\n<div style=\"color: #fff!important; font-size: 16px; height: 24px; line-height: 24px; margin-top: -24px; \" class=\"product_mpn\">CLQJMC000000Q17WRV0<\/div><div id=\"js-DM_at-goodDescRich\"><html><head><style>  body {    font-family: Arial;    line-height: 1.5;    color: #1c1c1c;    overflow-x: hidden;    margin: 0;    padding: 0;  }  .MsoNormal b {    font-weight: bolder;  }<\/style><style>  .container.small {    width: 970px;    margin: 0 auto;  }  .logo {    margin: 0 auto 0;  }  .logo img {    display: block;    margin: 0 auto;    max-width: 100%;  }  .logo .pc-banner {    display: block;    width: 1200px;    height: 247.4px;    margin: 0 auto;  }  .logo .pc-banner.small {    width: 970px;  }  .logo .pc-banner.small img {    height: auto!important;  }  .logo .m-banner {    display: none;  }  .ytvideo {    position: relative;    height: 546px;    width: 100%;    margin: 0 auto;  }  .ytvideo img {    width: 100%;    margin: 0 auto;  }  .ytvideo .play-btn {    width: 60px;    height: 42px;    position: absolute;    top: 50%;    left: 50%;    transform: translate(-50%, -50%);    background: url(\"data:image\/png;base64,iVBORw0KGgoAAAANSUhEUgAAAGQAAABGCAMAAAANWMFbAAAC+lBMVEUAAADBGB3kLCfBGB3kLCfcJC7BFx3KKSbiKybkLCbWJCPSIiLSIiLPICHAFx3kLCfgKSXNHiDZJiTIGx\/p4eHcjo7LHSDbJyTkLCbjKyfOHyHPIiL28fHJHB\/GGh7EGR7eKCXDGB3RISHlLSbBGB3AFxzGHB7DGB7BGB3hKybkKybAFx3lLCfAFxzDGR3hKibDGB7cJyTmz8\/elJTlwcHjurrUIyLlLSflLSfAFx3DGR7lLSfCFx3hKibhKibhKybjKybkLCblLSfbJSX49vbx7e3NNzjNMTLMJyjVIyLZf3\/ZQ0LaeHjx0tLgoqLkLCfCGB3HGx\/BGB3BFx3PICHCGB7WJCLOHyC\/Fxy\/Fx3lLCfQISHkLSe\/FxzbJiTBFx3FGx\/AGB7BFx3EGR7AGB3HHSDfKiXAFh3TISHYNzbhKibbJyTTIiL57e325+f039\/v2NjUV1fOHiHiqanfmprch4feKSXVIyPOICHmLibFGh\/mLSe\/Fx7XJCPeKSXXJSPNHyHaJyTGGh7lLCbmLCflLSjSIiLkLCbdKSXLHiC\/GB3KHh++Fh3lKyfoLiXcKCPkx8fYb2\/XaGfVXl3aU1LLHiDksbHgKibPICHbJyTfKSXbJyTCGB3KHSDiKybFGh7TIiL\/\/\/\/VIyPRISHIHB\/GGx\/HHB\/DGR7gKibdKCXLHiDZJiTMHiDNHyHYJSTOICHPICHWJCPcKCXXJSPjLCblLCf+\/f3NGR\/uLijzLynPGR\/IGB7WISHaIyLLGh7UAADxLynNAADRLzDbICLQAADIAAD3MCrUHSHXMTDpKSbLAADp5OTij4\/ejo\/VLy\/1LyngJSTcJCPQHx\/OHB7+\/PzaMS\/OLS\/vLijrLSjSAADaNTPwLyjkKSbNJCbYISHPHB\/KGB7WAAD7+vrn3d3aKynTKCjoLCfsKifRGh\/YAADq5+fhjo7QNDXXKCfmJyXt5+fTLzDLLi\/QKivYHRvMGBrQJCXLISPMExXLDxLaEAvkkI\/bOTfaFQ\/SCgpvLcnHAAAAmnRSTlMA+vv7+gT9Bvf9+8z8\/NSv\/Pr5+P7++vnQIBMP\/v38\/Pn348XDiCYf9OjbzcqxXVcx\/fz8+\/rj1r2poo1+fXFqX0orGP7+\/v7+\/fz8+\/r68uzn4trIxsG\/vri3p6GcmZSNbWVYUUZEPQv+\/f39+\/v7+\/v7+vr64tvV1NTTz87FtbSurqeblJKFg4B3bUY+NjL7+\/v7+\/v67t1cDo8JLQAABkRJREFUWMO0kz9rwkAYh0OIeJkum6YugUAhISCdKoj\/P4C7SMdS+gEKIhSKil10LSg4mzXkILdlEpxCpwTiWOLX6BujvQaEQuGeHLnL+\/64J+SIcKGYTYWnntpdLjrVdqvZmNdn0+EE40GtpuuWVS6Xx6N7YDSGpWXpeq02wHgynM7q80az1a52HpddtVcpsi1zFARBrdaxbhp9iUReTGmwA4KAAr7vx3EYejnCMI6hQYEgy0LQi4jUN0wL19vqFcUC9\/1dAKmEEFkWRYkh5oBejnxQJiSJPJ\/uKBp0Thszx9Mw8hMRIQjKsptCfuES9zr5WJY6vSFCIvE9fCMUmEM1A1kSXcYGxgVYsvI1IPKTZciSTI0us\/SMGG04gDzELDoFBwdcFJrF88dqgYMTiL6DILWYyfOWE8\/kIz38olCNlC03FK95+imxp6y4oUSvAnBjHHhKNtotSDqJzVFiK8c2SBqhZtsrTtgrLXwAyduxZHNE26eHUt5rtuM4WSmds3G+sUdWYo1L+XyxButoh5eKUHk5lByO3G1LqqCWVnfrv\/lyPtf\/4ps1cndNGIri8J1TJ0lx6dR\/oPjq1nbRwdp2dCk4CtIOLW3pVKRL6WZfS5vF2KkIQhpwSsjiYIgNCs1gEMGqiIq24NQX9NwoXFy8Ufrl3twTcg4fv8T9\/JBEySduj6Mjm4bMzYV7EEOxKjjoNDud7yY3Dy71Hq2oLmqfbNR723edH9PgMrNL2utoQ3VmaIDkiw\/4w51P06hlZsTZvkRrbVuSIs\/zwSOsycgzStQouoAkWQqioRT5XI7n2Z1wfVhoZmcAJLsoqjqpjbWCgpOAJXBwHK8PzWbNvoUZJND5wCnSkLAkZ1legx6vqQzjoiTahKlGUGLAiIIoABOHaNVw4sexZBym6\/HWlH5h3IC7yRbxtipcWxdTOkORKiNQAEkFf66x5S2oeRbroOlLgg0sSYkR0hRGEqJZ0jTPiQKatESdBckpWigxaapEH0lImHdWu9pUFF2XqMNM2Z4kped7IwEJw2qabwtrQqnpw6HyKkgcadKWsmpywwesDyIhYRpdzXddqegtGIJlXbAIUMOLkGxJUjRIkokwjUaX9d\/kK62ps\/tYUqZLIMkLTyBhsMZ3C5Z\/kDxOSCb\/DOs\/\/J0qcWSX\/2ipe56EgTCA4\/cB7NAYOsni4mZM1MUPAISoEwkDi4lhVBQ1cWQyIcwalw4EpqZN68JUSK7XC0kTlkLYii5uXSC8jT5ncCAS7mjCv0uHp\/3lueHEEAeQ\/\/VgmdN71\/2uCSA1Xr6DO6uI6sW56zqT2tp2PhgiRUAajV8CY2fkcz6WGNKMgLAt7tJAhD4YHMTeRxlALE6+43WqjSWi8ITxyJl8WrwWSNESQZZOqhDDntO3hJLsd5RtSpbJqdv3YrDJH3F7jL1R2O2aQkn2MyCyKYz0GPGIvSAMgBCrCEiJyKbBaYGwLW4uPRr0A0M4Ux5kUI7IBh+hMdiCEWNqhMZGyYMsOgNE58UQuEQeUnSWCMYwL54hkxK6IoqucQZbQ3pc3XtL0lky1dL0zZJJDpWJovFqpWj6JEHnyam2eQp5QRVAVHjWparTOaVwUOx99YS2MvgxIGV0bb+qIg2HX2qkFFJB+XZcbLiuRkuxD9GRroKyveLxdh4d7Orx+hb7qc3uVRuEogCOnyIxm4ubUoPgF4jianDrC+SDQDKEfJb0GUKmjCGPYHGJvVC6X4hw1\/sAfQAdfYyephIaspXe36RwOP+Ljvfx9B6B3i+Nk0DGq+oCbLn6JpBa9nWAveAIHwFAwtVcIJXPMPL8kRu5OAYPMaL1WScTxjiZDqB9LTJSWphow\/pTYKRTLjCBhvi9iBidvKcDasGSm0QQkycYuLBqj6QCELPctqChDWpTRMWkngNNpQ1Pfp1KkiT\/Y0DGffXAweUNfLAfaJFKDwhb6I+bkYRbkERoEeu3Fyjg2opMz2daZCS9jt6Q7txNfB+OZEVF6Zl5web2xunnLQrtrjXseXKaFYziYINeMFZVxS9VxRhOoesYwxPKXm+gWLG9cuFeq93UNNeJNsf1KlwuDok9n02n3TgIJpOxNfL9naIoQwXtfH9kjceTIIi709ncTg6LZbg+biLH1V6u\/7rxBem06VXKn9raAAAAAElFTkSuQmCC\")      no-repeat center center \/ contain;  }  @media screen and (max-width: 960px) and (orientation: portrait) {    .logo {      width: 100%;    }    .logo .pc-banner {      display: none;    }    .logo .m-banner {      display: block;      width: 100%;    }    .logo .m-banner img {      height: auto!important;    }    .ytvideo {      height: 200px;      width: 100%;    }  }<\/style><style>  .video-section {    width: 100%;    margin: 0 auto;  }  .video-section > img {    width: 100%;  }  .video-section iframe,  .video-section video {    width: 100%;    height: 100%;      }  .video-section-img-m,  .video-section-img-pc > img {    width: 100%;    height: auto;  }  .video-section-img-pc.small > img {    width: 970px;  }  .video-desc {    line-height: 1.5;    font-size: 20px;    font-weight: 400;    margin: 20px 0;    text-align: center;    color: #0f1111;    word-break: break-word;  }  @media screen and (max-width: 960px) and (orientation: portrait) {    .video-section {      width: 100%;    }    .video-section-pc,    .video-section-img-pc {      display: none;    }    .video-section-m,    .video-section-img-m {      display: block;    }    .video-desc {      font-size: 15px;    }  }  @media screen and (min-width: 960px) {    .video-section {      width: 100%;      margin: 0 auto;    }    .video-section-pc,    .video-section-img-pc {      display: block;    }    .video-section-m,    .video-section-img-m {      display: none;    }    .video-desc {      font-size: 20px;    }  }<\/style><style>  .section + .section {    margin-top: 35px;  }  .section-title {    text-align: center;    font-weight: bold;    color: #0d1111;    font-family: \"Arial\";    font-size: 32px;    margin: 15px 0;  }  .section-title:empty {    display: none;  }  .section-desc {    text-align: center;    font-weight: normal;    color: #0d1111;    margin-top: 20px;  }  .section-desc:empty {    display: none;  }  .section-img {    width: 1200px;    height: 492px;    margin: 0 auto;    display: block;  }  .section-img.small {    width: 970px;    height: auto;  }  .section-img.small > img {    height: auto;  }  .section-img > img {    width: 100%;    height: 100%;  }  .section-mobile-img {    display: none;    max-width: 100vw;    max-height: 75vw;    height: 450px;    margin: 0 auto;  }  .section-mobile-img > img {    width: 100%;    height: 100%;  }  @media screen and (max-width: 960px) and (orientation: portrait) {    .container {      width: 100%;    }    .container.small {      width: 100%;    }    .section-mobile-img {      display: block;    }    .section-img {      display: none;    }    .section-title {      font-size: 22px;      margin: 10px 0;    }    .section-desc {      margin-top: 10px;    }    .section + .section {      margin-top: 20px;    }  }<\/style><\/head><body><div class=\"container\"><div class=\"logo\"><div class=\"pc-banner\"><div><img decoding=\"async\" src=\"\/vevor\/vevor\/boutique-banner\/pc\/en-pc@1x.jpg\" style=\"width: 100%;\" \/><\/div><\/div><div class=\"m-banner\"><div><img decoding=\"async\" src=\"\/vevor\/vevor\/boutique-banner\/mobile\/en-m@1x.jpg\" style=\"width: 100%;\" \/><\/div><\/div><\/div><div class=\"section-title\">VEVOR 4-Pesa Puit Relv Hammas: Sinu \u00dclim Tulirelva Salvestamise Lahendus<\/div><div class=\"video-section\"><div class=\"video-section-img-pc\"><img decoding=\"async\" src=\"\/vevor\/product\/CLQJMC000000Q17WR\/gun-rack-a100-1.4.jpg\" alt=\"VEVOR relv hammas: 4-pesa puidust ladustamine m1 garand ja ar-15. mahutab kuni 132.3 lb.\" \/><\/div><div class=\"video-section-img-m\"><img decoding=\"async\" src=\"\/vevor\/product\/CLQJMC000000Q17WR\/gun-rack-a100-1.4-m.jpg\" alt=\"VEVOR relv hammas: 4-pesa puidust ladustamine m1 garand ja ar-15. mahutab kuni 132.3 lb.\" \/><\/div><div class=\"section-desc\">Meie mitmek\u00fclgne relv display rack annab spetsiaalse ruumi oma vintp\u00fcssi v\u00f5i haavli! Kergesti salvestada ja kuvada kuni 4 tulirelvade t\u00e4iendava avar laekaga k\u00f5ik oma tarvikud. N\u00fc\u00fcd, tagada ohutu ja usaldusv\u00e4\u00e4rne ruumi oma v\u00e4\u00e4rtuslikku tulirelvade!<\/div><\/div><div class=\"section\"><div class=\"section-title\"><\/div><div class=\"section-img\"><img decoding=\"async\" src=\"\/vevor\/product\/CLQJMC000000Q17WR\/gun-rack-a100-2.2.jpg\" alt=\"VEVOR relv hammas tutvustada kolm vintp\u00fcssi, mis on valmistatud 0.79&#034; paks puit tahke puidu spoonid.\" \/><\/div><div class=\"section-mobile-img\"><img decoding=\"async\" src=\"\/vevor\/product\/CLQJMC000000Q17WR\/gun-rack-a100-2.2-m.jpg\" alt=\"VEVOR relv hammas tutvustada kolm vintp\u00fcssi, mis on valmistatud 0.79&#034; paks puit tahke puidu spoonid.\" \/><\/div><div class=\"section-desc\">Valmistatud 0.79&#034;\/20mm paksune t\u00e4ispuidust, meie relv hammas on kavandatud ainulaadne pool paneeli soonte, tagades vastupidavuse ja kindlalt hoiab teie tulirelvade paigas. Ei ole vaja muretseda tulirelva ohutus!<\/div><\/div><div class=\"section\"><div class=\"section-title\"><\/div><div class=\"section-img\"><img decoding=\"async\" src=\"\/vevor\/product\/CLQJMC000000Q17WR\/gun-rack-a100-2.3.jpg\" alt=\"VEVOR relv rack koos scratch-t\u00f5end kaitse, pehme polster, eva vaht t\u00e4is ja sooned ja pool paneeli soonte.\" \/><\/div><div class=\"section-mobile-img\"><img decoding=\"async\" src=\"\/vevor\/product\/CLQJMC000000Q17WR\/gun-rack-a100-2.3-m.jpg\" alt=\"VEVOR relv rack koos scratch-t\u00f5end kaitse, pehme polster, eva vaht t\u00e4is ja sooned ja pool paneeli soonte.\" \/><\/div><div class=\"section-desc\">Puit relv hammas on spetsiaalselt projekteeritud, pehme polster tagada \u00f5rn hoolitseda oma tulirelvad, mis takistab kriimustuste ja kahjustuste eest. K\u00fcljepaneelil sooned on t\u00e4idetud pehme EVA vaht, mis pakub suurep\u00e4rast kaitset ja turvaliselt paigutatud oma tulirelvi.<\/div><\/div><div class=\"section\"><div class=\"section-title\"><\/div><div class=\"section-img\"><img decoding=\"async\" src=\"\/vevor\/product\/CLQJMC000000Q17WR\/gun-rack-a100-2.4.jpg\" alt=\"3-sammuline juhend kokkupanek puidust VEVOR relv hammas: raami kokkupanek, kambri paigaldamine, seinale monteerimiseks.\" \/><\/div><div class=\"section-mobile-img\"><img decoding=\"async\" src=\"\/vevor\/product\/CLQJMC000000Q17WR\/gun-rack-a100-2.4-m.jpg\" alt=\"3-sammuline juhend kokkupanek puidust VEVOR relv hammas: raami kokkupanek, kambri paigaldamine, seinale monteerimiseks.\" \/><\/div><div class=\"section-desc\">Meie m\u00f5tlikult projekteeritud relv display rack pakub vastupidav ja vastupidav blokeerimine paneeli struktuur, mis pakub sulle lihtne paigaldus lahendus. Lisaks oleme valmis k\u00f5ik vajalik riistvara olemas, ei ole vaja osta muud lisavarustust. Paigaldus meie relv hammas ei ole kunagi olnud lihtsam!<\/div><\/div><div class=\"section\"><div class=\"section-title\"><\/div><div class=\"section-img\"><img decoding=\"async\" src=\"\/vevor\/product\/CLQJMC000000Q17WR\/gun-rack-a100-2.5.jpg\" alt=\"VEVOR relv hammas erinevates siseruumides seaded: kodu kaunistamiseks ja hoidke ekraani.\" \/><\/div><div class=\"section-mobile-img\"><img decoding=\"async\" src=\"\/vevor\/product\/CLQJMC000000Q17WR\/gun-rack-a100-2.5-m.jpg\" alt=\"VEVOR relv hammas erinevates siseruumides seaded: kodu kaunistamiseks ja hoidke ekraani.\" \/><\/div><div class=\"section-desc\">Me uhkelt esitleda teile ideaalne p\u00fcss hammas valmistatud k\u00f5rge kvaliteediga m\u00e4nnipuit, et esitleda oma peen tekstuur. See ei ole mitte ainult ideaalne kodu decor, kuid sobib ka jahi kajutid, garaa\u017e ruumid ja kauplused. Kas kasutada v\u00e4ljapaneku v\u00f5i ladustamise, meie relv hammas pakub parimat m\u00f5ju.<\/div><\/div><div class=\"section\"><div class=\"section-img\"><img decoding=\"async\" src=\"\/vevor\/product\/CLQJMC000000Q17WR\/gun-rack-a100-1.11.jpg\" alt=\"VEVOR relv hammas, mudeli wz001, m\u00e4nnipuit, omab 4 relvad, 29.9&#034; x 24&#034; x 5.5&#034;, 132.3 lb v\u00f5imsust. helepunane.\" \/><\/div><div class=\"section-mobile-img\"><img decoding=\"async\" src=\"\/vevor\/product\/CLQJMC000000Q17WR\/gun-rack-a100-1.11-m.jpg\" alt=\"VEVOR relv hammas, mudeli wz001, m\u00e4nnipuit, omab 4 relvad, 29.9&#034; x 24&#034; x 5.5&#034;, 132.3 lb v\u00f5imsust. helepunane.\" \/><\/div><\/div><\/div><\/body><\/html><\/div>\n<div class=\"DM_at-title\" id=\"js-DM_at-title\"> <div>Toote spetsifikatsioon<\/div> <i class=\"icon-arrowup_line\"><\/i> <\/div><div class=\"DM_at-goodsDescAttr\" id=\"js-DM_at-goodsDescAttr\"> <div class=\"DM_at-goodsDescAttrInner\"> <dl class=\"goodsDesc_item goodsDesc_item_even\"> <dt>Punkt Mudeli Number<\/dt> <dd> WZ001<\/dd> <\/dl> <dl class=\"goodsDesc_item\"> <dt>Kaal V\u00f5imsus<\/dt> <dd> 132.3 lb\/60 kg<\/dd> <\/dl> <dl class=\"goodsDesc_item goodsDesc_item_even\"> <dt>Relv V\u00f5imsus<\/dt> <dd> 4 Relvad<\/dd> <\/dl> <dl class=\"goodsDesc_item\"> <dt>V\u00e4rv<\/dt> <dd> Helepunane<\/dd> <\/dl> <dl class=\"goodsDesc_item goodsDesc_item_even\"> <dt>Esmane Materjal<\/dt> <dd> M\u00e4nd<\/dd> <\/dl> <dl class=\"goodsDesc_item\"> <dt>Toode Net Kaal<\/dt> <dd> 8.2 lb\/3.7 kg, Sallivus<\/dd> <\/dl> <dl class=\"goodsDesc_item goodsDesc_item_even\"> <dt>Toote Suurus<\/dt> <dd> 33.1&#034;x24&#034;x5.5&#034;\/840x610x140 mm<\/dd> <\/dl> <\/div> <\/div>","protected":false},"excerpt":{"rendered":"<ul>\n<li> 4-Pesa Rohkelt Ladustamine: Oma tulirelvade n\u00fc\u00fcd on t\u00f6\u00f6kindel ruumi! M\u00f5\u00f5tmise 33.1&#034;x24&#034;x5.5&#034;\/840x610x140 mm, see relv hammas omab 4 haavli, vintp\u00fcssid, ja erinevaid tulirelvi. Lisaks pakub see avar, lukustatav sahtel t\u00e4ita mitmekesine ladustamise vajadusi. See toetab kaaluga kuni 132.3 lbs, pakkudes usaldusv\u00e4\u00e4rset ladustamise ja ekraan lahendus. <\/li>\n<li> T\u00e4ispuidust Ehitus: Meisterdatud 0.8&#034;\/20 mm paksune liimpuit, unikaalne sooned paneeli disain tagab turvalise sobib teie tulirelvad, mis pakub usaldusv\u00e4\u00e4rne tulirelv salvestamise lahendus. Ei ole vaja muretseda oma tulirelv! <\/li>\n<li> Dual Nullist Kaitse: rihveldatud k\u00fclgedel puit relv hammas on t\u00e4idetud pehme EVA vaht ja polster kaitsta oma armastatud pikk relvad kriimustuste, tagades optimaalse kaitse oma tulirelvi. Kui tulirelv v\u00f5ib kindlalt paigutada sooni, v\u00e4hendada kulumist. <\/li>\n<li> 3-Samm Paigaldus: Me kasutame tugev ja vastupidav otsene-pleisse paneel struktuur, koos k\u00f5igi tarvikute, lihtne paigaldus. Koguda puidust raam esimene, paigaldada kabiini sahtlid next (edasi) ja seej\u00e4rel valida wall mount vastavalt teie vajadustele! Lihtne, s\u00e4\u00e4stab aega ja vaevatu setup! <\/li>\n<li> Sobib Eri Kohtades: Meie relv hammas wall mount funktsioone, p\u00f5randa-alaline v\u00f5i seina k\u00fclge kinnitatav, et muuta meie p\u00fcss rack sobib erinevaid seadeid. Valmistatud k\u00f5rge kvaliteediga m\u00e4nnipuit, see eksponeerib peen tekstuur. See on optimaalne lahendus home decor v\u00f5i siseruumides kauplustes ekraan, jahindus ladustamine. <\/li>\n<\/ul>","protected":false},"featured_media":303503,"comment_status":"closed","ping_status":"open","template":"","meta":{"om_disable_all_campaigns":false,"_monsterinsights_skip_tracking":false,"_monsterinsights_sitenote_active":false,"_monsterinsights_sitenote_note":"","_monsterinsights_sitenote_category":0,"_uf_show_specific_survey":0,"_uf_disable_surveys":false},"location":[1935,1934],"product_brand":[21],"product_cat":[3694,2553,2552,2453,2374],"product_tag":[],"class_list":{"0":"post-39760","1":"product","2":"type-product","3":"status-publish","4":"has-post-thumbnail","6":"location-supplier_stock_location","7":"location-local_stock_location","8":"product_brand-vevor","9":"product_cat-gun-racks","10":"product_cat-gun-safes","11":"product_cat-safes-safety-security","12":"product_cat-safety-security","13":"product_cat-tools","15":"first","16":"instock","17":"taxable","18":"shipping-taxable","19":"purchasable","20":"product-type-simple"},"aioseo_notices":[],"jetpack_sharing_enabled":true,"locations":[{"id":1935,"name":"Pieg\u0101d\u0101t\u0101ja noliktav\u0101 (5-7dd)","slug":"supplier_stock_location","quantity":"176"},{"id":1934,"name":"R\u012bgas veikal\u0101 (0-2d.d.)","slug":"local_stock_location","quantity":"0"}],"_links":{"self":[{"href":"https:\/\/vevorshop.lv\/et\/wp-json\/wp\/v2\/product\/39760","targetHints":{"allow":["GET"]}}],"collection":[{"href":"https:\/\/vevorshop.lv\/et\/wp-json\/wp\/v2\/product"}],"about":[{"href":"https:\/\/vevorshop.lv\/et\/wp-json\/wp\/v2\/types\/product"}],"replies":[{"embeddable":true,"href":"https:\/\/vevorshop.lv\/et\/wp-json\/wp\/v2\/comments?post=39760"}],"wp:featuredmedia":[{"embeddable":true,"href":"https:\/\/vevorshop.lv\/et\/wp-json\/wp\/v2\/media\/303503"}],"wp:attachment":[{"href":"https:\/\/vevorshop.lv\/et\/wp-json\/wp\/v2\/media?parent=39760"}],"wp:term":[{"taxonomy":"location","embeddable":true,"href":"https:\/\/vevorshop.lv\/et\/wp-json\/wp\/v2\/location?post=39760"},{"taxonomy":"product_brand","embeddable":true,"href":"https:\/\/vevorshop.lv\/et\/wp-json\/wp\/v2\/product_brand?post=39760"},{"taxonomy":"product_cat","embeddable":true,"href":"https:\/\/vevorshop.lv\/et\/wp-json\/wp\/v2\/product_cat?post=39760"},{"taxonomy":"product_tag","embeddable":true,"href":"https:\/\/vevorshop.lv\/et\/wp-json\/wp\/v2\/product_tag?post=39760"}],"curies":[{"name":"wp","href":"https:\/\/api.w.org\/{rel}","templated":true}]}}