{"id":40199,"date":"2024-11-19T05:11:09","date_gmt":"2024-11-19T05:11:09","guid":{"rendered":"http:\/\/vevorshop.edigo.lv\/Prece\/vevor-drywall-screw-gun-20v-max-drywall-screwgun-4200rpm-brushless-cordless-drywall-gun-kit-with-2-battery-packs-charger-belt-clip-and-tool-bag-forward-and-reverse-adjustable-built-in-led-light\/"},"modified":"2026-04-20T05:37:36","modified_gmt":"2026-04-20T02:37:36","slug":"vevor-drywall-screw-gun-20v-max-drywall-screwgun-4200rpm-brushless-cordless-drywall-gun-kit-with-2-battery-packs-charger-belt-clip-and-tool-bag-forward-and-reverse-adjustable-built-in-led-light","status":"publish","type":"product","link":"https:\/\/vevorshop.lv\/et\/Prece\/vevor-drywall-screw-gun-20v-max-drywall-screwgun-4200rpm-brushless-cordless-drywall-gun-kit-with-2-battery-packs-charger-belt-clip-and-tool-bag-forward-and-reverse-adjustable-built-in-led-light\/","title":{"rendered":"VEVOR 20V juhtmevaba kipsplaadi kruvikeeraja, 4200RPM harjadeta mootor, 2\u00d72Ah akut, LED-valgus, v\u00f6\u00f6kinnitus, kott"},"content":{"rendered":"<div style=\"color: #fff!important; font-size: 16px; height: 24px; line-height: 24px; margin-top: -24px; \" class=\"product_original_name\">VEVOR Drywall Screw Gun, 20V Max Drywall Screwgun, 4200RPM Brushless Cordless Drywall Gun Kit with 2 Battery Packs, Charger, Belt Clip, and Tool Bag, Forward and Reverse Adjustable, Built-in LED Light<\/div>\n<div style=\"color: #fff!important; font-size: 16px; height: 24px; line-height: 24px; margin-top: -24px; \" class=\"product_sku\">M4I4LEGC<\/div>\n<div style=\"color: #fff!important; font-size: 16px; height: 24px; line-height: 24px; margin-top: -24px; \" class=\"product_mpn\">GQLSQWSDF000AQV9VV2<\/div><div id=\"js-DM_at-goodDescRich\"><html><head><style>  body {    font-family: Arial;    line-height: 1.5;    color: #1c1c1c;    overflow-x: hidden;    margin: 0;    padding: 0;  }  .MsoNormal b {    font-weight: bolder;  }<\/style><style>  .container.small {    width: 970px;    margin: 0 auto;  }  .logo {    margin: 0 auto 0;  }  .logo img {    display: block;    margin: 0 auto;    max-width: 100%;  }  .logo .pc-banner {    display: block;    width: 1200px;    height: 247.4px;    margin: 0 auto;  }  .logo .pc-banner.small {    width: 970px;  }  .logo .pc-banner.small img {    height: auto!important;  }  .logo .m-banner {    display: none;  }  .ytvideo {    position: relative;    height: 546px;    width: 100%;    margin: 0 auto;  }  .ytvideo img {    width: 100%;    margin: 0 auto;  }  .ytvideo .play-btn {    width: 60px;    height: 42px;    position: absolute;    top: 50%;    left: 50%;    transform: translate(-50%, -50%);    background: url(\"data:image\/png;base64,iVBORw0KGgoAAAANSUhEUgAAAGQAAABGCAMAAAANWMFbAAAC+lBMVEUAAADBGB3kLCfBGB3kLCfcJC7BFx3KKSbiKybkLCbWJCPSIiLSIiLPICHAFx3kLCfgKSXNHiDZJiTIGx\/p4eHcjo7LHSDbJyTkLCbjKyfOHyHPIiL28fHJHB\/GGh7EGR7eKCXDGB3RISHlLSbBGB3AFxzGHB7DGB7BGB3hKybkKybAFx3lLCfAFxzDGR3hKibDGB7cJyTmz8\/elJTlwcHjurrUIyLlLSflLSfAFx3DGR7lLSfCFx3hKibhKibhKybjKybkLCblLSfbJSX49vbx7e3NNzjNMTLMJyjVIyLZf3\/ZQ0LaeHjx0tLgoqLkLCfCGB3HGx\/BGB3BFx3PICHCGB7WJCLOHyC\/Fxy\/Fx3lLCfQISHkLSe\/FxzbJiTBFx3FGx\/AGB7BFx3EGR7AGB3HHSDfKiXAFh3TISHYNzbhKibbJyTTIiL57e325+f039\/v2NjUV1fOHiHiqanfmprch4feKSXVIyPOICHmLibFGh\/mLSe\/Fx7XJCPeKSXXJSPNHyHaJyTGGh7lLCbmLCflLSjSIiLkLCbdKSXLHiC\/GB3KHh++Fh3lKyfoLiXcKCPkx8fYb2\/XaGfVXl3aU1LLHiDksbHgKibPICHbJyTfKSXbJyTCGB3KHSDiKybFGh7TIiL\/\/\/\/VIyPRISHIHB\/GGx\/HHB\/DGR7gKibdKCXLHiDZJiTMHiDNHyHYJSTOICHPICHWJCPcKCXXJSPjLCblLCf+\/f3NGR\/uLijzLynPGR\/IGB7WISHaIyLLGh7UAADxLynNAADRLzDbICLQAADIAAD3MCrUHSHXMTDpKSbLAADp5OTij4\/ejo\/VLy\/1LyngJSTcJCPQHx\/OHB7+\/PzaMS\/OLS\/vLijrLSjSAADaNTPwLyjkKSbNJCbYISHPHB\/KGB7WAAD7+vrn3d3aKynTKCjoLCfsKifRGh\/YAADq5+fhjo7QNDXXKCfmJyXt5+fTLzDLLi\/QKivYHRvMGBrQJCXLISPMExXLDxLaEAvkkI\/bOTfaFQ\/SCgpvLcnHAAAAmnRSTlMA+vv7+gT9Bvf9+8z8\/NSv\/Pr5+P7++vnQIBMP\/v38\/Pn348XDiCYf9OjbzcqxXVcx\/fz8+\/rj1r2poo1+fXFqX0orGP7+\/v7+\/fz8+\/r68uzn4trIxsG\/vri3p6GcmZSNbWVYUUZEPQv+\/f39+\/v7+\/v7+vr64tvV1NTTz87FtbSurqeblJKFg4B3bUY+NjL7+\/v7+\/v67t1cDo8JLQAABkRJREFUWMO0kz9rwkAYh0OIeJkum6YugUAhISCdKoj\/P4C7SMdS+gEKIhSKil10LSg4mzXkILdlEpxCpwTiWOLX6BujvQaEQuGeHLnL+\/64J+SIcKGYTYWnntpdLjrVdqvZmNdn0+EE40GtpuuWVS6Xx6N7YDSGpWXpeq02wHgynM7q80az1a52HpddtVcpsi1zFARBrdaxbhp9iUReTGmwA4KAAr7vx3EYejnCMI6hQYEgy0LQi4jUN0wL19vqFcUC9\/1dAKmEEFkWRYkh5oBejnxQJiSJPJ\/uKBp0Thszx9Mw8hMRIQjKsptCfuES9zr5WJY6vSFCIvE9fCMUmEM1A1kSXcYGxgVYsvI1IPKTZciSTI0us\/SMGG04gDzELDoFBwdcFJrF88dqgYMTiL6DILWYyfOWE8\/kIz38olCNlC03FK95+imxp6y4oUSvAnBjHHhKNtotSDqJzVFiK8c2SBqhZtsrTtgrLXwAyduxZHNE26eHUt5rtuM4WSmds3G+sUdWYo1L+XyxButoh5eKUHk5lByO3G1LqqCWVnfrv\/lyPtf\/4ps1cndNGIri8J1TJ0lx6dR\/oPjq1nbRwdp2dCk4CtIOLW3pVKRL6WZfS5vF2KkIQhpwSsjiYIgNCs1gEMGqiIq24NQX9NwoXFy8Ufrl3twTcg4fv8T9\/JBEySduj6Mjm4bMzYV7EEOxKjjoNDud7yY3Dy71Hq2oLmqfbNR723edH9PgMrNL2utoQ3VmaIDkiw\/4w51P06hlZsTZvkRrbVuSIs\/zwSOsycgzStQouoAkWQqioRT5XI7n2Z1wfVhoZmcAJLsoqjqpjbWCgpOAJXBwHK8PzWbNvoUZJND5wCnSkLAkZ1legx6vqQzjoiTahKlGUGLAiIIoABOHaNVw4sexZBym6\/HWlH5h3IC7yRbxtipcWxdTOkORKiNQAEkFf66x5S2oeRbroOlLgg0sSYkR0hRGEqJZ0jTPiQKatESdBckpWigxaapEH0lImHdWu9pUFF2XqMNM2Z4kped7IwEJw2qabwtrQqnpw6HyKkgcadKWsmpywwesDyIhYRpdzXddqegtGIJlXbAIUMOLkGxJUjRIkokwjUaX9d\/kK62ps\/tYUqZLIMkLTyBhsMZ3C5Z\/kDxOSCb\/DOs\/\/J0qcWSX\/2ipe56EgTCA4\/cB7NAYOsni4mZM1MUPAISoEwkDi4lhVBQ1cWQyIcwalw4EpqZN68JUSK7XC0kTlkLYii5uXSC8jT5ncCAS7mjCv0uHp\/3lueHEEAeQ\/\/VgmdN71\/2uCSA1Xr6DO6uI6sW56zqT2tp2PhgiRUAajV8CY2fkcz6WGNKMgLAt7tJAhD4YHMTeRxlALE6+43WqjSWi8ITxyJl8WrwWSNESQZZOqhDDntO3hJLsd5RtSpbJqdv3YrDJH3F7jL1R2O2aQkn2MyCyKYz0GPGIvSAMgBCrCEiJyKbBaYGwLW4uPRr0A0M4Ux5kUI7IBh+hMdiCEWNqhMZGyYMsOgNE58UQuEQeUnSWCMYwL54hkxK6IoqucQZbQ3pc3XtL0lky1dL0zZJJDpWJovFqpWj6JEHnyam2eQp5QRVAVHjWparTOaVwUOx99YS2MvgxIGV0bb+qIg2HX2qkFFJB+XZcbLiuRkuxD9GRroKyveLxdh4d7Orx+hb7qc3uVRuEogCOnyIxm4ubUoPgF4jianDrC+SDQDKEfJb0GUKmjCGPYHGJvVC6X4hw1\/sAfQAdfYyephIaspXe36RwOP+Ljvfx9B6B3i+Nk0DGq+oCbLn6JpBa9nWAveAIHwFAwtVcIJXPMPL8kRu5OAYPMaL1WScTxjiZDqB9LTJSWphow\/pTYKRTLjCBhvi9iBidvKcDasGSm0QQkycYuLBqj6QCELPctqChDWpTRMWkngNNpQ1Pfp1KkiT\/Y0DGffXAweUNfLAfaJFKDwhb6I+bkYRbkERoEeu3Fyjg2opMz2daZCS9jt6Q7txNfB+OZEVF6Zl5web2xunnLQrtrjXseXKaFYziYINeMFZVxS9VxRhOoesYwxPKXm+gWLG9cuFeq93UNNeJNsf1KlwuDok9n02n3TgIJpOxNfL9naIoQwXtfH9kjceTIIi709ncTg6LZbg+biLH1V6u\/7rxBem06VXKn9raAAAAAElFTkSuQmCC\")      no-repeat center center \/ contain;  }  @media screen and (max-width: 960px) and (orientation: portrait) {    .logo {      width: 100%;    }    .logo .pc-banner {      display: none;    }    .logo .m-banner {      display: block;      width: 100%;    }    .logo .m-banner img {      height: auto!important;    }    .ytvideo {      height: 200px;      width: 100%;    }  }<\/style><style>  .video-section {    width: 100%;    margin: 0 auto;  }  .video-section > img {    width: 100%;  }  .video-section iframe,  .video-section video {    width: 100%;    height: 100%;      }  .video-section-img-m,  .video-section-img-pc > img {    width: 100%;    height: auto;  }  .video-section-img-pc.small > img {    width: 970px;  }  .video-desc {    line-height: 1.5;    font-size: 20px;    font-weight: 400;    margin: 20px 0;    text-align: center;    color: #0f1111;    word-break: break-word;  }  @media screen and (max-width: 960px) and (orientation: portrait) {    .video-section {      width: 100%;    }    .video-section-pc,    .video-section-img-pc {      display: none;    }    .video-section-m,    .video-section-img-m {      display: block;    }    .video-desc {      font-size: 15px;    }  }  @media screen and (min-width: 960px) {    .video-section {      width: 100%;      margin: 0 auto;    }    .video-section-pc,    .video-section-img-pc {      display: block;    }    .video-section-m,    .video-section-img-m {      display: none;    }    .video-desc {      font-size: 20px;    }  }<\/style><style>  .section + .section {    margin-top: 35px;  }  .section-title {    text-align: center;    font-weight: bold;    color: #0d1111;    font-family: \"Arial\";    font-size: 32px;    margin: 15px 0;  }  .section-title:empty {    display: none;  }  .section-desc {    text-align: center;    font-weight: normal;    color: #0d1111;    margin-top: 20px;  }  .section-desc:empty {    display: none;  }  .section-img {    width: 1200px;    height: 492px;    margin: 0 auto;    display: block;  }  .section-img.small {    width: 970px;    height: auto;  }  .section-img.small > img {    height: auto;  }  .section-img > img {    width: 100%;    height: 100%;  }  .section-mobile-img {    display: none;    max-width: 100vw;    max-height: 75vw;    height: 450px;    margin: 0 auto;  }  .section-mobile-img > img {    width: 100%;    height: 100%;  }  @media screen and (max-width: 960px) and (orientation: portrait) {    .container {      width: 100%;    }    .container.small {      width: 100%;    }    .section-mobile-img {      display: block;    }    .section-img {      display: none;    }    .section-title {      font-size: 22px;      margin: 10px 0;    }    .section-desc {      margin-top: 10px;    }    .section + .section {      margin-top: 20px;    }  }<\/style><\/head><body><div class=\"container\"><div class=\"logo\"><div class=\"pc-banner\"><div><img decoding=\"async\" src=\"\/vevor\/vevor\/boutique-banner\/pc\/en-pc@1x.jpg\" style=\"width: 100%;\" \/><\/div><\/div><div class=\"m-banner\"><div><img decoding=\"async\" src=\"\/vevor\/vevor\/boutique-banner\/mobile\/en-m@1x.jpg\" style=\"width: 100%;\" \/><\/div><\/div><\/div><div class=\"section-title\">Valida VEVOR Levy Kruvi Relv on t\u00f5hus ja mugav t\u00f6\u00f6 kogemus<\/div><div class=\"video-section\"><div class=\"video-section-img-pc\"><img decoding=\"async\" src=\"\/vevor\/product\/GQLSQWSDF000AQV9V\/drywall-screw-gun-a100-1.4.jpg\" alt=\"t\u00f6\u00f6taja, kasutades VEVOR levy kruvi relv harjadeta mootor, maksimaalselt 4200 p \/ min, v\u00f5imas ja pikaajaline.\" \/><\/div><div class=\"video-section-img-m\"><img decoding=\"async\" src=\"\/vevor\/product\/GQLSQWSDF000AQV9V\/drywall-screw-gun-a100-1.4-m.jpg\" alt=\"t\u00f6\u00f6taja, kasutades VEVOR levy kruvi relv harjadeta mootor, maksimaalselt 4200 p \/ min, v\u00f5imas ja pikaajaline.\" \/><\/div><div class=\"section-desc\">Kui levy kruvi relv kasutab harjadeta mootor, mille kiirus on kuni 4200 p \/ MIN. See annab v\u00f5imas ja pikaajaline t\u00f6\u00f6. V\u00f5rreldes traditsiooniliste mootorid, harjadeta mootor tekitab madalam m\u00fcratase ja kaob vajadus s\u00fcsiniku harja asendamise, v\u00e4hendamise hooldus.<\/div><\/div><div class=\"section\"><div class=\"section-title\"><\/div><div class=\"section-img\"><img decoding=\"async\" src=\"\/vevor\/product\/GQLSQWSDF000AQV9V\/drywall-screw-gun-a100-2.2.jpg\" alt=\"VEVOR levy kruvi relv suure v\u00f5imsusega aku ja 2ah aku kaua-kestev toide.\" \/><\/div><div class=\"section-mobile-img\"><img decoding=\"async\" src=\"\/vevor\/product\/GQLSQWSDF000AQV9V\/drywall-screw-gun-a100-2.2-m.jpg\" alt=\"VEVOR levy kruvi relv suure v\u00f5imsusega aku ja 2ah aku kaua-kestev toide.\" \/><\/div><div class=\"section-desc\">Iga levy relv on varustatud kahe 2AH aku pakki, mis on v\u00f5imelised s\u00f5idu 800 kruvi \u00fche laadimisega, pakkudes suurep\u00e4rast t\u00f6\u00f6aja ja t\u00f5husust. See v\u00f5imaldab k\u00e4idelda k\u00f5rge t\u00f6\u00f6koormus, \u00fclesanded, kergust, ilma et oleks vaja sagedane laadimine v\u00f5i aku asendused.<\/div><\/div><div class=\"section\"><div class=\"section-title\"><\/div><div class=\"section-img\"><img decoding=\"async\" src=\"\/vevor\/product\/GQLSQWSDF000AQV9V\/drywall-screw-gun-a100-2.3.jpg\" alt=\"edasi\/tagasi kohandamine VEVOR levy kruvi koos gun kontrolli nupud kruvi eemaldamine ja paigaldus.\" \/><\/div><div class=\"section-mobile-img\"><img decoding=\"async\" src=\"\/vevor\/product\/GQLSQWSDF000AQV9V\/drywall-screw-gun-a100-2.3-m.jpg\" alt=\"edasi\/tagasi kohandamine VEVOR levy kruvi koos gun kontrolli nupud kruvi eemaldamine ja paigaldus.\" \/><\/div><div class=\"section-desc\">The cordless drywall screw gun features forward, reverse, and anti-misfire startup modes. You can choose the screw installation\/removal mode as needed. When set to the middle mode, it ensures the screw gun won't accidentally start when placed in a backpack or storage.<\/div><\/div><div class=\"section\"><div class=\"section-title\"><\/div><div class=\"section-img\"><img decoding=\"async\" src=\"\/vevor\/product\/GQLSQWSDF000AQV9V\/drywall-screw-gun-a100-2.4.jpg\" alt=\"kaasaskantav disain VEVOR levy kruvi relv, kerge on 6 lbs, lihtne kaasas kanda toolbag.\" \/><\/div><div class=\"section-mobile-img\"><img decoding=\"async\" src=\"\/vevor\/product\/GQLSQWSDF000AQV9V\/drywall-screw-gun-a100-2.4-m.jpg\" alt=\"kaasaskantav disain VEVOR levy kruvi relv, kerge on 6 lbs, lihtne kaasas kanda toolbag.\" \/><\/div><div class=\"section-desc\">Kui levy screwgun kaasas kantav v\u00f6\u00f6 klamber ja t\u00f6\u00f6riista kott, mis v\u00f5imaldab teil kergesti teha see ja asetage see oma v\u00f6\u00f6 v\u00f5i salvestada t\u00f6\u00f6riista kott on-the-go kasutada. Kasutades v\u00f6\u00f6klambris vabastab k\u00e4ed, muutes t\u00f6\u00f6 paindlikumaks.<\/div><\/div><div class=\"section\"><div class=\"section-title\"><\/div><div class=\"section-img\"><img decoding=\"async\" src=\"\/vevor\/product\/GQLSQWSDF000AQV9V\/drywall-screw-gun-a100-2.5.jpg\" alt=\"VEVOR levy kruvi p\u00fcstol koos sisseehitatud led valgus t\u00f6\u00f6tavad ja tume v\u00f5i suletud ruumides.\" \/><\/div><div class=\"section-mobile-img\"><img decoding=\"async\" src=\"\/vevor\/product\/GQLSQWSDF000AQV9V\/drywall-screw-gun-a100-2.5-m.jpg\" alt=\"VEVOR levy kruvi p\u00fcstol koos sisseehitatud led valgus t\u00f6\u00f6tavad ja tume v\u00f5i suletud ruumides.\" \/><\/div><div class=\"section-desc\">Whether you're working in dim corners, narrow spaces, or limited lighting conditions, the powerful LED light ensures you can accurately locate screw holes and complete tasks. It enhances the safety of the work process, ensuring you can easily handle various challenges.<\/div><\/div><div class=\"section\"><div class=\"section-img\"><img decoding=\"async\" src=\"\/vevor\/product\/GQLSQWSDF000AQV9V\/drywall-screw-gun-a100-1.11.jpg\" alt=\"VEVOR levy kruvi relv 20v aku, laadija, t\u00f6\u00f6riist kott, ja tarvikud, m\u00f5\u00f5tmed 11.3&#034;x3.1&#034;x10&#034;.\" \/><\/div><div class=\"section-mobile-img\"><img decoding=\"async\" src=\"\/vevor\/product\/GQLSQWSDF000AQV9V\/drywall-screw-gun-a100-1.11-m.jpg\" alt=\"VEVOR levy kruvi relv 20v aku, laadija, t\u00f6\u00f6riist kott, ja tarvikud, m\u00f5\u00f5tmed 11.3&#034;x3.1&#034;x10&#034;.\" \/><\/div><\/div><\/div><\/body><\/html><\/div>\n<div class=\"DM_at-title\" id=\"js-DM_at-title\"> <div>Toote spetsifikatsioon<\/div> <i class=\"icon-arrowup_line\"><\/i> <\/div><div class=\"DM_at-goodsDescAttr\" id=\"js-DM_at-goodsDescAttr\"> <div class=\"DM_at-goodsDescAttrInner\"> <dl class=\"goodsDesc_item goodsDesc_item_even\"> <dt>Punkt Mudeli Number<\/dt> <dd> BR8504<\/dd> <\/dl> <dl class=\"goodsDesc_item\"> <dt>Pinge<\/dt> <dd> DC20V<\/dd> <\/dl> <dl class=\"goodsDesc_item goodsDesc_item_even\"> <dt>Kohaldatava Kruvi Suurused<\/dt> <dd> ST3.5 x 25 ST3.5 x 57<\/dd> <\/dl> <dl class=\"goodsDesc_item\"> <dt>Kohaldatava Kruvi Pikkus<\/dt> <dd> 0.98-2.2 \/ 25-57 mm<\/dd> <\/dl> <dl class=\"goodsDesc_item goodsDesc_item_even\"> <dt>Natuke Materjali<\/dt> <dd> S2<\/dd> <\/dl> <dl class=\"goodsDesc_item\"> <dt>Natuke K\u00f5vadus<\/dt> <dd> 58-60 kraadi<\/dd> <\/dl> <dl class=\"goodsDesc_item goodsDesc_item_even\"> <dt>Kiirus<\/dt> <dd> 4200RPM<\/dd> <\/dl> <dl class=\"goodsDesc_item\"> <dt>Toote M\u00f5\u00f5tmed<\/dt> <dd> 11.3 x 3.1 x 10 \/ 288 x 78 x 255 mm<\/dd> <\/dl> <dl class=\"goodsDesc_item goodsDesc_item_even\"> <dt>Neto Kaal (sisaldab tarvikud)<\/dt> <dd> 5.95 lbs \/ 2.7 kg<\/dd> <\/dl> <\/div> <\/div>","protected":false},"excerpt":{"rendered":"<ul>\n<li> \u00dclim T\u00f5husus: levy kruvi relv omadused k\u00f5rge efektiivsusega harjadeta mootor, mille kiirus on kuni 4200RPM, pakkudes erakordne v\u00f5imsus, kauakestev eluiga, ja t\u00f5rgeteta, v\u00e4simatu t\u00f6\u00f6, v\u00e4hendades samal ajal m\u00fcra taset. Sa ei pea isegi asendada s\u00fcsiharjad. <\/li>\n<li> Pikendatud Aku Eluiga: Iga levy relv kaasas 2 x 2AH aku pakendis, laetud ainult 1 tund ja 15 minutit. \u00dche t\u00e4ielikult laetud aku saab s\u00f5ita 800 kruvid, k\u00f5rvaldades vajadust sagedane laadimine katkestusi. See on ideaalne suurte projektide v\u00f5i pikaajaline toimingud. <\/li>\n<li> Kolme-Re\u017eiimid Korrigeerimine: juhtmeta levy kruvi relv funktsioone, edasi-ja tagasikerimine reguleerimine, v\u00f5imaldab lihtne kruvi paigaldamine ja eemaldamine. L\u00e4his milles on anti-vahelej\u00e4tu disain hoiab \u00e4ra juhusliku aktiveerimise, kui kruvi relva ei kasuta, v\u00e4hendada v\u00f5imalike vigastuste ja \u00f5nnetuste. <\/li>\n<li> Lihtne teha: Salvestada levy screwgun t\u00f6\u00f6riista kott kerge transportida, et iga t\u00f6\u00f6koht. Saate kasutada ka v\u00f6\u00f6 klamber riputada vahend oma talje, vabastades oma k\u00e4ed lihtsam l\u00f5petamine teisi \u00fclesandeid. <\/li>\n<li> Sisseehitatud LED Valgus: h\u00e4maras t\u00f6\u00f6keskkondades, saate te l\u00fclitada sheetrock kruvi relv on LED, et valgustada t\u00f6\u00f6kohta, abistamine t\u00e4psem kruvi asukoha ja pakkuda v\u00f5rratu operatiivne mugavust ja ohutust. <\/li>\n<\/ul>","protected":false},"featured_media":304164,"comment_status":"closed","ping_status":"open","template":"","meta":{"om_disable_all_campaigns":false,"_monsterinsights_skip_tracking":false,"_monsterinsights_sitenote_active":false,"_monsterinsights_sitenote_note":"","_monsterinsights_sitenote_category":0,"_uf_show_specific_survey":0,"_uf_disable_surveys":false},"location":[1935,1934],"product_brand":[21],"product_cat":[2516,2397,4049,2374],"product_tag":[],"class_list":{"0":"post-40199","1":"product","2":"type-product","3":"status-publish","4":"has-post-thumbnail","6":"location-supplier_stock_location","7":"location-local_stock_location","8":"product_brand-vevor","9":"product_cat-drills-power-tools-tools","10":"product_cat-power-tools-tools","11":"product_cat-screw-guns","12":"product_cat-tools","14":"first","15":"instock","16":"taxable","17":"shipping-taxable","18":"purchasable","19":"product-type-simple"},"aioseo_notices":[],"jetpack_sharing_enabled":true,"locations":[{"id":1935,"name":"Pieg\u0101d\u0101t\u0101ja noliktav\u0101 (5-7dd)","slug":"supplier_stock_location","quantity":"78"},{"id":1934,"name":"R\u012bgas veikal\u0101 (0-2d.d.)","slug":"local_stock_location","quantity":"0"}],"_links":{"self":[{"href":"https:\/\/vevorshop.lv\/et\/wp-json\/wp\/v2\/product\/40199","targetHints":{"allow":["GET"]}}],"collection":[{"href":"https:\/\/vevorshop.lv\/et\/wp-json\/wp\/v2\/product"}],"about":[{"href":"https:\/\/vevorshop.lv\/et\/wp-json\/wp\/v2\/types\/product"}],"replies":[{"embeddable":true,"href":"https:\/\/vevorshop.lv\/et\/wp-json\/wp\/v2\/comments?post=40199"}],"wp:featuredmedia":[{"embeddable":true,"href":"https:\/\/vevorshop.lv\/et\/wp-json\/wp\/v2\/media\/304164"}],"wp:attachment":[{"href":"https:\/\/vevorshop.lv\/et\/wp-json\/wp\/v2\/media?parent=40199"}],"wp:term":[{"taxonomy":"location","embeddable":true,"href":"https:\/\/vevorshop.lv\/et\/wp-json\/wp\/v2\/location?post=40199"},{"taxonomy":"product_brand","embeddable":true,"href":"https:\/\/vevorshop.lv\/et\/wp-json\/wp\/v2\/product_brand?post=40199"},{"taxonomy":"product_cat","embeddable":true,"href":"https:\/\/vevorshop.lv\/et\/wp-json\/wp\/v2\/product_cat?post=40199"},{"taxonomy":"product_tag","embeddable":true,"href":"https:\/\/vevorshop.lv\/et\/wp-json\/wp\/v2\/product_tag?post=40199"}],"curies":[{"name":"wp","href":"https:\/\/api.w.org\/{rel}","templated":true}]}}