{"id":42077,"date":"2024-11-19T07:03:21","date_gmt":"2024-11-19T07:03:21","guid":{"rendered":"http:\/\/vevorshop.edigo.lv\/Prece\/vevor-3-seat-patio-swing-chair-converting-canopy-swing-outdoor-patio-porch-with-adjustable-canopy-removable-thick-cushion-and-alloy-steel-frame-for-balcony-backyard-poolside-burgundy\/"},"modified":"2026-04-20T05:15:08","modified_gmt":"2026-04-20T02:15:08","slug":"vevor-3-seat-patio-swing-chair-converting-canopy-swing-outdoor-patio-porch-with-adjustable-canopy-removable-thick-cushion-and-alloy-steel-frame-for-balcony-backyard-poolside-burgundy","status":"publish","type":"product","link":"https:\/\/vevorshop.lv\/et\/Prece\/vevor-3-seat-patio-swing-chair-converting-canopy-swing-outdoor-patio-porch-with-adjustable-canopy-removable-thick-cushion-and-alloy-steel-frame-for-balcony-backyard-poolside-burgundy\/","title":{"rendered":"VEVOR 3-kohaline \u00f5uekiik reguleeritava varikatusega, lamamisfunktsiooniga, veekindlate patjadega, terasraamiga, burgundia v\u00e4rvi"},"content":{"rendered":"<div style=\"color: #fff!important; font-size: 16px; height: 24px; line-height: 24px; margin-top: -24px; \" class=\"product_original_name\">VEVOR 3-Seat Patio Swing Chair, Converting Canopy Swing, Outdoor Patio Porch with Adjustable Canopy, Removable Thick Cushion and Alloy Steel Frame, for Balcony, Backyard, Poolside, Burgundy<\/div>\n<div style=\"color: #fff!important; font-size: 16px; height: 24px; line-height: 24px; margin-top: -24px; \" class=\"product_sku\">M4I4LH08<\/div>\n<div style=\"color: #fff!important; font-size: 16px; height: 24px; line-height: 24px; margin-top: -24px; \" class=\"product_mpn\">TJQQ72INX47IGWKC9V0<\/div><div id=\"js-DM_at-goodDescRich\"><html><head><style>  body {    font-family: Arial;    line-height: 1.5;    color: #1c1c1c;    overflow-x: hidden;    margin: 0;    padding: 0;  }  .MsoNormal b {    font-weight: bolder;  }<\/style><style>  .container.small {    width: 970px;    margin: 0 auto;  }  .logo {    margin: 0 auto 0;  }  .logo img {    display: block;    margin: 0 auto;    max-width: 100%;  }  .logo .pc-banner {    display: block;    width: 1200px;    height: 247.4px;    margin: 0 auto;  }  .logo .pc-banner.small {    width: 970px;  }  .logo .pc-banner.small img {    height: auto!important;  }  .logo .m-banner {    display: none;  }  .ytvideo {    position: relative;    height: 546px;    width: 100%;    margin: 0 auto;  }  .ytvideo img {    width: 100%;    margin: 0 auto;  }  .ytvideo .play-btn {    width: 60px;    height: 42px;    position: absolute;    top: 50%;    left: 50%;    transform: translate(-50%, -50%);    background: url(\"data:image\/png;base64,iVBORw0KGgoAAAANSUhEUgAAAGQAAABGCAMAAAANWMFbAAAC+lBMVEUAAADBGB3kLCfBGB3kLCfcJC7BFx3KKSbiKybkLCbWJCPSIiLSIiLPICHAFx3kLCfgKSXNHiDZJiTIGx\/p4eHcjo7LHSDbJyTkLCbjKyfOHyHPIiL28fHJHB\/GGh7EGR7eKCXDGB3RISHlLSbBGB3AFxzGHB7DGB7BGB3hKybkKybAFx3lLCfAFxzDGR3hKibDGB7cJyTmz8\/elJTlwcHjurrUIyLlLSflLSfAFx3DGR7lLSfCFx3hKibhKibhKybjKybkLCblLSfbJSX49vbx7e3NNzjNMTLMJyjVIyLZf3\/ZQ0LaeHjx0tLgoqLkLCfCGB3HGx\/BGB3BFx3PICHCGB7WJCLOHyC\/Fxy\/Fx3lLCfQISHkLSe\/FxzbJiTBFx3FGx\/AGB7BFx3EGR7AGB3HHSDfKiXAFh3TISHYNzbhKibbJyTTIiL57e325+f039\/v2NjUV1fOHiHiqanfmprch4feKSXVIyPOICHmLibFGh\/mLSe\/Fx7XJCPeKSXXJSPNHyHaJyTGGh7lLCbmLCflLSjSIiLkLCbdKSXLHiC\/GB3KHh++Fh3lKyfoLiXcKCPkx8fYb2\/XaGfVXl3aU1LLHiDksbHgKibPICHbJyTfKSXbJyTCGB3KHSDiKybFGh7TIiL\/\/\/\/VIyPRISHIHB\/GGx\/HHB\/DGR7gKibdKCXLHiDZJiTMHiDNHyHYJSTOICHPICHWJCPcKCXXJSPjLCblLCf+\/f3NGR\/uLijzLynPGR\/IGB7WISHaIyLLGh7UAADxLynNAADRLzDbICLQAADIAAD3MCrUHSHXMTDpKSbLAADp5OTij4\/ejo\/VLy\/1LyngJSTcJCPQHx\/OHB7+\/PzaMS\/OLS\/vLijrLSjSAADaNTPwLyjkKSbNJCbYISHPHB\/KGB7WAAD7+vrn3d3aKynTKCjoLCfsKifRGh\/YAADq5+fhjo7QNDXXKCfmJyXt5+fTLzDLLi\/QKivYHRvMGBrQJCXLISPMExXLDxLaEAvkkI\/bOTfaFQ\/SCgpvLcnHAAAAmnRSTlMA+vv7+gT9Bvf9+8z8\/NSv\/Pr5+P7++vnQIBMP\/v38\/Pn348XDiCYf9OjbzcqxXVcx\/fz8+\/rj1r2poo1+fXFqX0orGP7+\/v7+\/fz8+\/r68uzn4trIxsG\/vri3p6GcmZSNbWVYUUZEPQv+\/f39+\/v7+\/v7+vr64tvV1NTTz87FtbSurqeblJKFg4B3bUY+NjL7+\/v7+\/v67t1cDo8JLQAABkRJREFUWMO0kz9rwkAYh0OIeJkum6YugUAhISCdKoj\/P4C7SMdS+gEKIhSKil10LSg4mzXkILdlEpxCpwTiWOLX6BujvQaEQuGeHLnL+\/64J+SIcKGYTYWnntpdLjrVdqvZmNdn0+EE40GtpuuWVS6Xx6N7YDSGpWXpeq02wHgynM7q80az1a52HpddtVcpsi1zFARBrdaxbhp9iUReTGmwA4KAAr7vx3EYejnCMI6hQYEgy0LQi4jUN0wL19vqFcUC9\/1dAKmEEFkWRYkh5oBejnxQJiSJPJ\/uKBp0Thszx9Mw8hMRIQjKsptCfuES9zr5WJY6vSFCIvE9fCMUmEM1A1kSXcYGxgVYsvI1IPKTZciSTI0us\/SMGG04gDzELDoFBwdcFJrF88dqgYMTiL6DILWYyfOWE8\/kIz38olCNlC03FK95+imxp6y4oUSvAnBjHHhKNtotSDqJzVFiK8c2SBqhZtsrTtgrLXwAyduxZHNE26eHUt5rtuM4WSmds3G+sUdWYo1L+XyxButoh5eKUHk5lByO3G1LqqCWVnfrv\/lyPtf\/4ps1cndNGIri8J1TJ0lx6dR\/oPjq1nbRwdp2dCk4CtIOLW3pVKRL6WZfS5vF2KkIQhpwSsjiYIgNCs1gEMGqiIq24NQX9NwoXFy8Ufrl3twTcg4fv8T9\/JBEySduj6Mjm4bMzYV7EEOxKjjoNDud7yY3Dy71Hq2oLmqfbNR723edH9PgMrNL2utoQ3VmaIDkiw\/4w51P06hlZsTZvkRrbVuSIs\/zwSOsycgzStQouoAkWQqioRT5XI7n2Z1wfVhoZmcAJLsoqjqpjbWCgpOAJXBwHK8PzWbNvoUZJND5wCnSkLAkZ1legx6vqQzjoiTahKlGUGLAiIIoABOHaNVw4sexZBym6\/HWlH5h3IC7yRbxtipcWxdTOkORKiNQAEkFf66x5S2oeRbroOlLgg0sSYkR0hRGEqJZ0jTPiQKatESdBckpWigxaapEH0lImHdWu9pUFF2XqMNM2Z4kped7IwEJw2qabwtrQqnpw6HyKkgcadKWsmpywwesDyIhYRpdzXddqegtGIJlXbAIUMOLkGxJUjRIkokwjUaX9d\/kK62ps\/tYUqZLIMkLTyBhsMZ3C5Z\/kDxOSCb\/DOs\/\/J0qcWSX\/2ipe56EgTCA4\/cB7NAYOsni4mZM1MUPAISoEwkDi4lhVBQ1cWQyIcwalw4EpqZN68JUSK7XC0kTlkLYii5uXSC8jT5ncCAS7mjCv0uHp\/3lueHEEAeQ\/\/VgmdN71\/2uCSA1Xr6DO6uI6sW56zqT2tp2PhgiRUAajV8CY2fkcz6WGNKMgLAt7tJAhD4YHMTeRxlALE6+43WqjSWi8ITxyJl8WrwWSNESQZZOqhDDntO3hJLsd5RtSpbJqdv3YrDJH3F7jL1R2O2aQkn2MyCyKYz0GPGIvSAMgBCrCEiJyKbBaYGwLW4uPRr0A0M4Ux5kUI7IBh+hMdiCEWNqhMZGyYMsOgNE58UQuEQeUnSWCMYwL54hkxK6IoqucQZbQ3pc3XtL0lky1dL0zZJJDpWJovFqpWj6JEHnyam2eQp5QRVAVHjWparTOaVwUOx99YS2MvgxIGV0bb+qIg2HX2qkFFJB+XZcbLiuRkuxD9GRroKyveLxdh4d7Orx+hb7qc3uVRuEogCOnyIxm4ubUoPgF4jianDrC+SDQDKEfJb0GUKmjCGPYHGJvVC6X4hw1\/sAfQAdfYyephIaspXe36RwOP+Ljvfx9B6B3i+Nk0DGq+oCbLn6JpBa9nWAveAIHwFAwtVcIJXPMPL8kRu5OAYPMaL1WScTxjiZDqB9LTJSWphow\/pTYKRTLjCBhvi9iBidvKcDasGSm0QQkycYuLBqj6QCELPctqChDWpTRMWkngNNpQ1Pfp1KkiT\/Y0DGffXAweUNfLAfaJFKDwhb6I+bkYRbkERoEeu3Fyjg2opMz2daZCS9jt6Q7txNfB+OZEVF6Zl5web2xunnLQrtrjXseXKaFYziYINeMFZVxS9VxRhOoesYwxPKXm+gWLG9cuFeq93UNNeJNsf1KlwuDok9n02n3TgIJpOxNfL9naIoQwXtfH9kjceTIIi709ncTg6LZbg+biLH1V6u\/7rxBem06VXKn9raAAAAAElFTkSuQmCC\")      no-repeat center center \/ contain;  }  @media screen and (max-width: 960px) and (orientation: portrait) {    .logo {      width: 100%;    }    .logo .pc-banner {      display: none;    }    .logo .m-banner {      display: block;      width: 100%;    }    .logo .m-banner img {      height: auto!important;    }    .ytvideo {      height: 200px;      width: 100%;    }  }<\/style><style>  .video-section {    width: 100%;    margin: 0 auto;  }  .video-section > img {    width: 100%;  }  .video-section iframe,  .video-section video {    width: 100%;    height: 100%;      }  .video-section-img-m,  .video-section-img-pc > img {    width: 100%;    height: auto;  }  .video-section-img-pc.small > img {    width: 970px;  }  .video-desc {    line-height: 1.5;    font-size: 20px;    font-weight: 400;    margin: 20px 0;    text-align: center;    color: #0f1111;    word-break: break-word;  }  @media screen and (max-width: 960px) and (orientation: portrait) {    .video-section {      width: 100%;    }    .video-section-pc,    .video-section-img-pc {      display: none;    }    .video-section-m,    .video-section-img-m {      display: block;    }    .video-desc {      font-size: 15px;    }  }  @media screen and (min-width: 960px) {    .video-section {      width: 100%;      margin: 0 auto;    }    .video-section-pc,    .video-section-img-pc {      display: block;    }    .video-section-m,    .video-section-img-m {      display: none;    }    .video-desc {      font-size: 20px;    }  }<\/style><style>  .section + .section {    margin-top: 35px;  }  .section-title {    text-align: center;    font-weight: bold;    color: #0d1111;    font-family: \"Arial\";    font-size: 32px;    margin: 15px 0;  }  .section-title:empty {    display: none;  }  .section-desc {    text-align: center;    font-weight: normal;    color: #0d1111;    margin-top: 20px;  }  .section-desc:empty {    display: none;  }  .section-img {    width: 1200px;    height: 492px;    margin: 0 auto;    display: block;  }  .section-img.small {    width: 970px;    height: auto;  }  .section-img.small > img {    height: auto;  }  .section-img > img {    width: 100%;    height: 100%;  }  .section-mobile-img {    display: none;    max-width: 100vw;    max-height: 75vw;    height: 450px;    margin: 0 auto;  }  .section-mobile-img > img {    width: 100%;    height: 100%;  }  @media screen and (max-width: 960px) and (orientation: portrait) {    .container {      width: 100%;    }    .container.small {      width: 100%;    }    .section-mobile-img {      display: block;    }    .section-img {      display: none;    }    .section-title {      font-size: 22px;      margin: 10px 0;    }    .section-desc {      margin-top: 10px;    }    .section + .section {      margin-top: 20px;    }  }<\/style><\/head><body><div class=\"container\"><div class=\"logo\"><div class=\"pc-banner\"><div><img decoding=\"async\" src=\"\/vevor\/vevor\/boutique-banner\/pc\/en-pc@1x.jpg\" style=\"width: 100%;\" \/><\/div><\/div><div class=\"m-banner\"><div><img decoding=\"async\" src=\"\/vevor\/vevor\/boutique-banner\/mobile\/en-m@1x.jpg\" style=\"width: 100%;\" \/><\/div><\/div><\/div><div class=\"section-title\">72 x 47in V\u00e4ljas Konverteeriva Veranda Kiik koos alusega<\/div><div class=\"video-section\"><div class=\"video-section-img-pc\"><img decoding=\"async\" src=\"\/vevor\/product\/TJQQ72INX47IGWKC9\/patio-swing-chair-a100-1.4.jpg\" alt=\"VEVOR terrassile kiik tool v\u00f5rade istmed kolm terrass, legeeritud terasest raam, 750 lbs kaal v\u00f5imsust.\" \/><\/div><div class=\"video-section-img-m\"><img decoding=\"async\" src=\"\/vevor\/product\/TJQQ72INX47IGWKC9\/patio-swing-chair-a100-1.4-m.jpg\" alt=\"VEVOR terrassile kiik tool v\u00f5rade istmed kolm terrass, legeeritud terasest raam, 750 lbs kaal v\u00f5imsust.\" \/><\/div><div class=\"section-desc\">Meisterdatud legeeritud terasest, see veranda kiiged v\u00e4ljas pakub vastupidav-frame struktuur, millega on v\u00f5imalik toetada kuni 750 naela, majutamiseks 3 inimest, v\u00e4ljas vaba aja.<\/div><\/div><div class=\"section\"><div class=\"section-title\"><\/div><div class=\"section-img\"><img decoding=\"async\" src=\"\/vevor\/product\/TJQQ72INX47IGWKC9\/patio-swing-chair-a100-2.2.jpg\" alt=\"VEVOR terrassile kiik tool, reguleeritava p\u00e4ikesevarju v\u00f5rade, veekindel pol\u00fcester kangast, upf 30+ kaitse.\" \/><\/div><div class=\"section-mobile-img\"><img decoding=\"async\" src=\"\/vevor\/product\/TJQQ72INX47IGWKC9\/patio-swing-chair-a100-2.2-m.jpg\" alt=\"VEVOR terrassile kiik tool, reguleeritava p\u00e4ikesevarju v\u00f5rade, veekindel pol\u00fcester kangast, upf 30+ kaitse.\" \/><\/div><div class=\"section-desc\">Top p\u00e4ikesevarju v\u00f5rade saab reguleerida kuni 60\u00b0 a nupp, mis tagab optimaalse p\u00e4ikesevarju m\u00f5ju. Valmistatud pol\u00fcester kangast, v\u00e4ljas kiiged, t\u00e4iskasvanutele resistid, mis pleegib isegi v\u00e4ljas kokkupuudet.<\/div><\/div><div class=\"section\"><div class=\"section-title\"><\/div><div class=\"section-img\"><img decoding=\"async\" src=\"\" \/><\/div><div class=\"section-mobile-img\"><img decoding=\"async\" src=\"\/vevor\/product\/TJQQ72INX47IGWKC9\/patio-swing-chair-a100-2.3-m.jpg\" alt=\"VEVOR terrassile kiik tool punane, kabriolett, et kiik voodi, kuvatakse veranda ja aed seaded.\" \/><\/div><div class=\"section-desc\">Nii iste ja seljatugi on valmistatud v\u00e4ljas-spetsialiseeritud Oxford kangast, pakkudes mugav ja lahe istub kogemus, isegi suvel.<\/div><\/div><div class=\"section\"><div class=\"section-title\"><\/div><div class=\"section-img\"><img decoding=\"async\" src=\"\/vevor\/product\/TJQQ72INX47IGWKC9\/patio-swing-chair-a100-2.4.jpg\" alt=\"t\u00e4iustatud mugavust VEVOR terrassile kiik tool, millel on paks istmepadja, tugevdatud rihm ja veekindel kangas.\" \/><\/div><div class=\"section-mobile-img\"><img decoding=\"async\" src=\"\/vevor\/product\/TJQQ72INX47IGWKC9\/patio-swing-chair-a100-2.4-m.jpg\" alt=\"t\u00e4iustatud mugavust VEVOR terrassile kiik tool, millel on paks istmepadja, tugevdatud rihm ja veekindel kangas.\" \/><\/div><div class=\"section-desc\">Selle v\u00e4listingimustes kasutatava kiiktooli seljatuge saab reguleerida tasasele asendile, v\u00f5imaldades teil mitte ainult kiikumist nautida, vaid ka tooli koheselt lamamisvoodiks muuta, sisestades tihvti, mis vastab erinevatele l\u00f5\u00f5gastusvajadustele.<\/div><\/div><div class=\"section\"><div class=\"section-title\"><\/div><div class=\"section-img\"><img decoding=\"async\" src=\"\/vevor\/product\/TJQQ72INX47IGWKC9\/patio-swing-chair-a100-2.5.jpg\" alt=\"VEVOR terrassile kiik tool v\u00f5rade aias, featuring tugevdatud kruvi, paks non-slip jalapadjandi, pulberv\u00e4rviga kaetud terasest raam\" \/><\/div><div class=\"section-mobile-img\"><img decoding=\"async\" src=\"\/vevor\/product\/TJQQ72INX47IGWKC9\/patio-swing-chair-a100-2.5-m.jpg\" alt=\"VEVOR terrassile kiik tool v\u00f5rade aias, featuring tugevdatud kruvi, paks non-slip jalapadjandi, pulberv\u00e4rviga kaetud terasest raam\" \/><\/div><div class=\"section-desc\">2,7-tolline paks padi pakub pehmemat istet ja p\u00fcsib kindlalt paigal rihmade ja takjapaelaga. Veekindlast Oxfordi kangast valmistatud seda on lihtne puhastada, nii et saate nautida jooke ja suupisteid muretult.<\/div><\/div><div class=\"section\"><div class=\"section-img\"><img decoding=\"async\" src=\"\/vevor\/product\/TJQQ72INX47IGWKC9\/patio-swing-chair-a100-1.11.jpg\" alt=\"VEVOR terrassile kiik tool, burgundia, 60-tolline istme laius, pulberv\u00e4rviga kaetud terasest raam, lehestiku varju.\" \/><\/div><div class=\"section-mobile-img\"><img decoding=\"async\" src=\"\/vevor\/product\/TJQQ72INX47IGWKC9\/patio-swing-chair-a100-1.11-m.jpg\" alt=\"VEVOR terrassile kiik tool, burgundia, 60-tolline istme laius, pulberv\u00e4rviga kaetud terasest raam, lehestiku varju.\" \/><\/div><\/div><\/div><\/body><\/html><\/div>\n<div class=\"DM_at-title\" id=\"js-DM_at-title\"> <div>Toote spetsifikatsioon<\/div> <i class=\"icon-arrowup_line\"><\/i> <\/div><div class=\"DM_at-goodsDescAttr\" id=\"js-DM_at-goodsDescAttr\"> <div class=\"DM_at-goodsDescAttrInner\"> <dl class=\"goodsDesc_item goodsDesc_item_even\"> <dt>Punkt Mudeli Number<\/dt> <dd> SW127-13-W<\/dd> <\/dl> <dl class=\"goodsDesc_item\"> <dt>V\u00e4rv<\/dt> <dd> Burgundia<\/dd> <\/dl> <dl class=\"goodsDesc_item goodsDesc_item_even\"> <dt>Materjalid<\/dt> <dd> Pulberv\u00e4rvitud Terasest Toru, Pol\u00fcester Kangast, Oxford Riie<\/dd> <\/dl> <dl class=\"goodsDesc_item\"> <dt>Istme Laius<\/dt> <dd> 60 tolli<\/dd> <\/dl> <dl class=\"goodsDesc_item goodsDesc_item_even\"> <dt>Istme S\u00fcgavus<\/dt> <dd> 19.6 tolli<\/dd> <\/dl> <dl class=\"goodsDesc_item\"> <dt>Maksimaalne Kaal<\/dt> <dd> 750 lbs<\/dd> <\/dl> <dl class=\"goodsDesc_item goodsDesc_item_even\"> <dt>Toote M\u00f5\u00f5tmed<\/dt> <dd> 72.8&#034;\u00d746.1&#034;\u00d769.7&#034;\/1850\u00d71170\u00d71770 mm<\/dd> <\/dl> <dl class=\"goodsDesc_item\"> <dt>Toote Kaal<\/dt> <dd> 68.7 lbs\/31.2 kg<\/dd> <\/dl> <\/div> <\/div>","protected":false},"excerpt":{"rendered":"<ul>\n<li> Legeeritud Terasest Konstruktsioon: Meisterdatud vastupidav sulam, teras, seda terrass kiik tool pakub vastupidav-frame struktuur, vastupidav k\u00f5rgetele temperatuuridele ja h\u00f5\u00f5rdumist. Ta talub v\u00e4ljas elemente ilma roostetamine ja toetab kuni 750 naela, on mugavalt kohandatav 3 inimest \u00f5\u00f5tsuv l\u00f5bus. <\/li>\n<li> Reguleeritava P\u00e4ikesevarju: top p\u00e4ikesevarju saab reguleerida jooksul 60\u00b0 nurga all, kasutades nuppu optimaalse p\u00e4ikesekaitse. Kui eelistate basking p\u00e4ikesevalguse k\u00e4tte, lihtsalt eemaldada p\u00e4ikesevarju. Valmistatud pol\u00fcester kangast, see vastupanu pleegib ka p\u00e4rast pikaajalist v\u00e4ljas kasutamiseks. <\/li>\n<li> 2-in-1 Kabriolett Disain: seljatoe kohaneb kindla positsiooni, muutes terrass hoos, mille v\u00f5rade arvesse hubane lamav voodi lihtsa pin-koodi sisestamisel. Ideaalne l\u00f5\u00f5gastav terrass, aed, v\u00f5i mis tahes v\u00e4ljas ruumi, toitlustus erinevad l\u00f5\u00f5gastus vajadustele. <\/li>\n<li> Eemaldatavad Padjad: 2,7&#034; paks padjad pakuvad t\u00e4iendavat pehmust mugavad istmed kogemus. Dual kinnitamine kaudu rihmad ja Takjapaelad, nad r\u00f5\u00f5msamaks. Meisterdatud veekindel Oxford kangast, terrass kiik resistid, mis on lekkinud, mis v\u00f5imaldab kerge puhastada lihtsalt p\u00fchkida, kui teil nautida jooke ning puuvilju. <\/li>\n<li> Stabiilne ja Vastupidav: see sulam terase pind on kaetud rooste-t\u00f5end, v\u00e4rvi ja iga \u00fchine on tugevdatud poltidega. Paksenenud vedrud \u00fclaosas tagada ohutu liikuda, samas anti-skid suu padjad parandada stabiilsust, v\u00e4ltida nihe isegi kolm inimest \u00f5\u00f5tsuv koos. <\/li>\n<\/ul>","protected":false},"featured_media":307017,"comment_status":"closed","ping_status":"open","template":"","meta":{"om_disable_all_campaigns":false,"_uf_show_specific_survey":0,"_uf_disable_surveys":false},"location":[1935,1934],"product_brand":[21],"product_cat":[2365,4079,3776,4080],"product_tag":[],"class_list":{"0":"post-42077","1":"product","2":"type-product","3":"status-publish","4":"has-post-thumbnail","6":"location-supplier_stock_location","7":"location-local_stock_location","8":"product_brand-vevor","9":"product_cat-outdoors","10":"product_cat-patio-chairs-patio-furniture-outdoors","11":"product_cat-patio-furniture-outdoors","12":"product_cat-patio-swings","14":"first","15":"instock","16":"taxable","17":"shipping-taxable","18":"purchasable","19":"product-type-simple"},"aioseo_notices":[],"locations":[{"id":1935,"name":"Pieg\u0101d\u0101t\u0101ja noliktav\u0101 (5-7dd)","slug":"supplier_stock_location","quantity":"30"},{"id":1934,"name":"R\u012bgas veikal\u0101 (0-2d.d.)","slug":"local_stock_location","quantity":"0"}],"_links":{"self":[{"href":"https:\/\/vevorshop.lv\/et\/wp-json\/wp\/v2\/product\/42077","targetHints":{"allow":["GET"]}}],"collection":[{"href":"https:\/\/vevorshop.lv\/et\/wp-json\/wp\/v2\/product"}],"about":[{"href":"https:\/\/vevorshop.lv\/et\/wp-json\/wp\/v2\/types\/product"}],"replies":[{"embeddable":true,"href":"https:\/\/vevorshop.lv\/et\/wp-json\/wp\/v2\/comments?post=42077"}],"wp:featuredmedia":[{"embeddable":true,"href":"https:\/\/vevorshop.lv\/et\/wp-json\/wp\/v2\/media\/307017"}],"wp:attachment":[{"href":"https:\/\/vevorshop.lv\/et\/wp-json\/wp\/v2\/media?parent=42077"}],"wp:term":[{"taxonomy":"location","embeddable":true,"href":"https:\/\/vevorshop.lv\/et\/wp-json\/wp\/v2\/location?post=42077"},{"taxonomy":"product_brand","embeddable":true,"href":"https:\/\/vevorshop.lv\/et\/wp-json\/wp\/v2\/product_brand?post=42077"},{"taxonomy":"product_cat","embeddable":true,"href":"https:\/\/vevorshop.lv\/et\/wp-json\/wp\/v2\/product_cat?post=42077"},{"taxonomy":"product_tag","embeddable":true,"href":"https:\/\/vevorshop.lv\/et\/wp-json\/wp\/v2\/product_tag?post=42077"}],"curies":[{"name":"wp","href":"https:\/\/api.w.org\/{rel}","templated":true}]}}