{"id":42514,"date":"2024-11-19T07:30:52","date_gmt":"2024-11-19T07:30:52","guid":{"rendered":"http:\/\/vevorshop.edigo.lv\/Prece\/vevor-sand-spike-boat-anchor-pole-36-galvanized-carbon-steel-slide-anchor-shore-spike-self-hammering-beach-spike-anchor-for-small-boat-jetski-pontoon-kayak-with-oxford-storage-bag-and-bungee-cord\/"},"modified":"2026-04-05T23:21:27","modified_gmt":"2026-04-05T20:21:27","slug":"vevor-sand-spike-boat-anchor-pole-36-galvanized-carbon-steel-slide-anchor-shore-spike-self-hammering-beach-spike-anchor-for-small-boat-jetski-pontoon-kayak-with-oxford-storage-bag-and-bungee-cord","status":"publish","type":"product","link":"https:\/\/vevorshop.lv\/et\/Prece\/vevor-sand-spike-boat-anchor-pole-36-galvanized-carbon-steel-slide-anchor-shore-spike-self-hammering-beach-spike-anchor-for-small-boat-jetski-pontoon-kayak-with-oxford-storage-bag-and-bungee-cord\/","title":{"rendered":"VEVOR 985 mm tsingitud terasest liivanker isel\u00f6\u00f6kvarrega paatidele, kajakkidele, jetis\u00f5idukitele + kott ja kummipael"},"content":{"rendered":"<div style=\"color: #fff!important; font-size: 16px; height: 24px; line-height: 24px; margin-top: -24px; \" class=\"product_original_name\">VEVOR Sand Spike Boat Anchor Pole, 36\" Galvanized Carbon Steel Slide Anchor Shore Spike, Self-Hammering Beach Spike Anchor for Small Boat Jetski Pontoon Kayak, with Oxford Storage Bag and Bungee Cord<\/div>\n<div style=\"color: #fff!important; font-size: 16px; height: 24px; line-height: 24px; margin-top: -24px; \" class=\"product_sku\">M4I4LHML<\/div>\n<div style=\"color: #fff!important; font-size: 16px; height: 24px; line-height: 24px; margin-top: -24px; \" class=\"product_mpn\">ZCXCSMDXG36YOMSMVV0<\/div><div id=\"js-DM_at-goodDescRich\"><html><head><style>  body {    font-family: Arial;    line-height: 1.5;    color: #1c1c1c;    overflow-x: hidden;    margin: 0;    padding: 0;  }  .MsoNormal b {    font-weight: bolder;  }<\/style><style>  .container.small {    width: 970px;    margin: 0 auto;  }  .logo {    margin: 0 auto 0;  }  .logo img {    display: block;    margin: 0 auto;    max-width: 100%;  }  .logo .pc-banner {    display: block;    width: 1200px;    height: 247.4px;    margin: 0 auto;  }  .logo .pc-banner.small {    width: 970px;  }  .logo .pc-banner.small img {    height: auto!important;  }  .logo .m-banner {    display: none;  }  .ytvideo {    position: relative;    height: 546px;    width: 100%;    margin: 0 auto;  }  .ytvideo img {    width: 100%;    margin: 0 auto;  }  .ytvideo .play-btn {    width: 60px;    height: 42px;    position: absolute;    top: 50%;    left: 50%;    transform: translate(-50%, -50%);    background: url(\"data:image\/png;base64,iVBORw0KGgoAAAANSUhEUgAAAGQAAABGCAMAAAANWMFbAAAC+lBMVEUAAADBGB3kLCfBGB3kLCfcJC7BFx3KKSbiKybkLCbWJCPSIiLSIiLPICHAFx3kLCfgKSXNHiDZJiTIGx\/p4eHcjo7LHSDbJyTkLCbjKyfOHyHPIiL28fHJHB\/GGh7EGR7eKCXDGB3RISHlLSbBGB3AFxzGHB7DGB7BGB3hKybkKybAFx3lLCfAFxzDGR3hKibDGB7cJyTmz8\/elJTlwcHjurrUIyLlLSflLSfAFx3DGR7lLSfCFx3hKibhKibhKybjKybkLCblLSfbJSX49vbx7e3NNzjNMTLMJyjVIyLZf3\/ZQ0LaeHjx0tLgoqLkLCfCGB3HGx\/BGB3BFx3PICHCGB7WJCLOHyC\/Fxy\/Fx3lLCfQISHkLSe\/FxzbJiTBFx3FGx\/AGB7BFx3EGR7AGB3HHSDfKiXAFh3TISHYNzbhKibbJyTTIiL57e325+f039\/v2NjUV1fOHiHiqanfmprch4feKSXVIyPOICHmLibFGh\/mLSe\/Fx7XJCPeKSXXJSPNHyHaJyTGGh7lLCbmLCflLSjSIiLkLCbdKSXLHiC\/GB3KHh++Fh3lKyfoLiXcKCPkx8fYb2\/XaGfVXl3aU1LLHiDksbHgKibPICHbJyTfKSXbJyTCGB3KHSDiKybFGh7TIiL\/\/\/\/VIyPRISHIHB\/GGx\/HHB\/DGR7gKibdKCXLHiDZJiTMHiDNHyHYJSTOICHPICHWJCPcKCXXJSPjLCblLCf+\/f3NGR\/uLijzLynPGR\/IGB7WISHaIyLLGh7UAADxLynNAADRLzDbICLQAADIAAD3MCrUHSHXMTDpKSbLAADp5OTij4\/ejo\/VLy\/1LyngJSTcJCPQHx\/OHB7+\/PzaMS\/OLS\/vLijrLSjSAADaNTPwLyjkKSbNJCbYISHPHB\/KGB7WAAD7+vrn3d3aKynTKCjoLCfsKifRGh\/YAADq5+fhjo7QNDXXKCfmJyXt5+fTLzDLLi\/QKivYHRvMGBrQJCXLISPMExXLDxLaEAvkkI\/bOTfaFQ\/SCgpvLcnHAAAAmnRSTlMA+vv7+gT9Bvf9+8z8\/NSv\/Pr5+P7++vnQIBMP\/v38\/Pn348XDiCYf9OjbzcqxXVcx\/fz8+\/rj1r2poo1+fXFqX0orGP7+\/v7+\/fz8+\/r68uzn4trIxsG\/vri3p6GcmZSNbWVYUUZEPQv+\/f39+\/v7+\/v7+vr64tvV1NTTz87FtbSurqeblJKFg4B3bUY+NjL7+\/v7+\/v67t1cDo8JLQAABkRJREFUWMO0kz9rwkAYh0OIeJkum6YugUAhISCdKoj\/P4C7SMdS+gEKIhSKil10LSg4mzXkILdlEpxCpwTiWOLX6BujvQaEQuGeHLnL+\/64J+SIcKGYTYWnntpdLjrVdqvZmNdn0+EE40GtpuuWVS6Xx6N7YDSGpWXpeq02wHgynM7q80az1a52HpddtVcpsi1zFARBrdaxbhp9iUReTGmwA4KAAr7vx3EYejnCMI6hQYEgy0LQi4jUN0wL19vqFcUC9\/1dAKmEEFkWRYkh5oBejnxQJiSJPJ\/uKBp0Thszx9Mw8hMRIQjKsptCfuES9zr5WJY6vSFCIvE9fCMUmEM1A1kSXcYGxgVYsvI1IPKTZciSTI0us\/SMGG04gDzELDoFBwdcFJrF88dqgYMTiL6DILWYyfOWE8\/kIz38olCNlC03FK95+imxp6y4oUSvAnBjHHhKNtotSDqJzVFiK8c2SBqhZtsrTtgrLXwAyduxZHNE26eHUt5rtuM4WSmds3G+sUdWYo1L+XyxButoh5eKUHk5lByO3G1LqqCWVnfrv\/lyPtf\/4ps1cndNGIri8J1TJ0lx6dR\/oPjq1nbRwdp2dCk4CtIOLW3pVKRL6WZfS5vF2KkIQhpwSsjiYIgNCs1gEMGqiIq24NQX9NwoXFy8Ufrl3twTcg4fv8T9\/JBEySduj6Mjm4bMzYV7EEOxKjjoNDud7yY3Dy71Hq2oLmqfbNR723edH9PgMrNL2utoQ3VmaIDkiw\/4w51P06hlZsTZvkRrbVuSIs\/zwSOsycgzStQouoAkWQqioRT5XI7n2Z1wfVhoZmcAJLsoqjqpjbWCgpOAJXBwHK8PzWbNvoUZJND5wCnSkLAkZ1legx6vqQzjoiTahKlGUGLAiIIoABOHaNVw4sexZBym6\/HWlH5h3IC7yRbxtipcWxdTOkORKiNQAEkFf66x5S2oeRbroOlLgg0sSYkR0hRGEqJZ0jTPiQKatESdBckpWigxaapEH0lImHdWu9pUFF2XqMNM2Z4kped7IwEJw2qabwtrQqnpw6HyKkgcadKWsmpywwesDyIhYRpdzXddqegtGIJlXbAIUMOLkGxJUjRIkokwjUaX9d\/kK62ps\/tYUqZLIMkLTyBhsMZ3C5Z\/kDxOSCb\/DOs\/\/J0qcWSX\/2ipe56EgTCA4\/cB7NAYOsni4mZM1MUPAISoEwkDi4lhVBQ1cWQyIcwalw4EpqZN68JUSK7XC0kTlkLYii5uXSC8jT5ncCAS7mjCv0uHp\/3lueHEEAeQ\/\/VgmdN71\/2uCSA1Xr6DO6uI6sW56zqT2tp2PhgiRUAajV8CY2fkcz6WGNKMgLAt7tJAhD4YHMTeRxlALE6+43WqjSWi8ITxyJl8WrwWSNESQZZOqhDDntO3hJLsd5RtSpbJqdv3YrDJH3F7jL1R2O2aQkn2MyCyKYz0GPGIvSAMgBCrCEiJyKbBaYGwLW4uPRr0A0M4Ux5kUI7IBh+hMdiCEWNqhMZGyYMsOgNE58UQuEQeUnSWCMYwL54hkxK6IoqucQZbQ3pc3XtL0lky1dL0zZJJDpWJovFqpWj6JEHnyam2eQp5QRVAVHjWparTOaVwUOx99YS2MvgxIGV0bb+qIg2HX2qkFFJB+XZcbLiuRkuxD9GRroKyveLxdh4d7Orx+hb7qc3uVRuEogCOnyIxm4ubUoPgF4jianDrC+SDQDKEfJb0GUKmjCGPYHGJvVC6X4hw1\/sAfQAdfYyephIaspXe36RwOP+Ljvfx9B6B3i+Nk0DGq+oCbLn6JpBa9nWAveAIHwFAwtVcIJXPMPL8kRu5OAYPMaL1WScTxjiZDqB9LTJSWphow\/pTYKRTLjCBhvi9iBidvKcDasGSm0QQkycYuLBqj6QCELPctqChDWpTRMWkngNNpQ1Pfp1KkiT\/Y0DGffXAweUNfLAfaJFKDwhb6I+bkYRbkERoEeu3Fyjg2opMz2daZCS9jt6Q7txNfB+OZEVF6Zl5web2xunnLQrtrjXseXKaFYziYINeMFZVxS9VxRhOoesYwxPKXm+gWLG9cuFeq93UNNeJNsf1KlwuDok9n02n3TgIJpOxNfL9naIoQwXtfH9kjceTIIi709ncTg6LZbg+biLH1V6u\/7rxBem06VXKn9raAAAAAElFTkSuQmCC\")      no-repeat center center \/ contain;  }  @media screen and (max-width: 960px) and (orientation: portrait) {    .logo {      width: 100%;    }    .logo .pc-banner {      display: none;    }    .logo .m-banner {      display: block;      width: 100%;    }    .logo .m-banner img {      height: auto!important;    }    .ytvideo {      height: 200px;      width: 100%;    }  }<\/style><style>  .video-section {    width: 100%;    margin: 0 auto;  }  .video-section > img {    width: 100%;  }  .video-section iframe,  .video-section video {    width: 100%;    height: 100%;      }  .video-section-img-m,  .video-section-img-pc > img {    width: 100%;    height: auto;  }  .video-section-img-pc.small > img {    width: 970px;  }  .video-desc {    line-height: 1.5;    font-size: 20px;    font-weight: 400;    margin: 20px 0;    text-align: center;    color: #0f1111;    word-break: break-word;  }  @media screen and (max-width: 960px) and (orientation: portrait) {    .video-section {      width: 100%;    }    .video-section-pc,    .video-section-img-pc {      display: none;    }    .video-section-m,    .video-section-img-m {      display: block;    }    .video-desc {      font-size: 15px;    }  }  @media screen and (min-width: 960px) {    .video-section {      width: 100%;      margin: 0 auto;    }    .video-section-pc,    .video-section-img-pc {      display: block;    }    .video-section-m,    .video-section-img-m {      display: none;    }    .video-desc {      font-size: 20px;    }  }<\/style><style>  .section + .section {    margin-top: 35px;  }  .section-title {    text-align: center;    font-weight: bold;    color: #0d1111;    font-family: \"Arial\";    font-size: 32px;    margin: 15px 0;  }  .section-title:empty {    display: none;  }  .section-desc {    text-align: center;    font-weight: normal;    color: #0d1111;    margin-top: 20px;  }  .section-desc:empty {    display: none;  }  .section-img {    width: 1200px;    height: 492px;    margin: 0 auto;    display: block;  }  .section-img.small {    width: 970px;    height: auto;  }  .section-img.small > img {    height: auto;  }  .section-img > img {    width: 100%;    height: 100%;  }  .section-mobile-img {    display: none;    max-width: 100vw;    max-height: 75vw;    height: 450px;    margin: 0 auto;  }  .section-mobile-img > img {    width: 100%;    height: 100%;  }  @media screen and (max-width: 960px) and (orientation: portrait) {    .container {      width: 100%;    }    .container.small {      width: 100%;    }    .section-mobile-img {      display: block;    }    .section-img {      display: none;    }    .section-title {      font-size: 22px;      margin: 10px 0;    }    .section-desc {      margin-top: 10px;    }    .section + .section {      margin-top: 20px;    }  }<\/style><\/head><body><div class=\"container\"><div class=\"logo\"><div class=\"pc-banner\"><div><img decoding=\"async\" src=\"\/vevor\/vevor\/boutique-banner\/pc\/en-pc@1x.jpg\" style=\"width: 100%;\" \/><\/div><\/div><div class=\"m-banner\"><div><img decoding=\"async\" src=\"\/vevor\/vevor\/boutique-banner\/mobile\/en-m@1x.jpg\" style=\"width: 100%;\" \/><\/div><\/div><\/div><div class=\"section-title\">Vaevatu Docking, Liiva Spike Paadi Ankur<\/div><div class=\"video-section\"><div class=\"video-section-img-pc\"><img decoding=\"async\" src=\"\/vevor\/product\/ZCXCSMDXG36YOMSMV\/sand-spike-boat-anchor-a100-1.4.jpg\" alt=\"mees kasutades VEVOR liiva spike ankur, et turvaline v\u00e4ike paat rannas, koos quick-set, usaldusv\u00e4\u00e4rne ja mugav ikoonid.\" \/><\/div><div class=\"video-section-img-m\"><img decoding=\"async\" src=\"\/vevor\/product\/ZCXCSMDXG36YOMSMV\/sand-spike-boat-anchor-a100-1.4-m.jpg\" alt=\"mees kasutades VEVOR liiva spike ankur, et turvaline v\u00e4ike paat rannas, koos quick-set, usaldusv\u00e4\u00e4rne ja mugav ikoonid.\" \/><\/div><div class=\"section-desc\">Kogemus vabadus uurida kergust! Meie paat ankrud funktsioon built-in self-haamriga funktsiooni, tagades kiire juurdep\u00e4\u00e4su liiva v\u00f5i rannad turvaline kinnistamiseks madalates vetes. H\u00fcvasti triivib ja tere seiklus!<\/div><\/div><div class=\"section\"><div class=\"section-title\"><\/div><div class=\"section-img\"><img decoding=\"async\" src=\"\/vevor\/product\/ZCXCSMDXG36YOMSMV\/sand-spike-boat-anchor-a100-2.2.jpg\" alt=\"VEVOR liiva spike ankru jaoks, rannad, liivarannad, madalates vetes. v\u00e4ltida kivid, muda ja veetaimede.\" \/><\/div><div class=\"section-mobile-img\"><img decoding=\"async\" src=\"\/vevor\/product\/ZCXCSMDXG36YOMSMV\/sand-spike-boat-anchor-a100-2.2-m.jpg\" alt=\"VEVOR liiva spike ankru jaoks, rannad, liivarannad, madalates vetes. v\u00e4ltida kivid, muda ja veetaimede.\" \/><\/div><div class=\"section-desc\">Navigeeri korter, madalates vetes vaevata meie liiva ankur, mis on varustatud pika masti. Ideaalne valdkondades takistusteta nagu kivid, muda, vee ja umbrohtu, selle paadi randa ankur on ette n\u00e4htud usaldusv\u00e4\u00e4rsed stabiilsuse shoal keskkondades.<\/div><\/div><div class=\"section\"><div class=\"section-title\"><\/div><div class=\"section-img\"><img decoding=\"async\" src=\"\/vevor\/product\/ZCXCSMDXG36YOMSMV\/sand-spike-boat-anchor-a100-2.3.jpg\" alt=\"paat sadamas kohta liivarand, kasutades VEVOR liiva spike ankur, ideaalne jetid, v\u00e4ikeste paatide, p\u00e4\u00e4ste -, ja kanuud.\" \/><\/div><div class=\"section-mobile-img\"><img decoding=\"async\" src=\"\/vevor\/product\/ZCXCSMDXG36YOMSMV\/sand-spike-boat-anchor-a100-2.3-m.jpg\" alt=\"paat sadamas kohta liivarand, kasutades VEVOR liiva spike ankur, ideaalne jetid, v\u00e4ikeste paatide, p\u00e4\u00e4ste -, ja kanuud.\" \/><\/div><div class=\"section-desc\">Lihtsalt dokk v\u00e4ikesed paadid, mootorpaadid, ja rohkem meie paadi ankur. Kasutada tie-down kaart ankur, et turvaliselt siduda oma laeva, kasutades paadi k\u00f6ied, tagada meelerahu ajal docking man\u00f6\u00f6vreid.<\/div><\/div><div class=\"section\"><div class=\"section-title\"><\/div><div class=\"section-img\"><img decoding=\"async\" src=\"\/vevor\/product\/ZCXCSMDXG36YOMSMV\/sand-spike-boat-anchor-a100-2.4.jpg\" alt=\"VEVOR liiva spike ankur ranna-liiv, lained, korrosiooni-vastupidav, suur tugevus, pikk eluiga.\" \/><\/div><div class=\"section-mobile-img\"><img decoding=\"async\" src=\"\/vevor\/product\/ZCXCSMDXG36YOMSMV\/sand-spike-boat-anchor-a100-2.4-m.jpg\" alt=\"VEVOR liiva spike ankur ranna-liiv, lained, korrosiooni-vastupidav, suur tugevus, pikk eluiga.\" \/><\/div><div class=\"section-desc\">Meie s\u00fcsinik terasest, tsingitud liiva ankur on ehitatud taluma elemendid. Kas mage-v\u00f5i merevees, v\u00f5ite kindel olla, et meie ankrud on tugev, vastupidav ja vastupidav rooste, pakkudes usaldusv\u00e4\u00e4rseid tulemuslikkuse iganes on sinu seiklused teid.<\/div><\/div><div class=\"section\"><div class=\"section-title\"><\/div><div class=\"section-img\"><img decoding=\"async\" src=\"\/vevor\/product\/ZCXCSMDXG36YOMSMV\/sand-spike-boat-anchor-a100-2.5.jpg\" alt=\"karm ladustamise kott VEVOR liiva spike ankur liivarand, valmistatud vastupidavast oxford lapiga.\" \/><\/div><div class=\"section-mobile-img\"><img decoding=\"async\" src=\"\/vevor\/product\/ZCXCSMDXG36YOMSMV\/sand-spike-boat-anchor-a100-2.5-m.jpg\" alt=\"karm ladustamise kott VEVOR liiva spike ankur liivarand, valmistatud vastupidavast oxford lapiga.\" \/><\/div><div class=\"section-desc\">Maksimeerida mugavuse meie slaid ankur, mis n\u00f5uab v\u00e4hest ruumi. Iga liiv spike paadi ankur tuleb pakitud tugevdatud ladustamise kott, mis kaitseb kahju ning tagades ohutuse nii ankru ja oma paadiga.<\/div><\/div><div class=\"section\"><div class=\"section-img\"><img decoding=\"async\" src=\"\/vevor\/product\/ZCXCSMDXG36YOMSMV\/sand-spike-boat-anchor-a100-1.11.jpg\" alt=\"VEVOR liiva spike ankur, 38.8&#034;\/985 mm tsingitud s\u00fcsinikusisaldusega teras, 14&#034;\/355 mm haamriga tegevus.\" \/><\/div><div class=\"section-mobile-img\"><img decoding=\"async\" src=\"\/vevor\/product\/ZCXCSMDXG36YOMSMV\/sand-spike-boat-anchor-a100-1.11-m.jpg\" alt=\"VEVOR liiva spike ankur, 38.8&#034;\/985 mm tsingitud s\u00fcsinikusisaldusega teras, 14&#034;\/355 mm haamriga tegevus.\" \/><\/div><\/div><\/div><\/body><\/html><\/div>\n<div class=\"DM_at-title\" id=\"js-DM_at-title\"> <div>Product specification<\/div> <i class=\"icon-arrowup_line\"><\/i> <\/div><div class=\"DM_at-goodsDescAttr\" id=\"js-DM_at-goodsDescAttr\"> <div class=\"DM_at-goodsDescAttrInner\"> <dl class=\"goodsDesc_item goodsDesc_item_even\"> <dt>Punkt Mudeli Number<\/dt> <dd> AN62-4.55<\/dd> <\/dl> <dl class=\"goodsDesc_item\"> <dt>T\u00fc\u00fcbli Pikkus<\/dt> <dd> 38.8&#034;\/985 mm, \u00b15%<\/dd> <\/dl> <dl class=\"goodsDesc_item goodsDesc_item_even\"> <dt>Haamriga Tegevus Ulatus<\/dt> <dd> 14&#034; 355 mm, \u00b18%<\/dd> <\/dl> <dl class=\"goodsDesc_item\"> <dt>Ise Haamriga Benji N\u00f6\u00f6r Pikkus<\/dt> <dd> 8.3&#034;\/210 mm, \u00b110%<\/dd> <\/dl> <dl class=\"goodsDesc_item goodsDesc_item_even\"> <dt>Peamine Materjal<\/dt> <dd> Tsingitud S\u00fcsinikusisaldusega Teras (Q235A)<\/dd> <\/dl> <dl class=\"goodsDesc_item\"> <dt>Toote Kaal<\/dt> <dd> 9.5 lbs \/ 4.3 kg, t\u00e4psusega \u00b13%<\/dd> <\/dl> <dl class=\"goodsDesc_item goodsDesc_item_even\"> <dt>Toote M\u00f5\u00f5tmed<\/dt> <dd> 3.2&#034; x 2.2&#034; x 38.8&#034; \/ 81 x 55 x 985 mm<\/dd> <\/dl> <\/div> <\/div>","protected":false},"excerpt":{"rendered":"<ul>\n<li> Liiva Spike Paadi Ankur: Meie slaid liiva ankru omadused f\u00fc\u00fcsilisest haamriga struktuur, mis kiiresti imendub pehme ja k\u00f5va liiva, vaevata kindlustada oma paadid v\u00f5i pontoonid ilma t\u00e4iendavaid abivahendeid.  <\/li>\n<li> Pikk Ora, Turvaline Kinnistamiseks On: 38.8&#034;\/985 mm, pikk n\u00f5el struktuur, mille alumine osa on suurusega 21.6&#034;\/550 mm, mis tagab tugeva ja stabiilse grip -, kaalumis-9.5 lbs\/4.3 kg s\u00fcgav sisestamine madalas vees valdkondades puudub kivid, muda v\u00f5i vee muru. <\/li>\n<li> Lai \u00dchilduvus, kindel Kinnitus: Meie mere slaid ankur kaldal spike kergesti kinnitab erinevaid paate. See pakub kahte mugav tie-down silmad kiusame tasuta knotting koos dock read v\u00f5i paadi k\u00f6ied. Valida aasa k\u00fclge \u00fclemises otsas k\u00e4epide v\u00f5i \u00fcks pool kindlustada oma paat, mootorpaat, p\u00e4\u00e4stepaat, v\u00f5i s\u00f5udepaat. <\/li>\n<li> Ehitatud Taluma Merevee: Meisterdatud k\u00f5rge-tugevus s\u00fcsinik terasest, tsingitud (Q235A), meie ise-haamriga liiva ankur uhke merevee korrosioonikindlusega. Tsingi plating kiht tahke s\u00fcsinik terasest tagab t\u00f5husa korrosioonivastase kaitse tagab vastupidavuse ja l\u00f6\u00f6gikindlus nii j\u00f5e-ja merevee keskkonnas, ning sobib kasutamiseks mage-v\u00f5i merevees. <\/li>\n<li> Ladustamise Kott Kaitse: komplektis on vastupidav Oxford riie ladustamise kott loodud, et kaitsta teie ise haamriga liiva spike ankur kahjustuste eest. Kaitseb l\u00e4bil\u00f6\u00f6kide p\u00f5hjustatud ise, see kott tagab ohutuse teile ja muud salvestatud k\u00f5rval. <\/li>\n<\/ul>","protected":false},"featured_media":307699,"comment_status":"closed","ping_status":"open","template":"","meta":{"om_disable_all_campaigns":false,"_monsterinsights_skip_tracking":false,"_monsterinsights_sitenote_active":false,"_monsterinsights_sitenote_note":"","_monsterinsights_sitenote_category":0,"_uf_show_specific_survey":0,"_uf_disable_surveys":false},"location":[1935,1934],"product_brand":[21],"product_cat":[4007,2437,2435,2436,2378],"product_tag":[],"class_list":{"0":"post-42514","1":"product","2":"type-product","3":"status-publish","4":"has-post-thumbnail","6":"location-supplier_stock_location","7":"location-local_stock_location","8":"product_brand-vevor","9":"product_cat-boat-anchors","10":"product_cat-boat-parts-accessories-boats-boating","11":"product_cat-boating","12":"product_cat-boats-boating","13":"product_cat-sports-outdoors","15":"first","16":"instock","17":"taxable","18":"shipping-taxable","19":"purchasable","20":"product-type-simple"},"aioseo_notices":[],"jetpack_sharing_enabled":true,"locations":[{"id":1935,"name":"Pieg\u0101d\u0101t\u0101ja noliktav\u0101 (5-7d.d.)","slug":"supplier_stock_location","quantity":"178"},{"id":1934,"name":"R\u012bgas veikal\u0101 (0-2d.d.)","slug":"local_stock_location","quantity":"0"}],"_links":{"self":[{"href":"https:\/\/vevorshop.lv\/et\/wp-json\/wp\/v2\/product\/42514","targetHints":{"allow":["GET"]}}],"collection":[{"href":"https:\/\/vevorshop.lv\/et\/wp-json\/wp\/v2\/product"}],"about":[{"href":"https:\/\/vevorshop.lv\/et\/wp-json\/wp\/v2\/types\/product"}],"replies":[{"embeddable":true,"href":"https:\/\/vevorshop.lv\/et\/wp-json\/wp\/v2\/comments?post=42514"}],"wp:featuredmedia":[{"embeddable":true,"href":"https:\/\/vevorshop.lv\/et\/wp-json\/wp\/v2\/media\/307699"}],"wp:attachment":[{"href":"https:\/\/vevorshop.lv\/et\/wp-json\/wp\/v2\/media?parent=42514"}],"wp:term":[{"taxonomy":"location","embeddable":true,"href":"https:\/\/vevorshop.lv\/et\/wp-json\/wp\/v2\/location?post=42514"},{"taxonomy":"product_brand","embeddable":true,"href":"https:\/\/vevorshop.lv\/et\/wp-json\/wp\/v2\/product_brand?post=42514"},{"taxonomy":"product_cat","embeddable":true,"href":"https:\/\/vevorshop.lv\/et\/wp-json\/wp\/v2\/product_cat?post=42514"},{"taxonomy":"product_tag","embeddable":true,"href":"https:\/\/vevorshop.lv\/et\/wp-json\/wp\/v2\/product_tag?post=42514"}],"curies":[{"name":"wp","href":"https:\/\/api.w.org\/{rel}","templated":true}]}}