{"id":42805,"date":"2024-11-19T07:47:37","date_gmt":"2024-11-19T07:47:37","guid":{"rendered":"http:\/\/vevorshop.edigo.lv\/Prece\/vevor-inflatable-floating-dock-15x6-5ft-inflatable-dock-platform-with-46ft-trampoline-mesh-pool-non-slip-floating-platform-water-mat-with-portable-bag-detachable-ladder-for-pool-beach-relaxat\/"},"modified":"2026-05-06T20:12:38","modified_gmt":"2026-05-06T17:12:38","slug":"vevor-inflatable-floating-dock-15x6-5ft-inflatable-dock-platform-with-46ft-trampoline-mesh-pool-non-slip-floating-platform-water-mat-with-portable-bag-detachable-ladder-for-pool-beach-relaxat","status":"publish","type":"product","link":"https:\/\/vevorshop.lv\/et\/Prece\/vevor-taispuhutav-ujuvdokk-15x6-5-jalga-taispuhutav-dokiplatvorm-46-jala-batuudivorguga-basseini-libisemiskindel-ujuvplatvormi-veematt-kaasaskantava-kotiga-eemaldatav-redel-basseini-ranna-loogastumise\/","title":{"rendered":"VEVOR 4,57\u00d71,98 m t\u00e4ispuhutav ujuvdokk 1,22\u00d71,83 m v\u00f5rgusilma basseiniga, libisemiskindel veematt, redel ja kott basseini v\u00f5i rannal\u00f5bu jaoks"},"content":{"rendered":"<div style=\"color: #fff!important; font-size: 16px; height: 24px; line-height: 24px; margin-top: -24px; \" class=\"product_original_name\">VEVOR t\u00e4ispuhutav ujuvdokk, 15x6,5 jalga t\u00e4ispuhutav dokiplatvorm 4*6 jalga batuudiv\u00f5rgu basseiniga, libisemiskindel ujuvplatvormi veematt kaasaskantava koti ja eemaldatava redeliga basseini ranna l\u00f5\u00f5gastumiseks<\/div>\n<div style=\"color: #fff!important; font-size: 16px; height: 24px; line-height: 24px; margin-top: -24px; \" class=\"product_sku\">M4I4LI0I<\/div>\n<div style=\"color: #fff!important; font-size: 16px; height: 24px; line-height: 24px; margin-top: -24px; \" class=\"product_mpn\">CQFT15X65BJHLFCW3V0<\/div><div id=\"js-DM_at-goodDescRich\"><html><head><style>  body {    font-family: Arial;    line-height: 1.5;    color: #1c1c1c;    overflow-x: hidden;    margin: 0;    padding: 0;  }  .MsoNormal b {    font-weight: bolder;  }<\/style><style>  .container.small {    width: 970px;    margin: 0 auto;  }  .logo {    margin: 0 auto 0;  }  .logo img {    display: block;    margin: 0 auto;    max-width: 100%;  }  .logo .pc-banner {    display: block;    width: 1200px;    height: 247.4px;    margin: 0 auto;  }  .logo .pc-banner.small {    width: 970px;  }  .logo .pc-banner.small img {    height: auto!important;  }  .logo .m-banner {    display: none;  }  .ytvideo {    position: relative;    height: 546px;    width: 100%;    margin: 0 auto;  }  .ytvideo img {    width: 100%;    margin: 0 auto;  }  .ytvideo .play-btn {    width: 60px;    height: 42px;    position: absolute;    top: 50%;    left: 50%;    transform: translate(-50%, -50%);    background: url(\"data:image\/png;base64,iVBORw0KGgoAAAANSUhEUgAAAGQAAABGCAMAAAANWMFbAAAC+lBMVEUAAADBGB3kLCfBGB3kLCfcJC7BFx3KKSbiKybkLCbWJCPSIiLSIiLPICHAFx3kLCfgKSXNHiDZJiTIGx\/p4eHcjo7LHSDbJyTkLCbjKyfOHyHPIiL28fHJHB\/GGh7EGR7eKCXDGB3RISHlLSbBGB3AFxzGHB7DGB7BGB3hKybkKybAFx3lLCfAFxzDGR3hKibDGB7cJyTmz8\/elJTlwcHjurrUIyLlLSflLSfAFx3DGR7lLSfCFx3hKibhKibhKybjKybkLCblLSfbJSX49vbx7e3NNzjNMTLMJyjVIyLZf3\/ZQ0LaeHjx0tLgoqLkLCfCGB3HGx\/BGB3BFx3PICHCGB7WJCLOHyC\/Fxy\/Fx3lLCfQISHkLSe\/FxzbJiTBFx3FGx\/AGB7BFx3EGR7AGB3HHSDfKiXAFh3TISHYNzbhKibbJyTTIiL57e325+f039\/v2NjUV1fOHiHiqanfmprch4feKSXVIyPOICHmLibFGh\/mLSe\/Fx7XJCPeKSXXJSPNHyHaJyTGGh7lLCbmLCflLSjSIiLkLCbdKSXLHiC\/GB3KHh++Fh3lKyfoLiXcKCPkx8fYb2\/XaGfVXl3aU1LLHiDksbHgKibPICHbJyTfKSXbJyTCGB3KHSDiKybFGh7TIiL\/\/\/\/VIyPRISHIHB\/GGx\/HHB\/DGR7gKibdKCXLHiDZJiTMHiDNHyHYJSTOICHPICHWJCPcKCXXJSPjLCblLCf+\/f3NGR\/uLijzLynPGR\/IGB7WISHaIyLLGh7UAADxLynNAADRLzDbICLQAADIAAD3MCrUHSHXMTDpKSbLAADp5OTij4\/ejo\/VLy\/1LyngJSTcJCPQHx\/OHB7+\/PzaMS\/OLS\/vLijrLSjSAADaNTPwLyjkKSbNJCbYISHPHB\/KGB7WAAD7+vrn3d3aKynTKCjoLCfsKifRGh\/YAADq5+fhjo7QNDXXKCfmJyXt5+fTLzDLLi\/QKivYHRvMGBrQJCXLISPMExXLDxLaEAvkkI\/bOTfaFQ\/SCgpvLcnHAAAAmnRSTlMA+vv7+gT9Bvf9+8z8\/NSv\/Pr5+P7++vnQIBMP\/v38\/Pn348XDiCYf9OjbzcqxXVcx\/fz8+\/rj1r2poo1+fXFqX0orGP7+\/v7+\/fz8+\/r68uzn4trIxsG\/vri3p6GcmZSNbWVYUUZEPQv+\/f39+\/v7+\/v7+vr64tvV1NTTz87FtbSurqeblJKFg4B3bUY+NjL7+\/v7+\/v67t1cDo8JLQAABkRJREFUWMO0kz9rwkAYh0OIeJkum6YugUAhISCdKoj\/P4C7SMdS+gEKIhSKil10LSg4mzXkILdlEpxCpwTiWOLX6BujvQaEQuGeHLnL+\/64J+SIcKGYTYWnntpdLjrVdqvZmNdn0+EE40GtpuuWVS6Xx6N7YDSGpWXpeq02wHgynM7q80az1a52HpddtVcpsi1zFARBrdaxbhp9iUReTGmwA4KAAr7vx3EYejnCMI6hQYEgy0LQi4jUN0wL19vqFcUC9\/1dAKmEEFkWRYkh5oBejnxQJiSJPJ\/uKBp0Thszx9Mw8hMRIQjKsptCfuES9zr5WJY6vSFCIvE9fCMUmEM1A1kSXcYGxgVYsvI1IPKTZciSTI0us\/SMGG04gDzELDoFBwdcFJrF88dqgYMTiL6DILWYyfOWE8\/kIz38olCNlC03FK95+imxp6y4oUSvAnBjHHhKNtotSDqJzVFiK8c2SBqhZtsrTtgrLXwAyduxZHNE26eHUt5rtuM4WSmds3G+sUdWYo1L+XyxButoh5eKUHk5lByO3G1LqqCWVnfrv\/lyPtf\/4ps1cndNGIri8J1TJ0lx6dR\/oPjq1nbRwdp2dCk4CtIOLW3pVKRL6WZfS5vF2KkIQhpwSsjiYIgNCs1gEMGqiIq24NQX9NwoXFy8Ufrl3twTcg4fv8T9\/JBEySduj6Mjm4bMzYV7EEOxKjjoNDud7yY3Dy71Hq2oLmqfbNR723edH9PgMrNL2utoQ3VmaIDkiw\/4w51P06hlZsTZvkRrbVuSIs\/zwSOsycgzStQouoAkWQqioRT5XI7n2Z1wfVhoZmcAJLsoqjqpjbWCgpOAJXBwHK8PzWbNvoUZJND5wCnSkLAkZ1legx6vqQzjoiTahKlGUGLAiIIoABOHaNVw4sexZBym6\/HWlH5h3IC7yRbxtipcWxdTOkORKiNQAEkFf66x5S2oeRbroOlLgg0sSYkR0hRGEqJZ0jTPiQKatESdBckpWigxaapEH0lImHdWu9pUFF2XqMNM2Z4kped7IwEJw2qabwtrQqnpw6HyKkgcadKWsmpywwesDyIhYRpdzXddqegtGIJlXbAIUMOLkGxJUjRIkokwjUaX9d\/kK62ps\/tYUqZLIMkLTyBhsMZ3C5Z\/kDxOSCb\/DOs\/\/J0qcWSX\/2ipe56EgTCA4\/cB7NAYOsni4mZM1MUPAISoEwkDi4lhVBQ1cWQyIcwalw4EpqZN68JUSK7XC0kTlkLYii5uXSC8jT5ncCAS7mjCv0uHp\/3lueHEEAeQ\/\/VgmdN71\/2uCSA1Xr6DO6uI6sW56zqT2tp2PhgiRUAajV8CY2fkcz6WGNKMgLAt7tJAhD4YHMTeRxlALE6+43WqjSWi8ITxyJl8WrwWSNESQZZOqhDDntO3hJLsd5RtSpbJqdv3YrDJH3F7jL1R2O2aQkn2MyCyKYz0GPGIvSAMgBCrCEiJyKbBaYGwLW4uPRr0A0M4Ux5kUI7IBh+hMdiCEWNqhMZGyYMsOgNE58UQuEQeUnSWCMYwL54hkxK6IoqucQZbQ3pc3XtL0lky1dL0zZJJDpWJovFqpWj6JEHnyam2eQp5QRVAVHjWparTOaVwUOx99YS2MvgxIGV0bb+qIg2HX2qkFFJB+XZcbLiuRkuxD9GRroKyveLxdh4d7Orx+hb7qc3uVRuEogCOnyIxm4ubUoPgF4jianDrC+SDQDKEfJb0GUKmjCGPYHGJvVC6X4hw1\/sAfQAdfYyephIaspXe36RwOP+Ljvfx9B6B3i+Nk0DGq+oCbLn6JpBa9nWAveAIHwFAwtVcIJXPMPL8kRu5OAYPMaL1WScTxjiZDqB9LTJSWphow\/pTYKRTLjCBhvi9iBidvKcDasGSm0QQkycYuLBqj6QCELPctqChDWpTRMWkngNNpQ1Pfp1KkiT\/Y0DGffXAweUNfLAfaJFKDwhb6I+bkYRbkERoEeu3Fyjg2opMz2daZCS9jt6Q7txNfB+OZEVF6Zl5web2xunnLQrtrjXseXKaFYziYINeMFZVxS9VxRhOoesYwxPKXm+gWLG9cuFeq93UNNeJNsf1KlwuDok9n02n3TgIJpOxNfL9naIoQwXtfH9kjceTIIi709ncTg6LZbg+biLH1V6u\/7rxBem06VXKn9raAAAAAElFTkSuQmCC\")      no-repeat center center \/ contain;  }  @media screen and (max-width: 960px) and (orientation: portrait) {    .logo {      width: 100%;    }    .logo .pc-banner {      display: none;    }    .logo .m-banner {      display: block;      width: 100%;    }    .logo .m-banner img {      height: auto!important;    }    .ytvideo {      height: 200px;      width: 100%;    }  }<\/style><style>  .video-section {    width: 100%;    margin: 0 auto;  }  .video-section > img {    width: 100%;  }  .video-section iframe,  .video-section video {    width: 100%;    height: 100%;      }  .video-section-img-m,  .video-section-img-pc > img {    width: 100%;    height: auto;  }  .video-section-img-pc.small > img {    width: 970px;  }  .video-desc {    line-height: 1.5;    font-size: 20px;    font-weight: 400;    margin: 20px 0;    text-align: center;    color: #0f1111;    word-break: break-word;  }  @media screen and (max-width: 960px) and (orientation: portrait) {    .video-section {      width: 100%;    }    .video-section-pc,    .video-section-img-pc {      display: none;    }    .video-section-m,    .video-section-img-m {      display: block;    }    .video-desc {      font-size: 15px;    }  }  @media screen and (min-width: 960px) {    .video-section {      width: 100%;      margin: 0 auto;    }    .video-section-pc,    .video-section-img-pc {      display: block;    }    .video-section-m,    .video-section-img-m {      display: none;    }    .video-desc {      font-size: 20px;    }  }<\/style><style>  .section + .section {    margin-top: 35px;  }  .section-title {    text-align: center;    font-weight: bold;    color: #0d1111;    font-family: \"Arial\";    font-size: 32px;    margin: 15px 0;  }  .section-title:empty {    display: none;  }  .section-desc {    text-align: center;    font-weight: normal;    color: #0d1111;    margin-top: 20px;  }  .section-desc:empty {    display: none;  }  .section-img {    width: 1200px;    height: 492px;    margin: 0 auto;    display: block;  }  .section-img.small {    width: 970px;    height: auto;  }  .section-img.small > img {    height: auto;  }  .section-img > img {    width: 100%;    height: 100%;  }  .section-mobile-img {    display: none;    max-width: 100vw;    max-height: 75vw;    height: 450px;    margin: 0 auto;  }  .section-mobile-img > img {    width: 100%;    height: 100%;  }  @media screen and (max-width: 960px) and (orientation: portrait) {    .container {      width: 100%;    }    .container.small {      width: 100%;    }    .section-mobile-img {      display: block;    }    .section-img {      display: none;    }    .section-title {      font-size: 22px;      margin: 10px 0;    }    .section-desc {      margin-top: 10px;    }    .section + .section {      margin-top: 20px;    }  }<\/style><\/head><body><div class=\"container\"><div class=\"logo\"><div class=\"pc-banner\"><div><img decoding=\"async\" src=\"\/vevor\/vevor\/boutique-banner\/pc\/en-pc@1x.jpg\" style=\"width: 100%;\" \/><\/div><\/div><div class=\"m-banner\"><div><img decoding=\"async\" src=\"\/vevor\/vevor\/boutique-banner\/mobile\/en-m@1x.jpg\" style=\"width: 100%;\" \/><\/div><\/div><\/div><div class=\"section-title\">Float, L\u00f5\u00f5gastuda, Nautida: Oma Isikliku Saare Vesi<\/div><div class=\"video-section\"><div class=\"video-section-img-pc\"><img decoding=\"async\" src=\"\/vevor\/product\/CQFT15X65BJHLFCW3\/inflatable-floating-dock-a100-1.4.jpg\" \/><\/div><div class=\"video-section-img-m\"><img decoding=\"async\" src=\"\/vevor\/product\/CQFT15X65BJHLFCW3\/inflatable-floating-dock-a100-1.4-m.jpg\" \/><\/div><div class=\"section-desc\">Sukelduge l\u00f5putusse veel\u00f5bususse VEVORi uuendusliku 15 x 6,5 jala t\u00e4ispuhutava ujuvdokiga! Avara 4*6 jala pikkuse batuudiv\u00f5rguga basseini, kvaliteetsete materjalide, lihtsa t\u00e4itmise ja t\u00fchjendamise, turvalise ankurdamise ja laiade rakendustega on see ideaalne lisand ohututele ja nauditavatele veeseiklustele.<\/div><\/div><div class=\"section\"><div class=\"section-title\"><\/div><div class=\"section-img\"><img decoding=\"async\" src=\"\/vevor\/product\/CQFT15X65BJHLFCW3\/inflatable-floating-dock-a100-2.2.jpg\" \/><\/div><div class=\"section-mobile-img\"><img decoding=\"async\" src=\"\/vevor\/product\/CQFT15X65BJHLFCW3\/inflatable-floating-dock-a100-2.2-m.jpg\" \/><\/div><div class=\"section-desc\">Alustama l\u00f5putu r\u00f5\u00f5mu meie t\u00e4iuslik ujuvad vee saar! Meisterdatud suure tihedusega PVC-harjatud kangast, tugevdatud liimimine, ja lekkimiskindlates HR inflatsioon ventiilid, meie ujuv platvorm, hoiab \u00e4ra libiseb, vaheajad ja lekke, mis v\u00f5imaldab teil m\u00e4ngida koos julgeoleku ja usalduse.<\/div><\/div><div class=\"section\"><div class=\"section-title\"><\/div><div class=\"section-img\"><img decoding=\"async\" src=\"\/vevor\/product\/CQFT15X65BJHLFCW3\/inflatable-floating-dock-a100-2.3.jpg\" \/><\/div><div class=\"section-mobile-img\"><img decoding=\"async\" src=\"\/vevor\/product\/CQFT15X65BJHLFCW3\/inflatable-floating-dock-a100-2.3-m.jpg\" \/><\/div><div class=\"section-desc\">Alusta oma vee seiklusi koheselt meie mugav, kiire inflatsiooni\/deflatsiooni s\u00fcsteemi. Dual-action k\u00e4sitsi pump teeb lihtsaks paisutada ja deflate, kuid varustatud manomeeter lood \u00f5hur\u00f5hk, tagades optimaalse inflatsioon oma nautimine vee peal.<\/div><\/div><div class=\"section\"><div class=\"section-title\"><\/div><div class=\"section-img\"><img decoding=\"async\" src=\"\/vevor\/product\/CQFT15X65BJHLFCW3\/inflatable-floating-dock-a100-2.4.jpg\" \/><\/div><div class=\"section-mobile-img\"><img decoding=\"async\" src=\"\/vevor\/product\/CQFT15X65BJHLFCW3\/inflatable-floating-dock-a100-2.4-m.jpg\" \/><\/div><div class=\"section-desc\">Pakume professionaalne ankurduss\u00fcsteem, et tagada stabiilsus iga vesi vaba aeg. Varustatud 6 roostevabast terasest D-r\u00f5ngad, 6 tugevdatud k\u00e4epidemed, 4 konksu ankrud, ja 10ft nailonist k\u00f6is, meie ujuv platvorm, p\u00fcsib kindlalt ankrus vesi, pakkudes k\u00f5rge turvalisuse ja stabiilsuse.<\/div><\/div><div class=\"section\"><div class=\"section-title\"><\/div><div class=\"section-img\"><img decoding=\"async\" src=\"\/vevor\/product\/CQFT15X65BJHLFCW3\/inflatable-floating-dock-a100-2.5.jpg\" \/><\/div><div class=\"section-mobile-img\"><img decoding=\"async\" src=\"\/vevor\/product\/CQFT15X65BJHLFCW3\/inflatable-floating-dock-a100-2.5-m.jpg\" \/><\/div><div class=\"section-desc\">Muutke platvormile ja sealt maha saamine meie eemaldatava neljaastmelise pehme redeliga vaevatuks. Olenemata sellest, kas olete laps v\u00f5i t\u00e4iskasvanu, ja eriti kui te pole osav ujuja, tagab see redel h\u00f5lpsa juurdep\u00e4\u00e4su, suurendades teie veeseikluste naudingut ja turvalisust.<\/div><\/div><div class=\"section\"><div class=\"section-img\"><img decoding=\"async\" src=\"\/vevor\/product\/CQFT15X65BJHLFCW3\/inflatable-floating-dock-a100-1.11.jpg\" \/><\/div><div class=\"section-mobile-img\"><img decoding=\"async\" src=\"\/vevor\/product\/CQFT15X65BJHLFCW3\/inflatable-floating-dock-a100-1.11-m.jpg\" \/><\/div><\/div><\/div><\/body><\/html><\/div>\n<div class=\"DM_at-title\" id=\"js-DM_at-title\"> <div>Toote spetsifikatsioon<\/div> <i class=\"icon-arrowup_line\"><\/i> <\/div><div class=\"DM_at-goodsDescAttr\" id=\"js-DM_at-goodsDescAttr\"> <div class=\"DM_at-goodsDescAttrInner\"> <dl class=\"goodsDesc_item goodsDesc_item_even\"> <dt>Punkt Mudeli Number<\/dt> <dd> RDM457-198<\/dd> <\/dl> <dl class=\"goodsDesc_item\"> <dt>Toote V\u00e4rv<\/dt> <dd> Valge + Oran\u017e<\/dd> <\/dl> <dl class=\"goodsDesc_item goodsDesc_item_even\"> <dt>Punkt M\u00f5\u00f5de<\/dt> <dd> 15 x 6.5 jalga \/ 4.57 x 1.98 m<\/dd> <\/dl> <dl class=\"goodsDesc_item\"> <dt>Keskus, Mille V\u00f5rgusilma Suurus<\/dt> <dd> 4 x 6 ft \/ 1.21 x 1.82 m<\/dd> <\/dl> <dl class=\"goodsDesc_item goodsDesc_item_even\"> <dt>Toote K\u00f5rgus<\/dt> <dd> 8\/ 203 mm<\/dd> <\/dl> <dl class=\"goodsDesc_item\"> <dt>Float Materjal<\/dt> <dd> PVC Harjatud Non-slip Riie, Batuut, V\u00f5re, PVC<\/dd> <\/dl> <dl class=\"goodsDesc_item goodsDesc_item_even\"> <dt>D-R\u00f5ngas Materjal<\/dt> <dd> Roostevaba Teras<\/dd> <\/dl> <dl class=\"goodsDesc_item\"> <dt>Toote Kaal<\/dt> <dd> 59.08 lbs \/ 26.8 kg<\/dd> <\/dl> <\/div> <\/div>","protected":false},"excerpt":{"rendered":"<ul>\n<li> Uuenduslik Kesk Bassein Disain: Meie 15 x 6.5 jalga t\u00e4ispuhutav ujuvad dock uhke avar 4*6ft ristk\u00fcliku batuut silma bassein, tugevdatud nailonist piire ja elastsed n\u00f6\u00f6rid ohutu vee l\u00f5bus. Lisada dual-action k\u00e4si pumba manomeeter tagab kiire ja vaevatu inflatsioon ja deflatsioon, muutes seadistamine imelihtne k\u00f5ik. <\/li>\n<li> Naudi Meeldivat Vee L\u00f5bus: sukeldu suve vee tegevust VEVOR ujuvad dock platvorm! Toodetud suure tihedusega 2700g\/\u33a1 PVC-harjatud kangast, see pakub mitte-libisemine ja vastupidav pind stabiilsus ja ohutus. PULSSI inflatsioon ventiilid, 8-tolline paksenenud disain ja tugevdatud liimimine, nautisin turvalist m\u00e4nguaeg ilma purunemise v\u00f5i lekib. <\/li>\n<li> Kerge ja kaasaskantav: meie avar vee ujuvdokimatt, mille m\u00f5\u00f5tmed on 15*6,5 jalga, pakub l\u00f5\u00f5gastumiseks piisavalt ruumi. Kerge ja kokkupandav, seda saab vaevata kaasasolevas kandekotis transportida. Olenemata sellest, kas imate p\u00e4ikest v\u00f5i osalete veem\u00e4ngudes, tagab see ujuv oaas l\u00f5putu l\u00f5bu ja l\u00f5\u00f5gastuse. <\/li>\n<li> Turvaline Kinnistamiseks, \u00d5nnelik M\u00e4nguaeg: Viibida ankurdatud rahu meie usaldusv\u00e4\u00e4rne s\u00fcsteem. Featuring 6 roostevabast terasest D-r\u00f5ngad, 4, tsingitud rauast konksud, ja 10-foot nailonist k\u00f6is, meie t\u00e4ispuhutav ujuv saar parv j\u00e4\u00e4b vankumatu vees. Koos komplektis eemaldatav nelja-samm pehme redel, kuidas sisse ja v\u00e4lja ujuv platvorm on imelihtne. <\/li>\n<li> Mitmeotstarbeline, Vee M\u00e4nguv\u00e4ljak: Alates ujumine, sukeldumine, ja p\u00e4evitamiseks jooga ja kalap\u00fc\u00fck, meie ujuv saar parv \u00f5hku matt pakub l\u00f5putuid v\u00f5imalusi suve nautida. Ideaalne pere kogunemised v\u00f5i soolo l\u00f5\u00f5gastuda, see on ideaalne vett m\u00e4nguv\u00e4ljak veeta fantastiline vee, m\u00e4ngides aega koos s\u00f5prade ja perega. <\/li>\n<\/ul>","protected":false},"featured_media":308132,"comment_status":"closed","ping_status":"open","template":"","meta":{"om_disable_all_campaigns":false,"_uf_show_specific_survey":0,"_uf_disable_surveys":false},"location":[1935,1934],"product_brand":[21],"product_cat":[2435,2436,4082,2378],"product_tag":[],"class_list":{"0":"post-42805","1":"product","2":"type-product","3":"status-publish","4":"has-post-thumbnail","6":"location-supplier_stock_location","7":"location-local_stock_location","8":"product_brand-vevor","9":"product_cat-boating","10":"product_cat-boats-boating","11":"product_cat-inflatable-floating-dock-boats-boating","12":"product_cat-sports-outdoors","14":"first","15":"instock","16":"taxable","17":"shipping-taxable","18":"purchasable","19":"product-type-simple"},"aioseo_notices":[],"locations":[{"id":1935,"name":"Pieg\u0101d\u0101t\u0101ja noliktav\u0101 (5-7dd)","slug":"supplier_stock_location","quantity":"39"},{"id":1934,"name":"R\u012bgas veikal\u0101 (0-2d.d.)","slug":"local_stock_location","quantity":"0"}],"_links":{"self":[{"href":"https:\/\/vevorshop.lv\/et\/wp-json\/wp\/v2\/product\/42805","targetHints":{"allow":["GET"]}}],"collection":[{"href":"https:\/\/vevorshop.lv\/et\/wp-json\/wp\/v2\/product"}],"about":[{"href":"https:\/\/vevorshop.lv\/et\/wp-json\/wp\/v2\/types\/product"}],"replies":[{"embeddable":true,"href":"https:\/\/vevorshop.lv\/et\/wp-json\/wp\/v2\/comments?post=42805"}],"wp:featuredmedia":[{"embeddable":true,"href":"https:\/\/vevorshop.lv\/et\/wp-json\/wp\/v2\/media\/308132"}],"wp:attachment":[{"href":"https:\/\/vevorshop.lv\/et\/wp-json\/wp\/v2\/media?parent=42805"}],"wp:term":[{"taxonomy":"location","embeddable":true,"href":"https:\/\/vevorshop.lv\/et\/wp-json\/wp\/v2\/location?post=42805"},{"taxonomy":"product_brand","embeddable":true,"href":"https:\/\/vevorshop.lv\/et\/wp-json\/wp\/v2\/product_brand?post=42805"},{"taxonomy":"product_cat","embeddable":true,"href":"https:\/\/vevorshop.lv\/et\/wp-json\/wp\/v2\/product_cat?post=42805"},{"taxonomy":"product_tag","embeddable":true,"href":"https:\/\/vevorshop.lv\/et\/wp-json\/wp\/v2\/product_tag?post=42805"}],"curies":[{"name":"wp","href":"https:\/\/api.w.org\/{rel}","templated":true}]}}