{"id":44094,"date":"2024-11-19T09:05:09","date_gmt":"2024-11-19T09:05:09","guid":{"rendered":"http:\/\/vevorshop.edigo.lv\/Prece\/vevor-beer-drip-tray-304-stainless-steel-kegerator-drip-trays-with-non-slip-pads\/"},"modified":"2026-03-25T19:21:09","modified_gmt":"2026-03-25T17:21:09","slug":"vevor-beer-drip-tray-304-stainless-steel-kegerator-drip-trays-with-non-slip-pads","status":"publish","type":"product","link":"https:\/\/vevorshop.lv\/et\/Prece\/vevor-olle-tilgaalus-304-roostevabast-terasest-kegeraatori-tilgaalused-libisemiskindlate-padjanditega\/","title":{"rendered":"VEVOR 30\u00d717,7 cm 304 Roostevabast terasest \u00f5lletilguti libisemiskindlate padjanditega ja eemaldatava kaanega baarile, koju, kohvikusse"},"content":{"rendered":"<div style=\"color: #fff!important; font-size: 16px; height: 24px; line-height: 24px; margin-top: -24px; \" class=\"product_original_name\">VEVOR \u00f5lle tilgaalus, 304 roostevabast terasest kegeraatori tilgaalust 4 libisemiskindla kummipadja ja eemaldatava kattega, kuuma-\/k\u00fclmakindel \u00f5lletorni tilgapann baarirestorani kohvipoe kodu jaoks<\/div>\n<div style=\"color: #fff!important; font-size: 16px; height: 24px; line-height: 24px; margin-top: -24px; \" class=\"product_sku\">M4I4LJSU<\/div>\n<div style=\"color: #fff!important; font-size: 16px; height: 24px; line-height: 24px; margin-top: -24px; \" class=\"product_mpn\">LTJZCGDSPW00FW1N4V0<\/div><div id=\"js-DM_at-goodDescRich\"><html><head><style>  body {    font-family: Arial;    line-height: 1.5;    color: #1c1c1c;    overflow-x: hidden;    margin: 0;    padding: 0;  }  .MsoNormal b {    font-weight: bolder;  }<\/style><style>  .container.small {    width: 970px;    margin: 0 auto;  }  .logo {    margin: 0 auto 0;  }  .logo img {    display: block;    margin: 0 auto;    max-width: 100%;  }  .logo .pc-banner {    display: block;    width: 1200px;    height: 247.4px;    margin: 0 auto;  }  .logo .pc-banner.small {    width: 970px;  }  .logo .pc-banner.small img {    height: auto!important;  }  .logo .m-banner {    display: none;  }  .ytvideo {    position: relative;    height: 546px;    width: 100%;    margin: 0 auto;  }  .ytvideo img {    width: 100%;    margin: 0 auto;  }  .ytvideo .play-btn {    width: 60px;    height: 42px;    position: absolute;    top: 50%;    left: 50%;    transform: translate(-50%, -50%);    background: url(\"data:image\/png;base64,iVBORw0KGgoAAAANSUhEUgAAAGQAAABGCAMAAAANWMFbAAAC+lBMVEUAAADBGB3kLCfBGB3kLCfcJC7BFx3KKSbiKybkLCbWJCPSIiLSIiLPICHAFx3kLCfgKSXNHiDZJiTIGx\/p4eHcjo7LHSDbJyTkLCbjKyfOHyHPIiL28fHJHB\/GGh7EGR7eKCXDGB3RISHlLSbBGB3AFxzGHB7DGB7BGB3hKybkKybAFx3lLCfAFxzDGR3hKibDGB7cJyTmz8\/elJTlwcHjurrUIyLlLSflLSfAFx3DGR7lLSfCFx3hKibhKibhKybjKybkLCblLSfbJSX49vbx7e3NNzjNMTLMJyjVIyLZf3\/ZQ0LaeHjx0tLgoqLkLCfCGB3HGx\/BGB3BFx3PICHCGB7WJCLOHyC\/Fxy\/Fx3lLCfQISHkLSe\/FxzbJiTBFx3FGx\/AGB7BFx3EGR7AGB3HHSDfKiXAFh3TISHYNzbhKibbJyTTIiL57e325+f039\/v2NjUV1fOHiHiqanfmprch4feKSXVIyPOICHmLibFGh\/mLSe\/Fx7XJCPeKSXXJSPNHyHaJyTGGh7lLCbmLCflLSjSIiLkLCbdKSXLHiC\/GB3KHh++Fh3lKyfoLiXcKCPkx8fYb2\/XaGfVXl3aU1LLHiDksbHgKibPICHbJyTfKSXbJyTCGB3KHSDiKybFGh7TIiL\/\/\/\/VIyPRISHIHB\/GGx\/HHB\/DGR7gKibdKCXLHiDZJiTMHiDNHyHYJSTOICHPICHWJCPcKCXXJSPjLCblLCf+\/f3NGR\/uLijzLynPGR\/IGB7WISHaIyLLGh7UAADxLynNAADRLzDbICLQAADIAAD3MCrUHSHXMTDpKSbLAADp5OTij4\/ejo\/VLy\/1LyngJSTcJCPQHx\/OHB7+\/PzaMS\/OLS\/vLijrLSjSAADaNTPwLyjkKSbNJCbYISHPHB\/KGB7WAAD7+vrn3d3aKynTKCjoLCfsKifRGh\/YAADq5+fhjo7QNDXXKCfmJyXt5+fTLzDLLi\/QKivYHRvMGBrQJCXLISPMExXLDxLaEAvkkI\/bOTfaFQ\/SCgpvLcnHAAAAmnRSTlMA+vv7+gT9Bvf9+8z8\/NSv\/Pr5+P7++vnQIBMP\/v38\/Pn348XDiCYf9OjbzcqxXVcx\/fz8+\/rj1r2poo1+fXFqX0orGP7+\/v7+\/fz8+\/r68uzn4trIxsG\/vri3p6GcmZSNbWVYUUZEPQv+\/f39+\/v7+\/v7+vr64tvV1NTTz87FtbSurqeblJKFg4B3bUY+NjL7+\/v7+\/v67t1cDo8JLQAABkRJREFUWMO0kz9rwkAYh0OIeJkum6YugUAhISCdKoj\/P4C7SMdS+gEKIhSKil10LSg4mzXkILdlEpxCpwTiWOLX6BujvQaEQuGeHLnL+\/64J+SIcKGYTYWnntpdLjrVdqvZmNdn0+EE40GtpuuWVS6Xx6N7YDSGpWXpeq02wHgynM7q80az1a52HpddtVcpsi1zFARBrdaxbhp9iUReTGmwA4KAAr7vx3EYejnCMI6hQYEgy0LQi4jUN0wL19vqFcUC9\/1dAKmEEFkWRYkh5oBejnxQJiSJPJ\/uKBp0Thszx9Mw8hMRIQjKsptCfuES9zr5WJY6vSFCIvE9fCMUmEM1A1kSXcYGxgVYsvI1IPKTZciSTI0us\/SMGG04gDzELDoFBwdcFJrF88dqgYMTiL6DILWYyfOWE8\/kIz38olCNlC03FK95+imxp6y4oUSvAnBjHHhKNtotSDqJzVFiK8c2SBqhZtsrTtgrLXwAyduxZHNE26eHUt5rtuM4WSmds3G+sUdWYo1L+XyxButoh5eKUHk5lByO3G1LqqCWVnfrv\/lyPtf\/4ps1cndNGIri8J1TJ0lx6dR\/oPjq1nbRwdp2dCk4CtIOLW3pVKRL6WZfS5vF2KkIQhpwSsjiYIgNCs1gEMGqiIq24NQX9NwoXFy8Ufrl3twTcg4fv8T9\/JBEySduj6Mjm4bMzYV7EEOxKjjoNDud7yY3Dy71Hq2oLmqfbNR723edH9PgMrNL2utoQ3VmaIDkiw\/4w51P06hlZsTZvkRrbVuSIs\/zwSOsycgzStQouoAkWQqioRT5XI7n2Z1wfVhoZmcAJLsoqjqpjbWCgpOAJXBwHK8PzWbNvoUZJND5wCnSkLAkZ1legx6vqQzjoiTahKlGUGLAiIIoABOHaNVw4sexZBym6\/HWlH5h3IC7yRbxtipcWxdTOkORKiNQAEkFf66x5S2oeRbroOlLgg0sSYkR0hRGEqJZ0jTPiQKatESdBckpWigxaapEH0lImHdWu9pUFF2XqMNM2Z4kped7IwEJw2qabwtrQqnpw6HyKkgcadKWsmpywwesDyIhYRpdzXddqegtGIJlXbAIUMOLkGxJUjRIkokwjUaX9d\/kK62ps\/tYUqZLIMkLTyBhsMZ3C5Z\/kDxOSCb\/DOs\/\/J0qcWSX\/2ipe56EgTCA4\/cB7NAYOsni4mZM1MUPAISoEwkDi4lhVBQ1cWQyIcwalw4EpqZN68JUSK7XC0kTlkLYii5uXSC8jT5ncCAS7mjCv0uHp\/3lueHEEAeQ\/\/VgmdN71\/2uCSA1Xr6DO6uI6sW56zqT2tp2PhgiRUAajV8CY2fkcz6WGNKMgLAt7tJAhD4YHMTeRxlALE6+43WqjSWi8ITxyJl8WrwWSNESQZZOqhDDntO3hJLsd5RtSpbJqdv3YrDJH3F7jL1R2O2aQkn2MyCyKYz0GPGIvSAMgBCrCEiJyKbBaYGwLW4uPRr0A0M4Ux5kUI7IBh+hMdiCEWNqhMZGyYMsOgNE58UQuEQeUnSWCMYwL54hkxK6IoqucQZbQ3pc3XtL0lky1dL0zZJJDpWJovFqpWj6JEHnyam2eQp5QRVAVHjWparTOaVwUOx99YS2MvgxIGV0bb+qIg2HX2qkFFJB+XZcbLiuRkuxD9GRroKyveLxdh4d7Orx+hb7qc3uVRuEogCOnyIxm4ubUoPgF4jianDrC+SDQDKEfJb0GUKmjCGPYHGJvVC6X4hw1\/sAfQAdfYyephIaspXe36RwOP+Ljvfx9B6B3i+Nk0DGq+oCbLn6JpBa9nWAveAIHwFAwtVcIJXPMPL8kRu5OAYPMaL1WScTxjiZDqB9LTJSWphow\/pTYKRTLjCBhvi9iBidvKcDasGSm0QQkycYuLBqj6QCELPctqChDWpTRMWkngNNpQ1Pfp1KkiT\/Y0DGffXAweUNfLAfaJFKDwhb6I+bkYRbkERoEeu3Fyjg2opMz2daZCS9jt6Q7txNfB+OZEVF6Zl5web2xunnLQrtrjXseXKaFYziYINeMFZVxS9VxRhOoesYwxPKXm+gWLG9cuFeq93UNNeJNsf1KlwuDok9n02n3TgIJpOxNfL9naIoQwXtfH9kjceTIIi709ncTg6LZbg+biLH1V6u\/7rxBem06VXKn9raAAAAAElFTkSuQmCC\")      no-repeat center center \/ contain;  }  @media screen and (max-width: 960px) and (orientation: portrait) {    .logo {      width: 100%;    }    .logo .pc-banner {      display: none;    }    .logo .m-banner {      display: block;      width: 100%;    }    .logo .m-banner img {      height: auto!important;    }    .ytvideo {      height: 200px;      width: 100%;    }  }<\/style><style>  .video-section {    width: 100%;    margin: 0 auto;  }  .video-section > img {    width: 100%;  }  .video-section iframe,  .video-section video {    width: 100%;    height: 100%;      }  .video-section-img-m,  .video-section-img-pc > img {    width: 100%;    height: auto;  }  .video-section-img-pc.small > img {    width: 970px;  }  .video-desc {    line-height: 1.5;    font-size: 20px;    font-weight: 400;    margin: 20px 0;    text-align: center;    color: #0f1111;    word-break: break-word;  }  @media screen and (max-width: 960px) and (orientation: portrait) {    .video-section {      width: 100%;    }    .video-section-pc,    .video-section-img-pc {      display: none;    }    .video-section-m,    .video-section-img-m {      display: block;    }    .video-desc {      font-size: 15px;    }  }  @media screen and (min-width: 960px) {    .video-section {      width: 100%;      margin: 0 auto;    }    .video-section-pc,    .video-section-img-pc {      display: block;    }    .video-section-m,    .video-section-img-m {      display: none;    }    .video-desc {      font-size: 20px;    }  }<\/style><style>  .section + .section {    margin-top: 35px;  }  .section-title {    text-align: center;    font-weight: bold;    color: #0d1111;    font-family: \"Arial\";    font-size: 32px;    margin: 15px 0;  }  .section-title:empty {    display: none;  }  .section-desc {    text-align: center;    font-weight: normal;    color: #0d1111;    margin-top: 20px;  }  .section-desc:empty {    display: none;  }  .section-img {    width: 1200px;    height: 492px;    margin: 0 auto;    display: block;  }  .section-img.small {    width: 970px;    height: auto;  }  .section-img.small > img {    height: auto;  }  .section-img > img {    width: 100%;    height: 100%;  }  .section-mobile-img {    display: none;    max-width: 100vw;    max-height: 75vw;    height: 450px;    margin: 0 auto;  }  .section-mobile-img > img {    width: 100%;    height: 100%;  }  @media screen and (max-width: 960px) and (orientation: portrait) {    .container {      width: 100%;    }    .container.small {      width: 100%;    }    .section-mobile-img {      display: block;    }    .section-img {      display: none;    }    .section-title {      font-size: 22px;      margin: 10px 0;    }    .section-desc {      margin-top: 10px;    }    .section + .section {      margin-top: 20px;    }  }<\/style><\/head><body><div class=\"container\"><div class=\"logo\"><div class=\"pc-banner\"><div><img decoding=\"async\" src=\"\/vevor\/vevor\/boutique-banner\/pc\/en-pc@1x.jpg\" style=\"width: 100%;\" \/><\/div><\/div><div class=\"m-banner\"><div><img decoding=\"async\" src=\"\/vevor\/vevor\/boutique-banner\/mobile\/en-m@1x.jpg\" style=\"width: 100%;\" \/><\/div><\/div><\/div><div class=\"section-title\">Valada kindlusega, Ei J\u00e4ta Jama Taga<\/div><div class=\"video-section\"><div class=\"video-section-img-pc\"><img decoding=\"async\" src=\"\/vevor\/product\/LTJZCGDSPW00FW1N4\/beer-drip-tray-a100-1.4.jpg\" alt=\"isik, kes kasutab VEVOR \u00f5lu sahtel valada joogi sisse, roostevabast terasest tassi puhta countertop.\" \/><\/div><div class=\"video-section-img-m\"><img decoding=\"async\" src=\"\/vevor\/product\/LTJZCGDSPW00FW1N4\/beer-drip-tray-a100-1.4-m.jpg\" alt=\"isik, kes kasutab VEVOR \u00f5lu sahtel valada joogi sisse, roostevabast terasest tassi puhta countertop.\" \/><\/div><div class=\"section-desc\">H\u00fcvasti vedeliku akumulatsiooni VEVOR! Koos anti-libise kummist padjad, see p\u00fcsib kindlalt paigas, kui sile \u00fcmardatud servad tagavad ohutu kasutamise. Meisterdatud toidu-grade roostevabast terasest ja featuring eemaldatav kate on lihtne puhastada, see sujuvalt t\u00e4iendab \u00f5lle t\u00fcnn v\u00f5i espresso masin.<\/div><\/div><div class=\"section\"><div class=\"section-title\"><\/div><div class=\"section-img\"><img decoding=\"async\" src=\"\/vevor\/product\/LTJZCGDSPW00FW1N4\/beer-drip-tray-a100-2.2.jpg\" alt=\"VEVOR \u00f5lu sahtel roostevabast terasest koos ice-cube tausta tutvustada rooste vastupanu ja vastupidavuse.\" \/><\/div><div class=\"section-mobile-img\"><img decoding=\"async\" src=\"\/vevor\/product\/LTJZCGDSPW00FW1N4\/beer-drip-tray-a100-2.2-m.jpg\" alt=\"VEVOR \u00f5lu sahtel roostevabast terasest koos ice-cube tausta tutvustada rooste vastupanu ja vastupidavuse.\" \/><\/div><div class=\"section-desc\">Kvaliteetsest roostevabast terasest valmistatud meie \u00f5lletorni tilguti on ehitatud kestma. Roostekindel, korrosioonikindel, k\u00f5rge kuumakindel ja mittetoksiline, see on nii vastupidav kui ka vastupidav, sileda pinnaga lihtsaks puhastamiseks.<\/div><\/div><div class=\"section\"><div class=\"section-title\"><\/div><div class=\"section-img\"><img decoding=\"async\" src=\"\/vevor\/product\/LTJZCGDSPW00FW1N4\/beer-drip-tray-a100-2.3.jpg\" alt=\"VEVOR \u00f5lu sahtel eemaldatav lihtne puhastada, loputa veega v\u00f5i n\u00f5udepesumasin ohutu\" \/><\/div><div class=\"section-mobile-img\"><img decoding=\"async\" src=\"\/vevor\/product\/LTJZCGDSPW00FW1N4\/beer-drip-tray-a100-2.3-m.jpg\" alt=\"VEVOR \u00f5lu sahtel eemaldatav lihtne puhastada, loputa veega v\u00f5i n\u00f5udepesumasin ohutu\" \/><\/div><div class=\"section-desc\">Muutke puhastamine VEVORi poleeritud pinnatilgutusaluse abil imelihtsaks! Eemaldatava kattega puhastamine on tsink! Lihtsalt eemaldage kate, loputage veega v\u00f5i asetage see n\u00f5udepesumasinasse, et puhastada seda vaevata.<\/div><\/div><div class=\"section\"><div class=\"section-title\"><\/div><div class=\"section-img\"><img decoding=\"async\" src=\"\/vevor\/product\/LTJZCGDSPW00FW1N4\/beer-drip-tray-a100-2.4.jpg\" alt=\"VEVOR \u00f5lu sahtel koos puuduta, klaas \u00f5lut, ja sidruni viilud hubane baar seade.\" \/><\/div><div class=\"section-mobile-img\"><img decoding=\"async\" src=\"\/vevor\/product\/LTJZCGDSPW00FW1N4\/beer-drip-tray-a100-2.4-m.jpg\" alt=\"VEVOR \u00f5lu sahtel koos puuduta, klaas \u00f5lut, ja sidruni viilud hubane baar seade.\" \/><\/div><div class=\"section-desc\">Meie \u00f5lletorni tilgaaluse \u00fchtlased \u00f5\u00f5nsad augud tagavad sujuva \u00e4ravoolu, v\u00e4ltides vee kogunemist. Lisaks pole vaja kokkupanekut ega paigaldust, vaid asetage see lihtsalt oma lauale, tagades, et see on teie \u00f5llekraanist madalam.<\/div><\/div><div class=\"section\"><div class=\"section-title\"><\/div><div class=\"section-img\"><img decoding=\"async\" src=\"\/vevor\/product\/LTJZCGDSPW00FW1N4\/beer-drip-tray-a100-2.5.jpg\" alt=\"k\u00e4si valades \u00f5lut, VEVOR \u00f5lu sahtel restoran, baar, kohvik ja kodu riba seadistuse.\" \/><\/div><div class=\"section-mobile-img\"><img decoding=\"async\" src=\"\/vevor\/product\/LTJZCGDSPW00FW1N4\/beer-drip-tray-a100-2.5-m.jpg\" alt=\"k\u00e4si valades \u00f5lut, VEVOR \u00f5lu sahtel restoran, baar, kohvik ja kodu riba seadistuse.\" \/><\/div><div class=\"section-desc\">Sobib enamikesse \u00fche- ja kahekordse kraaniga \u00f5lletornidesse, kus on piisavalt ruumi kahe \u00f5lleklaasi jaoks. Olgu see restoran, kodubaar, k\u00f6\u00f6k v\u00f5i pubi, meie kegeraatori tilgaalus sobib kohe, lisades teie ruumile mugavuse ja puhtuse.<\/div><\/div><div class=\"section\"><div class=\"section-img\"><img decoding=\"async\" src=\"\/vevor\/product\/LTJZCGDSPW00FW1N4\/beer-drip-tray-a100-1.11.jpg\" alt=\"VEVOR \u00f5lu vedelikusahtel 12&#034;x7&#034;, millel harjatud finish, filter, plaat, 11.81&#034;x6.97&#034;x0.59&#034;, 1.70 lbs.\" \/><\/div><div class=\"section-mobile-img\"><img decoding=\"async\" src=\"\/vevor\/product\/LTJZCGDSPW00FW1N4\/beer-drip-tray-a100-1.11-m.jpg\" alt=\"VEVOR \u00f5lu vedelikusahtel 12&#034;x7&#034;, millel harjatud finish, filter, plaat, 11.81&#034;x6.97&#034;x0.59&#034;, 1.70 lbs.\" \/><\/div><\/div><\/div><\/body><\/html><\/div>\n<div class=\"DM_at-title\" id=\"js-DM_at-title\"> <div>Toote spetsifikatsioon<\/div> <i class=\"icon-arrowup_line\"><\/i> <\/div><div class=\"DM_at-goodsDescAttr\" id=\"js-DM_at-goodsDescAttr\"> <div class=\"DM_at-goodsDescAttrInner\"> <dl class=\"goodsDesc_item goodsDesc_item_even\"> <dt>Punkt Mudeli Number<\/dt> <dd> 12&#034;x7&#034; (Sahtel<\/dd> <\/dl> <dl class=\"goodsDesc_item\"> <dt>Peamine Struktuur<\/dt> <dd> Sahtel + Filter, Plaat<\/dd> <\/dl> <dl class=\"goodsDesc_item goodsDesc_item_even\"> <dt>Pinnat\u00f6\u00f6tlus<\/dt> <dd> Harjatud<\/dd> <\/dl> <dl class=\"goodsDesc_item\"> <dt>Toote M\u00f5\u00f5tmed<\/dt> <dd> 11.81 x 6.97 x 0.59 in \/ 300 x 177 x 15 mm<\/dd> <\/dl> <dl class=\"goodsDesc_item goodsDesc_item_even\"> <dt>Neto Kaal<\/dt> <dd> 1.70 lbs \/ riskisuhe 0,77 kg<\/dd> <\/dl> <\/div> <\/div>","protected":false},"excerpt":{"rendered":"<ul>\n<li> Tahke ja turvaline: ei leki, ei vaeva (no lekkinud) (no lekkinud) (\u201evevor\u201c) \u00f5lletilgaalus p\u00fc\u00fcab t\u00f5husalt segisti tilgutid ja liigse vedeliku puhta t\u00f6\u00f6pinna jaoks. 4 libisemisvastase kummipadjaga p\u00fcsib see kindlalt oma baariletil paigal. Lisaks takistavad selle siledad \u00fcmarad servad k\u00e4te kriimustusi, tagades ohutu ja mugava kasutamise. <\/li>\n<li> Terve Roostevabast Terasest Konstruktsioon: Valmistatud toidu-klassi 304 roostevabast terasest, poleeritud, et kaitsta rooste ja korrosiooni eest, on see roostevabast terasest kegerator sahtel on vastupidav ja sujuvalt t\u00e4iendab oma \u00f5lle t\u00fcnn, espresso masin, baar counter, lisades, professionaalne ja esteetiline puudutada oma kujundusest. <\/li>\n<li> Eemaldatav Lihtne puhastada: Varustatud eemaldatava kaane puhastamine on imelihtne. Ei \u00e4ravoolu augud all, lihtsalt t\u00fchjenda vedelikusahtel ja loputa veega. Teise v\u00f5imalusena saate koht \u00f5lu sahtel kraanikaussi ja n\u00f5udepesumasinat p\u00f5hjalikult puhastada. <\/li>\n<li> \u00dchtne Silma Kiire Kuivamine: h\u00fcvasti \u00e4rritav vedelik buildup! Meie kegerator sahtel on jaotatud \u00fchtlaselt silma tagab kiire \u00e4ravool, isegi siis, kui puutuvad kokku k\u00f5rge v\u00f5i madal-temperatuur vedelikud. Nr assamblee vaja \u2013 lihtsalt pane see alla oma \u00f5lle kraan ja lase see ei puhata! <\/li>\n<li> Mitmek\u00fclgne ja Praktiline: Ideaalne \u00fche v\u00f5i koputage \u00f5lu tornid, meie 11.81&#034; x 6.97&#034; baar sahtel on piisavalt avar, et koht kahe \u00f5lle klaase. Ideaalne kohvikus, restoranid, kodus, baarides, k\u00f6\u00f6kides ja mujal. T\u00f5sta oma joogi serveerimine koos VEVOR! <\/li>\n<\/ul>","protected":false},"featured_media":310079,"comment_status":"closed","ping_status":"open","template":"","meta":{"om_disable_all_campaigns":false,"_monsterinsights_skip_tracking":false,"_monsterinsights_sitenote_active":false,"_monsterinsights_sitenote_note":"","_monsterinsights_sitenote_category":0,"_uf_show_specific_survey":0,"_uf_disable_surveys":false},"location":[1935,1934],"product_brand":[21],"product_cat":[2445,3714,4102,4101,4103],"product_tag":[],"class_list":{"0":"post-44094","1":"product","2":"type-product","3":"status-publish","4":"has-post-thumbnail","6":"location-supplier_stock_location","7":"location-local_stock_location","8":"product_brand-vevor","9":"product_cat-appliances","10":"product_cat-beverage-coolers","11":"product_cat-kegerator-key-dispenser","12":"product_cat-kegerators","13":"product_cat-vertical-kegerator-key-dispenser","15":"first","16":"instock","17":"taxable","18":"shipping-taxable","19":"purchasable","20":"product-type-simple"},"aioseo_notices":[],"jetpack_sharing_enabled":true,"locations":[{"id":1935,"name":"Pieg\u0101d\u0101t\u0101ja noliktav\u0101 (5-7d.d.)","slug":"supplier_stock_location","quantity":"17"},{"id":1934,"name":"R\u012bgas veikal\u0101 (0-2d.d.)","slug":"local_stock_location","quantity":"0"}],"_links":{"self":[{"href":"https:\/\/vevorshop.lv\/et\/wp-json\/wp\/v2\/product\/44094","targetHints":{"allow":["GET"]}}],"collection":[{"href":"https:\/\/vevorshop.lv\/et\/wp-json\/wp\/v2\/product"}],"about":[{"href":"https:\/\/vevorshop.lv\/et\/wp-json\/wp\/v2\/types\/product"}],"replies":[{"embeddable":true,"href":"https:\/\/vevorshop.lv\/et\/wp-json\/wp\/v2\/comments?post=44094"}],"wp:featuredmedia":[{"embeddable":true,"href":"https:\/\/vevorshop.lv\/et\/wp-json\/wp\/v2\/media\/310079"}],"wp:attachment":[{"href":"https:\/\/vevorshop.lv\/et\/wp-json\/wp\/v2\/media?parent=44094"}],"wp:term":[{"taxonomy":"location","embeddable":true,"href":"https:\/\/vevorshop.lv\/et\/wp-json\/wp\/v2\/location?post=44094"},{"taxonomy":"product_brand","embeddable":true,"href":"https:\/\/vevorshop.lv\/et\/wp-json\/wp\/v2\/product_brand?post=44094"},{"taxonomy":"product_cat","embeddable":true,"href":"https:\/\/vevorshop.lv\/et\/wp-json\/wp\/v2\/product_cat?post=44094"},{"taxonomy":"product_tag","embeddable":true,"href":"https:\/\/vevorshop.lv\/et\/wp-json\/wp\/v2\/product_tag?post=44094"}],"curies":[{"name":"wp","href":"https:\/\/api.w.org\/{rel}","templated":true}]}}