{"id":44355,"date":"2024-11-19T09:19:17","date_gmt":"2024-11-19T09:19:17","guid":{"rendered":"http:\/\/vevorshop.edigo.lv\/Prece\/vevor-boxing-speed-trainer-punching-bag-with-stand-reflex-boxing-bag-for-teens-adults-height-adjustable-free-standing-strike-bag-set-with-gloves-workout-speed-bag-for-home-gym-training-red\/"},"modified":"2026-04-26T09:27:05","modified_gmt":"2026-04-26T06:27:05","slug":"vevor-boxing-speed-trainer-punching-bag-with-stand-reflex-boxing-bag-for-teens-adults-height-adjustable-free-standing-strike-bag-set-with-gloves-workout-speed-bag-for-home-gym-training-red","status":"publish","type":"product","link":"https:\/\/vevorshop.lv\/et\/Prece\/vevor-poksi-kiirus-treener-poksikott-koos-stand-reflex-poksikott-teismelistele-taiskasvanutele-korgus-reguleeritav-vabalt-seisev-loogikott-komplekt-kinnastega-treening-kiiruskott-koduseks-jousaalitree\/","title":{"rendered":"VEVOR reguleeritav refleks poksitreener alusega, kinnaste ja 360\u00b0 p\u00f6\u00f6rleva kangiga, teismelistele ja t\u00e4iskasvanutele, punane"},"content":{"rendered":"<div style=\"color: #fff!important; font-size: 16px; height: 24px; line-height: 24px; margin-top: -24px; \" class=\"product_original_name\">VEVOR Poksikiiruse treener, statiiviga mulgustuskott, reflekspoksikott teismelistele ja t\u00e4iskasvanutele, reguleeritava k\u00f5rgusega vabalt seisev kinnastega l\u00f6\u00f6gikoti komplekt, treeningkiiruse kott koduseks j\u00f5usaalitreeninguks, punane<\/div>\n<div style=\"color: #fff!important; font-size: 16px; height: 24px; line-height: 24px; margin-top: -24px; \" class=\"product_sku\">M4I4LK69<\/div>\n<div style=\"color: #fff!important; font-size: 16px; height: 24px; line-height: 24px; margin-top: -24px; \" class=\"product_mpn\">QJDXLDDPZHSQQODF6V0<\/div><div id=\"js-DM_at-goodDescRich\"><html><head><style>  body {    font-family: Arial;    line-height: 1.5;    color: #1c1c1c;    overflow-x: hidden;    margin: 0;    padding: 0;  }  .MsoNormal b {    font-weight: bolder;  }<\/style><style>  .container.small {    width: 970px;    margin: 0 auto;  }  .logo {    margin: 0 auto 0;  }  .logo img {    display: block;    margin: 0 auto;    max-width: 100%;  }  .logo .pc-banner {    display: block;    width: 1200px;    height: 247.4px;    margin: 0 auto;  }  .logo .pc-banner.small {    width: 970px;  }  .logo .pc-banner.small img {    height: auto!important;  }  .logo .m-banner {    display: none;  }  .ytvideo {    position: relative;    height: 546px;    width: 100%;    margin: 0 auto;  }  .ytvideo img {    width: 100%;    margin: 0 auto;  }  .ytvideo .play-btn {    width: 60px;    height: 42px;    position: absolute;    top: 50%;    left: 50%;    transform: translate(-50%, -50%);    background: url(\"data:image\/png;base64,iVBORw0KGgoAAAANSUhEUgAAAGQAAABGCAMAAAANWMFbAAAC+lBMVEUAAADBGB3kLCfBGB3kLCfcJC7BFx3KKSbiKybkLCbWJCPSIiLSIiLPICHAFx3kLCfgKSXNHiDZJiTIGx\/p4eHcjo7LHSDbJyTkLCbjKyfOHyHPIiL28fHJHB\/GGh7EGR7eKCXDGB3RISHlLSbBGB3AFxzGHB7DGB7BGB3hKybkKybAFx3lLCfAFxzDGR3hKibDGB7cJyTmz8\/elJTlwcHjurrUIyLlLSflLSfAFx3DGR7lLSfCFx3hKibhKibhKybjKybkLCblLSfbJSX49vbx7e3NNzjNMTLMJyjVIyLZf3\/ZQ0LaeHjx0tLgoqLkLCfCGB3HGx\/BGB3BFx3PICHCGB7WJCLOHyC\/Fxy\/Fx3lLCfQISHkLSe\/FxzbJiTBFx3FGx\/AGB7BFx3EGR7AGB3HHSDfKiXAFh3TISHYNzbhKibbJyTTIiL57e325+f039\/v2NjUV1fOHiHiqanfmprch4feKSXVIyPOICHmLibFGh\/mLSe\/Fx7XJCPeKSXXJSPNHyHaJyTGGh7lLCbmLCflLSjSIiLkLCbdKSXLHiC\/GB3KHh++Fh3lKyfoLiXcKCPkx8fYb2\/XaGfVXl3aU1LLHiDksbHgKibPICHbJyTfKSXbJyTCGB3KHSDiKybFGh7TIiL\/\/\/\/VIyPRISHIHB\/GGx\/HHB\/DGR7gKibdKCXLHiDZJiTMHiDNHyHYJSTOICHPICHWJCPcKCXXJSPjLCblLCf+\/f3NGR\/uLijzLynPGR\/IGB7WISHaIyLLGh7UAADxLynNAADRLzDbICLQAADIAAD3MCrUHSHXMTDpKSbLAADp5OTij4\/ejo\/VLy\/1LyngJSTcJCPQHx\/OHB7+\/PzaMS\/OLS\/vLijrLSjSAADaNTPwLyjkKSbNJCbYISHPHB\/KGB7WAAD7+vrn3d3aKynTKCjoLCfsKifRGh\/YAADq5+fhjo7QNDXXKCfmJyXt5+fTLzDLLi\/QKivYHRvMGBrQJCXLISPMExXLDxLaEAvkkI\/bOTfaFQ\/SCgpvLcnHAAAAmnRSTlMA+vv7+gT9Bvf9+8z8\/NSv\/Pr5+P7++vnQIBMP\/v38\/Pn348XDiCYf9OjbzcqxXVcx\/fz8+\/rj1r2poo1+fXFqX0orGP7+\/v7+\/fz8+\/r68uzn4trIxsG\/vri3p6GcmZSNbWVYUUZEPQv+\/f39+\/v7+\/v7+vr64tvV1NTTz87FtbSurqeblJKFg4B3bUY+NjL7+\/v7+\/v67t1cDo8JLQAABkRJREFUWMO0kz9rwkAYh0OIeJkum6YugUAhISCdKoj\/P4C7SMdS+gEKIhSKil10LSg4mzXkILdlEpxCpwTiWOLX6BujvQaEQuGeHLnL+\/64J+SIcKGYTYWnntpdLjrVdqvZmNdn0+EE40GtpuuWVS6Xx6N7YDSGpWXpeq02wHgynM7q80az1a52HpddtVcpsi1zFARBrdaxbhp9iUReTGmwA4KAAr7vx3EYejnCMI6hQYEgy0LQi4jUN0wL19vqFcUC9\/1dAKmEEFkWRYkh5oBejnxQJiSJPJ\/uKBp0Thszx9Mw8hMRIQjKsptCfuES9zr5WJY6vSFCIvE9fCMUmEM1A1kSXcYGxgVYsvI1IPKTZciSTI0us\/SMGG04gDzELDoFBwdcFJrF88dqgYMTiL6DILWYyfOWE8\/kIz38olCNlC03FK95+imxp6y4oUSvAnBjHHhKNtotSDqJzVFiK8c2SBqhZtsrTtgrLXwAyduxZHNE26eHUt5rtuM4WSmds3G+sUdWYo1L+XyxButoh5eKUHk5lByO3G1LqqCWVnfrv\/lyPtf\/4ps1cndNGIri8J1TJ0lx6dR\/oPjq1nbRwdp2dCk4CtIOLW3pVKRL6WZfS5vF2KkIQhpwSsjiYIgNCs1gEMGqiIq24NQX9NwoXFy8Ufrl3twTcg4fv8T9\/JBEySduj6Mjm4bMzYV7EEOxKjjoNDud7yY3Dy71Hq2oLmqfbNR723edH9PgMrNL2utoQ3VmaIDkiw\/4w51P06hlZsTZvkRrbVuSIs\/zwSOsycgzStQouoAkWQqioRT5XI7n2Z1wfVhoZmcAJLsoqjqpjbWCgpOAJXBwHK8PzWbNvoUZJND5wCnSkLAkZ1legx6vqQzjoiTahKlGUGLAiIIoABOHaNVw4sexZBym6\/HWlH5h3IC7yRbxtipcWxdTOkORKiNQAEkFf66x5S2oeRbroOlLgg0sSYkR0hRGEqJZ0jTPiQKatESdBckpWigxaapEH0lImHdWu9pUFF2XqMNM2Z4kped7IwEJw2qabwtrQqnpw6HyKkgcadKWsmpywwesDyIhYRpdzXddqegtGIJlXbAIUMOLkGxJUjRIkokwjUaX9d\/kK62ps\/tYUqZLIMkLTyBhsMZ3C5Z\/kDxOSCb\/DOs\/\/J0qcWSX\/2ipe56EgTCA4\/cB7NAYOsni4mZM1MUPAISoEwkDi4lhVBQ1cWQyIcwalw4EpqZN68JUSK7XC0kTlkLYii5uXSC8jT5ncCAS7mjCv0uHp\/3lueHEEAeQ\/\/VgmdN71\/2uCSA1Xr6DO6uI6sW56zqT2tp2PhgiRUAajV8CY2fkcz6WGNKMgLAt7tJAhD4YHMTeRxlALE6+43WqjSWi8ITxyJl8WrwWSNESQZZOqhDDntO3hJLsd5RtSpbJqdv3YrDJH3F7jL1R2O2aQkn2MyCyKYz0GPGIvSAMgBCrCEiJyKbBaYGwLW4uPRr0A0M4Ux5kUI7IBh+hMdiCEWNqhMZGyYMsOgNE58UQuEQeUnSWCMYwL54hkxK6IoqucQZbQ3pc3XtL0lky1dL0zZJJDpWJovFqpWj6JEHnyam2eQp5QRVAVHjWparTOaVwUOx99YS2MvgxIGV0bb+qIg2HX2qkFFJB+XZcbLiuRkuxD9GRroKyveLxdh4d7Orx+hb7qc3uVRuEogCOnyIxm4ubUoPgF4jianDrC+SDQDKEfJb0GUKmjCGPYHGJvVC6X4hw1\/sAfQAdfYyephIaspXe36RwOP+Ljvfx9B6B3i+Nk0DGq+oCbLn6JpBa9nWAveAIHwFAwtVcIJXPMPL8kRu5OAYPMaL1WScTxjiZDqB9LTJSWphow\/pTYKRTLjCBhvi9iBidvKcDasGSm0QQkycYuLBqj6QCELPctqChDWpTRMWkngNNpQ1Pfp1KkiT\/Y0DGffXAweUNfLAfaJFKDwhb6I+bkYRbkERoEeu3Fyjg2opMz2daZCS9jt6Q7txNfB+OZEVF6Zl5web2xunnLQrtrjXseXKaFYziYINeMFZVxS9VxRhOoesYwxPKXm+gWLG9cuFeq93UNNeJNsf1KlwuDok9n02n3TgIJpOxNfL9naIoQwXtfH9kjceTIIi709ncTg6LZbg+biLH1V6u\/7rxBem06VXKn9raAAAAAElFTkSuQmCC\")      no-repeat center center \/ contain;  }  @media screen and (max-width: 960px) and (orientation: portrait) {    .logo {      width: 100%;    }    .logo .pc-banner {      display: none;    }    .logo .m-banner {      display: block;      width: 100%;    }    .logo .m-banner img {      height: auto!important;    }    .ytvideo {      height: 200px;      width: 100%;    }  }<\/style><style>  .video-section {    width: 100%;    margin: 0 auto;  }  .video-section > img {    width: 100%;  }  .video-section iframe,  .video-section video {    width: 100%;    height: 100%;      }  .video-section-img-m,  .video-section-img-pc > img {    width: 100%;    height: auto;  }  .video-section-img-pc.small > img {    width: 970px;  }  .video-desc {    line-height: 1.5;    font-size: 20px;    font-weight: 400;    margin: 20px 0;    text-align: center;    color: #0f1111;    word-break: break-word;  }  @media screen and (max-width: 960px) and (orientation: portrait) {    .video-section {      width: 100%;    }    .video-section-pc,    .video-section-img-pc {      display: none;    }    .video-section-m,    .video-section-img-m {      display: block;    }    .video-desc {      font-size: 15px;    }  }  @media screen and (min-width: 960px) {    .video-section {      width: 100%;      margin: 0 auto;    }    .video-section-pc,    .video-section-img-pc {      display: block;    }    .video-section-m,    .video-section-img-m {      display: none;    }    .video-desc {      font-size: 20px;    }  }<\/style><style>  .section + .section {    margin-top: 35px;  }  .section-title {    text-align: center;    font-weight: bold;    color: #0d1111;    font-family: \"Arial\";    font-size: 32px;    margin: 15px 0;  }  .section-title:empty {    display: none;  }  .section-desc {    text-align: center;    font-weight: normal;    color: #0d1111;    margin-top: 20px;  }  .section-desc:empty {    display: none;  }  .section-img {    width: 1200px;    height: 492px;    margin: 0 auto;    display: block;  }  .section-img.small {    width: 970px;    height: auto;  }  .section-img.small > img {    height: auto;  }  .section-img > img {    width: 100%;    height: 100%;  }  .section-mobile-img {    display: none;    max-width: 100vw;    max-height: 75vw;    height: 450px;    margin: 0 auto;  }  .section-mobile-img > img {    width: 100%;    height: 100%;  }  @media screen and (max-width: 960px) and (orientation: portrait) {    .container {      width: 100%;    }    .container.small {      width: 100%;    }    .section-mobile-img {      display: block;    }    .section-img {      display: none;    }    .section-title {      font-size: 22px;      margin: 10px 0;    }    .section-desc {      margin-top: 10px;    }    .section + .section {      margin-top: 20px;    }  }<\/style><\/head><body><div class=\"container\"><div class=\"logo\"><div class=\"pc-banner\"><div><img decoding=\"async\" src=\"\/vevor\/vevor\/boutique-banner\/pc\/en-pc@1x.jpg\" style=\"width: 100%;\" \/><\/div><\/div><div class=\"m-banner\"><div><img decoding=\"async\" src=\"\/vevor\/vevor\/boutique-banner\/mobile\/en-m@1x.jpg\" style=\"width: 100%;\" \/><\/div><\/div><\/div><div class=\"section-title\">Mulgustus -, ketrus-baar, t\u00f5hus ja l\u00f5bus fitness solution<\/div><div class=\"video-section\"><div class=\"video-section-img-pc\"><img decoding=\"async\" src=\"\/vevor\/product\/QJDXLDDPZHSQQODF6\/punching-bag-a100-1.4.jpg\" alt=\"professionaalne iseseisva mulgustamiseks kott VEVOR featuring 90\u00b0 kiire tagasil\u00f6\u00f6gi ja tugevdatud vedru disain.\" \/><\/div><div class=\"video-section-img-m\"><img decoding=\"async\" src=\"\/vevor\/product\/QJDXLDDPZHSQQODF6\/punching-bag-a100-1.4-m.jpg\" alt=\"professionaalne iseseisva mulgustamiseks kott VEVOR featuring 90\u00b0 kiire tagasil\u00f6\u00f6gi ja tugevdatud vedru disain.\" \/><\/div><div class=\"section-desc\">Eraldiseisev mulgustus kotid on isemajandav poks koolitus seadmed. M\u00f5eldud tugevdatud vedrud tugeva tagasil\u00f6\u00f6gi, nad v\u00f5ivad aidata parandada stantsimise kiirus ja lihaste elastsust, samas sobib ka aeroobsed harjutused, mis on ideaalne kodu ja j\u00f5usaali kasutamist.<\/div><\/div><div class=\"section\"><div class=\"section-title\"><\/div><div class=\"section-img\"><img decoding=\"async\" src=\"\/vevor\/product\/QJDXLDDPZHSQQODF6\/punching-bag-a100-2.2.jpg\" alt=\"kaks inimest koolituse reguleeritav VEVOR poks kiirus treener, k\u00f5rgus vahemik 1580-2100mm.\" \/><\/div><div class=\"section-mobile-img\"><img decoding=\"async\" src=\"\/vevor\/product\/QJDXLDDPZHSQQODF6\/punching-bag-a100-2.2-m.jpg\" alt=\"kaks inimest koolituse reguleeritav VEVOR poks kiirus treener, k\u00f5rgus vahemik 1580-2100mm.\" \/><\/div><div class=\"section-desc\">Mulgustuskoti komplektiga on kaasas alus, mis sobib erinevas vanuses ja erineva pikkusega inimestele, reguleeritav vastavalt laste keha suurusele.<\/div><\/div><div class=\"section\"><div class=\"section-title\"><\/div><div class=\"section-img\"><img decoding=\"async\" src=\"\/vevor\/product\/QJDXLDDPZHSQQODF6\/punching-bag-a100-2.3.jpg\" alt=\"kvaliteetne mitmekihilise pvc nahk VEVOR poks kiirus treener kr\u00fcpteeritud kangast ja \u00fcle-liimimine.\" \/><\/div><div class=\"section-mobile-img\"><img decoding=\"async\" src=\"\/vevor\/product\/QJDXLDDPZHSQQODF6\/punching-bag-a100-2.3-m.jpg\" alt=\"kvaliteetne mitmekihilise pvc nahk VEVOR poks kiirus treener kr\u00fcpteeritud kangast ja \u00fcle-liimimine.\" \/><\/div><div class=\"section-desc\">See reflex poks kott on valmistatud PVC nahk sandbag + \u00fcle-liimimine + kr\u00fcptitud kangast, sisemine p\u00f5ie t\u00e4iendatud kummi lateks, mis v\u00f5imaldab kasutajatel rongi pikemaks perioodiks, ilma muretsemata kahju.<\/div><\/div><div class=\"section\"><div class=\"section-title\"><\/div><div class=\"section-img\"><img decoding=\"async\" src=\"\/vevor\/product\/QJDXLDDPZHSQQODF6\/punching-bag-a100-2.4.jpg\" alt=\"VEVOR poks kiirus treener tugev iminapp baas, 100 kilo liiva v\u00f5i 66 kilo vett, 12 tassi.\" \/><\/div><div class=\"section-mobile-img\"><img decoding=\"async\" src=\"\/vevor\/product\/QJDXLDDPZHSQQODF6\/punching-bag-a100-2.4-m.jpg\" alt=\"VEVOR poks kiirus treener tugev iminapp baas, 100 kilo liiva v\u00f5i 66 kilo vett, 12 tassi.\" \/><\/div><div class=\"section-desc\">Baasi saab t\u00e4ita vee v\u00f5i liivaga, et s\u00e4ilitada stabiilsus. \u00c4raveo tassi alt v\u00e4ltida p\u00f5randa kriimustuste ja tagada stabiilsus ajal poks.<\/div><\/div><div class=\"section\"><div class=\"section-title\"><\/div><div class=\"section-img\"><img decoding=\"async\" src=\"\/vevor\/product\/QJDXLDDPZHSQQODF6\/punching-bag-a100-2.5.jpg\" alt=\"mitme koolituse meetodid f\u00fc\u00fcsiline koormus, kaalulangus, professionaalne poks koolitus ja stressi leevendamiseks.\" \/><\/div><div class=\"section-mobile-img\"><img decoding=\"async\" src=\"\/vevor\/product\/QJDXLDDPZHSQQODF6\/punching-bag-a100-2.5-m.jpg\" alt=\"mitme koolituse meetodid f\u00fc\u00fcsiline koormus, kaalulangus, professionaalne poks koolitus ja stressi leevendamiseks.\" \/><\/div><div class=\"section-desc\">Poks koolitus seadmete aitab kasutajatel parandada reaktsioon, kiirus, t\u00e4psus, ja silmatorkav v\u00f5ime, sobivad nii algajatele kui ka kogenud isikud, kes soovivad lihvida oma oskusi.<\/div><\/div><div class=\"section\"><div class=\"section-img\"><img decoding=\"async\" src=\"\/vevor\/product\/QJDXLDDPZHSQQODF6\/punching-bag-a100-1.11.jpg\" alt=\"VEVOR poks kiirus treener punased kindad, \u00e4raveo tassi, \u00f5hupump, kevad ja mulgustus-pallid.\" \/><\/div><div class=\"section-mobile-img\"><img decoding=\"async\" src=\"\/vevor\/product\/QJDXLDDPZHSQQODF6\/punching-bag-a100-1.11-m.jpg\" alt=\"VEVOR poks kiirus treener punased kindad, \u00e4raveo tassi, \u00f5hupump, kevad ja mulgustus-pallid.\" \/><\/div><\/div><\/div><\/body><\/html><\/div>\n<div class=\"DM_at-title\" id=\"js-DM_at-title\"> <div>Toote spetsifikatsioon<\/div> <i class=\"icon-arrowup_line\"><\/i> <\/div><div class=\"DM_at-goodsDescAttr\" id=\"js-DM_at-goodsDescAttr\"> <div class=\"DM_at-goodsDescAttrInner\"> <dl class=\"goodsDesc_item goodsDesc_item_even\"> <dt>Punkt Mudeli Number<\/dt> <dd> FYB-2<\/dd> <\/dl> <dl class=\"goodsDesc_item\"> <dt>V\u00e4rv<\/dt> <dd> Must+Punane<\/dd> <\/dl> <dl class=\"goodsDesc_item goodsDesc_item_even\"> <dt>Materjal<\/dt> <dd> S\u00fcsinikusisaldusega Teras + HDPE<\/dd> <\/dl> <dl class=\"goodsDesc_item\"> <dt>Neto Kaal<\/dt> <dd> 25.2 lbs \/ 11.45 kg<\/dd> <\/dl> <dl class=\"goodsDesc_item goodsDesc_item_even\"> <dt>Toote Suurus<\/dt> <dd> 38.0x18.9x62.2 inch \/ 965x480x1580 mm<\/dd> <\/dl> <\/div> <\/div>","protected":false},"excerpt":{"rendered":"<ul>\n<li> Kiire Tagasil\u00f6\u00f6gi: Meie mulgustamiseks kott on spetsiaalselt loodud optimaalse ja ohutu kasutamine, mis on varustatud tugev ja vastupidav vedrud, mis v\u00f5imaldab vedrudega mulgustamiseks kotti tagasil\u00f6\u00f6gi algasendisse p\u00e4rast iga streik. <\/li>\n<li> 360\u00b0 Reflex P\u00f6\u00f6rlev Pole: free-standing reflex mulgustamiseks kotti kaasas 360\u00b0 p\u00f6\u00f6rlev reflex pole, ideaalne koolitus reaktsioon, t\u00e4psust ja osavust. Paindlik 360-kraadi p\u00f6\u00f6rlev pole mitte ainult harjutusi k\u00e4e lihaseid ja aidsi kaalulangus, vaid ka parandab koordinatsiooni ja reaktsiooni kiirus. <\/li>\n<li> Reguleeritav K\u00f5rgus: saate h\u00f5lpsasti k\u00f5rguse reguleerimine \u00fcles-v\u00f5i allapoole tulla inimesed, erinevad k\u00f5rgused, tagades igale kasutajale saab mugavalt kasutada ning saavutada soovitud koolituse m\u00f5ju. Meie kiirus kott sobib teismelistele vanuses 14 ja eespool, noorte t\u00e4iskasvanute, t\u00e4iskasvanutele, meestele ja naistele tipptasemel poks koolitus. <\/li>\n<li> Suur ja Stabiilne iminapp Alus: Euroopa reflex koolitus punch kott kaasas \u00e4raveo tassid, mis kindlalt lisada, et maa, kaotades muret liikumist treeningu ajal. Baasi saab t\u00e4ita vee v\u00f5i liivaga, et s\u00e4ilitada stabiilsus. 6 \u00e4raveo tassi alt v\u00e4ltida p\u00f5randa kriimustuste ja tagada stabiilsus ajal poks. Toode on sobiv igale siledale pinnale. <\/li>\n<li> Mitme Koolituse Meetodid: treening punch set pakub erinevaid treeningmeetodeid, sealhulgas poks, kick koolitus, f\u00fc\u00fcsilise skulptuuri -, kiirus-koolitus, reaktsioon, koolitus, stressi leevendamiseks, ja ohutult ventileerimise pettumust. See aitab t\u00f5sta teie s\u00fcdame l\u00f6\u00f6gisageduse, saavutades seel\u00e4bi suurep\u00e4rane treening tulemusi. Kas sa oled algaja v\u00f5i sportlane, see n\u00e4eb, et erinevate kasutamise eesm\u00e4rgid. <\/li>\n<\/ul>","protected":false},"featured_media":310475,"comment_status":"closed","ping_status":"open","template":"","meta":{"om_disable_all_campaigns":false,"_uf_show_specific_survey":0,"_uf_disable_surveys":false},"location":[1935,1934],"product_brand":[21],"product_cat":[4137,4138,2378],"product_tag":[],"class_list":{"0":"post-44355","1":"product","2":"type-product","3":"status-publish","4":"has-post-thumbnail","6":"location-supplier_stock_location","7":"location-local_stock_location","8":"product_brand-vevor","9":"product_cat-boxing-equipment-sports-outdoors","10":"product_cat-punching-bag","11":"product_cat-sports-outdoors","13":"first","14":"instock","15":"taxable","16":"shipping-taxable","17":"purchasable","18":"product-type-simple"},"aioseo_notices":[],"locations":[{"id":1935,"name":"Pieg\u0101d\u0101t\u0101ja noliktav\u0101 (5-7dd)","slug":"supplier_stock_location","quantity":"113"},{"id":1934,"name":"R\u012bgas veikal\u0101 (0-2d.d.)","slug":"local_stock_location","quantity":"0"}],"_links":{"self":[{"href":"https:\/\/vevorshop.lv\/et\/wp-json\/wp\/v2\/product\/44355","targetHints":{"allow":["GET"]}}],"collection":[{"href":"https:\/\/vevorshop.lv\/et\/wp-json\/wp\/v2\/product"}],"about":[{"href":"https:\/\/vevorshop.lv\/et\/wp-json\/wp\/v2\/types\/product"}],"replies":[{"embeddable":true,"href":"https:\/\/vevorshop.lv\/et\/wp-json\/wp\/v2\/comments?post=44355"}],"wp:featuredmedia":[{"embeddable":true,"href":"https:\/\/vevorshop.lv\/et\/wp-json\/wp\/v2\/media\/310475"}],"wp:attachment":[{"href":"https:\/\/vevorshop.lv\/et\/wp-json\/wp\/v2\/media?parent=44355"}],"wp:term":[{"taxonomy":"location","embeddable":true,"href":"https:\/\/vevorshop.lv\/et\/wp-json\/wp\/v2\/location?post=44355"},{"taxonomy":"product_brand","embeddable":true,"href":"https:\/\/vevorshop.lv\/et\/wp-json\/wp\/v2\/product_brand?post=44355"},{"taxonomy":"product_cat","embeddable":true,"href":"https:\/\/vevorshop.lv\/et\/wp-json\/wp\/v2\/product_cat?post=44355"},{"taxonomy":"product_tag","embeddable":true,"href":"https:\/\/vevorshop.lv\/et\/wp-json\/wp\/v2\/product_tag?post=44355"}],"curies":[{"name":"wp","href":"https:\/\/api.w.org\/{rel}","templated":true}]}}