{"id":44497,"date":"2024-11-19T09:28:47","date_gmt":"2024-11-19T09:28:47","guid":{"rendered":"http:\/\/vevorshop.edigo.lv\/Prece\/vevor-single-tap-kegerator-tower-kit-kegerator-beer-tower-a-system-keg-coupler\/"},"modified":"2026-04-20T04:46:37","modified_gmt":"2026-04-20T01:46:37","slug":"vevor-single-tap-kegerator-tower-kit-kegerator-beer-tower-a-system-keg-coupler","status":"publish","type":"product","link":"https:\/\/vevorshop.lv\/et\/Prece\/vevor-uhe-kraani-kegeraatori-torni-komplekt-kegeraatori-olletorn-susteemi-tunni-sidur\/","title":{"rendered":"VEVOR \u00fche kraaniga kegeratoritorni komplekt W21.8 kahekordse manomeetri, A-s\u00fcsteemi \u00fchenduse ja tilgakandikuga, roostevaba teras, 1.5m voolik"},"content":{"rendered":"<div style=\"color: #fff!important; font-size: 16px; height: 24px; line-height: 24px; margin-top: -24px; \" class=\"product_original_name\">VEVOR Kegerator Toweri komplekt, \u00fche kraaniga \u00f5llekonversiooni komplekt, roostevabast terasest Keg \u00f5lletorni jaotur kahe r\u00f6\u00f6pmelaiusega W21.8 regulaatori ja A-s\u00fcsteemi keg-liitmikuga, \u00f5lle tilgaalus peokodu jaoks<\/div>\n<div style=\"color: #fff!important; font-size: 16px; height: 24px; line-height: 24px; margin-top: -24px; \" class=\"product_sku\">M4I4LKDA<\/div>\n<div style=\"color: #fff!important; font-size: 16px; height: 24px; line-height: 24px; margin-top: -24px; \" class=\"product_mpn\">LTJZSBDYQOHQXBPNVV0<\/div><div id=\"js-DM_at-goodDescRich\"><html><head><style>  body {    font-family: Arial;    line-height: 1.5;    color: #1c1c1c;    overflow-x: hidden;    margin: 0;    padding: 0;  }  .MsoNormal b {    font-weight: bolder;  }<\/style><style>  .container.small {    width: 970px;    margin: 0 auto;  }  .logo {    margin: 0 auto 0;  }  .logo img {    display: block;    margin: 0 auto;    max-width: 100%;  }  .logo .pc-banner {    display: block;    width: 1200px;    height: 247.4px;    margin: 0 auto;  }  .logo .pc-banner.small {    width: 970px;  }  .logo .pc-banner.small img {    height: auto!important;  }  .logo .m-banner {    display: none;  }  .ytvideo {    position: relative;    height: 546px;    width: 100%;    margin: 0 auto;  }  .ytvideo img {    width: 100%;    margin: 0 auto;  }  .ytvideo .play-btn {    width: 60px;    height: 42px;    position: absolute;    top: 50%;    left: 50%;    transform: translate(-50%, -50%);    background: url(\"data:image\/png;base64,iVBORw0KGgoAAAANSUhEUgAAAGQAAABGCAMAAAANWMFbAAAC+lBMVEUAAADBGB3kLCfBGB3kLCfcJC7BFx3KKSbiKybkLCbWJCPSIiLSIiLPICHAFx3kLCfgKSXNHiDZJiTIGx\/p4eHcjo7LHSDbJyTkLCbjKyfOHyHPIiL28fHJHB\/GGh7EGR7eKCXDGB3RISHlLSbBGB3AFxzGHB7DGB7BGB3hKybkKybAFx3lLCfAFxzDGR3hKibDGB7cJyTmz8\/elJTlwcHjurrUIyLlLSflLSfAFx3DGR7lLSfCFx3hKibhKibhKybjKybkLCblLSfbJSX49vbx7e3NNzjNMTLMJyjVIyLZf3\/ZQ0LaeHjx0tLgoqLkLCfCGB3HGx\/BGB3BFx3PICHCGB7WJCLOHyC\/Fxy\/Fx3lLCfQISHkLSe\/FxzbJiTBFx3FGx\/AGB7BFx3EGR7AGB3HHSDfKiXAFh3TISHYNzbhKibbJyTTIiL57e325+f039\/v2NjUV1fOHiHiqanfmprch4feKSXVIyPOICHmLibFGh\/mLSe\/Fx7XJCPeKSXXJSPNHyHaJyTGGh7lLCbmLCflLSjSIiLkLCbdKSXLHiC\/GB3KHh++Fh3lKyfoLiXcKCPkx8fYb2\/XaGfVXl3aU1LLHiDksbHgKibPICHbJyTfKSXbJyTCGB3KHSDiKybFGh7TIiL\/\/\/\/VIyPRISHIHB\/GGx\/HHB\/DGR7gKibdKCXLHiDZJiTMHiDNHyHYJSTOICHPICHWJCPcKCXXJSPjLCblLCf+\/f3NGR\/uLijzLynPGR\/IGB7WISHaIyLLGh7UAADxLynNAADRLzDbICLQAADIAAD3MCrUHSHXMTDpKSbLAADp5OTij4\/ejo\/VLy\/1LyngJSTcJCPQHx\/OHB7+\/PzaMS\/OLS\/vLijrLSjSAADaNTPwLyjkKSbNJCbYISHPHB\/KGB7WAAD7+vrn3d3aKynTKCjoLCfsKifRGh\/YAADq5+fhjo7QNDXXKCfmJyXt5+fTLzDLLi\/QKivYHRvMGBrQJCXLISPMExXLDxLaEAvkkI\/bOTfaFQ\/SCgpvLcnHAAAAmnRSTlMA+vv7+gT9Bvf9+8z8\/NSv\/Pr5+P7++vnQIBMP\/v38\/Pn348XDiCYf9OjbzcqxXVcx\/fz8+\/rj1r2poo1+fXFqX0orGP7+\/v7+\/fz8+\/r68uzn4trIxsG\/vri3p6GcmZSNbWVYUUZEPQv+\/f39+\/v7+\/v7+vr64tvV1NTTz87FtbSurqeblJKFg4B3bUY+NjL7+\/v7+\/v67t1cDo8JLQAABkRJREFUWMO0kz9rwkAYh0OIeJkum6YugUAhISCdKoj\/P4C7SMdS+gEKIhSKil10LSg4mzXkILdlEpxCpwTiWOLX6BujvQaEQuGeHLnL+\/64J+SIcKGYTYWnntpdLjrVdqvZmNdn0+EE40GtpuuWVS6Xx6N7YDSGpWXpeq02wHgynM7q80az1a52HpddtVcpsi1zFARBrdaxbhp9iUReTGmwA4KAAr7vx3EYejnCMI6hQYEgy0LQi4jUN0wL19vqFcUC9\/1dAKmEEFkWRYkh5oBejnxQJiSJPJ\/uKBp0Thszx9Mw8hMRIQjKsptCfuES9zr5WJY6vSFCIvE9fCMUmEM1A1kSXcYGxgVYsvI1IPKTZciSTI0us\/SMGG04gDzELDoFBwdcFJrF88dqgYMTiL6DILWYyfOWE8\/kIz38olCNlC03FK95+imxp6y4oUSvAnBjHHhKNtotSDqJzVFiK8c2SBqhZtsrTtgrLXwAyduxZHNE26eHUt5rtuM4WSmds3G+sUdWYo1L+XyxButoh5eKUHk5lByO3G1LqqCWVnfrv\/lyPtf\/4ps1cndNGIri8J1TJ0lx6dR\/oPjq1nbRwdp2dCk4CtIOLW3pVKRL6WZfS5vF2KkIQhpwSsjiYIgNCs1gEMGqiIq24NQX9NwoXFy8Ufrl3twTcg4fv8T9\/JBEySduj6Mjm4bMzYV7EEOxKjjoNDud7yY3Dy71Hq2oLmqfbNR723edH9PgMrNL2utoQ3VmaIDkiw\/4w51P06hlZsTZvkRrbVuSIs\/zwSOsycgzStQouoAkWQqioRT5XI7n2Z1wfVhoZmcAJLsoqjqpjbWCgpOAJXBwHK8PzWbNvoUZJND5wCnSkLAkZ1legx6vqQzjoiTahKlGUGLAiIIoABOHaNVw4sexZBym6\/HWlH5h3IC7yRbxtipcWxdTOkORKiNQAEkFf66x5S2oeRbroOlLgg0sSYkR0hRGEqJZ0jTPiQKatESdBckpWigxaapEH0lImHdWu9pUFF2XqMNM2Z4kped7IwEJw2qabwtrQqnpw6HyKkgcadKWsmpywwesDyIhYRpdzXddqegtGIJlXbAIUMOLkGxJUjRIkokwjUaX9d\/kK62ps\/tYUqZLIMkLTyBhsMZ3C5Z\/kDxOSCb\/DOs\/\/J0qcWSX\/2ipe56EgTCA4\/cB7NAYOsni4mZM1MUPAISoEwkDi4lhVBQ1cWQyIcwalw4EpqZN68JUSK7XC0kTlkLYii5uXSC8jT5ncCAS7mjCv0uHp\/3lueHEEAeQ\/\/VgmdN71\/2uCSA1Xr6DO6uI6sW56zqT2tp2PhgiRUAajV8CY2fkcz6WGNKMgLAt7tJAhD4YHMTeRxlALE6+43WqjSWi8ITxyJl8WrwWSNESQZZOqhDDntO3hJLsd5RtSpbJqdv3YrDJH3F7jL1R2O2aQkn2MyCyKYz0GPGIvSAMgBCrCEiJyKbBaYGwLW4uPRr0A0M4Ux5kUI7IBh+hMdiCEWNqhMZGyYMsOgNE58UQuEQeUnSWCMYwL54hkxK6IoqucQZbQ3pc3XtL0lky1dL0zZJJDpWJovFqpWj6JEHnyam2eQp5QRVAVHjWparTOaVwUOx99YS2MvgxIGV0bb+qIg2HX2qkFFJB+XZcbLiuRkuxD9GRroKyveLxdh4d7Orx+hb7qc3uVRuEogCOnyIxm4ubUoPgF4jianDrC+SDQDKEfJb0GUKmjCGPYHGJvVC6X4hw1\/sAfQAdfYyephIaspXe36RwOP+Ljvfx9B6B3i+Nk0DGq+oCbLn6JpBa9nWAveAIHwFAwtVcIJXPMPL8kRu5OAYPMaL1WScTxjiZDqB9LTJSWphow\/pTYKRTLjCBhvi9iBidvKcDasGSm0QQkycYuLBqj6QCELPctqChDWpTRMWkngNNpQ1Pfp1KkiT\/Y0DGffXAweUNfLAfaJFKDwhb6I+bkYRbkERoEeu3Fyjg2opMz2daZCS9jt6Q7txNfB+OZEVF6Zl5web2xunnLQrtrjXseXKaFYziYINeMFZVxS9VxRhOoesYwxPKXm+gWLG9cuFeq93UNNeJNsf1KlwuDok9n02n3TgIJpOxNfL9naIoQwXtfH9kjceTIIi709ncTg6LZbg+biLH1V6u\/7rxBem06VXKn9raAAAAAElFTkSuQmCC\")      no-repeat center center \/ contain;  }  @media screen and (max-width: 960px) and (orientation: portrait) {    .logo {      width: 100%;    }    .logo .pc-banner {      display: none;    }    .logo .m-banner {      display: block;      width: 100%;    }    .logo .m-banner img {      height: auto!important;    }    .ytvideo {      height: 200px;      width: 100%;    }  }<\/style><style>  .video-section {    width: 100%;    margin: 0 auto;  }  .video-section > img {    width: 100%;  }  .video-section iframe,  .video-section video {    width: 100%;    height: 100%;      }  .video-section-img-m,  .video-section-img-pc > img {    width: 100%;    height: auto;  }  .video-section-img-pc.small > img {    width: 970px;  }  .video-desc {    line-height: 1.5;    font-size: 20px;    font-weight: 400;    margin: 20px 0;    text-align: center;    color: #0f1111;    word-break: break-word;  }  @media screen and (max-width: 960px) and (orientation: portrait) {    .video-section {      width: 100%;    }    .video-section-pc,    .video-section-img-pc {      display: none;    }    .video-section-m,    .video-section-img-m {      display: block;    }    .video-desc {      font-size: 15px;    }  }  @media screen and (min-width: 960px) {    .video-section {      width: 100%;      margin: 0 auto;    }    .video-section-pc,    .video-section-img-pc {      display: block;    }    .video-section-m,    .video-section-img-m {      display: none;    }    .video-desc {      font-size: 20px;    }  }<\/style><style>  .section + .section {    margin-top: 35px;  }  .section-title {    text-align: center;    font-weight: bold;    color: #0d1111;    font-family: \"Arial\";    font-size: 32px;    margin: 15px 0;  }  .section-title:empty {    display: none;  }  .section-desc {    text-align: center;    font-weight: normal;    color: #0d1111;    margin-top: 20px;  }  .section-desc:empty {    display: none;  }  .section-img {    width: 1200px;    height: 492px;    margin: 0 auto;    display: block;  }  .section-img.small {    width: 970px;    height: auto;  }  .section-img.small > img {    height: auto;  }  .section-img > img {    width: 100%;    height: 100%;  }  .section-mobile-img {    display: none;    max-width: 100vw;    max-height: 75vw;    height: 450px;    margin: 0 auto;  }  .section-mobile-img > img {    width: 100%;    height: 100%;  }  @media screen and (max-width: 960px) and (orientation: portrait) {    .container {      width: 100%;    }    .container.small {      width: 100%;    }    .section-mobile-img {      display: block;    }    .section-img {      display: none;    }    .section-title {      font-size: 22px;      margin: 10px 0;    }    .section-desc {      margin-top: 10px;    }    .section + .section {      margin-top: 20px;    }  }<\/style><\/head><body><div class=\"container\"><div class=\"logo\"><div class=\"pc-banner\"><div><img decoding=\"async\" src=\"\/vevor\/vevor\/boutique-banner\/pc\/en-pc@1x.jpg\" style=\"width: 100%;\" \/><\/div><\/div><div class=\"m-banner\"><div><img decoding=\"async\" src=\"\/vevor\/vevor\/boutique-banner\/mobile\/en-m@1x.jpg\" style=\"width: 100%;\" \/><\/div><\/div><\/div><div class=\"section-title\">VEVOR \u00dche Puuduta Kegerator Tower Kit - Nautida V\u00e4rsket \u00d5lut Igal ajal<\/div><div class=\"video-section\"><div class=\"video-section-img-pc\"><img decoding=\"async\" src=\"\/vevor\/product\/LTJZSBDYQOHQXBPNV\/kegerator-tower-kit-a100-1.4.jpg\" \/><\/div><div class=\"video-section-img-m\"><img decoding=\"async\" src=\"\/vevor\/product\/LTJZSBDYQOHQXBPNV\/kegerator-tower-kit-a100-1.4-m.jpg\" \/><\/div><div class=\"section-desc\">T\u00f5sta oma joogi serveerimiseks kogemus VEVOR \u00fche kraan eeln\u00f5u, \u00f5lu torn dosaatori. Featuring isesulguvad puuduta kevadel, kahesuguse r\u00f6\u00f6pmelaiusega W21.8 regulaator, A-s\u00fcsteemi t\u00fcnn koppel, roostevabast terasest veerus ja kroomitud tahke messingist \u00f5lu segistid, tagatud on optimaalne v\u00e4rskus ja maitse.<\/div><\/div><div class=\"section\"><div class=\"section-title\"><\/div><div class=\"section-img\"><img decoding=\"async\" src=\"\/vevor\/product\/LTJZSBDYQOHQXBPNV\/kegerator-tower-kit-a100-2.2.jpg\" \/><\/div><div class=\"section-mobile-img\"><img decoding=\"async\" src=\"\/vevor\/product\/LTJZSBDYQOHQXBPNV\/kegerator-tower-kit-a100-2.2-m.jpg\" \/><\/div><div class=\"section-desc\">VEVOR kegerator tower kit koos-s\u00fcsteemi t\u00fcnn koppel teenib erinevaid jooke, featuring 8mm sise-isolatsioon on vaht, mis minimeerib m\u00f5ju v\u00e4liseid temperatuuridel, tagades jooke, nagu \u00f5lu, kombucha ja sooda-vee j\u00e4\u00e4ma ideaalne temperatuur t\u00e4iusliku maitse.<\/div><\/div><div class=\"section\"><div class=\"section-title\"><\/div><div class=\"section-img\"><img decoding=\"async\" src=\"\/vevor\/product\/LTJZSBDYQOHQXBPNV\/kegerator-tower-kit-a100-2.3.jpg\" \/><\/div><div class=\"section-mobile-img\"><img decoding=\"async\" src=\"\/vevor\/product\/LTJZSBDYQOHQXBPNV\/kegerator-tower-kit-a100-2.3-m.jpg\" \/><\/div><div class=\"section-desc\">T\u00fcnn \u00f5lut tower veerus uhke roostevabast terasest konstruktsioon, mida t\u00e4iendab kroomitud messing \u00f5lle kraani 304 roostevabast terasest s\u00fcdamikuga, tagades vastupidavuse ja vastupanu rooste ja korrosiooni eest. Tema elegantne v\u00e4limus teeb sellest ideaalse lisaks kodu -, restorani -, baari-ja kogunemised.<\/div><\/div><div class=\"section\"><div class=\"section-title\"><\/div><div class=\"section-img\"><img decoding=\"async\" src=\"\/vevor\/product\/LTJZSBDYQOHQXBPNV\/kegerator-tower-kit-a100-2.4.jpg\" \/><\/div><div class=\"section-mobile-img\"><img decoding=\"async\" src=\"\/vevor\/product\/LTJZSBDYQOHQXBPNV\/kegerator-tower-kit-a100-2.4-m.jpg\" \/><\/div><div class=\"section-desc\">5FT PVC serveerimiseks voolik pakub suurep\u00e4rast tihendi ilma l\u00f5hna, samas t\u00e4iendatud ventiili s\u00fcdamik v\u00e4hendab \u00f5lle m\u00f5ju autentse maitse. Selle vooliku klamber tagab pingeline seoses t\u00fcnn koppel, et v\u00e4ltida lekkeid, mis v\u00f5imaldab kiire ja elegantne \u00f5lle serveerimiseks.<\/div><\/div><div class=\"section\"><div class=\"section-title\"><\/div><div class=\"section-img\"><img decoding=\"async\" src=\"\/vevor\/product\/LTJZSBDYQOHQXBPNV\/kegerator-tower-kit-a100-2.5.jpg\" \/><\/div><div class=\"section-mobile-img\"><img decoding=\"async\" src=\"\/vevor\/product\/LTJZSBDYQOHQXBPNV\/kegerator-tower-kit-a100-2.5-m.jpg\" \/><\/div><div class=\"section-desc\">Seadistamine on meie eelnevalt kokkupandud \u00f5llesarja ja kraanivarrega imelihtne. Lisaks oleme lisanud segisti katte ja harja pingutuseta puhastamiseks ja hooldamiseks. Kegeraatoritorni komplektiga on kaasas ka \u00f5lle tilgutialus, et koguda liigseid jooke, hoides teie ruumi puhta ja korras.<\/div><\/div><div class=\"section\"><div class=\"section-img\"><img decoding=\"async\" src=\"\/vevor\/product\/LTJZSBDYQOHQXBPNV\/kegerator-tower-kit-a100-1.11.jpg\" \/><\/div><div class=\"section-mobile-img\"><img decoding=\"async\" src=\"\/vevor\/product\/LTJZSBDYQOHQXBPNV\/kegerator-tower-kit-a100-1.11-m.jpg\" \/><\/div><\/div><\/div><\/body><\/html><\/div>\n<div class=\"DM_at-title\" id=\"js-DM_at-title\"> <div>Toote spetsifikatsioon<\/div> <i class=\"icon-arrowup_line\"><\/i> <\/div><div class=\"DM_at-goodsDescAttr\" id=\"js-DM_at-goodsDescAttr\"> <div class=\"DM_at-goodsDescAttrInner\"> <dl class=\"goodsDesc_item goodsDesc_item_even\"> <dt>Punkt Mudeli Number<\/dt> <dd> 1TJZQBFPQGZDSP-A-EL<\/dd> <\/dl> <dl class=\"goodsDesc_item\"> <dt>Esmane Konfigureerimine<\/dt> <dd> \u00dche Puuduta Kraan<\/dd> <\/dl> <dl class=\"goodsDesc_item goodsDesc_item_even\"> <dt>T\u00fcnn Koppel<\/dt> <dd> S\u00fcsteemi T\u00fcnn Koppel<\/dd> <\/dl> <dl class=\"goodsDesc_item\"> <dt>Gaasi Regulaator<\/dt> <dd> W21.8 Regulaator<\/dd> <\/dl> <dl class=\"goodsDesc_item goodsDesc_item_even\"> <dt>Toote M\u00f5\u00f5tmed<\/dt> <dd> 6.89 x 4.53 x 17.13 in \/ 175 x 115 x 435 mm<\/dd> <\/dl> <dl class=\"goodsDesc_item\"> <dt>Neto Kaal<\/dt> <dd> 9.92 lbs \/ 4,5 kg<\/dd> <\/dl> <\/div> <\/div>","protected":false},"excerpt":{"rendered":"<ul>\n<li> \u00dche Kraan \u00d5lu Torn: Meisterdatud lisatasu 304 roostevabast terasest, VEVOR \u00fche puuduta \u00f5lu torn pakub erakordne vastupidavus ja t\u00f6\u00f6kindlus, mis on ideaalne nii \u00e4ri-kui ka kodus kegerators. See kegerator tower komplekt sisaldab 5ft \u00f5lu torud, 1-s\u00fcsteem t\u00fcnn koppel, 1 kahesuguse r\u00f6\u00f6pmelaiusega W21.8 regulaator, 1 \u00f5lu sahtel, 1 puudutage mutriv\u00f5ti, 1 puhastushari, 1 kraan kate, ja komplekti kokkupanek tarvikud. <\/li>\n<li> Kahe r\u00f6\u00f6pmelaiusega regulaator ja s\u00fcsteemi keg-\u00fchendus: meie t\u00e4iustatud W21.8 regulaatoril on kaks manomeetrit: \u00fclemine m\u00f5\u00f5tur n\u00e4itab t\u00e4pselt v\u00e4ljundr\u00f5hku, samas kui k\u00fclgm\u00f5\u00f5tur kuvab paagis \u00fclej\u00e4\u00e4nud gaasi. A-s\u00fcsteemi t\u00fcnni\u00fchendus, mis \u00fchildub enamiku A-s\u00fcsteemi t\u00fcnnidega, on t\u00f6\u00f6kindla j\u00f5udluse tagamiseks vastupidav kroomitud messingist korpus ja roostevabast terasest s\u00fcdamik. <\/li>\n<li> Tahke \u00d5lu Sahtel: Ei lekkinud, ei ole vaeva \u2013 VEVOR kegerator tower komplekt on varustatud ka \u00f5lle sahtel, t\u00f5husalt p\u00fc\u00fcdmine kraan tilgub ja liigne vedelik puhta countertop. Valmistatud tervislikku toitu-klassi 304 roostevabast terasest poleeritud viimistlus, see on vastupidav ja lihtne puhastada eemaldatav kate. <\/li>\n<li> Isesulguvad Kraan Kevadel: h\u00fcvasti reostust ja j\u00e4\u00e4tmeid! VEVOR \u00fche kraan eeln\u00f5u, \u00f5lu torn kamber on l\u00e4bim\u00f5eldud roostevabast terasest isesulguvad puuduta kevadel. Kui te kogemata puudutada puuduta k\u00e4idelda ja avada kraan, sel kevadel tagasil\u00f6\u00f6gi kohe, sulgeda kraan snap. Enam jama, enam raisata keeta!  <\/li>\n<li> Hoidke See V\u00e4rske, L\u00f5hnama Iga Maitse: Vastavalt 8mm paks soojustamine vaht, see \u00fche puuduta kegerator \u00f5lu torn dispenser s\u00e4ilitab optimaalse soojusisolatsiooni, hoides iga valatakse jook, v\u00e4rske ja jahe. Kaugemale \u00f5lu, see on ideaalne teenindavad up kombucha, sooda, vesi, ja muud gaseeritud joogid, t\u00e4iuslik pulm, pidu, baar, ja kaugemale. <\/li>\n<\/ul>","protected":false},"featured_media":310687,"comment_status":"closed","ping_status":"open","template":"","meta":{"om_disable_all_campaigns":false,"_monsterinsights_skip_tracking":false,"_monsterinsights_sitenote_active":false,"_monsterinsights_sitenote_note":"","_monsterinsights_sitenote_category":0,"_uf_show_specific_survey":0,"_uf_disable_surveys":false},"location":[1935,1934],"product_brand":[21],"product_cat":[2445,3714,4102,4101,4103],"product_tag":[],"class_list":{"0":"post-44497","1":"product","2":"type-product","3":"status-publish","4":"has-post-thumbnail","6":"location-supplier_stock_location","7":"location-local_stock_location","8":"product_brand-vevor","9":"product_cat-appliances","10":"product_cat-beverage-coolers","11":"product_cat-kegerator-key-dispenser","12":"product_cat-kegerators","13":"product_cat-vertical-kegerator-key-dispenser","15":"first","16":"instock","17":"taxable","18":"shipping-taxable","19":"purchasable","20":"product-type-simple"},"aioseo_notices":[],"jetpack_sharing_enabled":true,"locations":[{"id":1935,"name":"Pieg\u0101d\u0101t\u0101ja noliktav\u0101 (5-7dd)","slug":"supplier_stock_location","quantity":"7"},{"id":1934,"name":"R\u012bgas veikal\u0101 (0-2d.d.)","slug":"local_stock_location","quantity":"0"}],"_links":{"self":[{"href":"https:\/\/vevorshop.lv\/et\/wp-json\/wp\/v2\/product\/44497","targetHints":{"allow":["GET"]}}],"collection":[{"href":"https:\/\/vevorshop.lv\/et\/wp-json\/wp\/v2\/product"}],"about":[{"href":"https:\/\/vevorshop.lv\/et\/wp-json\/wp\/v2\/types\/product"}],"replies":[{"embeddable":true,"href":"https:\/\/vevorshop.lv\/et\/wp-json\/wp\/v2\/comments?post=44497"}],"wp:featuredmedia":[{"embeddable":true,"href":"https:\/\/vevorshop.lv\/et\/wp-json\/wp\/v2\/media\/310687"}],"wp:attachment":[{"href":"https:\/\/vevorshop.lv\/et\/wp-json\/wp\/v2\/media?parent=44497"}],"wp:term":[{"taxonomy":"location","embeddable":true,"href":"https:\/\/vevorshop.lv\/et\/wp-json\/wp\/v2\/location?post=44497"},{"taxonomy":"product_brand","embeddable":true,"href":"https:\/\/vevorshop.lv\/et\/wp-json\/wp\/v2\/product_brand?post=44497"},{"taxonomy":"product_cat","embeddable":true,"href":"https:\/\/vevorshop.lv\/et\/wp-json\/wp\/v2\/product_cat?post=44497"},{"taxonomy":"product_tag","embeddable":true,"href":"https:\/\/vevorshop.lv\/et\/wp-json\/wp\/v2\/product_tag?post=44497"}],"curies":[{"name":"wp","href":"https:\/\/api.w.org\/{rel}","templated":true}]}}