{"id":44600,"date":"2024-11-19T09:33:40","date_gmt":"2024-11-19T09:33:40","guid":{"rendered":"http:\/\/vevorshop.edigo.lv\/Prece\/vevor-carpet-tiles-reusable-20x-20carpet-squares-with-padding-attached-soft-padded-carpet-tiles-easy-install-diy-for-bedroom-living-room-12tiles-mixed-brown\/"},"modified":"2026-04-20T04:45:51","modified_gmt":"2026-04-20T01:45:51","slug":"vevor-carpet-tiles-reusable-20x-20carpet-squares-with-padding-attached-soft-padded-carpet-tiles-easy-install-diy-for-bedroom-living-room-12tiles-mixed-brown","status":"publish","type":"product","link":"https:\/\/vevorshop.lv\/et\/Prece\/vevor-vaibaplaadid-korduvkasutatavad-20-x-20-vaibaruutu-polsterdusega-kinnitatud-pehmed-polsterdatud-vaibaplaadid-lihtne-paigaldada-diy-magamistoa-elutuppa-12-plaati-segatud-pruun\/","title":{"rendered":"VEVOR Taaskasutatavad vaibaplaadid 50x50cm, 12 pehmet polsterdatud moodulruutu liimiga, lihtne paigaldus, segapruun, 3.06m\u00b2"},"content":{"rendered":"<div style=\"color: #fff!important; font-size: 16px; height: 24px; line-height: 24px; margin-top: -24px; \" class=\"product_original_name\">VEVOR vaibaplaadid Korduvkasutatavad, 20 \"x 20\" polsterdatud polsterdusega vaibaruudud, pehmed polsterdatud vaibaplaadid, lihtne paigaldada isetegemine magamistoa elutuppa (12 plaati, segatud pruun)<\/div>\n<div style=\"color: #fff!important; font-size: 16px; height: 24px; line-height: 24px; margin-top: -24px; \" class=\"product_sku\">M4I4LKID<\/div>\n<div style=\"color: #fff!important; font-size: 16px; height: 24px; line-height: 24px; margin-top: -24px; \" class=\"product_mpn\">KCXFKDT2020YPI6HYV0<\/div><div id=\"js-DM_at-goodDescRich\"><html><head><style>  body {    font-family: Arial;    line-height: 1.5;    color: #1c1c1c;    overflow-x: hidden;    margin: 0;    padding: 0;  }  .MsoNormal b {    font-weight: bolder;  }<\/style><style>  .container.small {    width: 970px;    margin: 0 auto;  }  .logo {    margin: 0 auto 0;  }  .logo img {    display: block;    margin: 0 auto;    max-width: 100%;  }  .logo .pc-banner {    display: block;    width: 1200px;    height: 247.4px;    margin: 0 auto;  }  .logo .pc-banner.small {    width: 970px;  }  .logo .pc-banner.small img {    height: auto!important;  }  .logo .m-banner {    display: none;  }  .ytvideo {    position: relative;    height: 546px;    width: 100%;    margin: 0 auto;  }  .ytvideo img {    width: 100%;    margin: 0 auto;  }  .ytvideo .play-btn {    width: 60px;    height: 42px;    position: absolute;    top: 50%;    left: 50%;    transform: translate(-50%, -50%);    background: url(\"data:image\/png;base64,iVBORw0KGgoAAAANSUhEUgAAAGQAAABGCAMAAAANWMFbAAAC+lBMVEUAAADBGB3kLCfBGB3kLCfcJC7BFx3KKSbiKybkLCbWJCPSIiLSIiLPICHAFx3kLCfgKSXNHiDZJiTIGx\/p4eHcjo7LHSDbJyTkLCbjKyfOHyHPIiL28fHJHB\/GGh7EGR7eKCXDGB3RISHlLSbBGB3AFxzGHB7DGB7BGB3hKybkKybAFx3lLCfAFxzDGR3hKibDGB7cJyTmz8\/elJTlwcHjurrUIyLlLSflLSfAFx3DGR7lLSfCFx3hKibhKibhKybjKybkLCblLSfbJSX49vbx7e3NNzjNMTLMJyjVIyLZf3\/ZQ0LaeHjx0tLgoqLkLCfCGB3HGx\/BGB3BFx3PICHCGB7WJCLOHyC\/Fxy\/Fx3lLCfQISHkLSe\/FxzbJiTBFx3FGx\/AGB7BFx3EGR7AGB3HHSDfKiXAFh3TISHYNzbhKibbJyTTIiL57e325+f039\/v2NjUV1fOHiHiqanfmprch4feKSXVIyPOICHmLibFGh\/mLSe\/Fx7XJCPeKSXXJSPNHyHaJyTGGh7lLCbmLCflLSjSIiLkLCbdKSXLHiC\/GB3KHh++Fh3lKyfoLiXcKCPkx8fYb2\/XaGfVXl3aU1LLHiDksbHgKibPICHbJyTfKSXbJyTCGB3KHSDiKybFGh7TIiL\/\/\/\/VIyPRISHIHB\/GGx\/HHB\/DGR7gKibdKCXLHiDZJiTMHiDNHyHYJSTOICHPICHWJCPcKCXXJSPjLCblLCf+\/f3NGR\/uLijzLynPGR\/IGB7WISHaIyLLGh7UAADxLynNAADRLzDbICLQAADIAAD3MCrUHSHXMTDpKSbLAADp5OTij4\/ejo\/VLy\/1LyngJSTcJCPQHx\/OHB7+\/PzaMS\/OLS\/vLijrLSjSAADaNTPwLyjkKSbNJCbYISHPHB\/KGB7WAAD7+vrn3d3aKynTKCjoLCfsKifRGh\/YAADq5+fhjo7QNDXXKCfmJyXt5+fTLzDLLi\/QKivYHRvMGBrQJCXLISPMExXLDxLaEAvkkI\/bOTfaFQ\/SCgpvLcnHAAAAmnRSTlMA+vv7+gT9Bvf9+8z8\/NSv\/Pr5+P7++vnQIBMP\/v38\/Pn348XDiCYf9OjbzcqxXVcx\/fz8+\/rj1r2poo1+fXFqX0orGP7+\/v7+\/fz8+\/r68uzn4trIxsG\/vri3p6GcmZSNbWVYUUZEPQv+\/f39+\/v7+\/v7+vr64tvV1NTTz87FtbSurqeblJKFg4B3bUY+NjL7+\/v7+\/v67t1cDo8JLQAABkRJREFUWMO0kz9rwkAYh0OIeJkum6YugUAhISCdKoj\/P4C7SMdS+gEKIhSKil10LSg4mzXkILdlEpxCpwTiWOLX6BujvQaEQuGeHLnL+\/64J+SIcKGYTYWnntpdLjrVdqvZmNdn0+EE40GtpuuWVS6Xx6N7YDSGpWXpeq02wHgynM7q80az1a52HpddtVcpsi1zFARBrdaxbhp9iUReTGmwA4KAAr7vx3EYejnCMI6hQYEgy0LQi4jUN0wL19vqFcUC9\/1dAKmEEFkWRYkh5oBejnxQJiSJPJ\/uKBp0Thszx9Mw8hMRIQjKsptCfuES9zr5WJY6vSFCIvE9fCMUmEM1A1kSXcYGxgVYsvI1IPKTZciSTI0us\/SMGG04gDzELDoFBwdcFJrF88dqgYMTiL6DILWYyfOWE8\/kIz38olCNlC03FK95+imxp6y4oUSvAnBjHHhKNtotSDqJzVFiK8c2SBqhZtsrTtgrLXwAyduxZHNE26eHUt5rtuM4WSmds3G+sUdWYo1L+XyxButoh5eKUHk5lByO3G1LqqCWVnfrv\/lyPtf\/4ps1cndNGIri8J1TJ0lx6dR\/oPjq1nbRwdp2dCk4CtIOLW3pVKRL6WZfS5vF2KkIQhpwSsjiYIgNCs1gEMGqiIq24NQX9NwoXFy8Ufrl3twTcg4fv8T9\/JBEySduj6Mjm4bMzYV7EEOxKjjoNDud7yY3Dy71Hq2oLmqfbNR723edH9PgMrNL2utoQ3VmaIDkiw\/4w51P06hlZsTZvkRrbVuSIs\/zwSOsycgzStQouoAkWQqioRT5XI7n2Z1wfVhoZmcAJLsoqjqpjbWCgpOAJXBwHK8PzWbNvoUZJND5wCnSkLAkZ1legx6vqQzjoiTahKlGUGLAiIIoABOHaNVw4sexZBym6\/HWlH5h3IC7yRbxtipcWxdTOkORKiNQAEkFf66x5S2oeRbroOlLgg0sSYkR0hRGEqJZ0jTPiQKatESdBckpWigxaapEH0lImHdWu9pUFF2XqMNM2Z4kped7IwEJw2qabwtrQqnpw6HyKkgcadKWsmpywwesDyIhYRpdzXddqegtGIJlXbAIUMOLkGxJUjRIkokwjUaX9d\/kK62ps\/tYUqZLIMkLTyBhsMZ3C5Z\/kDxOSCb\/DOs\/\/J0qcWSX\/2ipe56EgTCA4\/cB7NAYOsni4mZM1MUPAISoEwkDi4lhVBQ1cWQyIcwalw4EpqZN68JUSK7XC0kTlkLYii5uXSC8jT5ncCAS7mjCv0uHp\/3lueHEEAeQ\/\/VgmdN71\/2uCSA1Xr6DO6uI6sW56zqT2tp2PhgiRUAajV8CY2fkcz6WGNKMgLAt7tJAhD4YHMTeRxlALE6+43WqjSWi8ITxyJl8WrwWSNESQZZOqhDDntO3hJLsd5RtSpbJqdv3YrDJH3F7jL1R2O2aQkn2MyCyKYz0GPGIvSAMgBCrCEiJyKbBaYGwLW4uPRr0A0M4Ux5kUI7IBh+hMdiCEWNqhMZGyYMsOgNE58UQuEQeUnSWCMYwL54hkxK6IoqucQZbQ3pc3XtL0lky1dL0zZJJDpWJovFqpWj6JEHnyam2eQp5QRVAVHjWparTOaVwUOx99YS2MvgxIGV0bb+qIg2HX2qkFFJB+XZcbLiuRkuxD9GRroKyveLxdh4d7Orx+hb7qc3uVRuEogCOnyIxm4ubUoPgF4jianDrC+SDQDKEfJb0GUKmjCGPYHGJvVC6X4hw1\/sAfQAdfYyephIaspXe36RwOP+Ljvfx9B6B3i+Nk0DGq+oCbLn6JpBa9nWAveAIHwFAwtVcIJXPMPL8kRu5OAYPMaL1WScTxjiZDqB9LTJSWphow\/pTYKRTLjCBhvi9iBidvKcDasGSm0QQkycYuLBqj6QCELPctqChDWpTRMWkngNNpQ1Pfp1KkiT\/Y0DGffXAweUNfLAfaJFKDwhb6I+bkYRbkERoEeu3Fyjg2opMz2daZCS9jt6Q7txNfB+OZEVF6Zl5web2xunnLQrtrjXseXKaFYziYINeMFZVxS9VxRhOoesYwxPKXm+gWLG9cuFeq93UNNeJNsf1KlwuDok9n02n3TgIJpOxNfL9naIoQwXtfH9kjceTIIi709ncTg6LZbg+biLH1V6u\/7rxBem06VXKn9raAAAAAElFTkSuQmCC\")      no-repeat center center \/ contain;  }  @media screen and (max-width: 960px) and (orientation: portrait) {    .logo {      width: 100%;    }    .logo .pc-banner {      display: none;    }    .logo .m-banner {      display: block;      width: 100%;    }    .logo .m-banner img {      height: auto!important;    }    .ytvideo {      height: 200px;      width: 100%;    }  }<\/style><style>  .video-section {    width: 100%;    margin: 0 auto;  }  .video-section > img {    width: 100%;  }  .video-section iframe,  .video-section video {    width: 100%;    height: 100%;      }  .video-section-img-m,  .video-section-img-pc > img {    width: 100%;    height: auto;  }  .video-section-img-pc.small > img {    width: 970px;  }  .video-desc {    line-height: 1.5;    font-size: 20px;    font-weight: 400;    margin: 20px 0;    text-align: center;    color: #0f1111;    word-break: break-word;  }  @media screen and (max-width: 960px) and (orientation: portrait) {    .video-section {      width: 100%;    }    .video-section-pc,    .video-section-img-pc {      display: none;    }    .video-section-m,    .video-section-img-m {      display: block;    }    .video-desc {      font-size: 15px;    }  }  @media screen and (min-width: 960px) {    .video-section {      width: 100%;      margin: 0 auto;    }    .video-section-pc,    .video-section-img-pc {      display: block;    }    .video-section-m,    .video-section-img-m {      display: none;    }    .video-desc {      font-size: 20px;    }  }<\/style><style>  .section + .section {    margin-top: 35px;  }  .section-title {    text-align: center;    font-weight: bold;    color: #0d1111;    font-family: \"Arial\";    font-size: 32px;    margin: 15px 0;  }  .section-title:empty {    display: none;  }  .section-desc {    text-align: center;    font-weight: normal;    color: #0d1111;    margin-top: 20px;  }  .section-desc:empty {    display: none;  }  .section-img {    width: 1200px;    height: 492px;    margin: 0 auto;    display: block;  }  .section-img.small {    width: 970px;    height: auto;  }  .section-img.small > img {    height: auto;  }  .section-img > img {    width: 100%;    height: 100%;  }  .section-mobile-img {    display: none;    max-width: 100vw;    max-height: 75vw;    height: 450px;    margin: 0 auto;  }  .section-mobile-img > img {    width: 100%;    height: 100%;  }  @media screen and (max-width: 960px) and (orientation: portrait) {    .container {      width: 100%;    }    .container.small {      width: 100%;    }    .section-mobile-img {      display: block;    }    .section-img {      display: none;    }    .section-title {      font-size: 22px;      margin: 10px 0;    }    .section-desc {      margin-top: 10px;    }    .section + .section {      margin-top: 20px;    }  }<\/style><\/head><body><div class=\"container\"><div class=\"logo\"><div class=\"pc-banner\"><div><img decoding=\"async\" src=\"\/vevor\/vevor\/boutique-banner\/pc\/en-pc@1x.jpg\" style=\"width: 100%;\" \/><\/div><\/div><div class=\"m-banner\"><div><img decoding=\"async\" src=\"\/vevor\/vevor\/boutique-banner\/mobile\/en-m@1x.jpg\" style=\"width: 100%;\" \/><\/div><\/div><\/div><div class=\"section-title\">Modulaarne Vaip: Lihtne, mugav, l\u00f5putud stiilis.<\/div><div class=\"video-section\"><div class=\"video-section-img-pc\"><img decoding=\"async\" src=\"\/vevor\/product\/KCXFKDT2020YPI6HY\/carpet-tiles-a100-1.4.jpg\" alt=\"VEVOR carpet plaadid on paigaldatud erinevatele pindadele, sobib kontorid, magamistoad ja elutoad\" \/><\/div><div class=\"video-section-img-m\"><img decoding=\"async\" src=\"\/vevor\/product\/KCXFKDT2020YPI6HY\/carpet-tiles-a100-1.4-m.jpg\" alt=\"VEVOR carpet plaadid on paigaldatud erinevatele pindadele, sobib kontorid, magamistoad ja elutoad\" \/><\/div><div class=\"section-desc\">See modulaarne vaip on uskumatult mitmek\u00fclgne, sisaldades l\u00fchike kuhja pind, mida on kerge hooldada. Ei sisalda liimi on vaja, mis v\u00f5imaldab kiusame tasuta asendamine kahjustatud plaadid. See suurendab soojust, v\u00e4hendab m\u00fcra, padjad ja kaitsemeetmed raske p\u00f5randad.<\/div><\/div><div class=\"section\"><div class=\"section-title\"><\/div><div class=\"section-img\"><img decoding=\"async\" src=\"\/vevor\/product\/KCXFKDT2020YPI6HY\/carpet-tiles-a100-2.2.jpg\" alt=\"VEVOR vaip kahhelkivide hubane elutuba bee\u017e m\u00f6\u00f6bel, tutvustada pehme l\u00fchikese pakk ja kihiline struktuur.\" \/><\/div><div class=\"section-mobile-img\"><img decoding=\"async\" src=\"\/vevor\/product\/KCXFKDT2020YPI6HY\/carpet-tiles-a100-2.2-m.jpg\" alt=\"VEVOR vaip kahhelkivide hubane elutuba bee\u017e m\u00f6\u00f6bel, tutvustada pehme l\u00fchikese pakk ja kihiline struktuur.\" \/><\/div><div class=\"section-desc\">See vaip leiab laialdast kasutamist erinevates seaded, lisades, soojust ja mugavust siseruumides, v\u00e4hendades samal ajal m\u00fcra ja andes cushioning, kaitstes raske pealispindade.<\/div><\/div><div class=\"section\"><div class=\"section-title\"><\/div><div class=\"section-img\"><img decoding=\"async\" src=\"\/vevor\/product\/KCXFKDT2020YPI6HY\/carpet-tiles-a100-2.3.jpg\" alt=\"l\u00f5ikamine ja kokkupanek VEVOR vaip kahhelkivide kergust, mingit raskust nurgad ja servad.\" \/><\/div><div class=\"section-mobile-img\"><img decoding=\"async\" src=\"\/vevor\/product\/KCXFKDT2020YPI6HY\/carpet-tiles-a100-2.3-m.jpg\" alt=\"l\u00f5ikamine ja kokkupanek VEVOR vaip kahhelkivide kergust, mingit raskust nurgad ja servad.\" \/><\/div><div class=\"section-desc\">Meisterdatud lisatasu materjalid, see modulaarne vaip pakub pehme, palus kuhja, mis on \u00f5rn nahale, mist\u00f5ttu on ohutu lapsed ja lemmikloomad roomata ja m\u00e4ngida.<\/div><\/div><div class=\"section\"><div class=\"section-title\"><\/div><div class=\"section-img\"><img decoding=\"async\" src=\"\/vevor\/product\/KCXFKDT2020YPI6HY\/carpet-tiles-a100-2.4.jpg\" alt=\"puhastus VEVOR vaip kahhelkivide k\u00f5rge-surve puhtamaks ja vaakum; l\u00fchike kuhi, mida on kerge hooldada.\" \/><\/div><div class=\"section-mobile-img\"><img decoding=\"async\" src=\"\/vevor\/product\/KCXFKDT2020YPI6HY\/carpet-tiles-a100-2.4-m.jpg\" alt=\"puhastus VEVOR vaip kahhelkivide k\u00f5rge-surve puhtamaks ja vaakum; l\u00fchike kuhi, mida on kerge hooldada.\" \/><\/div><div class=\"section-desc\">Lihtsalt trim see vaip sobi \u00fchegi nurga v\u00f5i ebaregulaarne ruumi oma kodus, k\u00f5rvaldades vajadust tegeleda ebamugav v\u00f5i ebatasastel aladel, tagades t\u00e4ielikult vaipkattega vaadata kogu oma kodu.<\/div><\/div><div class=\"section\"><div class=\"section-title\"><\/div><div class=\"section-img\"><img decoding=\"async\" src=\"\/vevor\/product\/KCXFKDT2020YPI6HY\/carpet-tiles-a100-2.5.jpg\" alt=\"VEVOR vaip kahhelkivide kontoris seade, n\u00e4idates, m\u00fcra v\u00e4hendamise ja heli neeldumise kasu.\" \/><\/div><div class=\"section-mobile-img\"><img decoding=\"async\" src=\"\/vevor\/product\/KCXFKDT2020YPI6HY\/carpet-tiles-a100-2.5-m.jpg\" alt=\"VEVOR vaip kahhelkivide kontoris seade, n\u00e4idates, m\u00fcra v\u00e4hendamise ja heli neeldumise kasu.\" \/><\/div><div class=\"section-desc\">L\u00fchikese kuhja pind resistid, mis on mustus ja mustuse kogunemist ja on lihtne puhastada tolmuimeja v\u00f5i niiske lapiga. V\u00e4ltida pesemist on see pesumasin et v\u00e4ltida liimi toetus kaotab oma adhesiveness.<\/div><\/div><div class=\"section\"><div class=\"section-img\"><img decoding=\"async\" src=\"\/vevor\/product\/KCXFKDT2020YPI6HY\/carpet-tiles-a100-1.11.jpg\" alt=\"VEVOR vaip kahhelkivide, viini 01, 20&#034;x20&#034;, segatud pruun, 12tk, 7mm paks, 1000 g\/tk, 27.6 lb net kaal.\" \/><\/div><div class=\"section-mobile-img\"><img decoding=\"async\" src=\"\/vevor\/product\/KCXFKDT2020YPI6HY\/carpet-tiles-a100-1.11-m.jpg\" alt=\"VEVOR vaip kahhelkivide, viini 01, 20&#034;x20&#034;, segatud pruun, 12tk, 7mm paks, 1000 g\/tk, 27.6 lb net kaal.\" \/><\/div><\/div><\/div><\/body><\/html><\/div>\n<div class=\"DM_at-title\" id=\"js-DM_at-title\"> <div>Toote spetsifikatsioon<\/div> <i class=\"icon-arrowup_line\"><\/i> <\/div><div class=\"DM_at-goodsDescAttr\" id=\"js-DM_at-goodsDescAttr\"> <div class=\"DM_at-goodsDescAttrInner\"> <dl class=\"goodsDesc_item goodsDesc_item_even\"> <dt>Mudel<\/dt> <dd> Viini 01<\/dd> <\/dl> <dl class=\"goodsDesc_item\"> <dt>Kirjeldused<\/dt> <dd> 20x20&#034;<\/dd> <\/dl> <dl class=\"goodsDesc_item goodsDesc_item_even\"> <dt>Paksus<\/dt> <dd> 0.276&#034; \/ 7mm<\/dd> <\/dl> <dl class=\"goodsDesc_item\"> <dt>Kogus<\/dt> <dd> 12tk<\/dd> <\/dl> <dl class=\"goodsDesc_item goodsDesc_item_even\"> <dt>V\u00e4rv<\/dt> <dd> Segatud Pruun<\/dd> <\/dl> <dl class=\"goodsDesc_item\"> <dt>Kaal<\/dt> <dd> 1000 g\/m2<\/dd> <\/dl> <dl class=\"goodsDesc_item goodsDesc_item_even\"> <dt>Neto Kaal (Sealhulgas k\u00f5ik tarvikud)<\/dt> <dd> 27.6 lb \/ 12,5 kg<\/dd> <\/dl> <dl class=\"goodsDesc_item\"> <dt>\u00dcldine Toote M\u00f5\u00f5tmed (L x W x H)<\/dt> <dd> 20x20x0.276in \/ 500x500x7mm<\/dd> <\/dl> <\/div> <\/div>","protected":false},"excerpt":{"rendered":"<ul>\n<li> Modulaarne Excellence: T\u00f5sta oma ruumi vaevata meie premium kogumise eemaldatav vaibad. See komplekt sisaldab 12 hoolikalt meisterdatud vaip kahhelkivide, igal m\u00f5\u00f5tmisel 20&#034;x20&#034;, mis h\u00f5lmab kogupindala 33ft2 kui sujuvalt kokku. <\/li>\n<li> T\u00e4psus Paigutus: Featuring 20 k\u00f5rge kvaliteediga liim, kleepsud, paigaldamine on kiire ja lihtne, n\u00f5uab vaid paigutamine nurgas kleebised \u00f5mblusteta integratsiooni. <\/li>\n<li> \u00dclim Mugavus: Kogemus v\u00f5rratu pehmust meie uuenduslik 5-kihiline ehitus. Meisterdatud luksuslik PP pinna ja vastupidav PVC toetust, need plaadid kiidelda, pl\u00fc\u00fc\u0161-0.276&#034; paksus, pakkudes t\u00f5eliselt leebe jalge all kogemus. <\/li>\n<li> T\u00e4iustatud Vastupidavus: R\u00f5hk pikaealisus, meie vaibad funktsiooni tugev PVC toetus, tugevdatud 0.276&#034; paksus ja kaal 1000 g\/m2. See tagab erakordse vastupidavuse vastu kulumine, muutes neid ideaalne k\u00f5rge liiklusintensiivsusega piirkondades. <\/li>\n<li> S\u00e4\u00e4stva Rafineeritumalt: Omaks j\u00e4tkusuutlikkust ohustamata stiili. Meie modulaarne disain, hooldus ja asendamine m\u00e4\u00e4rdunud plaadid on vaevatu, tagada kestev elegants ja funktsionaalsus. <\/li>\n<\/ul>","protected":false},"featured_media":310838,"comment_status":"closed","ping_status":"open","template":"","meta":{"om_disable_all_campaigns":false,"_uf_show_specific_survey":0,"_uf_disable_surveys":false},"location":[1935,1934],"product_brand":[21],"product_cat":[2520,4128,2512],"product_tag":[],"class_list":{"0":"post-44600","1":"product","2":"type-product","3":"status-publish","4":"has-post-thumbnail","6":"location-supplier_stock_location","7":"location-local_stock_location","8":"product_brand-vevor","9":"product_cat-carpet-flooring-2","10":"product_cat-carpet-tile","11":"product_cat-flooring-2","13":"first","14":"instock","15":"taxable","16":"shipping-taxable","17":"purchasable","18":"product-type-simple"},"aioseo_notices":[],"locations":[{"id":1935,"name":"Pieg\u0101d\u0101t\u0101ja noliktav\u0101 (5-7dd)","slug":"supplier_stock_location","quantity":"18"},{"id":1934,"name":"R\u012bgas veikal\u0101 (0-2d.d.)","slug":"local_stock_location","quantity":"0"}],"_links":{"self":[{"href":"https:\/\/vevorshop.lv\/et\/wp-json\/wp\/v2\/product\/44600","targetHints":{"allow":["GET"]}}],"collection":[{"href":"https:\/\/vevorshop.lv\/et\/wp-json\/wp\/v2\/product"}],"about":[{"href":"https:\/\/vevorshop.lv\/et\/wp-json\/wp\/v2\/types\/product"}],"replies":[{"embeddable":true,"href":"https:\/\/vevorshop.lv\/et\/wp-json\/wp\/v2\/comments?post=44600"}],"wp:featuredmedia":[{"embeddable":true,"href":"https:\/\/vevorshop.lv\/et\/wp-json\/wp\/v2\/media\/310838"}],"wp:attachment":[{"href":"https:\/\/vevorshop.lv\/et\/wp-json\/wp\/v2\/media?parent=44600"}],"wp:term":[{"taxonomy":"location","embeddable":true,"href":"https:\/\/vevorshop.lv\/et\/wp-json\/wp\/v2\/location?post=44600"},{"taxonomy":"product_brand","embeddable":true,"href":"https:\/\/vevorshop.lv\/et\/wp-json\/wp\/v2\/product_brand?post=44600"},{"taxonomy":"product_cat","embeddable":true,"href":"https:\/\/vevorshop.lv\/et\/wp-json\/wp\/v2\/product_cat?post=44600"},{"taxonomy":"product_tag","embeddable":true,"href":"https:\/\/vevorshop.lv\/et\/wp-json\/wp\/v2\/product_tag?post=44600"}],"curies":[{"name":"wp","href":"https:\/\/api.w.org\/{rel}","templated":true}]}}